{"id":18877,"date":"2024-09-20T09:25:33","date_gmt":"2024-09-20T09:25:33","guid":{"rendered":"https:\/\/proventuss.eu\/produkt\/glazing-sealant-vi-pro-wns-plus\/"},"modified":"2024-09-20T09:25:33","modified_gmt":"2024-09-20T09:25:33","slug":"glazing-sealant-vi-pro-wns-plus","status":"publish","type":"product","link":"https:\/\/proventuss.eu\/en\/product\/glazing-sealant-vi-pro-wns-plus\/","title":{"rendered":"Glazing sealant Vi-Pro\u00ae WNS Plus"},"content":{"rendered":"<p>Vi-Pro\u00ae WNS PLUS is a single-component, low modulus, neutral curing oxime silicone sealant that reacts with atmospheric moisture to form an extremely resistant elastic rubber. Contains no caustic or strongly odorous additives. Vi-Pro\u00ae WNS PLUS retains all elasticity and adhesion properties without ageing problems, remaining stable against atmospheric factors. Vi-Pro\u00ae WNS PLUS is a high quality 100% silicone that will adhere to most substrates commonly found in construction, such as glass, concrete, brick, most types of wood, bare metals and many plastic surfaces.<\/p>\n<p><strong>Advantages:<\/strong><\/p>\n<p>-Top quality.<br \/>\n-Low modulus and high elasticity and movement capacity.<br \/>\n-Excellent adhesion to a wide range of substrates without the need for primer.<br \/>\n-Very good resistance to UV radiation, weathering and ageing.<br \/>\n-Low odor.<br \/>\n-Non-corrosive.<br \/>\n-Exceptionally long service life.<\/p>\n<p><strong>Application areas:<\/strong><\/p>\n<p>Vi-Pro\u00ae WNS PLUS is a high-quality and resistant sealant. It has excellent adhesion to most substrates used in construction, such as glass, aluminium, wood, PVC, concrete, etc. Especially recommended for: Sealing expansion joints in curtain wall facades, lightweight facades and skylights against weather conditions. Installation of window and door systems. Sealing in greenhouses and nurseries made of glass, polycarbonate or methacrylate. Sealing joints between floors and walls, stairs and other building connections. For weatherproofing and sealing where durability is required in difficult conditions. Compatible with construction silicones for weatherproofing.<\/p>\n","protected":false},"excerpt":{"rendered":"<p>Vi-Pro\u00ae WNS PLUS is a single-component, low modulus, neutral curing oxime silicone sealant that reacts with atmospheric moisture to form an extremely resistant elastic rubber. Contains no caustic or strongly odorous additives. Vi-Pro\u00ae WNS PLUS retains all elasticity and adhesion properties without ageing problems, remaining stable against atmospheric factors. Vi-Pro\u00ae WNS PLUS is a high [&hellip;]<\/p>\n","protected":false},"featured_media":18218,"comment_status":"open","ping_status":"closed","template":"","meta":{"_acf_changed":false},"product_cat":[113],"product_tag":[],"acf":[],"yoast_head":"<!-- This site is optimized with the Yoast SEO plugin v22.9 - https:\/\/yoast.com\/wordpress\/plugins\/seo\/ -->\n<title>Glazing sealant Vi-Pro\u00ae WNS Plus - Proventuss<\/title>\n<meta name=\"robots\" content=\"index, follow, max-snippet:-1, max-image-preview:large, max-video-preview:-1\" \/>\n<link rel=\"canonical\" href=\"https:\/\/proventuss.eu\/en\/produkt\/glazing-sealant-vi-pro-wns-plus\/\" \/>\n<meta property=\"og:locale\" content=\"en_US\" \/>\n<meta property=\"og:type\" content=\"article\" \/>\n<meta property=\"og:title\" content=\"Glazing sealant Vi-Pro\u00ae WNS Plus - Proventuss\" \/>\n<meta property=\"og:description\" content=\"Vi-Pro\u00ae WNS PLUS is a single-component, low modulus, neutral curing oxime silicone sealant that reacts with atmospheric moisture to form an extremely resistant elastic rubber. Contains no caustic or strongly odorous additives. Vi-Pro\u00ae WNS PLUS retains all elasticity and adhesion properties without ageing problems, remaining stable against atmospheric factors. Vi-Pro\u00ae WNS PLUS is a high [&hellip;]\" \/>\n<meta property=\"og:url\" content=\"https:\/\/proventuss.eu\/en\/produkt\/glazing-sealant-vi-pro-wns-plus\/\" \/>\n<meta property=\"og:site_name\" content=\"Proventuss\" \/>\n<meta property=\"og:image\" content=\"https:\/\/proventuss.eu\/wp-content\/uploads\/2024\/09\/Vi-Pro-WNS-PLUS_1-scaled-e1729669926633.jpg\" \/>\n\t<meta property=\"og:image:width\" content=\"2560\" \/>\n\t<meta property=\"og:image:height\" content=\"1707\" \/>\n\t<meta property=\"og:image:type\" content=\"image\/jpeg\" \/>\n<meta name=\"twitter:card\" content=\"summary_large_image\" \/>\n<meta name=\"twitter:label1\" content=\"Est. reading time\" \/>\n\t<meta name=\"twitter:data1\" content=\"1 minute\" \/>\n<script type=\"application\/ld+json\" class=\"yoast-schema-graph\">{\"@context\":\"https:\/\/schema.org\",\"@graph\":[{\"@type\":\"WebPage\",\"@id\":\"https:\/\/proventuss.eu\/en\/produkt\/glazing-sealant-vi-pro-wns-plus\/\",\"url\":\"https:\/\/proventuss.eu\/en\/produkt\/glazing-sealant-vi-pro-wns-plus\/\",\"name\":\"Glazing sealant Vi-Pro\u00ae WNS Plus - Proventuss\",\"isPartOf\":{\"@id\":\"https:\/\/proventuss.eu\/#website\"},\"primaryImageOfPage\":{\"@id\":\"https:\/\/proventuss.eu\/en\/produkt\/glazing-sealant-vi-pro-wns-plus\/#primaryimage\"},\"image\":{\"@id\":\"https:\/\/proventuss.eu\/en\/produkt\/glazing-sealant-vi-pro-wns-plus\/#primaryimage\"},\"thumbnailUrl\":\"https:\/\/proventuss.eu\/wp-content\/uploads\/2024\/09\/Vi-Pro-WNS-PLUS_1-scaled-e1729669926633.jpg\",\"datePublished\":\"2024-09-20T09:25:33+00:00\",\"dateModified\":\"2024-09-20T09:25:33+00:00\",\"breadcrumb\":{\"@id\":\"https:\/\/proventuss.eu\/en\/produkt\/glazing-sealant-vi-pro-wns-plus\/#breadcrumb\"},\"inLanguage\":\"en-US\",\"potentialAction\":[{\"@type\":\"ReadAction\",\"target\":[\"https:\/\/proventuss.eu\/en\/produkt\/glazing-sealant-vi-pro-wns-plus\/\"]}]},{\"@type\":\"ImageObject\",\"inLanguage\":\"en-US\",\"@id\":\"https:\/\/proventuss.eu\/en\/produkt\/glazing-sealant-vi-pro-wns-plus\/#primaryimage\",\"url\":\"https:\/\/proventuss.eu\/wp-content\/uploads\/2024\/09\/Vi-Pro-WNS-PLUS_1-scaled-e1729669926633.jpg\",\"contentUrl\":\"https:\/\/proventuss.eu\/wp-content\/uploads\/2024\/09\/Vi-Pro-WNS-PLUS_1-scaled-e1729669926633.jpg\",\"width\":2560,\"height\":1707,\"caption\":\"Na zdj\u0119ciu uszczelniacz do zabezpieczania przed warunkami atmosferycznymi i uszczelniania, gdzie wymagana jest trwa\u0142o\u015b\u0107 w trudnych warunkach.\"},{\"@type\":\"BreadcrumbList\",\"@id\":\"https:\/\/proventuss.eu\/en\/produkt\/glazing-sealant-vi-pro-wns-plus\/#breadcrumb\",\"itemListElement\":[{\"@type\":\"ListItem\",\"position\":1,\"name\":\"Home\",\"item\":\"https:\/\/proventuss.eu\/\"},{\"@type\":\"ListItem\",\"position\":2,\"name\":\"Shop\",\"item\":\"https:\/\/proventuss.eu\/en\/shop\/\"},{\"@type\":\"ListItem\",\"position\":3,\"name\":\"Glazing sealant Vi-Pro\u00ae WNS Plus\"}]},{\"@type\":\"WebSite\",\"@id\":\"https:\/\/proventuss.eu\/#website\",\"url\":\"https:\/\/proventuss.eu\/\",\"name\":\"Proventuss\",\"description\":\"\",\"potentialAction\":[{\"@type\":\"SearchAction\",\"target\":{\"@type\":\"EntryPoint\",\"urlTemplate\":\"https:\/\/proventuss.eu\/?s={search_term_string}\"},\"query-input\":\"required name=search_term_string\"}],\"inLanguage\":\"en-US\"}]}<\/script>\n<!-- \/ Yoast SEO plugin. -->","yoast_head_json":{"title":"Glazing sealant Vi-Pro\u00ae WNS Plus - Proventuss","robots":{"index":"index","follow":"follow","max-snippet":"max-snippet:-1","max-image-preview":"max-image-preview:large","max-video-preview":"max-video-preview:-1"},"canonical":"https:\/\/proventuss.eu\/en\/produkt\/glazing-sealant-vi-pro-wns-plus\/","og_locale":"en_US","og_type":"article","og_title":"Glazing sealant Vi-Pro\u00ae WNS Plus - Proventuss","og_description":"Vi-Pro\u00ae WNS PLUS is a single-component, low modulus, neutral curing oxime silicone sealant that reacts with atmospheric moisture to form an extremely resistant elastic rubber. Contains no caustic or strongly odorous additives. Vi-Pro\u00ae WNS PLUS retains all elasticity and adhesion properties without ageing problems, remaining stable against atmospheric factors. Vi-Pro\u00ae WNS PLUS is a high [&hellip;]","og_url":"https:\/\/proventuss.eu\/en\/produkt\/glazing-sealant-vi-pro-wns-plus\/","og_site_name":"Proventuss","og_image":[{"width":2560,"height":1707,"url":"https:\/\/proventuss.eu\/wp-content\/uploads\/2024\/09\/Vi-Pro-WNS-PLUS_1-scaled-e1729669926633.jpg","type":"image\/jpeg"}],"twitter_card":"summary_large_image","twitter_misc":{"Est. reading time":"1 minute"},"schema":{"@context":"https:\/\/schema.org","@graph":[{"@type":"WebPage","@id":"https:\/\/proventuss.eu\/en\/produkt\/glazing-sealant-vi-pro-wns-plus\/","url":"https:\/\/proventuss.eu\/en\/produkt\/glazing-sealant-vi-pro-wns-plus\/","name":"Glazing sealant Vi-Pro\u00ae WNS Plus - Proventuss","isPartOf":{"@id":"https:\/\/proventuss.eu\/#website"},"primaryImageOfPage":{"@id":"https:\/\/proventuss.eu\/en\/produkt\/glazing-sealant-vi-pro-wns-plus\/#primaryimage"},"image":{"@id":"https:\/\/proventuss.eu\/en\/produkt\/glazing-sealant-vi-pro-wns-plus\/#primaryimage"},"thumbnailUrl":"https:\/\/proventuss.eu\/wp-content\/uploads\/2024\/09\/Vi-Pro-WNS-PLUS_1-scaled-e1729669926633.jpg","datePublished":"2024-09-20T09:25:33+00:00","dateModified":"2024-09-20T09:25:33+00:00","breadcrumb":{"@id":"https:\/\/proventuss.eu\/en\/produkt\/glazing-sealant-vi-pro-wns-plus\/#breadcrumb"},"inLanguage":"en-US","potentialAction":[{"@type":"ReadAction","target":["https:\/\/proventuss.eu\/en\/produkt\/glazing-sealant-vi-pro-wns-plus\/"]}]},{"@type":"ImageObject","inLanguage":"en-US","@id":"https:\/\/proventuss.eu\/en\/produkt\/glazing-sealant-vi-pro-wns-plus\/#primaryimage","url":"https:\/\/proventuss.eu\/wp-content\/uploads\/2024\/09\/Vi-Pro-WNS-PLUS_1-scaled-e1729669926633.jpg","contentUrl":"https:\/\/proventuss.eu\/wp-content\/uploads\/2024\/09\/Vi-Pro-WNS-PLUS_1-scaled-e1729669926633.jpg","width":2560,"height":1707,"caption":"Na zdj\u0119ciu uszczelniacz do zabezpieczania przed warunkami atmosferycznymi i uszczelniania, gdzie wymagana jest trwa\u0142o\u015b\u0107 w trudnych warunkach."},{"@type":"BreadcrumbList","@id":"https:\/\/proventuss.eu\/en\/produkt\/glazing-sealant-vi-pro-wns-plus\/#breadcrumb","itemListElement":[{"@type":"ListItem","position":1,"name":"Home","item":"https:\/\/proventuss.eu\/"},{"@type":"ListItem","position":2,"name":"Shop","item":"https:\/\/proventuss.eu\/en\/shop\/"},{"@type":"ListItem","position":3,"name":"Glazing sealant Vi-Pro\u00ae WNS Plus"}]},{"@type":"WebSite","@id":"https:\/\/proventuss.eu\/#website","url":"https:\/\/proventuss.eu\/","name":"Proventuss","description":"","potentialAction":[{"@type":"SearchAction","target":{"@type":"EntryPoint","urlTemplate":"https:\/\/proventuss.eu\/?s={search_term_string}"},"query-input":"required name=search_term_string"}],"inLanguage":"en-US"}]}},"_links":{"self":[{"href":"https:\/\/proventuss.eu\/en\/wp-json\/wp\/v2\/product\/18877"}],"collection":[{"href":"https:\/\/proventuss.eu\/en\/wp-json\/wp\/v2\/product"}],"about":[{"href":"https:\/\/proventuss.eu\/en\/wp-json\/wp\/v2\/types\/product"}],"replies":[{"embeddable":true,"href":"https:\/\/proventuss.eu\/en\/wp-json\/wp\/v2\/comments?post=18877"}],"wp:featuredmedia":[{"embeddable":true,"href":"https:\/\/proventuss.eu\/en\/wp-json\/wp\/v2\/media\/18218"}],"wp:attachment":[{"href":"https:\/\/proventuss.eu\/en\/wp-json\/wp\/v2\/media?parent=18877"}],"wp:term":[{"taxonomy":"product_cat","embeddable":true,"href":"https:\/\/proventuss.eu\/en\/wp-json\/wp\/v2\/product_cat?post=18877"},{"taxonomy":"product_tag","embeddable":true,"href":"https:\/\/proventuss.eu\/en\/wp-json\/wp\/v2\/product_tag?post=18877"}],"curies":[{"name":"wp","href":"https:\/\/api.w.org\/{rel}","templated":true}]}}