{"id":16713,"date":"2024-06-28T12:59:19","date_gmt":"2024-06-28T12:59:19","guid":{"rendered":"https:\/\/proventuss.eu\/produkt\/dupont-great-stuff-pro-all-seasons\/"},"modified":"2024-11-27T08:10:56","modified_gmt":"2024-11-27T08:10:56","slug":"dupont-great-stuff-pro-all-seasons","status":"publish","type":"product","link":"https:\/\/proventuss.eu\/en\/product\/dupont-great-stuff-pro-all-seasons\/","title":{"rendered":"DuPont\u2122 Great Stuff Pro All Seasons"},"content":{"rendered":"<p><strong>Great Stuff\u2122 Pro All Seasons to utwardzana wilgoci\u0105, jednosk\u0142adnikowa, poliuretanowa piana uszczelniaj\u0105ca, przeznaczona do stosowania ka\u017cdych warunkach pogodowych, w tym w niskich temperaturach i ekstremalnych warunkach pogodowych.<\/strong><\/p>\n<p>Przylega do wi\u0119kszo\u015bci powszechnie stosowanych materia\u0142\u00f3w budowlanych, w tym do drewna, betonu, p\u0142yt gipsowo-kartonowych i tworzyw sztucznych, z wyj\u0105tkiem g\u0142adkich powierzchni z polietylenu, silikonu, oleju i smaru lub podobnych pod\u0142o\u017cy.<\/p>\n<p><strong>ZALETY:<\/strong><\/p>\n<ul>\n<li>Mo\u017cna stosowa\u0107 w temperaturach od -10\u00b0 do +35\u00b0 C.<\/li>\n<li>Doskona\u0142e w\u0142a\u015bciwo\u015bci termoizolacyjne.<\/li>\n<li>Jest odporna na dzia\u0142anie temperatur -55\u00b0 do +80\u00b0 C.<\/li>\n<li>Niskorozpr\u0119\u017cna.<\/li>\n<\/ul>\n<p>Niskorozpr\u0119\u017cna piana DuPont Great Stuff<strong>\u2122<\/strong> Pro All Seasons idealnie nadaje si\u0119 instalacji okien i drzwi z PCV, drewna i aluminium. Mo\u017ce by\u0107 r\u00f3wnie\u017c u\u017cywana do wype\u0142niania otwor\u00f3w, szczelin i wn\u0119k w r\u00f3\u017cnych materia\u0142ach budowlanych.<\/p>\n","protected":false},"excerpt":{"rendered":"<p>Great Stuff\u2122 Pro All Seasons to utwardzana wilgoci\u0105, jednosk\u0142adnikowa, poliuretanowa piana uszczelniaj\u0105ca, przeznaczona do stosowania ka\u017cdych warunkach pogodowych, w tym w niskich temperaturach i ekstremalnych warunkach pogodowych. Przylega do wi\u0119kszo\u015bci powszechnie stosowanych materia\u0142\u00f3w budowlanych, w tym do drewna, betonu, p\u0142yt gipsowo-kartonowych i tworzyw sztucznych, z wyj\u0105tkiem g\u0142adkich powierzchni z polietylenu, silikonu, oleju i smaru lub [&hellip;]<\/p>\n","protected":false},"featured_media":17266,"comment_status":"open","ping_status":"closed","template":"","meta":{"_acf_changed":false},"product_cat":[145,113],"product_tag":[],"acf":[],"yoast_head":"<!-- This site is optimized with the Yoast SEO plugin v22.9 - https:\/\/yoast.com\/wordpress\/plugins\/seo\/ -->\n<title>DuPont\u2122 Great Stuff Pro All Seasons - Proventuss<\/title>\n<meta name=\"robots\" content=\"index, follow, max-snippet:-1, max-image-preview:large, max-video-preview:-1\" \/>\n<link rel=\"canonical\" href=\"https:\/\/proventuss.eu\/en\/produkt\/dupont-great-stuff-pro-all-seasons\/\" \/>\n<meta property=\"og:locale\" content=\"en_US\" \/>\n<meta property=\"og:type\" content=\"article\" \/>\n<meta property=\"og:title\" content=\"DuPont\u2122 Great Stuff Pro All Seasons - Proventuss\" \/>\n<meta property=\"og:description\" content=\"Great Stuff\u2122 Pro All Seasons to utwardzana wilgoci\u0105, jednosk\u0142adnikowa, poliuretanowa piana uszczelniaj\u0105ca, przeznaczona do stosowania ka\u017cdych warunkach pogodowych, w tym w niskich temperaturach i ekstremalnych warunkach pogodowych. Przylega do wi\u0119kszo\u015bci powszechnie stosowanych materia\u0142\u00f3w budowlanych, w tym do drewna, betonu, p\u0142yt gipsowo-kartonowych i tworzyw sztucznych, z wyj\u0105tkiem g\u0142adkich powierzchni z polietylenu, silikonu, oleju i smaru lub [&hellip;]\" \/>\n<meta property=\"og:url\" content=\"https:\/\/proventuss.eu\/en\/produkt\/dupont-great-stuff-pro-all-seasons\/\" \/>\n<meta property=\"og:site_name\" content=\"Proventuss\" \/>\n<meta property=\"article:modified_time\" content=\"2024-11-27T08:10:56+00:00\" \/>\n<meta property=\"og:image\" content=\"https:\/\/proventuss.eu\/wp-content\/uploads\/2024\/06\/MG_7486a-scaled-e1723199826161.jpg\" \/>\n\t<meta property=\"og:image:width\" content=\"2133\" \/>\n\t<meta property=\"og:image:height\" content=\"2560\" \/>\n\t<meta property=\"og:image:type\" content=\"image\/jpeg\" \/>\n<meta name=\"twitter:card\" content=\"summary_large_image\" \/>\n<meta name=\"twitter:label1\" content=\"Est. reading time\" \/>\n\t<meta name=\"twitter:data1\" content=\"1 minute\" \/>\n<script type=\"application\/ld+json\" class=\"yoast-schema-graph\">{\"@context\":\"https:\/\/schema.org\",\"@graph\":[{\"@type\":\"WebPage\",\"@id\":\"https:\/\/proventuss.eu\/en\/produkt\/dupont-great-stuff-pro-all-seasons\/\",\"url\":\"https:\/\/proventuss.eu\/en\/produkt\/dupont-great-stuff-pro-all-seasons\/\",\"name\":\"DuPont\u2122 Great Stuff Pro All Seasons - Proventuss\",\"isPartOf\":{\"@id\":\"https:\/\/proventuss.eu\/#website\"},\"primaryImageOfPage\":{\"@id\":\"https:\/\/proventuss.eu\/en\/produkt\/dupont-great-stuff-pro-all-seasons\/#primaryimage\"},\"image\":{\"@id\":\"https:\/\/proventuss.eu\/en\/produkt\/dupont-great-stuff-pro-all-seasons\/#primaryimage\"},\"thumbnailUrl\":\"https:\/\/proventuss.eu\/wp-content\/uploads\/2024\/06\/MG_7486a-scaled-e1723199826161.jpg\",\"datePublished\":\"2024-06-28T12:59:19+00:00\",\"dateModified\":\"2024-11-27T08:10:56+00:00\",\"breadcrumb\":{\"@id\":\"https:\/\/proventuss.eu\/en\/produkt\/dupont-great-stuff-pro-all-seasons\/#breadcrumb\"},\"inLanguage\":\"en-US\",\"potentialAction\":[{\"@type\":\"ReadAction\",\"target\":[\"https:\/\/proventuss.eu\/en\/produkt\/dupont-great-stuff-pro-all-seasons\/\"]}]},{\"@type\":\"ImageObject\",\"inLanguage\":\"en-US\",\"@id\":\"https:\/\/proventuss.eu\/en\/produkt\/dupont-great-stuff-pro-all-seasons\/#primaryimage\",\"url\":\"https:\/\/proventuss.eu\/wp-content\/uploads\/2024\/06\/MG_7486a-scaled-e1723199826161.jpg\",\"contentUrl\":\"https:\/\/proventuss.eu\/wp-content\/uploads\/2024\/06\/MG_7486a-scaled-e1723199826161.jpg\",\"width\":2133,\"height\":2560,\"caption\":\"Na zdj\u0119ciu piana DuPont\"},{\"@type\":\"BreadcrumbList\",\"@id\":\"https:\/\/proventuss.eu\/en\/produkt\/dupont-great-stuff-pro-all-seasons\/#breadcrumb\",\"itemListElement\":[{\"@type\":\"ListItem\",\"position\":1,\"name\":\"Home\",\"item\":\"https:\/\/proventuss.eu\/\"},{\"@type\":\"ListItem\",\"position\":2,\"name\":\"Shop\",\"item\":\"https:\/\/proventuss.eu\/en\/shop\/\"},{\"@type\":\"ListItem\",\"position\":3,\"name\":\"DuPont\u2122 Great Stuff Pro All Seasons\"}]},{\"@type\":\"WebSite\",\"@id\":\"https:\/\/proventuss.eu\/#website\",\"url\":\"https:\/\/proventuss.eu\/\",\"name\":\"Proventuss\",\"description\":\"\",\"potentialAction\":[{\"@type\":\"SearchAction\",\"target\":{\"@type\":\"EntryPoint\",\"urlTemplate\":\"https:\/\/proventuss.eu\/?s={search_term_string}\"},\"query-input\":\"required name=search_term_string\"}],\"inLanguage\":\"en-US\"}]}<\/script>\n<!-- \/ Yoast SEO plugin. -->","yoast_head_json":{"title":"DuPont\u2122 Great Stuff Pro All Seasons - Proventuss","robots":{"index":"index","follow":"follow","max-snippet":"max-snippet:-1","max-image-preview":"max-image-preview:large","max-video-preview":"max-video-preview:-1"},"canonical":"https:\/\/proventuss.eu\/en\/produkt\/dupont-great-stuff-pro-all-seasons\/","og_locale":"en_US","og_type":"article","og_title":"DuPont\u2122 Great Stuff Pro All Seasons - Proventuss","og_description":"Great Stuff\u2122 Pro All Seasons to utwardzana wilgoci\u0105, jednosk\u0142adnikowa, poliuretanowa piana uszczelniaj\u0105ca, przeznaczona do stosowania ka\u017cdych warunkach pogodowych, w tym w niskich temperaturach i ekstremalnych warunkach pogodowych. Przylega do wi\u0119kszo\u015bci powszechnie stosowanych materia\u0142\u00f3w budowlanych, w tym do drewna, betonu, p\u0142yt gipsowo-kartonowych i tworzyw sztucznych, z wyj\u0105tkiem g\u0142adkich powierzchni z polietylenu, silikonu, oleju i smaru lub [&hellip;]","og_url":"https:\/\/proventuss.eu\/en\/produkt\/dupont-great-stuff-pro-all-seasons\/","og_site_name":"Proventuss","article_modified_time":"2024-11-27T08:10:56+00:00","og_image":[{"width":2133,"height":2560,"url":"https:\/\/proventuss.eu\/wp-content\/uploads\/2024\/06\/MG_7486a-scaled-e1723199826161.jpg","type":"image\/jpeg"}],"twitter_card":"summary_large_image","twitter_misc":{"Est. reading time":"1 minute"},"schema":{"@context":"https:\/\/schema.org","@graph":[{"@type":"WebPage","@id":"https:\/\/proventuss.eu\/en\/produkt\/dupont-great-stuff-pro-all-seasons\/","url":"https:\/\/proventuss.eu\/en\/produkt\/dupont-great-stuff-pro-all-seasons\/","name":"DuPont\u2122 Great Stuff Pro All Seasons - Proventuss","isPartOf":{"@id":"https:\/\/proventuss.eu\/#website"},"primaryImageOfPage":{"@id":"https:\/\/proventuss.eu\/en\/produkt\/dupont-great-stuff-pro-all-seasons\/#primaryimage"},"image":{"@id":"https:\/\/proventuss.eu\/en\/produkt\/dupont-great-stuff-pro-all-seasons\/#primaryimage"},"thumbnailUrl":"https:\/\/proventuss.eu\/wp-content\/uploads\/2024\/06\/MG_7486a-scaled-e1723199826161.jpg","datePublished":"2024-06-28T12:59:19+00:00","dateModified":"2024-11-27T08:10:56+00:00","breadcrumb":{"@id":"https:\/\/proventuss.eu\/en\/produkt\/dupont-great-stuff-pro-all-seasons\/#breadcrumb"},"inLanguage":"en-US","potentialAction":[{"@type":"ReadAction","target":["https:\/\/proventuss.eu\/en\/produkt\/dupont-great-stuff-pro-all-seasons\/"]}]},{"@type":"ImageObject","inLanguage":"en-US","@id":"https:\/\/proventuss.eu\/en\/produkt\/dupont-great-stuff-pro-all-seasons\/#primaryimage","url":"https:\/\/proventuss.eu\/wp-content\/uploads\/2024\/06\/MG_7486a-scaled-e1723199826161.jpg","contentUrl":"https:\/\/proventuss.eu\/wp-content\/uploads\/2024\/06\/MG_7486a-scaled-e1723199826161.jpg","width":2133,"height":2560,"caption":"Na zdj\u0119ciu piana DuPont"},{"@type":"BreadcrumbList","@id":"https:\/\/proventuss.eu\/en\/produkt\/dupont-great-stuff-pro-all-seasons\/#breadcrumb","itemListElement":[{"@type":"ListItem","position":1,"name":"Home","item":"https:\/\/proventuss.eu\/"},{"@type":"ListItem","position":2,"name":"Shop","item":"https:\/\/proventuss.eu\/en\/shop\/"},{"@type":"ListItem","position":3,"name":"DuPont\u2122 Great Stuff Pro All Seasons"}]},{"@type":"WebSite","@id":"https:\/\/proventuss.eu\/#website","url":"https:\/\/proventuss.eu\/","name":"Proventuss","description":"","potentialAction":[{"@type":"SearchAction","target":{"@type":"EntryPoint","urlTemplate":"https:\/\/proventuss.eu\/?s={search_term_string}"},"query-input":"required name=search_term_string"}],"inLanguage":"en-US"}]}},"_links":{"self":[{"href":"https:\/\/proventuss.eu\/en\/wp-json\/wp\/v2\/product\/16713"}],"collection":[{"href":"https:\/\/proventuss.eu\/en\/wp-json\/wp\/v2\/product"}],"about":[{"href":"https:\/\/proventuss.eu\/en\/wp-json\/wp\/v2\/types\/product"}],"replies":[{"embeddable":true,"href":"https:\/\/proventuss.eu\/en\/wp-json\/wp\/v2\/comments?post=16713"}],"wp:featuredmedia":[{"embeddable":true,"href":"https:\/\/proventuss.eu\/en\/wp-json\/wp\/v2\/media\/17266"}],"wp:attachment":[{"href":"https:\/\/proventuss.eu\/en\/wp-json\/wp\/v2\/media?parent=16713"}],"wp:term":[{"taxonomy":"product_cat","embeddable":true,"href":"https:\/\/proventuss.eu\/en\/wp-json\/wp\/v2\/product_cat?post=16713"},{"taxonomy":"product_tag","embeddable":true,"href":"https:\/\/proventuss.eu\/en\/wp-json\/wp\/v2\/product_tag?post=16713"}],"curies":[{"name":"wp","href":"https:\/\/api.w.org\/{rel}","templated":true}]}}