{"id":15749,"date":"2024-05-10T13:17:06","date_gmt":"2024-05-10T13:17:06","guid":{"rendered":"https:\/\/proventuss.eu\/produkt\/vi-pro-mma-2k-high-performance-adhesive\/"},"modified":"2024-10-09T11:17:30","modified_gmt":"2024-10-09T11:17:30","slug":"vi-pro-mma-2k-high-performance-adhesive","status":"publish","type":"product","link":"https:\/\/proventuss.eu\/en\/product\/vi-pro-mma-2k-high-performance-adhesive\/","title":{"rendered":"Vi-Pro\u00ae MMA 2K HIGH PERFORMANCE ADHESIVE"},"content":{"rendered":"<p>Vi-Pro\u00ae MMA 2K HIGH PERFORMANCE ADHESIVE is a high-strength, fast-curing two-component MMA structural adhesive system designed to provide high bond strength and fatigue strength.<\/p>\n<p>It is suitable for both gap filling and vertical surface applications while providing a degree of flexibility. For gluing, among others: thermoplastics, but also excellent adhesion to composites and many metals, in most cases without a primer.<\/p>\n<p>Vi-Pro\u00ae MMA 2K is suitable for use on substrates such as: carbon steel, styrene, steel gelcoats, polyesters, FRP, nylon, PPO, FRT, ABS, wood, aluminum, PBT, stainless steel, fiberglass, etc.<\/p>\n","protected":false},"excerpt":{"rendered":"<p>Vi-Pro\u00ae MMA 2K HIGH PERFORMANCE ADHESIVE is a high-strength, fast-curing two-component MMA structural adhesive system designed to provide high bond strength and fatigue strength. It is suitable for both gap filling and vertical surface applications while providing a degree of flexibility. For gluing, among others: thermoplastics, but also excellent adhesion to composites and many metals, [&hellip;]<\/p>\n","protected":false},"featured_media":15744,"comment_status":"open","ping_status":"closed","template":"","meta":{"_acf_changed":false},"product_cat":[113],"product_tag":[],"acf":[],"yoast_head":"<!-- This site is optimized with the Yoast SEO plugin v22.9 - https:\/\/yoast.com\/wordpress\/plugins\/seo\/ -->\n<title>Vi-Pro\u00ae MMA 2K HIGH PERFORMANCE ADHESIVE - Proventuss<\/title>\n<meta name=\"robots\" content=\"index, follow, max-snippet:-1, max-image-preview:large, max-video-preview:-1\" \/>\n<link rel=\"canonical\" href=\"https:\/\/proventuss.eu\/en\/produkt\/vi-pro-mma-2k-high-performance-adhesive\/\" \/>\n<meta property=\"og:locale\" content=\"en_US\" \/>\n<meta property=\"og:type\" content=\"article\" \/>\n<meta property=\"og:title\" content=\"Vi-Pro\u00ae MMA 2K HIGH PERFORMANCE ADHESIVE - Proventuss\" \/>\n<meta property=\"og:description\" content=\"Vi-Pro\u00ae MMA 2K HIGH PERFORMANCE ADHESIVE is a high-strength, fast-curing two-component MMA structural adhesive system designed to provide high bond strength and fatigue strength. It is suitable for both gap filling and vertical surface applications while providing a degree of flexibility. For gluing, among others: thermoplastics, but also excellent adhesion to composites and many metals, [&hellip;]\" \/>\n<meta property=\"og:url\" content=\"https:\/\/proventuss.eu\/en\/produkt\/vi-pro-mma-2k-high-performance-adhesive\/\" \/>\n<meta property=\"og:site_name\" content=\"Proventuss\" \/>\n<meta property=\"article:modified_time\" content=\"2024-10-09T11:17:30+00:00\" \/>\n<meta property=\"og:image\" content=\"https:\/\/proventuss.eu\/wp-content\/uploads\/2024\/05\/MG_7383m.jpg\" \/>\n\t<meta property=\"og:image:width\" content=\"308\" \/>\n\t<meta property=\"og:image:height\" content=\"1000\" \/>\n\t<meta property=\"og:image:type\" content=\"image\/jpeg\" \/>\n<meta name=\"twitter:card\" content=\"summary_large_image\" \/>\n<meta name=\"twitter:label1\" content=\"Est. reading time\" \/>\n\t<meta name=\"twitter:data1\" content=\"1 minute\" \/>\n<script type=\"application\/ld+json\" class=\"yoast-schema-graph\">{\"@context\":\"https:\/\/schema.org\",\"@graph\":[{\"@type\":\"WebPage\",\"@id\":\"https:\/\/proventuss.eu\/en\/produkt\/vi-pro-mma-2k-high-performance-adhesive\/\",\"url\":\"https:\/\/proventuss.eu\/en\/produkt\/vi-pro-mma-2k-high-performance-adhesive\/\",\"name\":\"Vi-Pro\u00ae MMA 2K HIGH PERFORMANCE ADHESIVE - Proventuss\",\"isPartOf\":{\"@id\":\"https:\/\/proventuss.eu\/#website\"},\"primaryImageOfPage\":{\"@id\":\"https:\/\/proventuss.eu\/en\/produkt\/vi-pro-mma-2k-high-performance-adhesive\/#primaryimage\"},\"image\":{\"@id\":\"https:\/\/proventuss.eu\/en\/produkt\/vi-pro-mma-2k-high-performance-adhesive\/#primaryimage\"},\"thumbnailUrl\":\"https:\/\/proventuss.eu\/wp-content\/uploads\/2024\/05\/MG_7383m.jpg\",\"datePublished\":\"2024-05-10T13:17:06+00:00\",\"dateModified\":\"2024-10-09T11:17:30+00:00\",\"breadcrumb\":{\"@id\":\"https:\/\/proventuss.eu\/en\/produkt\/vi-pro-mma-2k-high-performance-adhesive\/#breadcrumb\"},\"inLanguage\":\"en-US\",\"potentialAction\":[{\"@type\":\"ReadAction\",\"target\":[\"https:\/\/proventuss.eu\/en\/produkt\/vi-pro-mma-2k-high-performance-adhesive\/\"]}]},{\"@type\":\"ImageObject\",\"inLanguage\":\"en-US\",\"@id\":\"https:\/\/proventuss.eu\/en\/produkt\/vi-pro-mma-2k-high-performance-adhesive\/#primaryimage\",\"url\":\"https:\/\/proventuss.eu\/wp-content\/uploads\/2024\/05\/MG_7383m.jpg\",\"contentUrl\":\"https:\/\/proventuss.eu\/wp-content\/uploads\/2024\/05\/MG_7383m.jpg\",\"width\":308,\"height\":1000,\"caption\":\"Na zdj\u0119ciu wysokowytrzyma\u0142y, szybko utwardzaj\u0105cy si\u0119 dwusk\u0142adnikowy system kleju strukturalnego MMA do klejenia m.in. tworzyw termoplastycznych.\"},{\"@type\":\"BreadcrumbList\",\"@id\":\"https:\/\/proventuss.eu\/en\/produkt\/vi-pro-mma-2k-high-performance-adhesive\/#breadcrumb\",\"itemListElement\":[{\"@type\":\"ListItem\",\"position\":1,\"name\":\"Home\",\"item\":\"https:\/\/proventuss.eu\/\"},{\"@type\":\"ListItem\",\"position\":2,\"name\":\"Shop\",\"item\":\"https:\/\/proventuss.eu\/en\/shop\/\"},{\"@type\":\"ListItem\",\"position\":3,\"name\":\"Vi-Pro\u00ae MMA 2K HIGH PERFORMANCE ADHESIVE\"}]},{\"@type\":\"WebSite\",\"@id\":\"https:\/\/proventuss.eu\/#website\",\"url\":\"https:\/\/proventuss.eu\/\",\"name\":\"Proventuss\",\"description\":\"\",\"potentialAction\":[{\"@type\":\"SearchAction\",\"target\":{\"@type\":\"EntryPoint\",\"urlTemplate\":\"https:\/\/proventuss.eu\/?s={search_term_string}\"},\"query-input\":\"required name=search_term_string\"}],\"inLanguage\":\"en-US\"}]}<\/script>\n<!-- \/ Yoast SEO plugin. -->","yoast_head_json":{"title":"Vi-Pro\u00ae MMA 2K HIGH PERFORMANCE ADHESIVE - Proventuss","robots":{"index":"index","follow":"follow","max-snippet":"max-snippet:-1","max-image-preview":"max-image-preview:large","max-video-preview":"max-video-preview:-1"},"canonical":"https:\/\/proventuss.eu\/en\/produkt\/vi-pro-mma-2k-high-performance-adhesive\/","og_locale":"en_US","og_type":"article","og_title":"Vi-Pro\u00ae MMA 2K HIGH PERFORMANCE ADHESIVE - Proventuss","og_description":"Vi-Pro\u00ae MMA 2K HIGH PERFORMANCE ADHESIVE is a high-strength, fast-curing two-component MMA structural adhesive system designed to provide high bond strength and fatigue strength. It is suitable for both gap filling and vertical surface applications while providing a degree of flexibility. For gluing, among others: thermoplastics, but also excellent adhesion to composites and many metals, [&hellip;]","og_url":"https:\/\/proventuss.eu\/en\/produkt\/vi-pro-mma-2k-high-performance-adhesive\/","og_site_name":"Proventuss","article_modified_time":"2024-10-09T11:17:30+00:00","og_image":[{"width":308,"height":1000,"url":"https:\/\/proventuss.eu\/wp-content\/uploads\/2024\/05\/MG_7383m.jpg","type":"image\/jpeg"}],"twitter_card":"summary_large_image","twitter_misc":{"Est. reading time":"1 minute"},"schema":{"@context":"https:\/\/schema.org","@graph":[{"@type":"WebPage","@id":"https:\/\/proventuss.eu\/en\/produkt\/vi-pro-mma-2k-high-performance-adhesive\/","url":"https:\/\/proventuss.eu\/en\/produkt\/vi-pro-mma-2k-high-performance-adhesive\/","name":"Vi-Pro\u00ae MMA 2K HIGH PERFORMANCE ADHESIVE - Proventuss","isPartOf":{"@id":"https:\/\/proventuss.eu\/#website"},"primaryImageOfPage":{"@id":"https:\/\/proventuss.eu\/en\/produkt\/vi-pro-mma-2k-high-performance-adhesive\/#primaryimage"},"image":{"@id":"https:\/\/proventuss.eu\/en\/produkt\/vi-pro-mma-2k-high-performance-adhesive\/#primaryimage"},"thumbnailUrl":"https:\/\/proventuss.eu\/wp-content\/uploads\/2024\/05\/MG_7383m.jpg","datePublished":"2024-05-10T13:17:06+00:00","dateModified":"2024-10-09T11:17:30+00:00","breadcrumb":{"@id":"https:\/\/proventuss.eu\/en\/produkt\/vi-pro-mma-2k-high-performance-adhesive\/#breadcrumb"},"inLanguage":"en-US","potentialAction":[{"@type":"ReadAction","target":["https:\/\/proventuss.eu\/en\/produkt\/vi-pro-mma-2k-high-performance-adhesive\/"]}]},{"@type":"ImageObject","inLanguage":"en-US","@id":"https:\/\/proventuss.eu\/en\/produkt\/vi-pro-mma-2k-high-performance-adhesive\/#primaryimage","url":"https:\/\/proventuss.eu\/wp-content\/uploads\/2024\/05\/MG_7383m.jpg","contentUrl":"https:\/\/proventuss.eu\/wp-content\/uploads\/2024\/05\/MG_7383m.jpg","width":308,"height":1000,"caption":"Na zdj\u0119ciu wysokowytrzyma\u0142y, szybko utwardzaj\u0105cy si\u0119 dwusk\u0142adnikowy system kleju strukturalnego MMA do klejenia m.in. tworzyw termoplastycznych."},{"@type":"BreadcrumbList","@id":"https:\/\/proventuss.eu\/en\/produkt\/vi-pro-mma-2k-high-performance-adhesive\/#breadcrumb","itemListElement":[{"@type":"ListItem","position":1,"name":"Home","item":"https:\/\/proventuss.eu\/"},{"@type":"ListItem","position":2,"name":"Shop","item":"https:\/\/proventuss.eu\/en\/shop\/"},{"@type":"ListItem","position":3,"name":"Vi-Pro\u00ae MMA 2K HIGH PERFORMANCE ADHESIVE"}]},{"@type":"WebSite","@id":"https:\/\/proventuss.eu\/#website","url":"https:\/\/proventuss.eu\/","name":"Proventuss","description":"","potentialAction":[{"@type":"SearchAction","target":{"@type":"EntryPoint","urlTemplate":"https:\/\/proventuss.eu\/?s={search_term_string}"},"query-input":"required name=search_term_string"}],"inLanguage":"en-US"}]}},"_links":{"self":[{"href":"https:\/\/proventuss.eu\/en\/wp-json\/wp\/v2\/product\/15749"}],"collection":[{"href":"https:\/\/proventuss.eu\/en\/wp-json\/wp\/v2\/product"}],"about":[{"href":"https:\/\/proventuss.eu\/en\/wp-json\/wp\/v2\/types\/product"}],"replies":[{"embeddable":true,"href":"https:\/\/proventuss.eu\/en\/wp-json\/wp\/v2\/comments?post=15749"}],"wp:featuredmedia":[{"embeddable":true,"href":"https:\/\/proventuss.eu\/en\/wp-json\/wp\/v2\/media\/15744"}],"wp:attachment":[{"href":"https:\/\/proventuss.eu\/en\/wp-json\/wp\/v2\/media?parent=15749"}],"wp:term":[{"taxonomy":"product_cat","embeddable":true,"href":"https:\/\/proventuss.eu\/en\/wp-json\/wp\/v2\/product_cat?post=15749"},{"taxonomy":"product_tag","embeddable":true,"href":"https:\/\/proventuss.eu\/en\/wp-json\/wp\/v2\/product_tag?post=15749"}],"curies":[{"name":"wp","href":"https:\/\/api.w.org\/{rel}","templated":true}]}}