{"id":15725,"date":"2024-05-10T13:01:10","date_gmt":"2024-05-10T13:01:10","guid":{"rendered":"https:\/\/proventuss.eu\/produkt\/vi-pro-pu-2k-polyurethane-adhesive\/"},"modified":"2025-11-18T15:10:21","modified_gmt":"2025-11-18T15:10:21","slug":"vi-pro-pu-2k-polyurethane-adhesive","status":"publish","type":"product","link":"https:\/\/proventuss.eu\/en\/product\/vi-pro-pu-2k-polyurethane-adhesive\/","title":{"rendered":"Vi-Pro PU 2K POLYURETHANE ADHESIVE"},"content":{"rendered":"<p><strong>Vi-Pro\u00ae PU 2K POLYURETHANE ADHESIVE<\/strong> is a two-component reactive adhesive based on polyurethane for bonding metals to each other and to other materials such as wood, hard PVC and GRP. The adhesive is particularly suitable for gluing corners in the construction of aluminum windows and doors, as well as containers and vehicles. If you are involved in production, choose Vi-Pro\u00ae PU 2K POLYURETHANE ADHESIVE composite elements made of hard PS, PUR and PVC. Because the adhesive does not contain solvents, it is suitable for bonding coated and anodized aluminum surfaces.<\/p>\n<p>In addition, Vi-Pro\u00ae PU 2K POLYURETHANE ADHESIVE has a hard and durable adhesive joint and exceptional resistance to weather conditions, making it ideal for use in many different industrial fields.<\/p>\n<p><strong>Special characteristics: <\/strong><\/p>\n<ul>\n<li>High retention and shear strength<\/li>\n<li>Wide spectrum of adhesion<\/li>\n<li>Fast curing<\/li>\n<li>Good filling properties<\/li>\n<li>Stability<\/li>\n<li>Can be tinted<\/li>\n<li>Can be coated<\/li>\n<\/ul>\n<p><strong>Vi-Pro\u00ae PU 2K<\/strong> <strong>is used in various industrial fields: <\/strong><\/p>\n<ul>\n<li>Construction of windows, doors and facades<\/li>\n<li>Containers and car construction<\/li>\n<li>Processing of ceramics, artificial stone and natural stone<\/li>\n<li>General metalworking<\/li>\n<li>Processing of concrete and building materials<\/li>\n<li>Ventilation and air conditioning technology<\/li>\n<li>Insulation and composite panel technology<\/li>\n<li>Wood Processing<\/li>\n<\/ul>\n","protected":false},"excerpt":{"rendered":"<p>Vi-Pro\u00ae PU 2K POLYURETHANE ADHESIVE is a two-component reactive adhesive based on polyurethane for bonding metals to each other and to other materials such as wood, hard PVC and GRP. The adhesive is particularly suitable for gluing corners in the construction of aluminum windows and doors, as well as containers and vehicles. If you are [&hellip;]<\/p>\n","protected":false},"featured_media":15843,"comment_status":"open","ping_status":"closed","template":"","meta":{"_acf_changed":false},"product_cat":[113],"product_tag":[],"acf":[],"yoast_head":"<!-- This site is optimized with the Yoast SEO plugin v22.9 - https:\/\/yoast.com\/wordpress\/plugins\/seo\/ -->\n<title>Vi-Pro PU 2K POLYURETHANE ADHESIVE - Proventuss<\/title>\n<meta name=\"robots\" content=\"index, follow, max-snippet:-1, max-image-preview:large, max-video-preview:-1\" \/>\n<link rel=\"canonical\" href=\"https:\/\/proventuss.eu\/en\/produkt\/vi-pro-pu-2k-polyurethane-adhesive\/\" \/>\n<meta property=\"og:locale\" content=\"en_US\" \/>\n<meta property=\"og:type\" content=\"article\" \/>\n<meta property=\"og:title\" content=\"Vi-Pro PU 2K POLYURETHANE ADHESIVE - Proventuss\" \/>\n<meta property=\"og:description\" content=\"Vi-Pro\u00ae PU 2K POLYURETHANE ADHESIVE is a two-component reactive adhesive based on polyurethane for bonding metals to each other and to other materials such as wood, hard PVC and GRP. The adhesive is particularly suitable for gluing corners in the construction of aluminum windows and doors, as well as containers and vehicles. If you are [&hellip;]\" \/>\n<meta property=\"og:url\" content=\"https:\/\/proventuss.eu\/en\/produkt\/vi-pro-pu-2k-polyurethane-adhesive\/\" \/>\n<meta property=\"og:site_name\" content=\"Proventuss\" \/>\n<meta property=\"article:modified_time\" content=\"2025-11-18T15:10:21+00:00\" \/>\n<meta property=\"og:image\" content=\"https:\/\/proventuss.eu\/wp-content\/uploads\/2024\/05\/MG_7407m.jpg\" \/>\n\t<meta property=\"og:image:width\" content=\"678\" \/>\n\t<meta property=\"og:image:height\" content=\"1445\" \/>\n\t<meta property=\"og:image:type\" content=\"image\/jpeg\" \/>\n<meta name=\"twitter:card\" content=\"summary_large_image\" \/>\n<meta name=\"twitter:label1\" content=\"Est. reading time\" \/>\n\t<meta name=\"twitter:data1\" content=\"2 minutes\" \/>\n<script type=\"application\/ld+json\" class=\"yoast-schema-graph\">{\"@context\":\"https:\/\/schema.org\",\"@graph\":[{\"@type\":\"WebPage\",\"@id\":\"https:\/\/proventuss.eu\/en\/produkt\/vi-pro-pu-2k-polyurethane-adhesive\/\",\"url\":\"https:\/\/proventuss.eu\/en\/produkt\/vi-pro-pu-2k-polyurethane-adhesive\/\",\"name\":\"Vi-Pro PU 2K POLYURETHANE ADHESIVE - Proventuss\",\"isPartOf\":{\"@id\":\"https:\/\/proventuss.eu\/#website\"},\"primaryImageOfPage\":{\"@id\":\"https:\/\/proventuss.eu\/en\/produkt\/vi-pro-pu-2k-polyurethane-adhesive\/#primaryimage\"},\"image\":{\"@id\":\"https:\/\/proventuss.eu\/en\/produkt\/vi-pro-pu-2k-polyurethane-adhesive\/#primaryimage\"},\"thumbnailUrl\":\"https:\/\/proventuss.eu\/wp-content\/uploads\/2024\/05\/MG_7407m.jpg\",\"datePublished\":\"2024-05-10T13:01:10+00:00\",\"dateModified\":\"2025-11-18T15:10:21+00:00\",\"breadcrumb\":{\"@id\":\"https:\/\/proventuss.eu\/en\/produkt\/vi-pro-pu-2k-polyurethane-adhesive\/#breadcrumb\"},\"inLanguage\":\"en-US\",\"potentialAction\":[{\"@type\":\"ReadAction\",\"target\":[\"https:\/\/proventuss.eu\/en\/produkt\/vi-pro-pu-2k-polyurethane-adhesive\/\"]}]},{\"@type\":\"ImageObject\",\"inLanguage\":\"en-US\",\"@id\":\"https:\/\/proventuss.eu\/en\/produkt\/vi-pro-pu-2k-polyurethane-adhesive\/#primaryimage\",\"url\":\"https:\/\/proventuss.eu\/wp-content\/uploads\/2024\/05\/MG_7407m.jpg\",\"contentUrl\":\"https:\/\/proventuss.eu\/wp-content\/uploads\/2024\/05\/MG_7407m.jpg\",\"width\":678,\"height\":1445,\"caption\":\"Na zdj\u0119ciu dwusk\u0142adnikowy klej reaktywny przeznaczony do \u0142\u0105czenia metali mi\u0119dzy sob\u0105 oraz z innymi materia\u0142ami, takimi jak drewno, twarde PCV i GRP.\"},{\"@type\":\"BreadcrumbList\",\"@id\":\"https:\/\/proventuss.eu\/en\/produkt\/vi-pro-pu-2k-polyurethane-adhesive\/#breadcrumb\",\"itemListElement\":[{\"@type\":\"ListItem\",\"position\":1,\"name\":\"Home\",\"item\":\"https:\/\/proventuss.eu\/\"},{\"@type\":\"ListItem\",\"position\":2,\"name\":\"Shop\",\"item\":\"https:\/\/proventuss.eu\/en\/shop\/\"},{\"@type\":\"ListItem\",\"position\":3,\"name\":\"Vi-Pro PU 2K POLYURETHANE ADHESIVE\"}]},{\"@type\":\"WebSite\",\"@id\":\"https:\/\/proventuss.eu\/#website\",\"url\":\"https:\/\/proventuss.eu\/\",\"name\":\"Proventuss\",\"description\":\"\",\"potentialAction\":[{\"@type\":\"SearchAction\",\"target\":{\"@type\":\"EntryPoint\",\"urlTemplate\":\"https:\/\/proventuss.eu\/?s={search_term_string}\"},\"query-input\":\"required name=search_term_string\"}],\"inLanguage\":\"en-US\"}]}<\/script>\n<!-- \/ Yoast SEO plugin. -->","yoast_head_json":{"title":"Vi-Pro PU 2K POLYURETHANE ADHESIVE - Proventuss","robots":{"index":"index","follow":"follow","max-snippet":"max-snippet:-1","max-image-preview":"max-image-preview:large","max-video-preview":"max-video-preview:-1"},"canonical":"https:\/\/proventuss.eu\/en\/produkt\/vi-pro-pu-2k-polyurethane-adhesive\/","og_locale":"en_US","og_type":"article","og_title":"Vi-Pro PU 2K POLYURETHANE ADHESIVE - Proventuss","og_description":"Vi-Pro\u00ae PU 2K POLYURETHANE ADHESIVE is a two-component reactive adhesive based on polyurethane for bonding metals to each other and to other materials such as wood, hard PVC and GRP. The adhesive is particularly suitable for gluing corners in the construction of aluminum windows and doors, as well as containers and vehicles. If you are [&hellip;]","og_url":"https:\/\/proventuss.eu\/en\/produkt\/vi-pro-pu-2k-polyurethane-adhesive\/","og_site_name":"Proventuss","article_modified_time":"2025-11-18T15:10:21+00:00","og_image":[{"width":678,"height":1445,"url":"https:\/\/proventuss.eu\/wp-content\/uploads\/2024\/05\/MG_7407m.jpg","type":"image\/jpeg"}],"twitter_card":"summary_large_image","twitter_misc":{"Est. reading time":"2 minutes"},"schema":{"@context":"https:\/\/schema.org","@graph":[{"@type":"WebPage","@id":"https:\/\/proventuss.eu\/en\/produkt\/vi-pro-pu-2k-polyurethane-adhesive\/","url":"https:\/\/proventuss.eu\/en\/produkt\/vi-pro-pu-2k-polyurethane-adhesive\/","name":"Vi-Pro PU 2K POLYURETHANE ADHESIVE - Proventuss","isPartOf":{"@id":"https:\/\/proventuss.eu\/#website"},"primaryImageOfPage":{"@id":"https:\/\/proventuss.eu\/en\/produkt\/vi-pro-pu-2k-polyurethane-adhesive\/#primaryimage"},"image":{"@id":"https:\/\/proventuss.eu\/en\/produkt\/vi-pro-pu-2k-polyurethane-adhesive\/#primaryimage"},"thumbnailUrl":"https:\/\/proventuss.eu\/wp-content\/uploads\/2024\/05\/MG_7407m.jpg","datePublished":"2024-05-10T13:01:10+00:00","dateModified":"2025-11-18T15:10:21+00:00","breadcrumb":{"@id":"https:\/\/proventuss.eu\/en\/produkt\/vi-pro-pu-2k-polyurethane-adhesive\/#breadcrumb"},"inLanguage":"en-US","potentialAction":[{"@type":"ReadAction","target":["https:\/\/proventuss.eu\/en\/produkt\/vi-pro-pu-2k-polyurethane-adhesive\/"]}]},{"@type":"ImageObject","inLanguage":"en-US","@id":"https:\/\/proventuss.eu\/en\/produkt\/vi-pro-pu-2k-polyurethane-adhesive\/#primaryimage","url":"https:\/\/proventuss.eu\/wp-content\/uploads\/2024\/05\/MG_7407m.jpg","contentUrl":"https:\/\/proventuss.eu\/wp-content\/uploads\/2024\/05\/MG_7407m.jpg","width":678,"height":1445,"caption":"Na zdj\u0119ciu dwusk\u0142adnikowy klej reaktywny przeznaczony do \u0142\u0105czenia metali mi\u0119dzy sob\u0105 oraz z innymi materia\u0142ami, takimi jak drewno, twarde PCV i GRP."},{"@type":"BreadcrumbList","@id":"https:\/\/proventuss.eu\/en\/produkt\/vi-pro-pu-2k-polyurethane-adhesive\/#breadcrumb","itemListElement":[{"@type":"ListItem","position":1,"name":"Home","item":"https:\/\/proventuss.eu\/"},{"@type":"ListItem","position":2,"name":"Shop","item":"https:\/\/proventuss.eu\/en\/shop\/"},{"@type":"ListItem","position":3,"name":"Vi-Pro PU 2K POLYURETHANE ADHESIVE"}]},{"@type":"WebSite","@id":"https:\/\/proventuss.eu\/#website","url":"https:\/\/proventuss.eu\/","name":"Proventuss","description":"","potentialAction":[{"@type":"SearchAction","target":{"@type":"EntryPoint","urlTemplate":"https:\/\/proventuss.eu\/?s={search_term_string}"},"query-input":"required name=search_term_string"}],"inLanguage":"en-US"}]}},"_links":{"self":[{"href":"https:\/\/proventuss.eu\/en\/wp-json\/wp\/v2\/product\/15725"}],"collection":[{"href":"https:\/\/proventuss.eu\/en\/wp-json\/wp\/v2\/product"}],"about":[{"href":"https:\/\/proventuss.eu\/en\/wp-json\/wp\/v2\/types\/product"}],"replies":[{"embeddable":true,"href":"https:\/\/proventuss.eu\/en\/wp-json\/wp\/v2\/comments?post=15725"}],"wp:featuredmedia":[{"embeddable":true,"href":"https:\/\/proventuss.eu\/en\/wp-json\/wp\/v2\/media\/15843"}],"wp:attachment":[{"href":"https:\/\/proventuss.eu\/en\/wp-json\/wp\/v2\/media?parent=15725"}],"wp:term":[{"taxonomy":"product_cat","embeddable":true,"href":"https:\/\/proventuss.eu\/en\/wp-json\/wp\/v2\/product_cat?post=15725"},{"taxonomy":"product_tag","embeddable":true,"href":"https:\/\/proventuss.eu\/en\/wp-json\/wp\/v2\/product_tag?post=15725"}],"curies":[{"name":"wp","href":"https:\/\/api.w.org\/{rel}","templated":true}]}}