{"id":15659,"date":"2024-04-25T09:06:48","date_gmt":"2024-04-25T09:06:48","guid":{"rendered":"https:\/\/proventuss.eu\/produkt\/dupont-insta-stik-flex\/"},"modified":"2024-11-27T08:38:19","modified_gmt":"2024-11-27T08:38:19","slug":"dupont-insta-stik-flex","status":"publish","type":"product","link":"https:\/\/proventuss.eu\/en\/product\/dupont-insta-stik-flex\/","title":{"rendered":"DuPont\u2122 Insta Stik\u2122 Flex+"},"content":{"rendered":"<p><strong>Du Pont\u2122 Insta Stik\u2122 Flex+ is a permanently flexible, resistant foam for tight installation of windows and doors, which does not require the use of an internal tape or liquid vapour barrier film.<\/strong><\/p>\n<p>DuPont\u2122 Insta Stik\u2122 Flex+ is a moisture-cured, fire-resistant, single-component polyurethane foam. It is mainly used for permanent, tight installation of windows and doors.<\/p>\n<p>Thanks to its impressive flexibility, it copes with window frame movements caused by temperature changes and wind load, without compromising tightness. In addition, the sealing foam has good acoustic and thermal insulation properties.<\/p>\n<p>Certified highest tightness class 4, at 600 Pa in accordance with EN 12207:2016 and EN 1026:2016, achieved without an internal tape. &#8220;(ITB: KOT &#8211; 2023\/2465 edition 1).<\/p>\n<p>ADVANTAGES:<br \/>\n&#8211; High efficiency and long-term tightness.<br \/>\n&#8211; Good acoustic and thermal insulation properties.<br \/>\n&#8211; 25-year warranty.<br \/>\n&#8211; Reduction in time and materials required for tight installation.<br \/>\n&#8211; Fireproof properties.<\/p>\n","protected":false},"excerpt":{"rendered":"<p>Du Pont\u2122 Insta Stik\u2122 Flex+ is a permanently flexible, resistant foam for tight installation of windows and doors, which does not require the use of an internal tape or liquid vapour barrier film. DuPont\u2122 Insta Stik\u2122 Flex+ is a moisture-cured, fire-resistant, single-component polyurethane foam. It is mainly used for permanent, tight installation of windows and [&hellip;]<\/p>\n","protected":false},"featured_media":17524,"comment_status":"open","ping_status":"closed","template":"","meta":{"_acf_changed":false},"product_cat":[145,113],"product_tag":[],"acf":[],"yoast_head":"<!-- This site is optimized with the Yoast SEO plugin v22.9 - https:\/\/yoast.com\/wordpress\/plugins\/seo\/ -->\n<title>DuPont\u2122 Insta Stik\u2122 Flex+ - Proventuss<\/title>\n<meta name=\"robots\" content=\"index, follow, max-snippet:-1, max-image-preview:large, max-video-preview:-1\" \/>\n<link rel=\"canonical\" href=\"https:\/\/proventuss.eu\/en\/produkt\/dupont-insta-stik-flex\/\" \/>\n<meta property=\"og:locale\" content=\"en_US\" \/>\n<meta property=\"og:type\" content=\"article\" \/>\n<meta property=\"og:title\" content=\"DuPont\u2122 Insta Stik\u2122 Flex+ - Proventuss\" \/>\n<meta property=\"og:description\" content=\"Du Pont\u2122 Insta Stik\u2122 Flex+ is a permanently flexible, resistant foam for tight installation of windows and doors, which does not require the use of an internal tape or liquid vapour barrier film. DuPont\u2122 Insta Stik\u2122 Flex+ is a moisture-cured, fire-resistant, single-component polyurethane foam. It is mainly used for permanent, tight installation of windows and [&hellip;]\" \/>\n<meta property=\"og:url\" content=\"https:\/\/proventuss.eu\/en\/produkt\/dupont-insta-stik-flex\/\" \/>\n<meta property=\"og:site_name\" content=\"Proventuss\" \/>\n<meta property=\"article:modified_time\" content=\"2024-11-27T08:38:19+00:00\" \/>\n<meta property=\"og:image\" content=\"https:\/\/proventuss.eu\/wp-content\/uploads\/2024\/04\/DuPont-Insta-Stik-Flex-2.png\" \/>\n\t<meta property=\"og:image:width\" content=\"588\" \/>\n\t<meta property=\"og:image:height\" content=\"672\" \/>\n\t<meta property=\"og:image:type\" content=\"image\/png\" \/>\n<meta name=\"twitter:card\" content=\"summary_large_image\" \/>\n<meta name=\"twitter:label1\" content=\"Est. reading time\" \/>\n\t<meta name=\"twitter:data1\" content=\"1 minute\" \/>\n<script type=\"application\/ld+json\" class=\"yoast-schema-graph\">{\"@context\":\"https:\/\/schema.org\",\"@graph\":[{\"@type\":\"WebPage\",\"@id\":\"https:\/\/proventuss.eu\/en\/produkt\/dupont-insta-stik-flex\/\",\"url\":\"https:\/\/proventuss.eu\/en\/produkt\/dupont-insta-stik-flex\/\",\"name\":\"DuPont\u2122 Insta Stik\u2122 Flex+ - Proventuss\",\"isPartOf\":{\"@id\":\"https:\/\/proventuss.eu\/#website\"},\"primaryImageOfPage\":{\"@id\":\"https:\/\/proventuss.eu\/en\/produkt\/dupont-insta-stik-flex\/#primaryimage\"},\"image\":{\"@id\":\"https:\/\/proventuss.eu\/en\/produkt\/dupont-insta-stik-flex\/#primaryimage\"},\"thumbnailUrl\":\"https:\/\/proventuss.eu\/wp-content\/uploads\/2024\/04\/DuPont-Insta-Stik-Flex-2.png\",\"datePublished\":\"2024-04-25T09:06:48+00:00\",\"dateModified\":\"2024-11-27T08:38:19+00:00\",\"breadcrumb\":{\"@id\":\"https:\/\/proventuss.eu\/en\/produkt\/dupont-insta-stik-flex\/#breadcrumb\"},\"inLanguage\":\"en-US\",\"potentialAction\":[{\"@type\":\"ReadAction\",\"target\":[\"https:\/\/proventuss.eu\/en\/produkt\/dupont-insta-stik-flex\/\"]}]},{\"@type\":\"ImageObject\",\"inLanguage\":\"en-US\",\"@id\":\"https:\/\/proventuss.eu\/en\/produkt\/dupont-insta-stik-flex\/#primaryimage\",\"url\":\"https:\/\/proventuss.eu\/wp-content\/uploads\/2024\/04\/DuPont-Insta-Stik-Flex-2.png\",\"contentUrl\":\"https:\/\/proventuss.eu\/wp-content\/uploads\/2024\/04\/DuPont-Insta-Stik-Flex-2.png\",\"width\":588,\"height\":672,\"caption\":\"Piana DuPont InstaStik Flex Plus stosowana do trwa\u0142ego, szczelnego monta\u017cu okien i drzwi. Wykazuje dobre w\u0142a\u015bciwo\u015bci akustyczne i termoizolacyjne.\"},{\"@type\":\"BreadcrumbList\",\"@id\":\"https:\/\/proventuss.eu\/en\/produkt\/dupont-insta-stik-flex\/#breadcrumb\",\"itemListElement\":[{\"@type\":\"ListItem\",\"position\":1,\"name\":\"Home\",\"item\":\"https:\/\/proventuss.eu\/\"},{\"@type\":\"ListItem\",\"position\":2,\"name\":\"Shop\",\"item\":\"https:\/\/proventuss.eu\/en\/shop\/\"},{\"@type\":\"ListItem\",\"position\":3,\"name\":\"DuPont\u2122 Insta Stik\u2122 Flex+\"}]},{\"@type\":\"WebSite\",\"@id\":\"https:\/\/proventuss.eu\/#website\",\"url\":\"https:\/\/proventuss.eu\/\",\"name\":\"Proventuss\",\"description\":\"\",\"potentialAction\":[{\"@type\":\"SearchAction\",\"target\":{\"@type\":\"EntryPoint\",\"urlTemplate\":\"https:\/\/proventuss.eu\/?s={search_term_string}\"},\"query-input\":\"required name=search_term_string\"}],\"inLanguage\":\"en-US\"}]}<\/script>\n<!-- \/ Yoast SEO plugin. -->","yoast_head_json":{"title":"DuPont\u2122 Insta Stik\u2122 Flex+ - Proventuss","robots":{"index":"index","follow":"follow","max-snippet":"max-snippet:-1","max-image-preview":"max-image-preview:large","max-video-preview":"max-video-preview:-1"},"canonical":"https:\/\/proventuss.eu\/en\/produkt\/dupont-insta-stik-flex\/","og_locale":"en_US","og_type":"article","og_title":"DuPont\u2122 Insta Stik\u2122 Flex+ - Proventuss","og_description":"Du Pont\u2122 Insta Stik\u2122 Flex+ is a permanently flexible, resistant foam for tight installation of windows and doors, which does not require the use of an internal tape or liquid vapour barrier film. DuPont\u2122 Insta Stik\u2122 Flex+ is a moisture-cured, fire-resistant, single-component polyurethane foam. It is mainly used for permanent, tight installation of windows and [&hellip;]","og_url":"https:\/\/proventuss.eu\/en\/produkt\/dupont-insta-stik-flex\/","og_site_name":"Proventuss","article_modified_time":"2024-11-27T08:38:19+00:00","og_image":[{"width":588,"height":672,"url":"https:\/\/proventuss.eu\/wp-content\/uploads\/2024\/04\/DuPont-Insta-Stik-Flex-2.png","type":"image\/png"}],"twitter_card":"summary_large_image","twitter_misc":{"Est. reading time":"1 minute"},"schema":{"@context":"https:\/\/schema.org","@graph":[{"@type":"WebPage","@id":"https:\/\/proventuss.eu\/en\/produkt\/dupont-insta-stik-flex\/","url":"https:\/\/proventuss.eu\/en\/produkt\/dupont-insta-stik-flex\/","name":"DuPont\u2122 Insta Stik\u2122 Flex+ - Proventuss","isPartOf":{"@id":"https:\/\/proventuss.eu\/#website"},"primaryImageOfPage":{"@id":"https:\/\/proventuss.eu\/en\/produkt\/dupont-insta-stik-flex\/#primaryimage"},"image":{"@id":"https:\/\/proventuss.eu\/en\/produkt\/dupont-insta-stik-flex\/#primaryimage"},"thumbnailUrl":"https:\/\/proventuss.eu\/wp-content\/uploads\/2024\/04\/DuPont-Insta-Stik-Flex-2.png","datePublished":"2024-04-25T09:06:48+00:00","dateModified":"2024-11-27T08:38:19+00:00","breadcrumb":{"@id":"https:\/\/proventuss.eu\/en\/produkt\/dupont-insta-stik-flex\/#breadcrumb"},"inLanguage":"en-US","potentialAction":[{"@type":"ReadAction","target":["https:\/\/proventuss.eu\/en\/produkt\/dupont-insta-stik-flex\/"]}]},{"@type":"ImageObject","inLanguage":"en-US","@id":"https:\/\/proventuss.eu\/en\/produkt\/dupont-insta-stik-flex\/#primaryimage","url":"https:\/\/proventuss.eu\/wp-content\/uploads\/2024\/04\/DuPont-Insta-Stik-Flex-2.png","contentUrl":"https:\/\/proventuss.eu\/wp-content\/uploads\/2024\/04\/DuPont-Insta-Stik-Flex-2.png","width":588,"height":672,"caption":"Piana DuPont InstaStik Flex Plus stosowana do trwa\u0142ego, szczelnego monta\u017cu okien i drzwi. Wykazuje dobre w\u0142a\u015bciwo\u015bci akustyczne i termoizolacyjne."},{"@type":"BreadcrumbList","@id":"https:\/\/proventuss.eu\/en\/produkt\/dupont-insta-stik-flex\/#breadcrumb","itemListElement":[{"@type":"ListItem","position":1,"name":"Home","item":"https:\/\/proventuss.eu\/"},{"@type":"ListItem","position":2,"name":"Shop","item":"https:\/\/proventuss.eu\/en\/shop\/"},{"@type":"ListItem","position":3,"name":"DuPont\u2122 Insta Stik\u2122 Flex+"}]},{"@type":"WebSite","@id":"https:\/\/proventuss.eu\/#website","url":"https:\/\/proventuss.eu\/","name":"Proventuss","description":"","potentialAction":[{"@type":"SearchAction","target":{"@type":"EntryPoint","urlTemplate":"https:\/\/proventuss.eu\/?s={search_term_string}"},"query-input":"required name=search_term_string"}],"inLanguage":"en-US"}]}},"_links":{"self":[{"href":"https:\/\/proventuss.eu\/en\/wp-json\/wp\/v2\/product\/15659"}],"collection":[{"href":"https:\/\/proventuss.eu\/en\/wp-json\/wp\/v2\/product"}],"about":[{"href":"https:\/\/proventuss.eu\/en\/wp-json\/wp\/v2\/types\/product"}],"replies":[{"embeddable":true,"href":"https:\/\/proventuss.eu\/en\/wp-json\/wp\/v2\/comments?post=15659"}],"wp:featuredmedia":[{"embeddable":true,"href":"https:\/\/proventuss.eu\/en\/wp-json\/wp\/v2\/media\/17524"}],"wp:attachment":[{"href":"https:\/\/proventuss.eu\/en\/wp-json\/wp\/v2\/media?parent=15659"}],"wp:term":[{"taxonomy":"product_cat","embeddable":true,"href":"https:\/\/proventuss.eu\/en\/wp-json\/wp\/v2\/product_cat?post=15659"},{"taxonomy":"product_tag","embeddable":true,"href":"https:\/\/proventuss.eu\/en\/wp-json\/wp\/v2\/product_tag?post=15659"}],"curies":[{"name":"wp","href":"https:\/\/api.w.org\/{rel}","templated":true}]}}