{"id":6318,"date":"2022-04-26T11:46:34","date_gmt":"2022-04-26T11:46:34","guid":{"rendered":"https:\/\/proventuss.eu\/produkt\/vi-pro-wipes\/"},"modified":"2024-05-20T07:50:38","modified_gmt":"2024-05-20T07:50:38","slug":"vi-pro-wipes","status":"publish","type":"product","link":"https:\/\/proventuss.eu\/el\/\u03c0\u03c1\u03bf\u03ca\u03cc\u03bd\/vi-pro-wipes\/","title":{"rendered":"Vi-Pro\u00ae WIPES"},"content":{"rendered":"<p>\u0391\u03c6\u03b1\u03b9\u03c1\u03b5\u03af \u03bc\u03b5\u03c1\u03b9\u03ba\u03ce\u03c2 \u03c3\u03ba\u03bb\u03b7\u03c1\u03c5\u03bc\u03ad\u03bd\u03b1 \u03ba\u03b1\u03b9 \u03bc\u03b7 \u03c3\u03ba\u03bb\u03b7\u03c1\u03c5\u03bc\u03ad\u03bd\u03b1 \u03c3\u03c4\u03b5\u03b3\u03b1\u03bd\u03c9\u03c4\u03b9\u03ba\u03ac, \u03cc\u03c0\u03c9\u03c2 \u03c3\u03b9\u03bb\u03b9\u03ba\u03cc\u03bd\u03b7, \u03c0\u03bf\u03bb\u03c5\u03bf\u03c5\u03c1\u03b5\u03b8\u03ac\u03bd\u03b7 \u03ba\u03b1\u03b9 \u03c0\u03bf\u03bb\u03c5\u03c3\u03bf\u03c5\u03bb\u03c6\u03af\u03b4\u03b9\u03bf \u03b1\u03c0\u03cc \u03b5\u03c1\u03b3\u03b1\u03bb\u03b5\u03af\u03b1 \u03ba\u03b1\u03b9 \u03b5\u03c0\u03b9\u03c6\u03ac\u03bd\u03b5\u03b9\u03b5\u03c2. \u0398\u03b1 \u03b1\u03c6\u03b1\u03b9\u03c1\u03ad\u03c3\u03bf\u03c5\u03bd \u03b5\u03c0\u03af\u03c3\u03b7\u03c2 \u03b2\u03c1\u03b5\u03b3\u03bc\u03ad\u03bd\u03bf \u03c7\u03c1\u03ce\u03bc\u03b1, \u03c3\u03c4\u03cc\u03ba\u03bf, \u03ba\u03cc\u03bb\u03bb\u03b1, \u03bc\u03b1\u03c3\u03c4\u03af\u03c7\u03b1 \u03ba\u03b1\u03b9 \u03c1\u03b7\u03c4\u03af\u03bd\u03b5\u03c2. \u03a4\u03bf Vi-Pro\u00ae WIPES \u03b5\u03af\u03bd\u03b1\u03b9 \u03ad\u03bd\u03b1 \u03bc\u03b7 \u03c5\u03c6\u03b1\u03bd\u03c4\u03cc \u03cd\u03c6\u03b1\u03c3\u03bc\u03b1 \u03b5\u03bc\u03c0\u03bf\u03c4\u03b9\u03c3\u03bc\u03ad\u03bd\u03bf \u03bc\u03b5 \u03ad\u03bd\u03b1 \u03ae\u03c0\u03b9\u03bf \u03b4\u03b9\u03ac\u03bb\u03c5\u03bc\u03b1 \u03ba\u03b1\u03b8\u03b1\u03c1\u03b9\u03c3\u03bc\u03bf\u03cd \u03bc\u03b5 \u03b2\u03ac\u03c3\u03b7 \u03c4\u03bf \u03bd\u03b5\u03c1\u03cc. \u0397 \u03bc\u03b1\u03bb\u03b1\u03ba\u03ae \u03b1\u03c0\u03bf\u03c1\u03c1\u03bf\u03c6\u03b7\u03c4\u03b9\u03ba\u03ae \u03b5\u03c0\u03b9\u03c6\u03ac\u03bd\u03b5\u03b9\u03b1 \u03b1\u03bd\u03b1\u03c3\u03b7\u03ba\u03ce\u03bd\u03b5\u03b9 \u03ba\u03b1\u03b9 \u03b1\u03c6\u03b1\u03b9\u03c1\u03b5\u03af \u03c4\u03b1 \u00ab\u03ba\u03bf\u03bb\u03bb\u03ce\u03b4\u03b7 \u03c0\u03c1\u03ac\u03b3\u03bc\u03b1\u03c4\u03b1\u00bb \u03b1\u03c6\u03ae\u03bd\u03bf\u03bd\u03c4\u03b1\u03c2 \u03c4\u03b7\u03bd \u03b5\u03c0\u03b9\u03c6\u03ac\u03bd\u03b5\u03b9\u03b1 \u03ba\u03b1\u03b8\u03b1\u03c1\u03ae.<\/p>\n<p><strong>\u0393\u03b9\u03b1\u03c4\u03af \u03bd\u03b1 \u03c7\u03c1\u03b7\u03c3\u03b9\u03bc\u03bf\u03c0\u03bf\u03b9\u03ae\u03c3\u03b5\u03c4\u03b5 \u03c4\u03bf Vi-Pro\u00ae WIPES:<\/strong><\/p>\n<ul>\n<li>\u0399\u03b4\u03b9\u03b1\u03af\u03c4\u03b5\u03c1\u03b1 \u03b1\u03c0\u03bf\u03c4\u03b5\u03bb\u03b5\u03c3\u03bc\u03b1\u03c4\u03b9\u03ba\u03cc &#8211; \u03b1\u03bd\u03b1\u03c3\u03b7\u03ba\u03ce\u03bd\u03b5\u03b9 \u03c4\u03bf \u03c5\u03b3\u03c1\u03cc \u03c3\u03c6\u03c1\u03b1\u03b3\u03b9\u03c3\u03c4\u03b9\u03ba\u03cc, \u03c4\u03bf \u03c7\u03c1\u03ce\u03bc\u03b1, \u03c4\u03b7\u03bd \u03ba\u03cc\u03bb\u03bb\u03b1 \u03ba\u03b1\u03b9 \u03c4\u03b7 \u03c1\u03b7\u03c4\u03af\u03bd\u03b7 \u03b1\u03c0\u03cc \u03c4\u03b9\u03c2 \u03b5\u03c0\u03b9\u03c6\u03ac\u03bd\u03b5\u03b9\u03b5\u03c2<\/li>\n<li>\u039c\u03b5\u03b9\u03ce\u03c3\u03c4\u03b5 \u03c4\u03bf\u03bd \u03c7\u03c1\u03cc\u03bd\u03bf \u03ba\u03b1\u03b8\u03b1\u03c1\u03b9\u03c3\u03bc\u03bf\u03cd \u03bc\u03b5\u03c4\u03ac \u03c4\u03b7\u03bd \u03b5\u03b3\u03ba\u03b1\u03c4\u03ac\u03c3\u03c4\u03b1\u03c3\u03b7<\/li>\n<li>\u0391\u03c3\u03c6\u03b1\u03bb\u03ad\u03c2 \u03c3\u03b5 \u03c0\u03bb\u03b1\u03c3\u03c4\u03b9\u03ba\u03cc, \u03b2\u03b1\u03bc\u03bc\u03ad\u03bd\u03bf \u03bc\u03b5 \u03c0\u03bf\u03cd\u03b4\u03c1\u03b1, \u03b2\u03b1\u03bc\u03bc\u03ad\u03bd\u03b5\u03c2 \u03b5\u03c0\u03b9\u03c6\u03ac\u03bd\u03b5\u03b9\u03b5\u03c2 \u03ba\u03b1\u03b8\u03ce\u03c2 \u03ba\u03b1\u03b9 \u03bc\u03ad\u03c4\u03b1\u03bb\u03bb\u03bf \u03ba\u03b1\u03b9 \u03b3\u03c5\u03b1\u03bb\u03af<\/li>\n<li>\u0395\u03c5\u03c7\u03ac\u03c1\u03b9\u03c3\u03c4\u03bf \u03c3\u03c4\u03b7 \u03c7\u03c1\u03ae\u03c3\u03b7 &#8211; \u03ba\u03b1\u03b8\u03b1\u03c1\u03ae \u03bc\u03c5\u03c1\u03c9\u03b4\u03b9\u03ac \u03c6\u03c1\u03ad\u03c3\u03ba\u03bf\u03c5 \u03bb\u03b5\u03bc\u03bf\u03bd\u03b9\u03bf\u03cd<\/li>\n<li>\u0392\u03bf\u03bb\u03b9\u03ba\u03ac \u03c3\u03c5\u03c3\u03ba\u03b5\u03c5\u03b1\u03c3\u03bc\u03ad\u03bd\u03b1 \u03c3\u03b5 \u03b5\u03cd\u03c7\u03c1\u03b7\u03c3\u03c4\u03b5\u03c2 \u03bc\u03c0\u03b1\u03bd\u03b9\u03ad\u03c1\u03b5\u03c2 \u2013 \u03b5\u03cd\u03c7\u03c1\u03b7\u03c3\u03c4\u03b5\u03c2<\/li>\n<li>\u039f\u03b9\u03ba\u03bf\u03bd\u03bf\u03bc\u03b9\u03ba\u03cc<\/li>\n<li>\u039c\u03b5\u03b3\u03ac\u03bb\u03b7 \u03b4\u03b9\u03ac\u03c1\u03ba\u03b5\u03b9\u03b1 \u03b6\u03c9\u03ae\u03c2 &#8211; \u03b7 \u03bc\u03c0\u03b1\u03bd\u03b9\u03ad\u03c1\u03b1 \u03ad\u03c7\u03b5\u03b9 \u03b5\u03c0\u03b1\u03bd\u03b1\u03c3\u03c6\u03c1\u03b1\u03b3\u03b9\u03b6\u03cc\u03bc\u03b5\u03bd\u03bf \u03ba\u03bb\u03b5\u03af\u03c3\u03b9\u03bc\u03bf<\/li>\n<li>\u039c\u03b5\u03b9\u03ce\u03bd\u03b5\u03b9 \u03c4\u03bf\u03bd \u03ba\u03b1\u03b8\u03b1\u03c1\u03b9\u03c3\u03bc\u03cc \u03bc\u03b5\u03c4\u03ac \u03c4\u03b7\u03bd \u03b5\u03b3\u03ba\u03b1\u03c4\u03ac\u03c3\u03c4\u03b1\u03c3\u03b7<\/li>\n<li>\u0394\u03b5\u03bd \u03b4\u03b9\u03b1\u03bb\u03cd\u03b5\u03c4\u03b1\u03b9 \u03ce\u03c3\u03c4\u03b5 \u03c4\u03b1 \u03c5\u03c0\u03bf\u03bb\u03b5\u03af\u03bc\u03bc\u03b1\u03c4\u03b1 \u03bd\u03b1 \u03bc\u03b7\u03bd \u03b1\u03c0\u03bb\u03ce\u03bd\u03bf\u03bd\u03c4\u03b1\u03b9 \u03c3\u03c4\u03b7\u03bd \u03b5\u03c0\u03b9\u03c6\u03ac\u03bd\u03b5\u03b9\u03b1<\/li>\n<\/ul>\n<p><strong>\u03a3\u03a5\u03a3\u039a\u0395\u03a5\u0391\u03a3\u0399\u0391:<\/strong><\/p>\n<p>150 \u03bc\u03b1\u03bd\u03c4\u03b7\u03bb\u03ac\u03ba\u03b9\u03b1 \u03b1\u03bd\u03ac \u03bc\u03c0\u03b1\u03bd\u03b9\u03ad\u03c1\u03b1 \u03c4\u03ad\u03c3\u03c3\u03b5\u03c1\u03b9\u03c2 \u03bc\u03c0\u03b1\u03bd\u03b9\u03ad\u03c1\u03b5\u03c2 \u03b1\u03bd\u03ac \u03b8\u03ae\u03ba\u03b7. \u03c3\u03b1\u03ba\u03bf\u03c5\u03bb\u03ac\u03ba\u03b9\u03b1 \u03b1\u03c0\u03cc \u03b1\u03bb\u03bf\u03c5\u03bc\u03b9\u03bd\u03cc\u03c7\u03b1\u03c1\u03c4\u03bf \u03bc\u03bf\u03bd\u03ae\u03c2 \u03c3\u03c5\u03c3\u03ba\u03b5\u03c5\u03b1\u03c3\u03af\u03b1\u03c2<\/p>\n","protected":false},"excerpt":{"rendered":"<p>\u0391\u03c6\u03b1\u03b9\u03c1\u03b5\u03af \u03bc\u03b5\u03c1\u03b9\u03ba\u03ce\u03c2 \u03c3\u03ba\u03bb\u03b7\u03c1\u03c5\u03bc\u03ad\u03bd\u03b1 \u03ba\u03b1\u03b9 \u03bc\u03b7 \u03c3\u03ba\u03bb\u03b7\u03c1\u03c5\u03bc\u03ad\u03bd\u03b1 \u03c3\u03c4\u03b5\u03b3\u03b1\u03bd\u03c9\u03c4\u03b9\u03ba\u03ac, \u03cc\u03c0\u03c9\u03c2 \u03c3\u03b9\u03bb\u03b9\u03ba\u03cc\u03bd\u03b7, \u03c0\u03bf\u03bb\u03c5\u03bf\u03c5\u03c1\u03b5\u03b8\u03ac\u03bd\u03b7 \u03ba\u03b1\u03b9 \u03c0\u03bf\u03bb\u03c5\u03c3\u03bf\u03c5\u03bb\u03c6\u03af\u03b4\u03b9\u03bf \u03b1\u03c0\u03cc \u03b5\u03c1\u03b3\u03b1\u03bb\u03b5\u03af\u03b1 \u03ba\u03b1\u03b9 \u03b5\u03c0\u03b9\u03c6\u03ac\u03bd\u03b5\u03b9\u03b5\u03c2. \u0398\u03b1 \u03b1\u03c6\u03b1\u03b9\u03c1\u03ad\u03c3\u03bf\u03c5\u03bd \u03b5\u03c0\u03af\u03c3\u03b7\u03c2 \u03b2\u03c1\u03b5\u03b3\u03bc\u03ad\u03bd\u03bf \u03c7\u03c1\u03ce\u03bc\u03b1, \u03c3\u03c4\u03cc\u03ba\u03bf, \u03ba\u03cc\u03bb\u03bb\u03b1, \u03bc\u03b1\u03c3\u03c4\u03af\u03c7\u03b1 \u03ba\u03b1\u03b9 \u03c1\u03b7\u03c4\u03af\u03bd\u03b5\u03c2. \u03a4\u03bf Vi-Pro\u00ae WIPES \u03b5\u03af\u03bd\u03b1\u03b9 \u03ad\u03bd\u03b1 \u03bc\u03b7 \u03c5\u03c6\u03b1\u03bd\u03c4\u03cc \u03cd\u03c6\u03b1\u03c3\u03bc\u03b1 \u03b5\u03bc\u03c0\u03bf\u03c4\u03b9\u03c3\u03bc\u03ad\u03bd\u03bf \u03bc\u03b5 \u03ad\u03bd\u03b1 \u03ae\u03c0\u03b9\u03bf \u03b4\u03b9\u03ac\u03bb\u03c5\u03bc\u03b1 \u03ba\u03b1\u03b8\u03b1\u03c1\u03b9\u03c3\u03bc\u03bf\u03cd \u03bc\u03b5 \u03b2\u03ac\u03c3\u03b7 \u03c4\u03bf \u03bd\u03b5\u03c1\u03cc. \u0397 \u03bc\u03b1\u03bb\u03b1\u03ba\u03ae \u03b1\u03c0\u03bf\u03c1\u03c1\u03bf\u03c6\u03b7\u03c4\u03b9\u03ba\u03ae \u03b5\u03c0\u03b9\u03c6\u03ac\u03bd\u03b5\u03b9\u03b1 \u03b1\u03bd\u03b1\u03c3\u03b7\u03ba\u03ce\u03bd\u03b5\u03b9 \u03ba\u03b1\u03b9 \u03b1\u03c6\u03b1\u03b9\u03c1\u03b5\u03af \u03c4\u03b1 \u00ab\u03ba\u03bf\u03bb\u03bb\u03ce\u03b4\u03b7 \u03c0\u03c1\u03ac\u03b3\u03bc\u03b1\u03c4\u03b1\u00bb \u03b1\u03c6\u03ae\u03bd\u03bf\u03bd\u03c4\u03b1\u03c2 [&hellip;]<\/p>\n","protected":false},"featured_media":16771,"comment_status":"open","ping_status":"closed","template":"","meta":{"_acf_changed":false},"product_cat":[278],"product_tag":[],"acf":[],"yoast_head":"<!-- This site is optimized with the Yoast SEO plugin v22.9 - https:\/\/yoast.com\/wordpress\/plugins\/seo\/ -->\n<title>Vi-Pro\u00ae WIPES - Proventuss<\/title>\n<meta name=\"robots\" content=\"index, follow, max-snippet:-1, max-image-preview:large, max-video-preview:-1\" \/>\n<link rel=\"canonical\" href=\"https:\/\/proventuss.eu\/el\/produkt\/vi-pro-wipes\/\" \/>\n<meta property=\"og:locale\" content=\"el_GR\" \/>\n<meta property=\"og:type\" content=\"article\" \/>\n<meta property=\"og:title\" content=\"Vi-Pro\u00ae WIPES - Proventuss\" \/>\n<meta property=\"og:description\" content=\"\u0391\u03c6\u03b1\u03b9\u03c1\u03b5\u03af \u03bc\u03b5\u03c1\u03b9\u03ba\u03ce\u03c2 \u03c3\u03ba\u03bb\u03b7\u03c1\u03c5\u03bc\u03ad\u03bd\u03b1 \u03ba\u03b1\u03b9 \u03bc\u03b7 \u03c3\u03ba\u03bb\u03b7\u03c1\u03c5\u03bc\u03ad\u03bd\u03b1 \u03c3\u03c4\u03b5\u03b3\u03b1\u03bd\u03c9\u03c4\u03b9\u03ba\u03ac, \u03cc\u03c0\u03c9\u03c2 \u03c3\u03b9\u03bb\u03b9\u03ba\u03cc\u03bd\u03b7, \u03c0\u03bf\u03bb\u03c5\u03bf\u03c5\u03c1\u03b5\u03b8\u03ac\u03bd\u03b7 \u03ba\u03b1\u03b9 \u03c0\u03bf\u03bb\u03c5\u03c3\u03bf\u03c5\u03bb\u03c6\u03af\u03b4\u03b9\u03bf \u03b1\u03c0\u03cc \u03b5\u03c1\u03b3\u03b1\u03bb\u03b5\u03af\u03b1 \u03ba\u03b1\u03b9 \u03b5\u03c0\u03b9\u03c6\u03ac\u03bd\u03b5\u03b9\u03b5\u03c2. \u0398\u03b1 \u03b1\u03c6\u03b1\u03b9\u03c1\u03ad\u03c3\u03bf\u03c5\u03bd \u03b5\u03c0\u03af\u03c3\u03b7\u03c2 \u03b2\u03c1\u03b5\u03b3\u03bc\u03ad\u03bd\u03bf \u03c7\u03c1\u03ce\u03bc\u03b1, \u03c3\u03c4\u03cc\u03ba\u03bf, \u03ba\u03cc\u03bb\u03bb\u03b1, \u03bc\u03b1\u03c3\u03c4\u03af\u03c7\u03b1 \u03ba\u03b1\u03b9 \u03c1\u03b7\u03c4\u03af\u03bd\u03b5\u03c2. \u03a4\u03bf Vi-Pro\u00ae WIPES \u03b5\u03af\u03bd\u03b1\u03b9 \u03ad\u03bd\u03b1 \u03bc\u03b7 \u03c5\u03c6\u03b1\u03bd\u03c4\u03cc \u03cd\u03c6\u03b1\u03c3\u03bc\u03b1 \u03b5\u03bc\u03c0\u03bf\u03c4\u03b9\u03c3\u03bc\u03ad\u03bd\u03bf \u03bc\u03b5 \u03ad\u03bd\u03b1 \u03ae\u03c0\u03b9\u03bf \u03b4\u03b9\u03ac\u03bb\u03c5\u03bc\u03b1 \u03ba\u03b1\u03b8\u03b1\u03c1\u03b9\u03c3\u03bc\u03bf\u03cd \u03bc\u03b5 \u03b2\u03ac\u03c3\u03b7 \u03c4\u03bf \u03bd\u03b5\u03c1\u03cc. \u0397 \u03bc\u03b1\u03bb\u03b1\u03ba\u03ae \u03b1\u03c0\u03bf\u03c1\u03c1\u03bf\u03c6\u03b7\u03c4\u03b9\u03ba\u03ae \u03b5\u03c0\u03b9\u03c6\u03ac\u03bd\u03b5\u03b9\u03b1 \u03b1\u03bd\u03b1\u03c3\u03b7\u03ba\u03ce\u03bd\u03b5\u03b9 \u03ba\u03b1\u03b9 \u03b1\u03c6\u03b1\u03b9\u03c1\u03b5\u03af \u03c4\u03b1 \u00ab\u03ba\u03bf\u03bb\u03bb\u03ce\u03b4\u03b7 \u03c0\u03c1\u03ac\u03b3\u03bc\u03b1\u03c4\u03b1\u00bb \u03b1\u03c6\u03ae\u03bd\u03bf\u03bd\u03c4\u03b1\u03c2 [&hellip;]\" \/>\n<meta property=\"og:url\" content=\"https:\/\/proventuss.eu\/el\/produkt\/vi-pro-wipes\/\" \/>\n<meta property=\"og:site_name\" content=\"Proventuss\" \/>\n<meta property=\"article:modified_time\" content=\"2024-05-20T07:50:38+00:00\" \/>\n<meta name=\"twitter:card\" content=\"summary_large_image\" \/>\n<meta name=\"twitter:label1\" content=\"\u0395\u03ba\u03c4\u03b9\u03bc\u03ce\u03bc\u03b5\u03bd\u03bf\u03c2 \u03c7\u03c1\u03cc\u03bd\u03bf\u03c2 \u03b1\u03bd\u03ac\u03b3\u03bd\u03c9\u03c3\u03b7\u03c2\" \/>\n\t<meta name=\"twitter:data1\" content=\"1 \u03bb\u03b5\u03c0\u03c4\u03cc\" \/>\n<script type=\"application\/ld+json\" class=\"yoast-schema-graph\">{\"@context\":\"https:\/\/schema.org\",\"@graph\":[{\"@type\":\"WebPage\",\"@id\":\"https:\/\/proventuss.eu\/el\/produkt\/vi-pro-wipes\/\",\"url\":\"https:\/\/proventuss.eu\/el\/produkt\/vi-pro-wipes\/\",\"name\":\"Vi-Pro\u00ae WIPES - Proventuss\",\"isPartOf\":{\"@id\":\"https:\/\/proventuss.eu\/#website\"},\"primaryImageOfPage\":{\"@id\":\"https:\/\/proventuss.eu\/el\/produkt\/vi-pro-wipes\/#primaryimage\"},\"image\":{\"@id\":\"https:\/\/proventuss.eu\/el\/produkt\/vi-pro-wipes\/#primaryimage\"},\"thumbnailUrl\":\"https:\/\/proventuss.eu\/wp-content\/uploads\/2022\/04\/MG_7423a1M.png\",\"datePublished\":\"2022-04-26T11:46:34+00:00\",\"dateModified\":\"2024-05-20T07:50:38+00:00\",\"breadcrumb\":{\"@id\":\"https:\/\/proventuss.eu\/el\/produkt\/vi-pro-wipes\/#breadcrumb\"},\"inLanguage\":\"el\",\"potentialAction\":[{\"@type\":\"ReadAction\",\"target\":[\"https:\/\/proventuss.eu\/el\/produkt\/vi-pro-wipes\/\"]}]},{\"@type\":\"ImageObject\",\"inLanguage\":\"el\",\"@id\":\"https:\/\/proventuss.eu\/el\/produkt\/vi-pro-wipes\/#primaryimage\",\"url\":\"https:\/\/proventuss.eu\/wp-content\/uploads\/2022\/04\/MG_7423a1M.png\",\"contentUrl\":\"https:\/\/proventuss.eu\/wp-content\/uploads\/2022\/04\/MG_7423a1M.png\",\"width\":1500,\"height\":1268,\"caption\":\"Na zdj\u0119ciu \u015aciereczki nas\u0105czone - \u0142atwe zmywanie pozosta\u0142o\u015bci po nieutwardzonych szczeliwach i klejach oraz innych zabrudze\u0144, w tym t\u0142ustych i oleistych.\"},{\"@type\":\"BreadcrumbList\",\"@id\":\"https:\/\/proventuss.eu\/el\/produkt\/vi-pro-wipes\/#breadcrumb\",\"itemListElement\":[{\"@type\":\"ListItem\",\"position\":1,\"name\":\"Home\",\"item\":\"https:\/\/proventuss.eu\/\"},{\"@type\":\"ListItem\",\"position\":2,\"name\":\"\u03a0\u03c1\u03bf\u03ca\u03cc\u03bd\u03c4\u03b1\",\"item\":\"https:\/\/proventuss.eu\/%cf%80%cf%81%ce%bf%cf%8a%cf%8c%ce%bd%cf%84%ce%b1\/\"},{\"@type\":\"ListItem\",\"position\":3,\"name\":\"Vi-Pro\u00ae WIPES\"}]},{\"@type\":\"WebSite\",\"@id\":\"https:\/\/proventuss.eu\/#website\",\"url\":\"https:\/\/proventuss.eu\/\",\"name\":\"Proventuss\",\"description\":\"\",\"potentialAction\":[{\"@type\":\"SearchAction\",\"target\":{\"@type\":\"EntryPoint\",\"urlTemplate\":\"https:\/\/proventuss.eu\/?s={search_term_string}\"},\"query-input\":\"required name=search_term_string\"}],\"inLanguage\":\"el\"}]}<\/script>\n<!-- \/ Yoast SEO plugin. -->","yoast_head_json":{"title":"Vi-Pro\u00ae WIPES - Proventuss","robots":{"index":"index","follow":"follow","max-snippet":"max-snippet:-1","max-image-preview":"max-image-preview:large","max-video-preview":"max-video-preview:-1"},"canonical":"https:\/\/proventuss.eu\/el\/produkt\/vi-pro-wipes\/","og_locale":"el_GR","og_type":"article","og_title":"Vi-Pro\u00ae WIPES - Proventuss","og_description":"\u0391\u03c6\u03b1\u03b9\u03c1\u03b5\u03af \u03bc\u03b5\u03c1\u03b9\u03ba\u03ce\u03c2 \u03c3\u03ba\u03bb\u03b7\u03c1\u03c5\u03bc\u03ad\u03bd\u03b1 \u03ba\u03b1\u03b9 \u03bc\u03b7 \u03c3\u03ba\u03bb\u03b7\u03c1\u03c5\u03bc\u03ad\u03bd\u03b1 \u03c3\u03c4\u03b5\u03b3\u03b1\u03bd\u03c9\u03c4\u03b9\u03ba\u03ac, \u03cc\u03c0\u03c9\u03c2 \u03c3\u03b9\u03bb\u03b9\u03ba\u03cc\u03bd\u03b7, \u03c0\u03bf\u03bb\u03c5\u03bf\u03c5\u03c1\u03b5\u03b8\u03ac\u03bd\u03b7 \u03ba\u03b1\u03b9 \u03c0\u03bf\u03bb\u03c5\u03c3\u03bf\u03c5\u03bb\u03c6\u03af\u03b4\u03b9\u03bf \u03b1\u03c0\u03cc \u03b5\u03c1\u03b3\u03b1\u03bb\u03b5\u03af\u03b1 \u03ba\u03b1\u03b9 \u03b5\u03c0\u03b9\u03c6\u03ac\u03bd\u03b5\u03b9\u03b5\u03c2. \u0398\u03b1 \u03b1\u03c6\u03b1\u03b9\u03c1\u03ad\u03c3\u03bf\u03c5\u03bd \u03b5\u03c0\u03af\u03c3\u03b7\u03c2 \u03b2\u03c1\u03b5\u03b3\u03bc\u03ad\u03bd\u03bf \u03c7\u03c1\u03ce\u03bc\u03b1, \u03c3\u03c4\u03cc\u03ba\u03bf, \u03ba\u03cc\u03bb\u03bb\u03b1, \u03bc\u03b1\u03c3\u03c4\u03af\u03c7\u03b1 \u03ba\u03b1\u03b9 \u03c1\u03b7\u03c4\u03af\u03bd\u03b5\u03c2. \u03a4\u03bf Vi-Pro\u00ae WIPES \u03b5\u03af\u03bd\u03b1\u03b9 \u03ad\u03bd\u03b1 \u03bc\u03b7 \u03c5\u03c6\u03b1\u03bd\u03c4\u03cc \u03cd\u03c6\u03b1\u03c3\u03bc\u03b1 \u03b5\u03bc\u03c0\u03bf\u03c4\u03b9\u03c3\u03bc\u03ad\u03bd\u03bf \u03bc\u03b5 \u03ad\u03bd\u03b1 \u03ae\u03c0\u03b9\u03bf \u03b4\u03b9\u03ac\u03bb\u03c5\u03bc\u03b1 \u03ba\u03b1\u03b8\u03b1\u03c1\u03b9\u03c3\u03bc\u03bf\u03cd \u03bc\u03b5 \u03b2\u03ac\u03c3\u03b7 \u03c4\u03bf \u03bd\u03b5\u03c1\u03cc. \u0397 \u03bc\u03b1\u03bb\u03b1\u03ba\u03ae \u03b1\u03c0\u03bf\u03c1\u03c1\u03bf\u03c6\u03b7\u03c4\u03b9\u03ba\u03ae \u03b5\u03c0\u03b9\u03c6\u03ac\u03bd\u03b5\u03b9\u03b1 \u03b1\u03bd\u03b1\u03c3\u03b7\u03ba\u03ce\u03bd\u03b5\u03b9 \u03ba\u03b1\u03b9 \u03b1\u03c6\u03b1\u03b9\u03c1\u03b5\u03af \u03c4\u03b1 \u00ab\u03ba\u03bf\u03bb\u03bb\u03ce\u03b4\u03b7 \u03c0\u03c1\u03ac\u03b3\u03bc\u03b1\u03c4\u03b1\u00bb \u03b1\u03c6\u03ae\u03bd\u03bf\u03bd\u03c4\u03b1\u03c2 [&hellip;]","og_url":"https:\/\/proventuss.eu\/el\/produkt\/vi-pro-wipes\/","og_site_name":"Proventuss","article_modified_time":"2024-05-20T07:50:38+00:00","twitter_card":"summary_large_image","twitter_misc":{"\u0395\u03ba\u03c4\u03b9\u03bc\u03ce\u03bc\u03b5\u03bd\u03bf\u03c2 \u03c7\u03c1\u03cc\u03bd\u03bf\u03c2 \u03b1\u03bd\u03ac\u03b3\u03bd\u03c9\u03c3\u03b7\u03c2":"1 \u03bb\u03b5\u03c0\u03c4\u03cc"},"schema":{"@context":"https:\/\/schema.org","@graph":[{"@type":"WebPage","@id":"https:\/\/proventuss.eu\/el\/produkt\/vi-pro-wipes\/","url":"https:\/\/proventuss.eu\/el\/produkt\/vi-pro-wipes\/","name":"Vi-Pro\u00ae WIPES - Proventuss","isPartOf":{"@id":"https:\/\/proventuss.eu\/#website"},"primaryImageOfPage":{"@id":"https:\/\/proventuss.eu\/el\/produkt\/vi-pro-wipes\/#primaryimage"},"image":{"@id":"https:\/\/proventuss.eu\/el\/produkt\/vi-pro-wipes\/#primaryimage"},"thumbnailUrl":"https:\/\/proventuss.eu\/wp-content\/uploads\/2022\/04\/MG_7423a1M.png","datePublished":"2022-04-26T11:46:34+00:00","dateModified":"2024-05-20T07:50:38+00:00","breadcrumb":{"@id":"https:\/\/proventuss.eu\/el\/produkt\/vi-pro-wipes\/#breadcrumb"},"inLanguage":"el","potentialAction":[{"@type":"ReadAction","target":["https:\/\/proventuss.eu\/el\/produkt\/vi-pro-wipes\/"]}]},{"@type":"ImageObject","inLanguage":"el","@id":"https:\/\/proventuss.eu\/el\/produkt\/vi-pro-wipes\/#primaryimage","url":"https:\/\/proventuss.eu\/wp-content\/uploads\/2022\/04\/MG_7423a1M.png","contentUrl":"https:\/\/proventuss.eu\/wp-content\/uploads\/2022\/04\/MG_7423a1M.png","width":1500,"height":1268,"caption":"Na zdj\u0119ciu \u015aciereczki nas\u0105czone - \u0142atwe zmywanie pozosta\u0142o\u015bci po nieutwardzonych szczeliwach i klejach oraz innych zabrudze\u0144, w tym t\u0142ustych i oleistych."},{"@type":"BreadcrumbList","@id":"https:\/\/proventuss.eu\/el\/produkt\/vi-pro-wipes\/#breadcrumb","itemListElement":[{"@type":"ListItem","position":1,"name":"Home","item":"https:\/\/proventuss.eu\/"},{"@type":"ListItem","position":2,"name":"\u03a0\u03c1\u03bf\u03ca\u03cc\u03bd\u03c4\u03b1","item":"https:\/\/proventuss.eu\/%cf%80%cf%81%ce%bf%cf%8a%cf%8c%ce%bd%cf%84%ce%b1\/"},{"@type":"ListItem","position":3,"name":"Vi-Pro\u00ae WIPES"}]},{"@type":"WebSite","@id":"https:\/\/proventuss.eu\/#website","url":"https:\/\/proventuss.eu\/","name":"Proventuss","description":"","potentialAction":[{"@type":"SearchAction","target":{"@type":"EntryPoint","urlTemplate":"https:\/\/proventuss.eu\/?s={search_term_string}"},"query-input":"required name=search_term_string"}],"inLanguage":"el"}]}},"_links":{"self":[{"href":"https:\/\/proventuss.eu\/el\/wp-json\/wp\/v2\/product\/6318"}],"collection":[{"href":"https:\/\/proventuss.eu\/el\/wp-json\/wp\/v2\/product"}],"about":[{"href":"https:\/\/proventuss.eu\/el\/wp-json\/wp\/v2\/types\/product"}],"replies":[{"embeddable":true,"href":"https:\/\/proventuss.eu\/el\/wp-json\/wp\/v2\/comments?post=6318"}],"wp:featuredmedia":[{"embeddable":true,"href":"https:\/\/proventuss.eu\/el\/wp-json\/wp\/v2\/media\/16771"}],"wp:attachment":[{"href":"https:\/\/proventuss.eu\/el\/wp-json\/wp\/v2\/media?parent=6318"}],"wp:term":[{"taxonomy":"product_cat","embeddable":true,"href":"https:\/\/proventuss.eu\/el\/wp-json\/wp\/v2\/product_cat?post=6318"},{"taxonomy":"product_tag","embeddable":true,"href":"https:\/\/proventuss.eu\/el\/wp-json\/wp\/v2\/product_tag?post=6318"}],"curies":[{"name":"wp","href":"https:\/\/api.w.org\/{rel}","templated":true}]}}