{"id":6317,"date":"2022-04-26T11:43:08","date_gmt":"2022-04-26T11:43:08","guid":{"rendered":"https:\/\/proventuss.eu\/produkt\/vi-pro-easy-to-tool-%cf%83%cf%80%ce%b1%cf%84%ce%bf%cf%85%ce%bb%ce%b1-vi-pro-stalula\/"},"modified":"2023-11-06T09:00:42","modified_gmt":"2023-11-06T09:00:42","slug":"vi-pro-stalula","status":"publish","type":"product","link":"https:\/\/proventuss.eu\/el\/\u03c0\u03c1\u03bf\u03ca\u03cc\u03bd\/vi-pro-stalula\/","title":{"rendered":"Vi-Pro\u00ae \u03a3\u03a0\u0391\u03a4\u039f\u03a5\u039b\u0391"},"content":{"rendered":"<p>\u03a3\u03a0\u0391\u03a4\u039f\u03a5\u039b\u0391 \u0393\u0399\u0391 \u039b\u0395\u0399\u0391\u039d\u03a3\u0397 \u03a3\u03a6\u03a1\u0391\u0393\u0399\u03a3\u03a4\u0399\u039a\u03a9\u039d \u039a\u0391\u0399 \u039c\u039f\u039d\u03a4\u0395\u039b\u03a9\u039d, \u03ba\u03b1\u03c4\u03b1\u03c3\u03ba\u03b5\u03c5\u03b1\u03c3\u03bc\u03ad\u03bd\u03b7 \u03b1\u03c0\u03cc \u03b5\u03b9\u03b4\u03b9\u03ba\u03ac \u03b5\u03c0\u03b9\u03bb\u03b5\u03b3\u03bc\u03ad\u03bd\u03bf \u03c5\u03bb\u03b9\u03ba\u03cc \u03c0\u03bf\u03c5 \u03c0\u03b1\u03c1\u03ad\u03c7\u03b5\u03b9 \u03b1\u03bd\u03c4\u03b9\u03ba\u03bf\u03bb\u03bb\u03b7\u03c4\u03b9\u03ba\u03ad\u03c2 \u03b9\u03b4\u03b9\u03cc\u03c4\u03b7\u03c4\u03b5\u03c2 \u03c3\u03b5 \u03b5\u03c0\u03b1\u03c6\u03ae \u03bc\u03b5 \u03ba\u03cc\u03bb\u03bb\u03b5\u03c2 \u03ba\u03b1\u03b9 \u03c3\u03c6\u03c1\u03b1\u03b3\u03b9\u03c3\u03c4\u03b9\u03ba\u03ac<\/p>\n<p>\u03a4\u03bf \u03c3\u03c7\u03ae\u03bc\u03b1 \u03c4\u03b7\u03c2 \u03c3\u03c0\u03ac\u03c4\u03bf\u03c5\u03bb\u03b1\u03c2 \u03ad\u03c7\u03b5\u03b9 \u03ba\u03b1\u03c4\u03ac\u03bb\u03bb\u03b7\u03bb\u03b5\u03c2 \u03ba\u03b1\u03bc\u03c0\u03c5\u03bb\u03cc\u03c4\u03b7\u03c4\u03b5\u03c2 \u03ba\u03b1\u03b9 \u03b3\u03c9\u03bd\u03af\u03b5\u03c2 \u03c0\u03bf\u03c5 \u03b5\u03be\u03b1\u03c3\u03c6\u03b1\u03bb\u03af\u03b6\u03bf\u03c5\u03bd \u03c4\u03b7\u03bd \u03b4\u03c5\u03bd\u03b1\u03c4\u03cc\u03c4\u03b7\u03c4\u03b1 \u03c7\u03c1\u03ae\u03c3\u03b7\u03c2 \u03c4\u03b7\u03c2 \u03c3\u03b5 \u03b4\u03b9\u03ac\u03c6\u03bf\u03c1\u03b5\u03c2 \u03b5\u03c6\u03b1\u03c1\u03bc\u03bf\u03b3\u03ad\u03c2. \u0395\u03c0\u03af\u03c3\u03b7\u03c2 \u03b5\u03c0\u03b9\u03b4\u03ad\u03c7\u03b5\u03c4\u03b1\u03b9 \u03b5\u03cd\u03ba\u03bf\u03bb\u03b7 \u03ba\u03bf\u03c0\u03ae \u03ba\u03b1\u03b9 \u03bb\u03b5\u03af\u03b1\u03bd\u03c3\u03b7 \u03c0\u03bf\u03c5 \u03c3\u03b1\u03c2 \u03b5\u03c0\u03b9\u03c4\u03c1\u03ad\u03c0\u03b5\u03b9 \u03bd\u03b1 \u03b5\u03c0\u03b9\u03bb\u03ad\u03be\u03b5\u03c4\u03b5 \u03c4\u03bf \u03b1\u03c0\u03b1\u03b9\u03c4\u03bf\u03cd\u03bc\u03b5\u03bd\u03bf \u03bc\u03ad\u03b3\u03b5\u03b8\u03bf\u03c2 \u03ae \u03b3\u03c9\u03bd\u03af\u03b1 \u03b1\u03bd\u03ac\u03bb\u03bf\u03b3\u03b1 \u03bc\u03b5 \u03c4\u03b7 \u03c3\u03c5\u03b3\u03ba\u03b5\u03ba\u03c1\u03b9\u03bc\u03ad\u03bd\u03b7 \u03b5\u03c6\u03b1\u03c1\u03bc\u03bf\u03b3\u03ae.<\/p>\n","protected":false},"excerpt":{"rendered":"<p>\u03a3\u03a0\u0391\u03a4\u039f\u03a5\u039b\u0391 \u0393\u0399\u0391 \u039b\u0395\u0399\u0391\u039d\u03a3\u0397 \u03a3\u03a6\u03a1\u0391\u0393\u0399\u03a3\u03a4\u0399\u039a\u03a9\u039d \u039a\u0391\u0399 \u039c\u039f\u039d\u03a4\u0395\u039b\u03a9\u039d, \u03ba\u03b1\u03c4\u03b1\u03c3\u03ba\u03b5\u03c5\u03b1\u03c3\u03bc\u03ad\u03bd\u03b7 \u03b1\u03c0\u03cc \u03b5\u03b9\u03b4\u03b9\u03ba\u03ac \u03b5\u03c0\u03b9\u03bb\u03b5\u03b3\u03bc\u03ad\u03bd\u03bf \u03c5\u03bb\u03b9\u03ba\u03cc \u03c0\u03bf\u03c5 \u03c0\u03b1\u03c1\u03ad\u03c7\u03b5\u03b9 \u03b1\u03bd\u03c4\u03b9\u03ba\u03bf\u03bb\u03bb\u03b7\u03c4\u03b9\u03ba\u03ad\u03c2 \u03b9\u03b4\u03b9\u03cc\u03c4\u03b7\u03c4\u03b5\u03c2 \u03c3\u03b5 \u03b5\u03c0\u03b1\u03c6\u03ae \u03bc\u03b5 \u03ba\u03cc\u03bb\u03bb\u03b5\u03c2 \u03ba\u03b1\u03b9 \u03c3\u03c6\u03c1\u03b1\u03b3\u03b9\u03c3\u03c4\u03b9\u03ba\u03ac \u03a4\u03bf \u03c3\u03c7\u03ae\u03bc\u03b1 \u03c4\u03b7\u03c2 \u03c3\u03c0\u03ac\u03c4\u03bf\u03c5\u03bb\u03b1\u03c2 \u03ad\u03c7\u03b5\u03b9 \u03ba\u03b1\u03c4\u03ac\u03bb\u03bb\u03b7\u03bb\u03b5\u03c2 \u03ba\u03b1\u03bc\u03c0\u03c5\u03bb\u03cc\u03c4\u03b7\u03c4\u03b5\u03c2 \u03ba\u03b1\u03b9 \u03b3\u03c9\u03bd\u03af\u03b5\u03c2 \u03c0\u03bf\u03c5 \u03b5\u03be\u03b1\u03c3\u03c6\u03b1\u03bb\u03af\u03b6\u03bf\u03c5\u03bd \u03c4\u03b7\u03bd \u03b4\u03c5\u03bd\u03b1\u03c4\u03cc\u03c4\u03b7\u03c4\u03b1 \u03c7\u03c1\u03ae\u03c3\u03b7\u03c2 \u03c4\u03b7\u03c2 \u03c3\u03b5 \u03b4\u03b9\u03ac\u03c6\u03bf\u03c1\u03b5\u03c2 \u03b5\u03c6\u03b1\u03c1\u03bc\u03bf\u03b3\u03ad\u03c2. \u0395\u03c0\u03af\u03c3\u03b7\u03c2 \u03b5\u03c0\u03b9\u03b4\u03ad\u03c7\u03b5\u03c4\u03b1\u03b9 \u03b5\u03cd\u03ba\u03bf\u03bb\u03b7 \u03ba\u03bf\u03c0\u03ae \u03ba\u03b1\u03b9 \u03bb\u03b5\u03af\u03b1\u03bd\u03c3\u03b7 \u03c0\u03bf\u03c5 \u03c3\u03b1\u03c2 \u03b5\u03c0\u03b9\u03c4\u03c1\u03ad\u03c0\u03b5\u03b9 \u03bd\u03b1 \u03b5\u03c0\u03b9\u03bb\u03ad\u03be\u03b5\u03c4\u03b5 \u03c4\u03bf \u03b1\u03c0\u03b1\u03b9\u03c4\u03bf\u03cd\u03bc\u03b5\u03bd\u03bf \u03bc\u03ad\u03b3\u03b5\u03b8\u03bf\u03c2 \u03ae \u03b3\u03c9\u03bd\u03af\u03b1 [&hellip;]<\/p>\n","protected":false},"featured_media":4768,"comment_status":"open","ping_status":"closed","template":"","meta":{"_acf_changed":false},"product_cat":[278,281],"product_tag":[],"acf":[],"yoast_head":"<!-- This site is optimized with the Yoast SEO plugin v22.9 - https:\/\/yoast.com\/wordpress\/plugins\/seo\/ -->\n<title>Vi-Pro\u00ae \u03a3\u03a0\u0391\u03a4\u039f\u03a5\u039b\u0391 - Proventuss<\/title>\n<meta name=\"robots\" content=\"index, follow, max-snippet:-1, max-image-preview:large, max-video-preview:-1\" \/>\n<link rel=\"canonical\" href=\"https:\/\/proventuss.eu\/el\/produkt\/vi-pro-stalula\/\" \/>\n<meta property=\"og:locale\" content=\"el_GR\" \/>\n<meta property=\"og:type\" content=\"article\" \/>\n<meta property=\"og:title\" content=\"Vi-Pro\u00ae \u03a3\u03a0\u0391\u03a4\u039f\u03a5\u039b\u0391 - Proventuss\" \/>\n<meta property=\"og:description\" content=\"\u03a3\u03a0\u0391\u03a4\u039f\u03a5\u039b\u0391 \u0393\u0399\u0391 \u039b\u0395\u0399\u0391\u039d\u03a3\u0397 \u03a3\u03a6\u03a1\u0391\u0393\u0399\u03a3\u03a4\u0399\u039a\u03a9\u039d \u039a\u0391\u0399 \u039c\u039f\u039d\u03a4\u0395\u039b\u03a9\u039d, \u03ba\u03b1\u03c4\u03b1\u03c3\u03ba\u03b5\u03c5\u03b1\u03c3\u03bc\u03ad\u03bd\u03b7 \u03b1\u03c0\u03cc \u03b5\u03b9\u03b4\u03b9\u03ba\u03ac \u03b5\u03c0\u03b9\u03bb\u03b5\u03b3\u03bc\u03ad\u03bd\u03bf \u03c5\u03bb\u03b9\u03ba\u03cc \u03c0\u03bf\u03c5 \u03c0\u03b1\u03c1\u03ad\u03c7\u03b5\u03b9 \u03b1\u03bd\u03c4\u03b9\u03ba\u03bf\u03bb\u03bb\u03b7\u03c4\u03b9\u03ba\u03ad\u03c2 \u03b9\u03b4\u03b9\u03cc\u03c4\u03b7\u03c4\u03b5\u03c2 \u03c3\u03b5 \u03b5\u03c0\u03b1\u03c6\u03ae \u03bc\u03b5 \u03ba\u03cc\u03bb\u03bb\u03b5\u03c2 \u03ba\u03b1\u03b9 \u03c3\u03c6\u03c1\u03b1\u03b3\u03b9\u03c3\u03c4\u03b9\u03ba\u03ac \u03a4\u03bf \u03c3\u03c7\u03ae\u03bc\u03b1 \u03c4\u03b7\u03c2 \u03c3\u03c0\u03ac\u03c4\u03bf\u03c5\u03bb\u03b1\u03c2 \u03ad\u03c7\u03b5\u03b9 \u03ba\u03b1\u03c4\u03ac\u03bb\u03bb\u03b7\u03bb\u03b5\u03c2 \u03ba\u03b1\u03bc\u03c0\u03c5\u03bb\u03cc\u03c4\u03b7\u03c4\u03b5\u03c2 \u03ba\u03b1\u03b9 \u03b3\u03c9\u03bd\u03af\u03b5\u03c2 \u03c0\u03bf\u03c5 \u03b5\u03be\u03b1\u03c3\u03c6\u03b1\u03bb\u03af\u03b6\u03bf\u03c5\u03bd \u03c4\u03b7\u03bd \u03b4\u03c5\u03bd\u03b1\u03c4\u03cc\u03c4\u03b7\u03c4\u03b1 \u03c7\u03c1\u03ae\u03c3\u03b7\u03c2 \u03c4\u03b7\u03c2 \u03c3\u03b5 \u03b4\u03b9\u03ac\u03c6\u03bf\u03c1\u03b5\u03c2 \u03b5\u03c6\u03b1\u03c1\u03bc\u03bf\u03b3\u03ad\u03c2. \u0395\u03c0\u03af\u03c3\u03b7\u03c2 \u03b5\u03c0\u03b9\u03b4\u03ad\u03c7\u03b5\u03c4\u03b1\u03b9 \u03b5\u03cd\u03ba\u03bf\u03bb\u03b7 \u03ba\u03bf\u03c0\u03ae \u03ba\u03b1\u03b9 \u03bb\u03b5\u03af\u03b1\u03bd\u03c3\u03b7 \u03c0\u03bf\u03c5 \u03c3\u03b1\u03c2 \u03b5\u03c0\u03b9\u03c4\u03c1\u03ad\u03c0\u03b5\u03b9 \u03bd\u03b1 \u03b5\u03c0\u03b9\u03bb\u03ad\u03be\u03b5\u03c4\u03b5 \u03c4\u03bf \u03b1\u03c0\u03b1\u03b9\u03c4\u03bf\u03cd\u03bc\u03b5\u03bd\u03bf \u03bc\u03ad\u03b3\u03b5\u03b8\u03bf\u03c2 \u03ae \u03b3\u03c9\u03bd\u03af\u03b1 [&hellip;]\" \/>\n<meta property=\"og:url\" content=\"https:\/\/proventuss.eu\/el\/produkt\/vi-pro-stalula\/\" \/>\n<meta property=\"og:site_name\" content=\"Proventuss\" \/>\n<meta property=\"article:modified_time\" content=\"2023-11-06T09:00:42+00:00\" \/>\n<meta property=\"og:image\" content=\"https:\/\/proventuss.eu\/wp-content\/uploads\/2022\/04\/Szpatulka.png\" \/>\n\t<meta property=\"og:image:width\" content=\"640\" \/>\n\t<meta property=\"og:image:height\" content=\"640\" \/>\n\t<meta property=\"og:image:type\" content=\"image\/png\" \/>\n<meta name=\"twitter:card\" content=\"summary_large_image\" \/>\n<meta name=\"twitter:label1\" content=\"\u0395\u03ba\u03c4\u03b9\u03bc\u03ce\u03bc\u03b5\u03bd\u03bf\u03c2 \u03c7\u03c1\u03cc\u03bd\u03bf\u03c2 \u03b1\u03bd\u03ac\u03b3\u03bd\u03c9\u03c3\u03b7\u03c2\" \/>\n\t<meta name=\"twitter:data1\" content=\"1 \u03bb\u03b5\u03c0\u03c4\u03cc\" \/>\n<script type=\"application\/ld+json\" class=\"yoast-schema-graph\">{\"@context\":\"https:\/\/schema.org\",\"@graph\":[{\"@type\":\"WebPage\",\"@id\":\"https:\/\/proventuss.eu\/el\/produkt\/vi-pro-stalula\/\",\"url\":\"https:\/\/proventuss.eu\/el\/produkt\/vi-pro-stalula\/\",\"name\":\"Vi-Pro\u00ae \u03a3\u03a0\u0391\u03a4\u039f\u03a5\u039b\u0391 - Proventuss\",\"isPartOf\":{\"@id\":\"https:\/\/proventuss.eu\/#website\"},\"primaryImageOfPage\":{\"@id\":\"https:\/\/proventuss.eu\/el\/produkt\/vi-pro-stalula\/#primaryimage\"},\"image\":{\"@id\":\"https:\/\/proventuss.eu\/el\/produkt\/vi-pro-stalula\/#primaryimage\"},\"thumbnailUrl\":\"https:\/\/proventuss.eu\/wp-content\/uploads\/2022\/04\/Szpatulka.png\",\"datePublished\":\"2022-04-26T11:43:08+00:00\",\"dateModified\":\"2023-11-06T09:00:42+00:00\",\"breadcrumb\":{\"@id\":\"https:\/\/proventuss.eu\/el\/produkt\/vi-pro-stalula\/#breadcrumb\"},\"inLanguage\":\"el\",\"potentialAction\":[{\"@type\":\"ReadAction\",\"target\":[\"https:\/\/proventuss.eu\/el\/produkt\/vi-pro-stalula\/\"]}]},{\"@type\":\"ImageObject\",\"inLanguage\":\"el\",\"@id\":\"https:\/\/proventuss.eu\/el\/produkt\/vi-pro-stalula\/#primaryimage\",\"url\":\"https:\/\/proventuss.eu\/wp-content\/uploads\/2022\/04\/Szpatulka.png\",\"contentUrl\":\"https:\/\/proventuss.eu\/wp-content\/uploads\/2022\/04\/Szpatulka.png\",\"width\":640,\"height\":640,\"caption\":\"Na zdj\u0119ciu Szpachelka do wyg\u0142adzania i modelowania mas uszczelniaj\u0105cych. Zapewnia w\u0142a\u015bciwo\u015bci antyadhezyjne w kontakcie z klejami i uszczelniaczami. Kolor czarny.\"},{\"@type\":\"BreadcrumbList\",\"@id\":\"https:\/\/proventuss.eu\/el\/produkt\/vi-pro-stalula\/#breadcrumb\",\"itemListElement\":[{\"@type\":\"ListItem\",\"position\":1,\"name\":\"Home\",\"item\":\"https:\/\/proventuss.eu\/\"},{\"@type\":\"ListItem\",\"position\":2,\"name\":\"\u03a0\u03c1\u03bf\u03ca\u03cc\u03bd\u03c4\u03b1\",\"item\":\"https:\/\/proventuss.eu\/%cf%80%cf%81%ce%bf%cf%8a%cf%8c%ce%bd%cf%84%ce%b1\/\"},{\"@type\":\"ListItem\",\"position\":3,\"name\":\"Vi-Pro\u00ae \u03a3\u03a0\u0391\u03a4\u039f\u03a5\u039b\u0391\"}]},{\"@type\":\"WebSite\",\"@id\":\"https:\/\/proventuss.eu\/#website\",\"url\":\"https:\/\/proventuss.eu\/\",\"name\":\"Proventuss\",\"description\":\"\",\"potentialAction\":[{\"@type\":\"SearchAction\",\"target\":{\"@type\":\"EntryPoint\",\"urlTemplate\":\"https:\/\/proventuss.eu\/?s={search_term_string}\"},\"query-input\":\"required name=search_term_string\"}],\"inLanguage\":\"el\"}]}<\/script>\n<!-- \/ Yoast SEO plugin. -->","yoast_head_json":{"title":"Vi-Pro\u00ae \u03a3\u03a0\u0391\u03a4\u039f\u03a5\u039b\u0391 - Proventuss","robots":{"index":"index","follow":"follow","max-snippet":"max-snippet:-1","max-image-preview":"max-image-preview:large","max-video-preview":"max-video-preview:-1"},"canonical":"https:\/\/proventuss.eu\/el\/produkt\/vi-pro-stalula\/","og_locale":"el_GR","og_type":"article","og_title":"Vi-Pro\u00ae \u03a3\u03a0\u0391\u03a4\u039f\u03a5\u039b\u0391 - Proventuss","og_description":"\u03a3\u03a0\u0391\u03a4\u039f\u03a5\u039b\u0391 \u0393\u0399\u0391 \u039b\u0395\u0399\u0391\u039d\u03a3\u0397 \u03a3\u03a6\u03a1\u0391\u0393\u0399\u03a3\u03a4\u0399\u039a\u03a9\u039d \u039a\u0391\u0399 \u039c\u039f\u039d\u03a4\u0395\u039b\u03a9\u039d, \u03ba\u03b1\u03c4\u03b1\u03c3\u03ba\u03b5\u03c5\u03b1\u03c3\u03bc\u03ad\u03bd\u03b7 \u03b1\u03c0\u03cc \u03b5\u03b9\u03b4\u03b9\u03ba\u03ac \u03b5\u03c0\u03b9\u03bb\u03b5\u03b3\u03bc\u03ad\u03bd\u03bf \u03c5\u03bb\u03b9\u03ba\u03cc \u03c0\u03bf\u03c5 \u03c0\u03b1\u03c1\u03ad\u03c7\u03b5\u03b9 \u03b1\u03bd\u03c4\u03b9\u03ba\u03bf\u03bb\u03bb\u03b7\u03c4\u03b9\u03ba\u03ad\u03c2 \u03b9\u03b4\u03b9\u03cc\u03c4\u03b7\u03c4\u03b5\u03c2 \u03c3\u03b5 \u03b5\u03c0\u03b1\u03c6\u03ae \u03bc\u03b5 \u03ba\u03cc\u03bb\u03bb\u03b5\u03c2 \u03ba\u03b1\u03b9 \u03c3\u03c6\u03c1\u03b1\u03b3\u03b9\u03c3\u03c4\u03b9\u03ba\u03ac \u03a4\u03bf \u03c3\u03c7\u03ae\u03bc\u03b1 \u03c4\u03b7\u03c2 \u03c3\u03c0\u03ac\u03c4\u03bf\u03c5\u03bb\u03b1\u03c2 \u03ad\u03c7\u03b5\u03b9 \u03ba\u03b1\u03c4\u03ac\u03bb\u03bb\u03b7\u03bb\u03b5\u03c2 \u03ba\u03b1\u03bc\u03c0\u03c5\u03bb\u03cc\u03c4\u03b7\u03c4\u03b5\u03c2 \u03ba\u03b1\u03b9 \u03b3\u03c9\u03bd\u03af\u03b5\u03c2 \u03c0\u03bf\u03c5 \u03b5\u03be\u03b1\u03c3\u03c6\u03b1\u03bb\u03af\u03b6\u03bf\u03c5\u03bd \u03c4\u03b7\u03bd \u03b4\u03c5\u03bd\u03b1\u03c4\u03cc\u03c4\u03b7\u03c4\u03b1 \u03c7\u03c1\u03ae\u03c3\u03b7\u03c2 \u03c4\u03b7\u03c2 \u03c3\u03b5 \u03b4\u03b9\u03ac\u03c6\u03bf\u03c1\u03b5\u03c2 \u03b5\u03c6\u03b1\u03c1\u03bc\u03bf\u03b3\u03ad\u03c2. \u0395\u03c0\u03af\u03c3\u03b7\u03c2 \u03b5\u03c0\u03b9\u03b4\u03ad\u03c7\u03b5\u03c4\u03b1\u03b9 \u03b5\u03cd\u03ba\u03bf\u03bb\u03b7 \u03ba\u03bf\u03c0\u03ae \u03ba\u03b1\u03b9 \u03bb\u03b5\u03af\u03b1\u03bd\u03c3\u03b7 \u03c0\u03bf\u03c5 \u03c3\u03b1\u03c2 \u03b5\u03c0\u03b9\u03c4\u03c1\u03ad\u03c0\u03b5\u03b9 \u03bd\u03b1 \u03b5\u03c0\u03b9\u03bb\u03ad\u03be\u03b5\u03c4\u03b5 \u03c4\u03bf \u03b1\u03c0\u03b1\u03b9\u03c4\u03bf\u03cd\u03bc\u03b5\u03bd\u03bf \u03bc\u03ad\u03b3\u03b5\u03b8\u03bf\u03c2 \u03ae \u03b3\u03c9\u03bd\u03af\u03b1 [&hellip;]","og_url":"https:\/\/proventuss.eu\/el\/produkt\/vi-pro-stalula\/","og_site_name":"Proventuss","article_modified_time":"2023-11-06T09:00:42+00:00","og_image":[{"width":640,"height":640,"url":"https:\/\/proventuss.eu\/wp-content\/uploads\/2022\/04\/Szpatulka.png","type":"image\/png"}],"twitter_card":"summary_large_image","twitter_misc":{"\u0395\u03ba\u03c4\u03b9\u03bc\u03ce\u03bc\u03b5\u03bd\u03bf\u03c2 \u03c7\u03c1\u03cc\u03bd\u03bf\u03c2 \u03b1\u03bd\u03ac\u03b3\u03bd\u03c9\u03c3\u03b7\u03c2":"1 \u03bb\u03b5\u03c0\u03c4\u03cc"},"schema":{"@context":"https:\/\/schema.org","@graph":[{"@type":"WebPage","@id":"https:\/\/proventuss.eu\/el\/produkt\/vi-pro-stalula\/","url":"https:\/\/proventuss.eu\/el\/produkt\/vi-pro-stalula\/","name":"Vi-Pro\u00ae \u03a3\u03a0\u0391\u03a4\u039f\u03a5\u039b\u0391 - Proventuss","isPartOf":{"@id":"https:\/\/proventuss.eu\/#website"},"primaryImageOfPage":{"@id":"https:\/\/proventuss.eu\/el\/produkt\/vi-pro-stalula\/#primaryimage"},"image":{"@id":"https:\/\/proventuss.eu\/el\/produkt\/vi-pro-stalula\/#primaryimage"},"thumbnailUrl":"https:\/\/proventuss.eu\/wp-content\/uploads\/2022\/04\/Szpatulka.png","datePublished":"2022-04-26T11:43:08+00:00","dateModified":"2023-11-06T09:00:42+00:00","breadcrumb":{"@id":"https:\/\/proventuss.eu\/el\/produkt\/vi-pro-stalula\/#breadcrumb"},"inLanguage":"el","potentialAction":[{"@type":"ReadAction","target":["https:\/\/proventuss.eu\/el\/produkt\/vi-pro-stalula\/"]}]},{"@type":"ImageObject","inLanguage":"el","@id":"https:\/\/proventuss.eu\/el\/produkt\/vi-pro-stalula\/#primaryimage","url":"https:\/\/proventuss.eu\/wp-content\/uploads\/2022\/04\/Szpatulka.png","contentUrl":"https:\/\/proventuss.eu\/wp-content\/uploads\/2022\/04\/Szpatulka.png","width":640,"height":640,"caption":"Na zdj\u0119ciu Szpachelka do wyg\u0142adzania i modelowania mas uszczelniaj\u0105cych. Zapewnia w\u0142a\u015bciwo\u015bci antyadhezyjne w kontakcie z klejami i uszczelniaczami. Kolor czarny."},{"@type":"BreadcrumbList","@id":"https:\/\/proventuss.eu\/el\/produkt\/vi-pro-stalula\/#breadcrumb","itemListElement":[{"@type":"ListItem","position":1,"name":"Home","item":"https:\/\/proventuss.eu\/"},{"@type":"ListItem","position":2,"name":"\u03a0\u03c1\u03bf\u03ca\u03cc\u03bd\u03c4\u03b1","item":"https:\/\/proventuss.eu\/%cf%80%cf%81%ce%bf%cf%8a%cf%8c%ce%bd%cf%84%ce%b1\/"},{"@type":"ListItem","position":3,"name":"Vi-Pro\u00ae \u03a3\u03a0\u0391\u03a4\u039f\u03a5\u039b\u0391"}]},{"@type":"WebSite","@id":"https:\/\/proventuss.eu\/#website","url":"https:\/\/proventuss.eu\/","name":"Proventuss","description":"","potentialAction":[{"@type":"SearchAction","target":{"@type":"EntryPoint","urlTemplate":"https:\/\/proventuss.eu\/?s={search_term_string}"},"query-input":"required name=search_term_string"}],"inLanguage":"el"}]}},"_links":{"self":[{"href":"https:\/\/proventuss.eu\/el\/wp-json\/wp\/v2\/product\/6317"}],"collection":[{"href":"https:\/\/proventuss.eu\/el\/wp-json\/wp\/v2\/product"}],"about":[{"href":"https:\/\/proventuss.eu\/el\/wp-json\/wp\/v2\/types\/product"}],"replies":[{"embeddable":true,"href":"https:\/\/proventuss.eu\/el\/wp-json\/wp\/v2\/comments?post=6317"}],"wp:featuredmedia":[{"embeddable":true,"href":"https:\/\/proventuss.eu\/el\/wp-json\/wp\/v2\/media\/4768"}],"wp:attachment":[{"href":"https:\/\/proventuss.eu\/el\/wp-json\/wp\/v2\/media?parent=6317"}],"wp:term":[{"taxonomy":"product_cat","embeddable":true,"href":"https:\/\/proventuss.eu\/el\/wp-json\/wp\/v2\/product_cat?post=6317"},{"taxonomy":"product_tag","embeddable":true,"href":"https:\/\/proventuss.eu\/el\/wp-json\/wp\/v2\/product_tag?post=6317"}],"curies":[{"name":"wp","href":"https:\/\/api.w.org\/{rel}","templated":true}]}}