{"id":6303,"date":"2022-04-26T11:09:55","date_gmt":"2022-04-26T11:09:55","guid":{"rendered":"https:\/\/proventuss.eu\/produkt\/vi-pro-pneumatic-gun-310-600-ml\/"},"modified":"2024-10-22T10:22:32","modified_gmt":"2024-10-22T10:22:32","slug":"vi-pro-pneumatic-gun-310-600-ml","status":"publish","type":"product","link":"https:\/\/proventuss.eu\/el\/\u03c0\u03c1\u03bf\u03ca\u03cc\u03bd\/vi-pro-pneumatic-gun-310-600-ml\/","title":{"rendered":"Vi-Pro\u00ae PNEUMATIC GUN 310-600 ML"},"content":{"rendered":"<p>\u039c\u03c0\u03bf\u03c1\u03bf\u03cd\u03bc\u03b5 \u03bd\u03b1 \u03b5\u03c6\u03b1\u03c1\u03bc\u03cc\u03c3\u03bf\u03c5\u03bc\u03b5 \u03ba\u03cc\u03bb\u03bb\u03b5\u03c2, \u03c3\u03b9\u03bb\u03b9\u03ba\u03cc\u03bd\u03b5\u03c2 \u03ba\u03b1\u03b9 \u03c3\u03c4\u03b5\u03b3\u03b1\u03bd\u03c9\u03c4\u03b9\u03ba\u03ac \u03b3\u03c1\u03ae\u03b3\u03bf\u03c1\u03b1 \u03ba\u03b1\u03b9 \u03bc\u03b5 \u03b1\u03ba\u03c1\u03af\u03b2\u03b5\u03b9\u03b1 \u03c7\u03c1\u03b7\u03c3\u03b9\u03bc\u03bf\u03c0\u03bf\u03b9\u03ce\u03bd\u03c4\u03b1\u03c2 \u03ad\u03bd\u03b1\u03bd \u03b5\u03c0\u03b1\u03b3\u03b3\u03b5\u03bb\u03bc\u03b1\u03c4\u03b9\u03ba\u03cc \u03c0\u03bd\u03b5\u03c5\u03bc\u03b1\u03c4\u03b9\u03ba\u03cc \u03c3\u03c4\u03af\u03c6\u03c4\u03b7 \u03bc\u03b5 \u03c1\u03cd\u03b8\u03bc\u03b9\u03c3\u03b7 \u03c0\u03af\u03b5\u03c3\u03b7\u03c2 Vi-Pro\u00ae Pneumatic Gun 310-600 ml. \u03a7\u03ac\u03c1\u03b7 \u03c3\u03b5 \u03ad\u03bd\u03b1 \u03c0\u03c1\u03cc\u03c3\u03b8\u03b5\u03c4\u03bf \u03c3\u03c4\u03bf\u03b9\u03c7\u03b5\u03af\u03bf, \u03bf \u03c3\u03c5\u03bc\u03c0\u03b9\u03b5\u03c3\u03c4\u03ae\u03c2 \u03b3\u03b5\u03bd\u03b9\u03ba\u03ae\u03c2 \u03c7\u03c1\u03ae\u03c3\u03b7\u03c2 \u03b5\u03be\u03b1\u03c3\u03c6\u03b1\u03bb\u03af\u03b6\u03b5\u03b9 \u03c4\u03b7\u03bd \u03b5\u03c6\u03b1\u03c1\u03bc\u03bf\u03b3\u03ae \u03bc\u03b1\u03b6\u03ce\u03bd \u03c3\u03c5\u03c3\u03ba\u03b5\u03c5\u03b1\u03c3\u03bc\u03ad\u03bd\u03c9\u03bd \u03c3\u03c4\u03bf \u03bb\u03b5\u03b3\u03cc\u03bc\u03b5\u03bd\u03bf \u03bb\u03bf\u03c5\u03ba\u03ac\u03bd\u03b9\u03ba\u03bf \u03bc\u03b5 \u03cc\u03b3\u03ba\u03bf 600 ml (\u03c0.\u03c7. Vi-Pro\u00ae EPDM Paste Adhesive 903) \u03ba\u03b1\u03b9 \u03c3\u03b5 \u03c6\u03c5\u03c3\u03af\u03b3\u03b3\u03b9\u03b1 \u03c7\u03c9\u03c1\u03b7\u03c4\u03b9\u03ba\u03cc\u03c4\u03b7\u03c4\u03b1\u03c2 310 ml.<\/p>\n<p>\u03a7\u03b1\u03c1\u03b1\u03ba\u03c4\u03b7\u03c1\u03b9\u03c3\u03c4\u03b9\u03ba\u03ac \u03b3\u03bd\u03c9\u03c1\u03af\u03c3\u03bc\u03b1\u03c4\u03b1:<\/p>\n<ul>\n<li>\u03b3\u03b9\u03b1 \u03bb\u03bf\u03c5\u03ba\u03ac\u03bd\u03b9\u03ba\u03b1 600 ml \u03ba\u03b1\u03b9 \u03c6\u03c5\u03c3\u03af\u03b3\u03b3\u03b9\u03b1 \u03c4\u03c9\u03bd 310 ml<\/li>\n<li>\u03b1\u03ba\u03c1\u03b9\u03b2\u03ae\u03c2 \u03b5\u03c6\u03b1\u03c1\u03bc\u03bf\u03b3\u03ae \u03ba\u03b1\u03b9 \u03c5\u03c8\u03b7\u03bb\u03ae \u03b5\u03c5\u03b1\u03b9\u03c3\u03b8\u03b7\u03c3\u03af\u03b1<\/li>\n<li>\u03b5\u03c1\u03b3\u03bf\u03bd\u03bf\u03bc\u03b9\u03ba\u03ae \u03bb\u03b1\u03b2\u03ae, \u03ac\u03bd\u03b5\u03c4\u03bf \u03ba\u03c1\u03ac\u03c4\u03b7\u03bc\u03b1<\/li>\n<li>\u03bc\u03b5\u03b9\u03c9\u03c4\u03ae\u03c2 \u03bc\u03b5\u03b9\u03c9\u03bc\u03ad\u03bd\u03b7\u03c2 \u03c0\u03af\u03b5\u03c3\u03b7\u03c2<\/li>\n<li>\u03b5\u03bd\u03c3\u03c9\u03bc\u03b1\u03c4\u03c9\u03bc\u03ad\u03bd\u03b7 \u03c4\u03b9\u03bc\u03ae \u03b5\u03ba\u03c6\u03cc\u03c1\u03c4\u03b9\u03c3\u03b7\u03c2 (\u03c7\u03c9\u03c1\u03af\u03c2 \u03c3\u03c4\u03ac\u03b6\u03b5\u03b9)<\/li>\n<li>\u03c0\u03bd\u03b5\u03c5\u03bc\u03b1\u03c4\u03b9\u03ba\u03ae \u03b5\u03c0\u03b9\u03c3\u03c4\u03c1\u03bf\u03c6\u03ae<\/li>\n<li>\u03b5\u03c0\u03af\u03c0\u03b5\u03b4\u03bf \u03b8\u03bf\u03c1\u03cd\u03b2\u03bf\u03c5 &#8211; &lt;80 dB<\/li>\n<li>\u03c3\u03c5\u03bd\u03bf\u03bb\u03b9\u03ba\u03cc \u03bc\u03ae\u03ba\u03bf\u03c2 &#8211; 400 mm<\/li>\n<li>\u03ba\u03b1\u03b8\u03b1\u03c1\u03cc \u03b2\u03ac\u03c1\u03bf\u03c2 &#8211; 1.252 \u03b3\u03c1<\/li>\n<li>\u03c0\u03af\u03b5\u03c3\u03b7 \u03b5\u03c1\u03b3\u03b1\u03c3\u03af\u03b1\u03c2 0-10 bar<\/li>\n<li>\u03bc\u03ad\u03b3\u03b9\u03c3\u03c4\u03b7 \u03b4\u03cd\u03bd\u03b1\u03bc\u03b7 &#8211; 200 Kgf (10 bar \u2013 145 PSI) \u2013 1.961 kN<\/li>\n<li>\u03c3\u03cd\u03bd\u03b4\u03b5\u03c3\u03b7 &#8211; 1\/4 \u03b1\u03c1\u03c3\u03b5\u03bd\u03b9\u03ba\u03cc \u03b1\u03ad\u03c1\u03b9\u03bf<\/li>\n<\/ul>\n<p>\u03a3\u03c5\u03c3\u03ba\u03b5\u03c5\u03b1\u03c3\u03af\u03b1: 1 \u03c4\u03b5\u03bc \u03c3\u03b5 \u03c7\u03b1\u03c1\u03c4\u03bf\u03ba\u03b9\u03b2\u03ce\u03c4\u03b9\u03bf.<\/p>\n","protected":false},"excerpt":{"rendered":"<p>\u039c\u03c0\u03bf\u03c1\u03bf\u03cd\u03bc\u03b5 \u03bd\u03b1 \u03b5\u03c6\u03b1\u03c1\u03bc\u03cc\u03c3\u03bf\u03c5\u03bc\u03b5 \u03ba\u03cc\u03bb\u03bb\u03b5\u03c2, \u03c3\u03b9\u03bb\u03b9\u03ba\u03cc\u03bd\u03b5\u03c2 \u03ba\u03b1\u03b9 \u03c3\u03c4\u03b5\u03b3\u03b1\u03bd\u03c9\u03c4\u03b9\u03ba\u03ac \u03b3\u03c1\u03ae\u03b3\u03bf\u03c1\u03b1 \u03ba\u03b1\u03b9 \u03bc\u03b5 \u03b1\u03ba\u03c1\u03af\u03b2\u03b5\u03b9\u03b1 \u03c7\u03c1\u03b7\u03c3\u03b9\u03bc\u03bf\u03c0\u03bf\u03b9\u03ce\u03bd\u03c4\u03b1\u03c2 \u03ad\u03bd\u03b1\u03bd \u03b5\u03c0\u03b1\u03b3\u03b3\u03b5\u03bb\u03bc\u03b1\u03c4\u03b9\u03ba\u03cc \u03c0\u03bd\u03b5\u03c5\u03bc\u03b1\u03c4\u03b9\u03ba\u03cc \u03c3\u03c4\u03af\u03c6\u03c4\u03b7 \u03bc\u03b5 \u03c1\u03cd\u03b8\u03bc\u03b9\u03c3\u03b7 \u03c0\u03af\u03b5\u03c3\u03b7\u03c2 Vi-Pro\u00ae Pneumatic Gun 310-600 ml. \u03a7\u03ac\u03c1\u03b7 \u03c3\u03b5 \u03ad\u03bd\u03b1 \u03c0\u03c1\u03cc\u03c3\u03b8\u03b5\u03c4\u03bf \u03c3\u03c4\u03bf\u03b9\u03c7\u03b5\u03af\u03bf, \u03bf \u03c3\u03c5\u03bc\u03c0\u03b9\u03b5\u03c3\u03c4\u03ae\u03c2 \u03b3\u03b5\u03bd\u03b9\u03ba\u03ae\u03c2 \u03c7\u03c1\u03ae\u03c3\u03b7\u03c2 \u03b5\u03be\u03b1\u03c3\u03c6\u03b1\u03bb\u03af\u03b6\u03b5\u03b9 \u03c4\u03b7\u03bd \u03b5\u03c6\u03b1\u03c1\u03bc\u03bf\u03b3\u03ae \u03bc\u03b1\u03b6\u03ce\u03bd \u03c3\u03c5\u03c3\u03ba\u03b5\u03c5\u03b1\u03c3\u03bc\u03ad\u03bd\u03c9\u03bd \u03c3\u03c4\u03bf \u03bb\u03b5\u03b3\u03cc\u03bc\u03b5\u03bd\u03bf \u03bb\u03bf\u03c5\u03ba\u03ac\u03bd\u03b9\u03ba\u03bf \u03bc\u03b5 \u03cc\u03b3\u03ba\u03bf 600 ml (\u03c0.\u03c7. Vi-Pro\u00ae EPDM Paste Adhesive 903) \u03ba\u03b1\u03b9 \u03c3\u03b5 \u03c6\u03c5\u03c3\u03af\u03b3\u03b3\u03b9\u03b1 \u03c7\u03c9\u03c1\u03b7\u03c4\u03b9\u03ba\u03cc\u03c4\u03b7\u03c4\u03b1\u03c2 [&hellip;]<\/p>\n","protected":false},"featured_media":5849,"comment_status":"open","ping_status":"closed","template":"","meta":{"_acf_changed":false},"product_cat":[277,306],"product_tag":[],"acf":[],"yoast_head":"<!-- This site is optimized with the Yoast SEO plugin v22.9 - https:\/\/yoast.com\/wordpress\/plugins\/seo\/ -->\n<title>Vi-Pro\u00ae PNEUMATIC GUN 310-600 ML - Proventuss<\/title>\n<meta name=\"robots\" content=\"index, follow, max-snippet:-1, max-image-preview:large, max-video-preview:-1\" \/>\n<link rel=\"canonical\" href=\"https:\/\/proventuss.eu\/el\/produkt\/vi-pro-pneumatic-gun-310-600-ml\/\" \/>\n<meta property=\"og:locale\" content=\"el_GR\" \/>\n<meta property=\"og:type\" content=\"article\" \/>\n<meta property=\"og:title\" content=\"Vi-Pro\u00ae PNEUMATIC GUN 310-600 ML - Proventuss\" \/>\n<meta property=\"og:description\" content=\"\u039c\u03c0\u03bf\u03c1\u03bf\u03cd\u03bc\u03b5 \u03bd\u03b1 \u03b5\u03c6\u03b1\u03c1\u03bc\u03cc\u03c3\u03bf\u03c5\u03bc\u03b5 \u03ba\u03cc\u03bb\u03bb\u03b5\u03c2, \u03c3\u03b9\u03bb\u03b9\u03ba\u03cc\u03bd\u03b5\u03c2 \u03ba\u03b1\u03b9 \u03c3\u03c4\u03b5\u03b3\u03b1\u03bd\u03c9\u03c4\u03b9\u03ba\u03ac \u03b3\u03c1\u03ae\u03b3\u03bf\u03c1\u03b1 \u03ba\u03b1\u03b9 \u03bc\u03b5 \u03b1\u03ba\u03c1\u03af\u03b2\u03b5\u03b9\u03b1 \u03c7\u03c1\u03b7\u03c3\u03b9\u03bc\u03bf\u03c0\u03bf\u03b9\u03ce\u03bd\u03c4\u03b1\u03c2 \u03ad\u03bd\u03b1\u03bd \u03b5\u03c0\u03b1\u03b3\u03b3\u03b5\u03bb\u03bc\u03b1\u03c4\u03b9\u03ba\u03cc \u03c0\u03bd\u03b5\u03c5\u03bc\u03b1\u03c4\u03b9\u03ba\u03cc \u03c3\u03c4\u03af\u03c6\u03c4\u03b7 \u03bc\u03b5 \u03c1\u03cd\u03b8\u03bc\u03b9\u03c3\u03b7 \u03c0\u03af\u03b5\u03c3\u03b7\u03c2 Vi-Pro\u00ae Pneumatic Gun 310-600 ml. \u03a7\u03ac\u03c1\u03b7 \u03c3\u03b5 \u03ad\u03bd\u03b1 \u03c0\u03c1\u03cc\u03c3\u03b8\u03b5\u03c4\u03bf \u03c3\u03c4\u03bf\u03b9\u03c7\u03b5\u03af\u03bf, \u03bf \u03c3\u03c5\u03bc\u03c0\u03b9\u03b5\u03c3\u03c4\u03ae\u03c2 \u03b3\u03b5\u03bd\u03b9\u03ba\u03ae\u03c2 \u03c7\u03c1\u03ae\u03c3\u03b7\u03c2 \u03b5\u03be\u03b1\u03c3\u03c6\u03b1\u03bb\u03af\u03b6\u03b5\u03b9 \u03c4\u03b7\u03bd \u03b5\u03c6\u03b1\u03c1\u03bc\u03bf\u03b3\u03ae \u03bc\u03b1\u03b6\u03ce\u03bd \u03c3\u03c5\u03c3\u03ba\u03b5\u03c5\u03b1\u03c3\u03bc\u03ad\u03bd\u03c9\u03bd \u03c3\u03c4\u03bf \u03bb\u03b5\u03b3\u03cc\u03bc\u03b5\u03bd\u03bf \u03bb\u03bf\u03c5\u03ba\u03ac\u03bd\u03b9\u03ba\u03bf \u03bc\u03b5 \u03cc\u03b3\u03ba\u03bf 600 ml (\u03c0.\u03c7. Vi-Pro\u00ae EPDM Paste Adhesive 903) \u03ba\u03b1\u03b9 \u03c3\u03b5 \u03c6\u03c5\u03c3\u03af\u03b3\u03b3\u03b9\u03b1 \u03c7\u03c9\u03c1\u03b7\u03c4\u03b9\u03ba\u03cc\u03c4\u03b7\u03c4\u03b1\u03c2 [&hellip;]\" \/>\n<meta property=\"og:url\" content=\"https:\/\/proventuss.eu\/el\/produkt\/vi-pro-pneumatic-gun-310-600-ml\/\" \/>\n<meta property=\"og:site_name\" content=\"Proventuss\" \/>\n<meta property=\"article:modified_time\" content=\"2024-10-22T10:22:32+00:00\" \/>\n<meta property=\"og:image\" content=\"https:\/\/proventuss.eu\/wp-content\/uploads\/2022\/04\/Vi-Pro-Pneumatic-Gun-310-600-ml.png\" \/>\n\t<meta property=\"og:image:width\" content=\"768\" \/>\n\t<meta property=\"og:image:height\" content=\"768\" \/>\n\t<meta property=\"og:image:type\" content=\"image\/png\" \/>\n<meta name=\"twitter:card\" content=\"summary_large_image\" \/>\n<meta name=\"twitter:label1\" content=\"\u0395\u03ba\u03c4\u03b9\u03bc\u03ce\u03bc\u03b5\u03bd\u03bf\u03c2 \u03c7\u03c1\u03cc\u03bd\u03bf\u03c2 \u03b1\u03bd\u03ac\u03b3\u03bd\u03c9\u03c3\u03b7\u03c2\" \/>\n\t<meta name=\"twitter:data1\" content=\"1 \u03bb\u03b5\u03c0\u03c4\u03cc\" \/>\n<script type=\"application\/ld+json\" class=\"yoast-schema-graph\">{\"@context\":\"https:\/\/schema.org\",\"@graph\":[{\"@type\":\"WebPage\",\"@id\":\"https:\/\/proventuss.eu\/el\/produkt\/vi-pro-pneumatic-gun-310-600-ml\/\",\"url\":\"https:\/\/proventuss.eu\/el\/produkt\/vi-pro-pneumatic-gun-310-600-ml\/\",\"name\":\"Vi-Pro\u00ae PNEUMATIC GUN 310-600 ML - Proventuss\",\"isPartOf\":{\"@id\":\"https:\/\/proventuss.eu\/#website\"},\"primaryImageOfPage\":{\"@id\":\"https:\/\/proventuss.eu\/el\/produkt\/vi-pro-pneumatic-gun-310-600-ml\/#primaryimage\"},\"image\":{\"@id\":\"https:\/\/proventuss.eu\/el\/produkt\/vi-pro-pneumatic-gun-310-600-ml\/#primaryimage\"},\"thumbnailUrl\":\"https:\/\/proventuss.eu\/wp-content\/uploads\/2022\/04\/Vi-Pro-Pneumatic-Gun-310-600-ml.png\",\"datePublished\":\"2022-04-26T11:09:55+00:00\",\"dateModified\":\"2024-10-22T10:22:32+00:00\",\"breadcrumb\":{\"@id\":\"https:\/\/proventuss.eu\/el\/produkt\/vi-pro-pneumatic-gun-310-600-ml\/#breadcrumb\"},\"inLanguage\":\"el\",\"potentialAction\":[{\"@type\":\"ReadAction\",\"target\":[\"https:\/\/proventuss.eu\/el\/produkt\/vi-pro-pneumatic-gun-310-600-ml\/\"]}]},{\"@type\":\"ImageObject\",\"inLanguage\":\"el\",\"@id\":\"https:\/\/proventuss.eu\/el\/produkt\/vi-pro-pneumatic-gun-310-600-ml\/#primaryimage\",\"url\":\"https:\/\/proventuss.eu\/wp-content\/uploads\/2022\/04\/Vi-Pro-Pneumatic-Gun-310-600-ml.png\",\"contentUrl\":\"https:\/\/proventuss.eu\/wp-content\/uploads\/2022\/04\/Vi-Pro-Pneumatic-Gun-310-600-ml.png\",\"width\":768,\"height\":768,\"caption\":\"Na zdj\u0119ciu Pistolet pneumatyczny do kie\u0142basek 600 ml i kartuszy 310 ml. Precyzyjna aplikacja i wysoka czu\u0142o\u015b\u0107. Ergonomiczna r\u0119koje\u015b\u0107, wygodny chwyt. Kolor czarny.\"},{\"@type\":\"BreadcrumbList\",\"@id\":\"https:\/\/proventuss.eu\/el\/produkt\/vi-pro-pneumatic-gun-310-600-ml\/#breadcrumb\",\"itemListElement\":[{\"@type\":\"ListItem\",\"position\":1,\"name\":\"Home\",\"item\":\"https:\/\/proventuss.eu\/\"},{\"@type\":\"ListItem\",\"position\":2,\"name\":\"\u03a0\u03c1\u03bf\u03ca\u03cc\u03bd\u03c4\u03b1\",\"item\":\"https:\/\/proventuss.eu\/%cf%80%cf%81%ce%bf%cf%8a%cf%8c%ce%bd%cf%84%ce%b1\/\"},{\"@type\":\"ListItem\",\"position\":3,\"name\":\"Vi-Pro\u00ae PNEUMATIC GUN 310-600 ML\"}]},{\"@type\":\"WebSite\",\"@id\":\"https:\/\/proventuss.eu\/#website\",\"url\":\"https:\/\/proventuss.eu\/\",\"name\":\"Proventuss\",\"description\":\"\",\"potentialAction\":[{\"@type\":\"SearchAction\",\"target\":{\"@type\":\"EntryPoint\",\"urlTemplate\":\"https:\/\/proventuss.eu\/?s={search_term_string}\"},\"query-input\":\"required name=search_term_string\"}],\"inLanguage\":\"el\"}]}<\/script>\n<!-- \/ Yoast SEO plugin. -->","yoast_head_json":{"title":"Vi-Pro\u00ae PNEUMATIC GUN 310-600 ML - Proventuss","robots":{"index":"index","follow":"follow","max-snippet":"max-snippet:-1","max-image-preview":"max-image-preview:large","max-video-preview":"max-video-preview:-1"},"canonical":"https:\/\/proventuss.eu\/el\/produkt\/vi-pro-pneumatic-gun-310-600-ml\/","og_locale":"el_GR","og_type":"article","og_title":"Vi-Pro\u00ae PNEUMATIC GUN 310-600 ML - Proventuss","og_description":"\u039c\u03c0\u03bf\u03c1\u03bf\u03cd\u03bc\u03b5 \u03bd\u03b1 \u03b5\u03c6\u03b1\u03c1\u03bc\u03cc\u03c3\u03bf\u03c5\u03bc\u03b5 \u03ba\u03cc\u03bb\u03bb\u03b5\u03c2, \u03c3\u03b9\u03bb\u03b9\u03ba\u03cc\u03bd\u03b5\u03c2 \u03ba\u03b1\u03b9 \u03c3\u03c4\u03b5\u03b3\u03b1\u03bd\u03c9\u03c4\u03b9\u03ba\u03ac \u03b3\u03c1\u03ae\u03b3\u03bf\u03c1\u03b1 \u03ba\u03b1\u03b9 \u03bc\u03b5 \u03b1\u03ba\u03c1\u03af\u03b2\u03b5\u03b9\u03b1 \u03c7\u03c1\u03b7\u03c3\u03b9\u03bc\u03bf\u03c0\u03bf\u03b9\u03ce\u03bd\u03c4\u03b1\u03c2 \u03ad\u03bd\u03b1\u03bd \u03b5\u03c0\u03b1\u03b3\u03b3\u03b5\u03bb\u03bc\u03b1\u03c4\u03b9\u03ba\u03cc \u03c0\u03bd\u03b5\u03c5\u03bc\u03b1\u03c4\u03b9\u03ba\u03cc \u03c3\u03c4\u03af\u03c6\u03c4\u03b7 \u03bc\u03b5 \u03c1\u03cd\u03b8\u03bc\u03b9\u03c3\u03b7 \u03c0\u03af\u03b5\u03c3\u03b7\u03c2 Vi-Pro\u00ae Pneumatic Gun 310-600 ml. \u03a7\u03ac\u03c1\u03b7 \u03c3\u03b5 \u03ad\u03bd\u03b1 \u03c0\u03c1\u03cc\u03c3\u03b8\u03b5\u03c4\u03bf \u03c3\u03c4\u03bf\u03b9\u03c7\u03b5\u03af\u03bf, \u03bf \u03c3\u03c5\u03bc\u03c0\u03b9\u03b5\u03c3\u03c4\u03ae\u03c2 \u03b3\u03b5\u03bd\u03b9\u03ba\u03ae\u03c2 \u03c7\u03c1\u03ae\u03c3\u03b7\u03c2 \u03b5\u03be\u03b1\u03c3\u03c6\u03b1\u03bb\u03af\u03b6\u03b5\u03b9 \u03c4\u03b7\u03bd \u03b5\u03c6\u03b1\u03c1\u03bc\u03bf\u03b3\u03ae \u03bc\u03b1\u03b6\u03ce\u03bd \u03c3\u03c5\u03c3\u03ba\u03b5\u03c5\u03b1\u03c3\u03bc\u03ad\u03bd\u03c9\u03bd \u03c3\u03c4\u03bf \u03bb\u03b5\u03b3\u03cc\u03bc\u03b5\u03bd\u03bf \u03bb\u03bf\u03c5\u03ba\u03ac\u03bd\u03b9\u03ba\u03bf \u03bc\u03b5 \u03cc\u03b3\u03ba\u03bf 600 ml (\u03c0.\u03c7. Vi-Pro\u00ae EPDM Paste Adhesive 903) \u03ba\u03b1\u03b9 \u03c3\u03b5 \u03c6\u03c5\u03c3\u03af\u03b3\u03b3\u03b9\u03b1 \u03c7\u03c9\u03c1\u03b7\u03c4\u03b9\u03ba\u03cc\u03c4\u03b7\u03c4\u03b1\u03c2 [&hellip;]","og_url":"https:\/\/proventuss.eu\/el\/produkt\/vi-pro-pneumatic-gun-310-600-ml\/","og_site_name":"Proventuss","article_modified_time":"2024-10-22T10:22:32+00:00","og_image":[{"width":768,"height":768,"url":"https:\/\/proventuss.eu\/wp-content\/uploads\/2022\/04\/Vi-Pro-Pneumatic-Gun-310-600-ml.png","type":"image\/png"}],"twitter_card":"summary_large_image","twitter_misc":{"\u0395\u03ba\u03c4\u03b9\u03bc\u03ce\u03bc\u03b5\u03bd\u03bf\u03c2 \u03c7\u03c1\u03cc\u03bd\u03bf\u03c2 \u03b1\u03bd\u03ac\u03b3\u03bd\u03c9\u03c3\u03b7\u03c2":"1 \u03bb\u03b5\u03c0\u03c4\u03cc"},"schema":{"@context":"https:\/\/schema.org","@graph":[{"@type":"WebPage","@id":"https:\/\/proventuss.eu\/el\/produkt\/vi-pro-pneumatic-gun-310-600-ml\/","url":"https:\/\/proventuss.eu\/el\/produkt\/vi-pro-pneumatic-gun-310-600-ml\/","name":"Vi-Pro\u00ae PNEUMATIC GUN 310-600 ML - Proventuss","isPartOf":{"@id":"https:\/\/proventuss.eu\/#website"},"primaryImageOfPage":{"@id":"https:\/\/proventuss.eu\/el\/produkt\/vi-pro-pneumatic-gun-310-600-ml\/#primaryimage"},"image":{"@id":"https:\/\/proventuss.eu\/el\/produkt\/vi-pro-pneumatic-gun-310-600-ml\/#primaryimage"},"thumbnailUrl":"https:\/\/proventuss.eu\/wp-content\/uploads\/2022\/04\/Vi-Pro-Pneumatic-Gun-310-600-ml.png","datePublished":"2022-04-26T11:09:55+00:00","dateModified":"2024-10-22T10:22:32+00:00","breadcrumb":{"@id":"https:\/\/proventuss.eu\/el\/produkt\/vi-pro-pneumatic-gun-310-600-ml\/#breadcrumb"},"inLanguage":"el","potentialAction":[{"@type":"ReadAction","target":["https:\/\/proventuss.eu\/el\/produkt\/vi-pro-pneumatic-gun-310-600-ml\/"]}]},{"@type":"ImageObject","inLanguage":"el","@id":"https:\/\/proventuss.eu\/el\/produkt\/vi-pro-pneumatic-gun-310-600-ml\/#primaryimage","url":"https:\/\/proventuss.eu\/wp-content\/uploads\/2022\/04\/Vi-Pro-Pneumatic-Gun-310-600-ml.png","contentUrl":"https:\/\/proventuss.eu\/wp-content\/uploads\/2022\/04\/Vi-Pro-Pneumatic-Gun-310-600-ml.png","width":768,"height":768,"caption":"Na zdj\u0119ciu Pistolet pneumatyczny do kie\u0142basek 600 ml i kartuszy 310 ml. Precyzyjna aplikacja i wysoka czu\u0142o\u015b\u0107. Ergonomiczna r\u0119koje\u015b\u0107, wygodny chwyt. Kolor czarny."},{"@type":"BreadcrumbList","@id":"https:\/\/proventuss.eu\/el\/produkt\/vi-pro-pneumatic-gun-310-600-ml\/#breadcrumb","itemListElement":[{"@type":"ListItem","position":1,"name":"Home","item":"https:\/\/proventuss.eu\/"},{"@type":"ListItem","position":2,"name":"\u03a0\u03c1\u03bf\u03ca\u03cc\u03bd\u03c4\u03b1","item":"https:\/\/proventuss.eu\/%cf%80%cf%81%ce%bf%cf%8a%cf%8c%ce%bd%cf%84%ce%b1\/"},{"@type":"ListItem","position":3,"name":"Vi-Pro\u00ae PNEUMATIC GUN 310-600 ML"}]},{"@type":"WebSite","@id":"https:\/\/proventuss.eu\/#website","url":"https:\/\/proventuss.eu\/","name":"Proventuss","description":"","potentialAction":[{"@type":"SearchAction","target":{"@type":"EntryPoint","urlTemplate":"https:\/\/proventuss.eu\/?s={search_term_string}"},"query-input":"required name=search_term_string"}],"inLanguage":"el"}]}},"_links":{"self":[{"href":"https:\/\/proventuss.eu\/el\/wp-json\/wp\/v2\/product\/6303"}],"collection":[{"href":"https:\/\/proventuss.eu\/el\/wp-json\/wp\/v2\/product"}],"about":[{"href":"https:\/\/proventuss.eu\/el\/wp-json\/wp\/v2\/types\/product"}],"replies":[{"embeddable":true,"href":"https:\/\/proventuss.eu\/el\/wp-json\/wp\/v2\/comments?post=6303"}],"wp:featuredmedia":[{"embeddable":true,"href":"https:\/\/proventuss.eu\/el\/wp-json\/wp\/v2\/media\/5849"}],"wp:attachment":[{"href":"https:\/\/proventuss.eu\/el\/wp-json\/wp\/v2\/media?parent=6303"}],"wp:term":[{"taxonomy":"product_cat","embeddable":true,"href":"https:\/\/proventuss.eu\/el\/wp-json\/wp\/v2\/product_cat?post=6303"},{"taxonomy":"product_tag","embeddable":true,"href":"https:\/\/proventuss.eu\/el\/wp-json\/wp\/v2\/product_tag?post=6303"}],"curies":[{"name":"wp","href":"https:\/\/api.w.org\/{rel}","templated":true}]}}