{"id":6294,"date":"2022-04-26T10:46:52","date_gmt":"2022-04-26T10:46:52","guid":{"rendered":"https:\/\/proventuss.eu\/produkt\/vi-pro-sg-tape\/"},"modified":"2022-04-26T10:46:52","modified_gmt":"2022-04-26T10:46:52","slug":"vi-pro-sg-tape","status":"publish","type":"product","link":"https:\/\/proventuss.eu\/el\/\u03c0\u03c1\u03bf\u03ca\u03cc\u03bd\/vi-pro-sg-tape\/","title":{"rendered":"Vi-Pro\u00ae SG TAPE"},"content":{"rendered":"<p>\u0394\u0399\u03a0\u039b\u0397\u03a3 \u039f\u03a8\u0397\u03a3 \u03a4\u0391\u0399\u039d\u0399\u0391 PVC \u039c\u0395 \u0391\u039a\u03a1\u03a5\u039b\u0399\u039a\u0397 \u039a\u039f\u039b\u039b\u0391 \u03a5\u03a8\u0397\u039b\u0397\u03a3 \u03a0\u03a1\u039f\u03a3\u03a6\u03a5\u03a3\u0397\u03a3 \u03b5\u03b9\u03b4\u03b9\u03ba\u03ac<br \/>\n\u03c3\u03c7\u03b5\u03b4\u03b9\u03b1\u03c3\u03bc\u03ad\u03bd\u03b7 \u03b3\u03b9\u03b1 \u03c7\u03c1\u03ae\u03c3\u03b7 \u03c3\u03b5 \u03b4\u03bf\u03bc\u03b9\u03ba\u03ac \u03c3\u03c5\u03c3\u03c4\u03ae\u03bc\u03b1\u03c4\u03b1 \u03c5\u03b1\u03bb\u03bf\u03c0\u03b9\u03bd\u03ac\u03ba\u03c9\u03bd. \u0388\u03c7\u03b5\u03b9 \u03bc\u03b5\u03c1\u03b9\u03ba\u03ce\u03c2 \u03b1\u03bd\u03bf\u03b9\u03c7\u03c4\u03ae \u03b4\u03bf\u03bc\u03ae \u03ba\u03c5\u03c8\u03b5\u03bb\u03ce\u03bd \u03b3\u03b9\u03b1 \u03bd\u03b1 \u03b5\u03c0\u03b9\u03c4\u03c1\u03ad\u03c0\u03b5\u03b9 \u03c4\u03b7 \u03c3\u03ba\u03bb\u03ae\u03c1\u03c5\u03bd\u03c3\u03b7 \u03c0\u03c1\u03bf\u03b9\u03cc\u03bd\u03c4\u03c9\u03bd \u03b4\u03bf\u03bc\u03b9\u03ba\u03ae\u03c2 \u03c3\u03b9\u03bb\u03b9\u03ba\u03cc\u03bd\u03b7\u03c2 (structural glazing silicones) \u03c3\u03b5 \u03cc\u03bb\u03b5\u03c2 \u03c4\u03b9\u03c2 \u03c0\u03bb\u03b5\u03c5\u03c1\u03ad\u03c2.<\/p>\n<p>\u03a7\u0391\u03a1\u0391\u039a\u03a4\u0397\u03a1\u0399\u03a3\u03a4\u0399\u039a\u0391:<br \/>\n\u2022 \u03a7\u03c1\u03ce\u03bc\u03b1: \u039c\u03b1\u03cd\u03c1\u03bf<br \/>\n\u2022 \u03a0\u03c1\u03bf\u03b4\u03b9\u03b1\u03b3\u03c1\u03b1\u03c6\u03ad\u03c2 \u03ba\u03cc\u03bb\u03bb\u03b1\u03c2: \u03b1\u03bd\u03bf\u03b9\u03c7\u03c4\u03ae \u03c0\u03bb\u03b5\u03c5\u03c1\u03ac, \u03c4\u03c1\u03bf\u03c0\u03bf\u03c0\u03bf\u03b9\u03b7\u03bc\u03ad\u03bd\u03b7 \u03b1\u03ba\u03c1\u03c5\u03bb\u03b9\u03ba\u03ae \u03ba\u03cc\u03bb\u03bb\u03b1 \u03b2\u03ac\u03c3\u03b7\u03c2 \u03b4\u03b9\u03b1\u03bb\u03cd\u03c4\u03b7 \u03c0\u03ac\u03c7\u03bf\u03c5\u03c2 90 microns<br \/>\n\u2022 \u0395\u03cd\u03c1\u03bf\u03c2 \u03b8\u03b5\u03c1\u03bc\u03bf\u03ba\u03c1\u03b1\u03c3\u03af\u03b1\u03c2: -20\u00b0C \u03ad\u03c9\u03c2 + 90\u00b0C<br \/>\n\u2022 \u0391\u03bd\u03c4\u03bf\u03c7\u03ae \u03c3\u03c4\u03b7\u03bd \u03c5\u03c0\u03b5\u03c1\u03b9\u03ce\u03b4\u03b7 \u03b1\u03ba\u03c4\u03b9\u03bd\u03bf\u03b2\u03bf\u03bb\u03af\u03b1: \u03c0\u03bf\u03bb\u03cd \u03ba\u03b1\u03bb\u03ae<br \/>\n\u2022 \u0391\u03bd\u03c4\u03bf\u03c7\u03ae \u03c3\u03c4\u03bf \u03bd\u03b5\u03c1\u03cc: \u03c0\u03bf\u03bb\u03cd \u03ba\u03b1\u03bb\u03ae<\/p>\n","protected":false},"excerpt":{"rendered":"<p>\u0394\u0399\u03a0\u039b\u0397\u03a3 \u039f\u03a8\u0397\u03a3 \u03a4\u0391\u0399\u039d\u0399\u0391 PVC \u039c\u0395 \u0391\u039a\u03a1\u03a5\u039b\u0399\u039a\u0397 \u039a\u039f\u039b\u039b\u0391 \u03a5\u03a8\u0397\u039b\u0397\u03a3 \u03a0\u03a1\u039f\u03a3\u03a6\u03a5\u03a3\u0397\u03a3 \u03b5\u03b9\u03b4\u03b9\u03ba\u03ac \u03c3\u03c7\u03b5\u03b4\u03b9\u03b1\u03c3\u03bc\u03ad\u03bd\u03b7 \u03b3\u03b9\u03b1 \u03c7\u03c1\u03ae\u03c3\u03b7 \u03c3\u03b5 \u03b4\u03bf\u03bc\u03b9\u03ba\u03ac \u03c3\u03c5\u03c3\u03c4\u03ae\u03bc\u03b1\u03c4\u03b1 \u03c5\u03b1\u03bb\u03bf\u03c0\u03b9\u03bd\u03ac\u03ba\u03c9\u03bd. \u0388\u03c7\u03b5\u03b9 \u03bc\u03b5\u03c1\u03b9\u03ba\u03ce\u03c2 \u03b1\u03bd\u03bf\u03b9\u03c7\u03c4\u03ae \u03b4\u03bf\u03bc\u03ae \u03ba\u03c5\u03c8\u03b5\u03bb\u03ce\u03bd \u03b3\u03b9\u03b1 \u03bd\u03b1 \u03b5\u03c0\u03b9\u03c4\u03c1\u03ad\u03c0\u03b5\u03b9 \u03c4\u03b7 \u03c3\u03ba\u03bb\u03ae\u03c1\u03c5\u03bd\u03c3\u03b7 \u03c0\u03c1\u03bf\u03b9\u03cc\u03bd\u03c4\u03c9\u03bd \u03b4\u03bf\u03bc\u03b9\u03ba\u03ae\u03c2 \u03c3\u03b9\u03bb\u03b9\u03ba\u03cc\u03bd\u03b7\u03c2 (structural glazing silicones) \u03c3\u03b5 \u03cc\u03bb\u03b5\u03c2 \u03c4\u03b9\u03c2 \u03c0\u03bb\u03b5\u03c5\u03c1\u03ad\u03c2. \u03a7\u0391\u03a1\u0391\u039a\u03a4\u0397\u03a1\u0399\u03a3\u03a4\u0399\u039a\u0391: \u2022 \u03a7\u03c1\u03ce\u03bc\u03b1: \u039c\u03b1\u03cd\u03c1\u03bf \u2022 \u03a0\u03c1\u03bf\u03b4\u03b9\u03b1\u03b3\u03c1\u03b1\u03c6\u03ad\u03c2 \u03ba\u03cc\u03bb\u03bb\u03b1\u03c2: \u03b1\u03bd\u03bf\u03b9\u03c7\u03c4\u03ae \u03c0\u03bb\u03b5\u03c5\u03c1\u03ac, \u03c4\u03c1\u03bf\u03c0\u03bf\u03c0\u03bf\u03b9\u03b7\u03bc\u03ad\u03bd\u03b7 \u03b1\u03ba\u03c1\u03c5\u03bb\u03b9\u03ba\u03ae \u03ba\u03cc\u03bb\u03bb\u03b1 \u03b2\u03ac\u03c3\u03b7\u03c2 \u03b4\u03b9\u03b1\u03bb\u03cd\u03c4\u03b7 \u03c0\u03ac\u03c7\u03bf\u03c5\u03c2 90 microns \u2022 [&hellip;]<\/p>\n","protected":false},"featured_media":4720,"comment_status":"open","ping_status":"closed","template":"","meta":{"_acf_changed":false},"product_cat":[276],"product_tag":[],"acf":[],"yoast_head":"<!-- This site is optimized with the Yoast SEO plugin v22.9 - https:\/\/yoast.com\/wordpress\/plugins\/seo\/ -->\n<title>Vi-Pro\u00ae SG TAPE - Proventuss<\/title>\n<meta name=\"robots\" content=\"index, follow, max-snippet:-1, max-image-preview:large, max-video-preview:-1\" \/>\n<link rel=\"canonical\" href=\"https:\/\/proventuss.eu\/el\/produkt\/vi-pro-sg-tape\/\" \/>\n<meta property=\"og:locale\" content=\"el_GR\" \/>\n<meta property=\"og:type\" content=\"article\" \/>\n<meta property=\"og:title\" content=\"Vi-Pro\u00ae SG TAPE - Proventuss\" \/>\n<meta property=\"og:description\" content=\"\u0394\u0399\u03a0\u039b\u0397\u03a3 \u039f\u03a8\u0397\u03a3 \u03a4\u0391\u0399\u039d\u0399\u0391 PVC \u039c\u0395 \u0391\u039a\u03a1\u03a5\u039b\u0399\u039a\u0397 \u039a\u039f\u039b\u039b\u0391 \u03a5\u03a8\u0397\u039b\u0397\u03a3 \u03a0\u03a1\u039f\u03a3\u03a6\u03a5\u03a3\u0397\u03a3 \u03b5\u03b9\u03b4\u03b9\u03ba\u03ac \u03c3\u03c7\u03b5\u03b4\u03b9\u03b1\u03c3\u03bc\u03ad\u03bd\u03b7 \u03b3\u03b9\u03b1 \u03c7\u03c1\u03ae\u03c3\u03b7 \u03c3\u03b5 \u03b4\u03bf\u03bc\u03b9\u03ba\u03ac \u03c3\u03c5\u03c3\u03c4\u03ae\u03bc\u03b1\u03c4\u03b1 \u03c5\u03b1\u03bb\u03bf\u03c0\u03b9\u03bd\u03ac\u03ba\u03c9\u03bd. \u0388\u03c7\u03b5\u03b9 \u03bc\u03b5\u03c1\u03b9\u03ba\u03ce\u03c2 \u03b1\u03bd\u03bf\u03b9\u03c7\u03c4\u03ae \u03b4\u03bf\u03bc\u03ae \u03ba\u03c5\u03c8\u03b5\u03bb\u03ce\u03bd \u03b3\u03b9\u03b1 \u03bd\u03b1 \u03b5\u03c0\u03b9\u03c4\u03c1\u03ad\u03c0\u03b5\u03b9 \u03c4\u03b7 \u03c3\u03ba\u03bb\u03ae\u03c1\u03c5\u03bd\u03c3\u03b7 \u03c0\u03c1\u03bf\u03b9\u03cc\u03bd\u03c4\u03c9\u03bd \u03b4\u03bf\u03bc\u03b9\u03ba\u03ae\u03c2 \u03c3\u03b9\u03bb\u03b9\u03ba\u03cc\u03bd\u03b7\u03c2 (structural glazing silicones) \u03c3\u03b5 \u03cc\u03bb\u03b5\u03c2 \u03c4\u03b9\u03c2 \u03c0\u03bb\u03b5\u03c5\u03c1\u03ad\u03c2. \u03a7\u0391\u03a1\u0391\u039a\u03a4\u0397\u03a1\u0399\u03a3\u03a4\u0399\u039a\u0391: \u2022 \u03a7\u03c1\u03ce\u03bc\u03b1: \u039c\u03b1\u03cd\u03c1\u03bf \u2022 \u03a0\u03c1\u03bf\u03b4\u03b9\u03b1\u03b3\u03c1\u03b1\u03c6\u03ad\u03c2 \u03ba\u03cc\u03bb\u03bb\u03b1\u03c2: \u03b1\u03bd\u03bf\u03b9\u03c7\u03c4\u03ae \u03c0\u03bb\u03b5\u03c5\u03c1\u03ac, \u03c4\u03c1\u03bf\u03c0\u03bf\u03c0\u03bf\u03b9\u03b7\u03bc\u03ad\u03bd\u03b7 \u03b1\u03ba\u03c1\u03c5\u03bb\u03b9\u03ba\u03ae \u03ba\u03cc\u03bb\u03bb\u03b1 \u03b2\u03ac\u03c3\u03b7\u03c2 \u03b4\u03b9\u03b1\u03bb\u03cd\u03c4\u03b7 \u03c0\u03ac\u03c7\u03bf\u03c5\u03c2 90 microns \u2022 [&hellip;]\" \/>\n<meta property=\"og:url\" content=\"https:\/\/proventuss.eu\/el\/produkt\/vi-pro-sg-tape\/\" \/>\n<meta property=\"og:site_name\" content=\"Proventuss\" \/>\n<meta property=\"og:image\" content=\"https:\/\/proventuss.eu\/wp-content\/uploads\/2022\/04\/Vi-pro-tasma-SG.png\" \/>\n\t<meta property=\"og:image:width\" content=\"967\" \/>\n\t<meta property=\"og:image:height\" content=\"640\" \/>\n\t<meta property=\"og:image:type\" content=\"image\/png\" \/>\n<meta name=\"twitter:card\" content=\"summary_large_image\" \/>\n<script type=\"application\/ld+json\" class=\"yoast-schema-graph\">{\"@context\":\"https:\/\/schema.org\",\"@graph\":[{\"@type\":\"WebPage\",\"@id\":\"https:\/\/proventuss.eu\/el\/produkt\/vi-pro-sg-tape\/\",\"url\":\"https:\/\/proventuss.eu\/el\/produkt\/vi-pro-sg-tape\/\",\"name\":\"Vi-Pro\u00ae SG TAPE - Proventuss\",\"isPartOf\":{\"@id\":\"https:\/\/proventuss.eu\/#website\"},\"primaryImageOfPage\":{\"@id\":\"https:\/\/proventuss.eu\/el\/produkt\/vi-pro-sg-tape\/#primaryimage\"},\"image\":{\"@id\":\"https:\/\/proventuss.eu\/el\/produkt\/vi-pro-sg-tape\/#primaryimage\"},\"thumbnailUrl\":\"https:\/\/proventuss.eu\/wp-content\/uploads\/2022\/04\/Vi-pro-tasma-SG.png\",\"datePublished\":\"2022-04-26T10:46:52+00:00\",\"dateModified\":\"2022-04-26T10:46:52+00:00\",\"breadcrumb\":{\"@id\":\"https:\/\/proventuss.eu\/el\/produkt\/vi-pro-sg-tape\/#breadcrumb\"},\"inLanguage\":\"el\",\"potentialAction\":[{\"@type\":\"ReadAction\",\"target\":[\"https:\/\/proventuss.eu\/el\/produkt\/vi-pro-sg-tape\/\"]}]},{\"@type\":\"ImageObject\",\"inLanguage\":\"el\",\"@id\":\"https:\/\/proventuss.eu\/el\/produkt\/vi-pro-sg-tape\/#primaryimage\",\"url\":\"https:\/\/proventuss.eu\/wp-content\/uploads\/2022\/04\/Vi-pro-tasma-SG.png\",\"contentUrl\":\"https:\/\/proventuss.eu\/wp-content\/uploads\/2022\/04\/Vi-pro-tasma-SG.png\",\"width\":967,\"height\":640,\"caption\":\"Na zdj\u0119ciu dwustronna ta\u015bma o wysokiej przyczepno\u015bci do stosowania w systemach szklenia strukturalnego. Odporno\u015b\u0107 na promieniowanie UV: bardzo dobra.\"},{\"@type\":\"BreadcrumbList\",\"@id\":\"https:\/\/proventuss.eu\/el\/produkt\/vi-pro-sg-tape\/#breadcrumb\",\"itemListElement\":[{\"@type\":\"ListItem\",\"position\":1,\"name\":\"Home\",\"item\":\"https:\/\/proventuss.eu\/\"},{\"@type\":\"ListItem\",\"position\":2,\"name\":\"\u03a0\u03c1\u03bf\u03ca\u03cc\u03bd\u03c4\u03b1\",\"item\":\"https:\/\/proventuss.eu\/%cf%80%cf%81%ce%bf%cf%8a%cf%8c%ce%bd%cf%84%ce%b1\/\"},{\"@type\":\"ListItem\",\"position\":3,\"name\":\"Vi-Pro\u00ae SG TAPE\"}]},{\"@type\":\"WebSite\",\"@id\":\"https:\/\/proventuss.eu\/#website\",\"url\":\"https:\/\/proventuss.eu\/\",\"name\":\"Proventuss\",\"description\":\"\",\"potentialAction\":[{\"@type\":\"SearchAction\",\"target\":{\"@type\":\"EntryPoint\",\"urlTemplate\":\"https:\/\/proventuss.eu\/?s={search_term_string}\"},\"query-input\":\"required name=search_term_string\"}],\"inLanguage\":\"el\"}]}<\/script>\n<!-- \/ Yoast SEO plugin. -->","yoast_head_json":{"title":"Vi-Pro\u00ae SG TAPE - Proventuss","robots":{"index":"index","follow":"follow","max-snippet":"max-snippet:-1","max-image-preview":"max-image-preview:large","max-video-preview":"max-video-preview:-1"},"canonical":"https:\/\/proventuss.eu\/el\/produkt\/vi-pro-sg-tape\/","og_locale":"el_GR","og_type":"article","og_title":"Vi-Pro\u00ae SG TAPE - Proventuss","og_description":"\u0394\u0399\u03a0\u039b\u0397\u03a3 \u039f\u03a8\u0397\u03a3 \u03a4\u0391\u0399\u039d\u0399\u0391 PVC \u039c\u0395 \u0391\u039a\u03a1\u03a5\u039b\u0399\u039a\u0397 \u039a\u039f\u039b\u039b\u0391 \u03a5\u03a8\u0397\u039b\u0397\u03a3 \u03a0\u03a1\u039f\u03a3\u03a6\u03a5\u03a3\u0397\u03a3 \u03b5\u03b9\u03b4\u03b9\u03ba\u03ac \u03c3\u03c7\u03b5\u03b4\u03b9\u03b1\u03c3\u03bc\u03ad\u03bd\u03b7 \u03b3\u03b9\u03b1 \u03c7\u03c1\u03ae\u03c3\u03b7 \u03c3\u03b5 \u03b4\u03bf\u03bc\u03b9\u03ba\u03ac \u03c3\u03c5\u03c3\u03c4\u03ae\u03bc\u03b1\u03c4\u03b1 \u03c5\u03b1\u03bb\u03bf\u03c0\u03b9\u03bd\u03ac\u03ba\u03c9\u03bd. \u0388\u03c7\u03b5\u03b9 \u03bc\u03b5\u03c1\u03b9\u03ba\u03ce\u03c2 \u03b1\u03bd\u03bf\u03b9\u03c7\u03c4\u03ae \u03b4\u03bf\u03bc\u03ae \u03ba\u03c5\u03c8\u03b5\u03bb\u03ce\u03bd \u03b3\u03b9\u03b1 \u03bd\u03b1 \u03b5\u03c0\u03b9\u03c4\u03c1\u03ad\u03c0\u03b5\u03b9 \u03c4\u03b7 \u03c3\u03ba\u03bb\u03ae\u03c1\u03c5\u03bd\u03c3\u03b7 \u03c0\u03c1\u03bf\u03b9\u03cc\u03bd\u03c4\u03c9\u03bd \u03b4\u03bf\u03bc\u03b9\u03ba\u03ae\u03c2 \u03c3\u03b9\u03bb\u03b9\u03ba\u03cc\u03bd\u03b7\u03c2 (structural glazing silicones) \u03c3\u03b5 \u03cc\u03bb\u03b5\u03c2 \u03c4\u03b9\u03c2 \u03c0\u03bb\u03b5\u03c5\u03c1\u03ad\u03c2. \u03a7\u0391\u03a1\u0391\u039a\u03a4\u0397\u03a1\u0399\u03a3\u03a4\u0399\u039a\u0391: \u2022 \u03a7\u03c1\u03ce\u03bc\u03b1: \u039c\u03b1\u03cd\u03c1\u03bf \u2022 \u03a0\u03c1\u03bf\u03b4\u03b9\u03b1\u03b3\u03c1\u03b1\u03c6\u03ad\u03c2 \u03ba\u03cc\u03bb\u03bb\u03b1\u03c2: \u03b1\u03bd\u03bf\u03b9\u03c7\u03c4\u03ae \u03c0\u03bb\u03b5\u03c5\u03c1\u03ac, \u03c4\u03c1\u03bf\u03c0\u03bf\u03c0\u03bf\u03b9\u03b7\u03bc\u03ad\u03bd\u03b7 \u03b1\u03ba\u03c1\u03c5\u03bb\u03b9\u03ba\u03ae \u03ba\u03cc\u03bb\u03bb\u03b1 \u03b2\u03ac\u03c3\u03b7\u03c2 \u03b4\u03b9\u03b1\u03bb\u03cd\u03c4\u03b7 \u03c0\u03ac\u03c7\u03bf\u03c5\u03c2 90 microns \u2022 [&hellip;]","og_url":"https:\/\/proventuss.eu\/el\/produkt\/vi-pro-sg-tape\/","og_site_name":"Proventuss","og_image":[{"width":967,"height":640,"url":"https:\/\/proventuss.eu\/wp-content\/uploads\/2022\/04\/Vi-pro-tasma-SG.png","type":"image\/png"}],"twitter_card":"summary_large_image","schema":{"@context":"https:\/\/schema.org","@graph":[{"@type":"WebPage","@id":"https:\/\/proventuss.eu\/el\/produkt\/vi-pro-sg-tape\/","url":"https:\/\/proventuss.eu\/el\/produkt\/vi-pro-sg-tape\/","name":"Vi-Pro\u00ae SG TAPE - Proventuss","isPartOf":{"@id":"https:\/\/proventuss.eu\/#website"},"primaryImageOfPage":{"@id":"https:\/\/proventuss.eu\/el\/produkt\/vi-pro-sg-tape\/#primaryimage"},"image":{"@id":"https:\/\/proventuss.eu\/el\/produkt\/vi-pro-sg-tape\/#primaryimage"},"thumbnailUrl":"https:\/\/proventuss.eu\/wp-content\/uploads\/2022\/04\/Vi-pro-tasma-SG.png","datePublished":"2022-04-26T10:46:52+00:00","dateModified":"2022-04-26T10:46:52+00:00","breadcrumb":{"@id":"https:\/\/proventuss.eu\/el\/produkt\/vi-pro-sg-tape\/#breadcrumb"},"inLanguage":"el","potentialAction":[{"@type":"ReadAction","target":["https:\/\/proventuss.eu\/el\/produkt\/vi-pro-sg-tape\/"]}]},{"@type":"ImageObject","inLanguage":"el","@id":"https:\/\/proventuss.eu\/el\/produkt\/vi-pro-sg-tape\/#primaryimage","url":"https:\/\/proventuss.eu\/wp-content\/uploads\/2022\/04\/Vi-pro-tasma-SG.png","contentUrl":"https:\/\/proventuss.eu\/wp-content\/uploads\/2022\/04\/Vi-pro-tasma-SG.png","width":967,"height":640,"caption":"Na zdj\u0119ciu dwustronna ta\u015bma o wysokiej przyczepno\u015bci do stosowania w systemach szklenia strukturalnego. Odporno\u015b\u0107 na promieniowanie UV: bardzo dobra."},{"@type":"BreadcrumbList","@id":"https:\/\/proventuss.eu\/el\/produkt\/vi-pro-sg-tape\/#breadcrumb","itemListElement":[{"@type":"ListItem","position":1,"name":"Home","item":"https:\/\/proventuss.eu\/"},{"@type":"ListItem","position":2,"name":"\u03a0\u03c1\u03bf\u03ca\u03cc\u03bd\u03c4\u03b1","item":"https:\/\/proventuss.eu\/%cf%80%cf%81%ce%bf%cf%8a%cf%8c%ce%bd%cf%84%ce%b1\/"},{"@type":"ListItem","position":3,"name":"Vi-Pro\u00ae SG TAPE"}]},{"@type":"WebSite","@id":"https:\/\/proventuss.eu\/#website","url":"https:\/\/proventuss.eu\/","name":"Proventuss","description":"","potentialAction":[{"@type":"SearchAction","target":{"@type":"EntryPoint","urlTemplate":"https:\/\/proventuss.eu\/?s={search_term_string}"},"query-input":"required name=search_term_string"}],"inLanguage":"el"}]}},"_links":{"self":[{"href":"https:\/\/proventuss.eu\/el\/wp-json\/wp\/v2\/product\/6294"}],"collection":[{"href":"https:\/\/proventuss.eu\/el\/wp-json\/wp\/v2\/product"}],"about":[{"href":"https:\/\/proventuss.eu\/el\/wp-json\/wp\/v2\/types\/product"}],"replies":[{"embeddable":true,"href":"https:\/\/proventuss.eu\/el\/wp-json\/wp\/v2\/comments?post=6294"}],"wp:featuredmedia":[{"embeddable":true,"href":"https:\/\/proventuss.eu\/el\/wp-json\/wp\/v2\/media\/4720"}],"wp:attachment":[{"href":"https:\/\/proventuss.eu\/el\/wp-json\/wp\/v2\/media?parent=6294"}],"wp:term":[{"taxonomy":"product_cat","embeddable":true,"href":"https:\/\/proventuss.eu\/el\/wp-json\/wp\/v2\/product_cat?post=6294"},{"taxonomy":"product_tag","embeddable":true,"href":"https:\/\/proventuss.eu\/el\/wp-json\/wp\/v2\/product_tag?post=6294"}],"curies":[{"name":"wp","href":"https:\/\/api.w.org\/{rel}","templated":true}]}}