{"id":6261,"date":"2022-04-26T08:51:11","date_gmt":"2022-04-26T08:51:11","guid":{"rendered":"https:\/\/proventuss.eu\/produkt\/vi-pro-wns\/"},"modified":"2022-04-26T08:51:11","modified_gmt":"2022-04-26T08:51:11","slug":"vi-pro-wns","status":"publish","type":"product","link":"https:\/\/proventuss.eu\/el\/\u03c0\u03c1\u03bf\u03ca\u03cc\u03bd\/vi-pro-wns\/","title":{"rendered":"Vi-Pro\u00ae WNS"},"content":{"rendered":"<p>\u0397 \u0395\u03be\u03c9\u03c4\u03b5\u03c1\u03b9\u03ba\u03ae \u03bc\u03b5\u03bc\u03b2\u03c1\u03ac\u03bd\u03b7 ELASTOMERIC Vi-Pro\u00ae EPDM \u03b5\u03af\u03bd\u03b1\u03b9 \u03ba\u03b1\u03c4\u03b1\u03c3\u03ba\u03b5\u03c5\u03b1\u03c3\u03bc\u03ad\u03bd\u03b7 \u03bc\u03b5 \u03b2\u03ac\u03c3\u03b7 \u03c3\u03c5\u03bd\u03b8\u03b5\u03c4\u03b9\u03ba\u03cc \u03b5\u03bb\u03b1\u03c3\u03c4\u03bf\u03bc\u03b5\u03c1\u03ad\u03c2 \u03bc\u03b5 \u03c5\u03c8\u03b7\u03bb\u03cc \u03c3\u03c5\u03bd\u03c4\u03b5\u03bb\u03b5\u03c3\u03c4\u03ae \u03b4\u03b9\u03b1\u03c0\u03b5\u03c1\u03b1\u03c4\u03cc\u03c4\u03b7\u03c4\u03b1\u03c2 \u03c5\u03b4\u03c1\u03b1\u03c4\u03bc\u03ce\u03bd. \u03a7\u03c1\u03b7\u03c3\u03b9\u03bc\u03bf\u03c0\u03bf\u03b9\u03b5\u03af\u03c4\u03b1\u03b9 \u03b3\u03b9\u03b1 \u03c3\u03c6\u03c1\u03ac\u03b3\u03b9\u03c3\u03b7 \u03b5\u03bd\u03c4\u03cc\u03c2 \u03ba\u03bf\u03c5\u03c6\u03c9\u03bc\u03ac\u03c4\u03c9\u03bd \u03ae\/\u03ba\u03b1\u03b9 \u03b5\u03be\u03c9\u03c4\u03b5\u03c1\u03b9\u03ba\u03ad\u03c2 \u03c6\u03ad\u03c1\u03bf\u03c5\u03c3\u03b5\u03c2 \u03ba\u03b1\u03c4\u03b1\u03c3\u03ba\u03b5\u03c5\u03ad\u03c2.<\/p>\n<p>\u03a4\u03bf \u03c3\u03cd\u03c3\u03c4\u03b7\u03bc\u03b1 \u03bc\u03b5\u03bc\u03b2\u03c1\u03ac\u03bd\u03b7\u03c2 Vi-Pro\u00ae EPDM \u03c0\u03b1\u03c1\u03ad\u03c7\u03b5\u03b9 \u03ad\u03bd\u03b1 \u03c3\u03c5\u03bd\u03b5\u03c7\u03ad\u03c2 \u03c6\u03c1\u03ac\u03b3\u03bc\u03b1 \u03c3\u03c4\u03b7\u03bd \u03c5\u03b3\u03c1\u03b1\u03c3\u03af\u03b1, \u03b5\u03af\u03bd\u03b1\u03b9 \u03b1\u03bd\u03b8\u03b5\u03ba\u03c4\u03b9\u03ba\u03cc, \u03b5\u03cd\u03ba\u03b1\u03bc\u03c0\u03c4\u03bf \u03ba\u03b1\u03b9 \u03b1\u03bd\u03b8\u03b5\u03ba\u03c4\u03b9\u03ba\u03cc \u03c3\u03c4\u03b9\u03c2 \u03b4\u03bf\u03bc\u03b9\u03ba\u03ad\u03c2 \u03ba\u03b9\u03bd\u03ae\u03c3\u03b5\u03b9\u03c2.<\/p>\n<p>\u0394\u03b9\u03b1\u03c4\u03af\u03b8\u03b5\u03c4\u03b1\u03b9 \u03c3\u03b5 \u03bc\u03b1\u03cd\u03c1\u03bf \u03c7\u03c1\u03ce\u03bc\u03b1 \u03ba\u03b1\u03b9 \u03b7 \u03b5\u03c0\u03b9\u03c6\u03ac\u03bd\u03b5\u03b9\u03b1 \u03c4\u03b7\u03c2 \u03bc\u03b5\u03bc\u03b2\u03c1\u03ac\u03bd\u03b7\u03c2 \u03ad\u03c7\u03b5\u03b9 \u03c4\u03b7\u03bd \u03c5\u03c6\u03ae \u03c5\u03c6\u03b1\u03c3\u03bc\u03ac\u03c4\u03b9\u03bd\u03b7\u03c2 \u03b5\u03ba\u03c4\u03cd\u03c0\u03c9\u03c3\u03b7\u03c2 \u03ba\u03b1\u03b9 \u03c3\u03c4\u03b9\u03c2 \u03b4\u03cd\u03bf \u03c0\u03bb\u03b5\u03c5\u03c1\u03ad\u03c2 \u03b3\u03b9\u03b1 \u03bd\u03b1 \u03b5\u03be\u03b1\u03c3\u03c6\u03b1\u03bb\u03b9\u03c3\u03c4\u03b5\u03af \u03bc\u03ad\u03b3\u03b9\u03c3\u03c4\u03b7 \u03c0\u03c1\u03cc\u03c3\u03c6\u03c5\u03c3\u03b7.<\/p>\n","protected":false},"excerpt":{"rendered":"<p>\u0397 \u0395\u03be\u03c9\u03c4\u03b5\u03c1\u03b9\u03ba\u03ae \u03bc\u03b5\u03bc\u03b2\u03c1\u03ac\u03bd\u03b7 ELASTOMERIC Vi-Pro\u00ae EPDM \u03b5\u03af\u03bd\u03b1\u03b9 \u03ba\u03b1\u03c4\u03b1\u03c3\u03ba\u03b5\u03c5\u03b1\u03c3\u03bc\u03ad\u03bd\u03b7 \u03bc\u03b5 \u03b2\u03ac\u03c3\u03b7 \u03c3\u03c5\u03bd\u03b8\u03b5\u03c4\u03b9\u03ba\u03cc \u03b5\u03bb\u03b1\u03c3\u03c4\u03bf\u03bc\u03b5\u03c1\u03ad\u03c2 \u03bc\u03b5 \u03c5\u03c8\u03b7\u03bb\u03cc \u03c3\u03c5\u03bd\u03c4\u03b5\u03bb\u03b5\u03c3\u03c4\u03ae \u03b4\u03b9\u03b1\u03c0\u03b5\u03c1\u03b1\u03c4\u03cc\u03c4\u03b7\u03c4\u03b1\u03c2 \u03c5\u03b4\u03c1\u03b1\u03c4\u03bc\u03ce\u03bd. \u03a7\u03c1\u03b7\u03c3\u03b9\u03bc\u03bf\u03c0\u03bf\u03b9\u03b5\u03af\u03c4\u03b1\u03b9 \u03b3\u03b9\u03b1 \u03c3\u03c6\u03c1\u03ac\u03b3\u03b9\u03c3\u03b7 \u03b5\u03bd\u03c4\u03cc\u03c2 \u03ba\u03bf\u03c5\u03c6\u03c9\u03bc\u03ac\u03c4\u03c9\u03bd \u03ae\/\u03ba\u03b1\u03b9 \u03b5\u03be\u03c9\u03c4\u03b5\u03c1\u03b9\u03ba\u03ad\u03c2 \u03c6\u03ad\u03c1\u03bf\u03c5\u03c3\u03b5\u03c2 \u03ba\u03b1\u03c4\u03b1\u03c3\u03ba\u03b5\u03c5\u03ad\u03c2. \u03a4\u03bf \u03c3\u03cd\u03c3\u03c4\u03b7\u03bc\u03b1 \u03bc\u03b5\u03bc\u03b2\u03c1\u03ac\u03bd\u03b7\u03c2 Vi-Pro\u00ae EPDM \u03c0\u03b1\u03c1\u03ad\u03c7\u03b5\u03b9 \u03ad\u03bd\u03b1 \u03c3\u03c5\u03bd\u03b5\u03c7\u03ad\u03c2 \u03c6\u03c1\u03ac\u03b3\u03bc\u03b1 \u03c3\u03c4\u03b7\u03bd \u03c5\u03b3\u03c1\u03b1\u03c3\u03af\u03b1, \u03b5\u03af\u03bd\u03b1\u03b9 \u03b1\u03bd\u03b8\u03b5\u03ba\u03c4\u03b9\u03ba\u03cc, \u03b5\u03cd\u03ba\u03b1\u03bc\u03c0\u03c4\u03bf \u03ba\u03b1\u03b9 \u03b1\u03bd\u03b8\u03b5\u03ba\u03c4\u03b9\u03ba\u03cc \u03c3\u03c4\u03b9\u03c2 \u03b4\u03bf\u03bc\u03b9\u03ba\u03ad\u03c2 \u03ba\u03b9\u03bd\u03ae\u03c3\u03b5\u03b9\u03c2. \u0394\u03b9\u03b1\u03c4\u03af\u03b8\u03b5\u03c4\u03b1\u03b9 \u03c3\u03b5 \u03bc\u03b1\u03cd\u03c1\u03bf \u03c7\u03c1\u03ce\u03bc\u03b1 \u03ba\u03b1\u03b9 \u03b7 \u03b5\u03c0\u03b9\u03c6\u03ac\u03bd\u03b5\u03b9\u03b1 \u03c4\u03b7\u03c2 \u03bc\u03b5\u03bc\u03b2\u03c1\u03ac\u03bd\u03b7\u03c2 \u03ad\u03c7\u03b5\u03b9 [&hellip;]<\/p>\n","protected":false},"featured_media":4942,"comment_status":"open","ping_status":"closed","template":"","meta":{"_acf_changed":false},"product_cat":[269],"product_tag":[],"acf":[],"yoast_head":"<!-- This site is optimized with the Yoast SEO plugin v22.9 - https:\/\/yoast.com\/wordpress\/plugins\/seo\/ -->\n<title>Vi-Pro\u00ae WNS - Proventuss<\/title>\n<meta name=\"robots\" content=\"index, follow, max-snippet:-1, max-image-preview:large, max-video-preview:-1\" \/>\n<link rel=\"canonical\" href=\"https:\/\/proventuss.eu\/el\/produkt\/vi-pro-wns\/\" \/>\n<meta property=\"og:locale\" content=\"el_GR\" \/>\n<meta property=\"og:type\" content=\"article\" \/>\n<meta property=\"og:title\" content=\"Vi-Pro\u00ae WNS - Proventuss\" \/>\n<meta property=\"og:description\" content=\"\u0397 \u0395\u03be\u03c9\u03c4\u03b5\u03c1\u03b9\u03ba\u03ae \u03bc\u03b5\u03bc\u03b2\u03c1\u03ac\u03bd\u03b7 ELASTOMERIC Vi-Pro\u00ae EPDM \u03b5\u03af\u03bd\u03b1\u03b9 \u03ba\u03b1\u03c4\u03b1\u03c3\u03ba\u03b5\u03c5\u03b1\u03c3\u03bc\u03ad\u03bd\u03b7 \u03bc\u03b5 \u03b2\u03ac\u03c3\u03b7 \u03c3\u03c5\u03bd\u03b8\u03b5\u03c4\u03b9\u03ba\u03cc \u03b5\u03bb\u03b1\u03c3\u03c4\u03bf\u03bc\u03b5\u03c1\u03ad\u03c2 \u03bc\u03b5 \u03c5\u03c8\u03b7\u03bb\u03cc \u03c3\u03c5\u03bd\u03c4\u03b5\u03bb\u03b5\u03c3\u03c4\u03ae \u03b4\u03b9\u03b1\u03c0\u03b5\u03c1\u03b1\u03c4\u03cc\u03c4\u03b7\u03c4\u03b1\u03c2 \u03c5\u03b4\u03c1\u03b1\u03c4\u03bc\u03ce\u03bd. \u03a7\u03c1\u03b7\u03c3\u03b9\u03bc\u03bf\u03c0\u03bf\u03b9\u03b5\u03af\u03c4\u03b1\u03b9 \u03b3\u03b9\u03b1 \u03c3\u03c6\u03c1\u03ac\u03b3\u03b9\u03c3\u03b7 \u03b5\u03bd\u03c4\u03cc\u03c2 \u03ba\u03bf\u03c5\u03c6\u03c9\u03bc\u03ac\u03c4\u03c9\u03bd \u03ae\/\u03ba\u03b1\u03b9 \u03b5\u03be\u03c9\u03c4\u03b5\u03c1\u03b9\u03ba\u03ad\u03c2 \u03c6\u03ad\u03c1\u03bf\u03c5\u03c3\u03b5\u03c2 \u03ba\u03b1\u03c4\u03b1\u03c3\u03ba\u03b5\u03c5\u03ad\u03c2. \u03a4\u03bf \u03c3\u03cd\u03c3\u03c4\u03b7\u03bc\u03b1 \u03bc\u03b5\u03bc\u03b2\u03c1\u03ac\u03bd\u03b7\u03c2 Vi-Pro\u00ae EPDM \u03c0\u03b1\u03c1\u03ad\u03c7\u03b5\u03b9 \u03ad\u03bd\u03b1 \u03c3\u03c5\u03bd\u03b5\u03c7\u03ad\u03c2 \u03c6\u03c1\u03ac\u03b3\u03bc\u03b1 \u03c3\u03c4\u03b7\u03bd \u03c5\u03b3\u03c1\u03b1\u03c3\u03af\u03b1, \u03b5\u03af\u03bd\u03b1\u03b9 \u03b1\u03bd\u03b8\u03b5\u03ba\u03c4\u03b9\u03ba\u03cc, \u03b5\u03cd\u03ba\u03b1\u03bc\u03c0\u03c4\u03bf \u03ba\u03b1\u03b9 \u03b1\u03bd\u03b8\u03b5\u03ba\u03c4\u03b9\u03ba\u03cc \u03c3\u03c4\u03b9\u03c2 \u03b4\u03bf\u03bc\u03b9\u03ba\u03ad\u03c2 \u03ba\u03b9\u03bd\u03ae\u03c3\u03b5\u03b9\u03c2. \u0394\u03b9\u03b1\u03c4\u03af\u03b8\u03b5\u03c4\u03b1\u03b9 \u03c3\u03b5 \u03bc\u03b1\u03cd\u03c1\u03bf \u03c7\u03c1\u03ce\u03bc\u03b1 \u03ba\u03b1\u03b9 \u03b7 \u03b5\u03c0\u03b9\u03c6\u03ac\u03bd\u03b5\u03b9\u03b1 \u03c4\u03b7\u03c2 \u03bc\u03b5\u03bc\u03b2\u03c1\u03ac\u03bd\u03b7\u03c2 \u03ad\u03c7\u03b5\u03b9 [&hellip;]\" \/>\n<meta property=\"og:url\" content=\"https:\/\/proventuss.eu\/el\/produkt\/vi-pro-wns\/\" \/>\n<meta property=\"og:site_name\" content=\"Proventuss\" \/>\n<meta property=\"og:image\" content=\"https:\/\/proventuss.eu\/wp-content\/uploads\/2022\/04\/Vi-Pro-WNS.png\" \/>\n\t<meta property=\"og:image:width\" content=\"153\" \/>\n\t<meta property=\"og:image:height\" content=\"921\" \/>\n\t<meta property=\"og:image:type\" content=\"image\/png\" \/>\n<meta name=\"twitter:card\" content=\"summary_large_image\" \/>\n<script type=\"application\/ld+json\" class=\"yoast-schema-graph\">{\"@context\":\"https:\/\/schema.org\",\"@graph\":[{\"@type\":\"WebPage\",\"@id\":\"https:\/\/proventuss.eu\/el\/produkt\/vi-pro-wns\/\",\"url\":\"https:\/\/proventuss.eu\/el\/produkt\/vi-pro-wns\/\",\"name\":\"Vi-Pro\u00ae WNS - Proventuss\",\"isPartOf\":{\"@id\":\"https:\/\/proventuss.eu\/#website\"},\"primaryImageOfPage\":{\"@id\":\"https:\/\/proventuss.eu\/el\/produkt\/vi-pro-wns\/#primaryimage\"},\"image\":{\"@id\":\"https:\/\/proventuss.eu\/el\/produkt\/vi-pro-wns\/#primaryimage\"},\"thumbnailUrl\":\"https:\/\/proventuss.eu\/wp-content\/uploads\/2022\/04\/Vi-Pro-WNS.png\",\"datePublished\":\"2022-04-26T08:51:11+00:00\",\"dateModified\":\"2022-04-26T08:51:11+00:00\",\"breadcrumb\":{\"@id\":\"https:\/\/proventuss.eu\/el\/produkt\/vi-pro-wns\/#breadcrumb\"},\"inLanguage\":\"el\",\"potentialAction\":[{\"@type\":\"ReadAction\",\"target\":[\"https:\/\/proventuss.eu\/el\/produkt\/vi-pro-wns\/\"]}]},{\"@type\":\"ImageObject\",\"inLanguage\":\"el\",\"@id\":\"https:\/\/proventuss.eu\/el\/produkt\/vi-pro-wns\/#primaryimage\",\"url\":\"https:\/\/proventuss.eu\/wp-content\/uploads\/2022\/04\/Vi-Pro-WNS.png\",\"contentUrl\":\"https:\/\/proventuss.eu\/wp-content\/uploads\/2022\/04\/Vi-Pro-WNS.png\",\"width\":153,\"height\":921,\"caption\":\"Na zdj\u0119ciu jednosk\u0142adnikowe szczeliwo do szklenia oraz uszczelniania obwod\u00f3w futryn okiennych i drzwiowych wykonanych z drewna, PVC lub aluminium.\"},{\"@type\":\"BreadcrumbList\",\"@id\":\"https:\/\/proventuss.eu\/el\/produkt\/vi-pro-wns\/#breadcrumb\",\"itemListElement\":[{\"@type\":\"ListItem\",\"position\":1,\"name\":\"Home\",\"item\":\"https:\/\/proventuss.eu\/\"},{\"@type\":\"ListItem\",\"position\":2,\"name\":\"\u03a0\u03c1\u03bf\u03ca\u03cc\u03bd\u03c4\u03b1\",\"item\":\"https:\/\/proventuss.eu\/%cf%80%cf%81%ce%bf%cf%8a%cf%8c%ce%bd%cf%84%ce%b1\/\"},{\"@type\":\"ListItem\",\"position\":3,\"name\":\"Vi-Pro\u00ae WNS\"}]},{\"@type\":\"WebSite\",\"@id\":\"https:\/\/proventuss.eu\/#website\",\"url\":\"https:\/\/proventuss.eu\/\",\"name\":\"Proventuss\",\"description\":\"\",\"potentialAction\":[{\"@type\":\"SearchAction\",\"target\":{\"@type\":\"EntryPoint\",\"urlTemplate\":\"https:\/\/proventuss.eu\/?s={search_term_string}\"},\"query-input\":\"required name=search_term_string\"}],\"inLanguage\":\"el\"}]}<\/script>\n<!-- \/ Yoast SEO plugin. -->","yoast_head_json":{"title":"Vi-Pro\u00ae WNS - Proventuss","robots":{"index":"index","follow":"follow","max-snippet":"max-snippet:-1","max-image-preview":"max-image-preview:large","max-video-preview":"max-video-preview:-1"},"canonical":"https:\/\/proventuss.eu\/el\/produkt\/vi-pro-wns\/","og_locale":"el_GR","og_type":"article","og_title":"Vi-Pro\u00ae WNS - Proventuss","og_description":"\u0397 \u0395\u03be\u03c9\u03c4\u03b5\u03c1\u03b9\u03ba\u03ae \u03bc\u03b5\u03bc\u03b2\u03c1\u03ac\u03bd\u03b7 ELASTOMERIC Vi-Pro\u00ae EPDM \u03b5\u03af\u03bd\u03b1\u03b9 \u03ba\u03b1\u03c4\u03b1\u03c3\u03ba\u03b5\u03c5\u03b1\u03c3\u03bc\u03ad\u03bd\u03b7 \u03bc\u03b5 \u03b2\u03ac\u03c3\u03b7 \u03c3\u03c5\u03bd\u03b8\u03b5\u03c4\u03b9\u03ba\u03cc \u03b5\u03bb\u03b1\u03c3\u03c4\u03bf\u03bc\u03b5\u03c1\u03ad\u03c2 \u03bc\u03b5 \u03c5\u03c8\u03b7\u03bb\u03cc \u03c3\u03c5\u03bd\u03c4\u03b5\u03bb\u03b5\u03c3\u03c4\u03ae \u03b4\u03b9\u03b1\u03c0\u03b5\u03c1\u03b1\u03c4\u03cc\u03c4\u03b7\u03c4\u03b1\u03c2 \u03c5\u03b4\u03c1\u03b1\u03c4\u03bc\u03ce\u03bd. \u03a7\u03c1\u03b7\u03c3\u03b9\u03bc\u03bf\u03c0\u03bf\u03b9\u03b5\u03af\u03c4\u03b1\u03b9 \u03b3\u03b9\u03b1 \u03c3\u03c6\u03c1\u03ac\u03b3\u03b9\u03c3\u03b7 \u03b5\u03bd\u03c4\u03cc\u03c2 \u03ba\u03bf\u03c5\u03c6\u03c9\u03bc\u03ac\u03c4\u03c9\u03bd \u03ae\/\u03ba\u03b1\u03b9 \u03b5\u03be\u03c9\u03c4\u03b5\u03c1\u03b9\u03ba\u03ad\u03c2 \u03c6\u03ad\u03c1\u03bf\u03c5\u03c3\u03b5\u03c2 \u03ba\u03b1\u03c4\u03b1\u03c3\u03ba\u03b5\u03c5\u03ad\u03c2. \u03a4\u03bf \u03c3\u03cd\u03c3\u03c4\u03b7\u03bc\u03b1 \u03bc\u03b5\u03bc\u03b2\u03c1\u03ac\u03bd\u03b7\u03c2 Vi-Pro\u00ae EPDM \u03c0\u03b1\u03c1\u03ad\u03c7\u03b5\u03b9 \u03ad\u03bd\u03b1 \u03c3\u03c5\u03bd\u03b5\u03c7\u03ad\u03c2 \u03c6\u03c1\u03ac\u03b3\u03bc\u03b1 \u03c3\u03c4\u03b7\u03bd \u03c5\u03b3\u03c1\u03b1\u03c3\u03af\u03b1, \u03b5\u03af\u03bd\u03b1\u03b9 \u03b1\u03bd\u03b8\u03b5\u03ba\u03c4\u03b9\u03ba\u03cc, \u03b5\u03cd\u03ba\u03b1\u03bc\u03c0\u03c4\u03bf \u03ba\u03b1\u03b9 \u03b1\u03bd\u03b8\u03b5\u03ba\u03c4\u03b9\u03ba\u03cc \u03c3\u03c4\u03b9\u03c2 \u03b4\u03bf\u03bc\u03b9\u03ba\u03ad\u03c2 \u03ba\u03b9\u03bd\u03ae\u03c3\u03b5\u03b9\u03c2. \u0394\u03b9\u03b1\u03c4\u03af\u03b8\u03b5\u03c4\u03b1\u03b9 \u03c3\u03b5 \u03bc\u03b1\u03cd\u03c1\u03bf \u03c7\u03c1\u03ce\u03bc\u03b1 \u03ba\u03b1\u03b9 \u03b7 \u03b5\u03c0\u03b9\u03c6\u03ac\u03bd\u03b5\u03b9\u03b1 \u03c4\u03b7\u03c2 \u03bc\u03b5\u03bc\u03b2\u03c1\u03ac\u03bd\u03b7\u03c2 \u03ad\u03c7\u03b5\u03b9 [&hellip;]","og_url":"https:\/\/proventuss.eu\/el\/produkt\/vi-pro-wns\/","og_site_name":"Proventuss","og_image":[{"width":153,"height":921,"url":"https:\/\/proventuss.eu\/wp-content\/uploads\/2022\/04\/Vi-Pro-WNS.png","type":"image\/png"}],"twitter_card":"summary_large_image","schema":{"@context":"https:\/\/schema.org","@graph":[{"@type":"WebPage","@id":"https:\/\/proventuss.eu\/el\/produkt\/vi-pro-wns\/","url":"https:\/\/proventuss.eu\/el\/produkt\/vi-pro-wns\/","name":"Vi-Pro\u00ae WNS - Proventuss","isPartOf":{"@id":"https:\/\/proventuss.eu\/#website"},"primaryImageOfPage":{"@id":"https:\/\/proventuss.eu\/el\/produkt\/vi-pro-wns\/#primaryimage"},"image":{"@id":"https:\/\/proventuss.eu\/el\/produkt\/vi-pro-wns\/#primaryimage"},"thumbnailUrl":"https:\/\/proventuss.eu\/wp-content\/uploads\/2022\/04\/Vi-Pro-WNS.png","datePublished":"2022-04-26T08:51:11+00:00","dateModified":"2022-04-26T08:51:11+00:00","breadcrumb":{"@id":"https:\/\/proventuss.eu\/el\/produkt\/vi-pro-wns\/#breadcrumb"},"inLanguage":"el","potentialAction":[{"@type":"ReadAction","target":["https:\/\/proventuss.eu\/el\/produkt\/vi-pro-wns\/"]}]},{"@type":"ImageObject","inLanguage":"el","@id":"https:\/\/proventuss.eu\/el\/produkt\/vi-pro-wns\/#primaryimage","url":"https:\/\/proventuss.eu\/wp-content\/uploads\/2022\/04\/Vi-Pro-WNS.png","contentUrl":"https:\/\/proventuss.eu\/wp-content\/uploads\/2022\/04\/Vi-Pro-WNS.png","width":153,"height":921,"caption":"Na zdj\u0119ciu jednosk\u0142adnikowe szczeliwo do szklenia oraz uszczelniania obwod\u00f3w futryn okiennych i drzwiowych wykonanych z drewna, PVC lub aluminium."},{"@type":"BreadcrumbList","@id":"https:\/\/proventuss.eu\/el\/produkt\/vi-pro-wns\/#breadcrumb","itemListElement":[{"@type":"ListItem","position":1,"name":"Home","item":"https:\/\/proventuss.eu\/"},{"@type":"ListItem","position":2,"name":"\u03a0\u03c1\u03bf\u03ca\u03cc\u03bd\u03c4\u03b1","item":"https:\/\/proventuss.eu\/%cf%80%cf%81%ce%bf%cf%8a%cf%8c%ce%bd%cf%84%ce%b1\/"},{"@type":"ListItem","position":3,"name":"Vi-Pro\u00ae WNS"}]},{"@type":"WebSite","@id":"https:\/\/proventuss.eu\/#website","url":"https:\/\/proventuss.eu\/","name":"Proventuss","description":"","potentialAction":[{"@type":"SearchAction","target":{"@type":"EntryPoint","urlTemplate":"https:\/\/proventuss.eu\/?s={search_term_string}"},"query-input":"required name=search_term_string"}],"inLanguage":"el"}]}},"_links":{"self":[{"href":"https:\/\/proventuss.eu\/el\/wp-json\/wp\/v2\/product\/6261"}],"collection":[{"href":"https:\/\/proventuss.eu\/el\/wp-json\/wp\/v2\/product"}],"about":[{"href":"https:\/\/proventuss.eu\/el\/wp-json\/wp\/v2\/types\/product"}],"replies":[{"embeddable":true,"href":"https:\/\/proventuss.eu\/el\/wp-json\/wp\/v2\/comments?post=6261"}],"wp:featuredmedia":[{"embeddable":true,"href":"https:\/\/proventuss.eu\/el\/wp-json\/wp\/v2\/media\/4942"}],"wp:attachment":[{"href":"https:\/\/proventuss.eu\/el\/wp-json\/wp\/v2\/media?parent=6261"}],"wp:term":[{"taxonomy":"product_cat","embeddable":true,"href":"https:\/\/proventuss.eu\/el\/wp-json\/wp\/v2\/product_cat?post=6261"},{"taxonomy":"product_tag","embeddable":true,"href":"https:\/\/proventuss.eu\/el\/wp-json\/wp\/v2\/product_tag?post=6261"}],"curies":[{"name":"wp","href":"https:\/\/api.w.org\/{rel}","templated":true}]}}