{"id":17834,"date":"2024-10-22T07:49:13","date_gmt":"2024-10-22T07:49:13","guid":{"rendered":"https:\/\/proventuss.eu\/produkt\/vi-pro-manual-gun-2k-11-ms-400ml\/"},"modified":"2024-10-22T08:00:21","modified_gmt":"2024-10-22T08:00:21","slug":"vi-pro-manual-gun-2k-11-ms-400ml","status":"publish","type":"product","link":"https:\/\/proventuss.eu\/el\/\u03c0\u03c1\u03bf\u03ca\u03cc\u03bd\/vi-pro-manual-gun-2k-11-ms-400ml\/","title":{"rendered":"Vi-Pro\u00ae MANUAL GUN 2K (1:1 MS), 400ML"},"content":{"rendered":"<p>\u0395\u03c0\u03b1\u03b3\u03b3\u03b5\u03bb\u03bc\u03b1\u03c4\u03b9\u03ba\u03cc \u03b1\u03c0\u03bb\u03b9\u03ba\u03b1\u03c4\u03ad\u03c1 \u03bc\u03b5 \u03c3\u03ce\u03bc\u03b1 \u03b1\u03bb\u03bf\u03c5\u03bc\u03b9\u03bd\u03af\u03bf\u03c5. \u039c\u03bf\u03c7\u03bb\u03cc\u03c2 \u03b1\u03c0\u03cc \u03c7\u03c5\u03c4\u03cc \u03c7\u03ac\u03bb\u03c5\u03b2\u03b1. \u039b\u03b1\u03b2\u03ae \u03ba\u03b1\u03b9 \u03ba\u03bf\u03c5\u03bc\u03c0\u03af \u03b1\u03c0\u03b5\u03bb\u03b5\u03c5\u03b8\u03ad\u03c1\u03c9\u03c3\u03b7\u03c2 \u03c1\u03ac\u03b2\u03b4\u03bf\u03c5 \u03bc\u03b5 \u03b5\u03c0\u03af\u03c3\u03c4\u03c1\u03c9\u03c3\u03b7 PVC. \u039a\u03bf\u03c5\u03bc\u03c0\u03af \u03b1\u03c0\u03b5\u03bb\u03b5\u03c5\u03b8\u03ad\u03c1\u03c9\u03c3\u03b7\u03c2 \u03c1\u03ac\u03b2\u03b4\u03bf\u03c5 \u03b1\u03c0\u03cc \u03c7\u03c5\u03c4\u03cc \u03b1\u03bb\u03bf\u03c5\u03bc\u03af\u03bd\u03b9\u03bf \u03ba\u03b1\u03b9 \u03c0\u03cc\u03bc\u03bf\u03bb\u03bf \u03b1\u03bd\u03ac\u03c3\u03c5\u03c1\u03c3\u03b7\u03c2 \u03c1\u03ac\u03b2\u03b4\u03bf\u03c5. \u0393\u03b9\u03b1 \u03c7\u03c1\u03ae\u03c3\u03b7 \u03c3\u03c5\u03b3\u03ba\u03bf\u03bb\u03bb\u03b7\u03c4\u03b9\u03ba\u03ce\u03bd \u03ba\u03b1\u03b9 \u03c3\u03c4\u03b5\u03b3\u03b1\u03bd\u03c9\u03c4\u03b9\u03ba\u03ce\u03bd \u03bc\u03b5\u03c3\u03b1\u03af\u03bf\u03c5\/\u03c5\u03c8\u03b7\u03bb\u03bf\u03cd \u03b9\u03be\u03ce\u03b4\u03bf\u03c5\u03c2 \u03c3\u03b5 \u03c6\u03c5\u03c3\u03af\u03b3\u03b3\u03b9\u03b1 \u03b4\u03cd\u03bf \u03c3\u03c5\u03c3\u03c4\u03b1\u03c4\u03b9\u03ba\u03ce\u03bd \u03b4\u03af\u03c0\u03bb\u03b1-\u03b4\u03af\u03c0\u03bb\u03b1.<\/p>\n<p>\u03a7\u03b1\u03c1\u03b1\u03ba\u03c4\u03b7\u03c1\u03b9\u03c3\u03c4\u03b9\u03ba\u03ac \u03b3\u03bd\u03c9\u03c1\u03af\u03c3\u03bc\u03b1\u03c4\u03b1:<\/p>\n<ul style=\"list-style-type: circle;\">\n<li>\u039a\u03b1\u03b8\u03b1\u03c1\u03cc \u03b2\u03ac\u03c1\u03bf\u03c2 &#8211; 988 g<\/li>\n<li>\u03a3\u03c5\u03bc\u03c0\u03bb\u03ad\u03ba\u03c4\u03b7\u03c2 &#8211; \u03c3\u03ba\u03bb\u03b7\u03c1\u03c5\u03bc\u03ad\u03bd\u03bf\u03c2 \u03b4\u03cd\u03bf \u03c4\u03b5\u03bc\u03b1\u03c7\u03af\u03c9\u03bd<\/li>\n<li>\u03a9\u03b8\u03b7\u03c4\u03ae\u03c2 &#8211; \u03c7\u03ac\u03bb\u03c5\u03b2\u03b1\u03c2 \u03c5\u03c8\u03b7\u03bb\u03ae\u03c2 \u03c0\u03b5\u03c1\u03b9\u03b5\u03ba\u03c4\u03b9\u03ba\u03cc\u03c4\u03b7\u03c4\u03b1\u03c2 \u03c3\u03b5 \u03ac\u03bd\u03b8\u03c1\u03b1\u03ba\u03b1<\/li>\n<li>\u039c\u03ad\u03b3\u03b9\u03c3\u03c4\u03b7 \u03b4\u03cd\u03bd\u03b1\u03bc\u03b7 &#8211; 450 Kgf \u2013 4,4 kN<\/li>\n<li>\u0391\u03bd\u03b1\u03bb\u03bf\u03b3\u03af\u03b1 \u03ce\u03c3\u03b7\u03c2 &#8211; 24:1<\/li>\n<li>\u03a0\u03c1\u03cc\u03bf\u03b4\u03bf\u03c2\/\u03a7\u03b1\u03bb\u03ac\u03c1\u03c9\u03c3\u03b7 &#8211; 3,5 \u03c7\u03bb\u03c3\u03c4<\/li>\n<\/ul>\n<p>\u03a3\u03c5\u03c3\u03ba\u03b5\u03c5\u03b1\u03c3\u03af\u03b1: 1 \u03c4\u03b5\u03bc \u03c3\u03b5 \u03c7\u03b1\u03c1\u03c4\u03bf\u03ba\u03b9\u03b2\u03ce\u03c4\u03b9\u03bf.<\/p>\n","protected":false},"excerpt":{"rendered":"<p>\u0395\u03c0\u03b1\u03b3\u03b3\u03b5\u03bb\u03bc\u03b1\u03c4\u03b9\u03ba\u03cc \u03b1\u03c0\u03bb\u03b9\u03ba\u03b1\u03c4\u03ad\u03c1 \u03bc\u03b5 \u03c3\u03ce\u03bc\u03b1 \u03b1\u03bb\u03bf\u03c5\u03bc\u03b9\u03bd\u03af\u03bf\u03c5. \u039c\u03bf\u03c7\u03bb\u03cc\u03c2 \u03b1\u03c0\u03cc \u03c7\u03c5\u03c4\u03cc \u03c7\u03ac\u03bb\u03c5\u03b2\u03b1. \u039b\u03b1\u03b2\u03ae \u03ba\u03b1\u03b9 \u03ba\u03bf\u03c5\u03bc\u03c0\u03af \u03b1\u03c0\u03b5\u03bb\u03b5\u03c5\u03b8\u03ad\u03c1\u03c9\u03c3\u03b7\u03c2 \u03c1\u03ac\u03b2\u03b4\u03bf\u03c5 \u03bc\u03b5 \u03b5\u03c0\u03af\u03c3\u03c4\u03c1\u03c9\u03c3\u03b7 PVC. \u039a\u03bf\u03c5\u03bc\u03c0\u03af \u03b1\u03c0\u03b5\u03bb\u03b5\u03c5\u03b8\u03ad\u03c1\u03c9\u03c3\u03b7\u03c2 \u03c1\u03ac\u03b2\u03b4\u03bf\u03c5 \u03b1\u03c0\u03cc \u03c7\u03c5\u03c4\u03cc \u03b1\u03bb\u03bf\u03c5\u03bc\u03af\u03bd\u03b9\u03bf \u03ba\u03b1\u03b9 \u03c0\u03cc\u03bc\u03bf\u03bb\u03bf \u03b1\u03bd\u03ac\u03c3\u03c5\u03c1\u03c3\u03b7\u03c2 \u03c1\u03ac\u03b2\u03b4\u03bf\u03c5. \u0393\u03b9\u03b1 \u03c7\u03c1\u03ae\u03c3\u03b7 \u03c3\u03c5\u03b3\u03ba\u03bf\u03bb\u03bb\u03b7\u03c4\u03b9\u03ba\u03ce\u03bd \u03ba\u03b1\u03b9 \u03c3\u03c4\u03b5\u03b3\u03b1\u03bd\u03c9\u03c4\u03b9\u03ba\u03ce\u03bd \u03bc\u03b5\u03c3\u03b1\u03af\u03bf\u03c5\/\u03c5\u03c8\u03b7\u03bb\u03bf\u03cd \u03b9\u03be\u03ce\u03b4\u03bf\u03c5\u03c2 \u03c3\u03b5 \u03c6\u03c5\u03c3\u03af\u03b3\u03b3\u03b9\u03b1 \u03b4\u03cd\u03bf \u03c3\u03c5\u03c3\u03c4\u03b1\u03c4\u03b9\u03ba\u03ce\u03bd \u03b4\u03af\u03c0\u03bb\u03b1-\u03b4\u03af\u03c0\u03bb\u03b1. \u03a7\u03b1\u03c1\u03b1\u03ba\u03c4\u03b7\u03c1\u03b9\u03c3\u03c4\u03b9\u03ba\u03ac \u03b3\u03bd\u03c9\u03c1\u03af\u03c3\u03bc\u03b1\u03c4\u03b1: \u039a\u03b1\u03b8\u03b1\u03c1\u03cc \u03b2\u03ac\u03c1\u03bf\u03c2 &#8211; 988 g \u03a3\u03c5\u03bc\u03c0\u03bb\u03ad\u03ba\u03c4\u03b7\u03c2 &#8211; \u03c3\u03ba\u03bb\u03b7\u03c1\u03c5\u03bc\u03ad\u03bd\u03bf\u03c2 \u03b4\u03cd\u03bf \u03c4\u03b5\u03bc\u03b1\u03c7\u03af\u03c9\u03bd \u03a9\u03b8\u03b7\u03c4\u03ae\u03c2 &#8211; \u03c7\u03ac\u03bb\u03c5\u03b2\u03b1\u03c2 \u03c5\u03c8\u03b7\u03bb\u03ae\u03c2 [&hellip;]<\/p>\n","protected":false},"featured_media":17824,"comment_status":"open","ping_status":"closed","template":"","meta":{"_acf_changed":false},"product_cat":[277,306],"product_tag":[],"acf":[],"yoast_head":"<!-- This site is optimized with the Yoast SEO plugin v22.9 - https:\/\/yoast.com\/wordpress\/plugins\/seo\/ -->\n<title>Vi-Pro\u00ae MANUAL GUN 2K (1:1 MS), 400ML - Proventuss<\/title>\n<meta name=\"robots\" content=\"index, follow, max-snippet:-1, max-image-preview:large, max-video-preview:-1\" \/>\n<link rel=\"canonical\" href=\"https:\/\/proventuss.eu\/el\/produkt\/vi-pro-manual-gun-2k-11-ms-400ml\/\" \/>\n<meta property=\"og:locale\" content=\"el_GR\" \/>\n<meta property=\"og:type\" content=\"article\" \/>\n<meta property=\"og:title\" content=\"Vi-Pro\u00ae MANUAL GUN 2K (1:1 MS), 400ML - Proventuss\" \/>\n<meta property=\"og:description\" content=\"\u0395\u03c0\u03b1\u03b3\u03b3\u03b5\u03bb\u03bc\u03b1\u03c4\u03b9\u03ba\u03cc \u03b1\u03c0\u03bb\u03b9\u03ba\u03b1\u03c4\u03ad\u03c1 \u03bc\u03b5 \u03c3\u03ce\u03bc\u03b1 \u03b1\u03bb\u03bf\u03c5\u03bc\u03b9\u03bd\u03af\u03bf\u03c5. \u039c\u03bf\u03c7\u03bb\u03cc\u03c2 \u03b1\u03c0\u03cc \u03c7\u03c5\u03c4\u03cc \u03c7\u03ac\u03bb\u03c5\u03b2\u03b1. \u039b\u03b1\u03b2\u03ae \u03ba\u03b1\u03b9 \u03ba\u03bf\u03c5\u03bc\u03c0\u03af \u03b1\u03c0\u03b5\u03bb\u03b5\u03c5\u03b8\u03ad\u03c1\u03c9\u03c3\u03b7\u03c2 \u03c1\u03ac\u03b2\u03b4\u03bf\u03c5 \u03bc\u03b5 \u03b5\u03c0\u03af\u03c3\u03c4\u03c1\u03c9\u03c3\u03b7 PVC. \u039a\u03bf\u03c5\u03bc\u03c0\u03af \u03b1\u03c0\u03b5\u03bb\u03b5\u03c5\u03b8\u03ad\u03c1\u03c9\u03c3\u03b7\u03c2 \u03c1\u03ac\u03b2\u03b4\u03bf\u03c5 \u03b1\u03c0\u03cc \u03c7\u03c5\u03c4\u03cc \u03b1\u03bb\u03bf\u03c5\u03bc\u03af\u03bd\u03b9\u03bf \u03ba\u03b1\u03b9 \u03c0\u03cc\u03bc\u03bf\u03bb\u03bf \u03b1\u03bd\u03ac\u03c3\u03c5\u03c1\u03c3\u03b7\u03c2 \u03c1\u03ac\u03b2\u03b4\u03bf\u03c5. \u0393\u03b9\u03b1 \u03c7\u03c1\u03ae\u03c3\u03b7 \u03c3\u03c5\u03b3\u03ba\u03bf\u03bb\u03bb\u03b7\u03c4\u03b9\u03ba\u03ce\u03bd \u03ba\u03b1\u03b9 \u03c3\u03c4\u03b5\u03b3\u03b1\u03bd\u03c9\u03c4\u03b9\u03ba\u03ce\u03bd \u03bc\u03b5\u03c3\u03b1\u03af\u03bf\u03c5\/\u03c5\u03c8\u03b7\u03bb\u03bf\u03cd \u03b9\u03be\u03ce\u03b4\u03bf\u03c5\u03c2 \u03c3\u03b5 \u03c6\u03c5\u03c3\u03af\u03b3\u03b3\u03b9\u03b1 \u03b4\u03cd\u03bf \u03c3\u03c5\u03c3\u03c4\u03b1\u03c4\u03b9\u03ba\u03ce\u03bd \u03b4\u03af\u03c0\u03bb\u03b1-\u03b4\u03af\u03c0\u03bb\u03b1. \u03a7\u03b1\u03c1\u03b1\u03ba\u03c4\u03b7\u03c1\u03b9\u03c3\u03c4\u03b9\u03ba\u03ac \u03b3\u03bd\u03c9\u03c1\u03af\u03c3\u03bc\u03b1\u03c4\u03b1: \u039a\u03b1\u03b8\u03b1\u03c1\u03cc \u03b2\u03ac\u03c1\u03bf\u03c2 &#8211; 988 g \u03a3\u03c5\u03bc\u03c0\u03bb\u03ad\u03ba\u03c4\u03b7\u03c2 &#8211; \u03c3\u03ba\u03bb\u03b7\u03c1\u03c5\u03bc\u03ad\u03bd\u03bf\u03c2 \u03b4\u03cd\u03bf \u03c4\u03b5\u03bc\u03b1\u03c7\u03af\u03c9\u03bd \u03a9\u03b8\u03b7\u03c4\u03ae\u03c2 &#8211; \u03c7\u03ac\u03bb\u03c5\u03b2\u03b1\u03c2 \u03c5\u03c8\u03b7\u03bb\u03ae\u03c2 [&hellip;]\" \/>\n<meta property=\"og:url\" content=\"https:\/\/proventuss.eu\/el\/produkt\/vi-pro-manual-gun-2k-11-ms-400ml\/\" \/>\n<meta property=\"og:site_name\" content=\"Proventuss\" \/>\n<meta property=\"article:modified_time\" content=\"2024-10-22T08:00:21+00:00\" \/>\n<meta property=\"og:image\" content=\"https:\/\/proventuss.eu\/wp-content\/uploads\/2024\/10\/Vi-Pro\u00ae-MANUAL-GUN-2K-11-MS-400ML-scaled-e1729583141730.jpg\" \/>\n\t<meta property=\"og:image:width\" content=\"2560\" \/>\n\t<meta property=\"og:image:height\" content=\"1707\" \/>\n\t<meta property=\"og:image:type\" content=\"image\/jpeg\" \/>\n<meta name=\"twitter:card\" content=\"summary_large_image\" \/>\n<meta name=\"twitter:label1\" content=\"\u0395\u03ba\u03c4\u03b9\u03bc\u03ce\u03bc\u03b5\u03bd\u03bf\u03c2 \u03c7\u03c1\u03cc\u03bd\u03bf\u03c2 \u03b1\u03bd\u03ac\u03b3\u03bd\u03c9\u03c3\u03b7\u03c2\" \/>\n\t<meta name=\"twitter:data1\" content=\"1 \u03bb\u03b5\u03c0\u03c4\u03cc\" \/>\n<script type=\"application\/ld+json\" class=\"yoast-schema-graph\">{\"@context\":\"https:\/\/schema.org\",\"@graph\":[{\"@type\":\"WebPage\",\"@id\":\"https:\/\/proventuss.eu\/el\/produkt\/vi-pro-manual-gun-2k-11-ms-400ml\/\",\"url\":\"https:\/\/proventuss.eu\/el\/produkt\/vi-pro-manual-gun-2k-11-ms-400ml\/\",\"name\":\"Vi-Pro\u00ae MANUAL GUN 2K (1:1 MS), 400ML - Proventuss\",\"isPartOf\":{\"@id\":\"https:\/\/proventuss.eu\/#website\"},\"primaryImageOfPage\":{\"@id\":\"https:\/\/proventuss.eu\/el\/produkt\/vi-pro-manual-gun-2k-11-ms-400ml\/#primaryimage\"},\"image\":{\"@id\":\"https:\/\/proventuss.eu\/el\/produkt\/vi-pro-manual-gun-2k-11-ms-400ml\/#primaryimage\"},\"thumbnailUrl\":\"https:\/\/proventuss.eu\/wp-content\/uploads\/2024\/10\/Vi-Pro\u00ae-MANUAL-GUN-2K-11-MS-400ML-scaled-e1729583141730.jpg\",\"datePublished\":\"2024-10-22T07:49:13+00:00\",\"dateModified\":\"2024-10-22T08:00:21+00:00\",\"breadcrumb\":{\"@id\":\"https:\/\/proventuss.eu\/el\/produkt\/vi-pro-manual-gun-2k-11-ms-400ml\/#breadcrumb\"},\"inLanguage\":\"el\",\"potentialAction\":[{\"@type\":\"ReadAction\",\"target\":[\"https:\/\/proventuss.eu\/el\/produkt\/vi-pro-manual-gun-2k-11-ms-400ml\/\"]}]},{\"@type\":\"ImageObject\",\"inLanguage\":\"el\",\"@id\":\"https:\/\/proventuss.eu\/el\/produkt\/vi-pro-manual-gun-2k-11-ms-400ml\/#primaryimage\",\"url\":\"https:\/\/proventuss.eu\/wp-content\/uploads\/2024\/10\/Vi-Pro\u00ae-MANUAL-GUN-2K-11-MS-400ML-scaled-e1729583141730.jpg\",\"contentUrl\":\"https:\/\/proventuss.eu\/wp-content\/uploads\/2024\/10\/Vi-Pro\u00ae-MANUAL-GUN-2K-11-MS-400ML-scaled-e1729583141730.jpg\",\"width\":2560,\"height\":1707,\"caption\":\"Na zdj\u0119ciu pistolet manualny do podw\u00f3jnych kartuszy o pojemno\u015bci 400 ml w stosunku 1:1. Do stosowania klej\u00f3w i uszczelniaczy o \u015bredniej\/wysokiej lepko\u015bci.\"},{\"@type\":\"BreadcrumbList\",\"@id\":\"https:\/\/proventuss.eu\/el\/produkt\/vi-pro-manual-gun-2k-11-ms-400ml\/#breadcrumb\",\"itemListElement\":[{\"@type\":\"ListItem\",\"position\":1,\"name\":\"Home\",\"item\":\"https:\/\/proventuss.eu\/\"},{\"@type\":\"ListItem\",\"position\":2,\"name\":\"\u03a0\u03c1\u03bf\u03ca\u03cc\u03bd\u03c4\u03b1\",\"item\":\"https:\/\/proventuss.eu\/%cf%80%cf%81%ce%bf%cf%8a%cf%8c%ce%bd%cf%84%ce%b1\/\"},{\"@type\":\"ListItem\",\"position\":3,\"name\":\"Vi-Pro\u00ae MANUAL GUN 2K (1:1 MS), 400ML\"}]},{\"@type\":\"WebSite\",\"@id\":\"https:\/\/proventuss.eu\/#website\",\"url\":\"https:\/\/proventuss.eu\/\",\"name\":\"Proventuss\",\"description\":\"\",\"potentialAction\":[{\"@type\":\"SearchAction\",\"target\":{\"@type\":\"EntryPoint\",\"urlTemplate\":\"https:\/\/proventuss.eu\/?s={search_term_string}\"},\"query-input\":\"required name=search_term_string\"}],\"inLanguage\":\"el\"}]}<\/script>\n<!-- \/ Yoast SEO plugin. -->","yoast_head_json":{"title":"Vi-Pro\u00ae MANUAL GUN 2K (1:1 MS), 400ML - Proventuss","robots":{"index":"index","follow":"follow","max-snippet":"max-snippet:-1","max-image-preview":"max-image-preview:large","max-video-preview":"max-video-preview:-1"},"canonical":"https:\/\/proventuss.eu\/el\/produkt\/vi-pro-manual-gun-2k-11-ms-400ml\/","og_locale":"el_GR","og_type":"article","og_title":"Vi-Pro\u00ae MANUAL GUN 2K (1:1 MS), 400ML - Proventuss","og_description":"\u0395\u03c0\u03b1\u03b3\u03b3\u03b5\u03bb\u03bc\u03b1\u03c4\u03b9\u03ba\u03cc \u03b1\u03c0\u03bb\u03b9\u03ba\u03b1\u03c4\u03ad\u03c1 \u03bc\u03b5 \u03c3\u03ce\u03bc\u03b1 \u03b1\u03bb\u03bf\u03c5\u03bc\u03b9\u03bd\u03af\u03bf\u03c5. \u039c\u03bf\u03c7\u03bb\u03cc\u03c2 \u03b1\u03c0\u03cc \u03c7\u03c5\u03c4\u03cc \u03c7\u03ac\u03bb\u03c5\u03b2\u03b1. \u039b\u03b1\u03b2\u03ae \u03ba\u03b1\u03b9 \u03ba\u03bf\u03c5\u03bc\u03c0\u03af \u03b1\u03c0\u03b5\u03bb\u03b5\u03c5\u03b8\u03ad\u03c1\u03c9\u03c3\u03b7\u03c2 \u03c1\u03ac\u03b2\u03b4\u03bf\u03c5 \u03bc\u03b5 \u03b5\u03c0\u03af\u03c3\u03c4\u03c1\u03c9\u03c3\u03b7 PVC. \u039a\u03bf\u03c5\u03bc\u03c0\u03af \u03b1\u03c0\u03b5\u03bb\u03b5\u03c5\u03b8\u03ad\u03c1\u03c9\u03c3\u03b7\u03c2 \u03c1\u03ac\u03b2\u03b4\u03bf\u03c5 \u03b1\u03c0\u03cc \u03c7\u03c5\u03c4\u03cc \u03b1\u03bb\u03bf\u03c5\u03bc\u03af\u03bd\u03b9\u03bf \u03ba\u03b1\u03b9 \u03c0\u03cc\u03bc\u03bf\u03bb\u03bf \u03b1\u03bd\u03ac\u03c3\u03c5\u03c1\u03c3\u03b7\u03c2 \u03c1\u03ac\u03b2\u03b4\u03bf\u03c5. \u0393\u03b9\u03b1 \u03c7\u03c1\u03ae\u03c3\u03b7 \u03c3\u03c5\u03b3\u03ba\u03bf\u03bb\u03bb\u03b7\u03c4\u03b9\u03ba\u03ce\u03bd \u03ba\u03b1\u03b9 \u03c3\u03c4\u03b5\u03b3\u03b1\u03bd\u03c9\u03c4\u03b9\u03ba\u03ce\u03bd \u03bc\u03b5\u03c3\u03b1\u03af\u03bf\u03c5\/\u03c5\u03c8\u03b7\u03bb\u03bf\u03cd \u03b9\u03be\u03ce\u03b4\u03bf\u03c5\u03c2 \u03c3\u03b5 \u03c6\u03c5\u03c3\u03af\u03b3\u03b3\u03b9\u03b1 \u03b4\u03cd\u03bf \u03c3\u03c5\u03c3\u03c4\u03b1\u03c4\u03b9\u03ba\u03ce\u03bd \u03b4\u03af\u03c0\u03bb\u03b1-\u03b4\u03af\u03c0\u03bb\u03b1. \u03a7\u03b1\u03c1\u03b1\u03ba\u03c4\u03b7\u03c1\u03b9\u03c3\u03c4\u03b9\u03ba\u03ac \u03b3\u03bd\u03c9\u03c1\u03af\u03c3\u03bc\u03b1\u03c4\u03b1: \u039a\u03b1\u03b8\u03b1\u03c1\u03cc \u03b2\u03ac\u03c1\u03bf\u03c2 &#8211; 988 g \u03a3\u03c5\u03bc\u03c0\u03bb\u03ad\u03ba\u03c4\u03b7\u03c2 &#8211; \u03c3\u03ba\u03bb\u03b7\u03c1\u03c5\u03bc\u03ad\u03bd\u03bf\u03c2 \u03b4\u03cd\u03bf \u03c4\u03b5\u03bc\u03b1\u03c7\u03af\u03c9\u03bd \u03a9\u03b8\u03b7\u03c4\u03ae\u03c2 &#8211; \u03c7\u03ac\u03bb\u03c5\u03b2\u03b1\u03c2 \u03c5\u03c8\u03b7\u03bb\u03ae\u03c2 [&hellip;]","og_url":"https:\/\/proventuss.eu\/el\/produkt\/vi-pro-manual-gun-2k-11-ms-400ml\/","og_site_name":"Proventuss","article_modified_time":"2024-10-22T08:00:21+00:00","og_image":[{"width":2560,"height":1707,"url":"https:\/\/proventuss.eu\/wp-content\/uploads\/2024\/10\/Vi-Pro\u00ae-MANUAL-GUN-2K-11-MS-400ML-scaled-e1729583141730.jpg","type":"image\/jpeg"}],"twitter_card":"summary_large_image","twitter_misc":{"\u0395\u03ba\u03c4\u03b9\u03bc\u03ce\u03bc\u03b5\u03bd\u03bf\u03c2 \u03c7\u03c1\u03cc\u03bd\u03bf\u03c2 \u03b1\u03bd\u03ac\u03b3\u03bd\u03c9\u03c3\u03b7\u03c2":"1 \u03bb\u03b5\u03c0\u03c4\u03cc"},"schema":{"@context":"https:\/\/schema.org","@graph":[{"@type":"WebPage","@id":"https:\/\/proventuss.eu\/el\/produkt\/vi-pro-manual-gun-2k-11-ms-400ml\/","url":"https:\/\/proventuss.eu\/el\/produkt\/vi-pro-manual-gun-2k-11-ms-400ml\/","name":"Vi-Pro\u00ae MANUAL GUN 2K (1:1 MS), 400ML - Proventuss","isPartOf":{"@id":"https:\/\/proventuss.eu\/#website"},"primaryImageOfPage":{"@id":"https:\/\/proventuss.eu\/el\/produkt\/vi-pro-manual-gun-2k-11-ms-400ml\/#primaryimage"},"image":{"@id":"https:\/\/proventuss.eu\/el\/produkt\/vi-pro-manual-gun-2k-11-ms-400ml\/#primaryimage"},"thumbnailUrl":"https:\/\/proventuss.eu\/wp-content\/uploads\/2024\/10\/Vi-Pro\u00ae-MANUAL-GUN-2K-11-MS-400ML-scaled-e1729583141730.jpg","datePublished":"2024-10-22T07:49:13+00:00","dateModified":"2024-10-22T08:00:21+00:00","breadcrumb":{"@id":"https:\/\/proventuss.eu\/el\/produkt\/vi-pro-manual-gun-2k-11-ms-400ml\/#breadcrumb"},"inLanguage":"el","potentialAction":[{"@type":"ReadAction","target":["https:\/\/proventuss.eu\/el\/produkt\/vi-pro-manual-gun-2k-11-ms-400ml\/"]}]},{"@type":"ImageObject","inLanguage":"el","@id":"https:\/\/proventuss.eu\/el\/produkt\/vi-pro-manual-gun-2k-11-ms-400ml\/#primaryimage","url":"https:\/\/proventuss.eu\/wp-content\/uploads\/2024\/10\/Vi-Pro\u00ae-MANUAL-GUN-2K-11-MS-400ML-scaled-e1729583141730.jpg","contentUrl":"https:\/\/proventuss.eu\/wp-content\/uploads\/2024\/10\/Vi-Pro\u00ae-MANUAL-GUN-2K-11-MS-400ML-scaled-e1729583141730.jpg","width":2560,"height":1707,"caption":"Na zdj\u0119ciu pistolet manualny do podw\u00f3jnych kartuszy o pojemno\u015bci 400 ml w stosunku 1:1. Do stosowania klej\u00f3w i uszczelniaczy o \u015bredniej\/wysokiej lepko\u015bci."},{"@type":"BreadcrumbList","@id":"https:\/\/proventuss.eu\/el\/produkt\/vi-pro-manual-gun-2k-11-ms-400ml\/#breadcrumb","itemListElement":[{"@type":"ListItem","position":1,"name":"Home","item":"https:\/\/proventuss.eu\/"},{"@type":"ListItem","position":2,"name":"\u03a0\u03c1\u03bf\u03ca\u03cc\u03bd\u03c4\u03b1","item":"https:\/\/proventuss.eu\/%cf%80%cf%81%ce%bf%cf%8a%cf%8c%ce%bd%cf%84%ce%b1\/"},{"@type":"ListItem","position":3,"name":"Vi-Pro\u00ae MANUAL GUN 2K (1:1 MS), 400ML"}]},{"@type":"WebSite","@id":"https:\/\/proventuss.eu\/#website","url":"https:\/\/proventuss.eu\/","name":"Proventuss","description":"","potentialAction":[{"@type":"SearchAction","target":{"@type":"EntryPoint","urlTemplate":"https:\/\/proventuss.eu\/?s={search_term_string}"},"query-input":"required name=search_term_string"}],"inLanguage":"el"}]}},"_links":{"self":[{"href":"https:\/\/proventuss.eu\/el\/wp-json\/wp\/v2\/product\/17834"}],"collection":[{"href":"https:\/\/proventuss.eu\/el\/wp-json\/wp\/v2\/product"}],"about":[{"href":"https:\/\/proventuss.eu\/el\/wp-json\/wp\/v2\/types\/product"}],"replies":[{"embeddable":true,"href":"https:\/\/proventuss.eu\/el\/wp-json\/wp\/v2\/comments?post=17834"}],"wp:featuredmedia":[{"embeddable":true,"href":"https:\/\/proventuss.eu\/el\/wp-json\/wp\/v2\/media\/17824"}],"wp:attachment":[{"href":"https:\/\/proventuss.eu\/el\/wp-json\/wp\/v2\/media?parent=17834"}],"wp:term":[{"taxonomy":"product_cat","embeddable":true,"href":"https:\/\/proventuss.eu\/el\/wp-json\/wp\/v2\/product_cat?post=17834"},{"taxonomy":"product_tag","embeddable":true,"href":"https:\/\/proventuss.eu\/el\/wp-json\/wp\/v2\/product_tag?post=17834"}],"curies":[{"name":"wp","href":"https:\/\/api.w.org\/{rel}","templated":true}]}}