{"id":17135,"date":"2023-08-29T09:54:12","date_gmt":"2023-08-29T09:54:12","guid":{"rendered":"https:\/\/proventuss.eu\/produkt\/vi-pro-primer-135\/"},"modified":"2024-08-02T09:16:22","modified_gmt":"2024-08-02T09:16:22","slug":"vi-pro-primer-135","status":"publish","type":"product","link":"https:\/\/proventuss.eu\/el\/\u03c0\u03c1\u03bf\u03ca\u03cc\u03bd\/vi-pro-primer-135\/","title":{"rendered":"Vi-Pro Primer 135"},"content":{"rendered":"<p>\u03a4\u03bf Vi-Pro Primer 135 \u03b5\u03af\u03bd\u03b1\u03b9 \u03ad\u03bd\u03b1 \u03bc\u03b1\u03cd\u03c1\u03bf \u03b1\u03c3\u03c4\u03ac\u03c1\u03b9 \u03c0\u03c1\u03cc\u03c3\u03c6\u03c5\u03c3\u03b7\u03c2 \u03b5\u03bd\u03cc\u03c2 \u03b2\u03ae\u03bc\u03b1\u03c4\u03bf\u03c2 (2 \u03c3\u03b5 1), \u03c3\u03c7\u03b5\u03b4\u03b9\u03b1\u03c3\u03bc\u03ad\u03bd\u03bf \u03b5\u03b9\u03b4\u03b9\u03ba\u03ac \u03b3\u03b9\u03b1 \u03c4\u03b7 \u03b2\u03b5\u03bb\u03c4\u03af\u03c9\u03c3\u03b7 \u03c4\u03b7\u03c2 \u03c0\u03c1\u03cc\u03c3\u03c6\u03c5\u03c3\u03b7\u03c2 \u03c0\u03bf\u03bb\u03bb\u03ce\u03bd \u03b4\u03bf\u03bc\u03b9\u03ba\u03ce\u03bd \u03c5\u03bb\u03b9\u03ba\u03ce\u03bd.<\/p>\n<p>\u03a0\u039b\u0395\u039f\u039d\u0395\u039a\u03a4\u0397\u039c\u0391\u03a4\u0391:<br \/>\n\u2022 \u03a0\u03b1\u03c1\u03ad\u03c7\u03b5\u03b9 \u03b5\u03be\u03b1\u03b9\u03c1\u03b5\u03c4\u03b9\u03ba\u03ae \u03c0\u03c1\u03cc\u03c3\u03c6\u03c5\u03c3\u03b7 \u03c3\u03c4\u03b1 \u03c3\u03c4\u03b5\u03b3\u03b1\u03bd\u03c9\u03c4\u03b9\u03ba\u03ac Vi-Pro Strongbond.<br \/>\n\u2022 \u0399\u03b4\u03b1\u03bd\u03b9\u03ba\u03cc \u03b3\u03b9\u03b1 \u03c4\u03b7\u03bd \u03b1\u03c0\u03bf\u03ba\u03b1\u03c4\u03ac\u03c3\u03c4\u03b1\u03c3\u03b7 \u03b3\u03c1\u03b1\u03c4\u03c3\u03bf\u03c5\u03bd\u03b9\u03ce\u03bd \u03c7\u03c1\u03ce\u03bc\u03b1\u03c4\u03bf\u03c2 \u03c3\u03b5 \u03c3\u03c5\u03b3\u03ba\u03bf\u03bb\u03bb\u03ae\u03c3\u03b5\u03b9\u03c2 \u03b3\u03b9\u03b1 \u03c0\u03c1\u03bf\u03c3\u03c4\u03b1\u03c3\u03af\u03b1 \u03b1\u03c0\u03cc \u03c4\u03b7 \u03b4\u03b9\u03ac\u03b2\u03c1\u03c9\u03c3\u03b7.<br \/>\n\u2022 \u0391\u03bd\u03b8\u03b5\u03ba\u03c4\u03b9\u03ba\u03cc \u03c3\u03c4\u03b7\u03bd \u03c5\u03c0\u03b5\u03c1\u03b9\u03ce\u03b4\u03b7 \u03b1\u03ba\u03c4\u03b9\u03bd\u03bf\u03b2\u03bf\u03bb\u03af\u03b1, \u03ba\u03b1\u03c4\u03ac\u03bb\u03bb\u03b7\u03bb\u03bf \u03b3\u03b9\u03b1 \u03c4\u03b7\u03bd \u03b5\u03c6\u03b1\u03c1\u03bc\u03bf\u03b3\u03ae \u03b5\u03c0\u03b9\u03ba\u03ac\u03bb\u03c5\u03c8\u03b7\u03c2 UV \u03c3\u03b5 \u03b4\u03b9\u03b1\u03c6\u03b1\u03bd\u03ad\u03c2 \u03b3\u03c5\u03b1\u03bb\u03af.<br \/>\n\u2022 \u03a0\u03b1\u03c1\u03ad\u03c7\u03b5\u03b9 \u03b2\u03b5\u03bb\u03c4\u03b9\u03c9\u03bc\u03ad\u03bd\u03b7 \u03c0\u03c1\u03cc\u03c3\u03c6\u03c5\u03c3\u03b7 \u03c3\u03b5 \u03cc\u03bb\u03b1 \u03c4\u03b1 \u03bc\u03b7 \u03c0\u03bf\u03c1\u03ce\u03b4\u03b7 \u03c5\u03bb\u03b9\u03ba\u03ac \u03c0\u03bf\u03c5 \u03c7\u03c1\u03b7\u03c3\u03b9\u03bc\u03bf\u03c0\u03bf\u03b9\u03bf\u03cd\u03bd\u03c4\u03b1\u03b9 \u03c3\u03c4\u03b7 \u03b2\u03b9\u03bf\u03bc\u03b7\u03c7\u03b1\u03bd\u03af\u03b1 \u03ba\u03b1\u03b9 \u03c4\u03b9\u03c2 \u03ba\u03b1\u03c4\u03b1\u03c3\u03ba\u03b5\u03c5\u03ad\u03c2, \u03cc\u03c0\u03c9\u03c2 \u03b2\u03b1\u03bc\u03bc\u03ad\u03bd\u03b5\u03c2 \u03b5\u03c0\u03b9\u03c6\u03ac\u03bd\u03b5\u03b9\u03b5\u03c2, FRP, \u03c0\u03bb\u03b1\u03c3\u03c4\u03b9\u03ba\u03ac, \u03b3\u03c5\u03b1\u03bb\u03af, \u03b1\u03bb\u03bf\u03c5\u03bc\u03af\u03bd\u03b9\u03bf \u03ba\u03b1\u03b9 \u03bf\u03c1\u03b9\u03c3\u03bc\u03ad\u03bd\u03b1 \u03bc\u03ad\u03c4\u03b1\u03bb\u03bb\u03b1.<\/p>\n","protected":false},"excerpt":{"rendered":"<p>\u03a4\u03bf Vi-Pro Primer 135 \u03b5\u03af\u03bd\u03b1\u03b9 \u03ad\u03bd\u03b1 \u03bc\u03b1\u03cd\u03c1\u03bf \u03b1\u03c3\u03c4\u03ac\u03c1\u03b9 \u03c0\u03c1\u03cc\u03c3\u03c6\u03c5\u03c3\u03b7\u03c2 \u03b5\u03bd\u03cc\u03c2 \u03b2\u03ae\u03bc\u03b1\u03c4\u03bf\u03c2 (2 \u03c3\u03b5 1), \u03c3\u03c7\u03b5\u03b4\u03b9\u03b1\u03c3\u03bc\u03ad\u03bd\u03bf \u03b5\u03b9\u03b4\u03b9\u03ba\u03ac \u03b3\u03b9\u03b1 \u03c4\u03b7 \u03b2\u03b5\u03bb\u03c4\u03af\u03c9\u03c3\u03b7 \u03c4\u03b7\u03c2 \u03c0\u03c1\u03cc\u03c3\u03c6\u03c5\u03c3\u03b7\u03c2 \u03c0\u03bf\u03bb\u03bb\u03ce\u03bd \u03b4\u03bf\u03bc\u03b9\u03ba\u03ce\u03bd \u03c5\u03bb\u03b9\u03ba\u03ce\u03bd. \u03a0\u039b\u0395\u039f\u039d\u0395\u039a\u03a4\u0397\u039c\u0391\u03a4\u0391: \u2022 \u03a0\u03b1\u03c1\u03ad\u03c7\u03b5\u03b9 \u03b5\u03be\u03b1\u03b9\u03c1\u03b5\u03c4\u03b9\u03ba\u03ae \u03c0\u03c1\u03cc\u03c3\u03c6\u03c5\u03c3\u03b7 \u03c3\u03c4\u03b1 \u03c3\u03c4\u03b5\u03b3\u03b1\u03bd\u03c9\u03c4\u03b9\u03ba\u03ac Vi-Pro Strongbond. \u2022 \u0399\u03b4\u03b1\u03bd\u03b9\u03ba\u03cc \u03b3\u03b9\u03b1 \u03c4\u03b7\u03bd \u03b1\u03c0\u03bf\u03ba\u03b1\u03c4\u03ac\u03c3\u03c4\u03b1\u03c3\u03b7 \u03b3\u03c1\u03b1\u03c4\u03c3\u03bf\u03c5\u03bd\u03b9\u03ce\u03bd \u03c7\u03c1\u03ce\u03bc\u03b1\u03c4\u03bf\u03c2 \u03c3\u03b5 \u03c3\u03c5\u03b3\u03ba\u03bf\u03bb\u03bb\u03ae\u03c3\u03b5\u03b9\u03c2 \u03b3\u03b9\u03b1 \u03c0\u03c1\u03bf\u03c3\u03c4\u03b1\u03c3\u03af\u03b1 \u03b1\u03c0\u03cc \u03c4\u03b7 \u03b4\u03b9\u03ac\u03b2\u03c1\u03c9\u03c3\u03b7. \u2022 \u0391\u03bd\u03b8\u03b5\u03ba\u03c4\u03b9\u03ba\u03cc \u03c3\u03c4\u03b7\u03bd \u03c5\u03c0\u03b5\u03c1\u03b9\u03ce\u03b4\u03b7 \u03b1\u03ba\u03c4\u03b9\u03bd\u03bf\u03b2\u03bf\u03bb\u03af\u03b1, \u03ba\u03b1\u03c4\u03ac\u03bb\u03bb\u03b7\u03bb\u03bf \u03b3\u03b9\u03b1 \u03c4\u03b7\u03bd [&hellip;]<\/p>\n","protected":false},"featured_media":13710,"comment_status":"open","ping_status":"closed","template":"","meta":{"_acf_changed":false},"product_cat":[282,278],"product_tag":[],"acf":[],"yoast_head":"<!-- This site is optimized with the Yoast SEO plugin v22.9 - https:\/\/yoast.com\/wordpress\/plugins\/seo\/ -->\n<title>Vi-Pro Primer 135 - Proventuss<\/title>\n<meta name=\"description\" content=\"\u03a4\u03bf Vi-Pro Primer 135 \u03b5\u03af\u03bd\u03b1\u03b9 \u03ad\u03bd\u03b1 \u03bc\u03b1\u03cd\u03c1\u03bf \u03b1\u03c3\u03c4\u03ac\u03c1\u03b9 \u03c0\u03c1\u03cc\u03c3\u03c6\u03c5\u03c3\u03b7\u03c2 \u03b5\u03bd\u03cc\u03c2 \u03b2\u03ae\u03bc\u03b1\u03c4\u03bf\u03c2 \u03c0\u03bf\u03c5 \u03ad\u03c7\u03b5\u03b9 \u03c3\u03c7\u03b5\u03b4\u03b9\u03b1\u03c3\u03c4\u03b5\u03af \u03b5\u03b9\u03b4\u03b9\u03ba\u03ac \u03b3\u03b9\u03b1 \u03c4\u03b7 \u03b2\u03b5\u03bb\u03c4\u03af\u03c9\u03c3\u03b7 \u03c4\u03b7\u03c2 \u03c0\u03c1\u03cc\u03c3\u03c6\u03c5\u03c3\u03b7\u03c2 \u03c3\u03b5 \u03c0\u03bf\u03bb\u03bb\u03ac \u03b4\u03bf\u03bc\u03b9\u03ba\u03ac \u03c5\u03bb\u03b9\u03ba\u03ac.\" \/>\n<meta name=\"robots\" content=\"index, follow, max-snippet:-1, max-image-preview:large, max-video-preview:-1\" \/>\n<link rel=\"canonical\" href=\"https:\/\/proventuss.eu\/el\/produkt\/vi-pro-primer-135\/\" \/>\n<meta property=\"og:locale\" content=\"el_GR\" \/>\n<meta property=\"og:type\" content=\"article\" \/>\n<meta property=\"og:title\" content=\"Vi-Pro Primer 135 - Proventuss\" \/>\n<meta property=\"og:description\" content=\"\u03a4\u03bf Vi-Pro Primer 135 \u03b5\u03af\u03bd\u03b1\u03b9 \u03ad\u03bd\u03b1 \u03bc\u03b1\u03cd\u03c1\u03bf \u03b1\u03c3\u03c4\u03ac\u03c1\u03b9 \u03c0\u03c1\u03cc\u03c3\u03c6\u03c5\u03c3\u03b7\u03c2 \u03b5\u03bd\u03cc\u03c2 \u03b2\u03ae\u03bc\u03b1\u03c4\u03bf\u03c2 \u03c0\u03bf\u03c5 \u03ad\u03c7\u03b5\u03b9 \u03c3\u03c7\u03b5\u03b4\u03b9\u03b1\u03c3\u03c4\u03b5\u03af \u03b5\u03b9\u03b4\u03b9\u03ba\u03ac \u03b3\u03b9\u03b1 \u03c4\u03b7 \u03b2\u03b5\u03bb\u03c4\u03af\u03c9\u03c3\u03b7 \u03c4\u03b7\u03c2 \u03c0\u03c1\u03cc\u03c3\u03c6\u03c5\u03c3\u03b7\u03c2 \u03c3\u03b5 \u03c0\u03bf\u03bb\u03bb\u03ac \u03b4\u03bf\u03bc\u03b9\u03ba\u03ac \u03c5\u03bb\u03b9\u03ba\u03ac.\" \/>\n<meta property=\"og:url\" content=\"https:\/\/proventuss.eu\/el\/produkt\/vi-pro-primer-135\/\" \/>\n<meta property=\"og:site_name\" content=\"Proventuss\" \/>\n<meta property=\"article:modified_time\" content=\"2024-08-02T09:16:22+00:00\" \/>\n<meta property=\"og:image\" content=\"https:\/\/proventuss.eu\/wp-content\/uploads\/2023\/08\/Vi-Pro-Primer-135m.jpg\" \/>\n\t<meta property=\"og:image:width\" content=\"636\" \/>\n\t<meta property=\"og:image:height\" content=\"1059\" \/>\n\t<meta property=\"og:image:type\" content=\"image\/jpeg\" \/>\n<meta name=\"twitter:card\" content=\"summary_large_image\" \/>\n<meta name=\"twitter:label1\" content=\"\u0395\u03ba\u03c4\u03b9\u03bc\u03ce\u03bc\u03b5\u03bd\u03bf\u03c2 \u03c7\u03c1\u03cc\u03bd\u03bf\u03c2 \u03b1\u03bd\u03ac\u03b3\u03bd\u03c9\u03c3\u03b7\u03c2\" \/>\n\t<meta name=\"twitter:data1\" content=\"1 \u03bb\u03b5\u03c0\u03c4\u03cc\" \/>\n<script type=\"application\/ld+json\" class=\"yoast-schema-graph\">{\"@context\":\"https:\/\/schema.org\",\"@graph\":[{\"@type\":\"WebPage\",\"@id\":\"https:\/\/proventuss.eu\/el\/produkt\/vi-pro-primer-135\/\",\"url\":\"https:\/\/proventuss.eu\/el\/produkt\/vi-pro-primer-135\/\",\"name\":\"Vi-Pro Primer 135 - Proventuss\",\"isPartOf\":{\"@id\":\"https:\/\/proventuss.eu\/#website\"},\"primaryImageOfPage\":{\"@id\":\"https:\/\/proventuss.eu\/el\/produkt\/vi-pro-primer-135\/#primaryimage\"},\"image\":{\"@id\":\"https:\/\/proventuss.eu\/el\/produkt\/vi-pro-primer-135\/#primaryimage\"},\"thumbnailUrl\":\"https:\/\/proventuss.eu\/wp-content\/uploads\/2023\/08\/Vi-Pro-Primer-135m.jpg\",\"datePublished\":\"2023-08-29T09:54:12+00:00\",\"dateModified\":\"2024-08-02T09:16:22+00:00\",\"description\":\"\u03a4\u03bf Vi-Pro Primer 135 \u03b5\u03af\u03bd\u03b1\u03b9 \u03ad\u03bd\u03b1 \u03bc\u03b1\u03cd\u03c1\u03bf \u03b1\u03c3\u03c4\u03ac\u03c1\u03b9 \u03c0\u03c1\u03cc\u03c3\u03c6\u03c5\u03c3\u03b7\u03c2 \u03b5\u03bd\u03cc\u03c2 \u03b2\u03ae\u03bc\u03b1\u03c4\u03bf\u03c2 \u03c0\u03bf\u03c5 \u03ad\u03c7\u03b5\u03b9 \u03c3\u03c7\u03b5\u03b4\u03b9\u03b1\u03c3\u03c4\u03b5\u03af \u03b5\u03b9\u03b4\u03b9\u03ba\u03ac \u03b3\u03b9\u03b1 \u03c4\u03b7 \u03b2\u03b5\u03bb\u03c4\u03af\u03c9\u03c3\u03b7 \u03c4\u03b7\u03c2 \u03c0\u03c1\u03cc\u03c3\u03c6\u03c5\u03c3\u03b7\u03c2 \u03c3\u03b5 \u03c0\u03bf\u03bb\u03bb\u03ac \u03b4\u03bf\u03bc\u03b9\u03ba\u03ac \u03c5\u03bb\u03b9\u03ba\u03ac.\",\"breadcrumb\":{\"@id\":\"https:\/\/proventuss.eu\/el\/produkt\/vi-pro-primer-135\/#breadcrumb\"},\"inLanguage\":\"el\",\"potentialAction\":[{\"@type\":\"ReadAction\",\"target\":[\"https:\/\/proventuss.eu\/el\/produkt\/vi-pro-primer-135\/\"]}]},{\"@type\":\"ImageObject\",\"inLanguage\":\"el\",\"@id\":\"https:\/\/proventuss.eu\/el\/produkt\/vi-pro-primer-135\/#primaryimage\",\"url\":\"https:\/\/proventuss.eu\/wp-content\/uploads\/2023\/08\/Vi-Pro-Primer-135m.jpg\",\"contentUrl\":\"https:\/\/proventuss.eu\/wp-content\/uploads\/2023\/08\/Vi-Pro-Primer-135m.jpg\",\"width\":636,\"height\":1059,\"caption\":\"Na zdj\u0119ciu jednoetapowy czarny podk\u0142ad zwi\u0119kszaj\u0105cy przyczepno\u015b\u0107 Vi-Pro Primer 135 zaprojektowany specjalnie do poprawy adhezji dla wielu materia\u0142\u00f3w budowlanych.\"},{\"@type\":\"BreadcrumbList\",\"@id\":\"https:\/\/proventuss.eu\/el\/produkt\/vi-pro-primer-135\/#breadcrumb\",\"itemListElement\":[{\"@type\":\"ListItem\",\"position\":1,\"name\":\"Home\",\"item\":\"https:\/\/proventuss.eu\/\"},{\"@type\":\"ListItem\",\"position\":2,\"name\":\"\u03a0\u03c1\u03bf\u03ca\u03cc\u03bd\u03c4\u03b1\",\"item\":\"https:\/\/proventuss.eu\/%cf%80%cf%81%ce%bf%cf%8a%cf%8c%ce%bd%cf%84%ce%b1\/\"},{\"@type\":\"ListItem\",\"position\":3,\"name\":\"Vi-Pro Primer 135\"}]},{\"@type\":\"WebSite\",\"@id\":\"https:\/\/proventuss.eu\/#website\",\"url\":\"https:\/\/proventuss.eu\/\",\"name\":\"Proventuss\",\"description\":\"\",\"potentialAction\":[{\"@type\":\"SearchAction\",\"target\":{\"@type\":\"EntryPoint\",\"urlTemplate\":\"https:\/\/proventuss.eu\/?s={search_term_string}\"},\"query-input\":\"required name=search_term_string\"}],\"inLanguage\":\"el\"}]}<\/script>\n<!-- \/ Yoast SEO plugin. -->","yoast_head_json":{"title":"Vi-Pro Primer 135 - Proventuss","description":"\u03a4\u03bf Vi-Pro Primer 135 \u03b5\u03af\u03bd\u03b1\u03b9 \u03ad\u03bd\u03b1 \u03bc\u03b1\u03cd\u03c1\u03bf \u03b1\u03c3\u03c4\u03ac\u03c1\u03b9 \u03c0\u03c1\u03cc\u03c3\u03c6\u03c5\u03c3\u03b7\u03c2 \u03b5\u03bd\u03cc\u03c2 \u03b2\u03ae\u03bc\u03b1\u03c4\u03bf\u03c2 \u03c0\u03bf\u03c5 \u03ad\u03c7\u03b5\u03b9 \u03c3\u03c7\u03b5\u03b4\u03b9\u03b1\u03c3\u03c4\u03b5\u03af \u03b5\u03b9\u03b4\u03b9\u03ba\u03ac \u03b3\u03b9\u03b1 \u03c4\u03b7 \u03b2\u03b5\u03bb\u03c4\u03af\u03c9\u03c3\u03b7 \u03c4\u03b7\u03c2 \u03c0\u03c1\u03cc\u03c3\u03c6\u03c5\u03c3\u03b7\u03c2 \u03c3\u03b5 \u03c0\u03bf\u03bb\u03bb\u03ac \u03b4\u03bf\u03bc\u03b9\u03ba\u03ac \u03c5\u03bb\u03b9\u03ba\u03ac.","robots":{"index":"index","follow":"follow","max-snippet":"max-snippet:-1","max-image-preview":"max-image-preview:large","max-video-preview":"max-video-preview:-1"},"canonical":"https:\/\/proventuss.eu\/el\/produkt\/vi-pro-primer-135\/","og_locale":"el_GR","og_type":"article","og_title":"Vi-Pro Primer 135 - Proventuss","og_description":"\u03a4\u03bf Vi-Pro Primer 135 \u03b5\u03af\u03bd\u03b1\u03b9 \u03ad\u03bd\u03b1 \u03bc\u03b1\u03cd\u03c1\u03bf \u03b1\u03c3\u03c4\u03ac\u03c1\u03b9 \u03c0\u03c1\u03cc\u03c3\u03c6\u03c5\u03c3\u03b7\u03c2 \u03b5\u03bd\u03cc\u03c2 \u03b2\u03ae\u03bc\u03b1\u03c4\u03bf\u03c2 \u03c0\u03bf\u03c5 \u03ad\u03c7\u03b5\u03b9 \u03c3\u03c7\u03b5\u03b4\u03b9\u03b1\u03c3\u03c4\u03b5\u03af \u03b5\u03b9\u03b4\u03b9\u03ba\u03ac \u03b3\u03b9\u03b1 \u03c4\u03b7 \u03b2\u03b5\u03bb\u03c4\u03af\u03c9\u03c3\u03b7 \u03c4\u03b7\u03c2 \u03c0\u03c1\u03cc\u03c3\u03c6\u03c5\u03c3\u03b7\u03c2 \u03c3\u03b5 \u03c0\u03bf\u03bb\u03bb\u03ac \u03b4\u03bf\u03bc\u03b9\u03ba\u03ac \u03c5\u03bb\u03b9\u03ba\u03ac.","og_url":"https:\/\/proventuss.eu\/el\/produkt\/vi-pro-primer-135\/","og_site_name":"Proventuss","article_modified_time":"2024-08-02T09:16:22+00:00","og_image":[{"width":636,"height":1059,"url":"https:\/\/proventuss.eu\/wp-content\/uploads\/2023\/08\/Vi-Pro-Primer-135m.jpg","type":"image\/jpeg"}],"twitter_card":"summary_large_image","twitter_misc":{"\u0395\u03ba\u03c4\u03b9\u03bc\u03ce\u03bc\u03b5\u03bd\u03bf\u03c2 \u03c7\u03c1\u03cc\u03bd\u03bf\u03c2 \u03b1\u03bd\u03ac\u03b3\u03bd\u03c9\u03c3\u03b7\u03c2":"1 \u03bb\u03b5\u03c0\u03c4\u03cc"},"schema":{"@context":"https:\/\/schema.org","@graph":[{"@type":"WebPage","@id":"https:\/\/proventuss.eu\/el\/produkt\/vi-pro-primer-135\/","url":"https:\/\/proventuss.eu\/el\/produkt\/vi-pro-primer-135\/","name":"Vi-Pro Primer 135 - Proventuss","isPartOf":{"@id":"https:\/\/proventuss.eu\/#website"},"primaryImageOfPage":{"@id":"https:\/\/proventuss.eu\/el\/produkt\/vi-pro-primer-135\/#primaryimage"},"image":{"@id":"https:\/\/proventuss.eu\/el\/produkt\/vi-pro-primer-135\/#primaryimage"},"thumbnailUrl":"https:\/\/proventuss.eu\/wp-content\/uploads\/2023\/08\/Vi-Pro-Primer-135m.jpg","datePublished":"2023-08-29T09:54:12+00:00","dateModified":"2024-08-02T09:16:22+00:00","description":"\u03a4\u03bf Vi-Pro Primer 135 \u03b5\u03af\u03bd\u03b1\u03b9 \u03ad\u03bd\u03b1 \u03bc\u03b1\u03cd\u03c1\u03bf \u03b1\u03c3\u03c4\u03ac\u03c1\u03b9 \u03c0\u03c1\u03cc\u03c3\u03c6\u03c5\u03c3\u03b7\u03c2 \u03b5\u03bd\u03cc\u03c2 \u03b2\u03ae\u03bc\u03b1\u03c4\u03bf\u03c2 \u03c0\u03bf\u03c5 \u03ad\u03c7\u03b5\u03b9 \u03c3\u03c7\u03b5\u03b4\u03b9\u03b1\u03c3\u03c4\u03b5\u03af \u03b5\u03b9\u03b4\u03b9\u03ba\u03ac \u03b3\u03b9\u03b1 \u03c4\u03b7 \u03b2\u03b5\u03bb\u03c4\u03af\u03c9\u03c3\u03b7 \u03c4\u03b7\u03c2 \u03c0\u03c1\u03cc\u03c3\u03c6\u03c5\u03c3\u03b7\u03c2 \u03c3\u03b5 \u03c0\u03bf\u03bb\u03bb\u03ac \u03b4\u03bf\u03bc\u03b9\u03ba\u03ac \u03c5\u03bb\u03b9\u03ba\u03ac.","breadcrumb":{"@id":"https:\/\/proventuss.eu\/el\/produkt\/vi-pro-primer-135\/#breadcrumb"},"inLanguage":"el","potentialAction":[{"@type":"ReadAction","target":["https:\/\/proventuss.eu\/el\/produkt\/vi-pro-primer-135\/"]}]},{"@type":"ImageObject","inLanguage":"el","@id":"https:\/\/proventuss.eu\/el\/produkt\/vi-pro-primer-135\/#primaryimage","url":"https:\/\/proventuss.eu\/wp-content\/uploads\/2023\/08\/Vi-Pro-Primer-135m.jpg","contentUrl":"https:\/\/proventuss.eu\/wp-content\/uploads\/2023\/08\/Vi-Pro-Primer-135m.jpg","width":636,"height":1059,"caption":"Na zdj\u0119ciu jednoetapowy czarny podk\u0142ad zwi\u0119kszaj\u0105cy przyczepno\u015b\u0107 Vi-Pro Primer 135 zaprojektowany specjalnie do poprawy adhezji dla wielu materia\u0142\u00f3w budowlanych."},{"@type":"BreadcrumbList","@id":"https:\/\/proventuss.eu\/el\/produkt\/vi-pro-primer-135\/#breadcrumb","itemListElement":[{"@type":"ListItem","position":1,"name":"Home","item":"https:\/\/proventuss.eu\/"},{"@type":"ListItem","position":2,"name":"\u03a0\u03c1\u03bf\u03ca\u03cc\u03bd\u03c4\u03b1","item":"https:\/\/proventuss.eu\/%cf%80%cf%81%ce%bf%cf%8a%cf%8c%ce%bd%cf%84%ce%b1\/"},{"@type":"ListItem","position":3,"name":"Vi-Pro Primer 135"}]},{"@type":"WebSite","@id":"https:\/\/proventuss.eu\/#website","url":"https:\/\/proventuss.eu\/","name":"Proventuss","description":"","potentialAction":[{"@type":"SearchAction","target":{"@type":"EntryPoint","urlTemplate":"https:\/\/proventuss.eu\/?s={search_term_string}"},"query-input":"required name=search_term_string"}],"inLanguage":"el"}]}},"_links":{"self":[{"href":"https:\/\/proventuss.eu\/el\/wp-json\/wp\/v2\/product\/17135"}],"collection":[{"href":"https:\/\/proventuss.eu\/el\/wp-json\/wp\/v2\/product"}],"about":[{"href":"https:\/\/proventuss.eu\/el\/wp-json\/wp\/v2\/types\/product"}],"replies":[{"embeddable":true,"href":"https:\/\/proventuss.eu\/el\/wp-json\/wp\/v2\/comments?post=17135"}],"wp:featuredmedia":[{"embeddable":true,"href":"https:\/\/proventuss.eu\/el\/wp-json\/wp\/v2\/media\/13710"}],"wp:attachment":[{"href":"https:\/\/proventuss.eu\/el\/wp-json\/wp\/v2\/media?parent=17135"}],"wp:term":[{"taxonomy":"product_cat","embeddable":true,"href":"https:\/\/proventuss.eu\/el\/wp-json\/wp\/v2\/product_cat?post=17135"},{"taxonomy":"product_tag","embeddable":true,"href":"https:\/\/proventuss.eu\/el\/wp-json\/wp\/v2\/product_tag?post=17135"}],"curies":[{"name":"wp","href":"https:\/\/api.w.org\/{rel}","templated":true}]}}