{"id":15663,"date":"2024-04-25T09:06:48","date_gmt":"2024-04-25T09:06:48","guid":{"rendered":"https:\/\/proventuss.eu\/produkt\/dupont-insta-stik-flex\/"},"modified":"2024-11-27T08:44:58","modified_gmt":"2024-11-27T08:44:58","slug":"dupont-insta-stik-flex","status":"publish","type":"product","link":"https:\/\/proventuss.eu\/el\/\u03c0\u03c1\u03bf\u03ca\u03cc\u03bd\/dupont-insta-stik-flex\/","title":{"rendered":"DuPont\u2122 Insta Stik\u2122 Flex+"},"content":{"rendered":"<p>\u03a4\u03bf Du Pont\u2122 Insta Stik\u2122 Flex+ \u03b5\u03af\u03bd\u03b1\u03b9 \u03ad\u03bd\u03b1\u03c2 \u03bc\u03cc\u03bd\u03b9\u03bc\u03b1 \u03b5\u03cd\u03ba\u03b1\u03bc\u03c0\u03c4\u03bf\u03c2, \u03b1\u03bd\u03b8\u03b5\u03ba\u03c4\u03b9\u03ba\u03cc\u03c2 \u03b1\u03c6\u03c1\u03cc\u03c2 \u03b3\u03b9\u03b1 \u03c3\u03c6\u03b9\u03c7\u03c4\u03ae \u03c4\u03bf\u03c0\u03bf\u03b8\u03ad\u03c4\u03b7\u03c3\u03b7 \u03c0\u03b1\u03c1\u03b1\u03b8\u03cd\u03c1\u03c9\u03bd \u03ba\u03b1\u03b9 \u03b8\u03c5\u03c1\u03ce\u03bd, \u03bf \u03bf\u03c0\u03bf\u03af\u03bf\u03c2 \u03b4\u03b5\u03bd \u03b1\u03c0\u03b1\u03b9\u03c4\u03b5\u03af \u03c4\u03b7 \u03c7\u03c1\u03ae\u03c3\u03b7 \u03b5\u03c3\u03c9\u03c4\u03b5\u03c1\u03b9\u03ba\u03ae\u03c2 \u03c4\u03b1\u03b9\u03bd\u03af\u03b1\u03c2 \u03ae \u03c6\u03cd\u03bb\u03bb\u03bf\u03c5 \u03c6\u03c1\u03b1\u03b3\u03bc\u03bf\u03cd \u03c5\u03b3\u03c1\u03ce\u03bd \u03b1\u03c4\u03bc\u03ce\u03bd.<\/p>\n<p>\u03a4\u03bf DuPont\u2122 Insta Stik\u2122 Flex+ \u03b5\u03af\u03bd\u03b1\u03b9 \u03ad\u03bd\u03b1\u03c2 \u03b1\u03c6\u03c1\u03cc\u03c2 \u03c0\u03bf\u03bb\u03c5\u03bf\u03c5\u03c1\u03b5\u03b8\u03ac\u03bd\u03b7\u03c2 \u03b5\u03bd\u03cc\u03c2 \u03c3\u03c5\u03c3\u03c4\u03b1\u03c4\u03b9\u03ba\u03bf\u03cd \u03c0\u03bf\u03c5 \u03c3\u03ba\u03bb\u03b7\u03c1\u03b1\u03af\u03bd\u03b5\u03b9 \u03c3\u03c4\u03b7\u03bd \u03c5\u03b3\u03c1\u03b1\u03c3\u03af\u03b1, \u03c0\u03c5\u03c1\u03af\u03bc\u03b1\u03c7\u03bf. \u03a7\u03c1\u03b7\u03c3\u03b9\u03bc\u03bf\u03c0\u03bf\u03b9\u03b5\u03af\u03c4\u03b1\u03b9 \u03ba\u03c5\u03c1\u03af\u03c9\u03c2 \u03b3\u03b9\u03b1 \u03b1\u03bd\u03b8\u03b5\u03ba\u03c4\u03b9\u03ba\u03ae, \u03c3\u03c6\u03b9\u03c7\u03c4\u03ae \u03c4\u03bf\u03c0\u03bf\u03b8\u03ad\u03c4\u03b7\u03c3\u03b7 \u03c0\u03b1\u03c1\u03b1\u03b8\u03cd\u03c1\u03c9\u03bd \u03ba\u03b1\u03b9 \u03b8\u03c5\u03c1\u03ce\u03bd.<\/p>\n<p>\u03a7\u03ac\u03c1\u03b7 \u03c3\u03c4\u03b7\u03bd \u03b5\u03bd\u03c4\u03c5\u03c0\u03c9\u03c3\u03b9\u03b1\u03ba\u03ae \u03b5\u03c5\u03b5\u03bb\u03b9\u03be\u03af\u03b1 \u03c4\u03bf\u03c5, \u03b1\u03bd\u03c4\u03b9\u03bc\u03b5\u03c4\u03c9\u03c0\u03af\u03b6\u03b5\u03b9 \u03c4\u03b9\u03c2 \u03ba\u03b9\u03bd\u03ae\u03c3\u03b5\u03b9\u03c2 \u03c4\u03bf\u03c5 \u03c0\u03bb\u03b1\u03b9\u03c3\u03af\u03bf\u03c5 \u03c0\u03b1\u03c1\u03b1\u03b8\u03cd\u03c1\u03c9\u03bd \u03c0\u03bf\u03c5 \u03c0\u03c1\u03bf\u03ba\u03b1\u03bb\u03bf\u03cd\u03bd\u03c4\u03b1\u03b9 \u03b1\u03c0\u03cc \u03b1\u03bb\u03bb\u03b1\u03b3\u03ad\u03c2 \u03b8\u03b5\u03c1\u03bc\u03bf\u03ba\u03c1\u03b1\u03c3\u03af\u03b1\u03c2 \u03ba\u03b1\u03b9 \u03c6\u03bf\u03c1\u03c4\u03af\u03b1 \u03b1\u03bd\u03ad\u03bc\u03bf\u03c5, \u03c7\u03c9\u03c1\u03af\u03c2 \u03bd\u03b1 \u03bc\u03b5\u03b9\u03ce\u03bd\u03b5\u03b9 \u03c4\u03b7 \u03c3\u03c4\u03b5\u03b3\u03b1\u03bd\u03cc\u03c4\u03b7\u03c4\u03b1. \u0395\u03c0\u03b9\u03c0\u03bb\u03ad\u03bf\u03bd, \u03bf \u03c3\u03c4\u03b5\u03b3\u03b1\u03bd\u03bf\u03c0\u03bf\u03b9\u03b7\u03c4\u03b9\u03ba\u03cc\u03c2 \u03b1\u03c6\u03c1\u03cc\u03c2 \u03ad\u03c7\u03b5\u03b9 \u03ba\u03b1\u03bb\u03ad\u03c2 \u03b7\u03c7\u03bf\u03bc\u03bf\u03bd\u03c9\u03c4\u03b9\u03ba\u03ad\u03c2 \u03ba\u03b1\u03b9 \u03b8\u03b5\u03c1\u03bc\u03bf\u03bc\u03bf\u03bd\u03c9\u03c4\u03b9\u03ba\u03ad\u03c2 \u03b9\u03b4\u03b9\u03cc\u03c4\u03b7\u03c4\u03b5\u03c2.<\/p>\n<p>\u03a0\u03b9\u03c3\u03c4\u03bf\u03c0\u03bf\u03b9\u03b7\u03bc\u03ad\u03bd\u03b7 \u03c5\u03c8\u03b7\u03bb\u03cc\u03c4\u03b5\u03c1\u03b7 \u03ba\u03b1\u03c4\u03b7\u03b3\u03bf\u03c1\u03af\u03b1 \u03c3\u03c4\u03b5\u03b3\u03b1\u03bd\u03cc\u03c4\u03b7\u03c4\u03b1\u03c2 4, \u03c3\u03c4\u03b1 600 Pa \u03c3\u03cd\u03bc\u03c6\u03c9\u03bd\u03b1 \u03bc\u03b5 \u03c4\u03b1 \u03c0\u03c1\u03cc\u03c4\u03c5\u03c0\u03b1 EN 12207:2016 \u03ba\u03b1\u03b9 EN 1026:2016, \u03c0\u03bf\u03c5 \u03b5\u03c0\u03b9\u03c4\u03c5\u03b3\u03c7\u03ac\u03bd\u03b5\u03c4\u03b1\u03b9 \u03c7\u03c9\u03c1\u03af\u03c2 \u03b5\u03c3\u03c9\u03c4\u03b5\u03c1\u03b9\u03ba\u03ae \u03c4\u03b1\u03b9\u03bd\u03af\u03b1. (\u0399\u03a4\u0392: \u039a\u039f\u03a4 \u2013 2023\/2465 \u03c4\u03b5\u03cd\u03c7\u03bf\u03c2 1).<\/p>\n<p>\u03a6\u039f\u039d\u03a4\u0391:<br \/>\n&#8211; \u03a5\u03c8\u03b7\u03bb\u03ae \u03b1\u03c0\u03cc\u03b4\u03bf\u03c3\u03b7 \u03ba\u03b1\u03b9 \u03c3\u03c4\u03b5\u03b3\u03b1\u03bd\u03cc\u03c4\u03b7\u03c4\u03b1 \u03bc\u03b5\u03b3\u03ac\u03bb\u03b7\u03c2 \u03b4\u03b9\u03ac\u03c1\u03ba\u03b5\u03b9\u03b1\u03c2.<br \/>\n&#8211; \u039a\u03b1\u03bb\u03ad\u03c2 \u03b7\u03c7\u03bf\u03bc\u03bf\u03bd\u03c9\u03c4\u03b9\u03ba\u03ad\u03c2 \u03ba\u03b1\u03b9 \u03b8\u03b5\u03c1\u03bc\u03bf\u03bc\u03bf\u03bd\u03c9\u03c4\u03b9\u03ba\u03ad\u03c2 \u03b9\u03b4\u03b9\u03cc\u03c4\u03b7\u03c4\u03b5\u03c2.<br \/>\n&#8211; 25 \u03c7\u03c1\u03cc\u03bd\u03b9\u03b1 \u03b5\u03b3\u03b3\u03cd\u03b7\u03c3\u03b7.<br \/>\n&#8211; \u039c\u03b5\u03af\u03c9\u03c3\u03b7 \u03c4\u03bf\u03c5 \u03c7\u03c1\u03cc\u03bd\u03bf\u03c5 \u03ba\u03b1\u03b9 \u03c4\u03c9\u03bd \u03c5\u03bb\u03b9\u03ba\u03ce\u03bd \u03c0\u03bf\u03c5 \u03b1\u03c0\u03b1\u03b9\u03c4\u03bf\u03cd\u03bd\u03c4\u03b1\u03b9 \u03b3\u03b9\u03b1 \u03bc\u03b9\u03b1 \u03c3\u03c6\u03b9\u03c7\u03c4\u03ae \u03b5\u03b3\u03ba\u03b1\u03c4\u03ac\u03c3\u03c4\u03b1\u03c3\u03b7.<br \/>\n&#8211; \u0399\u03b4\u03b9\u03cc\u03c4\u03b7\u03c4\u03b5\u03c2 \u03b5\u03c0\u03b9\u03b2\u03c1\u03b1\u03b4\u03c5\u03bd\u03c4\u03b9\u03ba\u03ce\u03bd \u03c0\u03c5\u03c1\u03ba\u03b1\u03b3\u03b9\u03ac\u03c2.<\/p>\n","protected":false},"excerpt":{"rendered":"<p>\u03a4\u03bf Du Pont\u2122 Insta Stik\u2122 Flex+ \u03b5\u03af\u03bd\u03b1\u03b9 \u03ad\u03bd\u03b1\u03c2 \u03bc\u03cc\u03bd\u03b9\u03bc\u03b1 \u03b5\u03cd\u03ba\u03b1\u03bc\u03c0\u03c4\u03bf\u03c2, \u03b1\u03bd\u03b8\u03b5\u03ba\u03c4\u03b9\u03ba\u03cc\u03c2 \u03b1\u03c6\u03c1\u03cc\u03c2 \u03b3\u03b9\u03b1 \u03c3\u03c6\u03b9\u03c7\u03c4\u03ae \u03c4\u03bf\u03c0\u03bf\u03b8\u03ad\u03c4\u03b7\u03c3\u03b7 \u03c0\u03b1\u03c1\u03b1\u03b8\u03cd\u03c1\u03c9\u03bd \u03ba\u03b1\u03b9 \u03b8\u03c5\u03c1\u03ce\u03bd, \u03bf \u03bf\u03c0\u03bf\u03af\u03bf\u03c2 \u03b4\u03b5\u03bd \u03b1\u03c0\u03b1\u03b9\u03c4\u03b5\u03af \u03c4\u03b7 \u03c7\u03c1\u03ae\u03c3\u03b7 \u03b5\u03c3\u03c9\u03c4\u03b5\u03c1\u03b9\u03ba\u03ae\u03c2 \u03c4\u03b1\u03b9\u03bd\u03af\u03b1\u03c2 \u03ae \u03c6\u03cd\u03bb\u03bb\u03bf\u03c5 \u03c6\u03c1\u03b1\u03b3\u03bc\u03bf\u03cd \u03c5\u03b3\u03c1\u03ce\u03bd \u03b1\u03c4\u03bc\u03ce\u03bd. \u03a4\u03bf DuPont\u2122 Insta Stik\u2122 Flex+ \u03b5\u03af\u03bd\u03b1\u03b9 \u03ad\u03bd\u03b1\u03c2 \u03b1\u03c6\u03c1\u03cc\u03c2 \u03c0\u03bf\u03bb\u03c5\u03bf\u03c5\u03c1\u03b5\u03b8\u03ac\u03bd\u03b7\u03c2 \u03b5\u03bd\u03cc\u03c2 \u03c3\u03c5\u03c3\u03c4\u03b1\u03c4\u03b9\u03ba\u03bf\u03cd \u03c0\u03bf\u03c5 \u03c3\u03ba\u03bb\u03b7\u03c1\u03b1\u03af\u03bd\u03b5\u03b9 \u03c3\u03c4\u03b7\u03bd \u03c5\u03b3\u03c1\u03b1\u03c3\u03af\u03b1, \u03c0\u03c5\u03c1\u03af\u03bc\u03b1\u03c7\u03bf. \u03a7\u03c1\u03b7\u03c3\u03b9\u03bc\u03bf\u03c0\u03bf\u03b9\u03b5\u03af\u03c4\u03b1\u03b9 \u03ba\u03c5\u03c1\u03af\u03c9\u03c2 \u03b3\u03b9\u03b1 \u03b1\u03bd\u03b8\u03b5\u03ba\u03c4\u03b9\u03ba\u03ae, \u03c3\u03c6\u03b9\u03c7\u03c4\u03ae \u03c4\u03bf\u03c0\u03bf\u03b8\u03ad\u03c4\u03b7\u03c3\u03b7 \u03c0\u03b1\u03c1\u03b1\u03b8\u03cd\u03c1\u03c9\u03bd \u03ba\u03b1\u03b9 [&hellip;]<\/p>\n","protected":false},"featured_media":17525,"comment_status":"open","ping_status":"closed","template":"","meta":{"_acf_changed":false},"product_cat":[273,269],"product_tag":[],"acf":[],"yoast_head":"<!-- This site is optimized with the Yoast SEO plugin v22.9 - https:\/\/yoast.com\/wordpress\/plugins\/seo\/ -->\n<title>DuPont\u2122 Insta Stik\u2122 Flex+ - Proventuss<\/title>\n<meta name=\"robots\" content=\"index, follow, max-snippet:-1, max-image-preview:large, max-video-preview:-1\" \/>\n<link rel=\"canonical\" href=\"https:\/\/proventuss.eu\/el\/produkt\/dupont-insta-stik-flex\/\" \/>\n<meta property=\"og:locale\" content=\"el_GR\" \/>\n<meta property=\"og:type\" content=\"article\" \/>\n<meta property=\"og:title\" content=\"DuPont\u2122 Insta Stik\u2122 Flex+ - Proventuss\" \/>\n<meta property=\"og:description\" content=\"\u03a4\u03bf Du Pont\u2122 Insta Stik\u2122 Flex+ \u03b5\u03af\u03bd\u03b1\u03b9 \u03ad\u03bd\u03b1\u03c2 \u03bc\u03cc\u03bd\u03b9\u03bc\u03b1 \u03b5\u03cd\u03ba\u03b1\u03bc\u03c0\u03c4\u03bf\u03c2, \u03b1\u03bd\u03b8\u03b5\u03ba\u03c4\u03b9\u03ba\u03cc\u03c2 \u03b1\u03c6\u03c1\u03cc\u03c2 \u03b3\u03b9\u03b1 \u03c3\u03c6\u03b9\u03c7\u03c4\u03ae \u03c4\u03bf\u03c0\u03bf\u03b8\u03ad\u03c4\u03b7\u03c3\u03b7 \u03c0\u03b1\u03c1\u03b1\u03b8\u03cd\u03c1\u03c9\u03bd \u03ba\u03b1\u03b9 \u03b8\u03c5\u03c1\u03ce\u03bd, \u03bf \u03bf\u03c0\u03bf\u03af\u03bf\u03c2 \u03b4\u03b5\u03bd \u03b1\u03c0\u03b1\u03b9\u03c4\u03b5\u03af \u03c4\u03b7 \u03c7\u03c1\u03ae\u03c3\u03b7 \u03b5\u03c3\u03c9\u03c4\u03b5\u03c1\u03b9\u03ba\u03ae\u03c2 \u03c4\u03b1\u03b9\u03bd\u03af\u03b1\u03c2 \u03ae \u03c6\u03cd\u03bb\u03bb\u03bf\u03c5 \u03c6\u03c1\u03b1\u03b3\u03bc\u03bf\u03cd \u03c5\u03b3\u03c1\u03ce\u03bd \u03b1\u03c4\u03bc\u03ce\u03bd. \u03a4\u03bf DuPont\u2122 Insta Stik\u2122 Flex+ \u03b5\u03af\u03bd\u03b1\u03b9 \u03ad\u03bd\u03b1\u03c2 \u03b1\u03c6\u03c1\u03cc\u03c2 \u03c0\u03bf\u03bb\u03c5\u03bf\u03c5\u03c1\u03b5\u03b8\u03ac\u03bd\u03b7\u03c2 \u03b5\u03bd\u03cc\u03c2 \u03c3\u03c5\u03c3\u03c4\u03b1\u03c4\u03b9\u03ba\u03bf\u03cd \u03c0\u03bf\u03c5 \u03c3\u03ba\u03bb\u03b7\u03c1\u03b1\u03af\u03bd\u03b5\u03b9 \u03c3\u03c4\u03b7\u03bd \u03c5\u03b3\u03c1\u03b1\u03c3\u03af\u03b1, \u03c0\u03c5\u03c1\u03af\u03bc\u03b1\u03c7\u03bf. \u03a7\u03c1\u03b7\u03c3\u03b9\u03bc\u03bf\u03c0\u03bf\u03b9\u03b5\u03af\u03c4\u03b1\u03b9 \u03ba\u03c5\u03c1\u03af\u03c9\u03c2 \u03b3\u03b9\u03b1 \u03b1\u03bd\u03b8\u03b5\u03ba\u03c4\u03b9\u03ba\u03ae, \u03c3\u03c6\u03b9\u03c7\u03c4\u03ae \u03c4\u03bf\u03c0\u03bf\u03b8\u03ad\u03c4\u03b7\u03c3\u03b7 \u03c0\u03b1\u03c1\u03b1\u03b8\u03cd\u03c1\u03c9\u03bd \u03ba\u03b1\u03b9 [&hellip;]\" \/>\n<meta property=\"og:url\" content=\"https:\/\/proventuss.eu\/el\/produkt\/dupont-insta-stik-flex\/\" \/>\n<meta property=\"og:site_name\" content=\"Proventuss\" \/>\n<meta property=\"article:modified_time\" content=\"2024-11-27T08:44:58+00:00\" \/>\n<meta property=\"og:image\" content=\"https:\/\/proventuss.eu\/wp-content\/uploads\/2024\/04\/DuPont-Insta-Stik-Flex-2.png\" \/>\n\t<meta property=\"og:image:width\" content=\"588\" \/>\n\t<meta property=\"og:image:height\" content=\"672\" \/>\n\t<meta property=\"og:image:type\" content=\"image\/png\" \/>\n<meta name=\"twitter:card\" content=\"summary_large_image\" \/>\n<meta name=\"twitter:label1\" content=\"\u0395\u03ba\u03c4\u03b9\u03bc\u03ce\u03bc\u03b5\u03bd\u03bf\u03c2 \u03c7\u03c1\u03cc\u03bd\u03bf\u03c2 \u03b1\u03bd\u03ac\u03b3\u03bd\u03c9\u03c3\u03b7\u03c2\" \/>\n\t<meta name=\"twitter:data1\" content=\"1 \u03bb\u03b5\u03c0\u03c4\u03cc\" \/>\n<script type=\"application\/ld+json\" class=\"yoast-schema-graph\">{\"@context\":\"https:\/\/schema.org\",\"@graph\":[{\"@type\":\"WebPage\",\"@id\":\"https:\/\/proventuss.eu\/el\/produkt\/dupont-insta-stik-flex\/\",\"url\":\"https:\/\/proventuss.eu\/el\/produkt\/dupont-insta-stik-flex\/\",\"name\":\"DuPont\u2122 Insta Stik\u2122 Flex+ - Proventuss\",\"isPartOf\":{\"@id\":\"https:\/\/proventuss.eu\/#website\"},\"primaryImageOfPage\":{\"@id\":\"https:\/\/proventuss.eu\/el\/produkt\/dupont-insta-stik-flex\/#primaryimage\"},\"image\":{\"@id\":\"https:\/\/proventuss.eu\/el\/produkt\/dupont-insta-stik-flex\/#primaryimage\"},\"thumbnailUrl\":\"https:\/\/proventuss.eu\/wp-content\/uploads\/2024\/04\/DuPont-Insta-Stik-Flex-2.png\",\"datePublished\":\"2024-04-25T09:06:48+00:00\",\"dateModified\":\"2024-11-27T08:44:58+00:00\",\"breadcrumb\":{\"@id\":\"https:\/\/proventuss.eu\/el\/produkt\/dupont-insta-stik-flex\/#breadcrumb\"},\"inLanguage\":\"el\",\"potentialAction\":[{\"@type\":\"ReadAction\",\"target\":[\"https:\/\/proventuss.eu\/el\/produkt\/dupont-insta-stik-flex\/\"]}]},{\"@type\":\"ImageObject\",\"inLanguage\":\"el\",\"@id\":\"https:\/\/proventuss.eu\/el\/produkt\/dupont-insta-stik-flex\/#primaryimage\",\"url\":\"https:\/\/proventuss.eu\/wp-content\/uploads\/2024\/04\/DuPont-Insta-Stik-Flex-2.png\",\"contentUrl\":\"https:\/\/proventuss.eu\/wp-content\/uploads\/2024\/04\/DuPont-Insta-Stik-Flex-2.png\",\"width\":588,\"height\":672,\"caption\":\"Piana DuPont InstaStik Flex Plus stosowana do trwa\u0142ego, szczelnego monta\u017cu okien i drzwi. Wykazuje dobre w\u0142a\u015bciwo\u015bci akustyczne i termoizolacyjne.\"},{\"@type\":\"BreadcrumbList\",\"@id\":\"https:\/\/proventuss.eu\/el\/produkt\/dupont-insta-stik-flex\/#breadcrumb\",\"itemListElement\":[{\"@type\":\"ListItem\",\"position\":1,\"name\":\"Home\",\"item\":\"https:\/\/proventuss.eu\/\"},{\"@type\":\"ListItem\",\"position\":2,\"name\":\"\u03a0\u03c1\u03bf\u03ca\u03cc\u03bd\u03c4\u03b1\",\"item\":\"https:\/\/proventuss.eu\/%cf%80%cf%81%ce%bf%cf%8a%cf%8c%ce%bd%cf%84%ce%b1\/\"},{\"@type\":\"ListItem\",\"position\":3,\"name\":\"DuPont\u2122 Insta Stik\u2122 Flex+\"}]},{\"@type\":\"WebSite\",\"@id\":\"https:\/\/proventuss.eu\/#website\",\"url\":\"https:\/\/proventuss.eu\/\",\"name\":\"Proventuss\",\"description\":\"\",\"potentialAction\":[{\"@type\":\"SearchAction\",\"target\":{\"@type\":\"EntryPoint\",\"urlTemplate\":\"https:\/\/proventuss.eu\/?s={search_term_string}\"},\"query-input\":\"required name=search_term_string\"}],\"inLanguage\":\"el\"}]}<\/script>\n<!-- \/ Yoast SEO plugin. -->","yoast_head_json":{"title":"DuPont\u2122 Insta Stik\u2122 Flex+ - Proventuss","robots":{"index":"index","follow":"follow","max-snippet":"max-snippet:-1","max-image-preview":"max-image-preview:large","max-video-preview":"max-video-preview:-1"},"canonical":"https:\/\/proventuss.eu\/el\/produkt\/dupont-insta-stik-flex\/","og_locale":"el_GR","og_type":"article","og_title":"DuPont\u2122 Insta Stik\u2122 Flex+ - Proventuss","og_description":"\u03a4\u03bf Du Pont\u2122 Insta Stik\u2122 Flex+ \u03b5\u03af\u03bd\u03b1\u03b9 \u03ad\u03bd\u03b1\u03c2 \u03bc\u03cc\u03bd\u03b9\u03bc\u03b1 \u03b5\u03cd\u03ba\u03b1\u03bc\u03c0\u03c4\u03bf\u03c2, \u03b1\u03bd\u03b8\u03b5\u03ba\u03c4\u03b9\u03ba\u03cc\u03c2 \u03b1\u03c6\u03c1\u03cc\u03c2 \u03b3\u03b9\u03b1 \u03c3\u03c6\u03b9\u03c7\u03c4\u03ae \u03c4\u03bf\u03c0\u03bf\u03b8\u03ad\u03c4\u03b7\u03c3\u03b7 \u03c0\u03b1\u03c1\u03b1\u03b8\u03cd\u03c1\u03c9\u03bd \u03ba\u03b1\u03b9 \u03b8\u03c5\u03c1\u03ce\u03bd, \u03bf \u03bf\u03c0\u03bf\u03af\u03bf\u03c2 \u03b4\u03b5\u03bd \u03b1\u03c0\u03b1\u03b9\u03c4\u03b5\u03af \u03c4\u03b7 \u03c7\u03c1\u03ae\u03c3\u03b7 \u03b5\u03c3\u03c9\u03c4\u03b5\u03c1\u03b9\u03ba\u03ae\u03c2 \u03c4\u03b1\u03b9\u03bd\u03af\u03b1\u03c2 \u03ae \u03c6\u03cd\u03bb\u03bb\u03bf\u03c5 \u03c6\u03c1\u03b1\u03b3\u03bc\u03bf\u03cd \u03c5\u03b3\u03c1\u03ce\u03bd \u03b1\u03c4\u03bc\u03ce\u03bd. \u03a4\u03bf DuPont\u2122 Insta Stik\u2122 Flex+ \u03b5\u03af\u03bd\u03b1\u03b9 \u03ad\u03bd\u03b1\u03c2 \u03b1\u03c6\u03c1\u03cc\u03c2 \u03c0\u03bf\u03bb\u03c5\u03bf\u03c5\u03c1\u03b5\u03b8\u03ac\u03bd\u03b7\u03c2 \u03b5\u03bd\u03cc\u03c2 \u03c3\u03c5\u03c3\u03c4\u03b1\u03c4\u03b9\u03ba\u03bf\u03cd \u03c0\u03bf\u03c5 \u03c3\u03ba\u03bb\u03b7\u03c1\u03b1\u03af\u03bd\u03b5\u03b9 \u03c3\u03c4\u03b7\u03bd \u03c5\u03b3\u03c1\u03b1\u03c3\u03af\u03b1, \u03c0\u03c5\u03c1\u03af\u03bc\u03b1\u03c7\u03bf. \u03a7\u03c1\u03b7\u03c3\u03b9\u03bc\u03bf\u03c0\u03bf\u03b9\u03b5\u03af\u03c4\u03b1\u03b9 \u03ba\u03c5\u03c1\u03af\u03c9\u03c2 \u03b3\u03b9\u03b1 \u03b1\u03bd\u03b8\u03b5\u03ba\u03c4\u03b9\u03ba\u03ae, \u03c3\u03c6\u03b9\u03c7\u03c4\u03ae \u03c4\u03bf\u03c0\u03bf\u03b8\u03ad\u03c4\u03b7\u03c3\u03b7 \u03c0\u03b1\u03c1\u03b1\u03b8\u03cd\u03c1\u03c9\u03bd \u03ba\u03b1\u03b9 [&hellip;]","og_url":"https:\/\/proventuss.eu\/el\/produkt\/dupont-insta-stik-flex\/","og_site_name":"Proventuss","article_modified_time":"2024-11-27T08:44:58+00:00","og_image":[{"width":588,"height":672,"url":"https:\/\/proventuss.eu\/wp-content\/uploads\/2024\/04\/DuPont-Insta-Stik-Flex-2.png","type":"image\/png"}],"twitter_card":"summary_large_image","twitter_misc":{"\u0395\u03ba\u03c4\u03b9\u03bc\u03ce\u03bc\u03b5\u03bd\u03bf\u03c2 \u03c7\u03c1\u03cc\u03bd\u03bf\u03c2 \u03b1\u03bd\u03ac\u03b3\u03bd\u03c9\u03c3\u03b7\u03c2":"1 \u03bb\u03b5\u03c0\u03c4\u03cc"},"schema":{"@context":"https:\/\/schema.org","@graph":[{"@type":"WebPage","@id":"https:\/\/proventuss.eu\/el\/produkt\/dupont-insta-stik-flex\/","url":"https:\/\/proventuss.eu\/el\/produkt\/dupont-insta-stik-flex\/","name":"DuPont\u2122 Insta Stik\u2122 Flex+ - Proventuss","isPartOf":{"@id":"https:\/\/proventuss.eu\/#website"},"primaryImageOfPage":{"@id":"https:\/\/proventuss.eu\/el\/produkt\/dupont-insta-stik-flex\/#primaryimage"},"image":{"@id":"https:\/\/proventuss.eu\/el\/produkt\/dupont-insta-stik-flex\/#primaryimage"},"thumbnailUrl":"https:\/\/proventuss.eu\/wp-content\/uploads\/2024\/04\/DuPont-Insta-Stik-Flex-2.png","datePublished":"2024-04-25T09:06:48+00:00","dateModified":"2024-11-27T08:44:58+00:00","breadcrumb":{"@id":"https:\/\/proventuss.eu\/el\/produkt\/dupont-insta-stik-flex\/#breadcrumb"},"inLanguage":"el","potentialAction":[{"@type":"ReadAction","target":["https:\/\/proventuss.eu\/el\/produkt\/dupont-insta-stik-flex\/"]}]},{"@type":"ImageObject","inLanguage":"el","@id":"https:\/\/proventuss.eu\/el\/produkt\/dupont-insta-stik-flex\/#primaryimage","url":"https:\/\/proventuss.eu\/wp-content\/uploads\/2024\/04\/DuPont-Insta-Stik-Flex-2.png","contentUrl":"https:\/\/proventuss.eu\/wp-content\/uploads\/2024\/04\/DuPont-Insta-Stik-Flex-2.png","width":588,"height":672,"caption":"Piana DuPont InstaStik Flex Plus stosowana do trwa\u0142ego, szczelnego monta\u017cu okien i drzwi. Wykazuje dobre w\u0142a\u015bciwo\u015bci akustyczne i termoizolacyjne."},{"@type":"BreadcrumbList","@id":"https:\/\/proventuss.eu\/el\/produkt\/dupont-insta-stik-flex\/#breadcrumb","itemListElement":[{"@type":"ListItem","position":1,"name":"Home","item":"https:\/\/proventuss.eu\/"},{"@type":"ListItem","position":2,"name":"\u03a0\u03c1\u03bf\u03ca\u03cc\u03bd\u03c4\u03b1","item":"https:\/\/proventuss.eu\/%cf%80%cf%81%ce%bf%cf%8a%cf%8c%ce%bd%cf%84%ce%b1\/"},{"@type":"ListItem","position":3,"name":"DuPont\u2122 Insta Stik\u2122 Flex+"}]},{"@type":"WebSite","@id":"https:\/\/proventuss.eu\/#website","url":"https:\/\/proventuss.eu\/","name":"Proventuss","description":"","potentialAction":[{"@type":"SearchAction","target":{"@type":"EntryPoint","urlTemplate":"https:\/\/proventuss.eu\/?s={search_term_string}"},"query-input":"required name=search_term_string"}],"inLanguage":"el"}]}},"_links":{"self":[{"href":"https:\/\/proventuss.eu\/el\/wp-json\/wp\/v2\/product\/15663"}],"collection":[{"href":"https:\/\/proventuss.eu\/el\/wp-json\/wp\/v2\/product"}],"about":[{"href":"https:\/\/proventuss.eu\/el\/wp-json\/wp\/v2\/types\/product"}],"replies":[{"embeddable":true,"href":"https:\/\/proventuss.eu\/el\/wp-json\/wp\/v2\/comments?post=15663"}],"wp:featuredmedia":[{"embeddable":true,"href":"https:\/\/proventuss.eu\/el\/wp-json\/wp\/v2\/media\/17525"}],"wp:attachment":[{"href":"https:\/\/proventuss.eu\/el\/wp-json\/wp\/v2\/media?parent=15663"}],"wp:term":[{"taxonomy":"product_cat","embeddable":true,"href":"https:\/\/proventuss.eu\/el\/wp-json\/wp\/v2\/product_cat?post=15663"},{"taxonomy":"product_tag","embeddable":true,"href":"https:\/\/proventuss.eu\/el\/wp-json\/wp\/v2\/product_tag?post=15663"}],"curies":[{"name":"wp","href":"https:\/\/api.w.org\/{rel}","templated":true}]}}