{"id":12782,"date":"2022-10-11T11:39:04","date_gmt":"2022-10-11T11:39:04","guid":{"rendered":"https:\/\/proventuss.eu\/produkt\/gun-powerpush-7000\/"},"modified":"2022-10-11T11:39:04","modified_gmt":"2022-10-11T11:39:04","slug":"gun-powerpush-7000","status":"publish","type":"product","link":"https:\/\/proventuss.eu\/el\/\u03c0\u03c1\u03bf\u03ca\u03cc\u03bd\/gun-powerpush-7000\/","title":{"rendered":"GUN POWERPUSH 7000"},"content":{"rendered":"<p>\u0399\u03c3\u03c7\u03c5\u03c1\u03cc \u03c0\u03b9\u03c3\u03c4\u03cc\u03bb\u03b9 \u03bc\u03b5 \u03bc\u03c0\u03b1\u03c4\u03b1\u03c1\u03af\u03b1 \u03b3\u03b9\u03b1 \u03b4\u03b9\u03c0\u03bb\u03ac \u03c6\u03c5\u03c3\u03af\u03b3\u03b3\u03b9\u03b1 DOWSIL 993 RK \u03ba\u03b1\u03b9 \u03ac\u03bb\u03bb\u03b5\u03c2 \u03ba\u03cc\u03bb\u03bb\u03b5\u03c2 2 \u03c3\u03c5\u03c3\u03c4\u03b1\u03c4\u03b9\u03ba\u03ce\u03bd.<\/p>\n","protected":false},"excerpt":{"rendered":"<p>\u0399\u03c3\u03c7\u03c5\u03c1\u03cc \u03c0\u03b9\u03c3\u03c4\u03cc\u03bb\u03b9 \u03bc\u03b5 \u03bc\u03c0\u03b1\u03c4\u03b1\u03c1\u03af\u03b1 \u03b3\u03b9\u03b1 \u03b4\u03b9\u03c0\u03bb\u03ac \u03c6\u03c5\u03c3\u03af\u03b3\u03b3\u03b9\u03b1 DOWSIL 993 RK \u03ba\u03b1\u03b9 \u03ac\u03bb\u03bb\u03b5\u03c2 \u03ba\u03cc\u03bb\u03bb\u03b5\u03c2 2 \u03c3\u03c5\u03c3\u03c4\u03b1\u03c4\u03b9\u03ba\u03ce\u03bd.<\/p>\n","protected":false},"featured_media":9156,"comment_status":"open","ping_status":"closed","template":"","meta":{"_acf_changed":false},"product_cat":[277,306],"product_tag":[],"acf":[],"yoast_head":"<!-- This site is optimized with the Yoast SEO plugin v22.9 - https:\/\/yoast.com\/wordpress\/plugins\/seo\/ -->\n<title>GUN POWERPUSH 7000 - Proventuss<\/title>\n<meta name=\"robots\" content=\"index, follow, max-snippet:-1, max-image-preview:large, max-video-preview:-1\" \/>\n<link rel=\"canonical\" href=\"https:\/\/proventuss.eu\/el\/produkt\/gun-powerpush-7000\/\" \/>\n<meta property=\"og:locale\" content=\"el_GR\" \/>\n<meta property=\"og:type\" content=\"article\" \/>\n<meta property=\"og:title\" content=\"GUN POWERPUSH 7000 - Proventuss\" \/>\n<meta property=\"og:description\" content=\"\u0399\u03c3\u03c7\u03c5\u03c1\u03cc \u03c0\u03b9\u03c3\u03c4\u03cc\u03bb\u03b9 \u03bc\u03b5 \u03bc\u03c0\u03b1\u03c4\u03b1\u03c1\u03af\u03b1 \u03b3\u03b9\u03b1 \u03b4\u03b9\u03c0\u03bb\u03ac \u03c6\u03c5\u03c3\u03af\u03b3\u03b3\u03b9\u03b1 DOWSIL 993 RK \u03ba\u03b1\u03b9 \u03ac\u03bb\u03bb\u03b5\u03c2 \u03ba\u03cc\u03bb\u03bb\u03b5\u03c2 2 \u03c3\u03c5\u03c3\u03c4\u03b1\u03c4\u03b9\u03ba\u03ce\u03bd.\" \/>\n<meta property=\"og:url\" content=\"https:\/\/proventuss.eu\/el\/produkt\/gun-powerpush-7000\/\" \/>\n<meta property=\"og:site_name\" content=\"Proventuss\" \/>\n<meta property=\"og:image\" content=\"https:\/\/proventuss.eu\/wp-content\/uploads\/2022\/10\/MG_5924a1M.png\" \/>\n\t<meta property=\"og:image:width\" content=\"1244\" \/>\n\t<meta property=\"og:image:height\" content=\"912\" \/>\n\t<meta property=\"og:image:type\" content=\"image\/png\" \/>\n<meta name=\"twitter:card\" content=\"summary_large_image\" \/>\n<script type=\"application\/ld+json\" class=\"yoast-schema-graph\">{\"@context\":\"https:\/\/schema.org\",\"@graph\":[{\"@type\":\"WebPage\",\"@id\":\"https:\/\/proventuss.eu\/el\/produkt\/gun-powerpush-7000\/\",\"url\":\"https:\/\/proventuss.eu\/el\/produkt\/gun-powerpush-7000\/\",\"name\":\"GUN POWERPUSH 7000 - Proventuss\",\"isPartOf\":{\"@id\":\"https:\/\/proventuss.eu\/#website\"},\"primaryImageOfPage\":{\"@id\":\"https:\/\/proventuss.eu\/el\/produkt\/gun-powerpush-7000\/#primaryimage\"},\"image\":{\"@id\":\"https:\/\/proventuss.eu\/el\/produkt\/gun-powerpush-7000\/#primaryimage\"},\"thumbnailUrl\":\"https:\/\/proventuss.eu\/wp-content\/uploads\/2022\/10\/MG_5924a1M.png\",\"datePublished\":\"2022-10-11T11:39:04+00:00\",\"dateModified\":\"2022-10-11T11:39:04+00:00\",\"breadcrumb\":{\"@id\":\"https:\/\/proventuss.eu\/el\/produkt\/gun-powerpush-7000\/#breadcrumb\"},\"inLanguage\":\"el\",\"potentialAction\":[{\"@type\":\"ReadAction\",\"target\":[\"https:\/\/proventuss.eu\/el\/produkt\/gun-powerpush-7000\/\"]}]},{\"@type\":\"ImageObject\",\"inLanguage\":\"el\",\"@id\":\"https:\/\/proventuss.eu\/el\/produkt\/gun-powerpush-7000\/#primaryimage\",\"url\":\"https:\/\/proventuss.eu\/wp-content\/uploads\/2022\/10\/MG_5924a1M.png\",\"contentUrl\":\"https:\/\/proventuss.eu\/wp-content\/uploads\/2022\/10\/MG_5924a1M.png\",\"width\":1244,\"height\":912,\"caption\":\"Na zdj\u0119ciu GUN POWERPUSH 7000, wydajny akumulatorowy pistolet do podw\u00f3jnych kartuszy DOWSIL 993 oraz innych klej\u00f3w dwusk\u0142adnikowych.\"},{\"@type\":\"BreadcrumbList\",\"@id\":\"https:\/\/proventuss.eu\/el\/produkt\/gun-powerpush-7000\/#breadcrumb\",\"itemListElement\":[{\"@type\":\"ListItem\",\"position\":1,\"name\":\"Home\",\"item\":\"https:\/\/proventuss.eu\/\"},{\"@type\":\"ListItem\",\"position\":2,\"name\":\"\u03a0\u03c1\u03bf\u03ca\u03cc\u03bd\u03c4\u03b1\",\"item\":\"https:\/\/proventuss.eu\/%cf%80%cf%81%ce%bf%cf%8a%cf%8c%ce%bd%cf%84%ce%b1\/\"},{\"@type\":\"ListItem\",\"position\":3,\"name\":\"GUN POWERPUSH 7000\"}]},{\"@type\":\"WebSite\",\"@id\":\"https:\/\/proventuss.eu\/#website\",\"url\":\"https:\/\/proventuss.eu\/\",\"name\":\"Proventuss\",\"description\":\"\",\"potentialAction\":[{\"@type\":\"SearchAction\",\"target\":{\"@type\":\"EntryPoint\",\"urlTemplate\":\"https:\/\/proventuss.eu\/?s={search_term_string}\"},\"query-input\":\"required name=search_term_string\"}],\"inLanguage\":\"el\"}]}<\/script>\n<!-- \/ Yoast SEO plugin. -->","yoast_head_json":{"title":"GUN POWERPUSH 7000 - Proventuss","robots":{"index":"index","follow":"follow","max-snippet":"max-snippet:-1","max-image-preview":"max-image-preview:large","max-video-preview":"max-video-preview:-1"},"canonical":"https:\/\/proventuss.eu\/el\/produkt\/gun-powerpush-7000\/","og_locale":"el_GR","og_type":"article","og_title":"GUN POWERPUSH 7000 - Proventuss","og_description":"\u0399\u03c3\u03c7\u03c5\u03c1\u03cc \u03c0\u03b9\u03c3\u03c4\u03cc\u03bb\u03b9 \u03bc\u03b5 \u03bc\u03c0\u03b1\u03c4\u03b1\u03c1\u03af\u03b1 \u03b3\u03b9\u03b1 \u03b4\u03b9\u03c0\u03bb\u03ac \u03c6\u03c5\u03c3\u03af\u03b3\u03b3\u03b9\u03b1 DOWSIL 993 RK \u03ba\u03b1\u03b9 \u03ac\u03bb\u03bb\u03b5\u03c2 \u03ba\u03cc\u03bb\u03bb\u03b5\u03c2 2 \u03c3\u03c5\u03c3\u03c4\u03b1\u03c4\u03b9\u03ba\u03ce\u03bd.","og_url":"https:\/\/proventuss.eu\/el\/produkt\/gun-powerpush-7000\/","og_site_name":"Proventuss","og_image":[{"width":1244,"height":912,"url":"https:\/\/proventuss.eu\/wp-content\/uploads\/2022\/10\/MG_5924a1M.png","type":"image\/png"}],"twitter_card":"summary_large_image","schema":{"@context":"https:\/\/schema.org","@graph":[{"@type":"WebPage","@id":"https:\/\/proventuss.eu\/el\/produkt\/gun-powerpush-7000\/","url":"https:\/\/proventuss.eu\/el\/produkt\/gun-powerpush-7000\/","name":"GUN POWERPUSH 7000 - Proventuss","isPartOf":{"@id":"https:\/\/proventuss.eu\/#website"},"primaryImageOfPage":{"@id":"https:\/\/proventuss.eu\/el\/produkt\/gun-powerpush-7000\/#primaryimage"},"image":{"@id":"https:\/\/proventuss.eu\/el\/produkt\/gun-powerpush-7000\/#primaryimage"},"thumbnailUrl":"https:\/\/proventuss.eu\/wp-content\/uploads\/2022\/10\/MG_5924a1M.png","datePublished":"2022-10-11T11:39:04+00:00","dateModified":"2022-10-11T11:39:04+00:00","breadcrumb":{"@id":"https:\/\/proventuss.eu\/el\/produkt\/gun-powerpush-7000\/#breadcrumb"},"inLanguage":"el","potentialAction":[{"@type":"ReadAction","target":["https:\/\/proventuss.eu\/el\/produkt\/gun-powerpush-7000\/"]}]},{"@type":"ImageObject","inLanguage":"el","@id":"https:\/\/proventuss.eu\/el\/produkt\/gun-powerpush-7000\/#primaryimage","url":"https:\/\/proventuss.eu\/wp-content\/uploads\/2022\/10\/MG_5924a1M.png","contentUrl":"https:\/\/proventuss.eu\/wp-content\/uploads\/2022\/10\/MG_5924a1M.png","width":1244,"height":912,"caption":"Na zdj\u0119ciu GUN POWERPUSH 7000, wydajny akumulatorowy pistolet do podw\u00f3jnych kartuszy DOWSIL 993 oraz innych klej\u00f3w dwusk\u0142adnikowych."},{"@type":"BreadcrumbList","@id":"https:\/\/proventuss.eu\/el\/produkt\/gun-powerpush-7000\/#breadcrumb","itemListElement":[{"@type":"ListItem","position":1,"name":"Home","item":"https:\/\/proventuss.eu\/"},{"@type":"ListItem","position":2,"name":"\u03a0\u03c1\u03bf\u03ca\u03cc\u03bd\u03c4\u03b1","item":"https:\/\/proventuss.eu\/%cf%80%cf%81%ce%bf%cf%8a%cf%8c%ce%bd%cf%84%ce%b1\/"},{"@type":"ListItem","position":3,"name":"GUN POWERPUSH 7000"}]},{"@type":"WebSite","@id":"https:\/\/proventuss.eu\/#website","url":"https:\/\/proventuss.eu\/","name":"Proventuss","description":"","potentialAction":[{"@type":"SearchAction","target":{"@type":"EntryPoint","urlTemplate":"https:\/\/proventuss.eu\/?s={search_term_string}"},"query-input":"required name=search_term_string"}],"inLanguage":"el"}]}},"_links":{"self":[{"href":"https:\/\/proventuss.eu\/el\/wp-json\/wp\/v2\/product\/12782"}],"collection":[{"href":"https:\/\/proventuss.eu\/el\/wp-json\/wp\/v2\/product"}],"about":[{"href":"https:\/\/proventuss.eu\/el\/wp-json\/wp\/v2\/types\/product"}],"replies":[{"embeddable":true,"href":"https:\/\/proventuss.eu\/el\/wp-json\/wp\/v2\/comments?post=12782"}],"wp:featuredmedia":[{"embeddable":true,"href":"https:\/\/proventuss.eu\/el\/wp-json\/wp\/v2\/media\/9156"}],"wp:attachment":[{"href":"https:\/\/proventuss.eu\/el\/wp-json\/wp\/v2\/media?parent=12782"}],"wp:term":[{"taxonomy":"product_cat","embeddable":true,"href":"https:\/\/proventuss.eu\/el\/wp-json\/wp\/v2\/product_cat?post=12782"},{"taxonomy":"product_tag","embeddable":true,"href":"https:\/\/proventuss.eu\/el\/wp-json\/wp\/v2\/product_tag?post=12782"}],"curies":[{"name":"wp","href":"https:\/\/api.w.org\/{rel}","templated":true}]}}