{"id":6570,"date":"2022-04-26T12:01:58","date_gmt":"2022-04-26T12:01:58","guid":{"rendered":"https:\/\/proventuss.eu\/produkt\/dowsil-3535-catalyst-cleaner-clear\/"},"modified":"2022-04-26T12:01:58","modified_gmt":"2022-04-26T12:01:58","slug":"dowsil-3535-catalyst-cleaner-clear","status":"publish","type":"product","link":"https:\/\/proventuss.eu\/cs\/produkt\/dowsil-3535-catalyst-cleaner-clear\/","title":{"rendered":"DOWSIL 3535 CATALYST CLEANER-CLEAR"},"content":{"rendered":"<p><strong>\u010cISTIDLO PRO V\u011aTEV KATALYZ\u00c1TORU<\/strong> pod\u00e1vac\u00edho za\u0159\u00edzen\u00ed pro dvouslo\u017ekov\u00e9 tmely. Dovoluje rychlou a snadnou v\u00fdm\u011bnu r\u016fzn\u00fdch barev katalyz\u00e1toru silikonov\u00fdch tmel\u016f pou\u017e\u00edvan\u00fdch v izola\u010dn\u00edch sklech, struktur\u00e1ln\u00edm zaskl\u00edv\u00e1n\u00ed a fotovoltaick\u00fdch aplikac\u00edch.<\/p>\n<p><strong>V\u00ddHODY:<\/strong><br \/>\n\u2022 Umo\u017e\u0148uje rychlou v\u00fdm\u011bnu barvy katalyz\u00e1toru ve v\u00fdrob\u011b<br \/>\n\u2022 Snadn\u00e9 a bezpe\u010dn\u00e9 pou\u017eit\u00ed<br \/>\n\u2022 Dlouh\u00e1 doba skladov\u00e1n\u00ed<br \/>\n\u2022 Bez z\u00e1pachu<br \/>\n\u2022 Nekorozivn\u00ed<br \/>\n\u2022 Kompatibiln\u00ed se v\u0161emi tmely Dowsil<\/p>\n<p>BALEN\u00cd: 22 kg v\u011bdro<br \/>\nBarva: krystalicky \u010dir\u00fd gel<\/p>\n","protected":false},"excerpt":{"rendered":"<p>\u010cISTIDLO PRO V\u011aTEV KATALYZ\u00c1TORU pod\u00e1vac\u00edho za\u0159\u00edzen\u00ed pro dvouslo\u017ekov\u00e9 tmely. Dovoluje rychlou a snadnou v\u00fdm\u011bnu r\u016fzn\u00fdch barev katalyz\u00e1toru silikonov\u00fdch tmel\u016f pou\u017e\u00edvan\u00fdch v izola\u010dn\u00edch sklech, struktur\u00e1ln\u00edm zaskl\u00edv\u00e1n\u00ed a fotovoltaick\u00fdch aplikac\u00edch. V\u00ddHODY: \u2022 Umo\u017e\u0148uje rychlou v\u00fdm\u011bnu barvy katalyz\u00e1toru ve v\u00fdrob\u011b \u2022 Snadn\u00e9 a bezpe\u010dn\u00e9 pou\u017eit\u00ed \u2022 Dlouh\u00e1 doba skladov\u00e1n\u00ed \u2022 Bez z\u00e1pachu \u2022 Nekorozivn\u00ed \u2022 Kompatibiln\u00ed se v\u0161emi [&hellip;]<\/p>\n","protected":false},"featured_media":4800,"comment_status":"open","ping_status":"closed","template":"","meta":{"_acf_changed":false},"product_cat":[325,324],"product_tag":[],"acf":[],"yoast_head":"<!-- This site is optimized with the Yoast SEO plugin v22.9 - https:\/\/yoast.com\/wordpress\/plugins\/seo\/ -->\n<title>DOWSIL 3535 CATALYST CLEANER-CLEAR - Proventuss<\/title>\n<meta name=\"robots\" content=\"index, follow, max-snippet:-1, max-image-preview:large, max-video-preview:-1\" \/>\n<link rel=\"canonical\" href=\"https:\/\/proventuss.eu\/cs\/produkt\/dowsil-3535-catalyst-cleaner-clear\/\" \/>\n<meta property=\"og:locale\" content=\"cs_CZ\" \/>\n<meta property=\"og:type\" content=\"article\" \/>\n<meta property=\"og:title\" content=\"DOWSIL 3535 CATALYST CLEANER-CLEAR - Proventuss\" \/>\n<meta property=\"og:description\" content=\"\u010cISTIDLO PRO V\u011aTEV KATALYZ\u00c1TORU pod\u00e1vac\u00edho za\u0159\u00edzen\u00ed pro dvouslo\u017ekov\u00e9 tmely. Dovoluje rychlou a snadnou v\u00fdm\u011bnu r\u016fzn\u00fdch barev katalyz\u00e1toru silikonov\u00fdch tmel\u016f pou\u017e\u00edvan\u00fdch v izola\u010dn\u00edch sklech, struktur\u00e1ln\u00edm zaskl\u00edv\u00e1n\u00ed a fotovoltaick\u00fdch aplikac\u00edch. V\u00ddHODY: \u2022 Umo\u017e\u0148uje rychlou v\u00fdm\u011bnu barvy katalyz\u00e1toru ve v\u00fdrob\u011b \u2022 Snadn\u00e9 a bezpe\u010dn\u00e9 pou\u017eit\u00ed \u2022 Dlouh\u00e1 doba skladov\u00e1n\u00ed \u2022 Bez z\u00e1pachu \u2022 Nekorozivn\u00ed \u2022 Kompatibiln\u00ed se v\u0161emi [&hellip;]\" \/>\n<meta property=\"og:url\" content=\"https:\/\/proventuss.eu\/cs\/produkt\/dowsil-3535-catalyst-cleaner-clear\/\" \/>\n<meta property=\"og:site_name\" content=\"Proventuss\" \/>\n<meta property=\"og:image\" content=\"https:\/\/proventuss.eu\/wp-content\/uploads\/2022\/04\/3535-CATALYST-CLEANER-CLEAR.jpg\" \/>\n\t<meta property=\"og:image:width\" content=\"200\" \/>\n\t<meta property=\"og:image:height\" content=\"222\" \/>\n\t<meta property=\"og:image:type\" content=\"image\/jpeg\" \/>\n<meta name=\"twitter:card\" content=\"summary_large_image\" \/>\n<script type=\"application\/ld+json\" class=\"yoast-schema-graph\">{\"@context\":\"https:\/\/schema.org\",\"@graph\":[{\"@type\":\"WebPage\",\"@id\":\"https:\/\/proventuss.eu\/cs\/produkt\/dowsil-3535-catalyst-cleaner-clear\/\",\"url\":\"https:\/\/proventuss.eu\/cs\/produkt\/dowsil-3535-catalyst-cleaner-clear\/\",\"name\":\"DOWSIL 3535 CATALYST CLEANER-CLEAR - Proventuss\",\"isPartOf\":{\"@id\":\"https:\/\/proventuss.eu\/#website\"},\"primaryImageOfPage\":{\"@id\":\"https:\/\/proventuss.eu\/cs\/produkt\/dowsil-3535-catalyst-cleaner-clear\/#primaryimage\"},\"image\":{\"@id\":\"https:\/\/proventuss.eu\/cs\/produkt\/dowsil-3535-catalyst-cleaner-clear\/#primaryimage\"},\"thumbnailUrl\":\"https:\/\/proventuss.eu\/wp-content\/uploads\/2022\/04\/3535-CATALYST-CLEANER-CLEAR.jpg\",\"datePublished\":\"2022-04-26T12:01:58+00:00\",\"dateModified\":\"2022-04-26T12:01:58+00:00\",\"breadcrumb\":{\"@id\":\"https:\/\/proventuss.eu\/cs\/produkt\/dowsil-3535-catalyst-cleaner-clear\/#breadcrumb\"},\"inLanguage\":\"cs\",\"potentialAction\":[{\"@type\":\"ReadAction\",\"target\":[\"https:\/\/proventuss.eu\/cs\/produkt\/dowsil-3535-catalyst-cleaner-clear\/\"]}]},{\"@type\":\"ImageObject\",\"inLanguage\":\"cs\",\"@id\":\"https:\/\/proventuss.eu\/cs\/produkt\/dowsil-3535-catalyst-cleaner-clear\/#primaryimage\",\"url\":\"https:\/\/proventuss.eu\/wp-content\/uploads\/2022\/04\/3535-CATALYST-CLEANER-CLEAR.jpg\",\"contentUrl\":\"https:\/\/proventuss.eu\/wp-content\/uploads\/2022\/04\/3535-CATALYST-CLEANER-CLEAR.jpg\",\"width\":200,\"height\":222},{\"@type\":\"BreadcrumbList\",\"@id\":\"https:\/\/proventuss.eu\/cs\/produkt\/dowsil-3535-catalyst-cleaner-clear\/#breadcrumb\",\"itemListElement\":[{\"@type\":\"ListItem\",\"position\":1,\"name\":\"Home\",\"item\":\"https:\/\/proventuss.eu\/\"},{\"@type\":\"ListItem\",\"position\":2,\"name\":\"Produkty\",\"item\":\"https:\/\/proventuss.eu\/produkty\/\"},{\"@type\":\"ListItem\",\"position\":3,\"name\":\"DOWSIL 3535 CATALYST CLEANER-CLEAR\"}]},{\"@type\":\"WebSite\",\"@id\":\"https:\/\/proventuss.eu\/#website\",\"url\":\"https:\/\/proventuss.eu\/\",\"name\":\"Proventuss\",\"description\":\"\",\"potentialAction\":[{\"@type\":\"SearchAction\",\"target\":{\"@type\":\"EntryPoint\",\"urlTemplate\":\"https:\/\/proventuss.eu\/?s={search_term_string}\"},\"query-input\":\"required name=search_term_string\"}],\"inLanguage\":\"cs\"}]}<\/script>\n<!-- \/ Yoast SEO plugin. -->","yoast_head_json":{"title":"DOWSIL 3535 CATALYST CLEANER-CLEAR - Proventuss","robots":{"index":"index","follow":"follow","max-snippet":"max-snippet:-1","max-image-preview":"max-image-preview:large","max-video-preview":"max-video-preview:-1"},"canonical":"https:\/\/proventuss.eu\/cs\/produkt\/dowsil-3535-catalyst-cleaner-clear\/","og_locale":"cs_CZ","og_type":"article","og_title":"DOWSIL 3535 CATALYST CLEANER-CLEAR - Proventuss","og_description":"\u010cISTIDLO PRO V\u011aTEV KATALYZ\u00c1TORU pod\u00e1vac\u00edho za\u0159\u00edzen\u00ed pro dvouslo\u017ekov\u00e9 tmely. Dovoluje rychlou a snadnou v\u00fdm\u011bnu r\u016fzn\u00fdch barev katalyz\u00e1toru silikonov\u00fdch tmel\u016f pou\u017e\u00edvan\u00fdch v izola\u010dn\u00edch sklech, struktur\u00e1ln\u00edm zaskl\u00edv\u00e1n\u00ed a fotovoltaick\u00fdch aplikac\u00edch. V\u00ddHODY: \u2022 Umo\u017e\u0148uje rychlou v\u00fdm\u011bnu barvy katalyz\u00e1toru ve v\u00fdrob\u011b \u2022 Snadn\u00e9 a bezpe\u010dn\u00e9 pou\u017eit\u00ed \u2022 Dlouh\u00e1 doba skladov\u00e1n\u00ed \u2022 Bez z\u00e1pachu \u2022 Nekorozivn\u00ed \u2022 Kompatibiln\u00ed se v\u0161emi [&hellip;]","og_url":"https:\/\/proventuss.eu\/cs\/produkt\/dowsil-3535-catalyst-cleaner-clear\/","og_site_name":"Proventuss","og_image":[{"width":200,"height":222,"url":"https:\/\/proventuss.eu\/wp-content\/uploads\/2022\/04\/3535-CATALYST-CLEANER-CLEAR.jpg","type":"image\/jpeg"}],"twitter_card":"summary_large_image","schema":{"@context":"https:\/\/schema.org","@graph":[{"@type":"WebPage","@id":"https:\/\/proventuss.eu\/cs\/produkt\/dowsil-3535-catalyst-cleaner-clear\/","url":"https:\/\/proventuss.eu\/cs\/produkt\/dowsil-3535-catalyst-cleaner-clear\/","name":"DOWSIL 3535 CATALYST CLEANER-CLEAR - Proventuss","isPartOf":{"@id":"https:\/\/proventuss.eu\/#website"},"primaryImageOfPage":{"@id":"https:\/\/proventuss.eu\/cs\/produkt\/dowsil-3535-catalyst-cleaner-clear\/#primaryimage"},"image":{"@id":"https:\/\/proventuss.eu\/cs\/produkt\/dowsil-3535-catalyst-cleaner-clear\/#primaryimage"},"thumbnailUrl":"https:\/\/proventuss.eu\/wp-content\/uploads\/2022\/04\/3535-CATALYST-CLEANER-CLEAR.jpg","datePublished":"2022-04-26T12:01:58+00:00","dateModified":"2022-04-26T12:01:58+00:00","breadcrumb":{"@id":"https:\/\/proventuss.eu\/cs\/produkt\/dowsil-3535-catalyst-cleaner-clear\/#breadcrumb"},"inLanguage":"cs","potentialAction":[{"@type":"ReadAction","target":["https:\/\/proventuss.eu\/cs\/produkt\/dowsil-3535-catalyst-cleaner-clear\/"]}]},{"@type":"ImageObject","inLanguage":"cs","@id":"https:\/\/proventuss.eu\/cs\/produkt\/dowsil-3535-catalyst-cleaner-clear\/#primaryimage","url":"https:\/\/proventuss.eu\/wp-content\/uploads\/2022\/04\/3535-CATALYST-CLEANER-CLEAR.jpg","contentUrl":"https:\/\/proventuss.eu\/wp-content\/uploads\/2022\/04\/3535-CATALYST-CLEANER-CLEAR.jpg","width":200,"height":222},{"@type":"BreadcrumbList","@id":"https:\/\/proventuss.eu\/cs\/produkt\/dowsil-3535-catalyst-cleaner-clear\/#breadcrumb","itemListElement":[{"@type":"ListItem","position":1,"name":"Home","item":"https:\/\/proventuss.eu\/"},{"@type":"ListItem","position":2,"name":"Produkty","item":"https:\/\/proventuss.eu\/produkty\/"},{"@type":"ListItem","position":3,"name":"DOWSIL 3535 CATALYST CLEANER-CLEAR"}]},{"@type":"WebSite","@id":"https:\/\/proventuss.eu\/#website","url":"https:\/\/proventuss.eu\/","name":"Proventuss","description":"","potentialAction":[{"@type":"SearchAction","target":{"@type":"EntryPoint","urlTemplate":"https:\/\/proventuss.eu\/?s={search_term_string}"},"query-input":"required name=search_term_string"}],"inLanguage":"cs"}]}},"_links":{"self":[{"href":"https:\/\/proventuss.eu\/cs\/wp-json\/wp\/v2\/product\/6570"}],"collection":[{"href":"https:\/\/proventuss.eu\/cs\/wp-json\/wp\/v2\/product"}],"about":[{"href":"https:\/\/proventuss.eu\/cs\/wp-json\/wp\/v2\/types\/product"}],"replies":[{"embeddable":true,"href":"https:\/\/proventuss.eu\/cs\/wp-json\/wp\/v2\/comments?post=6570"}],"wp:featuredmedia":[{"embeddable":true,"href":"https:\/\/proventuss.eu\/cs\/wp-json\/wp\/v2\/media\/4800"}],"wp:attachment":[{"href":"https:\/\/proventuss.eu\/cs\/wp-json\/wp\/v2\/media?parent=6570"}],"wp:term":[{"taxonomy":"product_cat","embeddable":true,"href":"https:\/\/proventuss.eu\/cs\/wp-json\/wp\/v2\/product_cat?post=6570"},{"taxonomy":"product_tag","embeddable":true,"href":"https:\/\/proventuss.eu\/cs\/wp-json\/wp\/v2\/product_tag?post=6570"}],"curies":[{"name":"wp","href":"https:\/\/api.w.org\/{rel}","templated":true}]}}