{"id":6569,"date":"2022-04-26T12:00:35","date_gmt":"2022-04-26T12:00:35","guid":{"rendered":"https:\/\/proventuss.eu\/produkt\/dowsil-3522-cleaning-solvent-concentrated\/"},"modified":"2022-09-13T07:29:58","modified_gmt":"2022-09-13T07:29:58","slug":"dowsil-3522-cleaning-solvent-concentrated","status":"publish","type":"product","link":"https:\/\/proventuss.eu\/cs\/produkt\/dowsil-3522-cleaning-solvent-concentrated\/","title":{"rendered":"DOWSIL 3522 CLEANING SOLVENT CONCENTRATED"},"content":{"rendered":"<p><strong>KONCENTROVAN\u00dd \u010cIST\u00cdC\u00cd ROZTOK<\/strong> je pou\u017e\u00edv\u00e1n pro \u010di\u0161t\u011bn\u00ed d\u00e1vkovac\u00edch za\u0159\u00edzen\u00ed pro dvoukomponentn\u00ed silikonov\u00e9 tmely. V\u00fdrobek neobsahuje halogenovan\u00e1 rozpou\u0161t\u011bdla a byl speci\u00e1ln\u011b vyvinut k rozpu\u0161t\u011bn\u00ed vytvrzen\u00e9ho silikonov\u00e9ho tmelu v hadic\u00edch a sm\u011b\u0161ova\u010d\u00edch za\u0159\u00edzen\u00ed.<\/p>\n<p>V\u00fdrobek lze pr\u016fb\u011b\u017en\u011b recirkulovat v za\u0159\u00edzen\u00ed, aby bylo zaji\u0161t\u011bno pe\u010dliv\u00e9 vy\u010di\u0161t\u011bn\u00ed hadic a \u010d\u00e1st\u00ed stroje. Vytvrzen\u00fd tmel shrom\u00e1\u017ed\u011bn\u00fd v n\u00e1dob\u011b na recyklaci rozpou\u0161t\u011bdla se usazuje a pro zlep\u0161en\u00ed \u017eivotnost rozpou\u0161t\u011bdla ve stroji je t\u0159eba jej pravideln\u011b odstra\u0148ovat. Rozpou\u0161t\u011bdlo lze d\u00edky jeho schopnosti odstra\u0148ovat vytvrzen\u00e9 a tvrdnouc\u00ed silikonov\u00e9 elastomery pou\u017e\u00edt rovn\u011b\u017e pro \u010di\u0161t\u011bn\u00ed podlah a aplika\u010dn\u00edch stroj\u016f na pracovi\u0161ti, kde je zpracov\u00e1v\u00e1n silikon.<\/p>\n<p><strong>V\u00ddHODY:<\/strong><br \/>\n\u2022 Rychl\u00e9 rozpu\u0161t\u011bn\u00ed vytvrzen\u00e9ho silikonov\u00e9ho tmelu<br \/>\n\u2022 Nehalogenovan\u00e9 rozpou\u0161t\u011bdlo<br \/>\n\u2022 Neho\u0159lav\u00e9<br \/>\n\u2022 Kompatibiln\u00ed se v\u0161emi tmely Dowsil<\/p>\n<p>BALEN\u00cd: 25 L kanistr, 250 L sud<br \/>\nBARVA: hn\u011bdav\u00e1 kapalina<\/p>\n","protected":false},"excerpt":{"rendered":"<p>KONCENTROVAN\u00dd \u010cIST\u00cdC\u00cd ROZTOK je pou\u017e\u00edv\u00e1n pro \u010di\u0161t\u011bn\u00ed d\u00e1vkovac\u00edch za\u0159\u00edzen\u00ed pro dvoukomponentn\u00ed silikonov\u00e9 tmely. V\u00fdrobek neobsahuje halogenovan\u00e1 rozpou\u0161t\u011bdla a byl speci\u00e1ln\u011b vyvinut k rozpu\u0161t\u011bn\u00ed vytvrzen\u00e9ho silikonov\u00e9ho tmelu v hadic\u00edch a sm\u011b\u0161ova\u010d\u00edch za\u0159\u00edzen\u00ed. V\u00fdrobek lze pr\u016fb\u011b\u017en\u011b recirkulovat v za\u0159\u00edzen\u00ed, aby bylo zaji\u0161t\u011bno pe\u010dliv\u00e9 vy\u010di\u0161t\u011bn\u00ed hadic a \u010d\u00e1st\u00ed stroje. Vytvrzen\u00fd tmel shrom\u00e1\u017ed\u011bn\u00fd v n\u00e1dob\u011b na recyklaci rozpou\u0161t\u011bdla se [&hellip;]<\/p>\n","protected":false},"featured_media":4863,"comment_status":"open","ping_status":"closed","template":"","meta":{"_acf_changed":false},"product_cat":[325,324],"product_tag":[],"acf":[],"yoast_head":"<!-- This site is optimized with the Yoast SEO plugin v22.9 - https:\/\/yoast.com\/wordpress\/plugins\/seo\/ -->\n<title>DOWSIL 3522 CLEANING SOLVENT CONCENTRATED - Proventuss<\/title>\n<meta name=\"robots\" content=\"index, follow, max-snippet:-1, max-image-preview:large, max-video-preview:-1\" \/>\n<link rel=\"canonical\" href=\"https:\/\/proventuss.eu\/cs\/produkt\/dowsil-3522-cleaning-solvent-concentrated\/\" \/>\n<meta property=\"og:locale\" content=\"cs_CZ\" \/>\n<meta property=\"og:type\" content=\"article\" \/>\n<meta property=\"og:title\" content=\"DOWSIL 3522 CLEANING SOLVENT CONCENTRATED - Proventuss\" \/>\n<meta property=\"og:description\" content=\"KONCENTROVAN\u00dd \u010cIST\u00cdC\u00cd ROZTOK je pou\u017e\u00edv\u00e1n pro \u010di\u0161t\u011bn\u00ed d\u00e1vkovac\u00edch za\u0159\u00edzen\u00ed pro dvoukomponentn\u00ed silikonov\u00e9 tmely. V\u00fdrobek neobsahuje halogenovan\u00e1 rozpou\u0161t\u011bdla a byl speci\u00e1ln\u011b vyvinut k rozpu\u0161t\u011bn\u00ed vytvrzen\u00e9ho silikonov\u00e9ho tmelu v hadic\u00edch a sm\u011b\u0161ova\u010d\u00edch za\u0159\u00edzen\u00ed. V\u00fdrobek lze pr\u016fb\u011b\u017en\u011b recirkulovat v za\u0159\u00edzen\u00ed, aby bylo zaji\u0161t\u011bno pe\u010dliv\u00e9 vy\u010di\u0161t\u011bn\u00ed hadic a \u010d\u00e1st\u00ed stroje. Vytvrzen\u00fd tmel shrom\u00e1\u017ed\u011bn\u00fd v n\u00e1dob\u011b na recyklaci rozpou\u0161t\u011bdla se [&hellip;]\" \/>\n<meta property=\"og:url\" content=\"https:\/\/proventuss.eu\/cs\/produkt\/dowsil-3522-cleaning-solvent-concentrated\/\" \/>\n<meta property=\"og:site_name\" content=\"Proventuss\" \/>\n<meta property=\"article:modified_time\" content=\"2022-09-13T07:29:58+00:00\" \/>\n<meta property=\"og:image\" content=\"https:\/\/proventuss.eu\/wp-content\/uploads\/2022\/04\/3522.jpg\" \/>\n\t<meta property=\"og:image:width\" content=\"640\" \/>\n\t<meta property=\"og:image:height\" content=\"640\" \/>\n\t<meta property=\"og:image:type\" content=\"image\/jpeg\" \/>\n<meta name=\"twitter:card\" content=\"summary_large_image\" \/>\n<meta name=\"twitter:label1\" content=\"Odhadovan\u00e1 doba \u010dten\u00ed\" \/>\n\t<meta name=\"twitter:data1\" content=\"1 minuta\" \/>\n<script type=\"application\/ld+json\" class=\"yoast-schema-graph\">{\"@context\":\"https:\/\/schema.org\",\"@graph\":[{\"@type\":\"WebPage\",\"@id\":\"https:\/\/proventuss.eu\/cs\/produkt\/dowsil-3522-cleaning-solvent-concentrated\/\",\"url\":\"https:\/\/proventuss.eu\/cs\/produkt\/dowsil-3522-cleaning-solvent-concentrated\/\",\"name\":\"DOWSIL 3522 CLEANING SOLVENT CONCENTRATED - Proventuss\",\"isPartOf\":{\"@id\":\"https:\/\/proventuss.eu\/#website\"},\"primaryImageOfPage\":{\"@id\":\"https:\/\/proventuss.eu\/cs\/produkt\/dowsil-3522-cleaning-solvent-concentrated\/#primaryimage\"},\"image\":{\"@id\":\"https:\/\/proventuss.eu\/cs\/produkt\/dowsil-3522-cleaning-solvent-concentrated\/#primaryimage\"},\"thumbnailUrl\":\"https:\/\/proventuss.eu\/wp-content\/uploads\/2022\/04\/3522.jpg\",\"datePublished\":\"2022-04-26T12:00:35+00:00\",\"dateModified\":\"2022-09-13T07:29:58+00:00\",\"breadcrumb\":{\"@id\":\"https:\/\/proventuss.eu\/cs\/produkt\/dowsil-3522-cleaning-solvent-concentrated\/#breadcrumb\"},\"inLanguage\":\"cs\",\"potentialAction\":[{\"@type\":\"ReadAction\",\"target\":[\"https:\/\/proventuss.eu\/cs\/produkt\/dowsil-3522-cleaning-solvent-concentrated\/\"]}]},{\"@type\":\"ImageObject\",\"inLanguage\":\"cs\",\"@id\":\"https:\/\/proventuss.eu\/cs\/produkt\/dowsil-3522-cleaning-solvent-concentrated\/#primaryimage\",\"url\":\"https:\/\/proventuss.eu\/wp-content\/uploads\/2022\/04\/3522.jpg\",\"contentUrl\":\"https:\/\/proventuss.eu\/wp-content\/uploads\/2022\/04\/3522.jpg\",\"width\":640,\"height\":640},{\"@type\":\"BreadcrumbList\",\"@id\":\"https:\/\/proventuss.eu\/cs\/produkt\/dowsil-3522-cleaning-solvent-concentrated\/#breadcrumb\",\"itemListElement\":[{\"@type\":\"ListItem\",\"position\":1,\"name\":\"Home\",\"item\":\"https:\/\/proventuss.eu\/\"},{\"@type\":\"ListItem\",\"position\":2,\"name\":\"Produkty\",\"item\":\"https:\/\/proventuss.eu\/produkty\/\"},{\"@type\":\"ListItem\",\"position\":3,\"name\":\"DOWSIL 3522 CLEANING SOLVENT CONCENTRATED\"}]},{\"@type\":\"WebSite\",\"@id\":\"https:\/\/proventuss.eu\/#website\",\"url\":\"https:\/\/proventuss.eu\/\",\"name\":\"Proventuss\",\"description\":\"\",\"potentialAction\":[{\"@type\":\"SearchAction\",\"target\":{\"@type\":\"EntryPoint\",\"urlTemplate\":\"https:\/\/proventuss.eu\/?s={search_term_string}\"},\"query-input\":\"required name=search_term_string\"}],\"inLanguage\":\"cs\"}]}<\/script>\n<!-- \/ Yoast SEO plugin. -->","yoast_head_json":{"title":"DOWSIL 3522 CLEANING SOLVENT CONCENTRATED - Proventuss","robots":{"index":"index","follow":"follow","max-snippet":"max-snippet:-1","max-image-preview":"max-image-preview:large","max-video-preview":"max-video-preview:-1"},"canonical":"https:\/\/proventuss.eu\/cs\/produkt\/dowsil-3522-cleaning-solvent-concentrated\/","og_locale":"cs_CZ","og_type":"article","og_title":"DOWSIL 3522 CLEANING SOLVENT CONCENTRATED - Proventuss","og_description":"KONCENTROVAN\u00dd \u010cIST\u00cdC\u00cd ROZTOK je pou\u017e\u00edv\u00e1n pro \u010di\u0161t\u011bn\u00ed d\u00e1vkovac\u00edch za\u0159\u00edzen\u00ed pro dvoukomponentn\u00ed silikonov\u00e9 tmely. V\u00fdrobek neobsahuje halogenovan\u00e1 rozpou\u0161t\u011bdla a byl speci\u00e1ln\u011b vyvinut k rozpu\u0161t\u011bn\u00ed vytvrzen\u00e9ho silikonov\u00e9ho tmelu v hadic\u00edch a sm\u011b\u0161ova\u010d\u00edch za\u0159\u00edzen\u00ed. V\u00fdrobek lze pr\u016fb\u011b\u017en\u011b recirkulovat v za\u0159\u00edzen\u00ed, aby bylo zaji\u0161t\u011bno pe\u010dliv\u00e9 vy\u010di\u0161t\u011bn\u00ed hadic a \u010d\u00e1st\u00ed stroje. Vytvrzen\u00fd tmel shrom\u00e1\u017ed\u011bn\u00fd v n\u00e1dob\u011b na recyklaci rozpou\u0161t\u011bdla se [&hellip;]","og_url":"https:\/\/proventuss.eu\/cs\/produkt\/dowsil-3522-cleaning-solvent-concentrated\/","og_site_name":"Proventuss","article_modified_time":"2022-09-13T07:29:58+00:00","og_image":[{"width":640,"height":640,"url":"https:\/\/proventuss.eu\/wp-content\/uploads\/2022\/04\/3522.jpg","type":"image\/jpeg"}],"twitter_card":"summary_large_image","twitter_misc":{"Odhadovan\u00e1 doba \u010dten\u00ed":"1 minuta"},"schema":{"@context":"https:\/\/schema.org","@graph":[{"@type":"WebPage","@id":"https:\/\/proventuss.eu\/cs\/produkt\/dowsil-3522-cleaning-solvent-concentrated\/","url":"https:\/\/proventuss.eu\/cs\/produkt\/dowsil-3522-cleaning-solvent-concentrated\/","name":"DOWSIL 3522 CLEANING SOLVENT CONCENTRATED - Proventuss","isPartOf":{"@id":"https:\/\/proventuss.eu\/#website"},"primaryImageOfPage":{"@id":"https:\/\/proventuss.eu\/cs\/produkt\/dowsil-3522-cleaning-solvent-concentrated\/#primaryimage"},"image":{"@id":"https:\/\/proventuss.eu\/cs\/produkt\/dowsil-3522-cleaning-solvent-concentrated\/#primaryimage"},"thumbnailUrl":"https:\/\/proventuss.eu\/wp-content\/uploads\/2022\/04\/3522.jpg","datePublished":"2022-04-26T12:00:35+00:00","dateModified":"2022-09-13T07:29:58+00:00","breadcrumb":{"@id":"https:\/\/proventuss.eu\/cs\/produkt\/dowsil-3522-cleaning-solvent-concentrated\/#breadcrumb"},"inLanguage":"cs","potentialAction":[{"@type":"ReadAction","target":["https:\/\/proventuss.eu\/cs\/produkt\/dowsil-3522-cleaning-solvent-concentrated\/"]}]},{"@type":"ImageObject","inLanguage":"cs","@id":"https:\/\/proventuss.eu\/cs\/produkt\/dowsil-3522-cleaning-solvent-concentrated\/#primaryimage","url":"https:\/\/proventuss.eu\/wp-content\/uploads\/2022\/04\/3522.jpg","contentUrl":"https:\/\/proventuss.eu\/wp-content\/uploads\/2022\/04\/3522.jpg","width":640,"height":640},{"@type":"BreadcrumbList","@id":"https:\/\/proventuss.eu\/cs\/produkt\/dowsil-3522-cleaning-solvent-concentrated\/#breadcrumb","itemListElement":[{"@type":"ListItem","position":1,"name":"Home","item":"https:\/\/proventuss.eu\/"},{"@type":"ListItem","position":2,"name":"Produkty","item":"https:\/\/proventuss.eu\/produkty\/"},{"@type":"ListItem","position":3,"name":"DOWSIL 3522 CLEANING SOLVENT CONCENTRATED"}]},{"@type":"WebSite","@id":"https:\/\/proventuss.eu\/#website","url":"https:\/\/proventuss.eu\/","name":"Proventuss","description":"","potentialAction":[{"@type":"SearchAction","target":{"@type":"EntryPoint","urlTemplate":"https:\/\/proventuss.eu\/?s={search_term_string}"},"query-input":"required name=search_term_string"}],"inLanguage":"cs"}]}},"_links":{"self":[{"href":"https:\/\/proventuss.eu\/cs\/wp-json\/wp\/v2\/product\/6569"}],"collection":[{"href":"https:\/\/proventuss.eu\/cs\/wp-json\/wp\/v2\/product"}],"about":[{"href":"https:\/\/proventuss.eu\/cs\/wp-json\/wp\/v2\/types\/product"}],"replies":[{"embeddable":true,"href":"https:\/\/proventuss.eu\/cs\/wp-json\/wp\/v2\/comments?post=6569"}],"wp:featuredmedia":[{"embeddable":true,"href":"https:\/\/proventuss.eu\/cs\/wp-json\/wp\/v2\/media\/4863"}],"wp:attachment":[{"href":"https:\/\/proventuss.eu\/cs\/wp-json\/wp\/v2\/media?parent=6569"}],"wp:term":[{"taxonomy":"product_cat","embeddable":true,"href":"https:\/\/proventuss.eu\/cs\/wp-json\/wp\/v2\/product_cat?post=6569"},{"taxonomy":"product_tag","embeddable":true,"href":"https:\/\/proventuss.eu\/cs\/wp-json\/wp\/v2\/product_tag?post=6569"}],"curies":[{"name":"wp","href":"https:\/\/api.w.org\/{rel}","templated":true}]}}