{"id":6568,"date":"2022-04-26T11:59:24","date_gmt":"2022-04-26T11:59:24","guid":{"rendered":"https:\/\/proventuss.eu\/produkt\/dowsil-r41-cleaner-plus\/"},"modified":"2022-09-13T07:17:03","modified_gmt":"2022-09-13T07:17:03","slug":"dowsil-r41-cleaner-plus","status":"publish","type":"product","link":"https:\/\/proventuss.eu\/cs\/produkt\/dowsil-r41-cleaner-plus\/","title":{"rendered":"DOWSIL R41 CLEANER PLUS"},"content":{"rendered":"<p><strong>SPECI\u00c1LN\u00cd \u010cIST\u00cdC\u00cd ROZTOK<\/strong> obsahuj\u00edc\u00ed katalyz\u00e1tor navr\u017een\u00fd pro zlep\u0161en\u00ed p\u0159ilnavosti na nepor\u00e9zn\u00edch povr\u0161\u00edch.<\/p>\n<p>Doporu\u010deno pro nepor\u00e9zn\u00ed povrchy: sklo, kovy, plasty, obzvl\u00e1\u0161\u0165 vhodn\u00e9 pro brou\u0161en\u00fd hlin\u00edk.<\/p>\n<p><strong>V\u00ddHODY:<\/strong><br \/>\n\u2022 Obsahuje speci\u00e1ln\u00ed katalyz\u00e1tor pro zlep\u0161en\u00ed p\u0159ilnavosti<br \/>\n\u2022 Snadn\u00e9 a bezpe\u010dn\u00e9 pou\u017eit\u00ed<br \/>\n\u2022 \u010cist\u00ed a aktivuje povrch pro lep\u0161\u00ed p\u0159ilnavost v jednom kroku<br \/>\n\u2022 Kompatibiln\u00ed se v\u0161emi tmely Dowsil<\/p>\n<p>BALEN\u00cd: 5 L kanistr<br \/>\nBarva: \u010dir\u00e1 kapalina<\/p>\n","protected":false},"excerpt":{"rendered":"<p>SPECI\u00c1LN\u00cd \u010cIST\u00cdC\u00cd ROZTOK obsahuj\u00edc\u00ed katalyz\u00e1tor navr\u017een\u00fd pro zlep\u0161en\u00ed p\u0159ilnavosti na nepor\u00e9zn\u00edch povr\u0161\u00edch. Doporu\u010deno pro nepor\u00e9zn\u00ed povrchy: sklo, kovy, plasty, obzvl\u00e1\u0161\u0165 vhodn\u00e9 pro brou\u0161en\u00fd hlin\u00edk. V\u00ddHODY: \u2022 Obsahuje speci\u00e1ln\u00ed katalyz\u00e1tor pro zlep\u0161en\u00ed p\u0159ilnavosti \u2022 Snadn\u00e9 a bezpe\u010dn\u00e9 pou\u017eit\u00ed \u2022 \u010cist\u00ed a aktivuje povrch pro lep\u0161\u00ed p\u0159ilnavost v jednom kroku \u2022 Kompatibiln\u00ed se v\u0161emi tmely Dowsil BALEN\u00cd: [&hellip;]<\/p>\n","protected":false},"featured_media":4881,"comment_status":"open","ping_status":"closed","template":"","meta":{"_acf_changed":false},"product_cat":[313,325,324],"product_tag":[],"acf":[],"yoast_head":"<!-- This site is optimized with the Yoast SEO plugin v22.9 - https:\/\/yoast.com\/wordpress\/plugins\/seo\/ -->\n<title>DOWSIL R41 CLEANER PLUS - Proventuss<\/title>\n<meta name=\"robots\" content=\"index, follow, max-snippet:-1, max-image-preview:large, max-video-preview:-1\" \/>\n<link rel=\"canonical\" href=\"https:\/\/proventuss.eu\/cs\/produkt\/dowsil-r41-cleaner-plus\/\" \/>\n<meta property=\"og:locale\" content=\"cs_CZ\" \/>\n<meta property=\"og:type\" content=\"article\" \/>\n<meta property=\"og:title\" content=\"DOWSIL R41 CLEANER PLUS - Proventuss\" \/>\n<meta property=\"og:description\" content=\"SPECI\u00c1LN\u00cd \u010cIST\u00cdC\u00cd ROZTOK obsahuj\u00edc\u00ed katalyz\u00e1tor navr\u017een\u00fd pro zlep\u0161en\u00ed p\u0159ilnavosti na nepor\u00e9zn\u00edch povr\u0161\u00edch. Doporu\u010deno pro nepor\u00e9zn\u00ed povrchy: sklo, kovy, plasty, obzvl\u00e1\u0161\u0165 vhodn\u00e9 pro brou\u0161en\u00fd hlin\u00edk. V\u00ddHODY: \u2022 Obsahuje speci\u00e1ln\u00ed katalyz\u00e1tor pro zlep\u0161en\u00ed p\u0159ilnavosti \u2022 Snadn\u00e9 a bezpe\u010dn\u00e9 pou\u017eit\u00ed \u2022 \u010cist\u00ed a aktivuje povrch pro lep\u0161\u00ed p\u0159ilnavost v jednom kroku \u2022 Kompatibiln\u00ed se v\u0161emi tmely Dowsil BALEN\u00cd: [&hellip;]\" \/>\n<meta property=\"og:url\" content=\"https:\/\/proventuss.eu\/cs\/produkt\/dowsil-r41-cleaner-plus\/\" \/>\n<meta property=\"og:site_name\" content=\"Proventuss\" \/>\n<meta property=\"article:modified_time\" content=\"2022-09-13T07:17:03+00:00\" \/>\n<meta property=\"og:image\" content=\"https:\/\/proventuss.eu\/wp-content\/uploads\/2022\/04\/Dowsil-R41-Cleaner-Plus.jpg\" \/>\n\t<meta property=\"og:image:width\" content=\"640\" \/>\n\t<meta property=\"og:image:height\" content=\"905\" \/>\n\t<meta property=\"og:image:type\" content=\"image\/jpeg\" \/>\n<meta name=\"twitter:card\" content=\"summary_large_image\" \/>\n<meta name=\"twitter:label1\" content=\"Odhadovan\u00e1 doba \u010dten\u00ed\" \/>\n\t<meta name=\"twitter:data1\" content=\"1 minuta\" \/>\n<script type=\"application\/ld+json\" class=\"yoast-schema-graph\">{\"@context\":\"https:\/\/schema.org\",\"@graph\":[{\"@type\":\"WebPage\",\"@id\":\"https:\/\/proventuss.eu\/cs\/produkt\/dowsil-r41-cleaner-plus\/\",\"url\":\"https:\/\/proventuss.eu\/cs\/produkt\/dowsil-r41-cleaner-plus\/\",\"name\":\"DOWSIL R41 CLEANER PLUS - Proventuss\",\"isPartOf\":{\"@id\":\"https:\/\/proventuss.eu\/#website\"},\"primaryImageOfPage\":{\"@id\":\"https:\/\/proventuss.eu\/cs\/produkt\/dowsil-r41-cleaner-plus\/#primaryimage\"},\"image\":{\"@id\":\"https:\/\/proventuss.eu\/cs\/produkt\/dowsil-r41-cleaner-plus\/#primaryimage\"},\"thumbnailUrl\":\"https:\/\/proventuss.eu\/wp-content\/uploads\/2022\/04\/Dowsil-R41-Cleaner-Plus.jpg\",\"datePublished\":\"2022-04-26T11:59:24+00:00\",\"dateModified\":\"2022-09-13T07:17:03+00:00\",\"breadcrumb\":{\"@id\":\"https:\/\/proventuss.eu\/cs\/produkt\/dowsil-r41-cleaner-plus\/#breadcrumb\"},\"inLanguage\":\"cs\",\"potentialAction\":[{\"@type\":\"ReadAction\",\"target\":[\"https:\/\/proventuss.eu\/cs\/produkt\/dowsil-r41-cleaner-plus\/\"]}]},{\"@type\":\"ImageObject\",\"inLanguage\":\"cs\",\"@id\":\"https:\/\/proventuss.eu\/cs\/produkt\/dowsil-r41-cleaner-plus\/#primaryimage\",\"url\":\"https:\/\/proventuss.eu\/wp-content\/uploads\/2022\/04\/Dowsil-R41-Cleaner-Plus.jpg\",\"contentUrl\":\"https:\/\/proventuss.eu\/wp-content\/uploads\/2022\/04\/Dowsil-R41-Cleaner-Plus.jpg\",\"width\":640,\"height\":905},{\"@type\":\"BreadcrumbList\",\"@id\":\"https:\/\/proventuss.eu\/cs\/produkt\/dowsil-r41-cleaner-plus\/#breadcrumb\",\"itemListElement\":[{\"@type\":\"ListItem\",\"position\":1,\"name\":\"Home\",\"item\":\"https:\/\/proventuss.eu\/\"},{\"@type\":\"ListItem\",\"position\":2,\"name\":\"Produkty\",\"item\":\"https:\/\/proventuss.eu\/produkty\/\"},{\"@type\":\"ListItem\",\"position\":3,\"name\":\"DOWSIL R41 CLEANER PLUS\"}]},{\"@type\":\"WebSite\",\"@id\":\"https:\/\/proventuss.eu\/#website\",\"url\":\"https:\/\/proventuss.eu\/\",\"name\":\"Proventuss\",\"description\":\"\",\"potentialAction\":[{\"@type\":\"SearchAction\",\"target\":{\"@type\":\"EntryPoint\",\"urlTemplate\":\"https:\/\/proventuss.eu\/?s={search_term_string}\"},\"query-input\":\"required name=search_term_string\"}],\"inLanguage\":\"cs\"}]}<\/script>\n<!-- \/ Yoast SEO plugin. -->","yoast_head_json":{"title":"DOWSIL R41 CLEANER PLUS - Proventuss","robots":{"index":"index","follow":"follow","max-snippet":"max-snippet:-1","max-image-preview":"max-image-preview:large","max-video-preview":"max-video-preview:-1"},"canonical":"https:\/\/proventuss.eu\/cs\/produkt\/dowsil-r41-cleaner-plus\/","og_locale":"cs_CZ","og_type":"article","og_title":"DOWSIL R41 CLEANER PLUS - Proventuss","og_description":"SPECI\u00c1LN\u00cd \u010cIST\u00cdC\u00cd ROZTOK obsahuj\u00edc\u00ed katalyz\u00e1tor navr\u017een\u00fd pro zlep\u0161en\u00ed p\u0159ilnavosti na nepor\u00e9zn\u00edch povr\u0161\u00edch. Doporu\u010deno pro nepor\u00e9zn\u00ed povrchy: sklo, kovy, plasty, obzvl\u00e1\u0161\u0165 vhodn\u00e9 pro brou\u0161en\u00fd hlin\u00edk. V\u00ddHODY: \u2022 Obsahuje speci\u00e1ln\u00ed katalyz\u00e1tor pro zlep\u0161en\u00ed p\u0159ilnavosti \u2022 Snadn\u00e9 a bezpe\u010dn\u00e9 pou\u017eit\u00ed \u2022 \u010cist\u00ed a aktivuje povrch pro lep\u0161\u00ed p\u0159ilnavost v jednom kroku \u2022 Kompatibiln\u00ed se v\u0161emi tmely Dowsil BALEN\u00cd: [&hellip;]","og_url":"https:\/\/proventuss.eu\/cs\/produkt\/dowsil-r41-cleaner-plus\/","og_site_name":"Proventuss","article_modified_time":"2022-09-13T07:17:03+00:00","og_image":[{"width":640,"height":905,"url":"https:\/\/proventuss.eu\/wp-content\/uploads\/2022\/04\/Dowsil-R41-Cleaner-Plus.jpg","type":"image\/jpeg"}],"twitter_card":"summary_large_image","twitter_misc":{"Odhadovan\u00e1 doba \u010dten\u00ed":"1 minuta"},"schema":{"@context":"https:\/\/schema.org","@graph":[{"@type":"WebPage","@id":"https:\/\/proventuss.eu\/cs\/produkt\/dowsil-r41-cleaner-plus\/","url":"https:\/\/proventuss.eu\/cs\/produkt\/dowsil-r41-cleaner-plus\/","name":"DOWSIL R41 CLEANER PLUS - Proventuss","isPartOf":{"@id":"https:\/\/proventuss.eu\/#website"},"primaryImageOfPage":{"@id":"https:\/\/proventuss.eu\/cs\/produkt\/dowsil-r41-cleaner-plus\/#primaryimage"},"image":{"@id":"https:\/\/proventuss.eu\/cs\/produkt\/dowsil-r41-cleaner-plus\/#primaryimage"},"thumbnailUrl":"https:\/\/proventuss.eu\/wp-content\/uploads\/2022\/04\/Dowsil-R41-Cleaner-Plus.jpg","datePublished":"2022-04-26T11:59:24+00:00","dateModified":"2022-09-13T07:17:03+00:00","breadcrumb":{"@id":"https:\/\/proventuss.eu\/cs\/produkt\/dowsil-r41-cleaner-plus\/#breadcrumb"},"inLanguage":"cs","potentialAction":[{"@type":"ReadAction","target":["https:\/\/proventuss.eu\/cs\/produkt\/dowsil-r41-cleaner-plus\/"]}]},{"@type":"ImageObject","inLanguage":"cs","@id":"https:\/\/proventuss.eu\/cs\/produkt\/dowsil-r41-cleaner-plus\/#primaryimage","url":"https:\/\/proventuss.eu\/wp-content\/uploads\/2022\/04\/Dowsil-R41-Cleaner-Plus.jpg","contentUrl":"https:\/\/proventuss.eu\/wp-content\/uploads\/2022\/04\/Dowsil-R41-Cleaner-Plus.jpg","width":640,"height":905},{"@type":"BreadcrumbList","@id":"https:\/\/proventuss.eu\/cs\/produkt\/dowsil-r41-cleaner-plus\/#breadcrumb","itemListElement":[{"@type":"ListItem","position":1,"name":"Home","item":"https:\/\/proventuss.eu\/"},{"@type":"ListItem","position":2,"name":"Produkty","item":"https:\/\/proventuss.eu\/produkty\/"},{"@type":"ListItem","position":3,"name":"DOWSIL R41 CLEANER PLUS"}]},{"@type":"WebSite","@id":"https:\/\/proventuss.eu\/#website","url":"https:\/\/proventuss.eu\/","name":"Proventuss","description":"","potentialAction":[{"@type":"SearchAction","target":{"@type":"EntryPoint","urlTemplate":"https:\/\/proventuss.eu\/?s={search_term_string}"},"query-input":"required name=search_term_string"}],"inLanguage":"cs"}]}},"_links":{"self":[{"href":"https:\/\/proventuss.eu\/cs\/wp-json\/wp\/v2\/product\/6568"}],"collection":[{"href":"https:\/\/proventuss.eu\/cs\/wp-json\/wp\/v2\/product"}],"about":[{"href":"https:\/\/proventuss.eu\/cs\/wp-json\/wp\/v2\/types\/product"}],"replies":[{"embeddable":true,"href":"https:\/\/proventuss.eu\/cs\/wp-json\/wp\/v2\/comments?post=6568"}],"wp:featuredmedia":[{"embeddable":true,"href":"https:\/\/proventuss.eu\/cs\/wp-json\/wp\/v2\/media\/4881"}],"wp:attachment":[{"href":"https:\/\/proventuss.eu\/cs\/wp-json\/wp\/v2\/media?parent=6568"}],"wp:term":[{"taxonomy":"product_cat","embeddable":true,"href":"https:\/\/proventuss.eu\/cs\/wp-json\/wp\/v2\/product_cat?post=6568"},{"taxonomy":"product_tag","embeddable":true,"href":"https:\/\/proventuss.eu\/cs\/wp-json\/wp\/v2\/product_tag?post=6568"}],"curies":[{"name":"wp","href":"https:\/\/api.w.org\/{rel}","templated":true}]}}