{"id":6567,"date":"2022-04-26T11:58:15","date_gmt":"2022-04-26T11:58:15","guid":{"rendered":"https:\/\/proventuss.eu\/produkt\/dowsil-r40-universal-cleaner\/"},"modified":"2022-09-13T07:17:42","modified_gmt":"2022-09-13T07:17:42","slug":"dowsil-r40-universal-cleaner","status":"publish","type":"product","link":"https:\/\/proventuss.eu\/cs\/produkt\/dowsil-r40-universal-cleaner\/","title":{"rendered":"DOWSIL R40 UNIVERSAL CLEANER"},"content":{"rendered":"<p><strong>R40 CLEANER<\/strong> byl vyvinut na odstran\u011bn\u00ed r\u016fzn\u00fdch organick\u00fdch a anorganick\u00fdch zne\u010di\u0161t\u011bn\u00ed z mnoha nepor\u00e9zn\u00edch povrch\u016f pou\u017e\u00edvan\u00fdch ve struktur\u00e1ln\u00edm zaskl\u00edv\u00e1n\u00ed, t\u011bsn\u011bn\u00ed fas\u00e1d, v\u00fdrob\u011b oken a dve\u0159\u00ed, lepen\u00ed oken, lepen\u00ed panel\u016f prov\u011btr\u00e1van\u00fdch fas\u00e1d a v\u00fdrob\u011b izola\u010dn\u00edch skel. B\u011b\u017en\u011b pou\u017e\u00edv\u00e1no pro: sklo, hlin\u00edkov\u00e9 profily, ocelov\u00e9 profily a n\u011bkter\u00e9 plasty.<\/p>\n<p><strong>V\u00ddHODY:<\/strong><br \/>\n\u2022 Snadn\u00e9 a bezpe\u010dn\u00e9 pou\u017eit\u00ed<br \/>\n\u2022 Rychl\u00e9 odpa\u0159en\u00ed<br \/>\n\u2022 Kompatibiln\u00ed se v\u0161emi tmely Dowsil<\/p>\n<p>BALEN\u00cd: 1 L plechovka, 5 L kanystr<br \/>\nBarva: \u010dir\u00e1 kapalina<\/p>\n","protected":false},"excerpt":{"rendered":"<p>R40 CLEANER byl vyvinut na odstran\u011bn\u00ed r\u016fzn\u00fdch organick\u00fdch a anorganick\u00fdch zne\u010di\u0161t\u011bn\u00ed z mnoha nepor\u00e9zn\u00edch povrch\u016f pou\u017e\u00edvan\u00fdch ve struktur\u00e1ln\u00edm zaskl\u00edv\u00e1n\u00ed, t\u011bsn\u011bn\u00ed fas\u00e1d, v\u00fdrob\u011b oken a dve\u0159\u00ed, lepen\u00ed oken, lepen\u00ed panel\u016f prov\u011btr\u00e1van\u00fdch fas\u00e1d a v\u00fdrob\u011b izola\u010dn\u00edch skel. B\u011b\u017en\u011b pou\u017e\u00edv\u00e1no pro: sklo, hlin\u00edkov\u00e9 profily, ocelov\u00e9 profily a n\u011bkter\u00e9 plasty. V\u00ddHODY: \u2022 Snadn\u00e9 a bezpe\u010dn\u00e9 pou\u017eit\u00ed \u2022 Rychl\u00e9 odpa\u0159en\u00ed [&hellip;]<\/p>\n","protected":false},"featured_media":4878,"comment_status":"open","ping_status":"closed","template":"","meta":{"_acf_changed":false},"product_cat":[324,328],"product_tag":[],"acf":[],"yoast_head":"<!-- This site is optimized with the Yoast SEO plugin v22.9 - https:\/\/yoast.com\/wordpress\/plugins\/seo\/ -->\n<title>DOWSIL R40 UNIVERSAL CLEANER - Proventuss<\/title>\n<meta name=\"robots\" content=\"index, follow, max-snippet:-1, max-image-preview:large, max-video-preview:-1\" \/>\n<link rel=\"canonical\" href=\"https:\/\/proventuss.eu\/cs\/produkt\/dowsil-r40-universal-cleaner\/\" \/>\n<meta property=\"og:locale\" content=\"cs_CZ\" \/>\n<meta property=\"og:type\" content=\"article\" \/>\n<meta property=\"og:title\" content=\"DOWSIL R40 UNIVERSAL CLEANER - Proventuss\" \/>\n<meta property=\"og:description\" content=\"R40 CLEANER byl vyvinut na odstran\u011bn\u00ed r\u016fzn\u00fdch organick\u00fdch a anorganick\u00fdch zne\u010di\u0161t\u011bn\u00ed z mnoha nepor\u00e9zn\u00edch povrch\u016f pou\u017e\u00edvan\u00fdch ve struktur\u00e1ln\u00edm zaskl\u00edv\u00e1n\u00ed, t\u011bsn\u011bn\u00ed fas\u00e1d, v\u00fdrob\u011b oken a dve\u0159\u00ed, lepen\u00ed oken, lepen\u00ed panel\u016f prov\u011btr\u00e1van\u00fdch fas\u00e1d a v\u00fdrob\u011b izola\u010dn\u00edch skel. B\u011b\u017en\u011b pou\u017e\u00edv\u00e1no pro: sklo, hlin\u00edkov\u00e9 profily, ocelov\u00e9 profily a n\u011bkter\u00e9 plasty. V\u00ddHODY: \u2022 Snadn\u00e9 a bezpe\u010dn\u00e9 pou\u017eit\u00ed \u2022 Rychl\u00e9 odpa\u0159en\u00ed [&hellip;]\" \/>\n<meta property=\"og:url\" content=\"https:\/\/proventuss.eu\/cs\/produkt\/dowsil-r40-universal-cleaner\/\" \/>\n<meta property=\"og:site_name\" content=\"Proventuss\" \/>\n<meta property=\"article:modified_time\" content=\"2022-09-13T07:17:42+00:00\" \/>\n<meta property=\"og:image\" content=\"https:\/\/proventuss.eu\/wp-content\/uploads\/2022\/04\/Dowsil-R40-Universal-Cleaner.jpg\" \/>\n\t<meta property=\"og:image:width\" content=\"640\" \/>\n\t<meta property=\"og:image:height\" content=\"1085\" \/>\n\t<meta property=\"og:image:type\" content=\"image\/jpeg\" \/>\n<meta name=\"twitter:card\" content=\"summary_large_image\" \/>\n<meta name=\"twitter:label1\" content=\"Odhadovan\u00e1 doba \u010dten\u00ed\" \/>\n\t<meta name=\"twitter:data1\" content=\"1 minuta\" \/>\n<script type=\"application\/ld+json\" class=\"yoast-schema-graph\">{\"@context\":\"https:\/\/schema.org\",\"@graph\":[{\"@type\":\"WebPage\",\"@id\":\"https:\/\/proventuss.eu\/cs\/produkt\/dowsil-r40-universal-cleaner\/\",\"url\":\"https:\/\/proventuss.eu\/cs\/produkt\/dowsil-r40-universal-cleaner\/\",\"name\":\"DOWSIL R40 UNIVERSAL CLEANER - Proventuss\",\"isPartOf\":{\"@id\":\"https:\/\/proventuss.eu\/#website\"},\"primaryImageOfPage\":{\"@id\":\"https:\/\/proventuss.eu\/cs\/produkt\/dowsil-r40-universal-cleaner\/#primaryimage\"},\"image\":{\"@id\":\"https:\/\/proventuss.eu\/cs\/produkt\/dowsil-r40-universal-cleaner\/#primaryimage\"},\"thumbnailUrl\":\"https:\/\/proventuss.eu\/wp-content\/uploads\/2022\/04\/Dowsil-R40-Universal-Cleaner.jpg\",\"datePublished\":\"2022-04-26T11:58:15+00:00\",\"dateModified\":\"2022-09-13T07:17:42+00:00\",\"breadcrumb\":{\"@id\":\"https:\/\/proventuss.eu\/cs\/produkt\/dowsil-r40-universal-cleaner\/#breadcrumb\"},\"inLanguage\":\"cs\",\"potentialAction\":[{\"@type\":\"ReadAction\",\"target\":[\"https:\/\/proventuss.eu\/cs\/produkt\/dowsil-r40-universal-cleaner\/\"]}]},{\"@type\":\"ImageObject\",\"inLanguage\":\"cs\",\"@id\":\"https:\/\/proventuss.eu\/cs\/produkt\/dowsil-r40-universal-cleaner\/#primaryimage\",\"url\":\"https:\/\/proventuss.eu\/wp-content\/uploads\/2022\/04\/Dowsil-R40-Universal-Cleaner.jpg\",\"contentUrl\":\"https:\/\/proventuss.eu\/wp-content\/uploads\/2022\/04\/Dowsil-R40-Universal-Cleaner.jpg\",\"width\":640,\"height\":1085},{\"@type\":\"BreadcrumbList\",\"@id\":\"https:\/\/proventuss.eu\/cs\/produkt\/dowsil-r40-universal-cleaner\/#breadcrumb\",\"itemListElement\":[{\"@type\":\"ListItem\",\"position\":1,\"name\":\"Home\",\"item\":\"https:\/\/proventuss.eu\/\"},{\"@type\":\"ListItem\",\"position\":2,\"name\":\"Produkty\",\"item\":\"https:\/\/proventuss.eu\/produkty\/\"},{\"@type\":\"ListItem\",\"position\":3,\"name\":\"DOWSIL R40 UNIVERSAL CLEANER\"}]},{\"@type\":\"WebSite\",\"@id\":\"https:\/\/proventuss.eu\/#website\",\"url\":\"https:\/\/proventuss.eu\/\",\"name\":\"Proventuss\",\"description\":\"\",\"potentialAction\":[{\"@type\":\"SearchAction\",\"target\":{\"@type\":\"EntryPoint\",\"urlTemplate\":\"https:\/\/proventuss.eu\/?s={search_term_string}\"},\"query-input\":\"required name=search_term_string\"}],\"inLanguage\":\"cs\"}]}<\/script>\n<!-- \/ Yoast SEO plugin. -->","yoast_head_json":{"title":"DOWSIL R40 UNIVERSAL CLEANER - Proventuss","robots":{"index":"index","follow":"follow","max-snippet":"max-snippet:-1","max-image-preview":"max-image-preview:large","max-video-preview":"max-video-preview:-1"},"canonical":"https:\/\/proventuss.eu\/cs\/produkt\/dowsil-r40-universal-cleaner\/","og_locale":"cs_CZ","og_type":"article","og_title":"DOWSIL R40 UNIVERSAL CLEANER - Proventuss","og_description":"R40 CLEANER byl vyvinut na odstran\u011bn\u00ed r\u016fzn\u00fdch organick\u00fdch a anorganick\u00fdch zne\u010di\u0161t\u011bn\u00ed z mnoha nepor\u00e9zn\u00edch povrch\u016f pou\u017e\u00edvan\u00fdch ve struktur\u00e1ln\u00edm zaskl\u00edv\u00e1n\u00ed, t\u011bsn\u011bn\u00ed fas\u00e1d, v\u00fdrob\u011b oken a dve\u0159\u00ed, lepen\u00ed oken, lepen\u00ed panel\u016f prov\u011btr\u00e1van\u00fdch fas\u00e1d a v\u00fdrob\u011b izola\u010dn\u00edch skel. B\u011b\u017en\u011b pou\u017e\u00edv\u00e1no pro: sklo, hlin\u00edkov\u00e9 profily, ocelov\u00e9 profily a n\u011bkter\u00e9 plasty. V\u00ddHODY: \u2022 Snadn\u00e9 a bezpe\u010dn\u00e9 pou\u017eit\u00ed \u2022 Rychl\u00e9 odpa\u0159en\u00ed [&hellip;]","og_url":"https:\/\/proventuss.eu\/cs\/produkt\/dowsil-r40-universal-cleaner\/","og_site_name":"Proventuss","article_modified_time":"2022-09-13T07:17:42+00:00","og_image":[{"width":640,"height":1085,"url":"https:\/\/proventuss.eu\/wp-content\/uploads\/2022\/04\/Dowsil-R40-Universal-Cleaner.jpg","type":"image\/jpeg"}],"twitter_card":"summary_large_image","twitter_misc":{"Odhadovan\u00e1 doba \u010dten\u00ed":"1 minuta"},"schema":{"@context":"https:\/\/schema.org","@graph":[{"@type":"WebPage","@id":"https:\/\/proventuss.eu\/cs\/produkt\/dowsil-r40-universal-cleaner\/","url":"https:\/\/proventuss.eu\/cs\/produkt\/dowsil-r40-universal-cleaner\/","name":"DOWSIL R40 UNIVERSAL CLEANER - Proventuss","isPartOf":{"@id":"https:\/\/proventuss.eu\/#website"},"primaryImageOfPage":{"@id":"https:\/\/proventuss.eu\/cs\/produkt\/dowsil-r40-universal-cleaner\/#primaryimage"},"image":{"@id":"https:\/\/proventuss.eu\/cs\/produkt\/dowsil-r40-universal-cleaner\/#primaryimage"},"thumbnailUrl":"https:\/\/proventuss.eu\/wp-content\/uploads\/2022\/04\/Dowsil-R40-Universal-Cleaner.jpg","datePublished":"2022-04-26T11:58:15+00:00","dateModified":"2022-09-13T07:17:42+00:00","breadcrumb":{"@id":"https:\/\/proventuss.eu\/cs\/produkt\/dowsil-r40-universal-cleaner\/#breadcrumb"},"inLanguage":"cs","potentialAction":[{"@type":"ReadAction","target":["https:\/\/proventuss.eu\/cs\/produkt\/dowsil-r40-universal-cleaner\/"]}]},{"@type":"ImageObject","inLanguage":"cs","@id":"https:\/\/proventuss.eu\/cs\/produkt\/dowsil-r40-universal-cleaner\/#primaryimage","url":"https:\/\/proventuss.eu\/wp-content\/uploads\/2022\/04\/Dowsil-R40-Universal-Cleaner.jpg","contentUrl":"https:\/\/proventuss.eu\/wp-content\/uploads\/2022\/04\/Dowsil-R40-Universal-Cleaner.jpg","width":640,"height":1085},{"@type":"BreadcrumbList","@id":"https:\/\/proventuss.eu\/cs\/produkt\/dowsil-r40-universal-cleaner\/#breadcrumb","itemListElement":[{"@type":"ListItem","position":1,"name":"Home","item":"https:\/\/proventuss.eu\/"},{"@type":"ListItem","position":2,"name":"Produkty","item":"https:\/\/proventuss.eu\/produkty\/"},{"@type":"ListItem","position":3,"name":"DOWSIL R40 UNIVERSAL CLEANER"}]},{"@type":"WebSite","@id":"https:\/\/proventuss.eu\/#website","url":"https:\/\/proventuss.eu\/","name":"Proventuss","description":"","potentialAction":[{"@type":"SearchAction","target":{"@type":"EntryPoint","urlTemplate":"https:\/\/proventuss.eu\/?s={search_term_string}"},"query-input":"required name=search_term_string"}],"inLanguage":"cs"}]}},"_links":{"self":[{"href":"https:\/\/proventuss.eu\/cs\/wp-json\/wp\/v2\/product\/6567"}],"collection":[{"href":"https:\/\/proventuss.eu\/cs\/wp-json\/wp\/v2\/product"}],"about":[{"href":"https:\/\/proventuss.eu\/cs\/wp-json\/wp\/v2\/types\/product"}],"replies":[{"embeddable":true,"href":"https:\/\/proventuss.eu\/cs\/wp-json\/wp\/v2\/comments?post=6567"}],"wp:featuredmedia":[{"embeddable":true,"href":"https:\/\/proventuss.eu\/cs\/wp-json\/wp\/v2\/media\/4878"}],"wp:attachment":[{"href":"https:\/\/proventuss.eu\/cs\/wp-json\/wp\/v2\/media?parent=6567"}],"wp:term":[{"taxonomy":"product_cat","embeddable":true,"href":"https:\/\/proventuss.eu\/cs\/wp-json\/wp\/v2\/product_cat?post=6567"},{"taxonomy":"product_tag","embeddable":true,"href":"https:\/\/proventuss.eu\/cs\/wp-json\/wp\/v2\/product_tag?post=6567"}],"curies":[{"name":"wp","href":"https:\/\/api.w.org\/{rel}","templated":true}]}}