{"id":6566,"date":"2022-04-26T11:56:50","date_gmt":"2022-04-26T11:56:50","guid":{"rendered":"https:\/\/proventuss.eu\/produkt\/dowsil-primer-c\/"},"modified":"2022-04-26T11:56:50","modified_gmt":"2022-04-26T11:56:50","slug":"dowsil-primer-c","status":"publish","type":"product","link":"https:\/\/proventuss.eu\/cs\/produkt\/dowsil-primer-c\/","title":{"rendered":"DOWSIL Primer C"},"content":{"rendered":"<p><strong>Primer C<\/strong> doporu\u010den\u00fd ke zlep\u0161en\u00ed p\u0159ilnavosti silikonov\u00fdch tmel\u016f k polyesterov\u00fdm pr\u00e1\u0161kov\u00fdm lak\u016fm a plast\u016fm. Kompatibiln\u00ed se silikony pro struktur\u00e1ln\u00ed zaskl\u00edv\u00e1n\u00ed a t\u011bsn\u011bn\u00ed.<\/p>\n<p>Zlep\u0161uje p\u0159ilnavost k:<br \/>\n\u2022 polyesterov\u00fdm pr\u00e1\u0161kov\u00fdm lak\u016fm<br \/>\n\u2022 plast\u016fm<\/p>\n<p>Silikony je t\u0159eba aplikovat ve lh\u016ft\u011b po nanesen\u00ed podkladov\u00e9ho n\u00e1t\u011bru:<br \/>\nat 25\u00b0C \u2013 20 minut<br \/>\nat 5\u00b0C \u2013 60 minut<\/p>\n<p>BALEN\u00cd: 358g plechovka<br \/>\nBarva: \u010dir\u00e1 kapalina<\/p>\n","protected":false},"excerpt":{"rendered":"<p>Primer C doporu\u010den\u00fd ke zlep\u0161en\u00ed p\u0159ilnavosti silikonov\u00fdch tmel\u016f k polyesterov\u00fdm pr\u00e1\u0161kov\u00fdm lak\u016fm a plast\u016fm. Kompatibiln\u00ed se silikony pro struktur\u00e1ln\u00ed zaskl\u00edv\u00e1n\u00ed a t\u011bsn\u011bn\u00ed. Zlep\u0161uje p\u0159ilnavost k: \u2022 polyesterov\u00fdm pr\u00e1\u0161kov\u00fdm lak\u016fm \u2022 plast\u016fm Silikony je t\u0159eba aplikovat ve lh\u016ft\u011b po nanesen\u00ed podkladov\u00e9ho n\u00e1t\u011bru: at 25\u00b0C \u2013 20 minut at 5\u00b0C \u2013 60 minut BALEN\u00cd: 358g plechovka Barva: [&hellip;]<\/p>\n","protected":false},"featured_media":4875,"comment_status":"open","ping_status":"closed","template":"","meta":{"_acf_changed":false},"product_cat":[324],"product_tag":[],"acf":[],"yoast_head":"<!-- This site is optimized with the Yoast SEO plugin v22.9 - https:\/\/yoast.com\/wordpress\/plugins\/seo\/ -->\n<title>DOWSIL Primer C - Proventuss<\/title>\n<meta name=\"robots\" content=\"index, follow, max-snippet:-1, max-image-preview:large, max-video-preview:-1\" \/>\n<link rel=\"canonical\" href=\"https:\/\/proventuss.eu\/cs\/produkt\/dowsil-primer-c\/\" \/>\n<meta property=\"og:locale\" content=\"cs_CZ\" \/>\n<meta property=\"og:type\" content=\"article\" \/>\n<meta property=\"og:title\" content=\"DOWSIL Primer C - Proventuss\" \/>\n<meta property=\"og:description\" content=\"Primer C doporu\u010den\u00fd ke zlep\u0161en\u00ed p\u0159ilnavosti silikonov\u00fdch tmel\u016f k polyesterov\u00fdm pr\u00e1\u0161kov\u00fdm lak\u016fm a plast\u016fm. Kompatibiln\u00ed se silikony pro struktur\u00e1ln\u00ed zaskl\u00edv\u00e1n\u00ed a t\u011bsn\u011bn\u00ed. Zlep\u0161uje p\u0159ilnavost k: \u2022 polyesterov\u00fdm pr\u00e1\u0161kov\u00fdm lak\u016fm \u2022 plast\u016fm Silikony je t\u0159eba aplikovat ve lh\u016ft\u011b po nanesen\u00ed podkladov\u00e9ho n\u00e1t\u011bru: at 25\u00b0C \u2013 20 minut at 5\u00b0C \u2013 60 minut BALEN\u00cd: 358g plechovka Barva: [&hellip;]\" \/>\n<meta property=\"og:url\" content=\"https:\/\/proventuss.eu\/cs\/produkt\/dowsil-primer-c\/\" \/>\n<meta property=\"og:site_name\" content=\"Proventuss\" \/>\n<meta property=\"og:image\" content=\"https:\/\/proventuss.eu\/wp-content\/uploads\/2022\/04\/Dowsil-Primer-C.jpg\" \/>\n\t<meta property=\"og:image:width\" content=\"576\" \/>\n\t<meta property=\"og:image:height\" content=\"1136\" \/>\n\t<meta property=\"og:image:type\" content=\"image\/jpeg\" \/>\n<meta name=\"twitter:card\" content=\"summary_large_image\" \/>\n<script type=\"application\/ld+json\" class=\"yoast-schema-graph\">{\"@context\":\"https:\/\/schema.org\",\"@graph\":[{\"@type\":\"WebPage\",\"@id\":\"https:\/\/proventuss.eu\/cs\/produkt\/dowsil-primer-c\/\",\"url\":\"https:\/\/proventuss.eu\/cs\/produkt\/dowsil-primer-c\/\",\"name\":\"DOWSIL Primer C - Proventuss\",\"isPartOf\":{\"@id\":\"https:\/\/proventuss.eu\/#website\"},\"primaryImageOfPage\":{\"@id\":\"https:\/\/proventuss.eu\/cs\/produkt\/dowsil-primer-c\/#primaryimage\"},\"image\":{\"@id\":\"https:\/\/proventuss.eu\/cs\/produkt\/dowsil-primer-c\/#primaryimage\"},\"thumbnailUrl\":\"https:\/\/proventuss.eu\/wp-content\/uploads\/2022\/04\/Dowsil-Primer-C.jpg\",\"datePublished\":\"2022-04-26T11:56:50+00:00\",\"dateModified\":\"2022-04-26T11:56:50+00:00\",\"breadcrumb\":{\"@id\":\"https:\/\/proventuss.eu\/cs\/produkt\/dowsil-primer-c\/#breadcrumb\"},\"inLanguage\":\"cs\",\"potentialAction\":[{\"@type\":\"ReadAction\",\"target\":[\"https:\/\/proventuss.eu\/cs\/produkt\/dowsil-primer-c\/\"]}]},{\"@type\":\"ImageObject\",\"inLanguage\":\"cs\",\"@id\":\"https:\/\/proventuss.eu\/cs\/produkt\/dowsil-primer-c\/#primaryimage\",\"url\":\"https:\/\/proventuss.eu\/wp-content\/uploads\/2022\/04\/Dowsil-Primer-C.jpg\",\"contentUrl\":\"https:\/\/proventuss.eu\/wp-content\/uploads\/2022\/04\/Dowsil-Primer-C.jpg\",\"width\":576,\"height\":1136},{\"@type\":\"BreadcrumbList\",\"@id\":\"https:\/\/proventuss.eu\/cs\/produkt\/dowsil-primer-c\/#breadcrumb\",\"itemListElement\":[{\"@type\":\"ListItem\",\"position\":1,\"name\":\"Home\",\"item\":\"https:\/\/proventuss.eu\/\"},{\"@type\":\"ListItem\",\"position\":2,\"name\":\"Produkty\",\"item\":\"https:\/\/proventuss.eu\/produkty\/\"},{\"@type\":\"ListItem\",\"position\":3,\"name\":\"DOWSIL Primer C\"}]},{\"@type\":\"WebSite\",\"@id\":\"https:\/\/proventuss.eu\/#website\",\"url\":\"https:\/\/proventuss.eu\/\",\"name\":\"Proventuss\",\"description\":\"\",\"potentialAction\":[{\"@type\":\"SearchAction\",\"target\":{\"@type\":\"EntryPoint\",\"urlTemplate\":\"https:\/\/proventuss.eu\/?s={search_term_string}\"},\"query-input\":\"required name=search_term_string\"}],\"inLanguage\":\"cs\"}]}<\/script>\n<!-- \/ Yoast SEO plugin. -->","yoast_head_json":{"title":"DOWSIL Primer C - Proventuss","robots":{"index":"index","follow":"follow","max-snippet":"max-snippet:-1","max-image-preview":"max-image-preview:large","max-video-preview":"max-video-preview:-1"},"canonical":"https:\/\/proventuss.eu\/cs\/produkt\/dowsil-primer-c\/","og_locale":"cs_CZ","og_type":"article","og_title":"DOWSIL Primer C - Proventuss","og_description":"Primer C doporu\u010den\u00fd ke zlep\u0161en\u00ed p\u0159ilnavosti silikonov\u00fdch tmel\u016f k polyesterov\u00fdm pr\u00e1\u0161kov\u00fdm lak\u016fm a plast\u016fm. Kompatibiln\u00ed se silikony pro struktur\u00e1ln\u00ed zaskl\u00edv\u00e1n\u00ed a t\u011bsn\u011bn\u00ed. Zlep\u0161uje p\u0159ilnavost k: \u2022 polyesterov\u00fdm pr\u00e1\u0161kov\u00fdm lak\u016fm \u2022 plast\u016fm Silikony je t\u0159eba aplikovat ve lh\u016ft\u011b po nanesen\u00ed podkladov\u00e9ho n\u00e1t\u011bru: at 25\u00b0C \u2013 20 minut at 5\u00b0C \u2013 60 minut BALEN\u00cd: 358g plechovka Barva: [&hellip;]","og_url":"https:\/\/proventuss.eu\/cs\/produkt\/dowsil-primer-c\/","og_site_name":"Proventuss","og_image":[{"width":576,"height":1136,"url":"https:\/\/proventuss.eu\/wp-content\/uploads\/2022\/04\/Dowsil-Primer-C.jpg","type":"image\/jpeg"}],"twitter_card":"summary_large_image","schema":{"@context":"https:\/\/schema.org","@graph":[{"@type":"WebPage","@id":"https:\/\/proventuss.eu\/cs\/produkt\/dowsil-primer-c\/","url":"https:\/\/proventuss.eu\/cs\/produkt\/dowsil-primer-c\/","name":"DOWSIL Primer C - Proventuss","isPartOf":{"@id":"https:\/\/proventuss.eu\/#website"},"primaryImageOfPage":{"@id":"https:\/\/proventuss.eu\/cs\/produkt\/dowsil-primer-c\/#primaryimage"},"image":{"@id":"https:\/\/proventuss.eu\/cs\/produkt\/dowsil-primer-c\/#primaryimage"},"thumbnailUrl":"https:\/\/proventuss.eu\/wp-content\/uploads\/2022\/04\/Dowsil-Primer-C.jpg","datePublished":"2022-04-26T11:56:50+00:00","dateModified":"2022-04-26T11:56:50+00:00","breadcrumb":{"@id":"https:\/\/proventuss.eu\/cs\/produkt\/dowsil-primer-c\/#breadcrumb"},"inLanguage":"cs","potentialAction":[{"@type":"ReadAction","target":["https:\/\/proventuss.eu\/cs\/produkt\/dowsil-primer-c\/"]}]},{"@type":"ImageObject","inLanguage":"cs","@id":"https:\/\/proventuss.eu\/cs\/produkt\/dowsil-primer-c\/#primaryimage","url":"https:\/\/proventuss.eu\/wp-content\/uploads\/2022\/04\/Dowsil-Primer-C.jpg","contentUrl":"https:\/\/proventuss.eu\/wp-content\/uploads\/2022\/04\/Dowsil-Primer-C.jpg","width":576,"height":1136},{"@type":"BreadcrumbList","@id":"https:\/\/proventuss.eu\/cs\/produkt\/dowsil-primer-c\/#breadcrumb","itemListElement":[{"@type":"ListItem","position":1,"name":"Home","item":"https:\/\/proventuss.eu\/"},{"@type":"ListItem","position":2,"name":"Produkty","item":"https:\/\/proventuss.eu\/produkty\/"},{"@type":"ListItem","position":3,"name":"DOWSIL Primer C"}]},{"@type":"WebSite","@id":"https:\/\/proventuss.eu\/#website","url":"https:\/\/proventuss.eu\/","name":"Proventuss","description":"","potentialAction":[{"@type":"SearchAction","target":{"@type":"EntryPoint","urlTemplate":"https:\/\/proventuss.eu\/?s={search_term_string}"},"query-input":"required name=search_term_string"}],"inLanguage":"cs"}]}},"_links":{"self":[{"href":"https:\/\/proventuss.eu\/cs\/wp-json\/wp\/v2\/product\/6566"}],"collection":[{"href":"https:\/\/proventuss.eu\/cs\/wp-json\/wp\/v2\/product"}],"about":[{"href":"https:\/\/proventuss.eu\/cs\/wp-json\/wp\/v2\/types\/product"}],"replies":[{"embeddable":true,"href":"https:\/\/proventuss.eu\/cs\/wp-json\/wp\/v2\/comments?post=6566"}],"wp:featuredmedia":[{"embeddable":true,"href":"https:\/\/proventuss.eu\/cs\/wp-json\/wp\/v2\/media\/4875"}],"wp:attachment":[{"href":"https:\/\/proventuss.eu\/cs\/wp-json\/wp\/v2\/media?parent=6566"}],"wp:term":[{"taxonomy":"product_cat","embeddable":true,"href":"https:\/\/proventuss.eu\/cs\/wp-json\/wp\/v2\/product_cat?post=6566"},{"taxonomy":"product_tag","embeddable":true,"href":"https:\/\/proventuss.eu\/cs\/wp-json\/wp\/v2\/product_tag?post=6566"}],"curies":[{"name":"wp","href":"https:\/\/api.w.org\/{rel}","templated":true}]}}