{"id":6565,"date":"2022-04-26T11:53:35","date_gmt":"2022-04-26T11:53:35","guid":{"rendered":"https:\/\/proventuss.eu\/produkt\/dowsil-primer-1203-3w1\/"},"modified":"2022-09-13T07:18:52","modified_gmt":"2022-09-13T07:18:52","slug":"dowsil-primer-1203-3w1","status":"publish","type":"product","link":"https:\/\/proventuss.eu\/cs\/produkt\/dowsil-primer-1203-3w1\/","title":{"rendered":"DOWSIL Primer 1203 3w1"},"content":{"rendered":"<p><strong>CLEANER AND PRIMER (UV TRACEABLE)<\/strong> recommended to clean substrates and to improve the adhesion of silicone sealants on variety of non-porous substrates.<\/p>\n<p>Compatible with structural glazing and weatherproofing silicones. Can be used to clean and prime substrates in one step, to eliminate the risk of errors.<\/p>\n<p>Zlep\u0161uje p\u0159ilnavost k:<br \/>\n\u2022 anodizovan\u00e9mu hlin\u00edku<br \/>\n\u2022 pr\u00e1\u0161kov\u011b lakovan\u00e9mu hlin\u00edku<br \/>\n\u2022 keramick\u00fdm materi\u00e1l\u016fm<br \/>\n\u2022 plast\u016fm<br \/>\n\u2022 smaltovan\u00e9mu sklu<\/p>\n<p>Silikony je t\u0159eba aplikovat ve lh\u016ft\u011b po nanesen\u00ed podkladov\u00e9ho n\u00e1t\u011bru:<br \/>\np\u0159i 25\u00b0C \u2013 15 minut. \u010cas mezi nanaesen\u00edm podkladov\u00e9ho n\u00e1t\u011bru a tmelu nesm\u00ed p\u0159es\u00e1hnout 6 hodin.<\/p>\n<p>BALEN\u00cd: 500 ml plechovka<br \/>\nBarva: \u010dir\u00e1 kapalina<\/p>\n","protected":false},"excerpt":{"rendered":"<p>CLEANER AND PRIMER (UV TRACEABLE) recommended to clean substrates and to improve the adhesion of silicone sealants on variety of non-porous substrates. Compatible with structural glazing and weatherproofing silicones. Can be used to clean and prime substrates in one step, to eliminate the risk of errors. Zlep\u0161uje p\u0159ilnavost k: \u2022 anodizovan\u00e9mu hlin\u00edku \u2022 pr\u00e1\u0161kov\u011b lakovan\u00e9mu [&hellip;]<\/p>\n","protected":false},"featured_media":4782,"comment_status":"open","ping_status":"closed","template":"","meta":{"_acf_changed":false},"product_cat":[324,328],"product_tag":[],"acf":[],"yoast_head":"<!-- This site is optimized with the Yoast SEO plugin v22.9 - https:\/\/yoast.com\/wordpress\/plugins\/seo\/ -->\n<title>DOWSIL Primer 1203 3w1 - Proventuss<\/title>\n<meta name=\"robots\" content=\"index, follow, max-snippet:-1, max-image-preview:large, max-video-preview:-1\" \/>\n<link rel=\"canonical\" href=\"https:\/\/proventuss.eu\/cs\/produkt\/dowsil-primer-1203-3w1\/\" \/>\n<meta property=\"og:locale\" content=\"cs_CZ\" \/>\n<meta property=\"og:type\" content=\"article\" \/>\n<meta property=\"og:title\" content=\"DOWSIL Primer 1203 3w1 - Proventuss\" \/>\n<meta property=\"og:description\" content=\"CLEANER AND PRIMER (UV TRACEABLE) recommended to clean substrates and to improve the adhesion of silicone sealants on variety of non-porous substrates. Compatible with structural glazing and weatherproofing silicones. Can be used to clean and prime substrates in one step, to eliminate the risk of errors. Zlep\u0161uje p\u0159ilnavost k: \u2022 anodizovan\u00e9mu hlin\u00edku \u2022 pr\u00e1\u0161kov\u011b lakovan\u00e9mu [&hellip;]\" \/>\n<meta property=\"og:url\" content=\"https:\/\/proventuss.eu\/cs\/produkt\/dowsil-primer-1203-3w1\/\" \/>\n<meta property=\"og:site_name\" content=\"Proventuss\" \/>\n<meta property=\"article:modified_time\" content=\"2022-09-13T07:18:52+00:00\" \/>\n<meta property=\"og:image\" content=\"https:\/\/proventuss.eu\/wp-content\/uploads\/2022\/04\/Dowsil-1203-3in1-Primer_1.png\" \/>\n\t<meta property=\"og:image:width\" content=\"640\" \/>\n\t<meta property=\"og:image:height\" content=\"640\" \/>\n\t<meta property=\"og:image:type\" content=\"image\/png\" \/>\n<meta name=\"twitter:card\" content=\"summary_large_image\" \/>\n<meta name=\"twitter:label1\" content=\"Odhadovan\u00e1 doba \u010dten\u00ed\" \/>\n\t<meta name=\"twitter:data1\" content=\"1 minuta\" \/>\n<script type=\"application\/ld+json\" class=\"yoast-schema-graph\">{\"@context\":\"https:\/\/schema.org\",\"@graph\":[{\"@type\":\"WebPage\",\"@id\":\"https:\/\/proventuss.eu\/cs\/produkt\/dowsil-primer-1203-3w1\/\",\"url\":\"https:\/\/proventuss.eu\/cs\/produkt\/dowsil-primer-1203-3w1\/\",\"name\":\"DOWSIL Primer 1203 3w1 - Proventuss\",\"isPartOf\":{\"@id\":\"https:\/\/proventuss.eu\/#website\"},\"primaryImageOfPage\":{\"@id\":\"https:\/\/proventuss.eu\/cs\/produkt\/dowsil-primer-1203-3w1\/#primaryimage\"},\"image\":{\"@id\":\"https:\/\/proventuss.eu\/cs\/produkt\/dowsil-primer-1203-3w1\/#primaryimage\"},\"thumbnailUrl\":\"https:\/\/proventuss.eu\/wp-content\/uploads\/2022\/04\/Dowsil-1203-3in1-Primer_1.png\",\"datePublished\":\"2022-04-26T11:53:35+00:00\",\"dateModified\":\"2022-09-13T07:18:52+00:00\",\"breadcrumb\":{\"@id\":\"https:\/\/proventuss.eu\/cs\/produkt\/dowsil-primer-1203-3w1\/#breadcrumb\"},\"inLanguage\":\"cs\",\"potentialAction\":[{\"@type\":\"ReadAction\",\"target\":[\"https:\/\/proventuss.eu\/cs\/produkt\/dowsil-primer-1203-3w1\/\"]}]},{\"@type\":\"ImageObject\",\"inLanguage\":\"cs\",\"@id\":\"https:\/\/proventuss.eu\/cs\/produkt\/dowsil-primer-1203-3w1\/#primaryimage\",\"url\":\"https:\/\/proventuss.eu\/wp-content\/uploads\/2022\/04\/Dowsil-1203-3in1-Primer_1.png\",\"contentUrl\":\"https:\/\/proventuss.eu\/wp-content\/uploads\/2022\/04\/Dowsil-1203-3in1-Primer_1.png\",\"width\":640,\"height\":640},{\"@type\":\"BreadcrumbList\",\"@id\":\"https:\/\/proventuss.eu\/cs\/produkt\/dowsil-primer-1203-3w1\/#breadcrumb\",\"itemListElement\":[{\"@type\":\"ListItem\",\"position\":1,\"name\":\"Home\",\"item\":\"https:\/\/proventuss.eu\/\"},{\"@type\":\"ListItem\",\"position\":2,\"name\":\"Produkty\",\"item\":\"https:\/\/proventuss.eu\/produkty\/\"},{\"@type\":\"ListItem\",\"position\":3,\"name\":\"DOWSIL Primer 1203 3w1\"}]},{\"@type\":\"WebSite\",\"@id\":\"https:\/\/proventuss.eu\/#website\",\"url\":\"https:\/\/proventuss.eu\/\",\"name\":\"Proventuss\",\"description\":\"\",\"potentialAction\":[{\"@type\":\"SearchAction\",\"target\":{\"@type\":\"EntryPoint\",\"urlTemplate\":\"https:\/\/proventuss.eu\/?s={search_term_string}\"},\"query-input\":\"required name=search_term_string\"}],\"inLanguage\":\"cs\"}]}<\/script>\n<!-- \/ Yoast SEO plugin. -->","yoast_head_json":{"title":"DOWSIL Primer 1203 3w1 - Proventuss","robots":{"index":"index","follow":"follow","max-snippet":"max-snippet:-1","max-image-preview":"max-image-preview:large","max-video-preview":"max-video-preview:-1"},"canonical":"https:\/\/proventuss.eu\/cs\/produkt\/dowsil-primer-1203-3w1\/","og_locale":"cs_CZ","og_type":"article","og_title":"DOWSIL Primer 1203 3w1 - Proventuss","og_description":"CLEANER AND PRIMER (UV TRACEABLE) recommended to clean substrates and to improve the adhesion of silicone sealants on variety of non-porous substrates. Compatible with structural glazing and weatherproofing silicones. Can be used to clean and prime substrates in one step, to eliminate the risk of errors. Zlep\u0161uje p\u0159ilnavost k: \u2022 anodizovan\u00e9mu hlin\u00edku \u2022 pr\u00e1\u0161kov\u011b lakovan\u00e9mu [&hellip;]","og_url":"https:\/\/proventuss.eu\/cs\/produkt\/dowsil-primer-1203-3w1\/","og_site_name":"Proventuss","article_modified_time":"2022-09-13T07:18:52+00:00","og_image":[{"width":640,"height":640,"url":"https:\/\/proventuss.eu\/wp-content\/uploads\/2022\/04\/Dowsil-1203-3in1-Primer_1.png","type":"image\/png"}],"twitter_card":"summary_large_image","twitter_misc":{"Odhadovan\u00e1 doba \u010dten\u00ed":"1 minuta"},"schema":{"@context":"https:\/\/schema.org","@graph":[{"@type":"WebPage","@id":"https:\/\/proventuss.eu\/cs\/produkt\/dowsil-primer-1203-3w1\/","url":"https:\/\/proventuss.eu\/cs\/produkt\/dowsil-primer-1203-3w1\/","name":"DOWSIL Primer 1203 3w1 - Proventuss","isPartOf":{"@id":"https:\/\/proventuss.eu\/#website"},"primaryImageOfPage":{"@id":"https:\/\/proventuss.eu\/cs\/produkt\/dowsil-primer-1203-3w1\/#primaryimage"},"image":{"@id":"https:\/\/proventuss.eu\/cs\/produkt\/dowsil-primer-1203-3w1\/#primaryimage"},"thumbnailUrl":"https:\/\/proventuss.eu\/wp-content\/uploads\/2022\/04\/Dowsil-1203-3in1-Primer_1.png","datePublished":"2022-04-26T11:53:35+00:00","dateModified":"2022-09-13T07:18:52+00:00","breadcrumb":{"@id":"https:\/\/proventuss.eu\/cs\/produkt\/dowsil-primer-1203-3w1\/#breadcrumb"},"inLanguage":"cs","potentialAction":[{"@type":"ReadAction","target":["https:\/\/proventuss.eu\/cs\/produkt\/dowsil-primer-1203-3w1\/"]}]},{"@type":"ImageObject","inLanguage":"cs","@id":"https:\/\/proventuss.eu\/cs\/produkt\/dowsil-primer-1203-3w1\/#primaryimage","url":"https:\/\/proventuss.eu\/wp-content\/uploads\/2022\/04\/Dowsil-1203-3in1-Primer_1.png","contentUrl":"https:\/\/proventuss.eu\/wp-content\/uploads\/2022\/04\/Dowsil-1203-3in1-Primer_1.png","width":640,"height":640},{"@type":"BreadcrumbList","@id":"https:\/\/proventuss.eu\/cs\/produkt\/dowsil-primer-1203-3w1\/#breadcrumb","itemListElement":[{"@type":"ListItem","position":1,"name":"Home","item":"https:\/\/proventuss.eu\/"},{"@type":"ListItem","position":2,"name":"Produkty","item":"https:\/\/proventuss.eu\/produkty\/"},{"@type":"ListItem","position":3,"name":"DOWSIL Primer 1203 3w1"}]},{"@type":"WebSite","@id":"https:\/\/proventuss.eu\/#website","url":"https:\/\/proventuss.eu\/","name":"Proventuss","description":"","potentialAction":[{"@type":"SearchAction","target":{"@type":"EntryPoint","urlTemplate":"https:\/\/proventuss.eu\/?s={search_term_string}"},"query-input":"required name=search_term_string"}],"inLanguage":"cs"}]}},"_links":{"self":[{"href":"https:\/\/proventuss.eu\/cs\/wp-json\/wp\/v2\/product\/6565"}],"collection":[{"href":"https:\/\/proventuss.eu\/cs\/wp-json\/wp\/v2\/product"}],"about":[{"href":"https:\/\/proventuss.eu\/cs\/wp-json\/wp\/v2\/types\/product"}],"replies":[{"embeddable":true,"href":"https:\/\/proventuss.eu\/cs\/wp-json\/wp\/v2\/comments?post=6565"}],"wp:featuredmedia":[{"embeddable":true,"href":"https:\/\/proventuss.eu\/cs\/wp-json\/wp\/v2\/media\/4782"}],"wp:attachment":[{"href":"https:\/\/proventuss.eu\/cs\/wp-json\/wp\/v2\/media?parent=6565"}],"wp:term":[{"taxonomy":"product_cat","embeddable":true,"href":"https:\/\/proventuss.eu\/cs\/wp-json\/wp\/v2\/product_cat?post=6565"},{"taxonomy":"product_tag","embeddable":true,"href":"https:\/\/proventuss.eu\/cs\/wp-json\/wp\/v2\/product_tag?post=6565"}],"curies":[{"name":"wp","href":"https:\/\/api.w.org\/{rel}","templated":true}]}}