{"id":6564,"date":"2022-04-26T11:52:02","date_gmt":"2022-04-26T11:52:02","guid":{"rendered":"https:\/\/proventuss.eu\/produkt\/dowsil-primer-1200-os-uv\/"},"modified":"2022-09-13T07:19:26","modified_gmt":"2022-09-13T07:19:26","slug":"dowsil-primer-1200-os-uv","status":"publish","type":"product","link":"https:\/\/proventuss.eu\/cs\/produkt\/dowsil-primer-1200-os-uv\/","title":{"rendered":"DOWSIL Primer 1200 OS UV"},"content":{"rendered":"<p><strong>PRIMER 1200 UV TRACEABLE PRIMER<\/strong> je doporu\u010den\u00fd pro zlep\u0161en\u00ed a urychlen\u00ed p\u0159ilnavosti silikonov\u00fdch tmel\u016f na r\u016fzn\u00e9 nepor\u00e9zn\u00ed podklady. Kompatibiln\u00ed se silikony pro struktur\u00e1ln\u00ed sklen\u00ed a t\u011bsn\u011bn\u00ed proti pov\u011btrnosti.<\/p>\n<p>Podkladov\u00fd n\u00e1t\u011br zlep\u0161uje p\u0159ilnavost silikonov\u00fdch tmel\u016f k povrch\u016fm jako:<br \/>\n\u2022 anodizovan\u00fd hlin\u00edk<br \/>\n\u2022 pr\u00e1\u0161kov\u011b lakovan\u00fd hlin\u00edk<br \/>\n\u2022 nerezov\u00e1 ocel<br \/>\n\u2022 keramika<br \/>\n\u2022 plasty<br \/>\n\u2022 smaltovan\u00e9 sklo<\/p>\n<p>Silicone should be applied within the time frames after primer application: at 25\u00b0C \u2013 15 minutes. Time between primer and sealant application may not exceed 6 h.<\/p>\n<p>BALEN\u00cd: 500 ml plechovka<br \/>\nBarva: \u010dir\u00e1 kapalina<\/p>\n","protected":false},"excerpt":{"rendered":"<p>PRIMER 1200 UV TRACEABLE PRIMER je doporu\u010den\u00fd pro zlep\u0161en\u00ed a urychlen\u00ed p\u0159ilnavosti silikonov\u00fdch tmel\u016f na r\u016fzn\u00e9 nepor\u00e9zn\u00ed podklady. Kompatibiln\u00ed se silikony pro struktur\u00e1ln\u00ed sklen\u00ed a t\u011bsn\u011bn\u00ed proti pov\u011btrnosti. Podkladov\u00fd n\u00e1t\u011br zlep\u0161uje p\u0159ilnavost silikonov\u00fdch tmel\u016f k povrch\u016fm jako: \u2022 anodizovan\u00fd hlin\u00edk \u2022 pr\u00e1\u0161kov\u011b lakovan\u00fd hlin\u00edk \u2022 nerezov\u00e1 ocel \u2022 keramika \u2022 plasty \u2022 smaltovan\u00e9 sklo Silicone [&hellip;]<\/p>\n","protected":false},"featured_media":4869,"comment_status":"open","ping_status":"closed","template":"","meta":{"_acf_changed":false},"product_cat":[324,328],"product_tag":[],"acf":[],"yoast_head":"<!-- This site is optimized with the Yoast SEO plugin v22.9 - https:\/\/yoast.com\/wordpress\/plugins\/seo\/ -->\n<title>DOWSIL Primer 1200 OS UV - Proventuss<\/title>\n<meta name=\"robots\" content=\"index, follow, max-snippet:-1, max-image-preview:large, max-video-preview:-1\" \/>\n<link rel=\"canonical\" href=\"https:\/\/proventuss.eu\/cs\/produkt\/dowsil-primer-1200-os-uv\/\" \/>\n<meta property=\"og:locale\" content=\"cs_CZ\" \/>\n<meta property=\"og:type\" content=\"article\" \/>\n<meta property=\"og:title\" content=\"DOWSIL Primer 1200 OS UV - Proventuss\" \/>\n<meta property=\"og:description\" content=\"PRIMER 1200 UV TRACEABLE PRIMER je doporu\u010den\u00fd pro zlep\u0161en\u00ed a urychlen\u00ed p\u0159ilnavosti silikonov\u00fdch tmel\u016f na r\u016fzn\u00e9 nepor\u00e9zn\u00ed podklady. Kompatibiln\u00ed se silikony pro struktur\u00e1ln\u00ed sklen\u00ed a t\u011bsn\u011bn\u00ed proti pov\u011btrnosti. Podkladov\u00fd n\u00e1t\u011br zlep\u0161uje p\u0159ilnavost silikonov\u00fdch tmel\u016f k povrch\u016fm jako: \u2022 anodizovan\u00fd hlin\u00edk \u2022 pr\u00e1\u0161kov\u011b lakovan\u00fd hlin\u00edk \u2022 nerezov\u00e1 ocel \u2022 keramika \u2022 plasty \u2022 smaltovan\u00e9 sklo Silicone [&hellip;]\" \/>\n<meta property=\"og:url\" content=\"https:\/\/proventuss.eu\/cs\/produkt\/dowsil-primer-1200-os-uv\/\" \/>\n<meta property=\"og:site_name\" content=\"Proventuss\" \/>\n<meta property=\"article:modified_time\" content=\"2022-09-13T07:19:26+00:00\" \/>\n<meta property=\"og:image\" content=\"https:\/\/proventuss.eu\/wp-content\/uploads\/2022\/04\/Dowsil-1200-OS-Primer.jpg\" \/>\n\t<meta property=\"og:image:width\" content=\"640\" \/>\n\t<meta property=\"og:image:height\" content=\"606\" \/>\n\t<meta property=\"og:image:type\" content=\"image\/jpeg\" \/>\n<meta name=\"twitter:card\" content=\"summary_large_image\" \/>\n<meta name=\"twitter:label1\" content=\"Odhadovan\u00e1 doba \u010dten\u00ed\" \/>\n\t<meta name=\"twitter:data1\" content=\"1 minuta\" \/>\n<script type=\"application\/ld+json\" class=\"yoast-schema-graph\">{\"@context\":\"https:\/\/schema.org\",\"@graph\":[{\"@type\":\"WebPage\",\"@id\":\"https:\/\/proventuss.eu\/cs\/produkt\/dowsil-primer-1200-os-uv\/\",\"url\":\"https:\/\/proventuss.eu\/cs\/produkt\/dowsil-primer-1200-os-uv\/\",\"name\":\"DOWSIL Primer 1200 OS UV - Proventuss\",\"isPartOf\":{\"@id\":\"https:\/\/proventuss.eu\/#website\"},\"primaryImageOfPage\":{\"@id\":\"https:\/\/proventuss.eu\/cs\/produkt\/dowsil-primer-1200-os-uv\/#primaryimage\"},\"image\":{\"@id\":\"https:\/\/proventuss.eu\/cs\/produkt\/dowsil-primer-1200-os-uv\/#primaryimage\"},\"thumbnailUrl\":\"https:\/\/proventuss.eu\/wp-content\/uploads\/2022\/04\/Dowsil-1200-OS-Primer.jpg\",\"datePublished\":\"2022-04-26T11:52:02+00:00\",\"dateModified\":\"2022-09-13T07:19:26+00:00\",\"breadcrumb\":{\"@id\":\"https:\/\/proventuss.eu\/cs\/produkt\/dowsil-primer-1200-os-uv\/#breadcrumb\"},\"inLanguage\":\"cs\",\"potentialAction\":[{\"@type\":\"ReadAction\",\"target\":[\"https:\/\/proventuss.eu\/cs\/produkt\/dowsil-primer-1200-os-uv\/\"]}]},{\"@type\":\"ImageObject\",\"inLanguage\":\"cs\",\"@id\":\"https:\/\/proventuss.eu\/cs\/produkt\/dowsil-primer-1200-os-uv\/#primaryimage\",\"url\":\"https:\/\/proventuss.eu\/wp-content\/uploads\/2022\/04\/Dowsil-1200-OS-Primer.jpg\",\"contentUrl\":\"https:\/\/proventuss.eu\/wp-content\/uploads\/2022\/04\/Dowsil-1200-OS-Primer.jpg\",\"width\":640,\"height\":606},{\"@type\":\"BreadcrumbList\",\"@id\":\"https:\/\/proventuss.eu\/cs\/produkt\/dowsil-primer-1200-os-uv\/#breadcrumb\",\"itemListElement\":[{\"@type\":\"ListItem\",\"position\":1,\"name\":\"Home\",\"item\":\"https:\/\/proventuss.eu\/\"},{\"@type\":\"ListItem\",\"position\":2,\"name\":\"Produkty\",\"item\":\"https:\/\/proventuss.eu\/produkty\/\"},{\"@type\":\"ListItem\",\"position\":3,\"name\":\"DOWSIL Primer 1200 OS UV\"}]},{\"@type\":\"WebSite\",\"@id\":\"https:\/\/proventuss.eu\/#website\",\"url\":\"https:\/\/proventuss.eu\/\",\"name\":\"Proventuss\",\"description\":\"\",\"potentialAction\":[{\"@type\":\"SearchAction\",\"target\":{\"@type\":\"EntryPoint\",\"urlTemplate\":\"https:\/\/proventuss.eu\/?s={search_term_string}\"},\"query-input\":\"required name=search_term_string\"}],\"inLanguage\":\"cs\"}]}<\/script>\n<!-- \/ Yoast SEO plugin. -->","yoast_head_json":{"title":"DOWSIL Primer 1200 OS UV - Proventuss","robots":{"index":"index","follow":"follow","max-snippet":"max-snippet:-1","max-image-preview":"max-image-preview:large","max-video-preview":"max-video-preview:-1"},"canonical":"https:\/\/proventuss.eu\/cs\/produkt\/dowsil-primer-1200-os-uv\/","og_locale":"cs_CZ","og_type":"article","og_title":"DOWSIL Primer 1200 OS UV - Proventuss","og_description":"PRIMER 1200 UV TRACEABLE PRIMER je doporu\u010den\u00fd pro zlep\u0161en\u00ed a urychlen\u00ed p\u0159ilnavosti silikonov\u00fdch tmel\u016f na r\u016fzn\u00e9 nepor\u00e9zn\u00ed podklady. Kompatibiln\u00ed se silikony pro struktur\u00e1ln\u00ed sklen\u00ed a t\u011bsn\u011bn\u00ed proti pov\u011btrnosti. Podkladov\u00fd n\u00e1t\u011br zlep\u0161uje p\u0159ilnavost silikonov\u00fdch tmel\u016f k povrch\u016fm jako: \u2022 anodizovan\u00fd hlin\u00edk \u2022 pr\u00e1\u0161kov\u011b lakovan\u00fd hlin\u00edk \u2022 nerezov\u00e1 ocel \u2022 keramika \u2022 plasty \u2022 smaltovan\u00e9 sklo Silicone [&hellip;]","og_url":"https:\/\/proventuss.eu\/cs\/produkt\/dowsil-primer-1200-os-uv\/","og_site_name":"Proventuss","article_modified_time":"2022-09-13T07:19:26+00:00","og_image":[{"width":640,"height":606,"url":"https:\/\/proventuss.eu\/wp-content\/uploads\/2022\/04\/Dowsil-1200-OS-Primer.jpg","type":"image\/jpeg"}],"twitter_card":"summary_large_image","twitter_misc":{"Odhadovan\u00e1 doba \u010dten\u00ed":"1 minuta"},"schema":{"@context":"https:\/\/schema.org","@graph":[{"@type":"WebPage","@id":"https:\/\/proventuss.eu\/cs\/produkt\/dowsil-primer-1200-os-uv\/","url":"https:\/\/proventuss.eu\/cs\/produkt\/dowsil-primer-1200-os-uv\/","name":"DOWSIL Primer 1200 OS UV - Proventuss","isPartOf":{"@id":"https:\/\/proventuss.eu\/#website"},"primaryImageOfPage":{"@id":"https:\/\/proventuss.eu\/cs\/produkt\/dowsil-primer-1200-os-uv\/#primaryimage"},"image":{"@id":"https:\/\/proventuss.eu\/cs\/produkt\/dowsil-primer-1200-os-uv\/#primaryimage"},"thumbnailUrl":"https:\/\/proventuss.eu\/wp-content\/uploads\/2022\/04\/Dowsil-1200-OS-Primer.jpg","datePublished":"2022-04-26T11:52:02+00:00","dateModified":"2022-09-13T07:19:26+00:00","breadcrumb":{"@id":"https:\/\/proventuss.eu\/cs\/produkt\/dowsil-primer-1200-os-uv\/#breadcrumb"},"inLanguage":"cs","potentialAction":[{"@type":"ReadAction","target":["https:\/\/proventuss.eu\/cs\/produkt\/dowsil-primer-1200-os-uv\/"]}]},{"@type":"ImageObject","inLanguage":"cs","@id":"https:\/\/proventuss.eu\/cs\/produkt\/dowsil-primer-1200-os-uv\/#primaryimage","url":"https:\/\/proventuss.eu\/wp-content\/uploads\/2022\/04\/Dowsil-1200-OS-Primer.jpg","contentUrl":"https:\/\/proventuss.eu\/wp-content\/uploads\/2022\/04\/Dowsil-1200-OS-Primer.jpg","width":640,"height":606},{"@type":"BreadcrumbList","@id":"https:\/\/proventuss.eu\/cs\/produkt\/dowsil-primer-1200-os-uv\/#breadcrumb","itemListElement":[{"@type":"ListItem","position":1,"name":"Home","item":"https:\/\/proventuss.eu\/"},{"@type":"ListItem","position":2,"name":"Produkty","item":"https:\/\/proventuss.eu\/produkty\/"},{"@type":"ListItem","position":3,"name":"DOWSIL Primer 1200 OS UV"}]},{"@type":"WebSite","@id":"https:\/\/proventuss.eu\/#website","url":"https:\/\/proventuss.eu\/","name":"Proventuss","description":"","potentialAction":[{"@type":"SearchAction","target":{"@type":"EntryPoint","urlTemplate":"https:\/\/proventuss.eu\/?s={search_term_string}"},"query-input":"required name=search_term_string"}],"inLanguage":"cs"}]}},"_links":{"self":[{"href":"https:\/\/proventuss.eu\/cs\/wp-json\/wp\/v2\/product\/6564"}],"collection":[{"href":"https:\/\/proventuss.eu\/cs\/wp-json\/wp\/v2\/product"}],"about":[{"href":"https:\/\/proventuss.eu\/cs\/wp-json\/wp\/v2\/types\/product"}],"replies":[{"embeddable":true,"href":"https:\/\/proventuss.eu\/cs\/wp-json\/wp\/v2\/comments?post=6564"}],"wp:featuredmedia":[{"embeddable":true,"href":"https:\/\/proventuss.eu\/cs\/wp-json\/wp\/v2\/media\/4869"}],"wp:attachment":[{"href":"https:\/\/proventuss.eu\/cs\/wp-json\/wp\/v2\/media?parent=6564"}],"wp:term":[{"taxonomy":"product_cat","embeddable":true,"href":"https:\/\/proventuss.eu\/cs\/wp-json\/wp\/v2\/product_cat?post=6564"},{"taxonomy":"product_tag","embeddable":true,"href":"https:\/\/proventuss.eu\/cs\/wp-json\/wp\/v2\/product_tag?post=6564"}],"curies":[{"name":"wp","href":"https:\/\/api.w.org\/{rel}","templated":true}]}}