{"id":6563,"date":"2022-04-26T11:49:27","date_gmt":"2022-04-26T11:49:27","guid":{"rendered":"https:\/\/proventuss.eu\/produkt\/vi-pro-liquid-foil\/"},"modified":"2022-11-02T11:44:08","modified_gmt":"2022-11-02T11:44:08","slug":"vi-pro-liquid-foil","status":"publish","type":"product","link":"https:\/\/proventuss.eu\/cs\/produkt\/vi-pro-liquid-foil\/","title":{"rendered":"Vi-Pro\u00ae LIQUID FOIL"},"content":{"rendered":"<p><strong>Vi-Pro\u00ae LIQUID FOIL<\/strong> je \u010dir\u00e1 nebo modr\u00e1 n\u00e1t\u011brov\u00e1 emulze na vodn\u00ed b\u00e1zi, kter\u00e1 m\u016f\u017ee b\u00fdt nanesena na barven\u00e9 nebo nebarven\u00e9 povrchy pro do\u010dasnou ochranu.<\/p>\n<p>Vi-Pro\u00ae LIQUID FOIL lze pou\u017e\u00edt pro dlouhodobou ochranu, na n\u011bkter\u00fdch nepor\u00e9zn\u00edch povr\u0161\u00edch jako: hlin\u00edk, b\u011b\u017en\u00e9 b\u00edl\u00e9 PVC, sklo, mramorov\u00e9 a \u017eulov\u00e9 povrchy, keramika, laminovan\u00e9 parkety, epoxidov\u00e9 povrchy atd.<\/p>\n<p>Usnad\u0148uje odstran\u011bn\u00ed \u0161p\u00edny, chr\u00e1n\u00ed p\u0159ed zne\u010di\u0161t\u011bn\u00edm, po\u0161kr\u00e1b\u00e1n\u00edm, okujemi, vodou, vlhkost\u00ed a koroz\u00ed.<\/p>\n<p><strong>V\u00ddHODY:<\/strong><br \/>\n\u2022 Chr\u00e1n\u00ed p\u0159ed okujemi od sva\u0159ov\u00e1n\u00ed<br \/>\n\u2022 Sloupnuteln\u00e1 f\u00f3lie je odoln\u00e1 v\u016f\u010di r\u016fzn\u00fdm n\u00e1t\u011br\u016fm a chemik\u00e1li\u00edm<br \/>\n\u2022 Thixotropn\u00ed, lze aplikovat na svisl\u00e9 povrchy<br \/>\n\u2022 Na vodn\u00ed b\u00e1zi, lze aplikovat na elektrostaticky nanesen\u00e9 laky<br \/>\n\u2022 Aplika\u010dn\u00ed n\u00e1stroje lze snadno a levn\u011b \u010distit vodou<br \/>\n\u2022 Bezpe\u010dnost (v\u00fdrobek nep\u016fsob\u00ed \u0161kodliv\u011b na okna nebo r\u00e1my, je kompatibiln\u00ed)<br \/>\n\u2022 Ekologick\u00fd produkt na vodn\u00ed b\u00e1zi ne\u0161kod\u00ed lidsk\u00e9mu zdrav\u00ed<\/p>\n<p><strong>P\u0158\u00cdNOSY:<\/strong><br \/>\n\u2022 Neho\u0159lav\u00fd<br \/>\n\u2022 Rychl\u00e9 vytvrzen\u00ed<br \/>\n\u2022 Efektivita bez odpad\u016f<br \/>\n\u2022 Snadn\u00e9 odstran\u011bn\u00ed po skon\u010den\u00ed doby ochrany<br \/>\n\u2022 Zlep\u0161uje image spole\u010dnosti (bez reklamac\u00ed)<br \/>\n\u2022 Sni\u017euje riziko ztr\u00e1t a n\u00e1kladn\u00fdch oprav<br \/>\n\u2022 Rychlej\u0161\u00ed aplikace ne\u017e standardn\u00ed f\u00f3lie<\/p>\n<p><strong>BALEN\u00cd:<\/strong> 20 L<\/p>\n<p><iframe src=\"\/\/www.youtube.com\/embed\/PZkKRlxRgDY\" width=\"560\" height=\"314\" allowfullscreen=\"allowfullscreen\"><\/iframe><\/p>\n","protected":false},"excerpt":{"rendered":"<p>Vi-Pro\u00ae LIQUID FOIL je \u010dir\u00e1 nebo modr\u00e1 n\u00e1t\u011brov\u00e1 emulze na vodn\u00ed b\u00e1zi, kter\u00e1 m\u016f\u017ee b\u00fdt nanesena na barven\u00e9 nebo nebarven\u00e9 povrchy pro do\u010dasnou ochranu. Vi-Pro\u00ae LIQUID FOIL lze pou\u017e\u00edt pro dlouhodobou ochranu, na n\u011bkter\u00fdch nepor\u00e9zn\u00edch povr\u0161\u00edch jako: hlin\u00edk, b\u011b\u017en\u00e9 b\u00edl\u00e9 PVC, sklo, mramorov\u00e9 a \u017eulov\u00e9 povrchy, keramika, laminovan\u00e9 parkety, epoxidov\u00e9 povrchy atd. Usnad\u0148uje odstran\u011bn\u00ed \u0161p\u00edny, [&hellip;]<\/p>\n","protected":false},"featured_media":10715,"comment_status":"open","ping_status":"closed","template":"","meta":{"_acf_changed":false},"product_cat":[324],"product_tag":[],"acf":[],"yoast_head":"<!-- This site is optimized with the Yoast SEO plugin v22.9 - https:\/\/yoast.com\/wordpress\/plugins\/seo\/ -->\n<title>Vi-Pro\u00ae LIQUID FOIL - Proventuss<\/title>\n<meta name=\"robots\" content=\"index, follow, max-snippet:-1, max-image-preview:large, max-video-preview:-1\" \/>\n<link rel=\"canonical\" href=\"https:\/\/proventuss.eu\/cs\/produkt\/vi-pro-liquid-foil\/\" \/>\n<meta property=\"og:locale\" content=\"cs_CZ\" \/>\n<meta property=\"og:type\" content=\"article\" \/>\n<meta property=\"og:title\" content=\"Vi-Pro\u00ae LIQUID FOIL - Proventuss\" \/>\n<meta property=\"og:description\" content=\"Vi-Pro\u00ae LIQUID FOIL je \u010dir\u00e1 nebo modr\u00e1 n\u00e1t\u011brov\u00e1 emulze na vodn\u00ed b\u00e1zi, kter\u00e1 m\u016f\u017ee b\u00fdt nanesena na barven\u00e9 nebo nebarven\u00e9 povrchy pro do\u010dasnou ochranu. Vi-Pro\u00ae LIQUID FOIL lze pou\u017e\u00edt pro dlouhodobou ochranu, na n\u011bkter\u00fdch nepor\u00e9zn\u00edch povr\u0161\u00edch jako: hlin\u00edk, b\u011b\u017en\u00e9 b\u00edl\u00e9 PVC, sklo, mramorov\u00e9 a \u017eulov\u00e9 povrchy, keramika, laminovan\u00e9 parkety, epoxidov\u00e9 povrchy atd. Usnad\u0148uje odstran\u011bn\u00ed \u0161p\u00edny, [&hellip;]\" \/>\n<meta property=\"og:url\" content=\"https:\/\/proventuss.eu\/cs\/produkt\/vi-pro-liquid-foil\/\" \/>\n<meta property=\"og:site_name\" content=\"Proventuss\" \/>\n<meta property=\"article:modified_time\" content=\"2022-11-02T11:44:08+00:00\" \/>\n<meta property=\"og:image\" content=\"https:\/\/proventuss.eu\/wp-content\/uploads\/2022\/04\/MG_5905a1M.png\" \/>\n\t<meta property=\"og:image:width\" content=\"1058\" \/>\n\t<meta property=\"og:image:height\" content=\"1200\" \/>\n\t<meta property=\"og:image:type\" content=\"image\/png\" \/>\n<meta name=\"twitter:card\" content=\"summary_large_image\" \/>\n<meta name=\"twitter:label1\" content=\"Odhadovan\u00e1 doba \u010dten\u00ed\" \/>\n\t<meta name=\"twitter:data1\" content=\"1 minuta\" \/>\n<script type=\"application\/ld+json\" class=\"yoast-schema-graph\">{\"@context\":\"https:\/\/schema.org\",\"@graph\":[{\"@type\":\"WebPage\",\"@id\":\"https:\/\/proventuss.eu\/cs\/produkt\/vi-pro-liquid-foil\/\",\"url\":\"https:\/\/proventuss.eu\/cs\/produkt\/vi-pro-liquid-foil\/\",\"name\":\"Vi-Pro\u00ae LIQUID FOIL - Proventuss\",\"isPartOf\":{\"@id\":\"https:\/\/proventuss.eu\/#website\"},\"primaryImageOfPage\":{\"@id\":\"https:\/\/proventuss.eu\/cs\/produkt\/vi-pro-liquid-foil\/#primaryimage\"},\"image\":{\"@id\":\"https:\/\/proventuss.eu\/cs\/produkt\/vi-pro-liquid-foil\/#primaryimage\"},\"thumbnailUrl\":\"https:\/\/proventuss.eu\/wp-content\/uploads\/2022\/04\/MG_5905a1M.png\",\"datePublished\":\"2022-04-26T11:49:27+00:00\",\"dateModified\":\"2022-11-02T11:44:08+00:00\",\"breadcrumb\":{\"@id\":\"https:\/\/proventuss.eu\/cs\/produkt\/vi-pro-liquid-foil\/#breadcrumb\"},\"inLanguage\":\"cs\",\"potentialAction\":[{\"@type\":\"ReadAction\",\"target\":[\"https:\/\/proventuss.eu\/cs\/produkt\/vi-pro-liquid-foil\/\"]}]},{\"@type\":\"ImageObject\",\"inLanguage\":\"cs\",\"@id\":\"https:\/\/proventuss.eu\/cs\/produkt\/vi-pro-liquid-foil\/#primaryimage\",\"url\":\"https:\/\/proventuss.eu\/wp-content\/uploads\/2022\/04\/MG_5905a1M.png\",\"contentUrl\":\"https:\/\/proventuss.eu\/wp-content\/uploads\/2022\/04\/MG_5905a1M.png\",\"width\":1058,\"height\":1200,\"caption\":\"Na zdj\u0119ciu Folia w p\u0142ynie zabezpiecza przed zabrudzeniami, malowaniem, zarysowaniami, odpryskami spawalniczymi, wod\u0105, wilgoci\u0105 i korozj\u0105. Wydajna w u\u017cyciu. Czarne wiadro 20 L.\"},{\"@type\":\"BreadcrumbList\",\"@id\":\"https:\/\/proventuss.eu\/cs\/produkt\/vi-pro-liquid-foil\/#breadcrumb\",\"itemListElement\":[{\"@type\":\"ListItem\",\"position\":1,\"name\":\"Home\",\"item\":\"https:\/\/proventuss.eu\/\"},{\"@type\":\"ListItem\",\"position\":2,\"name\":\"Produkty\",\"item\":\"https:\/\/proventuss.eu\/produkty\/\"},{\"@type\":\"ListItem\",\"position\":3,\"name\":\"Vi-Pro\u00ae LIQUID FOIL\"}]},{\"@type\":\"WebSite\",\"@id\":\"https:\/\/proventuss.eu\/#website\",\"url\":\"https:\/\/proventuss.eu\/\",\"name\":\"Proventuss\",\"description\":\"\",\"potentialAction\":[{\"@type\":\"SearchAction\",\"target\":{\"@type\":\"EntryPoint\",\"urlTemplate\":\"https:\/\/proventuss.eu\/?s={search_term_string}\"},\"query-input\":\"required name=search_term_string\"}],\"inLanguage\":\"cs\"}]}<\/script>\n<!-- \/ Yoast SEO plugin. -->","yoast_head_json":{"title":"Vi-Pro\u00ae LIQUID FOIL - Proventuss","robots":{"index":"index","follow":"follow","max-snippet":"max-snippet:-1","max-image-preview":"max-image-preview:large","max-video-preview":"max-video-preview:-1"},"canonical":"https:\/\/proventuss.eu\/cs\/produkt\/vi-pro-liquid-foil\/","og_locale":"cs_CZ","og_type":"article","og_title":"Vi-Pro\u00ae LIQUID FOIL - Proventuss","og_description":"Vi-Pro\u00ae LIQUID FOIL je \u010dir\u00e1 nebo modr\u00e1 n\u00e1t\u011brov\u00e1 emulze na vodn\u00ed b\u00e1zi, kter\u00e1 m\u016f\u017ee b\u00fdt nanesena na barven\u00e9 nebo nebarven\u00e9 povrchy pro do\u010dasnou ochranu. Vi-Pro\u00ae LIQUID FOIL lze pou\u017e\u00edt pro dlouhodobou ochranu, na n\u011bkter\u00fdch nepor\u00e9zn\u00edch povr\u0161\u00edch jako: hlin\u00edk, b\u011b\u017en\u00e9 b\u00edl\u00e9 PVC, sklo, mramorov\u00e9 a \u017eulov\u00e9 povrchy, keramika, laminovan\u00e9 parkety, epoxidov\u00e9 povrchy atd. Usnad\u0148uje odstran\u011bn\u00ed \u0161p\u00edny, [&hellip;]","og_url":"https:\/\/proventuss.eu\/cs\/produkt\/vi-pro-liquid-foil\/","og_site_name":"Proventuss","article_modified_time":"2022-11-02T11:44:08+00:00","og_image":[{"width":1058,"height":1200,"url":"https:\/\/proventuss.eu\/wp-content\/uploads\/2022\/04\/MG_5905a1M.png","type":"image\/png"}],"twitter_card":"summary_large_image","twitter_misc":{"Odhadovan\u00e1 doba \u010dten\u00ed":"1 minuta"},"schema":{"@context":"https:\/\/schema.org","@graph":[{"@type":"WebPage","@id":"https:\/\/proventuss.eu\/cs\/produkt\/vi-pro-liquid-foil\/","url":"https:\/\/proventuss.eu\/cs\/produkt\/vi-pro-liquid-foil\/","name":"Vi-Pro\u00ae LIQUID FOIL - Proventuss","isPartOf":{"@id":"https:\/\/proventuss.eu\/#website"},"primaryImageOfPage":{"@id":"https:\/\/proventuss.eu\/cs\/produkt\/vi-pro-liquid-foil\/#primaryimage"},"image":{"@id":"https:\/\/proventuss.eu\/cs\/produkt\/vi-pro-liquid-foil\/#primaryimage"},"thumbnailUrl":"https:\/\/proventuss.eu\/wp-content\/uploads\/2022\/04\/MG_5905a1M.png","datePublished":"2022-04-26T11:49:27+00:00","dateModified":"2022-11-02T11:44:08+00:00","breadcrumb":{"@id":"https:\/\/proventuss.eu\/cs\/produkt\/vi-pro-liquid-foil\/#breadcrumb"},"inLanguage":"cs","potentialAction":[{"@type":"ReadAction","target":["https:\/\/proventuss.eu\/cs\/produkt\/vi-pro-liquid-foil\/"]}]},{"@type":"ImageObject","inLanguage":"cs","@id":"https:\/\/proventuss.eu\/cs\/produkt\/vi-pro-liquid-foil\/#primaryimage","url":"https:\/\/proventuss.eu\/wp-content\/uploads\/2022\/04\/MG_5905a1M.png","contentUrl":"https:\/\/proventuss.eu\/wp-content\/uploads\/2022\/04\/MG_5905a1M.png","width":1058,"height":1200,"caption":"Na zdj\u0119ciu Folia w p\u0142ynie zabezpiecza przed zabrudzeniami, malowaniem, zarysowaniami, odpryskami spawalniczymi, wod\u0105, wilgoci\u0105 i korozj\u0105. Wydajna w u\u017cyciu. Czarne wiadro 20 L."},{"@type":"BreadcrumbList","@id":"https:\/\/proventuss.eu\/cs\/produkt\/vi-pro-liquid-foil\/#breadcrumb","itemListElement":[{"@type":"ListItem","position":1,"name":"Home","item":"https:\/\/proventuss.eu\/"},{"@type":"ListItem","position":2,"name":"Produkty","item":"https:\/\/proventuss.eu\/produkty\/"},{"@type":"ListItem","position":3,"name":"Vi-Pro\u00ae LIQUID FOIL"}]},{"@type":"WebSite","@id":"https:\/\/proventuss.eu\/#website","url":"https:\/\/proventuss.eu\/","name":"Proventuss","description":"","potentialAction":[{"@type":"SearchAction","target":{"@type":"EntryPoint","urlTemplate":"https:\/\/proventuss.eu\/?s={search_term_string}"},"query-input":"required name=search_term_string"}],"inLanguage":"cs"}]}},"_links":{"self":[{"href":"https:\/\/proventuss.eu\/cs\/wp-json\/wp\/v2\/product\/6563"}],"collection":[{"href":"https:\/\/proventuss.eu\/cs\/wp-json\/wp\/v2\/product"}],"about":[{"href":"https:\/\/proventuss.eu\/cs\/wp-json\/wp\/v2\/types\/product"}],"replies":[{"embeddable":true,"href":"https:\/\/proventuss.eu\/cs\/wp-json\/wp\/v2\/comments?post=6563"}],"wp:featuredmedia":[{"embeddable":true,"href":"https:\/\/proventuss.eu\/cs\/wp-json\/wp\/v2\/media\/10715"}],"wp:attachment":[{"href":"https:\/\/proventuss.eu\/cs\/wp-json\/wp\/v2\/media?parent=6563"}],"wp:term":[{"taxonomy":"product_cat","embeddable":true,"href":"https:\/\/proventuss.eu\/cs\/wp-json\/wp\/v2\/product_cat?post=6563"},{"taxonomy":"product_tag","embeddable":true,"href":"https:\/\/proventuss.eu\/cs\/wp-json\/wp\/v2\/product_tag?post=6563"}],"curies":[{"name":"wp","href":"https:\/\/api.w.org\/{rel}","templated":true}]}}