{"id":6562,"date":"2022-04-26T11:48:09","date_gmt":"2022-04-26T11:48:09","guid":{"rendered":"https:\/\/proventuss.eu\/produkt\/vi-pro-easy-to-clean\/"},"modified":"2022-04-26T11:48:09","modified_gmt":"2022-04-26T11:48:09","slug":"vi-pro-easy-to-clean","status":"publish","type":"product","link":"https:\/\/proventuss.eu\/cs\/produkt\/vi-pro-easy-to-clean\/","title":{"rendered":"Vi-Pro\u00ae EASY-TO-CLEAN"},"content":{"rendered":"<p><strong>UNIVERZ\u00c1LN\u00cd \u010cIST\u00cdC\u00cd ROZTOK<\/strong> pro optim\u00e1ln\u00ed \u010di\u0161t\u011bn\u00ed nepor\u00e9zn\u00edch povrch\u016f od prachu, mastnoty, olej\u016f, zbytk\u016f nevytvrzen\u00e9ho tmelu, apod.<\/p>\n<p>Doporu\u010deno pro nepor\u00e9zn\u00ed povrchy: sklo, kovy, d\u0159evo, plasty.<\/p>\n<p><strong>V\u00ddHODY:<\/strong><br \/>\n\u2022 Snadn\u00e9 a bezpe\u010dn\u00e9 pou\u017eit\u00ed<br \/>\n\u2022 Rychl\u00e9 odpa\u0159en\u00ed<br \/>\n\u2022 Kompatibiln\u00ed se v\u0161emi tmely Dowsil<\/p>\n<p><strong>BALEN\u00cd\/BARVY:<\/strong><br \/>\nBalen\u00ed: 1L l\u00e1hev, 9 ks v kartonu<br \/>\nBarva: \u010dir\u00e1 kapalina<\/p>\n","protected":false},"excerpt":{"rendered":"<p>UNIVERZ\u00c1LN\u00cd \u010cIST\u00cdC\u00cd ROZTOK pro optim\u00e1ln\u00ed \u010di\u0161t\u011bn\u00ed nepor\u00e9zn\u00edch povrch\u016f od prachu, mastnoty, olej\u016f, zbytk\u016f nevytvrzen\u00e9ho tmelu, apod. Doporu\u010deno pro nepor\u00e9zn\u00ed povrchy: sklo, kovy, d\u0159evo, plasty. V\u00ddHODY: \u2022 Snadn\u00e9 a bezpe\u010dn\u00e9 pou\u017eit\u00ed \u2022 Rychl\u00e9 odpa\u0159en\u00ed \u2022 Kompatibiln\u00ed se v\u0161emi tmely Dowsil BALEN\u00cd\/BARVY: Balen\u00ed: 1L l\u00e1hev, 9 ks v kartonu Barva: \u010dir\u00e1 kapalina<\/p>\n","protected":false},"featured_media":4770,"comment_status":"open","ping_status":"closed","template":"","meta":{"_acf_changed":false},"product_cat":[324],"product_tag":[],"acf":[],"yoast_head":"<!-- This site is optimized with the Yoast SEO plugin v22.9 - https:\/\/yoast.com\/wordpress\/plugins\/seo\/ -->\n<title>Vi-Pro\u00ae EASY-TO-CLEAN - Proventuss<\/title>\n<meta name=\"robots\" content=\"index, follow, max-snippet:-1, max-image-preview:large, max-video-preview:-1\" \/>\n<link rel=\"canonical\" href=\"https:\/\/proventuss.eu\/cs\/produkt\/vi-pro-easy-to-clean\/\" \/>\n<meta property=\"og:locale\" content=\"cs_CZ\" \/>\n<meta property=\"og:type\" content=\"article\" \/>\n<meta property=\"og:title\" content=\"Vi-Pro\u00ae EASY-TO-CLEAN - Proventuss\" \/>\n<meta property=\"og:description\" content=\"UNIVERZ\u00c1LN\u00cd \u010cIST\u00cdC\u00cd ROZTOK pro optim\u00e1ln\u00ed \u010di\u0161t\u011bn\u00ed nepor\u00e9zn\u00edch povrch\u016f od prachu, mastnoty, olej\u016f, zbytk\u016f nevytvrzen\u00e9ho tmelu, apod. Doporu\u010deno pro nepor\u00e9zn\u00ed povrchy: sklo, kovy, d\u0159evo, plasty. V\u00ddHODY: \u2022 Snadn\u00e9 a bezpe\u010dn\u00e9 pou\u017eit\u00ed \u2022 Rychl\u00e9 odpa\u0159en\u00ed \u2022 Kompatibiln\u00ed se v\u0161emi tmely Dowsil BALEN\u00cd\/BARVY: Balen\u00ed: 1L l\u00e1hev, 9 ks v kartonu Barva: \u010dir\u00e1 kapalina\" \/>\n<meta property=\"og:url\" content=\"https:\/\/proventuss.eu\/cs\/produkt\/vi-pro-easy-to-clean\/\" \/>\n<meta property=\"og:site_name\" content=\"Proventuss\" \/>\n<meta property=\"og:image\" content=\"https:\/\/proventuss.eu\/wp-content\/uploads\/2022\/04\/Easy-To-Clean1.png\" \/>\n\t<meta property=\"og:image:width\" content=\"640\" \/>\n\t<meta property=\"og:image:height\" content=\"640\" \/>\n\t<meta property=\"og:image:type\" content=\"image\/png\" \/>\n<meta name=\"twitter:card\" content=\"summary_large_image\" \/>\n<script type=\"application\/ld+json\" class=\"yoast-schema-graph\">{\"@context\":\"https:\/\/schema.org\",\"@graph\":[{\"@type\":\"WebPage\",\"@id\":\"https:\/\/proventuss.eu\/cs\/produkt\/vi-pro-easy-to-clean\/\",\"url\":\"https:\/\/proventuss.eu\/cs\/produkt\/vi-pro-easy-to-clean\/\",\"name\":\"Vi-Pro\u00ae EASY-TO-CLEAN - Proventuss\",\"isPartOf\":{\"@id\":\"https:\/\/proventuss.eu\/#website\"},\"primaryImageOfPage\":{\"@id\":\"https:\/\/proventuss.eu\/cs\/produkt\/vi-pro-easy-to-clean\/#primaryimage\"},\"image\":{\"@id\":\"https:\/\/proventuss.eu\/cs\/produkt\/vi-pro-easy-to-clean\/#primaryimage\"},\"thumbnailUrl\":\"https:\/\/proventuss.eu\/wp-content\/uploads\/2022\/04\/Easy-To-Clean1.png\",\"datePublished\":\"2022-04-26T11:48:09+00:00\",\"dateModified\":\"2022-04-26T11:48:09+00:00\",\"breadcrumb\":{\"@id\":\"https:\/\/proventuss.eu\/cs\/produkt\/vi-pro-easy-to-clean\/#breadcrumb\"},\"inLanguage\":\"cs\",\"potentialAction\":[{\"@type\":\"ReadAction\",\"target\":[\"https:\/\/proventuss.eu\/cs\/produkt\/vi-pro-easy-to-clean\/\"]}]},{\"@type\":\"ImageObject\",\"inLanguage\":\"cs\",\"@id\":\"https:\/\/proventuss.eu\/cs\/produkt\/vi-pro-easy-to-clean\/#primaryimage\",\"url\":\"https:\/\/proventuss.eu\/wp-content\/uploads\/2022\/04\/Easy-To-Clean1.png\",\"contentUrl\":\"https:\/\/proventuss.eu\/wp-content\/uploads\/2022\/04\/Easy-To-Clean1.png\",\"width\":640,\"height\":640,\"caption\":\"Na zdj\u0119ciu Rozpuszczalnik czyszcz\u0105cy do czyszczenia powierzchni nieporowatych z kurzu, t\u0142uszczu, oleju, pozosta\u0142o\u015bci nieutwardzonych szczeliw.\"},{\"@type\":\"BreadcrumbList\",\"@id\":\"https:\/\/proventuss.eu\/cs\/produkt\/vi-pro-easy-to-clean\/#breadcrumb\",\"itemListElement\":[{\"@type\":\"ListItem\",\"position\":1,\"name\":\"Home\",\"item\":\"https:\/\/proventuss.eu\/\"},{\"@type\":\"ListItem\",\"position\":2,\"name\":\"Produkty\",\"item\":\"https:\/\/proventuss.eu\/produkty\/\"},{\"@type\":\"ListItem\",\"position\":3,\"name\":\"Vi-Pro\u00ae EASY-TO-CLEAN\"}]},{\"@type\":\"WebSite\",\"@id\":\"https:\/\/proventuss.eu\/#website\",\"url\":\"https:\/\/proventuss.eu\/\",\"name\":\"Proventuss\",\"description\":\"\",\"potentialAction\":[{\"@type\":\"SearchAction\",\"target\":{\"@type\":\"EntryPoint\",\"urlTemplate\":\"https:\/\/proventuss.eu\/?s={search_term_string}\"},\"query-input\":\"required name=search_term_string\"}],\"inLanguage\":\"cs\"}]}<\/script>\n<!-- \/ Yoast SEO plugin. -->","yoast_head_json":{"title":"Vi-Pro\u00ae EASY-TO-CLEAN - Proventuss","robots":{"index":"index","follow":"follow","max-snippet":"max-snippet:-1","max-image-preview":"max-image-preview:large","max-video-preview":"max-video-preview:-1"},"canonical":"https:\/\/proventuss.eu\/cs\/produkt\/vi-pro-easy-to-clean\/","og_locale":"cs_CZ","og_type":"article","og_title":"Vi-Pro\u00ae EASY-TO-CLEAN - Proventuss","og_description":"UNIVERZ\u00c1LN\u00cd \u010cIST\u00cdC\u00cd ROZTOK pro optim\u00e1ln\u00ed \u010di\u0161t\u011bn\u00ed nepor\u00e9zn\u00edch povrch\u016f od prachu, mastnoty, olej\u016f, zbytk\u016f nevytvrzen\u00e9ho tmelu, apod. Doporu\u010deno pro nepor\u00e9zn\u00ed povrchy: sklo, kovy, d\u0159evo, plasty. V\u00ddHODY: \u2022 Snadn\u00e9 a bezpe\u010dn\u00e9 pou\u017eit\u00ed \u2022 Rychl\u00e9 odpa\u0159en\u00ed \u2022 Kompatibiln\u00ed se v\u0161emi tmely Dowsil BALEN\u00cd\/BARVY: Balen\u00ed: 1L l\u00e1hev, 9 ks v kartonu Barva: \u010dir\u00e1 kapalina","og_url":"https:\/\/proventuss.eu\/cs\/produkt\/vi-pro-easy-to-clean\/","og_site_name":"Proventuss","og_image":[{"width":640,"height":640,"url":"https:\/\/proventuss.eu\/wp-content\/uploads\/2022\/04\/Easy-To-Clean1.png","type":"image\/png"}],"twitter_card":"summary_large_image","schema":{"@context":"https:\/\/schema.org","@graph":[{"@type":"WebPage","@id":"https:\/\/proventuss.eu\/cs\/produkt\/vi-pro-easy-to-clean\/","url":"https:\/\/proventuss.eu\/cs\/produkt\/vi-pro-easy-to-clean\/","name":"Vi-Pro\u00ae EASY-TO-CLEAN - Proventuss","isPartOf":{"@id":"https:\/\/proventuss.eu\/#website"},"primaryImageOfPage":{"@id":"https:\/\/proventuss.eu\/cs\/produkt\/vi-pro-easy-to-clean\/#primaryimage"},"image":{"@id":"https:\/\/proventuss.eu\/cs\/produkt\/vi-pro-easy-to-clean\/#primaryimage"},"thumbnailUrl":"https:\/\/proventuss.eu\/wp-content\/uploads\/2022\/04\/Easy-To-Clean1.png","datePublished":"2022-04-26T11:48:09+00:00","dateModified":"2022-04-26T11:48:09+00:00","breadcrumb":{"@id":"https:\/\/proventuss.eu\/cs\/produkt\/vi-pro-easy-to-clean\/#breadcrumb"},"inLanguage":"cs","potentialAction":[{"@type":"ReadAction","target":["https:\/\/proventuss.eu\/cs\/produkt\/vi-pro-easy-to-clean\/"]}]},{"@type":"ImageObject","inLanguage":"cs","@id":"https:\/\/proventuss.eu\/cs\/produkt\/vi-pro-easy-to-clean\/#primaryimage","url":"https:\/\/proventuss.eu\/wp-content\/uploads\/2022\/04\/Easy-To-Clean1.png","contentUrl":"https:\/\/proventuss.eu\/wp-content\/uploads\/2022\/04\/Easy-To-Clean1.png","width":640,"height":640,"caption":"Na zdj\u0119ciu Rozpuszczalnik czyszcz\u0105cy do czyszczenia powierzchni nieporowatych z kurzu, t\u0142uszczu, oleju, pozosta\u0142o\u015bci nieutwardzonych szczeliw."},{"@type":"BreadcrumbList","@id":"https:\/\/proventuss.eu\/cs\/produkt\/vi-pro-easy-to-clean\/#breadcrumb","itemListElement":[{"@type":"ListItem","position":1,"name":"Home","item":"https:\/\/proventuss.eu\/"},{"@type":"ListItem","position":2,"name":"Produkty","item":"https:\/\/proventuss.eu\/produkty\/"},{"@type":"ListItem","position":3,"name":"Vi-Pro\u00ae EASY-TO-CLEAN"}]},{"@type":"WebSite","@id":"https:\/\/proventuss.eu\/#website","url":"https:\/\/proventuss.eu\/","name":"Proventuss","description":"","potentialAction":[{"@type":"SearchAction","target":{"@type":"EntryPoint","urlTemplate":"https:\/\/proventuss.eu\/?s={search_term_string}"},"query-input":"required name=search_term_string"}],"inLanguage":"cs"}]}},"_links":{"self":[{"href":"https:\/\/proventuss.eu\/cs\/wp-json\/wp\/v2\/product\/6562"}],"collection":[{"href":"https:\/\/proventuss.eu\/cs\/wp-json\/wp\/v2\/product"}],"about":[{"href":"https:\/\/proventuss.eu\/cs\/wp-json\/wp\/v2\/types\/product"}],"replies":[{"embeddable":true,"href":"https:\/\/proventuss.eu\/cs\/wp-json\/wp\/v2\/comments?post=6562"}],"wp:featuredmedia":[{"embeddable":true,"href":"https:\/\/proventuss.eu\/cs\/wp-json\/wp\/v2\/media\/4770"}],"wp:attachment":[{"href":"https:\/\/proventuss.eu\/cs\/wp-json\/wp\/v2\/media?parent=6562"}],"wp:term":[{"taxonomy":"product_cat","embeddable":true,"href":"https:\/\/proventuss.eu\/cs\/wp-json\/wp\/v2\/product_cat?post=6562"},{"taxonomy":"product_tag","embeddable":true,"href":"https:\/\/proventuss.eu\/cs\/wp-json\/wp\/v2\/product_tag?post=6562"}],"curies":[{"name":"wp","href":"https:\/\/api.w.org\/{rel}","templated":true}]}}