{"id":6561,"date":"2022-04-26T11:46:34","date_gmt":"2022-04-26T11:46:34","guid":{"rendered":"https:\/\/proventuss.eu\/produkt\/vi-pro-wipes\/"},"modified":"2024-05-20T07:34:58","modified_gmt":"2024-05-20T07:34:58","slug":"vi-pro-wipes","status":"publish","type":"product","link":"https:\/\/proventuss.eu\/cs\/produkt\/vi-pro-wipes\/","title":{"rendered":"Vi-Pro\u00ae WIPES"},"content":{"rendered":"<p>Odstra\u0148uje \u010d\u00e1ste\u010dn\u011b vytvrzen\u00e9 a nevytvrzen\u00e9 tmely v\u010detn\u011b silikonu, polyuretanu a polysulfidu z n\u00e1stroj\u016f a povrch\u016f. Odstra\u0148uj\u00ed tak\u00e9 mokrou barvu, tmel, lepidlo, tmel a prysky\u0159ice. Vi-Pro\u00ae WIPES jsou netkan\u00e1 textilie napu\u0161t\u011bn\u00e1 jemn\u00fdm \u010distic\u00edm roztokem na vodn\u00ed b\u00e1zi. M\u011bkk\u00fd sav\u00fd povrch nadzved\u00e1v\u00e1 a odstra\u0148uje &#8222;lepiv\u00e9 v\u011bci&#8220; a zanech\u00e1v\u00e1 povrch \u010dist\u00fd.<\/p>\n<p><strong>Pro\u010d pou\u017e\u00edvat Vi-Pro\u00ae WIPES:<\/strong><br \/>\n\u2022 Vysoce \u00fa\u010dinn\u00fd \u2013 odstra\u0148uje mokr\u00fd tmel, barvu, lepidlo a prysky\u0159ici z povrch\u016f<br \/>\n\u2022 Zkra\u0165te dobu \u010di\u0161t\u011bn\u00ed po instalaci<br \/>\n\u2022 Bezpe\u010dn\u00e9 pro plasty, povrchy s pr\u00e1\u0161kov\u00fdm n\u00e1st\u0159ikem, lakovan\u00e9 povrchy, kov a sklo<br \/>\n\u2022 P\u0159\u00edjemn\u00e9 pou\u017eit\u00ed &#8211; \u010dist\u00e1 sv\u011b\u017e\u00ed citronov\u00e1 v\u016fn\u011b<br \/>\n\u2022 Pohodln\u011b zabalen\u00e9 v praktick\u00fdch van\u00e1ch \u2013 snadn\u00e9 pou\u017eit\u00ed<br \/>\n\u2022 Ekonomick\u00e9<br \/>\n\u2022 Dlouh\u00e1 skladovatelnost &#8211; vana m\u00e1 znovu uzav\u00edrateln\u00fd uz\u00e1v\u011br<br \/>\n\u2022 Sni\u017euje \u010di\u0161t\u011bn\u00ed po instalaci<br \/>\n\u2022 Nerozpou\u0161t\u00ed se, tak\u017ee zbytky se neroz\u0161\u00ed\u0159\u00ed po povrchu<\/p>\n<p><strong>PACKAGING:<\/strong><\/p>\n<p>150 ubrousk\u016f na vanu \u010dty\u0159i vany na pouzdro; jednotliv\u00e9 balen\u00e9 f\u00f3liov\u00e9 s\u00e1\u010dky.<\/p>\n","protected":false},"excerpt":{"rendered":"<p>Odstra\u0148uje \u010d\u00e1ste\u010dn\u011b vytvrzen\u00e9 a nevytvrzen\u00e9 tmely v\u010detn\u011b silikonu, polyuretanu a polysulfidu z n\u00e1stroj\u016f a povrch\u016f. Odstra\u0148uj\u00ed tak\u00e9 mokrou barvu, tmel, lepidlo, tmel a prysky\u0159ice. Vi-Pro\u00ae WIPES jsou netkan\u00e1 textilie napu\u0161t\u011bn\u00e1 jemn\u00fdm \u010distic\u00edm roztokem na vodn\u00ed b\u00e1zi. M\u011bkk\u00fd sav\u00fd povrch nadzved\u00e1v\u00e1 a odstra\u0148uje &#8222;lepiv\u00e9 v\u011bci&#8220; a zanech\u00e1v\u00e1 povrch \u010dist\u00fd. Pro\u010d pou\u017e\u00edvat Vi-Pro\u00ae WIPES: \u2022 Vysoce \u00fa\u010dinn\u00fd [&hellip;]<\/p>\n","protected":false},"featured_media":16769,"comment_status":"open","ping_status":"closed","template":"","meta":{"_acf_changed":false},"product_cat":[324],"product_tag":[],"acf":[],"yoast_head":"<!-- This site is optimized with the Yoast SEO plugin v22.9 - https:\/\/yoast.com\/wordpress\/plugins\/seo\/ -->\n<title>Vi-Pro\u00ae WIPES - Proventuss<\/title>\n<meta name=\"robots\" content=\"index, follow, max-snippet:-1, max-image-preview:large, max-video-preview:-1\" \/>\n<link rel=\"canonical\" href=\"https:\/\/proventuss.eu\/cs\/produkt\/vi-pro-wipes\/\" \/>\n<meta property=\"og:locale\" content=\"cs_CZ\" \/>\n<meta property=\"og:type\" content=\"article\" \/>\n<meta property=\"og:title\" content=\"Vi-Pro\u00ae WIPES - Proventuss\" \/>\n<meta property=\"og:description\" content=\"Odstra\u0148uje \u010d\u00e1ste\u010dn\u011b vytvrzen\u00e9 a nevytvrzen\u00e9 tmely v\u010detn\u011b silikonu, polyuretanu a polysulfidu z n\u00e1stroj\u016f a povrch\u016f. Odstra\u0148uj\u00ed tak\u00e9 mokrou barvu, tmel, lepidlo, tmel a prysky\u0159ice. Vi-Pro\u00ae WIPES jsou netkan\u00e1 textilie napu\u0161t\u011bn\u00e1 jemn\u00fdm \u010distic\u00edm roztokem na vodn\u00ed b\u00e1zi. M\u011bkk\u00fd sav\u00fd povrch nadzved\u00e1v\u00e1 a odstra\u0148uje &#8222;lepiv\u00e9 v\u011bci&#8220; a zanech\u00e1v\u00e1 povrch \u010dist\u00fd. Pro\u010d pou\u017e\u00edvat Vi-Pro\u00ae WIPES: \u2022 Vysoce \u00fa\u010dinn\u00fd [&hellip;]\" \/>\n<meta property=\"og:url\" content=\"https:\/\/proventuss.eu\/cs\/produkt\/vi-pro-wipes\/\" \/>\n<meta property=\"og:site_name\" content=\"Proventuss\" \/>\n<meta property=\"article:modified_time\" content=\"2024-05-20T07:34:58+00:00\" \/>\n<meta name=\"twitter:card\" content=\"summary_large_image\" \/>\n<meta name=\"twitter:label1\" content=\"Odhadovan\u00e1 doba \u010dten\u00ed\" \/>\n\t<meta name=\"twitter:data1\" content=\"1 minuta\" \/>\n<script type=\"application\/ld+json\" class=\"yoast-schema-graph\">{\"@context\":\"https:\/\/schema.org\",\"@graph\":[{\"@type\":\"WebPage\",\"@id\":\"https:\/\/proventuss.eu\/cs\/produkt\/vi-pro-wipes\/\",\"url\":\"https:\/\/proventuss.eu\/cs\/produkt\/vi-pro-wipes\/\",\"name\":\"Vi-Pro\u00ae WIPES - Proventuss\",\"isPartOf\":{\"@id\":\"https:\/\/proventuss.eu\/#website\"},\"primaryImageOfPage\":{\"@id\":\"https:\/\/proventuss.eu\/cs\/produkt\/vi-pro-wipes\/#primaryimage\"},\"image\":{\"@id\":\"https:\/\/proventuss.eu\/cs\/produkt\/vi-pro-wipes\/#primaryimage\"},\"thumbnailUrl\":\"https:\/\/proventuss.eu\/wp-content\/uploads\/2022\/04\/MG_7423a1M.png\",\"datePublished\":\"2022-04-26T11:46:34+00:00\",\"dateModified\":\"2024-05-20T07:34:58+00:00\",\"breadcrumb\":{\"@id\":\"https:\/\/proventuss.eu\/cs\/produkt\/vi-pro-wipes\/#breadcrumb\"},\"inLanguage\":\"cs\",\"potentialAction\":[{\"@type\":\"ReadAction\",\"target\":[\"https:\/\/proventuss.eu\/cs\/produkt\/vi-pro-wipes\/\"]}]},{\"@type\":\"ImageObject\",\"inLanguage\":\"cs\",\"@id\":\"https:\/\/proventuss.eu\/cs\/produkt\/vi-pro-wipes\/#primaryimage\",\"url\":\"https:\/\/proventuss.eu\/wp-content\/uploads\/2022\/04\/MG_7423a1M.png\",\"contentUrl\":\"https:\/\/proventuss.eu\/wp-content\/uploads\/2022\/04\/MG_7423a1M.png\",\"width\":1500,\"height\":1268,\"caption\":\"Na zdj\u0119ciu \u015aciereczki nas\u0105czone - \u0142atwe zmywanie pozosta\u0142o\u015bci po nieutwardzonych szczeliwach i klejach oraz innych zabrudze\u0144, w tym t\u0142ustych i oleistych.\"},{\"@type\":\"BreadcrumbList\",\"@id\":\"https:\/\/proventuss.eu\/cs\/produkt\/vi-pro-wipes\/#breadcrumb\",\"itemListElement\":[{\"@type\":\"ListItem\",\"position\":1,\"name\":\"Home\",\"item\":\"https:\/\/proventuss.eu\/\"},{\"@type\":\"ListItem\",\"position\":2,\"name\":\"Produkty\",\"item\":\"https:\/\/proventuss.eu\/produkty\/\"},{\"@type\":\"ListItem\",\"position\":3,\"name\":\"Vi-Pro\u00ae WIPES\"}]},{\"@type\":\"WebSite\",\"@id\":\"https:\/\/proventuss.eu\/#website\",\"url\":\"https:\/\/proventuss.eu\/\",\"name\":\"Proventuss\",\"description\":\"\",\"potentialAction\":[{\"@type\":\"SearchAction\",\"target\":{\"@type\":\"EntryPoint\",\"urlTemplate\":\"https:\/\/proventuss.eu\/?s={search_term_string}\"},\"query-input\":\"required name=search_term_string\"}],\"inLanguage\":\"cs\"}]}<\/script>\n<!-- \/ Yoast SEO plugin. -->","yoast_head_json":{"title":"Vi-Pro\u00ae WIPES - Proventuss","robots":{"index":"index","follow":"follow","max-snippet":"max-snippet:-1","max-image-preview":"max-image-preview:large","max-video-preview":"max-video-preview:-1"},"canonical":"https:\/\/proventuss.eu\/cs\/produkt\/vi-pro-wipes\/","og_locale":"cs_CZ","og_type":"article","og_title":"Vi-Pro\u00ae WIPES - Proventuss","og_description":"Odstra\u0148uje \u010d\u00e1ste\u010dn\u011b vytvrzen\u00e9 a nevytvrzen\u00e9 tmely v\u010detn\u011b silikonu, polyuretanu a polysulfidu z n\u00e1stroj\u016f a povrch\u016f. Odstra\u0148uj\u00ed tak\u00e9 mokrou barvu, tmel, lepidlo, tmel a prysky\u0159ice. Vi-Pro\u00ae WIPES jsou netkan\u00e1 textilie napu\u0161t\u011bn\u00e1 jemn\u00fdm \u010distic\u00edm roztokem na vodn\u00ed b\u00e1zi. M\u011bkk\u00fd sav\u00fd povrch nadzved\u00e1v\u00e1 a odstra\u0148uje &#8222;lepiv\u00e9 v\u011bci&#8220; a zanech\u00e1v\u00e1 povrch \u010dist\u00fd. Pro\u010d pou\u017e\u00edvat Vi-Pro\u00ae WIPES: \u2022 Vysoce \u00fa\u010dinn\u00fd [&hellip;]","og_url":"https:\/\/proventuss.eu\/cs\/produkt\/vi-pro-wipes\/","og_site_name":"Proventuss","article_modified_time":"2024-05-20T07:34:58+00:00","twitter_card":"summary_large_image","twitter_misc":{"Odhadovan\u00e1 doba \u010dten\u00ed":"1 minuta"},"schema":{"@context":"https:\/\/schema.org","@graph":[{"@type":"WebPage","@id":"https:\/\/proventuss.eu\/cs\/produkt\/vi-pro-wipes\/","url":"https:\/\/proventuss.eu\/cs\/produkt\/vi-pro-wipes\/","name":"Vi-Pro\u00ae WIPES - Proventuss","isPartOf":{"@id":"https:\/\/proventuss.eu\/#website"},"primaryImageOfPage":{"@id":"https:\/\/proventuss.eu\/cs\/produkt\/vi-pro-wipes\/#primaryimage"},"image":{"@id":"https:\/\/proventuss.eu\/cs\/produkt\/vi-pro-wipes\/#primaryimage"},"thumbnailUrl":"https:\/\/proventuss.eu\/wp-content\/uploads\/2022\/04\/MG_7423a1M.png","datePublished":"2022-04-26T11:46:34+00:00","dateModified":"2024-05-20T07:34:58+00:00","breadcrumb":{"@id":"https:\/\/proventuss.eu\/cs\/produkt\/vi-pro-wipes\/#breadcrumb"},"inLanguage":"cs","potentialAction":[{"@type":"ReadAction","target":["https:\/\/proventuss.eu\/cs\/produkt\/vi-pro-wipes\/"]}]},{"@type":"ImageObject","inLanguage":"cs","@id":"https:\/\/proventuss.eu\/cs\/produkt\/vi-pro-wipes\/#primaryimage","url":"https:\/\/proventuss.eu\/wp-content\/uploads\/2022\/04\/MG_7423a1M.png","contentUrl":"https:\/\/proventuss.eu\/wp-content\/uploads\/2022\/04\/MG_7423a1M.png","width":1500,"height":1268,"caption":"Na zdj\u0119ciu \u015aciereczki nas\u0105czone - \u0142atwe zmywanie pozosta\u0142o\u015bci po nieutwardzonych szczeliwach i klejach oraz innych zabrudze\u0144, w tym t\u0142ustych i oleistych."},{"@type":"BreadcrumbList","@id":"https:\/\/proventuss.eu\/cs\/produkt\/vi-pro-wipes\/#breadcrumb","itemListElement":[{"@type":"ListItem","position":1,"name":"Home","item":"https:\/\/proventuss.eu\/"},{"@type":"ListItem","position":2,"name":"Produkty","item":"https:\/\/proventuss.eu\/produkty\/"},{"@type":"ListItem","position":3,"name":"Vi-Pro\u00ae WIPES"}]},{"@type":"WebSite","@id":"https:\/\/proventuss.eu\/#website","url":"https:\/\/proventuss.eu\/","name":"Proventuss","description":"","potentialAction":[{"@type":"SearchAction","target":{"@type":"EntryPoint","urlTemplate":"https:\/\/proventuss.eu\/?s={search_term_string}"},"query-input":"required name=search_term_string"}],"inLanguage":"cs"}]}},"_links":{"self":[{"href":"https:\/\/proventuss.eu\/cs\/wp-json\/wp\/v2\/product\/6561"}],"collection":[{"href":"https:\/\/proventuss.eu\/cs\/wp-json\/wp\/v2\/product"}],"about":[{"href":"https:\/\/proventuss.eu\/cs\/wp-json\/wp\/v2\/types\/product"}],"replies":[{"embeddable":true,"href":"https:\/\/proventuss.eu\/cs\/wp-json\/wp\/v2\/comments?post=6561"}],"wp:featuredmedia":[{"embeddable":true,"href":"https:\/\/proventuss.eu\/cs\/wp-json\/wp\/v2\/media\/16769"}],"wp:attachment":[{"href":"https:\/\/proventuss.eu\/cs\/wp-json\/wp\/v2\/media?parent=6561"}],"wp:term":[{"taxonomy":"product_cat","embeddable":true,"href":"https:\/\/proventuss.eu\/cs\/wp-json\/wp\/v2\/product_cat?post=6561"},{"taxonomy":"product_tag","embeddable":true,"href":"https:\/\/proventuss.eu\/cs\/wp-json\/wp\/v2\/product_tag?post=6561"}],"curies":[{"name":"wp","href":"https:\/\/api.w.org\/{rel}","templated":true}]}}