{"id":6560,"date":"2022-04-26T11:43:08","date_gmt":"2022-04-26T11:43:08","guid":{"rendered":"https:\/\/proventuss.eu\/produkt\/vi-pro-spatula\/"},"modified":"2022-04-26T11:43:08","modified_gmt":"2022-04-26T11:43:08","slug":"vi-pro-spatula","status":"publish","type":"product","link":"https:\/\/proventuss.eu\/cs\/produkt\/vi-pro-spatula\/","title":{"rendered":"Vi-Pro\u00ae SPATULA"},"content":{"rendered":"<p><strong>\u0160PACHTLE PRO ZAHLAZEN\u00cd A TVAROV\u00c1N\u00cd TMELU, vyroben\u00e1 ze speci\u00e1ln\u011b vybran\u00e9ho materi\u00e1lu s anti-adhezn\u00edmi vlastnosti v kontaktu s lepidly a tmely.<\/strong><\/p>\n<p>Tvar m\u00e1 vhodn\u00e1 zaoblen\u00ed a \u00fahly pro mo\u017enost pou\u017eit\u00ed v r\u016fzn\u00fdch aplikac\u00edch. Materi\u00e1l<br \/>\nje rovn\u011b\u017e poddajn\u00fd pro snadn\u00e9 \u0159ez\u00e1n\u00ed a brou\u0161en\u00ed, tak\u017ee je v\u017edy mo\u017en\u00e9 vybrat pot\u0159ebnou velikost a \u00fahel v z\u00e1vislosti na konkr\u00e9tn\u00ed aplikaci.<\/p>\n","protected":false},"excerpt":{"rendered":"<p>\u0160PACHTLE PRO ZAHLAZEN\u00cd A TVAROV\u00c1N\u00cd TMELU, vyroben\u00e1 ze speci\u00e1ln\u011b vybran\u00e9ho materi\u00e1lu s anti-adhezn\u00edmi vlastnosti v kontaktu s lepidly a tmely. Tvar m\u00e1 vhodn\u00e1 zaoblen\u00ed a \u00fahly pro mo\u017enost pou\u017eit\u00ed v r\u016fzn\u00fdch aplikac\u00edch. Materi\u00e1l je rovn\u011b\u017e poddajn\u00fd pro snadn\u00e9 \u0159ez\u00e1n\u00ed a brou\u0161en\u00ed, tak\u017ee je v\u017edy mo\u017en\u00e9 vybrat pot\u0159ebnou velikost a \u00fahel v z\u00e1vislosti na konkr\u00e9tn\u00ed aplikaci.<\/p>\n","protected":false},"featured_media":4767,"comment_status":"open","ping_status":"closed","template":"","meta":{"_acf_changed":false},"product_cat":[327,324],"product_tag":[],"acf":[],"yoast_head":"<!-- This site is optimized with the Yoast SEO plugin v22.9 - https:\/\/yoast.com\/wordpress\/plugins\/seo\/ -->\n<title>Vi-Pro\u00ae SPATULA - Proventuss<\/title>\n<meta name=\"robots\" content=\"index, follow, max-snippet:-1, max-image-preview:large, max-video-preview:-1\" \/>\n<link rel=\"canonical\" href=\"https:\/\/proventuss.eu\/cs\/produkt\/vi-pro-spatula\/\" \/>\n<meta property=\"og:locale\" content=\"cs_CZ\" \/>\n<meta property=\"og:type\" content=\"article\" \/>\n<meta property=\"og:title\" content=\"Vi-Pro\u00ae SPATULA - Proventuss\" \/>\n<meta property=\"og:description\" content=\"\u0160PACHTLE PRO ZAHLAZEN\u00cd A TVAROV\u00c1N\u00cd TMELU, vyroben\u00e1 ze speci\u00e1ln\u011b vybran\u00e9ho materi\u00e1lu s anti-adhezn\u00edmi vlastnosti v kontaktu s lepidly a tmely. Tvar m\u00e1 vhodn\u00e1 zaoblen\u00ed a \u00fahly pro mo\u017enost pou\u017eit\u00ed v r\u016fzn\u00fdch aplikac\u00edch. Materi\u00e1l je rovn\u011b\u017e poddajn\u00fd pro snadn\u00e9 \u0159ez\u00e1n\u00ed a brou\u0161en\u00ed, tak\u017ee je v\u017edy mo\u017en\u00e9 vybrat pot\u0159ebnou velikost a \u00fahel v z\u00e1vislosti na konkr\u00e9tn\u00ed aplikaci.\" \/>\n<meta property=\"og:url\" content=\"https:\/\/proventuss.eu\/cs\/produkt\/vi-pro-spatula\/\" \/>\n<meta property=\"og:site_name\" content=\"Proventuss\" \/>\n<meta property=\"og:image\" content=\"https:\/\/proventuss.eu\/wp-content\/uploads\/2022\/04\/Szpatulka.png\" \/>\n\t<meta property=\"og:image:width\" content=\"640\" \/>\n\t<meta property=\"og:image:height\" content=\"640\" \/>\n\t<meta property=\"og:image:type\" content=\"image\/png\" \/>\n<meta name=\"twitter:card\" content=\"summary_large_image\" \/>\n<script type=\"application\/ld+json\" class=\"yoast-schema-graph\">{\"@context\":\"https:\/\/schema.org\",\"@graph\":[{\"@type\":\"WebPage\",\"@id\":\"https:\/\/proventuss.eu\/cs\/produkt\/vi-pro-spatula\/\",\"url\":\"https:\/\/proventuss.eu\/cs\/produkt\/vi-pro-spatula\/\",\"name\":\"Vi-Pro\u00ae SPATULA - Proventuss\",\"isPartOf\":{\"@id\":\"https:\/\/proventuss.eu\/#website\"},\"primaryImageOfPage\":{\"@id\":\"https:\/\/proventuss.eu\/cs\/produkt\/vi-pro-spatula\/#primaryimage\"},\"image\":{\"@id\":\"https:\/\/proventuss.eu\/cs\/produkt\/vi-pro-spatula\/#primaryimage\"},\"thumbnailUrl\":\"https:\/\/proventuss.eu\/wp-content\/uploads\/2022\/04\/Szpatulka.png\",\"datePublished\":\"2022-04-26T11:43:08+00:00\",\"dateModified\":\"2022-04-26T11:43:08+00:00\",\"breadcrumb\":{\"@id\":\"https:\/\/proventuss.eu\/cs\/produkt\/vi-pro-spatula\/#breadcrumb\"},\"inLanguage\":\"cs\",\"potentialAction\":[{\"@type\":\"ReadAction\",\"target\":[\"https:\/\/proventuss.eu\/cs\/produkt\/vi-pro-spatula\/\"]}]},{\"@type\":\"ImageObject\",\"inLanguage\":\"cs\",\"@id\":\"https:\/\/proventuss.eu\/cs\/produkt\/vi-pro-spatula\/#primaryimage\",\"url\":\"https:\/\/proventuss.eu\/wp-content\/uploads\/2022\/04\/Szpatulka.png\",\"contentUrl\":\"https:\/\/proventuss.eu\/wp-content\/uploads\/2022\/04\/Szpatulka.png\",\"width\":640,\"height\":640,\"caption\":\"Na zdj\u0119ciu Szpachelka do wyg\u0142adzania i modelowania mas uszczelniaj\u0105cych. Zapewnia w\u0142a\u015bciwo\u015bci antyadhezyjne w kontakcie z klejami i uszczelniaczami. Kolor czarny.\"},{\"@type\":\"BreadcrumbList\",\"@id\":\"https:\/\/proventuss.eu\/cs\/produkt\/vi-pro-spatula\/#breadcrumb\",\"itemListElement\":[{\"@type\":\"ListItem\",\"position\":1,\"name\":\"Home\",\"item\":\"https:\/\/proventuss.eu\/\"},{\"@type\":\"ListItem\",\"position\":2,\"name\":\"Produkty\",\"item\":\"https:\/\/proventuss.eu\/produkty\/\"},{\"@type\":\"ListItem\",\"position\":3,\"name\":\"Vi-Pro\u00ae SPATULA\"}]},{\"@type\":\"WebSite\",\"@id\":\"https:\/\/proventuss.eu\/#website\",\"url\":\"https:\/\/proventuss.eu\/\",\"name\":\"Proventuss\",\"description\":\"\",\"potentialAction\":[{\"@type\":\"SearchAction\",\"target\":{\"@type\":\"EntryPoint\",\"urlTemplate\":\"https:\/\/proventuss.eu\/?s={search_term_string}\"},\"query-input\":\"required name=search_term_string\"}],\"inLanguage\":\"cs\"}]}<\/script>\n<!-- \/ Yoast SEO plugin. -->","yoast_head_json":{"title":"Vi-Pro\u00ae SPATULA - Proventuss","robots":{"index":"index","follow":"follow","max-snippet":"max-snippet:-1","max-image-preview":"max-image-preview:large","max-video-preview":"max-video-preview:-1"},"canonical":"https:\/\/proventuss.eu\/cs\/produkt\/vi-pro-spatula\/","og_locale":"cs_CZ","og_type":"article","og_title":"Vi-Pro\u00ae SPATULA - Proventuss","og_description":"\u0160PACHTLE PRO ZAHLAZEN\u00cd A TVAROV\u00c1N\u00cd TMELU, vyroben\u00e1 ze speci\u00e1ln\u011b vybran\u00e9ho materi\u00e1lu s anti-adhezn\u00edmi vlastnosti v kontaktu s lepidly a tmely. Tvar m\u00e1 vhodn\u00e1 zaoblen\u00ed a \u00fahly pro mo\u017enost pou\u017eit\u00ed v r\u016fzn\u00fdch aplikac\u00edch. Materi\u00e1l je rovn\u011b\u017e poddajn\u00fd pro snadn\u00e9 \u0159ez\u00e1n\u00ed a brou\u0161en\u00ed, tak\u017ee je v\u017edy mo\u017en\u00e9 vybrat pot\u0159ebnou velikost a \u00fahel v z\u00e1vislosti na konkr\u00e9tn\u00ed aplikaci.","og_url":"https:\/\/proventuss.eu\/cs\/produkt\/vi-pro-spatula\/","og_site_name":"Proventuss","og_image":[{"width":640,"height":640,"url":"https:\/\/proventuss.eu\/wp-content\/uploads\/2022\/04\/Szpatulka.png","type":"image\/png"}],"twitter_card":"summary_large_image","schema":{"@context":"https:\/\/schema.org","@graph":[{"@type":"WebPage","@id":"https:\/\/proventuss.eu\/cs\/produkt\/vi-pro-spatula\/","url":"https:\/\/proventuss.eu\/cs\/produkt\/vi-pro-spatula\/","name":"Vi-Pro\u00ae SPATULA - Proventuss","isPartOf":{"@id":"https:\/\/proventuss.eu\/#website"},"primaryImageOfPage":{"@id":"https:\/\/proventuss.eu\/cs\/produkt\/vi-pro-spatula\/#primaryimage"},"image":{"@id":"https:\/\/proventuss.eu\/cs\/produkt\/vi-pro-spatula\/#primaryimage"},"thumbnailUrl":"https:\/\/proventuss.eu\/wp-content\/uploads\/2022\/04\/Szpatulka.png","datePublished":"2022-04-26T11:43:08+00:00","dateModified":"2022-04-26T11:43:08+00:00","breadcrumb":{"@id":"https:\/\/proventuss.eu\/cs\/produkt\/vi-pro-spatula\/#breadcrumb"},"inLanguage":"cs","potentialAction":[{"@type":"ReadAction","target":["https:\/\/proventuss.eu\/cs\/produkt\/vi-pro-spatula\/"]}]},{"@type":"ImageObject","inLanguage":"cs","@id":"https:\/\/proventuss.eu\/cs\/produkt\/vi-pro-spatula\/#primaryimage","url":"https:\/\/proventuss.eu\/wp-content\/uploads\/2022\/04\/Szpatulka.png","contentUrl":"https:\/\/proventuss.eu\/wp-content\/uploads\/2022\/04\/Szpatulka.png","width":640,"height":640,"caption":"Na zdj\u0119ciu Szpachelka do wyg\u0142adzania i modelowania mas uszczelniaj\u0105cych. Zapewnia w\u0142a\u015bciwo\u015bci antyadhezyjne w kontakcie z klejami i uszczelniaczami. Kolor czarny."},{"@type":"BreadcrumbList","@id":"https:\/\/proventuss.eu\/cs\/produkt\/vi-pro-spatula\/#breadcrumb","itemListElement":[{"@type":"ListItem","position":1,"name":"Home","item":"https:\/\/proventuss.eu\/"},{"@type":"ListItem","position":2,"name":"Produkty","item":"https:\/\/proventuss.eu\/produkty\/"},{"@type":"ListItem","position":3,"name":"Vi-Pro\u00ae SPATULA"}]},{"@type":"WebSite","@id":"https:\/\/proventuss.eu\/#website","url":"https:\/\/proventuss.eu\/","name":"Proventuss","description":"","potentialAction":[{"@type":"SearchAction","target":{"@type":"EntryPoint","urlTemplate":"https:\/\/proventuss.eu\/?s={search_term_string}"},"query-input":"required name=search_term_string"}],"inLanguage":"cs"}]}},"_links":{"self":[{"href":"https:\/\/proventuss.eu\/cs\/wp-json\/wp\/v2\/product\/6560"}],"collection":[{"href":"https:\/\/proventuss.eu\/cs\/wp-json\/wp\/v2\/product"}],"about":[{"href":"https:\/\/proventuss.eu\/cs\/wp-json\/wp\/v2\/types\/product"}],"replies":[{"embeddable":true,"href":"https:\/\/proventuss.eu\/cs\/wp-json\/wp\/v2\/comments?post=6560"}],"wp:featuredmedia":[{"embeddable":true,"href":"https:\/\/proventuss.eu\/cs\/wp-json\/wp\/v2\/media\/4767"}],"wp:attachment":[{"href":"https:\/\/proventuss.eu\/cs\/wp-json\/wp\/v2\/media?parent=6560"}],"wp:term":[{"taxonomy":"product_cat","embeddable":true,"href":"https:\/\/proventuss.eu\/cs\/wp-json\/wp\/v2\/product_cat?post=6560"},{"taxonomy":"product_tag","embeddable":true,"href":"https:\/\/proventuss.eu\/cs\/wp-json\/wp\/v2\/product_tag?post=6560"}],"curies":[{"name":"wp","href":"https:\/\/api.w.org\/{rel}","templated":true}]}}