{"id":6559,"date":"2022-04-26T11:35:44","date_gmt":"2022-04-26T11:35:44","guid":{"rendered":"https:\/\/proventuss.eu\/produkt\/vi-pro-easy-to-tool\/"},"modified":"2023-07-18T10:09:00","modified_gmt":"2023-07-18T10:09:00","slug":"vi-pro-easy-to-tool","status":"publish","type":"product","link":"https:\/\/proventuss.eu\/cs\/produkt\/vi-pro-easy-to-tool\/","title":{"rendered":"Vi-Pro\u00ae EASY TO TOOL"},"content":{"rendered":"<p>SPECI\u00c1LN\u00cd KONCENTROVAN\u00dd ZAHLAZOVAC\u00cd PROST\u0158EDEK, VODN\u00cd ROZTOK z povrchov\u011b aktivn\u00edch l\u00e1tek a p\u0159\u00edsad, pou\u017e\u00edv\u00e1 se pro zahlazen\u00ed silikonov\u00fdch tmel\u016f. Dod\u00e1van\u00fd jako koncentr\u00e1t k p\u0159\u00edprav\u011b vhodn\u00e9ho roztoku s vodou v z\u00e1vislosti na aplikaci. Vi-Pro\u00ae Easy-To-Tool usnad\u0148uje zapracov\u00e1n\u00ed a zahlazen\u00ed tmelen\u00e9ho spoje (silikonov\u00e9ho, akrylov\u00e9ho, polyurethanov\u00e9ho, z MS-polymeru, atd.) Jako v\u00fdrobek na vodn\u00ed b\u00e1zi nep\u0159edstavuje pro u\u017eivatele riziko zdravotn\u00edch pot\u00ed\u017e\u00ed.Vi-Pro\u00ae EASY TO TOOL<\/p>\n<p><strong>V\u00ddHODY:<\/strong><br \/>\n\u2022 Udr\u017euje hladk\u00fd lesk povrchu tmelu<br \/>\n\u2022 Vhodn\u00e9 pro v\u0161echny tmely<br \/>\n\u2022 Neutr\u00e1ln\u00ed, bez obsahu kyselin, z\u00e1sad a rozpou\u0161t\u011bdel<br \/>\n\u2022 Vysok\u00e1 efektivita, koncentr\u00e1t se \u0159ed\u00ed vodou<br \/>\n\u2022 Dermatologicky testovan\u00e9 slo\u017eky<br \/>\n\u2022 Kompatibiln\u00ed se v\u0161emi tmely Dowsil<\/p>\n","protected":false},"excerpt":{"rendered":"<p>SPECI\u00c1LN\u00cd KONCENTROVAN\u00dd ZAHLAZOVAC\u00cd PROST\u0158EDEK, VODN\u00cd ROZTOK z povrchov\u011b aktivn\u00edch l\u00e1tek a p\u0159\u00edsad, pou\u017e\u00edv\u00e1 se pro zahlazen\u00ed silikonov\u00fdch tmel\u016f. Dod\u00e1van\u00fd jako koncentr\u00e1t k p\u0159\u00edprav\u011b vhodn\u00e9ho roztoku s vodou v z\u00e1vislosti na aplikaci. Vi-Pro\u00ae Easy-To-Tool usnad\u0148uje zapracov\u00e1n\u00ed a zahlazen\u00ed tmelen\u00e9ho spoje (silikonov\u00e9ho, akrylov\u00e9ho, polyurethanov\u00e9ho, z MS-polymeru, atd.) Jako v\u00fdrobek na vodn\u00ed b\u00e1zi nep\u0159edstavuje pro u\u017eivatele riziko zdravotn\u00edch [&hellip;]<\/p>\n","protected":false},"featured_media":5505,"comment_status":"open","ping_status":"closed","template":"","meta":{"_acf_changed":false},"product_cat":[327,324],"product_tag":[],"acf":[],"yoast_head":"<!-- This site is optimized with the Yoast SEO plugin v22.9 - https:\/\/yoast.com\/wordpress\/plugins\/seo\/ -->\n<title>Vi-Pro\u00ae EASY TO TOOL - Proventuss<\/title>\n<meta name=\"robots\" content=\"index, follow, max-snippet:-1, max-image-preview:large, max-video-preview:-1\" \/>\n<link rel=\"canonical\" href=\"https:\/\/proventuss.eu\/cs\/produkt\/vi-pro-easy-to-tool\/\" \/>\n<meta property=\"og:locale\" content=\"cs_CZ\" \/>\n<meta property=\"og:type\" content=\"article\" \/>\n<meta property=\"og:title\" content=\"Vi-Pro\u00ae EASY TO TOOL - Proventuss\" \/>\n<meta property=\"og:description\" content=\"SPECI\u00c1LN\u00cd KONCENTROVAN\u00dd ZAHLAZOVAC\u00cd PROST\u0158EDEK, VODN\u00cd ROZTOK z povrchov\u011b aktivn\u00edch l\u00e1tek a p\u0159\u00edsad, pou\u017e\u00edv\u00e1 se pro zahlazen\u00ed silikonov\u00fdch tmel\u016f. Dod\u00e1van\u00fd jako koncentr\u00e1t k p\u0159\u00edprav\u011b vhodn\u00e9ho roztoku s vodou v z\u00e1vislosti na aplikaci. Vi-Pro\u00ae Easy-To-Tool usnad\u0148uje zapracov\u00e1n\u00ed a zahlazen\u00ed tmelen\u00e9ho spoje (silikonov\u00e9ho, akrylov\u00e9ho, polyurethanov\u00e9ho, z MS-polymeru, atd.) Jako v\u00fdrobek na vodn\u00ed b\u00e1zi nep\u0159edstavuje pro u\u017eivatele riziko zdravotn\u00edch [&hellip;]\" \/>\n<meta property=\"og:url\" content=\"https:\/\/proventuss.eu\/cs\/produkt\/vi-pro-easy-to-tool\/\" \/>\n<meta property=\"og:site_name\" content=\"Proventuss\" \/>\n<meta property=\"article:modified_time\" content=\"2023-07-18T10:09:00+00:00\" \/>\n<meta property=\"og:image\" content=\"https:\/\/proventuss.eu\/wp-content\/uploads\/2022\/04\/ETT.png\" \/>\n\t<meta property=\"og:image:width\" content=\"372\" \/>\n\t<meta property=\"og:image:height\" content=\"800\" \/>\n\t<meta property=\"og:image:type\" content=\"image\/png\" \/>\n<meta name=\"twitter:card\" content=\"summary_large_image\" \/>\n<meta name=\"twitter:label1\" content=\"Odhadovan\u00e1 doba \u010dten\u00ed\" \/>\n\t<meta name=\"twitter:data1\" content=\"1 minuta\" \/>\n<script type=\"application\/ld+json\" class=\"yoast-schema-graph\">{\"@context\":\"https:\/\/schema.org\",\"@graph\":[{\"@type\":\"WebPage\",\"@id\":\"https:\/\/proventuss.eu\/cs\/produkt\/vi-pro-easy-to-tool\/\",\"url\":\"https:\/\/proventuss.eu\/cs\/produkt\/vi-pro-easy-to-tool\/\",\"name\":\"Vi-Pro\u00ae EASY TO TOOL - Proventuss\",\"isPartOf\":{\"@id\":\"https:\/\/proventuss.eu\/#website\"},\"primaryImageOfPage\":{\"@id\":\"https:\/\/proventuss.eu\/cs\/produkt\/vi-pro-easy-to-tool\/#primaryimage\"},\"image\":{\"@id\":\"https:\/\/proventuss.eu\/cs\/produkt\/vi-pro-easy-to-tool\/#primaryimage\"},\"thumbnailUrl\":\"https:\/\/proventuss.eu\/wp-content\/uploads\/2022\/04\/ETT.png\",\"datePublished\":\"2022-04-26T11:35:44+00:00\",\"dateModified\":\"2023-07-18T10:09:00+00:00\",\"breadcrumb\":{\"@id\":\"https:\/\/proventuss.eu\/cs\/produkt\/vi-pro-easy-to-tool\/#breadcrumb\"},\"inLanguage\":\"cs\",\"potentialAction\":[{\"@type\":\"ReadAction\",\"target\":[\"https:\/\/proventuss.eu\/cs\/produkt\/vi-pro-easy-to-tool\/\"]}]},{\"@type\":\"ImageObject\",\"inLanguage\":\"cs\",\"@id\":\"https:\/\/proventuss.eu\/cs\/produkt\/vi-pro-easy-to-tool\/#primaryimage\",\"url\":\"https:\/\/proventuss.eu\/wp-content\/uploads\/2022\/04\/ETT.png\",\"contentUrl\":\"https:\/\/proventuss.eu\/wp-content\/uploads\/2022\/04\/ETT.png\",\"width\":372,\"height\":800,\"caption\":\"Na zdj\u0119ciu P\u0142yn do wyg\u0142adzania szczeliw u\u0142atwia profilowanie oraz wyg\u0142adzanie spoin i fug uszczelnie\u0144 silikonowych, akrylowych, poliuretanowych.\"},{\"@type\":\"BreadcrumbList\",\"@id\":\"https:\/\/proventuss.eu\/cs\/produkt\/vi-pro-easy-to-tool\/#breadcrumb\",\"itemListElement\":[{\"@type\":\"ListItem\",\"position\":1,\"name\":\"Home\",\"item\":\"https:\/\/proventuss.eu\/\"},{\"@type\":\"ListItem\",\"position\":2,\"name\":\"Produkty\",\"item\":\"https:\/\/proventuss.eu\/produkty\/\"},{\"@type\":\"ListItem\",\"position\":3,\"name\":\"Vi-Pro\u00ae EASY TO TOOL\"}]},{\"@type\":\"WebSite\",\"@id\":\"https:\/\/proventuss.eu\/#website\",\"url\":\"https:\/\/proventuss.eu\/\",\"name\":\"Proventuss\",\"description\":\"\",\"potentialAction\":[{\"@type\":\"SearchAction\",\"target\":{\"@type\":\"EntryPoint\",\"urlTemplate\":\"https:\/\/proventuss.eu\/?s={search_term_string}\"},\"query-input\":\"required name=search_term_string\"}],\"inLanguage\":\"cs\"}]}<\/script>\n<!-- \/ Yoast SEO plugin. -->","yoast_head_json":{"title":"Vi-Pro\u00ae EASY TO TOOL - Proventuss","robots":{"index":"index","follow":"follow","max-snippet":"max-snippet:-1","max-image-preview":"max-image-preview:large","max-video-preview":"max-video-preview:-1"},"canonical":"https:\/\/proventuss.eu\/cs\/produkt\/vi-pro-easy-to-tool\/","og_locale":"cs_CZ","og_type":"article","og_title":"Vi-Pro\u00ae EASY TO TOOL - Proventuss","og_description":"SPECI\u00c1LN\u00cd KONCENTROVAN\u00dd ZAHLAZOVAC\u00cd PROST\u0158EDEK, VODN\u00cd ROZTOK z povrchov\u011b aktivn\u00edch l\u00e1tek a p\u0159\u00edsad, pou\u017e\u00edv\u00e1 se pro zahlazen\u00ed silikonov\u00fdch tmel\u016f. Dod\u00e1van\u00fd jako koncentr\u00e1t k p\u0159\u00edprav\u011b vhodn\u00e9ho roztoku s vodou v z\u00e1vislosti na aplikaci. Vi-Pro\u00ae Easy-To-Tool usnad\u0148uje zapracov\u00e1n\u00ed a zahlazen\u00ed tmelen\u00e9ho spoje (silikonov\u00e9ho, akrylov\u00e9ho, polyurethanov\u00e9ho, z MS-polymeru, atd.) Jako v\u00fdrobek na vodn\u00ed b\u00e1zi nep\u0159edstavuje pro u\u017eivatele riziko zdravotn\u00edch [&hellip;]","og_url":"https:\/\/proventuss.eu\/cs\/produkt\/vi-pro-easy-to-tool\/","og_site_name":"Proventuss","article_modified_time":"2023-07-18T10:09:00+00:00","og_image":[{"width":372,"height":800,"url":"https:\/\/proventuss.eu\/wp-content\/uploads\/2022\/04\/ETT.png","type":"image\/png"}],"twitter_card":"summary_large_image","twitter_misc":{"Odhadovan\u00e1 doba \u010dten\u00ed":"1 minuta"},"schema":{"@context":"https:\/\/schema.org","@graph":[{"@type":"WebPage","@id":"https:\/\/proventuss.eu\/cs\/produkt\/vi-pro-easy-to-tool\/","url":"https:\/\/proventuss.eu\/cs\/produkt\/vi-pro-easy-to-tool\/","name":"Vi-Pro\u00ae EASY TO TOOL - Proventuss","isPartOf":{"@id":"https:\/\/proventuss.eu\/#website"},"primaryImageOfPage":{"@id":"https:\/\/proventuss.eu\/cs\/produkt\/vi-pro-easy-to-tool\/#primaryimage"},"image":{"@id":"https:\/\/proventuss.eu\/cs\/produkt\/vi-pro-easy-to-tool\/#primaryimage"},"thumbnailUrl":"https:\/\/proventuss.eu\/wp-content\/uploads\/2022\/04\/ETT.png","datePublished":"2022-04-26T11:35:44+00:00","dateModified":"2023-07-18T10:09:00+00:00","breadcrumb":{"@id":"https:\/\/proventuss.eu\/cs\/produkt\/vi-pro-easy-to-tool\/#breadcrumb"},"inLanguage":"cs","potentialAction":[{"@type":"ReadAction","target":["https:\/\/proventuss.eu\/cs\/produkt\/vi-pro-easy-to-tool\/"]}]},{"@type":"ImageObject","inLanguage":"cs","@id":"https:\/\/proventuss.eu\/cs\/produkt\/vi-pro-easy-to-tool\/#primaryimage","url":"https:\/\/proventuss.eu\/wp-content\/uploads\/2022\/04\/ETT.png","contentUrl":"https:\/\/proventuss.eu\/wp-content\/uploads\/2022\/04\/ETT.png","width":372,"height":800,"caption":"Na zdj\u0119ciu P\u0142yn do wyg\u0142adzania szczeliw u\u0142atwia profilowanie oraz wyg\u0142adzanie spoin i fug uszczelnie\u0144 silikonowych, akrylowych, poliuretanowych."},{"@type":"BreadcrumbList","@id":"https:\/\/proventuss.eu\/cs\/produkt\/vi-pro-easy-to-tool\/#breadcrumb","itemListElement":[{"@type":"ListItem","position":1,"name":"Home","item":"https:\/\/proventuss.eu\/"},{"@type":"ListItem","position":2,"name":"Produkty","item":"https:\/\/proventuss.eu\/produkty\/"},{"@type":"ListItem","position":3,"name":"Vi-Pro\u00ae EASY TO TOOL"}]},{"@type":"WebSite","@id":"https:\/\/proventuss.eu\/#website","url":"https:\/\/proventuss.eu\/","name":"Proventuss","description":"","potentialAction":[{"@type":"SearchAction","target":{"@type":"EntryPoint","urlTemplate":"https:\/\/proventuss.eu\/?s={search_term_string}"},"query-input":"required name=search_term_string"}],"inLanguage":"cs"}]}},"_links":{"self":[{"href":"https:\/\/proventuss.eu\/cs\/wp-json\/wp\/v2\/product\/6559"}],"collection":[{"href":"https:\/\/proventuss.eu\/cs\/wp-json\/wp\/v2\/product"}],"about":[{"href":"https:\/\/proventuss.eu\/cs\/wp-json\/wp\/v2\/types\/product"}],"replies":[{"embeddable":true,"href":"https:\/\/proventuss.eu\/cs\/wp-json\/wp\/v2\/comments?post=6559"}],"wp:featuredmedia":[{"embeddable":true,"href":"https:\/\/proventuss.eu\/cs\/wp-json\/wp\/v2\/media\/5505"}],"wp:attachment":[{"href":"https:\/\/proventuss.eu\/cs\/wp-json\/wp\/v2\/media?parent=6559"}],"wp:term":[{"taxonomy":"product_cat","embeddable":true,"href":"https:\/\/proventuss.eu\/cs\/wp-json\/wp\/v2\/product_cat?post=6559"},{"taxonomy":"product_tag","embeddable":true,"href":"https:\/\/proventuss.eu\/cs\/wp-json\/wp\/v2\/product_tag?post=6559"}],"curies":[{"name":"wp","href":"https:\/\/api.w.org\/{rel}","templated":true}]}}