{"id":6555,"date":"2022-04-26T10:47:47","date_gmt":"2022-04-26T10:47:47","guid":{"rendered":"https:\/\/proventuss.eu\/produkt\/vi-pro-pf-tape\/"},"modified":"2022-09-13T06:55:58","modified_gmt":"2022-09-13T06:55:58","slug":"vi-pro-pf-tape","status":"publish","type":"product","link":"https:\/\/proventuss.eu\/cs\/produkt\/vi-pro-pf-tape\/","title":{"rendered":"Vi-Pro\u00ae PF TAPE"},"content":{"rendered":"<p><strong>DVOUSTRANN\u011a P\u0158ILNAV\u00c1 P\u00c1SKA Z POLYETHYLENOV\u00c9 P\u011aNY OBOHACEN\u00c9 EVA S AKRYLOV\u00ddM LEPIDLEM ODOLN\u00ddM NA ST\u0158IH<\/strong><\/p>\n<p>Skv\u011ble p\u0159ilne k \u0161irok\u00e9mu spektru hladk\u00fdch povrch\u016f, v\u010detn\u011b skla, PVC-U, hlin\u00edku, lakovan\u00e9mu d\u0159evu, atd. Je pou\u017e\u00edv\u00e1na jako vysoce bezpe\u010dnostn\u00ed zaskl\u00edvac\u00ed p\u00e1ska pro lepen\u00ed izola\u010dn\u00edch skel do okenn\u00edch r\u00e1m\u016f.<\/p>\n<p>Vi-Pro\u00ae PF P\u00e1ska je vhodn\u00e1 pro instalace ventilovan\u00fdch fas\u00e1dn\u00edch syst\u00e9m\u016f a uchycen\u00ed dve\u0159n\u00edch panel\u016f. Vi-Pro PF P\u00e1ska\u00ae m\u016f\u017ee b\u00fdt rovn\u011b\u017e pou\u017eita v \u0161irok\u00e9m spektru spojovac\u00edch a instala\u010dn\u00edch aplikac\u00ed.<\/p>\n<p><strong>VLASTNOSTI:<\/strong><br \/>\n\u2022 Dobr\u00e1 p\u0159ilnavost k \u0161irok\u00e9mu spektru podklad\u016f<br \/>\n\u2022 Dobr\u00e1 odolnost k UV z\u00e1\u0159en\u00ed<br \/>\n\u2022 Vysok\u00fd komfort pou\u017eit\u00ed<br \/>\n\u2022 Vytla\u010den\u00e1 ve form\u011b p\u00e1sky nebo \u0161\u0148\u016fry, umo\u017e\u0148uje snadn\u00e9 a p\u0159esn\u00e9 pou\u017eit\u00ed s mal\u00fdm mno\u017estv\u00edm odpadu<br \/>\n\u2022 Vysok\u00e1 viskozita<br \/>\n\u2022 Z\u016fst\u00e1v\u00e1 ohebn\u00e1 po dobu \u017eivotnosti<br \/>\n\u2022 Stabiln\u00ed v \u0161irok\u00e9m rozsahu teplot:-40\u00b0C a\u017e +90\u00b0C<\/p>\n","protected":false},"excerpt":{"rendered":"<p>DVOUSTRANN\u011a P\u0158ILNAV\u00c1 P\u00c1SKA Z POLYETHYLENOV\u00c9 P\u011aNY OBOHACEN\u00c9 EVA S AKRYLOV\u00ddM LEPIDLEM ODOLN\u00ddM NA ST\u0158IH Skv\u011ble p\u0159ilne k \u0161irok\u00e9mu spektru hladk\u00fdch povrch\u016f, v\u010detn\u011b skla, PVC-U, hlin\u00edku, lakovan\u00e9mu d\u0159evu, atd. Je pou\u017e\u00edv\u00e1na jako vysoce bezpe\u010dnostn\u00ed zaskl\u00edvac\u00ed p\u00e1ska pro lepen\u00ed izola\u010dn\u00edch skel do okenn\u00edch r\u00e1m\u016f. Vi-Pro\u00ae PF P\u00e1ska je vhodn\u00e1 pro instalace ventilovan\u00fdch fas\u00e1dn\u00edch syst\u00e9m\u016f a uchycen\u00ed dve\u0159n\u00edch [&hellip;]<\/p>\n","protected":false},"featured_media":4722,"comment_status":"open","ping_status":"closed","template":"","meta":{"_acf_changed":false},"product_cat":[323],"product_tag":[],"acf":[],"yoast_head":"<!-- This site is optimized with the Yoast SEO plugin v22.9 - https:\/\/yoast.com\/wordpress\/plugins\/seo\/ -->\n<title>Vi-Pro\u00ae PF TAPE - Proventuss<\/title>\n<meta name=\"robots\" content=\"index, follow, max-snippet:-1, max-image-preview:large, max-video-preview:-1\" \/>\n<link rel=\"canonical\" href=\"https:\/\/proventuss.eu\/cs\/produkt\/vi-pro-pf-tape\/\" \/>\n<meta property=\"og:locale\" content=\"cs_CZ\" \/>\n<meta property=\"og:type\" content=\"article\" \/>\n<meta property=\"og:title\" content=\"Vi-Pro\u00ae PF TAPE - Proventuss\" \/>\n<meta property=\"og:description\" content=\"DVOUSTRANN\u011a P\u0158ILNAV\u00c1 P\u00c1SKA Z POLYETHYLENOV\u00c9 P\u011aNY OBOHACEN\u00c9 EVA S AKRYLOV\u00ddM LEPIDLEM ODOLN\u00ddM NA ST\u0158IH Skv\u011ble p\u0159ilne k \u0161irok\u00e9mu spektru hladk\u00fdch povrch\u016f, v\u010detn\u011b skla, PVC-U, hlin\u00edku, lakovan\u00e9mu d\u0159evu, atd. Je pou\u017e\u00edv\u00e1na jako vysoce bezpe\u010dnostn\u00ed zaskl\u00edvac\u00ed p\u00e1ska pro lepen\u00ed izola\u010dn\u00edch skel do okenn\u00edch r\u00e1m\u016f. Vi-Pro\u00ae PF P\u00e1ska je vhodn\u00e1 pro instalace ventilovan\u00fdch fas\u00e1dn\u00edch syst\u00e9m\u016f a uchycen\u00ed dve\u0159n\u00edch [&hellip;]\" \/>\n<meta property=\"og:url\" content=\"https:\/\/proventuss.eu\/cs\/produkt\/vi-pro-pf-tape\/\" \/>\n<meta property=\"og:site_name\" content=\"Proventuss\" \/>\n<meta property=\"article:modified_time\" content=\"2022-09-13T06:55:58+00:00\" \/>\n<meta property=\"og:image\" content=\"https:\/\/proventuss.eu\/wp-content\/uploads\/2022\/04\/Vi-Pro-tasma-PF.png\" \/>\n\t<meta property=\"og:image:width\" content=\"1136\" \/>\n\t<meta property=\"og:image:height\" content=\"518\" \/>\n\t<meta property=\"og:image:type\" content=\"image\/png\" \/>\n<meta name=\"twitter:card\" content=\"summary_large_image\" \/>\n<meta name=\"twitter:label1\" content=\"Odhadovan\u00e1 doba \u010dten\u00ed\" \/>\n\t<meta name=\"twitter:data1\" content=\"1 minuta\" \/>\n<script type=\"application\/ld+json\" class=\"yoast-schema-graph\">{\"@context\":\"https:\/\/schema.org\",\"@graph\":[{\"@type\":\"WebPage\",\"@id\":\"https:\/\/proventuss.eu\/cs\/produkt\/vi-pro-pf-tape\/\",\"url\":\"https:\/\/proventuss.eu\/cs\/produkt\/vi-pro-pf-tape\/\",\"name\":\"Vi-Pro\u00ae PF TAPE - Proventuss\",\"isPartOf\":{\"@id\":\"https:\/\/proventuss.eu\/#website\"},\"primaryImageOfPage\":{\"@id\":\"https:\/\/proventuss.eu\/cs\/produkt\/vi-pro-pf-tape\/#primaryimage\"},\"image\":{\"@id\":\"https:\/\/proventuss.eu\/cs\/produkt\/vi-pro-pf-tape\/#primaryimage\"},\"thumbnailUrl\":\"https:\/\/proventuss.eu\/wp-content\/uploads\/2022\/04\/Vi-Pro-tasma-PF.png\",\"datePublished\":\"2022-04-26T10:47:47+00:00\",\"dateModified\":\"2022-09-13T06:55:58+00:00\",\"breadcrumb\":{\"@id\":\"https:\/\/proventuss.eu\/cs\/produkt\/vi-pro-pf-tape\/#breadcrumb\"},\"inLanguage\":\"cs\",\"potentialAction\":[{\"@type\":\"ReadAction\",\"target\":[\"https:\/\/proventuss.eu\/cs\/produkt\/vi-pro-pf-tape\/\"]}]},{\"@type\":\"ImageObject\",\"inLanguage\":\"cs\",\"@id\":\"https:\/\/proventuss.eu\/cs\/produkt\/vi-pro-pf-tape\/#primaryimage\",\"url\":\"https:\/\/proventuss.eu\/wp-content\/uploads\/2022\/04\/Vi-Pro-tasma-PF.png\",\"contentUrl\":\"https:\/\/proventuss.eu\/wp-content\/uploads\/2022\/04\/Vi-Pro-tasma-PF.png\",\"width\":1136,\"height\":518,\"caption\":\"Na zdj\u0119ciu dwustronna ta\u015bma z pianki polietylenowej do wklejania szyb zespolonych w ramy okienne. Doskonale przylega do szerokiej gamy g\u0142adkich powierzchni.\"},{\"@type\":\"BreadcrumbList\",\"@id\":\"https:\/\/proventuss.eu\/cs\/produkt\/vi-pro-pf-tape\/#breadcrumb\",\"itemListElement\":[{\"@type\":\"ListItem\",\"position\":1,\"name\":\"Home\",\"item\":\"https:\/\/proventuss.eu\/\"},{\"@type\":\"ListItem\",\"position\":2,\"name\":\"Produkty\",\"item\":\"https:\/\/proventuss.eu\/produkty\/\"},{\"@type\":\"ListItem\",\"position\":3,\"name\":\"Vi-Pro\u00ae PF TAPE\"}]},{\"@type\":\"WebSite\",\"@id\":\"https:\/\/proventuss.eu\/#website\",\"url\":\"https:\/\/proventuss.eu\/\",\"name\":\"Proventuss\",\"description\":\"\",\"potentialAction\":[{\"@type\":\"SearchAction\",\"target\":{\"@type\":\"EntryPoint\",\"urlTemplate\":\"https:\/\/proventuss.eu\/?s={search_term_string}\"},\"query-input\":\"required name=search_term_string\"}],\"inLanguage\":\"cs\"}]}<\/script>\n<!-- \/ Yoast SEO plugin. -->","yoast_head_json":{"title":"Vi-Pro\u00ae PF TAPE - Proventuss","robots":{"index":"index","follow":"follow","max-snippet":"max-snippet:-1","max-image-preview":"max-image-preview:large","max-video-preview":"max-video-preview:-1"},"canonical":"https:\/\/proventuss.eu\/cs\/produkt\/vi-pro-pf-tape\/","og_locale":"cs_CZ","og_type":"article","og_title":"Vi-Pro\u00ae PF TAPE - Proventuss","og_description":"DVOUSTRANN\u011a P\u0158ILNAV\u00c1 P\u00c1SKA Z POLYETHYLENOV\u00c9 P\u011aNY OBOHACEN\u00c9 EVA S AKRYLOV\u00ddM LEPIDLEM ODOLN\u00ddM NA ST\u0158IH Skv\u011ble p\u0159ilne k \u0161irok\u00e9mu spektru hladk\u00fdch povrch\u016f, v\u010detn\u011b skla, PVC-U, hlin\u00edku, lakovan\u00e9mu d\u0159evu, atd. Je pou\u017e\u00edv\u00e1na jako vysoce bezpe\u010dnostn\u00ed zaskl\u00edvac\u00ed p\u00e1ska pro lepen\u00ed izola\u010dn\u00edch skel do okenn\u00edch r\u00e1m\u016f. Vi-Pro\u00ae PF P\u00e1ska je vhodn\u00e1 pro instalace ventilovan\u00fdch fas\u00e1dn\u00edch syst\u00e9m\u016f a uchycen\u00ed dve\u0159n\u00edch [&hellip;]","og_url":"https:\/\/proventuss.eu\/cs\/produkt\/vi-pro-pf-tape\/","og_site_name":"Proventuss","article_modified_time":"2022-09-13T06:55:58+00:00","og_image":[{"width":1136,"height":518,"url":"https:\/\/proventuss.eu\/wp-content\/uploads\/2022\/04\/Vi-Pro-tasma-PF.png","type":"image\/png"}],"twitter_card":"summary_large_image","twitter_misc":{"Odhadovan\u00e1 doba \u010dten\u00ed":"1 minuta"},"schema":{"@context":"https:\/\/schema.org","@graph":[{"@type":"WebPage","@id":"https:\/\/proventuss.eu\/cs\/produkt\/vi-pro-pf-tape\/","url":"https:\/\/proventuss.eu\/cs\/produkt\/vi-pro-pf-tape\/","name":"Vi-Pro\u00ae PF TAPE - Proventuss","isPartOf":{"@id":"https:\/\/proventuss.eu\/#website"},"primaryImageOfPage":{"@id":"https:\/\/proventuss.eu\/cs\/produkt\/vi-pro-pf-tape\/#primaryimage"},"image":{"@id":"https:\/\/proventuss.eu\/cs\/produkt\/vi-pro-pf-tape\/#primaryimage"},"thumbnailUrl":"https:\/\/proventuss.eu\/wp-content\/uploads\/2022\/04\/Vi-Pro-tasma-PF.png","datePublished":"2022-04-26T10:47:47+00:00","dateModified":"2022-09-13T06:55:58+00:00","breadcrumb":{"@id":"https:\/\/proventuss.eu\/cs\/produkt\/vi-pro-pf-tape\/#breadcrumb"},"inLanguage":"cs","potentialAction":[{"@type":"ReadAction","target":["https:\/\/proventuss.eu\/cs\/produkt\/vi-pro-pf-tape\/"]}]},{"@type":"ImageObject","inLanguage":"cs","@id":"https:\/\/proventuss.eu\/cs\/produkt\/vi-pro-pf-tape\/#primaryimage","url":"https:\/\/proventuss.eu\/wp-content\/uploads\/2022\/04\/Vi-Pro-tasma-PF.png","contentUrl":"https:\/\/proventuss.eu\/wp-content\/uploads\/2022\/04\/Vi-Pro-tasma-PF.png","width":1136,"height":518,"caption":"Na zdj\u0119ciu dwustronna ta\u015bma z pianki polietylenowej do wklejania szyb zespolonych w ramy okienne. Doskonale przylega do szerokiej gamy g\u0142adkich powierzchni."},{"@type":"BreadcrumbList","@id":"https:\/\/proventuss.eu\/cs\/produkt\/vi-pro-pf-tape\/#breadcrumb","itemListElement":[{"@type":"ListItem","position":1,"name":"Home","item":"https:\/\/proventuss.eu\/"},{"@type":"ListItem","position":2,"name":"Produkty","item":"https:\/\/proventuss.eu\/produkty\/"},{"@type":"ListItem","position":3,"name":"Vi-Pro\u00ae PF TAPE"}]},{"@type":"WebSite","@id":"https:\/\/proventuss.eu\/#website","url":"https:\/\/proventuss.eu\/","name":"Proventuss","description":"","potentialAction":[{"@type":"SearchAction","target":{"@type":"EntryPoint","urlTemplate":"https:\/\/proventuss.eu\/?s={search_term_string}"},"query-input":"required name=search_term_string"}],"inLanguage":"cs"}]}},"_links":{"self":[{"href":"https:\/\/proventuss.eu\/cs\/wp-json\/wp\/v2\/product\/6555"}],"collection":[{"href":"https:\/\/proventuss.eu\/cs\/wp-json\/wp\/v2\/product"}],"about":[{"href":"https:\/\/proventuss.eu\/cs\/wp-json\/wp\/v2\/types\/product"}],"replies":[{"embeddable":true,"href":"https:\/\/proventuss.eu\/cs\/wp-json\/wp\/v2\/comments?post=6555"}],"wp:featuredmedia":[{"embeddable":true,"href":"https:\/\/proventuss.eu\/cs\/wp-json\/wp\/v2\/media\/4722"}],"wp:attachment":[{"href":"https:\/\/proventuss.eu\/cs\/wp-json\/wp\/v2\/media?parent=6555"}],"wp:term":[{"taxonomy":"product_cat","embeddable":true,"href":"https:\/\/proventuss.eu\/cs\/wp-json\/wp\/v2\/product_cat?post=6555"},{"taxonomy":"product_tag","embeddable":true,"href":"https:\/\/proventuss.eu\/cs\/wp-json\/wp\/v2\/product_tag?post=6555"}],"curies":[{"name":"wp","href":"https:\/\/api.w.org\/{rel}","templated":true}]}}