{"id":6553,"date":"2022-04-26T10:45:35","date_gmt":"2022-04-26T10:45:35","guid":{"rendered":"https:\/\/proventuss.eu\/produkt\/vi-pro-backer-rod\/"},"modified":"2022-04-26T10:45:35","modified_gmt":"2022-04-26T10:45:35","slug":"vi-pro-backer-rod","status":"publish","type":"product","link":"https:\/\/proventuss.eu\/cs\/produkt\/vi-pro-backer-rod\/","title":{"rendered":"Vi-Pro\u00ae BACKER ROD"},"content":{"rendered":"<p><strong>V\u00ddPL\u0147OV\u00c1 \u0160\u0147\u016eRA Z POLYURETHANOV\u00c9 P\u011aNY<\/strong>. Ohebn\u00e1 expanzn\u00ed a t\u011bsn\u00edc\u00ed \u0161\u0148\u016fra z polyurethanov\u00e9 p\u011bny pro t\u011bsn\u011bn\u00ed okenn\u00edch a fas\u00e1dn\u00edch instalac\u00ed, stavebn\u00edch izolac\u00ed a jin\u00fdch rekonstruk\u010dn\u00edch a stavebn\u00edch prac\u00ed Vi-Pro\u00ae V\u00fdpl\u0148ov\u00e1 \u0161\u0148\u016fra.<\/p>\n<p>Univerz\u00e1ln\u00ed a snadn\u00e1 instalace, \u0161\u0148\u016fra m\u016f\u017ee b\u00fdt pou\u017eita vn\u011b i uvnit\u0159 budovy, na svisl\u00fdch i vodorovn\u00fdch povr\u0161\u00edch. \u0160\u0148\u016fra vytvo\u0159\u00ed po\u010d\u00e1te\u010dn\u00ed v\u00fdpl\u0148 mezer a umo\u017e\u0148uje jejich spr\u00e1vn\u00fd pr\u016f\u0159ez a sni\u017euje spot\u0159ebu v\u00fdpl\u0148ov\u00e9ho materi\u00e1lu (nap\u0159. silikonu).<\/p>\n<p><strong>V\u00ddHODY:<\/strong><br \/>\n\u2022 Univerz\u00e1ln\u00ed &#8211; pro t\u011bsn\u011bn\u00ed a dilataci v r\u016fzn\u00fdch aplikac\u00edch<br \/>\n\u2022 Snadn\u00e9 pou\u017eit\u00ed, m\u016f\u017ee b\u00fdt na\u0159ez\u00e1na na po\u017eadovanou d\u00e9lku<\/p>\n<p><strong>DOSTUPN\u00c9 ROZM\u011aRY:<\/strong><br \/>\n6 mm, 8 mm, 10 mm<br \/>\nRole po 25 m<\/p>\n","protected":false},"excerpt":{"rendered":"<p>V\u00ddPL\u0147OV\u00c1 \u0160\u0147\u016eRA Z POLYURETHANOV\u00c9 P\u011aNY. Ohebn\u00e1 expanzn\u00ed a t\u011bsn\u00edc\u00ed \u0161\u0148\u016fra z polyurethanov\u00e9 p\u011bny pro t\u011bsn\u011bn\u00ed okenn\u00edch a fas\u00e1dn\u00edch instalac\u00ed, stavebn\u00edch izolac\u00ed a jin\u00fdch rekonstruk\u010dn\u00edch a stavebn\u00edch prac\u00ed Vi-Pro\u00ae V\u00fdpl\u0148ov\u00e1 \u0161\u0148\u016fra. Univerz\u00e1ln\u00ed a snadn\u00e1 instalace, \u0161\u0148\u016fra m\u016f\u017ee b\u00fdt pou\u017eita vn\u011b i uvnit\u0159 budovy, na svisl\u00fdch i vodorovn\u00fdch povr\u0161\u00edch. \u0160\u0148\u016fra vytvo\u0159\u00ed po\u010d\u00e1te\u010dn\u00ed v\u00fdpl\u0148 mezer a umo\u017e\u0148uje jejich [&hellip;]<\/p>\n","protected":false},"featured_media":4716,"comment_status":"open","ping_status":"closed","template":"","meta":{"_acf_changed":false},"product_cat":[323],"product_tag":[],"acf":[],"yoast_head":"<!-- This site is optimized with the Yoast SEO plugin v22.9 - https:\/\/yoast.com\/wordpress\/plugins\/seo\/ -->\n<title>Vi-Pro\u00ae BACKER ROD - Proventuss<\/title>\n<meta name=\"robots\" content=\"index, follow, max-snippet:-1, max-image-preview:large, max-video-preview:-1\" \/>\n<link rel=\"canonical\" href=\"https:\/\/proventuss.eu\/cs\/produkt\/vi-pro-backer-rod\/\" \/>\n<meta property=\"og:locale\" content=\"cs_CZ\" \/>\n<meta property=\"og:type\" content=\"article\" \/>\n<meta property=\"og:title\" content=\"Vi-Pro\u00ae BACKER ROD - Proventuss\" \/>\n<meta property=\"og:description\" content=\"V\u00ddPL\u0147OV\u00c1 \u0160\u0147\u016eRA Z POLYURETHANOV\u00c9 P\u011aNY. Ohebn\u00e1 expanzn\u00ed a t\u011bsn\u00edc\u00ed \u0161\u0148\u016fra z polyurethanov\u00e9 p\u011bny pro t\u011bsn\u011bn\u00ed okenn\u00edch a fas\u00e1dn\u00edch instalac\u00ed, stavebn\u00edch izolac\u00ed a jin\u00fdch rekonstruk\u010dn\u00edch a stavebn\u00edch prac\u00ed Vi-Pro\u00ae V\u00fdpl\u0148ov\u00e1 \u0161\u0148\u016fra. Univerz\u00e1ln\u00ed a snadn\u00e1 instalace, \u0161\u0148\u016fra m\u016f\u017ee b\u00fdt pou\u017eita vn\u011b i uvnit\u0159 budovy, na svisl\u00fdch i vodorovn\u00fdch povr\u0161\u00edch. \u0160\u0148\u016fra vytvo\u0159\u00ed po\u010d\u00e1te\u010dn\u00ed v\u00fdpl\u0148 mezer a umo\u017e\u0148uje jejich [&hellip;]\" \/>\n<meta property=\"og:url\" content=\"https:\/\/proventuss.eu\/cs\/produkt\/vi-pro-backer-rod\/\" \/>\n<meta property=\"og:site_name\" content=\"Proventuss\" \/>\n<meta property=\"og:image\" content=\"https:\/\/proventuss.eu\/wp-content\/uploads\/2022\/04\/Vi-Pro-Backer-Rod-8-mm-na-25-m.png\" \/>\n\t<meta property=\"og:image:width\" content=\"640\" \/>\n\t<meta property=\"og:image:height\" content=\"640\" \/>\n\t<meta property=\"og:image:type\" content=\"image\/png\" \/>\n<meta name=\"twitter:card\" content=\"summary_large_image\" \/>\n<meta name=\"twitter:label1\" content=\"Odhadovan\u00e1 doba \u010dten\u00ed\" \/>\n\t<meta name=\"twitter:data1\" content=\"1 minuta\" \/>\n<script type=\"application\/ld+json\" class=\"yoast-schema-graph\">{\"@context\":\"https:\/\/schema.org\",\"@graph\":[{\"@type\":\"WebPage\",\"@id\":\"https:\/\/proventuss.eu\/cs\/produkt\/vi-pro-backer-rod\/\",\"url\":\"https:\/\/proventuss.eu\/cs\/produkt\/vi-pro-backer-rod\/\",\"name\":\"Vi-Pro\u00ae BACKER ROD - Proventuss\",\"isPartOf\":{\"@id\":\"https:\/\/proventuss.eu\/#website\"},\"primaryImageOfPage\":{\"@id\":\"https:\/\/proventuss.eu\/cs\/produkt\/vi-pro-backer-rod\/#primaryimage\"},\"image\":{\"@id\":\"https:\/\/proventuss.eu\/cs\/produkt\/vi-pro-backer-rod\/#primaryimage\"},\"thumbnailUrl\":\"https:\/\/proventuss.eu\/wp-content\/uploads\/2022\/04\/Vi-Pro-Backer-Rod-8-mm-na-25-m.png\",\"datePublished\":\"2022-04-26T10:45:35+00:00\",\"dateModified\":\"2022-04-26T10:45:35+00:00\",\"breadcrumb\":{\"@id\":\"https:\/\/proventuss.eu\/cs\/produkt\/vi-pro-backer-rod\/#breadcrumb\"},\"inLanguage\":\"cs\",\"potentialAction\":[{\"@type\":\"ReadAction\",\"target\":[\"https:\/\/proventuss.eu\/cs\/produkt\/vi-pro-backer-rod\/\"]}]},{\"@type\":\"ImageObject\",\"inLanguage\":\"cs\",\"@id\":\"https:\/\/proventuss.eu\/cs\/produkt\/vi-pro-backer-rod\/#primaryimage\",\"url\":\"https:\/\/proventuss.eu\/wp-content\/uploads\/2022\/04\/Vi-Pro-Backer-Rod-8-mm-na-25-m.png\",\"contentUrl\":\"https:\/\/proventuss.eu\/wp-content\/uploads\/2022\/04\/Vi-Pro-Backer-Rod-8-mm-na-25-m.png\",\"width\":640,\"height\":640,\"caption\":\"Na zdj\u0119ciu sznur wype\u0142niaj\u0105cy z pianki polietylenowej - elastyczne wype\u0142nienie dylatacyjne i uszczelnienie przy monta\u017cu okien i fasad.\"},{\"@type\":\"BreadcrumbList\",\"@id\":\"https:\/\/proventuss.eu\/cs\/produkt\/vi-pro-backer-rod\/#breadcrumb\",\"itemListElement\":[{\"@type\":\"ListItem\",\"position\":1,\"name\":\"Home\",\"item\":\"https:\/\/proventuss.eu\/\"},{\"@type\":\"ListItem\",\"position\":2,\"name\":\"Produkty\",\"item\":\"https:\/\/proventuss.eu\/produkty\/\"},{\"@type\":\"ListItem\",\"position\":3,\"name\":\"Vi-Pro\u00ae BACKER ROD\"}]},{\"@type\":\"WebSite\",\"@id\":\"https:\/\/proventuss.eu\/#website\",\"url\":\"https:\/\/proventuss.eu\/\",\"name\":\"Proventuss\",\"description\":\"\",\"potentialAction\":[{\"@type\":\"SearchAction\",\"target\":{\"@type\":\"EntryPoint\",\"urlTemplate\":\"https:\/\/proventuss.eu\/?s={search_term_string}\"},\"query-input\":\"required name=search_term_string\"}],\"inLanguage\":\"cs\"}]}<\/script>\n<!-- \/ Yoast SEO plugin. -->","yoast_head_json":{"title":"Vi-Pro\u00ae BACKER ROD - Proventuss","robots":{"index":"index","follow":"follow","max-snippet":"max-snippet:-1","max-image-preview":"max-image-preview:large","max-video-preview":"max-video-preview:-1"},"canonical":"https:\/\/proventuss.eu\/cs\/produkt\/vi-pro-backer-rod\/","og_locale":"cs_CZ","og_type":"article","og_title":"Vi-Pro\u00ae BACKER ROD - Proventuss","og_description":"V\u00ddPL\u0147OV\u00c1 \u0160\u0147\u016eRA Z POLYURETHANOV\u00c9 P\u011aNY. Ohebn\u00e1 expanzn\u00ed a t\u011bsn\u00edc\u00ed \u0161\u0148\u016fra z polyurethanov\u00e9 p\u011bny pro t\u011bsn\u011bn\u00ed okenn\u00edch a fas\u00e1dn\u00edch instalac\u00ed, stavebn\u00edch izolac\u00ed a jin\u00fdch rekonstruk\u010dn\u00edch a stavebn\u00edch prac\u00ed Vi-Pro\u00ae V\u00fdpl\u0148ov\u00e1 \u0161\u0148\u016fra. Univerz\u00e1ln\u00ed a snadn\u00e1 instalace, \u0161\u0148\u016fra m\u016f\u017ee b\u00fdt pou\u017eita vn\u011b i uvnit\u0159 budovy, na svisl\u00fdch i vodorovn\u00fdch povr\u0161\u00edch. \u0160\u0148\u016fra vytvo\u0159\u00ed po\u010d\u00e1te\u010dn\u00ed v\u00fdpl\u0148 mezer a umo\u017e\u0148uje jejich [&hellip;]","og_url":"https:\/\/proventuss.eu\/cs\/produkt\/vi-pro-backer-rod\/","og_site_name":"Proventuss","og_image":[{"width":640,"height":640,"url":"https:\/\/proventuss.eu\/wp-content\/uploads\/2022\/04\/Vi-Pro-Backer-Rod-8-mm-na-25-m.png","type":"image\/png"}],"twitter_card":"summary_large_image","twitter_misc":{"Odhadovan\u00e1 doba \u010dten\u00ed":"1 minuta"},"schema":{"@context":"https:\/\/schema.org","@graph":[{"@type":"WebPage","@id":"https:\/\/proventuss.eu\/cs\/produkt\/vi-pro-backer-rod\/","url":"https:\/\/proventuss.eu\/cs\/produkt\/vi-pro-backer-rod\/","name":"Vi-Pro\u00ae BACKER ROD - Proventuss","isPartOf":{"@id":"https:\/\/proventuss.eu\/#website"},"primaryImageOfPage":{"@id":"https:\/\/proventuss.eu\/cs\/produkt\/vi-pro-backer-rod\/#primaryimage"},"image":{"@id":"https:\/\/proventuss.eu\/cs\/produkt\/vi-pro-backer-rod\/#primaryimage"},"thumbnailUrl":"https:\/\/proventuss.eu\/wp-content\/uploads\/2022\/04\/Vi-Pro-Backer-Rod-8-mm-na-25-m.png","datePublished":"2022-04-26T10:45:35+00:00","dateModified":"2022-04-26T10:45:35+00:00","breadcrumb":{"@id":"https:\/\/proventuss.eu\/cs\/produkt\/vi-pro-backer-rod\/#breadcrumb"},"inLanguage":"cs","potentialAction":[{"@type":"ReadAction","target":["https:\/\/proventuss.eu\/cs\/produkt\/vi-pro-backer-rod\/"]}]},{"@type":"ImageObject","inLanguage":"cs","@id":"https:\/\/proventuss.eu\/cs\/produkt\/vi-pro-backer-rod\/#primaryimage","url":"https:\/\/proventuss.eu\/wp-content\/uploads\/2022\/04\/Vi-Pro-Backer-Rod-8-mm-na-25-m.png","contentUrl":"https:\/\/proventuss.eu\/wp-content\/uploads\/2022\/04\/Vi-Pro-Backer-Rod-8-mm-na-25-m.png","width":640,"height":640,"caption":"Na zdj\u0119ciu sznur wype\u0142niaj\u0105cy z pianki polietylenowej - elastyczne wype\u0142nienie dylatacyjne i uszczelnienie przy monta\u017cu okien i fasad."},{"@type":"BreadcrumbList","@id":"https:\/\/proventuss.eu\/cs\/produkt\/vi-pro-backer-rod\/#breadcrumb","itemListElement":[{"@type":"ListItem","position":1,"name":"Home","item":"https:\/\/proventuss.eu\/"},{"@type":"ListItem","position":2,"name":"Produkty","item":"https:\/\/proventuss.eu\/produkty\/"},{"@type":"ListItem","position":3,"name":"Vi-Pro\u00ae BACKER ROD"}]},{"@type":"WebSite","@id":"https:\/\/proventuss.eu\/#website","url":"https:\/\/proventuss.eu\/","name":"Proventuss","description":"","potentialAction":[{"@type":"SearchAction","target":{"@type":"EntryPoint","urlTemplate":"https:\/\/proventuss.eu\/?s={search_term_string}"},"query-input":"required name=search_term_string"}],"inLanguage":"cs"}]}},"_links":{"self":[{"href":"https:\/\/proventuss.eu\/cs\/wp-json\/wp\/v2\/product\/6553"}],"collection":[{"href":"https:\/\/proventuss.eu\/cs\/wp-json\/wp\/v2\/product"}],"about":[{"href":"https:\/\/proventuss.eu\/cs\/wp-json\/wp\/v2\/types\/product"}],"replies":[{"embeddable":true,"href":"https:\/\/proventuss.eu\/cs\/wp-json\/wp\/v2\/comments?post=6553"}],"wp:featuredmedia":[{"embeddable":true,"href":"https:\/\/proventuss.eu\/cs\/wp-json\/wp\/v2\/media\/4716"}],"wp:attachment":[{"href":"https:\/\/proventuss.eu\/cs\/wp-json\/wp\/v2\/media?parent=6553"}],"wp:term":[{"taxonomy":"product_cat","embeddable":true,"href":"https:\/\/proventuss.eu\/cs\/wp-json\/wp\/v2\/product_cat?post=6553"},{"taxonomy":"product_tag","embeddable":true,"href":"https:\/\/proventuss.eu\/cs\/wp-json\/wp\/v2\/product_tag?post=6553"}],"curies":[{"name":"wp","href":"https:\/\/api.w.org\/{rel}","templated":true}]}}