{"id":6552,"date":"2022-04-26T10:44:11","date_gmt":"2022-04-26T10:44:11","guid":{"rendered":"https:\/\/proventuss.eu\/produkt\/vi-pro-expanding-joint-sealing-tape\/"},"modified":"2022-04-26T10:44:11","modified_gmt":"2022-04-26T10:44:11","slug":"vi-pro-expanding-joint-sealing-tape","status":"publish","type":"product","link":"https:\/\/proventuss.eu\/cs\/produkt\/vi-pro-expanding-joint-sealing-tape\/","title":{"rendered":"Vi-Pro\u00ae EXPANDING JOINT SEALING TAPE"},"content":{"rendered":"<p><strong>EXPANZN\u00cd T\u011aSN\u00cdC\u00cd P\u00c1SKA Z ELASTICK\u00c9HO POLYURETHANU S OTEV\u0158EN\u00ddMI P\u00d3RY<\/strong>, impregnovan\u00e1 akrylovou prysky\u0159ic\u00ed. Po instalaci materi\u00e1l expanduje a vytvaruje se podle \u0161\u00ed\u0159e spoje za tvorby elastick\u00e9ho ut\u011bsn\u011bn\u00ed. P\u00e1ska je jednostrann\u011b pokryta lepidlem pro snadn\u011bj\u0161\u00ed instalaci ve spoj\u00edch.<\/p>\n<p>S optim\u00e1ln\u00ed kompres\u00ed jsou p\u00e1sky paropropustn\u00e9 p\u0159i sou\u010dasn\u00e9 odolnosti v\u016f\u010di pov\u011btrnostn\u00edm podm\u00ednk\u00e1m a UV z\u00e1\u0159en\u00ed.<\/p>\n<p><strong>V\u00ddHODY:<\/strong><br \/>\n\u2022 Vysok\u00e1 elasti\u010dnost zaji\u0161\u0165uje dokonal\u00e9 p\u0159izp\u016fsoben\u00ed v nepravideln\u00fdch sp\u00e1r\u00e1ch r\u016fzn\u00fdch rozm\u011br\u016f<br \/>\n\u2022 P\u0159i vysok\u00e9 kompresi tvo\u0159\u00ed bari\u00e9ru proti pronik\u00e1n\u00ed vody a je odoln\u00fd proti hnan\u00e9mu de\u0161ti do v\u00edce ne\u017e 600 Pa<br \/>\n\u2022 Vysok\u00e1 odolnost v\u016f\u010di chemik\u00e1li\u00edm a UV z\u00e1\u0159en\u00ed<br \/>\n\u2022 \u0160irok\u00fd rozsah pracovn\u00edch teplot<br \/>\n\u2022 Vysok\u00e1 \u00farove\u0148 zvukov\u00e9 izolace<br \/>\n\u2022 Maxim\u00e1ln\u00ed kapacita expanze cca 5-tin\u00e1sobek p\u016fvodn\u00ed v\u00fd\u0161ky<\/p>\n","protected":false},"excerpt":{"rendered":"<p>EXPANZN\u00cd T\u011aSN\u00cdC\u00cd P\u00c1SKA Z ELASTICK\u00c9HO POLYURETHANU S OTEV\u0158EN\u00ddMI P\u00d3RY, impregnovan\u00e1 akrylovou prysky\u0159ic\u00ed. Po instalaci materi\u00e1l expanduje a vytvaruje se podle \u0161\u00ed\u0159e spoje za tvorby elastick\u00e9ho ut\u011bsn\u011bn\u00ed. P\u00e1ska je jednostrann\u011b pokryta lepidlem pro snadn\u011bj\u0161\u00ed instalaci ve spoj\u00edch. S optim\u00e1ln\u00ed kompres\u00ed jsou p\u00e1sky paropropustn\u00e9 p\u0159i sou\u010dasn\u00e9 odolnosti v\u016f\u010di pov\u011btrnostn\u00edm podm\u00ednk\u00e1m a UV z\u00e1\u0159en\u00ed. V\u00ddHODY: \u2022 Vysok\u00e1 elasti\u010dnost [&hellip;]<\/p>\n","protected":false},"featured_media":4713,"comment_status":"open","ping_status":"closed","template":"","meta":{"_acf_changed":false},"product_cat":[323],"product_tag":[],"acf":[],"yoast_head":"<!-- This site is optimized with the Yoast SEO plugin v22.9 - https:\/\/yoast.com\/wordpress\/plugins\/seo\/ -->\n<title>Vi-Pro\u00ae EXPANDING JOINT SEALING TAPE - Proventuss<\/title>\n<meta name=\"robots\" content=\"index, follow, max-snippet:-1, max-image-preview:large, max-video-preview:-1\" \/>\n<link rel=\"canonical\" href=\"https:\/\/proventuss.eu\/cs\/produkt\/vi-pro-expanding-joint-sealing-tape\/\" \/>\n<meta property=\"og:locale\" content=\"cs_CZ\" \/>\n<meta property=\"og:type\" content=\"article\" \/>\n<meta property=\"og:title\" content=\"Vi-Pro\u00ae EXPANDING JOINT SEALING TAPE - Proventuss\" \/>\n<meta property=\"og:description\" content=\"EXPANZN\u00cd T\u011aSN\u00cdC\u00cd P\u00c1SKA Z ELASTICK\u00c9HO POLYURETHANU S OTEV\u0158EN\u00ddMI P\u00d3RY, impregnovan\u00e1 akrylovou prysky\u0159ic\u00ed. Po instalaci materi\u00e1l expanduje a vytvaruje se podle \u0161\u00ed\u0159e spoje za tvorby elastick\u00e9ho ut\u011bsn\u011bn\u00ed. P\u00e1ska je jednostrann\u011b pokryta lepidlem pro snadn\u011bj\u0161\u00ed instalaci ve spoj\u00edch. S optim\u00e1ln\u00ed kompres\u00ed jsou p\u00e1sky paropropustn\u00e9 p\u0159i sou\u010dasn\u00e9 odolnosti v\u016f\u010di pov\u011btrnostn\u00edm podm\u00ednk\u00e1m a UV z\u00e1\u0159en\u00ed. V\u00ddHODY: \u2022 Vysok\u00e1 elasti\u010dnost [&hellip;]\" \/>\n<meta property=\"og:url\" content=\"https:\/\/proventuss.eu\/cs\/produkt\/vi-pro-expanding-joint-sealing-tape\/\" \/>\n<meta property=\"og:site_name\" content=\"Proventuss\" \/>\n<meta property=\"og:image\" content=\"https:\/\/proventuss.eu\/wp-content\/uploads\/2022\/04\/Vi-Pro-Expanding-Joint-Sealing-Tape.png\" \/>\n\t<meta property=\"og:image:width\" content=\"362\" \/>\n\t<meta property=\"og:image:height\" content=\"337\" \/>\n\t<meta property=\"og:image:type\" content=\"image\/png\" \/>\n<meta name=\"twitter:card\" content=\"summary_large_image\" \/>\n<meta name=\"twitter:label1\" content=\"Odhadovan\u00e1 doba \u010dten\u00ed\" \/>\n\t<meta name=\"twitter:data1\" content=\"1 minuta\" \/>\n<script type=\"application\/ld+json\" class=\"yoast-schema-graph\">{\"@context\":\"https:\/\/schema.org\",\"@graph\":[{\"@type\":\"WebPage\",\"@id\":\"https:\/\/proventuss.eu\/cs\/produkt\/vi-pro-expanding-joint-sealing-tape\/\",\"url\":\"https:\/\/proventuss.eu\/cs\/produkt\/vi-pro-expanding-joint-sealing-tape\/\",\"name\":\"Vi-Pro\u00ae EXPANDING JOINT SEALING TAPE - Proventuss\",\"isPartOf\":{\"@id\":\"https:\/\/proventuss.eu\/#website\"},\"primaryImageOfPage\":{\"@id\":\"https:\/\/proventuss.eu\/cs\/produkt\/vi-pro-expanding-joint-sealing-tape\/#primaryimage\"},\"image\":{\"@id\":\"https:\/\/proventuss.eu\/cs\/produkt\/vi-pro-expanding-joint-sealing-tape\/#primaryimage\"},\"thumbnailUrl\":\"https:\/\/proventuss.eu\/wp-content\/uploads\/2022\/04\/Vi-Pro-Expanding-Joint-Sealing-Tape.png\",\"datePublished\":\"2022-04-26T10:44:11+00:00\",\"dateModified\":\"2022-04-26T10:44:11+00:00\",\"breadcrumb\":{\"@id\":\"https:\/\/proventuss.eu\/cs\/produkt\/vi-pro-expanding-joint-sealing-tape\/#breadcrumb\"},\"inLanguage\":\"cs\",\"potentialAction\":[{\"@type\":\"ReadAction\",\"target\":[\"https:\/\/proventuss.eu\/cs\/produkt\/vi-pro-expanding-joint-sealing-tape\/\"]}]},{\"@type\":\"ImageObject\",\"inLanguage\":\"cs\",\"@id\":\"https:\/\/proventuss.eu\/cs\/produkt\/vi-pro-expanding-joint-sealing-tape\/#primaryimage\",\"url\":\"https:\/\/proventuss.eu\/wp-content\/uploads\/2022\/04\/Vi-Pro-Expanding-Joint-Sealing-Tape.png\",\"contentUrl\":\"https:\/\/proventuss.eu\/wp-content\/uploads\/2022\/04\/Vi-Pro-Expanding-Joint-Sealing-Tape.png\",\"width\":362,\"height\":337,\"caption\":\"Na zdj\u0119ciu Rozpr\u0119\u017cna ta\u015bma uszczelniaj\u0105ca. Wysoka elastyczno\u015b\u0107 zapewnia idealne dostosowanie do nieregularnych szczelin o zr\u00f3\u017cnicowanych szeroko\u015bciach.\"},{\"@type\":\"BreadcrumbList\",\"@id\":\"https:\/\/proventuss.eu\/cs\/produkt\/vi-pro-expanding-joint-sealing-tape\/#breadcrumb\",\"itemListElement\":[{\"@type\":\"ListItem\",\"position\":1,\"name\":\"Home\",\"item\":\"https:\/\/proventuss.eu\/\"},{\"@type\":\"ListItem\",\"position\":2,\"name\":\"Produkty\",\"item\":\"https:\/\/proventuss.eu\/produkty\/\"},{\"@type\":\"ListItem\",\"position\":3,\"name\":\"Vi-Pro\u00ae EXPANDING JOINT SEALING TAPE\"}]},{\"@type\":\"WebSite\",\"@id\":\"https:\/\/proventuss.eu\/#website\",\"url\":\"https:\/\/proventuss.eu\/\",\"name\":\"Proventuss\",\"description\":\"\",\"potentialAction\":[{\"@type\":\"SearchAction\",\"target\":{\"@type\":\"EntryPoint\",\"urlTemplate\":\"https:\/\/proventuss.eu\/?s={search_term_string}\"},\"query-input\":\"required name=search_term_string\"}],\"inLanguage\":\"cs\"}]}<\/script>\n<!-- \/ Yoast SEO plugin. -->","yoast_head_json":{"title":"Vi-Pro\u00ae EXPANDING JOINT SEALING TAPE - Proventuss","robots":{"index":"index","follow":"follow","max-snippet":"max-snippet:-1","max-image-preview":"max-image-preview:large","max-video-preview":"max-video-preview:-1"},"canonical":"https:\/\/proventuss.eu\/cs\/produkt\/vi-pro-expanding-joint-sealing-tape\/","og_locale":"cs_CZ","og_type":"article","og_title":"Vi-Pro\u00ae EXPANDING JOINT SEALING TAPE - Proventuss","og_description":"EXPANZN\u00cd T\u011aSN\u00cdC\u00cd P\u00c1SKA Z ELASTICK\u00c9HO POLYURETHANU S OTEV\u0158EN\u00ddMI P\u00d3RY, impregnovan\u00e1 akrylovou prysky\u0159ic\u00ed. Po instalaci materi\u00e1l expanduje a vytvaruje se podle \u0161\u00ed\u0159e spoje za tvorby elastick\u00e9ho ut\u011bsn\u011bn\u00ed. P\u00e1ska je jednostrann\u011b pokryta lepidlem pro snadn\u011bj\u0161\u00ed instalaci ve spoj\u00edch. S optim\u00e1ln\u00ed kompres\u00ed jsou p\u00e1sky paropropustn\u00e9 p\u0159i sou\u010dasn\u00e9 odolnosti v\u016f\u010di pov\u011btrnostn\u00edm podm\u00ednk\u00e1m a UV z\u00e1\u0159en\u00ed. V\u00ddHODY: \u2022 Vysok\u00e1 elasti\u010dnost [&hellip;]","og_url":"https:\/\/proventuss.eu\/cs\/produkt\/vi-pro-expanding-joint-sealing-tape\/","og_site_name":"Proventuss","og_image":[{"width":362,"height":337,"url":"https:\/\/proventuss.eu\/wp-content\/uploads\/2022\/04\/Vi-Pro-Expanding-Joint-Sealing-Tape.png","type":"image\/png"}],"twitter_card":"summary_large_image","twitter_misc":{"Odhadovan\u00e1 doba \u010dten\u00ed":"1 minuta"},"schema":{"@context":"https:\/\/schema.org","@graph":[{"@type":"WebPage","@id":"https:\/\/proventuss.eu\/cs\/produkt\/vi-pro-expanding-joint-sealing-tape\/","url":"https:\/\/proventuss.eu\/cs\/produkt\/vi-pro-expanding-joint-sealing-tape\/","name":"Vi-Pro\u00ae EXPANDING JOINT SEALING TAPE - Proventuss","isPartOf":{"@id":"https:\/\/proventuss.eu\/#website"},"primaryImageOfPage":{"@id":"https:\/\/proventuss.eu\/cs\/produkt\/vi-pro-expanding-joint-sealing-tape\/#primaryimage"},"image":{"@id":"https:\/\/proventuss.eu\/cs\/produkt\/vi-pro-expanding-joint-sealing-tape\/#primaryimage"},"thumbnailUrl":"https:\/\/proventuss.eu\/wp-content\/uploads\/2022\/04\/Vi-Pro-Expanding-Joint-Sealing-Tape.png","datePublished":"2022-04-26T10:44:11+00:00","dateModified":"2022-04-26T10:44:11+00:00","breadcrumb":{"@id":"https:\/\/proventuss.eu\/cs\/produkt\/vi-pro-expanding-joint-sealing-tape\/#breadcrumb"},"inLanguage":"cs","potentialAction":[{"@type":"ReadAction","target":["https:\/\/proventuss.eu\/cs\/produkt\/vi-pro-expanding-joint-sealing-tape\/"]}]},{"@type":"ImageObject","inLanguage":"cs","@id":"https:\/\/proventuss.eu\/cs\/produkt\/vi-pro-expanding-joint-sealing-tape\/#primaryimage","url":"https:\/\/proventuss.eu\/wp-content\/uploads\/2022\/04\/Vi-Pro-Expanding-Joint-Sealing-Tape.png","contentUrl":"https:\/\/proventuss.eu\/wp-content\/uploads\/2022\/04\/Vi-Pro-Expanding-Joint-Sealing-Tape.png","width":362,"height":337,"caption":"Na zdj\u0119ciu Rozpr\u0119\u017cna ta\u015bma uszczelniaj\u0105ca. Wysoka elastyczno\u015b\u0107 zapewnia idealne dostosowanie do nieregularnych szczelin o zr\u00f3\u017cnicowanych szeroko\u015bciach."},{"@type":"BreadcrumbList","@id":"https:\/\/proventuss.eu\/cs\/produkt\/vi-pro-expanding-joint-sealing-tape\/#breadcrumb","itemListElement":[{"@type":"ListItem","position":1,"name":"Home","item":"https:\/\/proventuss.eu\/"},{"@type":"ListItem","position":2,"name":"Produkty","item":"https:\/\/proventuss.eu\/produkty\/"},{"@type":"ListItem","position":3,"name":"Vi-Pro\u00ae EXPANDING JOINT SEALING TAPE"}]},{"@type":"WebSite","@id":"https:\/\/proventuss.eu\/#website","url":"https:\/\/proventuss.eu\/","name":"Proventuss","description":"","potentialAction":[{"@type":"SearchAction","target":{"@type":"EntryPoint","urlTemplate":"https:\/\/proventuss.eu\/?s={search_term_string}"},"query-input":"required name=search_term_string"}],"inLanguage":"cs"}]}},"_links":{"self":[{"href":"https:\/\/proventuss.eu\/cs\/wp-json\/wp\/v2\/product\/6552"}],"collection":[{"href":"https:\/\/proventuss.eu\/cs\/wp-json\/wp\/v2\/product"}],"about":[{"href":"https:\/\/proventuss.eu\/cs\/wp-json\/wp\/v2\/types\/product"}],"replies":[{"embeddable":true,"href":"https:\/\/proventuss.eu\/cs\/wp-json\/wp\/v2\/comments?post=6552"}],"wp:featuredmedia":[{"embeddable":true,"href":"https:\/\/proventuss.eu\/cs\/wp-json\/wp\/v2\/media\/4713"}],"wp:attachment":[{"href":"https:\/\/proventuss.eu\/cs\/wp-json\/wp\/v2\/media?parent=6552"}],"wp:term":[{"taxonomy":"product_cat","embeddable":true,"href":"https:\/\/proventuss.eu\/cs\/wp-json\/wp\/v2\/product_cat?post=6552"},{"taxonomy":"product_tag","embeddable":true,"href":"https:\/\/proventuss.eu\/cs\/wp-json\/wp\/v2\/product_tag?post=6552"}],"curies":[{"name":"wp","href":"https:\/\/api.w.org\/{rel}","templated":true}]}}