{"id":6551,"date":"2022-04-26T10:40:19","date_gmt":"2022-04-26T10:40:19","guid":{"rendered":"https:\/\/proventuss.eu\/produkt\/vi-pro-sm-silicone-membrane\/"},"modified":"2022-08-22T09:23:38","modified_gmt":"2022-08-22T09:23:38","slug":"vi-pro-sm-silicone-membrane","status":"publish","type":"product","link":"https:\/\/proventuss.eu\/cs\/produkt\/vi-pro-sm-silicone-membrane\/","title":{"rendered":"Vi-Pro\u00ae SM SILICONE MEMBRANE"},"content":{"rendered":"<p>Vi-Pro\u00ae SM Silikonov\u00e1 membr\u00e1na je to prefabrikovan\u00e1, trvale elsastick\u00e1 gumov\u00e1 p\u00e1ska<br \/>\nvytvrzen\u00e1 p\u0159i vysok\u00e9 teplot\u011b, bez plastifik\u00e1tor\u016f, odoln\u00e1 v\u016f\u010di st\u00e1rnut\u00ed a UV z\u00e1\u0159en\u00ed.<br \/>\nSlou\u017e\u00ed k ut\u011bsn\u011bn\u00ed stavebn\u00edch spoj\u016f, zvl\u00e1\u0161t\u011b k oprav\u00e1m vadn\u00fdch spoj\u016f mezi stavebn\u00edmi prvky. <\/p>\n<p>Typick\u00e9 pou\u017eit\u00ed:<br \/>\nNa spoje obvodov\u00fdch zd\u00ed, spoje mezi budovami a spoje mezi r\u016fzn\u00fdmi stavebn\u00edmi materi\u00e1ly. P\u00e1sku je mo\u017eno aplikovat jako smy\u010dku nebo v koutech nebo nejl\u00e9pe naplocho p\u0159es spoj.<\/p>\n<p>Vhodn\u00fdm v\u00fdb\u011brem \u0161\u00ed\u0159ky p\u00e1sky lze funk\u010dn\u011b ut\u011bsnit nad- a podrozm\u011brn\u00e9 spoje stejn\u011b jako nerovnom\u011brn\u00e9 a k\u00f3nick\u00e9.<\/p>\n","protected":false},"excerpt":{"rendered":"<p>Vi-Pro\u00ae SM Silikonov\u00e1 membr\u00e1na je to prefabrikovan\u00e1, trvale elsastick\u00e1 gumov\u00e1 p\u00e1ska vytvrzen\u00e1 p\u0159i vysok\u00e9 teplot\u011b, bez plastifik\u00e1tor\u016f, odoln\u00e1 v\u016f\u010di st\u00e1rnut\u00ed a UV z\u00e1\u0159en\u00ed. Slou\u017e\u00ed k ut\u011bsn\u011bn\u00ed stavebn\u00edch spoj\u016f, zvl\u00e1\u0161t\u011b k oprav\u00e1m vadn\u00fdch spoj\u016f mezi stavebn\u00edmi prvky. Typick\u00e9 pou\u017eit\u00ed: Na spoje obvodov\u00fdch zd\u00ed, spoje mezi budovami a spoje mezi r\u016fzn\u00fdmi stavebn\u00edmi materi\u00e1ly. P\u00e1sku je mo\u017eno aplikovat [&hellip;]<\/p>\n","protected":false},"featured_media":4704,"comment_status":"open","ping_status":"closed","template":"","meta":{"_acf_changed":false},"product_cat":[323],"product_tag":[],"acf":[],"yoast_head":"<!-- This site is optimized with the Yoast SEO plugin v22.9 - https:\/\/yoast.com\/wordpress\/plugins\/seo\/ -->\n<title>Vi-Pro\u00ae SM SILICONE MEMBRANE - Proventuss<\/title>\n<meta name=\"robots\" content=\"index, follow, max-snippet:-1, max-image-preview:large, max-video-preview:-1\" \/>\n<link rel=\"canonical\" href=\"https:\/\/proventuss.eu\/cs\/produkt\/vi-pro-sm-silicone-membrane\/\" \/>\n<meta property=\"og:locale\" content=\"cs_CZ\" \/>\n<meta property=\"og:type\" content=\"article\" \/>\n<meta property=\"og:title\" content=\"Vi-Pro\u00ae SM SILICONE MEMBRANE - Proventuss\" \/>\n<meta property=\"og:description\" content=\"Vi-Pro\u00ae SM Silikonov\u00e1 membr\u00e1na je to prefabrikovan\u00e1, trvale elsastick\u00e1 gumov\u00e1 p\u00e1ska vytvrzen\u00e1 p\u0159i vysok\u00e9 teplot\u011b, bez plastifik\u00e1tor\u016f, odoln\u00e1 v\u016f\u010di st\u00e1rnut\u00ed a UV z\u00e1\u0159en\u00ed. Slou\u017e\u00ed k ut\u011bsn\u011bn\u00ed stavebn\u00edch spoj\u016f, zvl\u00e1\u0161t\u011b k oprav\u00e1m vadn\u00fdch spoj\u016f mezi stavebn\u00edmi prvky. Typick\u00e9 pou\u017eit\u00ed: Na spoje obvodov\u00fdch zd\u00ed, spoje mezi budovami a spoje mezi r\u016fzn\u00fdmi stavebn\u00edmi materi\u00e1ly. P\u00e1sku je mo\u017eno aplikovat [&hellip;]\" \/>\n<meta property=\"og:url\" content=\"https:\/\/proventuss.eu\/cs\/produkt\/vi-pro-sm-silicone-membrane\/\" \/>\n<meta property=\"og:site_name\" content=\"Proventuss\" \/>\n<meta property=\"article:modified_time\" content=\"2022-08-22T09:23:38+00:00\" \/>\n<meta property=\"og:image\" content=\"https:\/\/proventuss.eu\/wp-content\/uploads\/2022\/04\/SM-Silicone-Membrane.png\" \/>\n\t<meta property=\"og:image:width\" content=\"225\" \/>\n\t<meta property=\"og:image:height\" content=\"221\" \/>\n\t<meta property=\"og:image:type\" content=\"image\/png\" \/>\n<meta name=\"twitter:card\" content=\"summary_large_image\" \/>\n<meta name=\"twitter:label1\" content=\"Odhadovan\u00e1 doba \u010dten\u00ed\" \/>\n\t<meta name=\"twitter:data1\" content=\"1 minuta\" \/>\n<script type=\"application\/ld+json\" class=\"yoast-schema-graph\">{\"@context\":\"https:\/\/schema.org\",\"@graph\":[{\"@type\":\"WebPage\",\"@id\":\"https:\/\/proventuss.eu\/cs\/produkt\/vi-pro-sm-silicone-membrane\/\",\"url\":\"https:\/\/proventuss.eu\/cs\/produkt\/vi-pro-sm-silicone-membrane\/\",\"name\":\"Vi-Pro\u00ae SM SILICONE MEMBRANE - Proventuss\",\"isPartOf\":{\"@id\":\"https:\/\/proventuss.eu\/#website\"},\"primaryImageOfPage\":{\"@id\":\"https:\/\/proventuss.eu\/cs\/produkt\/vi-pro-sm-silicone-membrane\/#primaryimage\"},\"image\":{\"@id\":\"https:\/\/proventuss.eu\/cs\/produkt\/vi-pro-sm-silicone-membrane\/#primaryimage\"},\"thumbnailUrl\":\"https:\/\/proventuss.eu\/wp-content\/uploads\/2022\/04\/SM-Silicone-Membrane.png\",\"datePublished\":\"2022-04-26T10:40:19+00:00\",\"dateModified\":\"2022-08-22T09:23:38+00:00\",\"breadcrumb\":{\"@id\":\"https:\/\/proventuss.eu\/cs\/produkt\/vi-pro-sm-silicone-membrane\/#breadcrumb\"},\"inLanguage\":\"cs\",\"potentialAction\":[{\"@type\":\"ReadAction\",\"target\":[\"https:\/\/proventuss.eu\/cs\/produkt\/vi-pro-sm-silicone-membrane\/\"]}]},{\"@type\":\"ImageObject\",\"inLanguage\":\"cs\",\"@id\":\"https:\/\/proventuss.eu\/cs\/produkt\/vi-pro-sm-silicone-membrane\/#primaryimage\",\"url\":\"https:\/\/proventuss.eu\/wp-content\/uploads\/2022\/04\/SM-Silicone-Membrane.png\",\"contentUrl\":\"https:\/\/proventuss.eu\/wp-content\/uploads\/2022\/04\/SM-Silicone-Membrane.png\",\"width\":225,\"height\":221,\"caption\":\"Na zdj\u0119ciu ta\u015bma silikonowa do uszczelniania dylatacji konstrukcyjnych, zw\u0142aszcza do naprawy uszkodzonych po\u0142\u0105cze\u0144 mi\u0119dzy prefabrykowanymi elementami budowlanymi.\"},{\"@type\":\"BreadcrumbList\",\"@id\":\"https:\/\/proventuss.eu\/cs\/produkt\/vi-pro-sm-silicone-membrane\/#breadcrumb\",\"itemListElement\":[{\"@type\":\"ListItem\",\"position\":1,\"name\":\"Home\",\"item\":\"https:\/\/proventuss.eu\/\"},{\"@type\":\"ListItem\",\"position\":2,\"name\":\"Produkty\",\"item\":\"https:\/\/proventuss.eu\/produkty\/\"},{\"@type\":\"ListItem\",\"position\":3,\"name\":\"Vi-Pro\u00ae SM SILICONE MEMBRANE\"}]},{\"@type\":\"WebSite\",\"@id\":\"https:\/\/proventuss.eu\/#website\",\"url\":\"https:\/\/proventuss.eu\/\",\"name\":\"Proventuss\",\"description\":\"\",\"potentialAction\":[{\"@type\":\"SearchAction\",\"target\":{\"@type\":\"EntryPoint\",\"urlTemplate\":\"https:\/\/proventuss.eu\/?s={search_term_string}\"},\"query-input\":\"required name=search_term_string\"}],\"inLanguage\":\"cs\"}]}<\/script>\n<!-- \/ Yoast SEO plugin. -->","yoast_head_json":{"title":"Vi-Pro\u00ae SM SILICONE MEMBRANE - Proventuss","robots":{"index":"index","follow":"follow","max-snippet":"max-snippet:-1","max-image-preview":"max-image-preview:large","max-video-preview":"max-video-preview:-1"},"canonical":"https:\/\/proventuss.eu\/cs\/produkt\/vi-pro-sm-silicone-membrane\/","og_locale":"cs_CZ","og_type":"article","og_title":"Vi-Pro\u00ae SM SILICONE MEMBRANE - Proventuss","og_description":"Vi-Pro\u00ae SM Silikonov\u00e1 membr\u00e1na je to prefabrikovan\u00e1, trvale elsastick\u00e1 gumov\u00e1 p\u00e1ska vytvrzen\u00e1 p\u0159i vysok\u00e9 teplot\u011b, bez plastifik\u00e1tor\u016f, odoln\u00e1 v\u016f\u010di st\u00e1rnut\u00ed a UV z\u00e1\u0159en\u00ed. Slou\u017e\u00ed k ut\u011bsn\u011bn\u00ed stavebn\u00edch spoj\u016f, zvl\u00e1\u0161t\u011b k oprav\u00e1m vadn\u00fdch spoj\u016f mezi stavebn\u00edmi prvky. Typick\u00e9 pou\u017eit\u00ed: Na spoje obvodov\u00fdch zd\u00ed, spoje mezi budovami a spoje mezi r\u016fzn\u00fdmi stavebn\u00edmi materi\u00e1ly. P\u00e1sku je mo\u017eno aplikovat [&hellip;]","og_url":"https:\/\/proventuss.eu\/cs\/produkt\/vi-pro-sm-silicone-membrane\/","og_site_name":"Proventuss","article_modified_time":"2022-08-22T09:23:38+00:00","og_image":[{"width":225,"height":221,"url":"https:\/\/proventuss.eu\/wp-content\/uploads\/2022\/04\/SM-Silicone-Membrane.png","type":"image\/png"}],"twitter_card":"summary_large_image","twitter_misc":{"Odhadovan\u00e1 doba \u010dten\u00ed":"1 minuta"},"schema":{"@context":"https:\/\/schema.org","@graph":[{"@type":"WebPage","@id":"https:\/\/proventuss.eu\/cs\/produkt\/vi-pro-sm-silicone-membrane\/","url":"https:\/\/proventuss.eu\/cs\/produkt\/vi-pro-sm-silicone-membrane\/","name":"Vi-Pro\u00ae SM SILICONE MEMBRANE - Proventuss","isPartOf":{"@id":"https:\/\/proventuss.eu\/#website"},"primaryImageOfPage":{"@id":"https:\/\/proventuss.eu\/cs\/produkt\/vi-pro-sm-silicone-membrane\/#primaryimage"},"image":{"@id":"https:\/\/proventuss.eu\/cs\/produkt\/vi-pro-sm-silicone-membrane\/#primaryimage"},"thumbnailUrl":"https:\/\/proventuss.eu\/wp-content\/uploads\/2022\/04\/SM-Silicone-Membrane.png","datePublished":"2022-04-26T10:40:19+00:00","dateModified":"2022-08-22T09:23:38+00:00","breadcrumb":{"@id":"https:\/\/proventuss.eu\/cs\/produkt\/vi-pro-sm-silicone-membrane\/#breadcrumb"},"inLanguage":"cs","potentialAction":[{"@type":"ReadAction","target":["https:\/\/proventuss.eu\/cs\/produkt\/vi-pro-sm-silicone-membrane\/"]}]},{"@type":"ImageObject","inLanguage":"cs","@id":"https:\/\/proventuss.eu\/cs\/produkt\/vi-pro-sm-silicone-membrane\/#primaryimage","url":"https:\/\/proventuss.eu\/wp-content\/uploads\/2022\/04\/SM-Silicone-Membrane.png","contentUrl":"https:\/\/proventuss.eu\/wp-content\/uploads\/2022\/04\/SM-Silicone-Membrane.png","width":225,"height":221,"caption":"Na zdj\u0119ciu ta\u015bma silikonowa do uszczelniania dylatacji konstrukcyjnych, zw\u0142aszcza do naprawy uszkodzonych po\u0142\u0105cze\u0144 mi\u0119dzy prefabrykowanymi elementami budowlanymi."},{"@type":"BreadcrumbList","@id":"https:\/\/proventuss.eu\/cs\/produkt\/vi-pro-sm-silicone-membrane\/#breadcrumb","itemListElement":[{"@type":"ListItem","position":1,"name":"Home","item":"https:\/\/proventuss.eu\/"},{"@type":"ListItem","position":2,"name":"Produkty","item":"https:\/\/proventuss.eu\/produkty\/"},{"@type":"ListItem","position":3,"name":"Vi-Pro\u00ae SM SILICONE MEMBRANE"}]},{"@type":"WebSite","@id":"https:\/\/proventuss.eu\/#website","url":"https:\/\/proventuss.eu\/","name":"Proventuss","description":"","potentialAction":[{"@type":"SearchAction","target":{"@type":"EntryPoint","urlTemplate":"https:\/\/proventuss.eu\/?s={search_term_string}"},"query-input":"required name=search_term_string"}],"inLanguage":"cs"}]}},"_links":{"self":[{"href":"https:\/\/proventuss.eu\/cs\/wp-json\/wp\/v2\/product\/6551"}],"collection":[{"href":"https:\/\/proventuss.eu\/cs\/wp-json\/wp\/v2\/product"}],"about":[{"href":"https:\/\/proventuss.eu\/cs\/wp-json\/wp\/v2\/types\/product"}],"replies":[{"embeddable":true,"href":"https:\/\/proventuss.eu\/cs\/wp-json\/wp\/v2\/comments?post=6551"}],"wp:featuredmedia":[{"embeddable":true,"href":"https:\/\/proventuss.eu\/cs\/wp-json\/wp\/v2\/media\/4704"}],"wp:attachment":[{"href":"https:\/\/proventuss.eu\/cs\/wp-json\/wp\/v2\/media?parent=6551"}],"wp:term":[{"taxonomy":"product_cat","embeddable":true,"href":"https:\/\/proventuss.eu\/cs\/wp-json\/wp\/v2\/product_cat?post=6551"},{"taxonomy":"product_tag","embeddable":true,"href":"https:\/\/proventuss.eu\/cs\/wp-json\/wp\/v2\/product_tag?post=6551"}],"curies":[{"name":"wp","href":"https:\/\/api.w.org\/{rel}","templated":true}]}}