{"id":6550,"date":"2022-04-26T10:39:03","date_gmt":"2022-04-26T10:39:03","guid":{"rendered":"https:\/\/proventuss.eu\/produkt\/vi-pro-alu-butyl-tape\/"},"modified":"2022-04-26T10:39:03","modified_gmt":"2022-04-26T10:39:03","slug":"vi-pro-alu-butyl-tape","status":"publish","type":"product","link":"https:\/\/proventuss.eu\/cs\/produkt\/vi-pro-alu-butyl-tape\/","title":{"rendered":"Vi-Pro\u00ae ALU-BUTYL TAPE"},"content":{"rendered":"<p>VODOT\u011aSN\u00c1 A HERMETICK\u00c1 SAMOLEP\u00cdC\u00cd P\u00c1SKA Z BUTYLOV\u00c9 GUMY.<\/p>\n<p>P\u00e1ska je vysoce t\u011bsn\u00e1 na p\u00e1ry a vodu, je skv\u011bl\u00e1 pro t\u011bsn\u011bn\u00ed: klemp\u00ed\u0159sk\u00e9 pr\u00e1ce, st\u0159e\u0161n\u00ed okna, sv\u011btl\u00edky, fas\u00e1dy, zimn\u00ed zahrady, stejn\u011b jako izolace a ochrana: teplovodn\u00edch trubek, veden\u00ed vzduchotechniky a klimatizace. P\u00e1ska z butylov\u00e9 gumy je chr\u00e1n\u011bn\u00e1 nelepivou ochrannou f\u00f3li\u00ed.<\/p>\n<p><strong>V\u00ddHODY:<\/strong><br \/>\n\u2022 Skv\u011bl\u00e1 odolnost v\u016f\u010di UV z\u00e1\u0159en\u00ed a pov\u011btrnostn\u00edm vliv\u016fm<br \/>\n\u2022 Pevn\u00e9 vodot\u011bsn\u00e9 a hermetick\u00e9 ut\u011bsn\u011bn\u00ed<br \/>\n\u2022 Kompatibiln\u00ed s v\u011bt\u0161inou stavebn\u00edch materi\u00e1l\u016f<br \/>\n\u2022 Snadn\u00e9 pou\u017eit<\/p>\n","protected":false},"excerpt":{"rendered":"<p>VODOT\u011aSN\u00c1 A HERMETICK\u00c1 SAMOLEP\u00cdC\u00cd P\u00c1SKA Z BUTYLOV\u00c9 GUMY. P\u00e1ska je vysoce t\u011bsn\u00e1 na p\u00e1ry a vodu, je skv\u011bl\u00e1 pro t\u011bsn\u011bn\u00ed: klemp\u00ed\u0159sk\u00e9 pr\u00e1ce, st\u0159e\u0161n\u00ed okna, sv\u011btl\u00edky, fas\u00e1dy, zimn\u00ed zahrady, stejn\u011b jako izolace a ochrana: teplovodn\u00edch trubek, veden\u00ed vzduchotechniky a klimatizace. P\u00e1ska z butylov\u00e9 gumy je chr\u00e1n\u011bn\u00e1 nelepivou ochrannou f\u00f3li\u00ed. V\u00ddHODY: \u2022 Skv\u011bl\u00e1 odolnost v\u016f\u010di UV z\u00e1\u0159en\u00ed [&hellip;]<\/p>\n","protected":false},"featured_media":4710,"comment_status":"open","ping_status":"closed","template":"","meta":{"_acf_changed":false},"product_cat":[323],"product_tag":[],"acf":[],"yoast_head":"<!-- This site is optimized with the Yoast SEO plugin v22.9 - https:\/\/yoast.com\/wordpress\/plugins\/seo\/ -->\n<title>Vi-Pro\u00ae ALU-BUTYL TAPE - Proventuss<\/title>\n<meta name=\"robots\" content=\"index, follow, max-snippet:-1, max-image-preview:large, max-video-preview:-1\" \/>\n<link rel=\"canonical\" href=\"https:\/\/proventuss.eu\/cs\/produkt\/vi-pro-alu-butyl-tape\/\" \/>\n<meta property=\"og:locale\" content=\"cs_CZ\" \/>\n<meta property=\"og:type\" content=\"article\" \/>\n<meta property=\"og:title\" content=\"Vi-Pro\u00ae ALU-BUTYL TAPE - Proventuss\" \/>\n<meta property=\"og:description\" content=\"VODOT\u011aSN\u00c1 A HERMETICK\u00c1 SAMOLEP\u00cdC\u00cd P\u00c1SKA Z BUTYLOV\u00c9 GUMY. P\u00e1ska je vysoce t\u011bsn\u00e1 na p\u00e1ry a vodu, je skv\u011bl\u00e1 pro t\u011bsn\u011bn\u00ed: klemp\u00ed\u0159sk\u00e9 pr\u00e1ce, st\u0159e\u0161n\u00ed okna, sv\u011btl\u00edky, fas\u00e1dy, zimn\u00ed zahrady, stejn\u011b jako izolace a ochrana: teplovodn\u00edch trubek, veden\u00ed vzduchotechniky a klimatizace. P\u00e1ska z butylov\u00e9 gumy je chr\u00e1n\u011bn\u00e1 nelepivou ochrannou f\u00f3li\u00ed. V\u00ddHODY: \u2022 Skv\u011bl\u00e1 odolnost v\u016f\u010di UV z\u00e1\u0159en\u00ed [&hellip;]\" \/>\n<meta property=\"og:url\" content=\"https:\/\/proventuss.eu\/cs\/produkt\/vi-pro-alu-butyl-tape\/\" \/>\n<meta property=\"og:site_name\" content=\"Proventuss\" \/>\n<meta property=\"og:image\" content=\"https:\/\/proventuss.eu\/wp-content\/uploads\/2022\/04\/Vi-Pro-Alu-Butyl-Tape.png\" \/>\n\t<meta property=\"og:image:width\" content=\"597\" \/>\n\t<meta property=\"og:image:height\" content=\"640\" \/>\n\t<meta property=\"og:image:type\" content=\"image\/png\" \/>\n<meta name=\"twitter:card\" content=\"summary_large_image\" \/>\n<meta name=\"twitter:label1\" content=\"Odhadovan\u00e1 doba \u010dten\u00ed\" \/>\n\t<meta name=\"twitter:data1\" content=\"1 minuta\" \/>\n<script type=\"application\/ld+json\" class=\"yoast-schema-graph\">{\"@context\":\"https:\/\/schema.org\",\"@graph\":[{\"@type\":\"WebPage\",\"@id\":\"https:\/\/proventuss.eu\/cs\/produkt\/vi-pro-alu-butyl-tape\/\",\"url\":\"https:\/\/proventuss.eu\/cs\/produkt\/vi-pro-alu-butyl-tape\/\",\"name\":\"Vi-Pro\u00ae ALU-BUTYL TAPE - Proventuss\",\"isPartOf\":{\"@id\":\"https:\/\/proventuss.eu\/#website\"},\"primaryImageOfPage\":{\"@id\":\"https:\/\/proventuss.eu\/cs\/produkt\/vi-pro-alu-butyl-tape\/#primaryimage\"},\"image\":{\"@id\":\"https:\/\/proventuss.eu\/cs\/produkt\/vi-pro-alu-butyl-tape\/#primaryimage\"},\"thumbnailUrl\":\"https:\/\/proventuss.eu\/wp-content\/uploads\/2022\/04\/Vi-Pro-Alu-Butyl-Tape.png\",\"datePublished\":\"2022-04-26T10:39:03+00:00\",\"dateModified\":\"2022-04-26T10:39:03+00:00\",\"breadcrumb\":{\"@id\":\"https:\/\/proventuss.eu\/cs\/produkt\/vi-pro-alu-butyl-tape\/#breadcrumb\"},\"inLanguage\":\"cs\",\"potentialAction\":[{\"@type\":\"ReadAction\",\"target\":[\"https:\/\/proventuss.eu\/cs\/produkt\/vi-pro-alu-butyl-tape\/\"]}]},{\"@type\":\"ImageObject\",\"inLanguage\":\"cs\",\"@id\":\"https:\/\/proventuss.eu\/cs\/produkt\/vi-pro-alu-butyl-tape\/#primaryimage\",\"url\":\"https:\/\/proventuss.eu\/wp-content\/uploads\/2022\/04\/Vi-Pro-Alu-Butyl-Tape.png\",\"contentUrl\":\"https:\/\/proventuss.eu\/wp-content\/uploads\/2022\/04\/Vi-Pro-Alu-Butyl-Tape.png\",\"width\":597,\"height\":640,\"caption\":\"Na zdj\u0119ciu ta\u015bma z masy butylowo-kauczukowej do uszczelnie\u0144: okien dachowych, \u015bwietlik\u00f3w, fasad oraz do izolacji i zabezpieczenia: przewod\u00f3w cieplnych.\"},{\"@type\":\"BreadcrumbList\",\"@id\":\"https:\/\/proventuss.eu\/cs\/produkt\/vi-pro-alu-butyl-tape\/#breadcrumb\",\"itemListElement\":[{\"@type\":\"ListItem\",\"position\":1,\"name\":\"Home\",\"item\":\"https:\/\/proventuss.eu\/\"},{\"@type\":\"ListItem\",\"position\":2,\"name\":\"Produkty\",\"item\":\"https:\/\/proventuss.eu\/produkty\/\"},{\"@type\":\"ListItem\",\"position\":3,\"name\":\"Vi-Pro\u00ae ALU-BUTYL TAPE\"}]},{\"@type\":\"WebSite\",\"@id\":\"https:\/\/proventuss.eu\/#website\",\"url\":\"https:\/\/proventuss.eu\/\",\"name\":\"Proventuss\",\"description\":\"\",\"potentialAction\":[{\"@type\":\"SearchAction\",\"target\":{\"@type\":\"EntryPoint\",\"urlTemplate\":\"https:\/\/proventuss.eu\/?s={search_term_string}\"},\"query-input\":\"required name=search_term_string\"}],\"inLanguage\":\"cs\"}]}<\/script>\n<!-- \/ Yoast SEO plugin. -->","yoast_head_json":{"title":"Vi-Pro\u00ae ALU-BUTYL TAPE - Proventuss","robots":{"index":"index","follow":"follow","max-snippet":"max-snippet:-1","max-image-preview":"max-image-preview:large","max-video-preview":"max-video-preview:-1"},"canonical":"https:\/\/proventuss.eu\/cs\/produkt\/vi-pro-alu-butyl-tape\/","og_locale":"cs_CZ","og_type":"article","og_title":"Vi-Pro\u00ae ALU-BUTYL TAPE - Proventuss","og_description":"VODOT\u011aSN\u00c1 A HERMETICK\u00c1 SAMOLEP\u00cdC\u00cd P\u00c1SKA Z BUTYLOV\u00c9 GUMY. P\u00e1ska je vysoce t\u011bsn\u00e1 na p\u00e1ry a vodu, je skv\u011bl\u00e1 pro t\u011bsn\u011bn\u00ed: klemp\u00ed\u0159sk\u00e9 pr\u00e1ce, st\u0159e\u0161n\u00ed okna, sv\u011btl\u00edky, fas\u00e1dy, zimn\u00ed zahrady, stejn\u011b jako izolace a ochrana: teplovodn\u00edch trubek, veden\u00ed vzduchotechniky a klimatizace. P\u00e1ska z butylov\u00e9 gumy je chr\u00e1n\u011bn\u00e1 nelepivou ochrannou f\u00f3li\u00ed. V\u00ddHODY: \u2022 Skv\u011bl\u00e1 odolnost v\u016f\u010di UV z\u00e1\u0159en\u00ed [&hellip;]","og_url":"https:\/\/proventuss.eu\/cs\/produkt\/vi-pro-alu-butyl-tape\/","og_site_name":"Proventuss","og_image":[{"width":597,"height":640,"url":"https:\/\/proventuss.eu\/wp-content\/uploads\/2022\/04\/Vi-Pro-Alu-Butyl-Tape.png","type":"image\/png"}],"twitter_card":"summary_large_image","twitter_misc":{"Odhadovan\u00e1 doba \u010dten\u00ed":"1 minuta"},"schema":{"@context":"https:\/\/schema.org","@graph":[{"@type":"WebPage","@id":"https:\/\/proventuss.eu\/cs\/produkt\/vi-pro-alu-butyl-tape\/","url":"https:\/\/proventuss.eu\/cs\/produkt\/vi-pro-alu-butyl-tape\/","name":"Vi-Pro\u00ae ALU-BUTYL TAPE - Proventuss","isPartOf":{"@id":"https:\/\/proventuss.eu\/#website"},"primaryImageOfPage":{"@id":"https:\/\/proventuss.eu\/cs\/produkt\/vi-pro-alu-butyl-tape\/#primaryimage"},"image":{"@id":"https:\/\/proventuss.eu\/cs\/produkt\/vi-pro-alu-butyl-tape\/#primaryimage"},"thumbnailUrl":"https:\/\/proventuss.eu\/wp-content\/uploads\/2022\/04\/Vi-Pro-Alu-Butyl-Tape.png","datePublished":"2022-04-26T10:39:03+00:00","dateModified":"2022-04-26T10:39:03+00:00","breadcrumb":{"@id":"https:\/\/proventuss.eu\/cs\/produkt\/vi-pro-alu-butyl-tape\/#breadcrumb"},"inLanguage":"cs","potentialAction":[{"@type":"ReadAction","target":["https:\/\/proventuss.eu\/cs\/produkt\/vi-pro-alu-butyl-tape\/"]}]},{"@type":"ImageObject","inLanguage":"cs","@id":"https:\/\/proventuss.eu\/cs\/produkt\/vi-pro-alu-butyl-tape\/#primaryimage","url":"https:\/\/proventuss.eu\/wp-content\/uploads\/2022\/04\/Vi-Pro-Alu-Butyl-Tape.png","contentUrl":"https:\/\/proventuss.eu\/wp-content\/uploads\/2022\/04\/Vi-Pro-Alu-Butyl-Tape.png","width":597,"height":640,"caption":"Na zdj\u0119ciu ta\u015bma z masy butylowo-kauczukowej do uszczelnie\u0144: okien dachowych, \u015bwietlik\u00f3w, fasad oraz do izolacji i zabezpieczenia: przewod\u00f3w cieplnych."},{"@type":"BreadcrumbList","@id":"https:\/\/proventuss.eu\/cs\/produkt\/vi-pro-alu-butyl-tape\/#breadcrumb","itemListElement":[{"@type":"ListItem","position":1,"name":"Home","item":"https:\/\/proventuss.eu\/"},{"@type":"ListItem","position":2,"name":"Produkty","item":"https:\/\/proventuss.eu\/produkty\/"},{"@type":"ListItem","position":3,"name":"Vi-Pro\u00ae ALU-BUTYL TAPE"}]},{"@type":"WebSite","@id":"https:\/\/proventuss.eu\/#website","url":"https:\/\/proventuss.eu\/","name":"Proventuss","description":"","potentialAction":[{"@type":"SearchAction","target":{"@type":"EntryPoint","urlTemplate":"https:\/\/proventuss.eu\/?s={search_term_string}"},"query-input":"required name=search_term_string"}],"inLanguage":"cs"}]}},"_links":{"self":[{"href":"https:\/\/proventuss.eu\/cs\/wp-json\/wp\/v2\/product\/6550"}],"collection":[{"href":"https:\/\/proventuss.eu\/cs\/wp-json\/wp\/v2\/product"}],"about":[{"href":"https:\/\/proventuss.eu\/cs\/wp-json\/wp\/v2\/types\/product"}],"replies":[{"embeddable":true,"href":"https:\/\/proventuss.eu\/cs\/wp-json\/wp\/v2\/comments?post=6550"}],"wp:featuredmedia":[{"embeddable":true,"href":"https:\/\/proventuss.eu\/cs\/wp-json\/wp\/v2\/media\/4710"}],"wp:attachment":[{"href":"https:\/\/proventuss.eu\/cs\/wp-json\/wp\/v2\/media?parent=6550"}],"wp:term":[{"taxonomy":"product_cat","embeddable":true,"href":"https:\/\/proventuss.eu\/cs\/wp-json\/wp\/v2\/product_cat?post=6550"},{"taxonomy":"product_tag","embeddable":true,"href":"https:\/\/proventuss.eu\/cs\/wp-json\/wp\/v2\/product_tag?post=6550"}],"curies":[{"name":"wp","href":"https:\/\/api.w.org\/{rel}","templated":true}]}}