{"id":6548,"date":"2022-04-26T10:34:58","date_gmt":"2022-04-26T10:34:58","guid":{"rendered":"https:\/\/proventuss.eu\/produkt\/vi-pro-strongbond-sb55-ms\/"},"modified":"2024-11-28T10:21:29","modified_gmt":"2024-11-28T10:21:29","slug":"vi-pro-strongbond-sb55-ms","status":"publish","type":"product","link":"https:\/\/proventuss.eu\/cs\/produkt\/vi-pro-strongbond-sb55-ms\/","title":{"rendered":"Vi-Pro\u00ae Strongbond SB55 MS"},"content":{"rendered":"<p><strong>Jednoslo\u017ekov\u00fd elastick\u00fd lep\u00edc\u00ed tmel na b\u00e1zi MS polymeru<\/strong><\/p>\n<p>Vi-Pro\u00ae Strongbond SB55 MS je v\u00edceu\u010delov\u00e9 jednoslo\u017ekov\u00e9 nest\u00e9kav\u00e9 elastick\u00e9 lepidlo na b\u00e1zi polymeru modifikovan\u00e9ho silylem pro pou\u017eit\u00ed v aplika\u010dn\u00ed pistoli. Vytvrzuje se vlivem atmosf\u00e9rick\u00e9 vlhkosti za tvorby vysoce funk\u010dn\u00edho trvale ohebn\u00e9ho elastick\u00e9ho lepidla. Bez obsahu rozpou\u0161t\u011bdel a isokyan\u00e1t\u016f.<\/p>\n<p><strong>TYPICAL APPLICATIONS:<\/strong><br \/>\nVi-Pro\u00ae Strongbond SB55 MS je univerz\u00e1ln\u00ed a v\u00fdkonn\u00e9 elastick\u00e9 lepidlo a tmel pro pou\u017eit\u00ed v aplikac\u00edch elastick\u00fdch spoj\u016f ve stavebn\u00ed a pr\u016fmyslov\u00e9 mont\u00e1\u017ei, automobilov\u00e9m, dopravn\u00edm (autobusy, karavany, chlad\u00edc\u00ed vozy, kontejnery) a lodn\u00edm pr\u016fmyslu a vzduchotechnice, kde jsou vy\u017eadov\u00e1ny pevn\u00e9 ohebn\u00e9 gumov\u00e9 spoje nebo je po\u017eadov\u00e1no siln\u00e9 elastick\u00e9 lepidlo.<\/p>\n<p><strong>VLASTNOSTI:<\/strong><br \/>\n\u2022 Modifikovan\u00fd silylov\u00fd polymer<br \/>\n\u2022 Bez rozpou\u0161t\u011bdel a isokyan\u00e1tu<br \/>\n\u2022 Dobr\u00e1 odolnost proti st\u00e1rnut\u00ed a pov\u011btrnosti<br \/>\n\u2022 Skv\u011bl\u00e1 thixotropie, nest\u00e9kav\u00fd, kr\u00e1tk\u00e9 ukon\u010dovac\u00ed vl\u00e1kno<br \/>\n\u2022 Trvale pru\u017en\u00fd v \u0161irok\u00e9m rozsahu teplot<br \/>\n\u2022 Netvo\u0159\u00ed bubliny<br \/>\n\u2022 Snadn\u00e1 aplikace z pistole se skv\u011blou zpracovatelnost\u00ed<br \/>\n\u2022 Vynikaj\u00edc\u00ed p\u0159ilnavost bez primeru na v\u0161ech typick\u00fdch stavebn\u00edch a pr\u016fmyslov\u00fdch materi\u00e1lech a povr\u0161\u00edch<br \/>\n\u2022 Neutr\u00e1ln\u00ed chov\u00e1n\u00ed, neovliv\u0148uje podkladov\u00fd povrch<br \/>\n\u2022 Nejsou pot\u0159ebn\u00e9 symboly rizik<br \/>\n\u2022 P\u0159et\u00edrateln\u00fd mnoha n\u00e1t\u011bry rozpustn\u00fdmi ve vod\u011b a rozpou\u0161t\u011bdlech (doporu\u010duje se p\u0159edchoz\u00ed zkou\u0161ka)<\/p>\n","protected":false},"excerpt":{"rendered":"<p>Jednoslo\u017ekov\u00fd elastick\u00fd lep\u00edc\u00ed tmel na b\u00e1zi MS polymeru Vi-Pro\u00ae Strongbond SB55 MS je v\u00edceu\u010delov\u00e9 jednoslo\u017ekov\u00e9 nest\u00e9kav\u00e9 elastick\u00e9 lepidlo na b\u00e1zi polymeru modifikovan\u00e9ho silylem pro pou\u017eit\u00ed v aplika\u010dn\u00ed pistoli. Vytvrzuje se vlivem atmosf\u00e9rick\u00e9 vlhkosti za tvorby vysoce funk\u010dn\u00edho trvale ohebn\u00e9ho elastick\u00e9ho lepidla. Bez obsahu rozpou\u0161t\u011bdel a isokyan\u00e1t\u016f. TYPICAL APPLICATIONS: Vi-Pro\u00ae Strongbond SB55 MS je univerz\u00e1ln\u00ed a [&hellip;]<\/p>\n","protected":false},"featured_media":6092,"comment_status":"open","ping_status":"closed","template":"","meta":{"_acf_changed":false},"product_cat":[322,315],"product_tag":[],"acf":[],"yoast_head":"<!-- This site is optimized with the Yoast SEO plugin v22.9 - https:\/\/yoast.com\/wordpress\/plugins\/seo\/ -->\n<title>Vi-Pro\u00ae Strongbond SB55 MS - Proventuss<\/title>\n<meta name=\"robots\" content=\"index, follow, max-snippet:-1, max-image-preview:large, max-video-preview:-1\" \/>\n<link rel=\"canonical\" href=\"https:\/\/proventuss.eu\/cs\/produkt\/vi-pro-strongbond-sb55-ms\/\" \/>\n<meta property=\"og:locale\" content=\"cs_CZ\" \/>\n<meta property=\"og:type\" content=\"article\" \/>\n<meta property=\"og:title\" content=\"Vi-Pro\u00ae Strongbond SB55 MS - Proventuss\" \/>\n<meta property=\"og:description\" content=\"Jednoslo\u017ekov\u00fd elastick\u00fd lep\u00edc\u00ed tmel na b\u00e1zi MS polymeru Vi-Pro\u00ae Strongbond SB55 MS je v\u00edceu\u010delov\u00e9 jednoslo\u017ekov\u00e9 nest\u00e9kav\u00e9 elastick\u00e9 lepidlo na b\u00e1zi polymeru modifikovan\u00e9ho silylem pro pou\u017eit\u00ed v aplika\u010dn\u00ed pistoli. Vytvrzuje se vlivem atmosf\u00e9rick\u00e9 vlhkosti za tvorby vysoce funk\u010dn\u00edho trvale ohebn\u00e9ho elastick\u00e9ho lepidla. Bez obsahu rozpou\u0161t\u011bdel a isokyan\u00e1t\u016f. TYPICAL APPLICATIONS: Vi-Pro\u00ae Strongbond SB55 MS je univerz\u00e1ln\u00ed a [&hellip;]\" \/>\n<meta property=\"og:url\" content=\"https:\/\/proventuss.eu\/cs\/produkt\/vi-pro-strongbond-sb55-ms\/\" \/>\n<meta property=\"og:site_name\" content=\"Proventuss\" \/>\n<meta property=\"article:modified_time\" content=\"2024-11-28T10:21:29+00:00\" \/>\n<meta property=\"og:image\" content=\"https:\/\/proventuss.eu\/wp-content\/uploads\/2022\/04\/Vi-Pro-Strongbond-SB55-MS.png\" \/>\n\t<meta property=\"og:image:width\" content=\"357\" \/>\n\t<meta property=\"og:image:height\" content=\"1920\" \/>\n\t<meta property=\"og:image:type\" content=\"image\/png\" \/>\n<meta name=\"twitter:card\" content=\"summary_large_image\" \/>\n<meta name=\"twitter:label1\" content=\"Odhadovan\u00e1 doba \u010dten\u00ed\" \/>\n\t<meta name=\"twitter:data1\" content=\"2 minuty\" \/>\n<script type=\"application\/ld+json\" class=\"yoast-schema-graph\">{\"@context\":\"https:\/\/schema.org\",\"@graph\":[{\"@type\":\"WebPage\",\"@id\":\"https:\/\/proventuss.eu\/cs\/produkt\/vi-pro-strongbond-sb55-ms\/\",\"url\":\"https:\/\/proventuss.eu\/cs\/produkt\/vi-pro-strongbond-sb55-ms\/\",\"name\":\"Vi-Pro\u00ae Strongbond SB55 MS - Proventuss\",\"isPartOf\":{\"@id\":\"https:\/\/proventuss.eu\/#website\"},\"primaryImageOfPage\":{\"@id\":\"https:\/\/proventuss.eu\/cs\/produkt\/vi-pro-strongbond-sb55-ms\/#primaryimage\"},\"image\":{\"@id\":\"https:\/\/proventuss.eu\/cs\/produkt\/vi-pro-strongbond-sb55-ms\/#primaryimage\"},\"thumbnailUrl\":\"https:\/\/proventuss.eu\/wp-content\/uploads\/2022\/04\/Vi-Pro-Strongbond-SB55-MS.png\",\"datePublished\":\"2022-04-26T10:34:58+00:00\",\"dateModified\":\"2024-11-28T10:21:29+00:00\",\"breadcrumb\":{\"@id\":\"https:\/\/proventuss.eu\/cs\/produkt\/vi-pro-strongbond-sb55-ms\/#breadcrumb\"},\"inLanguage\":\"cs\",\"potentialAction\":[{\"@type\":\"ReadAction\",\"target\":[\"https:\/\/proventuss.eu\/cs\/produkt\/vi-pro-strongbond-sb55-ms\/\"]}]},{\"@type\":\"ImageObject\",\"inLanguage\":\"cs\",\"@id\":\"https:\/\/proventuss.eu\/cs\/produkt\/vi-pro-strongbond-sb55-ms\/#primaryimage\",\"url\":\"https:\/\/proventuss.eu\/wp-content\/uploads\/2022\/04\/Vi-Pro-Strongbond-SB55-MS.png\",\"contentUrl\":\"https:\/\/proventuss.eu\/wp-content\/uploads\/2022\/04\/Vi-Pro-Strongbond-SB55-MS.png\",\"width\":357,\"height\":1920,\"caption\":\"Na zdj\u0119ciu Jednosk\u0142adnikowy elastyczny klej - doskona\u0142a przyczepno\u015b\u0107 bez podk\u0142adu do wszystkich typowych materia\u0142\u00f3w budowlanych i przemys\u0142owych oraz pod\u0142o\u017cy. Kie\u0142baska 600 ml.\"},{\"@type\":\"BreadcrumbList\",\"@id\":\"https:\/\/proventuss.eu\/cs\/produkt\/vi-pro-strongbond-sb55-ms\/#breadcrumb\",\"itemListElement\":[{\"@type\":\"ListItem\",\"position\":1,\"name\":\"Home\",\"item\":\"https:\/\/proventuss.eu\/\"},{\"@type\":\"ListItem\",\"position\":2,\"name\":\"Produkty\",\"item\":\"https:\/\/proventuss.eu\/produkty\/\"},{\"@type\":\"ListItem\",\"position\":3,\"name\":\"Vi-Pro\u00ae Strongbond SB55 MS\"}]},{\"@type\":\"WebSite\",\"@id\":\"https:\/\/proventuss.eu\/#website\",\"url\":\"https:\/\/proventuss.eu\/\",\"name\":\"Proventuss\",\"description\":\"\",\"potentialAction\":[{\"@type\":\"SearchAction\",\"target\":{\"@type\":\"EntryPoint\",\"urlTemplate\":\"https:\/\/proventuss.eu\/?s={search_term_string}\"},\"query-input\":\"required name=search_term_string\"}],\"inLanguage\":\"cs\"}]}<\/script>\n<!-- \/ Yoast SEO plugin. -->","yoast_head_json":{"title":"Vi-Pro\u00ae Strongbond SB55 MS - Proventuss","robots":{"index":"index","follow":"follow","max-snippet":"max-snippet:-1","max-image-preview":"max-image-preview:large","max-video-preview":"max-video-preview:-1"},"canonical":"https:\/\/proventuss.eu\/cs\/produkt\/vi-pro-strongbond-sb55-ms\/","og_locale":"cs_CZ","og_type":"article","og_title":"Vi-Pro\u00ae Strongbond SB55 MS - Proventuss","og_description":"Jednoslo\u017ekov\u00fd elastick\u00fd lep\u00edc\u00ed tmel na b\u00e1zi MS polymeru Vi-Pro\u00ae Strongbond SB55 MS je v\u00edceu\u010delov\u00e9 jednoslo\u017ekov\u00e9 nest\u00e9kav\u00e9 elastick\u00e9 lepidlo na b\u00e1zi polymeru modifikovan\u00e9ho silylem pro pou\u017eit\u00ed v aplika\u010dn\u00ed pistoli. Vytvrzuje se vlivem atmosf\u00e9rick\u00e9 vlhkosti za tvorby vysoce funk\u010dn\u00edho trvale ohebn\u00e9ho elastick\u00e9ho lepidla. Bez obsahu rozpou\u0161t\u011bdel a isokyan\u00e1t\u016f. TYPICAL APPLICATIONS: Vi-Pro\u00ae Strongbond SB55 MS je univerz\u00e1ln\u00ed a [&hellip;]","og_url":"https:\/\/proventuss.eu\/cs\/produkt\/vi-pro-strongbond-sb55-ms\/","og_site_name":"Proventuss","article_modified_time":"2024-11-28T10:21:29+00:00","og_image":[{"width":357,"height":1920,"url":"https:\/\/proventuss.eu\/wp-content\/uploads\/2022\/04\/Vi-Pro-Strongbond-SB55-MS.png","type":"image\/png"}],"twitter_card":"summary_large_image","twitter_misc":{"Odhadovan\u00e1 doba \u010dten\u00ed":"2 minuty"},"schema":{"@context":"https:\/\/schema.org","@graph":[{"@type":"WebPage","@id":"https:\/\/proventuss.eu\/cs\/produkt\/vi-pro-strongbond-sb55-ms\/","url":"https:\/\/proventuss.eu\/cs\/produkt\/vi-pro-strongbond-sb55-ms\/","name":"Vi-Pro\u00ae Strongbond SB55 MS - Proventuss","isPartOf":{"@id":"https:\/\/proventuss.eu\/#website"},"primaryImageOfPage":{"@id":"https:\/\/proventuss.eu\/cs\/produkt\/vi-pro-strongbond-sb55-ms\/#primaryimage"},"image":{"@id":"https:\/\/proventuss.eu\/cs\/produkt\/vi-pro-strongbond-sb55-ms\/#primaryimage"},"thumbnailUrl":"https:\/\/proventuss.eu\/wp-content\/uploads\/2022\/04\/Vi-Pro-Strongbond-SB55-MS.png","datePublished":"2022-04-26T10:34:58+00:00","dateModified":"2024-11-28T10:21:29+00:00","breadcrumb":{"@id":"https:\/\/proventuss.eu\/cs\/produkt\/vi-pro-strongbond-sb55-ms\/#breadcrumb"},"inLanguage":"cs","potentialAction":[{"@type":"ReadAction","target":["https:\/\/proventuss.eu\/cs\/produkt\/vi-pro-strongbond-sb55-ms\/"]}]},{"@type":"ImageObject","inLanguage":"cs","@id":"https:\/\/proventuss.eu\/cs\/produkt\/vi-pro-strongbond-sb55-ms\/#primaryimage","url":"https:\/\/proventuss.eu\/wp-content\/uploads\/2022\/04\/Vi-Pro-Strongbond-SB55-MS.png","contentUrl":"https:\/\/proventuss.eu\/wp-content\/uploads\/2022\/04\/Vi-Pro-Strongbond-SB55-MS.png","width":357,"height":1920,"caption":"Na zdj\u0119ciu Jednosk\u0142adnikowy elastyczny klej - doskona\u0142a przyczepno\u015b\u0107 bez podk\u0142adu do wszystkich typowych materia\u0142\u00f3w budowlanych i przemys\u0142owych oraz pod\u0142o\u017cy. Kie\u0142baska 600 ml."},{"@type":"BreadcrumbList","@id":"https:\/\/proventuss.eu\/cs\/produkt\/vi-pro-strongbond-sb55-ms\/#breadcrumb","itemListElement":[{"@type":"ListItem","position":1,"name":"Home","item":"https:\/\/proventuss.eu\/"},{"@type":"ListItem","position":2,"name":"Produkty","item":"https:\/\/proventuss.eu\/produkty\/"},{"@type":"ListItem","position":3,"name":"Vi-Pro\u00ae Strongbond SB55 MS"}]},{"@type":"WebSite","@id":"https:\/\/proventuss.eu\/#website","url":"https:\/\/proventuss.eu\/","name":"Proventuss","description":"","potentialAction":[{"@type":"SearchAction","target":{"@type":"EntryPoint","urlTemplate":"https:\/\/proventuss.eu\/?s={search_term_string}"},"query-input":"required name=search_term_string"}],"inLanguage":"cs"}]}},"_links":{"self":[{"href":"https:\/\/proventuss.eu\/cs\/wp-json\/wp\/v2\/product\/6548"}],"collection":[{"href":"https:\/\/proventuss.eu\/cs\/wp-json\/wp\/v2\/product"}],"about":[{"href":"https:\/\/proventuss.eu\/cs\/wp-json\/wp\/v2\/types\/product"}],"replies":[{"embeddable":true,"href":"https:\/\/proventuss.eu\/cs\/wp-json\/wp\/v2\/comments?post=6548"}],"wp:featuredmedia":[{"embeddable":true,"href":"https:\/\/proventuss.eu\/cs\/wp-json\/wp\/v2\/media\/6092"}],"wp:attachment":[{"href":"https:\/\/proventuss.eu\/cs\/wp-json\/wp\/v2\/media?parent=6548"}],"wp:term":[{"taxonomy":"product_cat","embeddable":true,"href":"https:\/\/proventuss.eu\/cs\/wp-json\/wp\/v2\/product_cat?post=6548"},{"taxonomy":"product_tag","embeddable":true,"href":"https:\/\/proventuss.eu\/cs\/wp-json\/wp\/v2\/product_tag?post=6548"}],"curies":[{"name":"wp","href":"https:\/\/api.w.org\/{rel}","templated":true}]}}