{"id":6547,"date":"2022-04-26T10:32:32","date_gmt":"2022-04-26T10:32:32","guid":{"rendered":"https:\/\/proventuss.eu\/produkt\/vi-pro-strongbond-sb25-ms\/"},"modified":"2022-09-13T07:06:19","modified_gmt":"2022-09-13T07:06:19","slug":"vi-pro-strongbond-sb25-ms","status":"publish","type":"product","link":"https:\/\/proventuss.eu\/cs\/produkt\/vi-pro-strongbond-sb25-ms\/","title":{"rendered":"Vi-Pro\u00ae Strongbond SB25 MS"},"content":{"rendered":"<p><strong>Jednoslo\u017ekov\u00fd vysokomodulov\u00fd stavebn\u00ed tmel<\/strong><\/p>\n<p>Vi-Pro\u00ae Strongbond SB25 MS je jednoslo\u017ekov\u00fd a trvale elastick\u00fd stavebn\u00ed tmel z polymeru se silylov\u00fdmi koncov\u00fdmi skupinami. Vytvrzuje se pod vlivem atmosf\u00e9rick\u00e9 vlhkosti za tvorby elastick\u00e9ho tmelu s vynikaj\u00edc\u00ed p\u0159ilnavost\u00ed a odolnost\u00ed proti st\u00e1rnut\u00ed a vlivu pov\u011btrnosti. Bez rozpou\u0161t\u011bdel a isokyan\u00e1tu, bez obsahu VOC. Skv\u011bl\u00e1 hutnost a thixotropie.<\/p>\n<p><strong>TYPICK\u00c9 POU\u017dIT\u00cd:<\/strong><br \/>\n\u2022 T\u011bsn\u011bn\u00ed sp\u00e1r ve vertik\u00e1ln\u00edch a horizont\u00e1ln\u00edch aplikac\u00edch<br \/>\n\u2022 Spoje extern\u00edch zd\u00ed a obklad\u016f<br \/>\n\u2022 Ut\u011bsn\u011bn\u00ed spoj\u016f mezi cihlami, tv\u00e1rnicemi, zdivem, d\u0159evem, betonem, kovov\u00fdmi r\u00e1my proti pov\u011btrnosti<br \/>\n\u2022 Spoje ve zdech, podlah\u00e1ch, balkonech, okolo okenn\u00edch a dve\u0159n\u00edch r\u00e1m\u016f<br \/>\n\u2022 Ut\u011bsn\u011bn\u00ed kovov\u00fdch st\u0159ech a okap\u016f<br \/>\n\u2022 T\u011bsn\u011bn\u00ed a lepen\u00ed mezi r\u016fzn\u00fdmi materi\u00e1ly<br \/>\n\u2022 Elastick\u00e9 spoje mezi kovy, plasty, sklem a jin\u00fdmi materi\u00e1ly<\/p>\n<p><strong>VLASTNOSTI:<\/strong><br \/>\n\u2022 Ekologick\u00fd \u2013 bez obsahu isokyan\u00e1t\u016f a rozpou\u0161t\u011bdel<br \/>\n\u2022 Nevy\u017eaduje symboly nebezpe\u010d\u00ed<br \/>\n\u2022 Netvo\u0159\u00ed bubliny &#8211; bez z\u00e1pachu<br \/>\n\u2022 Trvale pru\u017en\u00fd v \u0161irok\u00e9m p\u00e1smu teplot<br \/>\n\u2022 Pohlt\u00ed zm\u011bny rozm\u011bru spoje \u00b125%<br \/>\n\u2022 Skv\u011bl\u00e1 odolnost proti st\u00e1rnut\u00ed a p\u016fsoben\u00ed pov\u011btrnosti; st\u00e1lobarevn\u00fd a ne\u017eloutnouc\u00ed, bez silikonu, p\u0159et\u00edrateln\u00fd<br \/>\n\u2022 Skv\u011bl\u00e1 p\u0159ilnavost bez podkladov\u00e9ho n\u00e1t\u011bru ke v\u0161em typick\u00fdm stavebn\u00edm materi\u00e1l\u016fm a podklad\u016fm<\/p>\n","protected":false},"excerpt":{"rendered":"<p>Jednoslo\u017ekov\u00fd vysokomodulov\u00fd stavebn\u00ed tmel Vi-Pro\u00ae Strongbond SB25 MS je jednoslo\u017ekov\u00fd a trvale elastick\u00fd stavebn\u00ed tmel z polymeru se silylov\u00fdmi koncov\u00fdmi skupinami. Vytvrzuje se pod vlivem atmosf\u00e9rick\u00e9 vlhkosti za tvorby elastick\u00e9ho tmelu s vynikaj\u00edc\u00ed p\u0159ilnavost\u00ed a odolnost\u00ed proti st\u00e1rnut\u00ed a vlivu pov\u011btrnosti. Bez rozpou\u0161t\u011bdel a isokyan\u00e1tu, bez obsahu VOC. Skv\u011bl\u00e1 hutnost a thixotropie. TYPICK\u00c9 POU\u017dIT\u00cd: \u2022 [&hellip;]<\/p>\n","protected":false},"featured_media":6089,"comment_status":"open","ping_status":"closed","template":"","meta":{"_acf_changed":false},"product_cat":[322,315],"product_tag":[],"acf":[],"yoast_head":"<!-- This site is optimized with the Yoast SEO plugin v22.9 - https:\/\/yoast.com\/wordpress\/plugins\/seo\/ -->\n<title>Vi-Pro\u00ae Strongbond SB25 MS - Proventuss<\/title>\n<meta name=\"robots\" content=\"index, follow, max-snippet:-1, max-image-preview:large, max-video-preview:-1\" \/>\n<link rel=\"canonical\" href=\"https:\/\/proventuss.eu\/cs\/produkt\/vi-pro-strongbond-sb25-ms\/\" \/>\n<meta property=\"og:locale\" content=\"cs_CZ\" \/>\n<meta property=\"og:type\" content=\"article\" \/>\n<meta property=\"og:title\" content=\"Vi-Pro\u00ae Strongbond SB25 MS - Proventuss\" \/>\n<meta property=\"og:description\" content=\"Jednoslo\u017ekov\u00fd vysokomodulov\u00fd stavebn\u00ed tmel Vi-Pro\u00ae Strongbond SB25 MS je jednoslo\u017ekov\u00fd a trvale elastick\u00fd stavebn\u00ed tmel z polymeru se silylov\u00fdmi koncov\u00fdmi skupinami. Vytvrzuje se pod vlivem atmosf\u00e9rick\u00e9 vlhkosti za tvorby elastick\u00e9ho tmelu s vynikaj\u00edc\u00ed p\u0159ilnavost\u00ed a odolnost\u00ed proti st\u00e1rnut\u00ed a vlivu pov\u011btrnosti. Bez rozpou\u0161t\u011bdel a isokyan\u00e1tu, bez obsahu VOC. Skv\u011bl\u00e1 hutnost a thixotropie. TYPICK\u00c9 POU\u017dIT\u00cd: \u2022 [&hellip;]\" \/>\n<meta property=\"og:url\" content=\"https:\/\/proventuss.eu\/cs\/produkt\/vi-pro-strongbond-sb25-ms\/\" \/>\n<meta property=\"og:site_name\" content=\"Proventuss\" \/>\n<meta property=\"article:modified_time\" content=\"2022-09-13T07:06:19+00:00\" \/>\n<meta property=\"og:image\" content=\"https:\/\/proventuss.eu\/wp-content\/uploads\/2022\/04\/Vi-Pro-Strongbond-SB25-MS.png\" \/>\n\t<meta property=\"og:image:width\" content=\"330\" \/>\n\t<meta property=\"og:image:height\" content=\"1920\" \/>\n\t<meta property=\"og:image:type\" content=\"image\/png\" \/>\n<meta name=\"twitter:card\" content=\"summary_large_image\" \/>\n<meta name=\"twitter:label1\" content=\"Odhadovan\u00e1 doba \u010dten\u00ed\" \/>\n\t<meta name=\"twitter:data1\" content=\"2 minuty\" \/>\n<script type=\"application\/ld+json\" class=\"yoast-schema-graph\">{\"@context\":\"https:\/\/schema.org\",\"@graph\":[{\"@type\":\"WebPage\",\"@id\":\"https:\/\/proventuss.eu\/cs\/produkt\/vi-pro-strongbond-sb25-ms\/\",\"url\":\"https:\/\/proventuss.eu\/cs\/produkt\/vi-pro-strongbond-sb25-ms\/\",\"name\":\"Vi-Pro\u00ae Strongbond SB25 MS - Proventuss\",\"isPartOf\":{\"@id\":\"https:\/\/proventuss.eu\/#website\"},\"primaryImageOfPage\":{\"@id\":\"https:\/\/proventuss.eu\/cs\/produkt\/vi-pro-strongbond-sb25-ms\/#primaryimage\"},\"image\":{\"@id\":\"https:\/\/proventuss.eu\/cs\/produkt\/vi-pro-strongbond-sb25-ms\/#primaryimage\"},\"thumbnailUrl\":\"https:\/\/proventuss.eu\/wp-content\/uploads\/2022\/04\/Vi-Pro-Strongbond-SB25-MS.png\",\"datePublished\":\"2022-04-26T10:32:32+00:00\",\"dateModified\":\"2022-09-13T07:06:19+00:00\",\"breadcrumb\":{\"@id\":\"https:\/\/proventuss.eu\/cs\/produkt\/vi-pro-strongbond-sb25-ms\/#breadcrumb\"},\"inLanguage\":\"cs\",\"potentialAction\":[{\"@type\":\"ReadAction\",\"target\":[\"https:\/\/proventuss.eu\/cs\/produkt\/vi-pro-strongbond-sb25-ms\/\"]}]},{\"@type\":\"ImageObject\",\"inLanguage\":\"cs\",\"@id\":\"https:\/\/proventuss.eu\/cs\/produkt\/vi-pro-strongbond-sb25-ms\/#primaryimage\",\"url\":\"https:\/\/proventuss.eu\/wp-content\/uploads\/2022\/04\/Vi-Pro-Strongbond-SB25-MS.png\",\"contentUrl\":\"https:\/\/proventuss.eu\/wp-content\/uploads\/2022\/04\/Vi-Pro-Strongbond-SB25-MS.png\",\"width\":330,\"height\":1920,\"caption\":\"Na zdj\u0119ciu jednosk\u0142adnikowy uszczelniacz budowlany - doskona\u0142a przyczepno\u015b\u0107 bez podk\u0142adu do wszystkich typowych materia\u0142\u00f3w budowlanych i pod\u0142o\u017cy. Kie\u0142baska 600 ml.\"},{\"@type\":\"BreadcrumbList\",\"@id\":\"https:\/\/proventuss.eu\/cs\/produkt\/vi-pro-strongbond-sb25-ms\/#breadcrumb\",\"itemListElement\":[{\"@type\":\"ListItem\",\"position\":1,\"name\":\"Home\",\"item\":\"https:\/\/proventuss.eu\/\"},{\"@type\":\"ListItem\",\"position\":2,\"name\":\"Produkty\",\"item\":\"https:\/\/proventuss.eu\/produkty\/\"},{\"@type\":\"ListItem\",\"position\":3,\"name\":\"Vi-Pro\u00ae Strongbond SB25 MS\"}]},{\"@type\":\"WebSite\",\"@id\":\"https:\/\/proventuss.eu\/#website\",\"url\":\"https:\/\/proventuss.eu\/\",\"name\":\"Proventuss\",\"description\":\"\",\"potentialAction\":[{\"@type\":\"SearchAction\",\"target\":{\"@type\":\"EntryPoint\",\"urlTemplate\":\"https:\/\/proventuss.eu\/?s={search_term_string}\"},\"query-input\":\"required name=search_term_string\"}],\"inLanguage\":\"cs\"}]}<\/script>\n<!-- \/ Yoast SEO plugin. -->","yoast_head_json":{"title":"Vi-Pro\u00ae Strongbond SB25 MS - Proventuss","robots":{"index":"index","follow":"follow","max-snippet":"max-snippet:-1","max-image-preview":"max-image-preview:large","max-video-preview":"max-video-preview:-1"},"canonical":"https:\/\/proventuss.eu\/cs\/produkt\/vi-pro-strongbond-sb25-ms\/","og_locale":"cs_CZ","og_type":"article","og_title":"Vi-Pro\u00ae Strongbond SB25 MS - Proventuss","og_description":"Jednoslo\u017ekov\u00fd vysokomodulov\u00fd stavebn\u00ed tmel Vi-Pro\u00ae Strongbond SB25 MS je jednoslo\u017ekov\u00fd a trvale elastick\u00fd stavebn\u00ed tmel z polymeru se silylov\u00fdmi koncov\u00fdmi skupinami. Vytvrzuje se pod vlivem atmosf\u00e9rick\u00e9 vlhkosti za tvorby elastick\u00e9ho tmelu s vynikaj\u00edc\u00ed p\u0159ilnavost\u00ed a odolnost\u00ed proti st\u00e1rnut\u00ed a vlivu pov\u011btrnosti. Bez rozpou\u0161t\u011bdel a isokyan\u00e1tu, bez obsahu VOC. Skv\u011bl\u00e1 hutnost a thixotropie. TYPICK\u00c9 POU\u017dIT\u00cd: \u2022 [&hellip;]","og_url":"https:\/\/proventuss.eu\/cs\/produkt\/vi-pro-strongbond-sb25-ms\/","og_site_name":"Proventuss","article_modified_time":"2022-09-13T07:06:19+00:00","og_image":[{"width":330,"height":1920,"url":"https:\/\/proventuss.eu\/wp-content\/uploads\/2022\/04\/Vi-Pro-Strongbond-SB25-MS.png","type":"image\/png"}],"twitter_card":"summary_large_image","twitter_misc":{"Odhadovan\u00e1 doba \u010dten\u00ed":"2 minuty"},"schema":{"@context":"https:\/\/schema.org","@graph":[{"@type":"WebPage","@id":"https:\/\/proventuss.eu\/cs\/produkt\/vi-pro-strongbond-sb25-ms\/","url":"https:\/\/proventuss.eu\/cs\/produkt\/vi-pro-strongbond-sb25-ms\/","name":"Vi-Pro\u00ae Strongbond SB25 MS - Proventuss","isPartOf":{"@id":"https:\/\/proventuss.eu\/#website"},"primaryImageOfPage":{"@id":"https:\/\/proventuss.eu\/cs\/produkt\/vi-pro-strongbond-sb25-ms\/#primaryimage"},"image":{"@id":"https:\/\/proventuss.eu\/cs\/produkt\/vi-pro-strongbond-sb25-ms\/#primaryimage"},"thumbnailUrl":"https:\/\/proventuss.eu\/wp-content\/uploads\/2022\/04\/Vi-Pro-Strongbond-SB25-MS.png","datePublished":"2022-04-26T10:32:32+00:00","dateModified":"2022-09-13T07:06:19+00:00","breadcrumb":{"@id":"https:\/\/proventuss.eu\/cs\/produkt\/vi-pro-strongbond-sb25-ms\/#breadcrumb"},"inLanguage":"cs","potentialAction":[{"@type":"ReadAction","target":["https:\/\/proventuss.eu\/cs\/produkt\/vi-pro-strongbond-sb25-ms\/"]}]},{"@type":"ImageObject","inLanguage":"cs","@id":"https:\/\/proventuss.eu\/cs\/produkt\/vi-pro-strongbond-sb25-ms\/#primaryimage","url":"https:\/\/proventuss.eu\/wp-content\/uploads\/2022\/04\/Vi-Pro-Strongbond-SB25-MS.png","contentUrl":"https:\/\/proventuss.eu\/wp-content\/uploads\/2022\/04\/Vi-Pro-Strongbond-SB25-MS.png","width":330,"height":1920,"caption":"Na zdj\u0119ciu jednosk\u0142adnikowy uszczelniacz budowlany - doskona\u0142a przyczepno\u015b\u0107 bez podk\u0142adu do wszystkich typowych materia\u0142\u00f3w budowlanych i pod\u0142o\u017cy. Kie\u0142baska 600 ml."},{"@type":"BreadcrumbList","@id":"https:\/\/proventuss.eu\/cs\/produkt\/vi-pro-strongbond-sb25-ms\/#breadcrumb","itemListElement":[{"@type":"ListItem","position":1,"name":"Home","item":"https:\/\/proventuss.eu\/"},{"@type":"ListItem","position":2,"name":"Produkty","item":"https:\/\/proventuss.eu\/produkty\/"},{"@type":"ListItem","position":3,"name":"Vi-Pro\u00ae Strongbond SB25 MS"}]},{"@type":"WebSite","@id":"https:\/\/proventuss.eu\/#website","url":"https:\/\/proventuss.eu\/","name":"Proventuss","description":"","potentialAction":[{"@type":"SearchAction","target":{"@type":"EntryPoint","urlTemplate":"https:\/\/proventuss.eu\/?s={search_term_string}"},"query-input":"required name=search_term_string"}],"inLanguage":"cs"}]}},"_links":{"self":[{"href":"https:\/\/proventuss.eu\/cs\/wp-json\/wp\/v2\/product\/6547"}],"collection":[{"href":"https:\/\/proventuss.eu\/cs\/wp-json\/wp\/v2\/product"}],"about":[{"href":"https:\/\/proventuss.eu\/cs\/wp-json\/wp\/v2\/types\/product"}],"replies":[{"embeddable":true,"href":"https:\/\/proventuss.eu\/cs\/wp-json\/wp\/v2\/comments?post=6547"}],"wp:featuredmedia":[{"embeddable":true,"href":"https:\/\/proventuss.eu\/cs\/wp-json\/wp\/v2\/media\/6089"}],"wp:attachment":[{"href":"https:\/\/proventuss.eu\/cs\/wp-json\/wp\/v2\/media?parent=6547"}],"wp:term":[{"taxonomy":"product_cat","embeddable":true,"href":"https:\/\/proventuss.eu\/cs\/wp-json\/wp\/v2\/product_cat?post=6547"},{"taxonomy":"product_tag","embeddable":true,"href":"https:\/\/proventuss.eu\/cs\/wp-json\/wp\/v2\/product_tag?post=6547"}],"curies":[{"name":"wp","href":"https:\/\/api.w.org\/{rel}","templated":true}]}}