{"id":6546,"date":"2022-04-26T10:30:27","date_gmt":"2022-04-26T10:30:27","guid":{"rendered":"https:\/\/proventuss.eu\/produkt\/vi-pro-strongbond-sb20-ms\/"},"modified":"2022-09-13T07:05:52","modified_gmt":"2022-09-13T07:05:52","slug":"vi-pro-strongbond-sb20-ms","status":"publish","type":"product","link":"https:\/\/proventuss.eu\/cs\/produkt\/vi-pro-strongbond-sb20-ms\/","title":{"rendered":"Vi-Pro\u00ae Strongbond SB20 MS"},"content":{"rendered":"<p><strong>Jednoslo\u017ekov\u00fd n\u00edzkomodulov\u00fd stavebn\u00ed tmel<\/strong><\/p>\n<p>Vi-Pro\u00ae Strongbond SB20 MS je jednoslo\u017ekov\u00fd, nest\u00e9kav\u00fd stavebn\u00ed tmel ze silyl-modifikovan\u00e9ho polymeru pro aplikaci pistol\u00ed. Vytvrzuje se pod vlivem atmosf\u00e9rick\u00e9 vlhkosti za tvorby vysoce v\u00fdkonn\u00e9 slou\u010deniny se st\u00e1lou pru\u017enost\u00ed a vysokou odolnost\u00ed proti st\u00e1rnut\u00ed a pov\u011btrnosti.<\/p>\n<p>Bez rozpou\u0161t\u011bdel a isokyan\u00e1t\u016f. Vi-Pro\u00ae Strongbond SB20 MS je univerz\u00e1ln\u00ed jakostn\u00ed stavebn\u00ed tmel pro expanzn\u00ed a staveben\u00ed spoje ve svisl\u00fdch a vodorovn\u00fdch aplikac\u00edch, spoj\u00edch v prefabrikovan\u00fdch prvc\u00edch, extern\u00edch zdech a obkladech. Vhodn\u00fd pro t\u011bsn\u011bn\u00ed kovov\u00fdch st\u0159ech a \u017elab\u016f, mostn\u00edch a balk\u00f3nov\u00fdch parapet\u016f, t\u011bsn\u011bn\u00ed spoj\u016f ve zdivu, d\u0159evu, betonu, kovech, okenn\u00edch a dve\u0159n\u00edch r\u00e1m\u016f.<\/p>\n<p><strong>VLASTNOSTI:<\/strong><br \/>\n\u2022 Ekologick\u00fd \u2013 bez obsahu isokyan\u00e1t\u016f a rozpou\u0161t\u011bdel<br \/>\n\u2022 Nevy\u017eaduje symboly nebezpe\u010d\u00ed<br \/>\n\u2022 Netvo\u0159\u00ed bubliny &#8211; bez z\u00e1pachu<br \/>\n\u2022 Lep\u00ed a t\u011bsn\u00ed sou\u010dasn\u011b<br \/>\n\u2022 Trvale pru\u017en\u00fd, pohlt\u00ed zm\u011bny rozm\u011bru spoje \u00b125%<br \/>\n\u2022 Snadn\u00e1 aplikace pistol\u00ed a skv\u011bl\u00e1 konzistentn\u00ed zapracovatelnost<br \/>\n\u2022 Funk\u010dn\u00ed p\u0159ilnut\u00ed ke stavebn\u00edm materi\u00e1l\u016fm<br \/>\n\u2022 Skv\u011bl\u00e1 thixotropnost, nest\u00e9k\u00e1, net\u00e1hne se od trysky<br \/>\n\u2022 Skv\u011bl\u00e1 p\u0159ilnavost bez podkladov\u00e9ho n\u00e1t\u011bru ke v\u0161em typick\u00fdm stavebn\u00edm a pr\u016fmyslov\u00fdm materi\u00e1l\u016fm<br \/>\n\u2022 Nevytv\u00e1\u0159\u00ed skvrny na betonu a por\u00e9zn\u00edch materi\u00e1lech<br \/>\n\u2022 Skv\u011bl\u00e1 odolnost proti st\u00e1rnut\u00ed a p\u016fsoben\u00ed pov\u011btrnosti; st\u00e1lobarevn\u00fd a ne\u017eloutnouc\u00ed<br \/>\n\u2022 P\u0159et\u00edrateln\u00fd mnoha n\u00e1t\u011bry rozpustn\u00fdmi ve vod\u011b a organizk\u00fdch rozpou\u0161t\u011bdlech (doporu\u010duje se p\u0159edchoz\u00ed zkou\u0161ka).<\/p>\n","protected":false},"excerpt":{"rendered":"<p>Jednoslo\u017ekov\u00fd n\u00edzkomodulov\u00fd stavebn\u00ed tmel Vi-Pro\u00ae Strongbond SB20 MS je jednoslo\u017ekov\u00fd, nest\u00e9kav\u00fd stavebn\u00ed tmel ze silyl-modifikovan\u00e9ho polymeru pro aplikaci pistol\u00ed. Vytvrzuje se pod vlivem atmosf\u00e9rick\u00e9 vlhkosti za tvorby vysoce v\u00fdkonn\u00e9 slou\u010deniny se st\u00e1lou pru\u017enost\u00ed a vysokou odolnost\u00ed proti st\u00e1rnut\u00ed a pov\u011btrnosti. Bez rozpou\u0161t\u011bdel a isokyan\u00e1t\u016f. Vi-Pro\u00ae Strongbond SB20 MS je univerz\u00e1ln\u00ed jakostn\u00ed stavebn\u00ed tmel pro expanzn\u00ed [&hellip;]<\/p>\n","protected":false},"featured_media":6086,"comment_status":"open","ping_status":"closed","template":"","meta":{"_acf_changed":false},"product_cat":[322],"product_tag":[],"acf":[],"yoast_head":"<!-- This site is optimized with the Yoast SEO plugin v22.9 - https:\/\/yoast.com\/wordpress\/plugins\/seo\/ -->\n<title>Vi-Pro\u00ae Strongbond SB20 MS - Proventuss<\/title>\n<meta name=\"robots\" content=\"index, follow, max-snippet:-1, max-image-preview:large, max-video-preview:-1\" \/>\n<link rel=\"canonical\" href=\"https:\/\/proventuss.eu\/cs\/produkt\/vi-pro-strongbond-sb20-ms\/\" \/>\n<meta property=\"og:locale\" content=\"cs_CZ\" \/>\n<meta property=\"og:type\" content=\"article\" \/>\n<meta property=\"og:title\" content=\"Vi-Pro\u00ae Strongbond SB20 MS - Proventuss\" \/>\n<meta property=\"og:description\" content=\"Jednoslo\u017ekov\u00fd n\u00edzkomodulov\u00fd stavebn\u00ed tmel Vi-Pro\u00ae Strongbond SB20 MS je jednoslo\u017ekov\u00fd, nest\u00e9kav\u00fd stavebn\u00ed tmel ze silyl-modifikovan\u00e9ho polymeru pro aplikaci pistol\u00ed. Vytvrzuje se pod vlivem atmosf\u00e9rick\u00e9 vlhkosti za tvorby vysoce v\u00fdkonn\u00e9 slou\u010deniny se st\u00e1lou pru\u017enost\u00ed a vysokou odolnost\u00ed proti st\u00e1rnut\u00ed a pov\u011btrnosti. Bez rozpou\u0161t\u011bdel a isokyan\u00e1t\u016f. Vi-Pro\u00ae Strongbond SB20 MS je univerz\u00e1ln\u00ed jakostn\u00ed stavebn\u00ed tmel pro expanzn\u00ed [&hellip;]\" \/>\n<meta property=\"og:url\" content=\"https:\/\/proventuss.eu\/cs\/produkt\/vi-pro-strongbond-sb20-ms\/\" \/>\n<meta property=\"og:site_name\" content=\"Proventuss\" \/>\n<meta property=\"article:modified_time\" content=\"2022-09-13T07:05:52+00:00\" \/>\n<meta property=\"og:image\" content=\"https:\/\/proventuss.eu\/wp-content\/uploads\/2022\/04\/Vi-Pro-Strongbond-SB20-MS.png\" \/>\n\t<meta property=\"og:image:width\" content=\"317\" \/>\n\t<meta property=\"og:image:height\" content=\"1920\" \/>\n\t<meta property=\"og:image:type\" content=\"image\/png\" \/>\n<meta name=\"twitter:card\" content=\"summary_large_image\" \/>\n<meta name=\"twitter:label1\" content=\"Odhadovan\u00e1 doba \u010dten\u00ed\" \/>\n\t<meta name=\"twitter:data1\" content=\"2 minuty\" \/>\n<script type=\"application\/ld+json\" class=\"yoast-schema-graph\">{\"@context\":\"https:\/\/schema.org\",\"@graph\":[{\"@type\":\"WebPage\",\"@id\":\"https:\/\/proventuss.eu\/cs\/produkt\/vi-pro-strongbond-sb20-ms\/\",\"url\":\"https:\/\/proventuss.eu\/cs\/produkt\/vi-pro-strongbond-sb20-ms\/\",\"name\":\"Vi-Pro\u00ae Strongbond SB20 MS - Proventuss\",\"isPartOf\":{\"@id\":\"https:\/\/proventuss.eu\/#website\"},\"primaryImageOfPage\":{\"@id\":\"https:\/\/proventuss.eu\/cs\/produkt\/vi-pro-strongbond-sb20-ms\/#primaryimage\"},\"image\":{\"@id\":\"https:\/\/proventuss.eu\/cs\/produkt\/vi-pro-strongbond-sb20-ms\/#primaryimage\"},\"thumbnailUrl\":\"https:\/\/proventuss.eu\/wp-content\/uploads\/2022\/04\/Vi-Pro-Strongbond-SB20-MS.png\",\"datePublished\":\"2022-04-26T10:30:27+00:00\",\"dateModified\":\"2022-09-13T07:05:52+00:00\",\"breadcrumb\":{\"@id\":\"https:\/\/proventuss.eu\/cs\/produkt\/vi-pro-strongbond-sb20-ms\/#breadcrumb\"},\"inLanguage\":\"cs\",\"potentialAction\":[{\"@type\":\"ReadAction\",\"target\":[\"https:\/\/proventuss.eu\/cs\/produkt\/vi-pro-strongbond-sb20-ms\/\"]}]},{\"@type\":\"ImageObject\",\"inLanguage\":\"cs\",\"@id\":\"https:\/\/proventuss.eu\/cs\/produkt\/vi-pro-strongbond-sb20-ms\/#primaryimage\",\"url\":\"https:\/\/proventuss.eu\/wp-content\/uploads\/2022\/04\/Vi-Pro-Strongbond-SB20-MS.png\",\"contentUrl\":\"https:\/\/proventuss.eu\/wp-content\/uploads\/2022\/04\/Vi-Pro-Strongbond-SB20-MS.png\",\"width\":317,\"height\":1920,\"caption\":\"Na zdj\u0119ciu wydajny, jednosk\u0142adnikowy uszczelniacz budowlany do uszczelniania metalowych dach\u00f3w i rynien, most\u00f3w i parapet\u00f3w balkonowych. Kie\u0142baska.\"},{\"@type\":\"BreadcrumbList\",\"@id\":\"https:\/\/proventuss.eu\/cs\/produkt\/vi-pro-strongbond-sb20-ms\/#breadcrumb\",\"itemListElement\":[{\"@type\":\"ListItem\",\"position\":1,\"name\":\"Home\",\"item\":\"https:\/\/proventuss.eu\/\"},{\"@type\":\"ListItem\",\"position\":2,\"name\":\"Produkty\",\"item\":\"https:\/\/proventuss.eu\/produkty\/\"},{\"@type\":\"ListItem\",\"position\":3,\"name\":\"Vi-Pro\u00ae Strongbond SB20 MS\"}]},{\"@type\":\"WebSite\",\"@id\":\"https:\/\/proventuss.eu\/#website\",\"url\":\"https:\/\/proventuss.eu\/\",\"name\":\"Proventuss\",\"description\":\"\",\"potentialAction\":[{\"@type\":\"SearchAction\",\"target\":{\"@type\":\"EntryPoint\",\"urlTemplate\":\"https:\/\/proventuss.eu\/?s={search_term_string}\"},\"query-input\":\"required name=search_term_string\"}],\"inLanguage\":\"cs\"}]}<\/script>\n<!-- \/ Yoast SEO plugin. -->","yoast_head_json":{"title":"Vi-Pro\u00ae Strongbond SB20 MS - Proventuss","robots":{"index":"index","follow":"follow","max-snippet":"max-snippet:-1","max-image-preview":"max-image-preview:large","max-video-preview":"max-video-preview:-1"},"canonical":"https:\/\/proventuss.eu\/cs\/produkt\/vi-pro-strongbond-sb20-ms\/","og_locale":"cs_CZ","og_type":"article","og_title":"Vi-Pro\u00ae Strongbond SB20 MS - Proventuss","og_description":"Jednoslo\u017ekov\u00fd n\u00edzkomodulov\u00fd stavebn\u00ed tmel Vi-Pro\u00ae Strongbond SB20 MS je jednoslo\u017ekov\u00fd, nest\u00e9kav\u00fd stavebn\u00ed tmel ze silyl-modifikovan\u00e9ho polymeru pro aplikaci pistol\u00ed. Vytvrzuje se pod vlivem atmosf\u00e9rick\u00e9 vlhkosti za tvorby vysoce v\u00fdkonn\u00e9 slou\u010deniny se st\u00e1lou pru\u017enost\u00ed a vysokou odolnost\u00ed proti st\u00e1rnut\u00ed a pov\u011btrnosti. Bez rozpou\u0161t\u011bdel a isokyan\u00e1t\u016f. Vi-Pro\u00ae Strongbond SB20 MS je univerz\u00e1ln\u00ed jakostn\u00ed stavebn\u00ed tmel pro expanzn\u00ed [&hellip;]","og_url":"https:\/\/proventuss.eu\/cs\/produkt\/vi-pro-strongbond-sb20-ms\/","og_site_name":"Proventuss","article_modified_time":"2022-09-13T07:05:52+00:00","og_image":[{"width":317,"height":1920,"url":"https:\/\/proventuss.eu\/wp-content\/uploads\/2022\/04\/Vi-Pro-Strongbond-SB20-MS.png","type":"image\/png"}],"twitter_card":"summary_large_image","twitter_misc":{"Odhadovan\u00e1 doba \u010dten\u00ed":"2 minuty"},"schema":{"@context":"https:\/\/schema.org","@graph":[{"@type":"WebPage","@id":"https:\/\/proventuss.eu\/cs\/produkt\/vi-pro-strongbond-sb20-ms\/","url":"https:\/\/proventuss.eu\/cs\/produkt\/vi-pro-strongbond-sb20-ms\/","name":"Vi-Pro\u00ae Strongbond SB20 MS - Proventuss","isPartOf":{"@id":"https:\/\/proventuss.eu\/#website"},"primaryImageOfPage":{"@id":"https:\/\/proventuss.eu\/cs\/produkt\/vi-pro-strongbond-sb20-ms\/#primaryimage"},"image":{"@id":"https:\/\/proventuss.eu\/cs\/produkt\/vi-pro-strongbond-sb20-ms\/#primaryimage"},"thumbnailUrl":"https:\/\/proventuss.eu\/wp-content\/uploads\/2022\/04\/Vi-Pro-Strongbond-SB20-MS.png","datePublished":"2022-04-26T10:30:27+00:00","dateModified":"2022-09-13T07:05:52+00:00","breadcrumb":{"@id":"https:\/\/proventuss.eu\/cs\/produkt\/vi-pro-strongbond-sb20-ms\/#breadcrumb"},"inLanguage":"cs","potentialAction":[{"@type":"ReadAction","target":["https:\/\/proventuss.eu\/cs\/produkt\/vi-pro-strongbond-sb20-ms\/"]}]},{"@type":"ImageObject","inLanguage":"cs","@id":"https:\/\/proventuss.eu\/cs\/produkt\/vi-pro-strongbond-sb20-ms\/#primaryimage","url":"https:\/\/proventuss.eu\/wp-content\/uploads\/2022\/04\/Vi-Pro-Strongbond-SB20-MS.png","contentUrl":"https:\/\/proventuss.eu\/wp-content\/uploads\/2022\/04\/Vi-Pro-Strongbond-SB20-MS.png","width":317,"height":1920,"caption":"Na zdj\u0119ciu wydajny, jednosk\u0142adnikowy uszczelniacz budowlany do uszczelniania metalowych dach\u00f3w i rynien, most\u00f3w i parapet\u00f3w balkonowych. Kie\u0142baska."},{"@type":"BreadcrumbList","@id":"https:\/\/proventuss.eu\/cs\/produkt\/vi-pro-strongbond-sb20-ms\/#breadcrumb","itemListElement":[{"@type":"ListItem","position":1,"name":"Home","item":"https:\/\/proventuss.eu\/"},{"@type":"ListItem","position":2,"name":"Produkty","item":"https:\/\/proventuss.eu\/produkty\/"},{"@type":"ListItem","position":3,"name":"Vi-Pro\u00ae Strongbond SB20 MS"}]},{"@type":"WebSite","@id":"https:\/\/proventuss.eu\/#website","url":"https:\/\/proventuss.eu\/","name":"Proventuss","description":"","potentialAction":[{"@type":"SearchAction","target":{"@type":"EntryPoint","urlTemplate":"https:\/\/proventuss.eu\/?s={search_term_string}"},"query-input":"required name=search_term_string"}],"inLanguage":"cs"}]}},"_links":{"self":[{"href":"https:\/\/proventuss.eu\/cs\/wp-json\/wp\/v2\/product\/6546"}],"collection":[{"href":"https:\/\/proventuss.eu\/cs\/wp-json\/wp\/v2\/product"}],"about":[{"href":"https:\/\/proventuss.eu\/cs\/wp-json\/wp\/v2\/types\/product"}],"replies":[{"embeddable":true,"href":"https:\/\/proventuss.eu\/cs\/wp-json\/wp\/v2\/comments?post=6546"}],"wp:featuredmedia":[{"embeddable":true,"href":"https:\/\/proventuss.eu\/cs\/wp-json\/wp\/v2\/media\/6086"}],"wp:attachment":[{"href":"https:\/\/proventuss.eu\/cs\/wp-json\/wp\/v2\/media?parent=6546"}],"wp:term":[{"taxonomy":"product_cat","embeddable":true,"href":"https:\/\/proventuss.eu\/cs\/wp-json\/wp\/v2\/product_cat?post=6546"},{"taxonomy":"product_tag","embeddable":true,"href":"https:\/\/proventuss.eu\/cs\/wp-json\/wp\/v2\/product_tag?post=6546"}],"curies":[{"name":"wp","href":"https:\/\/api.w.org\/{rel}","templated":true}]}}