{"id":6545,"date":"2022-04-26T10:17:26","date_gmt":"2022-04-26T10:17:26","guid":{"rendered":"https:\/\/proventuss.eu\/produkt\/dowsil-881\/"},"modified":"2022-09-13T07:20:06","modified_gmt":"2022-09-13T07:20:06","slug":"dowsil-881","status":"publish","type":"product","link":"https:\/\/proventuss.eu\/cs\/produkt\/dowsil-881\/","title":{"rendered":"DOWSIL 881"},"content":{"rendered":"<p><strong>VYSOKOPEVNOSTN\u00cd SILIKONOV\u00c9 LEPIDLO<\/strong>, vysoko-modulov\u00e9 jednoslo\u017ekov\u00e9 acet\u00e1tov\u00e9 silikonov\u00e9 lepidlo, vhodn\u00e9 pro lepen\u00ed skla tam, kde je vy\u017eadov\u00e1na vysok\u00e1 pevnost spoje spole\u010dn\u011b s rychl\u00fdm vytvrzen\u00edm a vysokou odolnost\u00ed v\u016f\u010di UV a styku s vodou. M\u016f\u017ee b\u00fdt pou\u017eito pro lepen\u00ed mal\u00fdch akv\u00e1ri\u00ed dle normy DIN 32622 a pro lepen\u00ed a ut\u011bs\u0148ov\u00e1n\u00ed zd\u00ed ze sklen\u011bn\u00fdch tvarovek. Nen\u00ed vhodn\u00e9 pro aplikace struktur\u00e1ln\u00edho lepen\u00ed.<\/p>\n<p><strong>V\u00ddHODY:<\/strong><br \/>\n\u2022 Rychle tvrdnouc\u00ed jednoslo\u017ekov\u00fd acet\u00e1tov\u00fd tmel<br \/>\n\u2022 Odoln\u00fd v\u016f\u010di UV<br \/>\n\u2022 Odoln\u00fd k p\u0159eru\u0161ovan\u00e9mu ponoru do vody<br \/>\n\u2022 Vysok\u00e1 a trval\u00e1 p\u0159ilnavost ke sklu<\/p>\n<p><strong>BALEN\u00cd\/BARVY:<\/strong><br \/>\nKartu\u0161e: 310 ml<br \/>\nBarva: transparentn\u00ed, \u010dern\u00e1<\/p>\n","protected":false},"excerpt":{"rendered":"<p>VYSOKOPEVNOSTN\u00cd SILIKONOV\u00c9 LEPIDLO, vysoko-modulov\u00e9 jednoslo\u017ekov\u00e9 acet\u00e1tov\u00e9 silikonov\u00e9 lepidlo, vhodn\u00e9 pro lepen\u00ed skla tam, kde je vy\u017eadov\u00e1na vysok\u00e1 pevnost spoje spole\u010dn\u011b s rychl\u00fdm vytvrzen\u00edm a vysokou odolnost\u00ed v\u016f\u010di UV a styku s vodou. M\u016f\u017ee b\u00fdt pou\u017eito pro lepen\u00ed mal\u00fdch akv\u00e1ri\u00ed dle normy DIN 32622 a pro lepen\u00ed a ut\u011bs\u0148ov\u00e1n\u00ed zd\u00ed ze sklen\u011bn\u00fdch tvarovek. Nen\u00ed vhodn\u00e9 pro [&hellip;]<\/p>\n","protected":false},"featured_media":4701,"comment_status":"open","ping_status":"closed","template":"","meta":{"_acf_changed":false},"product_cat":[322],"product_tag":[],"acf":[],"yoast_head":"<!-- This site is optimized with the Yoast SEO plugin v22.9 - https:\/\/yoast.com\/wordpress\/plugins\/seo\/ -->\n<title>DOWSIL 881 - Proventuss<\/title>\n<meta name=\"robots\" content=\"index, follow, max-snippet:-1, max-image-preview:large, max-video-preview:-1\" \/>\n<link rel=\"canonical\" href=\"https:\/\/proventuss.eu\/cs\/produkt\/dowsil-881\/\" \/>\n<meta property=\"og:locale\" content=\"cs_CZ\" \/>\n<meta property=\"og:type\" content=\"article\" \/>\n<meta property=\"og:title\" content=\"DOWSIL 881 - Proventuss\" \/>\n<meta property=\"og:description\" content=\"VYSOKOPEVNOSTN\u00cd SILIKONOV\u00c9 LEPIDLO, vysoko-modulov\u00e9 jednoslo\u017ekov\u00e9 acet\u00e1tov\u00e9 silikonov\u00e9 lepidlo, vhodn\u00e9 pro lepen\u00ed skla tam, kde je vy\u017eadov\u00e1na vysok\u00e1 pevnost spoje spole\u010dn\u011b s rychl\u00fdm vytvrzen\u00edm a vysokou odolnost\u00ed v\u016f\u010di UV a styku s vodou. M\u016f\u017ee b\u00fdt pou\u017eito pro lepen\u00ed mal\u00fdch akv\u00e1ri\u00ed dle normy DIN 32622 a pro lepen\u00ed a ut\u011bs\u0148ov\u00e1n\u00ed zd\u00ed ze sklen\u011bn\u00fdch tvarovek. Nen\u00ed vhodn\u00e9 pro [&hellip;]\" \/>\n<meta property=\"og:url\" content=\"https:\/\/proventuss.eu\/cs\/produkt\/dowsil-881\/\" \/>\n<meta property=\"og:site_name\" content=\"Proventuss\" \/>\n<meta property=\"article:modified_time\" content=\"2022-09-13T07:20:06+00:00\" \/>\n<meta property=\"og:image\" content=\"https:\/\/proventuss.eu\/wp-content\/uploads\/2022\/04\/881.png\" \/>\n\t<meta property=\"og:image:width\" content=\"232\" \/>\n\t<meta property=\"og:image:height\" content=\"640\" \/>\n\t<meta property=\"og:image:type\" content=\"image\/png\" \/>\n<meta name=\"twitter:card\" content=\"summary_large_image\" \/>\n<meta name=\"twitter:label1\" content=\"Odhadovan\u00e1 doba \u010dten\u00ed\" \/>\n\t<meta name=\"twitter:data1\" content=\"1 minuta\" \/>\n<script type=\"application\/ld+json\" class=\"yoast-schema-graph\">{\"@context\":\"https:\/\/schema.org\",\"@graph\":[{\"@type\":\"WebPage\",\"@id\":\"https:\/\/proventuss.eu\/cs\/produkt\/dowsil-881\/\",\"url\":\"https:\/\/proventuss.eu\/cs\/produkt\/dowsil-881\/\",\"name\":\"DOWSIL 881 - Proventuss\",\"isPartOf\":{\"@id\":\"https:\/\/proventuss.eu\/#website\"},\"primaryImageOfPage\":{\"@id\":\"https:\/\/proventuss.eu\/cs\/produkt\/dowsil-881\/#primaryimage\"},\"image\":{\"@id\":\"https:\/\/proventuss.eu\/cs\/produkt\/dowsil-881\/#primaryimage\"},\"thumbnailUrl\":\"https:\/\/proventuss.eu\/wp-content\/uploads\/2022\/04\/881.png\",\"datePublished\":\"2022-04-26T10:17:26+00:00\",\"dateModified\":\"2022-09-13T07:20:06+00:00\",\"breadcrumb\":{\"@id\":\"https:\/\/proventuss.eu\/cs\/produkt\/dowsil-881\/#breadcrumb\"},\"inLanguage\":\"cs\",\"potentialAction\":[{\"@type\":\"ReadAction\",\"target\":[\"https:\/\/proventuss.eu\/cs\/produkt\/dowsil-881\/\"]}]},{\"@type\":\"ImageObject\",\"inLanguage\":\"cs\",\"@id\":\"https:\/\/proventuss.eu\/cs\/produkt\/dowsil-881\/#primaryimage\",\"url\":\"https:\/\/proventuss.eu\/wp-content\/uploads\/2022\/04\/881.png\",\"contentUrl\":\"https:\/\/proventuss.eu\/wp-content\/uploads\/2022\/04\/881.png\",\"width\":232,\"height\":640},{\"@type\":\"BreadcrumbList\",\"@id\":\"https:\/\/proventuss.eu\/cs\/produkt\/dowsil-881\/#breadcrumb\",\"itemListElement\":[{\"@type\":\"ListItem\",\"position\":1,\"name\":\"Home\",\"item\":\"https:\/\/proventuss.eu\/\"},{\"@type\":\"ListItem\",\"position\":2,\"name\":\"Produkty\",\"item\":\"https:\/\/proventuss.eu\/produkty\/\"},{\"@type\":\"ListItem\",\"position\":3,\"name\":\"DOWSIL 881\"}]},{\"@type\":\"WebSite\",\"@id\":\"https:\/\/proventuss.eu\/#website\",\"url\":\"https:\/\/proventuss.eu\/\",\"name\":\"Proventuss\",\"description\":\"\",\"potentialAction\":[{\"@type\":\"SearchAction\",\"target\":{\"@type\":\"EntryPoint\",\"urlTemplate\":\"https:\/\/proventuss.eu\/?s={search_term_string}\"},\"query-input\":\"required name=search_term_string\"}],\"inLanguage\":\"cs\"}]}<\/script>\n<!-- \/ Yoast SEO plugin. -->","yoast_head_json":{"title":"DOWSIL 881 - Proventuss","robots":{"index":"index","follow":"follow","max-snippet":"max-snippet:-1","max-image-preview":"max-image-preview:large","max-video-preview":"max-video-preview:-1"},"canonical":"https:\/\/proventuss.eu\/cs\/produkt\/dowsil-881\/","og_locale":"cs_CZ","og_type":"article","og_title":"DOWSIL 881 - Proventuss","og_description":"VYSOKOPEVNOSTN\u00cd SILIKONOV\u00c9 LEPIDLO, vysoko-modulov\u00e9 jednoslo\u017ekov\u00e9 acet\u00e1tov\u00e9 silikonov\u00e9 lepidlo, vhodn\u00e9 pro lepen\u00ed skla tam, kde je vy\u017eadov\u00e1na vysok\u00e1 pevnost spoje spole\u010dn\u011b s rychl\u00fdm vytvrzen\u00edm a vysokou odolnost\u00ed v\u016f\u010di UV a styku s vodou. M\u016f\u017ee b\u00fdt pou\u017eito pro lepen\u00ed mal\u00fdch akv\u00e1ri\u00ed dle normy DIN 32622 a pro lepen\u00ed a ut\u011bs\u0148ov\u00e1n\u00ed zd\u00ed ze sklen\u011bn\u00fdch tvarovek. Nen\u00ed vhodn\u00e9 pro [&hellip;]","og_url":"https:\/\/proventuss.eu\/cs\/produkt\/dowsil-881\/","og_site_name":"Proventuss","article_modified_time":"2022-09-13T07:20:06+00:00","og_image":[{"width":232,"height":640,"url":"https:\/\/proventuss.eu\/wp-content\/uploads\/2022\/04\/881.png","type":"image\/png"}],"twitter_card":"summary_large_image","twitter_misc":{"Odhadovan\u00e1 doba \u010dten\u00ed":"1 minuta"},"schema":{"@context":"https:\/\/schema.org","@graph":[{"@type":"WebPage","@id":"https:\/\/proventuss.eu\/cs\/produkt\/dowsil-881\/","url":"https:\/\/proventuss.eu\/cs\/produkt\/dowsil-881\/","name":"DOWSIL 881 - Proventuss","isPartOf":{"@id":"https:\/\/proventuss.eu\/#website"},"primaryImageOfPage":{"@id":"https:\/\/proventuss.eu\/cs\/produkt\/dowsil-881\/#primaryimage"},"image":{"@id":"https:\/\/proventuss.eu\/cs\/produkt\/dowsil-881\/#primaryimage"},"thumbnailUrl":"https:\/\/proventuss.eu\/wp-content\/uploads\/2022\/04\/881.png","datePublished":"2022-04-26T10:17:26+00:00","dateModified":"2022-09-13T07:20:06+00:00","breadcrumb":{"@id":"https:\/\/proventuss.eu\/cs\/produkt\/dowsil-881\/#breadcrumb"},"inLanguage":"cs","potentialAction":[{"@type":"ReadAction","target":["https:\/\/proventuss.eu\/cs\/produkt\/dowsil-881\/"]}]},{"@type":"ImageObject","inLanguage":"cs","@id":"https:\/\/proventuss.eu\/cs\/produkt\/dowsil-881\/#primaryimage","url":"https:\/\/proventuss.eu\/wp-content\/uploads\/2022\/04\/881.png","contentUrl":"https:\/\/proventuss.eu\/wp-content\/uploads\/2022\/04\/881.png","width":232,"height":640},{"@type":"BreadcrumbList","@id":"https:\/\/proventuss.eu\/cs\/produkt\/dowsil-881\/#breadcrumb","itemListElement":[{"@type":"ListItem","position":1,"name":"Home","item":"https:\/\/proventuss.eu\/"},{"@type":"ListItem","position":2,"name":"Produkty","item":"https:\/\/proventuss.eu\/produkty\/"},{"@type":"ListItem","position":3,"name":"DOWSIL 881"}]},{"@type":"WebSite","@id":"https:\/\/proventuss.eu\/#website","url":"https:\/\/proventuss.eu\/","name":"Proventuss","description":"","potentialAction":[{"@type":"SearchAction","target":{"@type":"EntryPoint","urlTemplate":"https:\/\/proventuss.eu\/?s={search_term_string}"},"query-input":"required name=search_term_string"}],"inLanguage":"cs"}]}},"_links":{"self":[{"href":"https:\/\/proventuss.eu\/cs\/wp-json\/wp\/v2\/product\/6545"}],"collection":[{"href":"https:\/\/proventuss.eu\/cs\/wp-json\/wp\/v2\/product"}],"about":[{"href":"https:\/\/proventuss.eu\/cs\/wp-json\/wp\/v2\/types\/product"}],"replies":[{"embeddable":true,"href":"https:\/\/proventuss.eu\/cs\/wp-json\/wp\/v2\/comments?post=6545"}],"wp:featuredmedia":[{"embeddable":true,"href":"https:\/\/proventuss.eu\/cs\/wp-json\/wp\/v2\/media\/4701"}],"wp:attachment":[{"href":"https:\/\/proventuss.eu\/cs\/wp-json\/wp\/v2\/media?parent=6545"}],"wp:term":[{"taxonomy":"product_cat","embeddable":true,"href":"https:\/\/proventuss.eu\/cs\/wp-json\/wp\/v2\/product_cat?post=6545"},{"taxonomy":"product_tag","embeddable":true,"href":"https:\/\/proventuss.eu\/cs\/wp-json\/wp\/v2\/product_tag?post=6545"}],"curies":[{"name":"wp","href":"https:\/\/api.w.org\/{rel}","templated":true}]}}