{"id":6544,"date":"2022-04-26T10:15:35","date_gmt":"2022-04-26T10:15:35","guid":{"rendered":"https:\/\/proventuss.eu\/produkt\/dowsil-798\/"},"modified":"2022-04-26T10:15:35","modified_gmt":"2022-04-26T10:15:35","slug":"dowsil-798","status":"publish","type":"product","link":"https:\/\/proventuss.eu\/cs\/produkt\/dowsil-798\/","title":{"rendered":"DOWSIL 798"},"content":{"rendered":"<p><strong>NEUTR\u00c1LN\u00cd SILIKONOV\u00dd TMEL PRO CHLAD\u00cdC\u00cd A \u010cIST\u00c9 M\u00cdSTNOSTI<\/strong>, n\u00edzkomodulov\u00fd jednoslo\u017ekov\u00fd silikonov\u00fd tmel, speci\u00e1ln\u011b formulovan\u00fd pro ut\u011bs\u0148ov\u00e1n\u00ed ploch v chlad\u00edc\u00edch boxech a m\u00edstnostech, ventila\u010dn\u00ed a klimatiza\u010dn\u00ed syst\u00e9my (HVAC). Tento velmi elastick\u00fd tmel je vhodn\u00fd pro pou\u017eit\u00ed jak v interi\u00e9rov\u00fdch, tak v exteri\u00e9rov\u00fdch aplikac\u00edch, kde jsou spoje citliv\u00e9 na pl\u00edsn\u011b. Tento tmel je bakteriostatick\u00fd, l\u00e9pe chr\u00e1n\u011bn\u00fd proti r\u016fstu bakteri\u00ed.<\/p>\n<p><strong>V\u00ddHODY:<\/strong><br \/>\n\u2022 Neutr\u00e1ln\u00ed alkoxy vytvrzov\u00e1n\u00ed s titanov\u00fdm (Ti) katalyz\u00e1torem<br \/>\n\u2022 100% silikonov\u00fd polymer<br \/>\n\u2022 Vynikaj\u00edc\u00ed p\u0159ilnavost bez podkladov\u00e9ho n\u00e1t\u011bru k v\u011bt\u0161in\u011b podklad\u016f<br \/>\n\u2022 Odoln\u00fd k ozonu, ultrafialov\u00e9mu z\u00e1\u0159en\u00ed a extr\u00e9mn\u00edm teplot\u00e1m<br \/>\n\u2022 N\u00edzk\u00fd modulus, vysok\u00e1 pru\u017enost<br \/>\n\u2022 Slab\u00fd z\u00e1pach<br \/>\n\u2022 Odoln\u00fd v\u016f\u010di r\u016fstu pl\u00edsn\u00ed<br \/>\n\u2022 Bakteriostatick\u00fd tmel. Antibakteri\u00e1ln\u00ed vlastnosti dle ISO 22196: 2007 pro MRSA, E.Coli, Salmonella a dle ISO 846 pro P. Aeruginosa<br \/>\n\u2022 Vyhovuje ISO 11600-F&amp;G-25LM<\/p>\n<p><strong>BALEN\u00cd\/BARVY:<\/strong><br \/>\nKartu\u0161e: 310 ml<br \/>\nBarva: b\u00edl\u00e1<\/p>\n","protected":false},"excerpt":{"rendered":"<p>NEUTR\u00c1LN\u00cd SILIKONOV\u00dd TMEL PRO CHLAD\u00cdC\u00cd A \u010cIST\u00c9 M\u00cdSTNOSTI, n\u00edzkomodulov\u00fd jednoslo\u017ekov\u00fd silikonov\u00fd tmel, speci\u00e1ln\u011b formulovan\u00fd pro ut\u011bs\u0148ov\u00e1n\u00ed ploch v chlad\u00edc\u00edch boxech a m\u00edstnostech, ventila\u010dn\u00ed a klimatiza\u010dn\u00ed syst\u00e9my (HVAC). Tento velmi elastick\u00fd tmel je vhodn\u00fd pro pou\u017eit\u00ed jak v interi\u00e9rov\u00fdch, tak v exteri\u00e9rov\u00fdch aplikac\u00edch, kde jsou spoje citliv\u00e9 na pl\u00edsn\u011b. Tento tmel je bakteriostatick\u00fd, l\u00e9pe chr\u00e1n\u011bn\u00fd proti [&hellip;]<\/p>\n","protected":false},"featured_media":4839,"comment_status":"open","ping_status":"closed","template":"","meta":{"_acf_changed":false},"product_cat":[322],"product_tag":[],"acf":[],"yoast_head":"<!-- This site is optimized with the Yoast SEO plugin v22.9 - https:\/\/yoast.com\/wordpress\/plugins\/seo\/ -->\n<title>DOWSIL 798 - Proventuss<\/title>\n<meta name=\"robots\" content=\"index, follow, max-snippet:-1, max-image-preview:large, max-video-preview:-1\" \/>\n<link rel=\"canonical\" href=\"https:\/\/proventuss.eu\/cs\/produkt\/dowsil-798\/\" \/>\n<meta property=\"og:locale\" content=\"cs_CZ\" \/>\n<meta property=\"og:type\" content=\"article\" \/>\n<meta property=\"og:title\" content=\"DOWSIL 798 - Proventuss\" \/>\n<meta property=\"og:description\" content=\"NEUTR\u00c1LN\u00cd SILIKONOV\u00dd TMEL PRO CHLAD\u00cdC\u00cd A \u010cIST\u00c9 M\u00cdSTNOSTI, n\u00edzkomodulov\u00fd jednoslo\u017ekov\u00fd silikonov\u00fd tmel, speci\u00e1ln\u011b formulovan\u00fd pro ut\u011bs\u0148ov\u00e1n\u00ed ploch v chlad\u00edc\u00edch boxech a m\u00edstnostech, ventila\u010dn\u00ed a klimatiza\u010dn\u00ed syst\u00e9my (HVAC). Tento velmi elastick\u00fd tmel je vhodn\u00fd pro pou\u017eit\u00ed jak v interi\u00e9rov\u00fdch, tak v exteri\u00e9rov\u00fdch aplikac\u00edch, kde jsou spoje citliv\u00e9 na pl\u00edsn\u011b. Tento tmel je bakteriostatick\u00fd, l\u00e9pe chr\u00e1n\u011bn\u00fd proti [&hellip;]\" \/>\n<meta property=\"og:url\" content=\"https:\/\/proventuss.eu\/cs\/produkt\/dowsil-798\/\" \/>\n<meta property=\"og:site_name\" content=\"Proventuss\" \/>\n<meta property=\"og:image\" content=\"https:\/\/proventuss.eu\/wp-content\/uploads\/2022\/04\/798.jpg\" \/>\n\t<meta property=\"og:image:width\" content=\"408\" \/>\n\t<meta property=\"og:image:height\" content=\"1136\" \/>\n\t<meta property=\"og:image:type\" content=\"image\/jpeg\" \/>\n<meta name=\"twitter:card\" content=\"summary_large_image\" \/>\n<meta name=\"twitter:label1\" content=\"Odhadovan\u00e1 doba \u010dten\u00ed\" \/>\n\t<meta name=\"twitter:data1\" content=\"1 minuta\" \/>\n<script type=\"application\/ld+json\" class=\"yoast-schema-graph\">{\"@context\":\"https:\/\/schema.org\",\"@graph\":[{\"@type\":\"WebPage\",\"@id\":\"https:\/\/proventuss.eu\/cs\/produkt\/dowsil-798\/\",\"url\":\"https:\/\/proventuss.eu\/cs\/produkt\/dowsil-798\/\",\"name\":\"DOWSIL 798 - Proventuss\",\"isPartOf\":{\"@id\":\"https:\/\/proventuss.eu\/#website\"},\"primaryImageOfPage\":{\"@id\":\"https:\/\/proventuss.eu\/cs\/produkt\/dowsil-798\/#primaryimage\"},\"image\":{\"@id\":\"https:\/\/proventuss.eu\/cs\/produkt\/dowsil-798\/#primaryimage\"},\"thumbnailUrl\":\"https:\/\/proventuss.eu\/wp-content\/uploads\/2022\/04\/798.jpg\",\"datePublished\":\"2022-04-26T10:15:35+00:00\",\"dateModified\":\"2022-04-26T10:15:35+00:00\",\"breadcrumb\":{\"@id\":\"https:\/\/proventuss.eu\/cs\/produkt\/dowsil-798\/#breadcrumb\"},\"inLanguage\":\"cs\",\"potentialAction\":[{\"@type\":\"ReadAction\",\"target\":[\"https:\/\/proventuss.eu\/cs\/produkt\/dowsil-798\/\"]}]},{\"@type\":\"ImageObject\",\"inLanguage\":\"cs\",\"@id\":\"https:\/\/proventuss.eu\/cs\/produkt\/dowsil-798\/#primaryimage\",\"url\":\"https:\/\/proventuss.eu\/wp-content\/uploads\/2022\/04\/798.jpg\",\"contentUrl\":\"https:\/\/proventuss.eu\/wp-content\/uploads\/2022\/04\/798.jpg\",\"width\":408,\"height\":1136},{\"@type\":\"BreadcrumbList\",\"@id\":\"https:\/\/proventuss.eu\/cs\/produkt\/dowsil-798\/#breadcrumb\",\"itemListElement\":[{\"@type\":\"ListItem\",\"position\":1,\"name\":\"Home\",\"item\":\"https:\/\/proventuss.eu\/\"},{\"@type\":\"ListItem\",\"position\":2,\"name\":\"Produkty\",\"item\":\"https:\/\/proventuss.eu\/produkty\/\"},{\"@type\":\"ListItem\",\"position\":3,\"name\":\"DOWSIL 798\"}]},{\"@type\":\"WebSite\",\"@id\":\"https:\/\/proventuss.eu\/#website\",\"url\":\"https:\/\/proventuss.eu\/\",\"name\":\"Proventuss\",\"description\":\"\",\"potentialAction\":[{\"@type\":\"SearchAction\",\"target\":{\"@type\":\"EntryPoint\",\"urlTemplate\":\"https:\/\/proventuss.eu\/?s={search_term_string}\"},\"query-input\":\"required name=search_term_string\"}],\"inLanguage\":\"cs\"}]}<\/script>\n<!-- \/ Yoast SEO plugin. -->","yoast_head_json":{"title":"DOWSIL 798 - Proventuss","robots":{"index":"index","follow":"follow","max-snippet":"max-snippet:-1","max-image-preview":"max-image-preview:large","max-video-preview":"max-video-preview:-1"},"canonical":"https:\/\/proventuss.eu\/cs\/produkt\/dowsil-798\/","og_locale":"cs_CZ","og_type":"article","og_title":"DOWSIL 798 - Proventuss","og_description":"NEUTR\u00c1LN\u00cd SILIKONOV\u00dd TMEL PRO CHLAD\u00cdC\u00cd A \u010cIST\u00c9 M\u00cdSTNOSTI, n\u00edzkomodulov\u00fd jednoslo\u017ekov\u00fd silikonov\u00fd tmel, speci\u00e1ln\u011b formulovan\u00fd pro ut\u011bs\u0148ov\u00e1n\u00ed ploch v chlad\u00edc\u00edch boxech a m\u00edstnostech, ventila\u010dn\u00ed a klimatiza\u010dn\u00ed syst\u00e9my (HVAC). Tento velmi elastick\u00fd tmel je vhodn\u00fd pro pou\u017eit\u00ed jak v interi\u00e9rov\u00fdch, tak v exteri\u00e9rov\u00fdch aplikac\u00edch, kde jsou spoje citliv\u00e9 na pl\u00edsn\u011b. Tento tmel je bakteriostatick\u00fd, l\u00e9pe chr\u00e1n\u011bn\u00fd proti [&hellip;]","og_url":"https:\/\/proventuss.eu\/cs\/produkt\/dowsil-798\/","og_site_name":"Proventuss","og_image":[{"width":408,"height":1136,"url":"https:\/\/proventuss.eu\/wp-content\/uploads\/2022\/04\/798.jpg","type":"image\/jpeg"}],"twitter_card":"summary_large_image","twitter_misc":{"Odhadovan\u00e1 doba \u010dten\u00ed":"1 minuta"},"schema":{"@context":"https:\/\/schema.org","@graph":[{"@type":"WebPage","@id":"https:\/\/proventuss.eu\/cs\/produkt\/dowsil-798\/","url":"https:\/\/proventuss.eu\/cs\/produkt\/dowsil-798\/","name":"DOWSIL 798 - Proventuss","isPartOf":{"@id":"https:\/\/proventuss.eu\/#website"},"primaryImageOfPage":{"@id":"https:\/\/proventuss.eu\/cs\/produkt\/dowsil-798\/#primaryimage"},"image":{"@id":"https:\/\/proventuss.eu\/cs\/produkt\/dowsil-798\/#primaryimage"},"thumbnailUrl":"https:\/\/proventuss.eu\/wp-content\/uploads\/2022\/04\/798.jpg","datePublished":"2022-04-26T10:15:35+00:00","dateModified":"2022-04-26T10:15:35+00:00","breadcrumb":{"@id":"https:\/\/proventuss.eu\/cs\/produkt\/dowsil-798\/#breadcrumb"},"inLanguage":"cs","potentialAction":[{"@type":"ReadAction","target":["https:\/\/proventuss.eu\/cs\/produkt\/dowsil-798\/"]}]},{"@type":"ImageObject","inLanguage":"cs","@id":"https:\/\/proventuss.eu\/cs\/produkt\/dowsil-798\/#primaryimage","url":"https:\/\/proventuss.eu\/wp-content\/uploads\/2022\/04\/798.jpg","contentUrl":"https:\/\/proventuss.eu\/wp-content\/uploads\/2022\/04\/798.jpg","width":408,"height":1136},{"@type":"BreadcrumbList","@id":"https:\/\/proventuss.eu\/cs\/produkt\/dowsil-798\/#breadcrumb","itemListElement":[{"@type":"ListItem","position":1,"name":"Home","item":"https:\/\/proventuss.eu\/"},{"@type":"ListItem","position":2,"name":"Produkty","item":"https:\/\/proventuss.eu\/produkty\/"},{"@type":"ListItem","position":3,"name":"DOWSIL 798"}]},{"@type":"WebSite","@id":"https:\/\/proventuss.eu\/#website","url":"https:\/\/proventuss.eu\/","name":"Proventuss","description":"","potentialAction":[{"@type":"SearchAction","target":{"@type":"EntryPoint","urlTemplate":"https:\/\/proventuss.eu\/?s={search_term_string}"},"query-input":"required name=search_term_string"}],"inLanguage":"cs"}]}},"_links":{"self":[{"href":"https:\/\/proventuss.eu\/cs\/wp-json\/wp\/v2\/product\/6544"}],"collection":[{"href":"https:\/\/proventuss.eu\/cs\/wp-json\/wp\/v2\/product"}],"about":[{"href":"https:\/\/proventuss.eu\/cs\/wp-json\/wp\/v2\/types\/product"}],"replies":[{"embeddable":true,"href":"https:\/\/proventuss.eu\/cs\/wp-json\/wp\/v2\/comments?post=6544"}],"wp:featuredmedia":[{"embeddable":true,"href":"https:\/\/proventuss.eu\/cs\/wp-json\/wp\/v2\/media\/4839"}],"wp:attachment":[{"href":"https:\/\/proventuss.eu\/cs\/wp-json\/wp\/v2\/media?parent=6544"}],"wp:term":[{"taxonomy":"product_cat","embeddable":true,"href":"https:\/\/proventuss.eu\/cs\/wp-json\/wp\/v2\/product_cat?post=6544"},{"taxonomy":"product_tag","embeddable":true,"href":"https:\/\/proventuss.eu\/cs\/wp-json\/wp\/v2\/product_tag?post=6544"}],"curies":[{"name":"wp","href":"https:\/\/api.w.org\/{rel}","templated":true}]}}