{"id":6542,"date":"2022-04-26T10:13:08","date_gmt":"2022-04-26T10:13:08","guid":{"rendered":"https:\/\/proventuss.eu\/produkt\/dowsil-785\/"},"modified":"2022-09-13T07:21:21","modified_gmt":"2022-09-13T07:21:21","slug":"dowsil-785","status":"publish","type":"product","link":"https:\/\/proventuss.eu\/cs\/produkt\/dowsil-785\/","title":{"rendered":"DOWSIL 785"},"content":{"rendered":"<p><strong>ACET\u00c1TOV\u00dd SANIT\u00c1RN\u00cd SILIKONOV\u00dd TMEL<\/strong>, jednoslo\u017ekov\u00fd silikonov\u00fd tmel se st\u0159edn\u00edm\/vysok\u00fdm mo0dulem speci\u00e1ln\u011b navr\u017een\u00fd pro ut\u011bs\u0148ov\u00e1n\u00ed sanit\u00e1rn\u00edch spoj\u016f, v\u010detn\u011b van, sprchov\u00fdch kout\u016f, piso\u00e1r\u016f a spoj\u016f keramick\u00fdch dla\u017edic.<\/p>\n<p><strong>V\u00ddHODY:<\/strong><br \/>\n\u2022 Odoln\u00fd v\u016f\u010di pl\u00edsn\u00edm, bakteriostatick\u00fd tmel<br \/>\n\u2022 100% silikonov\u00fd polymer<br \/>\n\u2022 Bez rozpou\u0161t\u011bdel<br \/>\n\u2022 Leskl\u00fd povrch<br \/>\n\u2022 Nesmr\u0161\u0165uje se<br \/>\n\u2022 Odoln\u00fd k ozonu, ultrafialov\u00e9mu z\u00e1\u0159en\u00ed a extr\u00e9mn\u00edm teplot\u00e1m<br \/>\n\u2022 Vyhovuje ISO 11600-F-20LM<\/p>\n<p><strong>BALEN\u00cd\/BARVY:<\/strong><br \/>\nKartu\u0161e: 310 ml<br \/>\nBArvy: transparentn\u00ed, b\u00edl\u00e1, \u010dern\u00e1, \u0161ed\u00e1, hn\u011bd\u00e1, hlin\u00edk,<br \/>\nbahama b\u00e9\u017eov\u00e1, speci\u00e1ln\u00ed barvy<\/p>\n","protected":false},"excerpt":{"rendered":"<p>ACET\u00c1TOV\u00dd SANIT\u00c1RN\u00cd SILIKONOV\u00dd TMEL, jednoslo\u017ekov\u00fd silikonov\u00fd tmel se st\u0159edn\u00edm\/vysok\u00fdm mo0dulem speci\u00e1ln\u011b navr\u017een\u00fd pro ut\u011bs\u0148ov\u00e1n\u00ed sanit\u00e1rn\u00edch spoj\u016f, v\u010detn\u011b van, sprchov\u00fdch kout\u016f, piso\u00e1r\u016f a spoj\u016f keramick\u00fdch dla\u017edic. V\u00ddHODY: \u2022 Odoln\u00fd v\u016f\u010di pl\u00edsn\u00edm, bakteriostatick\u00fd tmel \u2022 100% silikonov\u00fd polymer \u2022 Bez rozpou\u0161t\u011bdel \u2022 Leskl\u00fd povrch \u2022 Nesmr\u0161\u0165uje se \u2022 Odoln\u00fd k ozonu, ultrafialov\u00e9mu z\u00e1\u0159en\u00ed a extr\u00e9mn\u00edm teplot\u00e1m \u2022 [&hellip;]<\/p>\n","protected":false},"featured_media":6900,"comment_status":"open","ping_status":"closed","template":"","meta":{"_acf_changed":false},"product_cat":[322],"product_tag":[],"acf":[],"yoast_head":"<!-- This site is optimized with the Yoast SEO plugin v22.9 - https:\/\/yoast.com\/wordpress\/plugins\/seo\/ -->\n<title>DOWSIL 785 - Proventuss<\/title>\n<meta name=\"robots\" content=\"index, follow, max-snippet:-1, max-image-preview:large, max-video-preview:-1\" \/>\n<link rel=\"canonical\" href=\"https:\/\/proventuss.eu\/cs\/produkt\/dowsil-785\/\" \/>\n<meta property=\"og:locale\" content=\"cs_CZ\" \/>\n<meta property=\"og:type\" content=\"article\" \/>\n<meta property=\"og:title\" content=\"DOWSIL 785 - Proventuss\" \/>\n<meta property=\"og:description\" content=\"ACET\u00c1TOV\u00dd SANIT\u00c1RN\u00cd SILIKONOV\u00dd TMEL, jednoslo\u017ekov\u00fd silikonov\u00fd tmel se st\u0159edn\u00edm\/vysok\u00fdm mo0dulem speci\u00e1ln\u011b navr\u017een\u00fd pro ut\u011bs\u0148ov\u00e1n\u00ed sanit\u00e1rn\u00edch spoj\u016f, v\u010detn\u011b van, sprchov\u00fdch kout\u016f, piso\u00e1r\u016f a spoj\u016f keramick\u00fdch dla\u017edic. V\u00ddHODY: \u2022 Odoln\u00fd v\u016f\u010di pl\u00edsn\u00edm, bakteriostatick\u00fd tmel \u2022 100% silikonov\u00fd polymer \u2022 Bez rozpou\u0161t\u011bdel \u2022 Leskl\u00fd povrch \u2022 Nesmr\u0161\u0165uje se \u2022 Odoln\u00fd k ozonu, ultrafialov\u00e9mu z\u00e1\u0159en\u00ed a extr\u00e9mn\u00edm teplot\u00e1m \u2022 [&hellip;]\" \/>\n<meta property=\"og:url\" content=\"https:\/\/proventuss.eu\/cs\/produkt\/dowsil-785\/\" \/>\n<meta property=\"og:site_name\" content=\"Proventuss\" \/>\n<meta property=\"article:modified_time\" content=\"2022-09-13T07:21:21+00:00\" \/>\n<meta property=\"og:image\" content=\"https:\/\/proventuss.eu\/wp-content\/uploads\/2022\/04\/Dowsil-785-Acetoxy-e1662367673682.jpg\" \/>\n\t<meta property=\"og:image:width\" content=\"838\" \/>\n\t<meta property=\"og:image:height\" content=\"2331\" \/>\n\t<meta property=\"og:image:type\" content=\"image\/jpeg\" \/>\n<meta name=\"twitter:card\" content=\"summary_large_image\" \/>\n<meta name=\"twitter:label1\" content=\"Odhadovan\u00e1 doba \u010dten\u00ed\" \/>\n\t<meta name=\"twitter:data1\" content=\"1 minuta\" \/>\n<script type=\"application\/ld+json\" class=\"yoast-schema-graph\">{\"@context\":\"https:\/\/schema.org\",\"@graph\":[{\"@type\":\"WebPage\",\"@id\":\"https:\/\/proventuss.eu\/cs\/produkt\/dowsil-785\/\",\"url\":\"https:\/\/proventuss.eu\/cs\/produkt\/dowsil-785\/\",\"name\":\"DOWSIL 785 - Proventuss\",\"isPartOf\":{\"@id\":\"https:\/\/proventuss.eu\/#website\"},\"primaryImageOfPage\":{\"@id\":\"https:\/\/proventuss.eu\/cs\/produkt\/dowsil-785\/#primaryimage\"},\"image\":{\"@id\":\"https:\/\/proventuss.eu\/cs\/produkt\/dowsil-785\/#primaryimage\"},\"thumbnailUrl\":\"https:\/\/proventuss.eu\/wp-content\/uploads\/2022\/04\/Dowsil-785-Acetoxy-e1662367673682.jpg\",\"datePublished\":\"2022-04-26T10:13:08+00:00\",\"dateModified\":\"2022-09-13T07:21:21+00:00\",\"breadcrumb\":{\"@id\":\"https:\/\/proventuss.eu\/cs\/produkt\/dowsil-785\/#breadcrumb\"},\"inLanguage\":\"cs\",\"potentialAction\":[{\"@type\":\"ReadAction\",\"target\":[\"https:\/\/proventuss.eu\/cs\/produkt\/dowsil-785\/\"]}]},{\"@type\":\"ImageObject\",\"inLanguage\":\"cs\",\"@id\":\"https:\/\/proventuss.eu\/cs\/produkt\/dowsil-785\/#primaryimage\",\"url\":\"https:\/\/proventuss.eu\/wp-content\/uploads\/2022\/04\/Dowsil-785-Acetoxy-e1662367673682.jpg\",\"contentUrl\":\"https:\/\/proventuss.eu\/wp-content\/uploads\/2022\/04\/Dowsil-785-Acetoxy-e1662367673682.jpg\",\"width\":838,\"height\":2331},{\"@type\":\"BreadcrumbList\",\"@id\":\"https:\/\/proventuss.eu\/cs\/produkt\/dowsil-785\/#breadcrumb\",\"itemListElement\":[{\"@type\":\"ListItem\",\"position\":1,\"name\":\"Home\",\"item\":\"https:\/\/proventuss.eu\/\"},{\"@type\":\"ListItem\",\"position\":2,\"name\":\"Produkty\",\"item\":\"https:\/\/proventuss.eu\/produkty\/\"},{\"@type\":\"ListItem\",\"position\":3,\"name\":\"DOWSIL 785\"}]},{\"@type\":\"WebSite\",\"@id\":\"https:\/\/proventuss.eu\/#website\",\"url\":\"https:\/\/proventuss.eu\/\",\"name\":\"Proventuss\",\"description\":\"\",\"potentialAction\":[{\"@type\":\"SearchAction\",\"target\":{\"@type\":\"EntryPoint\",\"urlTemplate\":\"https:\/\/proventuss.eu\/?s={search_term_string}\"},\"query-input\":\"required name=search_term_string\"}],\"inLanguage\":\"cs\"}]}<\/script>\n<!-- \/ Yoast SEO plugin. -->","yoast_head_json":{"title":"DOWSIL 785 - Proventuss","robots":{"index":"index","follow":"follow","max-snippet":"max-snippet:-1","max-image-preview":"max-image-preview:large","max-video-preview":"max-video-preview:-1"},"canonical":"https:\/\/proventuss.eu\/cs\/produkt\/dowsil-785\/","og_locale":"cs_CZ","og_type":"article","og_title":"DOWSIL 785 - Proventuss","og_description":"ACET\u00c1TOV\u00dd SANIT\u00c1RN\u00cd SILIKONOV\u00dd TMEL, jednoslo\u017ekov\u00fd silikonov\u00fd tmel se st\u0159edn\u00edm\/vysok\u00fdm mo0dulem speci\u00e1ln\u011b navr\u017een\u00fd pro ut\u011bs\u0148ov\u00e1n\u00ed sanit\u00e1rn\u00edch spoj\u016f, v\u010detn\u011b van, sprchov\u00fdch kout\u016f, piso\u00e1r\u016f a spoj\u016f keramick\u00fdch dla\u017edic. V\u00ddHODY: \u2022 Odoln\u00fd v\u016f\u010di pl\u00edsn\u00edm, bakteriostatick\u00fd tmel \u2022 100% silikonov\u00fd polymer \u2022 Bez rozpou\u0161t\u011bdel \u2022 Leskl\u00fd povrch \u2022 Nesmr\u0161\u0165uje se \u2022 Odoln\u00fd k ozonu, ultrafialov\u00e9mu z\u00e1\u0159en\u00ed a extr\u00e9mn\u00edm teplot\u00e1m \u2022 [&hellip;]","og_url":"https:\/\/proventuss.eu\/cs\/produkt\/dowsil-785\/","og_site_name":"Proventuss","article_modified_time":"2022-09-13T07:21:21+00:00","og_image":[{"width":838,"height":2331,"url":"https:\/\/proventuss.eu\/wp-content\/uploads\/2022\/04\/Dowsil-785-Acetoxy-e1662367673682.jpg","type":"image\/jpeg"}],"twitter_card":"summary_large_image","twitter_misc":{"Odhadovan\u00e1 doba \u010dten\u00ed":"1 minuta"},"schema":{"@context":"https:\/\/schema.org","@graph":[{"@type":"WebPage","@id":"https:\/\/proventuss.eu\/cs\/produkt\/dowsil-785\/","url":"https:\/\/proventuss.eu\/cs\/produkt\/dowsil-785\/","name":"DOWSIL 785 - Proventuss","isPartOf":{"@id":"https:\/\/proventuss.eu\/#website"},"primaryImageOfPage":{"@id":"https:\/\/proventuss.eu\/cs\/produkt\/dowsil-785\/#primaryimage"},"image":{"@id":"https:\/\/proventuss.eu\/cs\/produkt\/dowsil-785\/#primaryimage"},"thumbnailUrl":"https:\/\/proventuss.eu\/wp-content\/uploads\/2022\/04\/Dowsil-785-Acetoxy-e1662367673682.jpg","datePublished":"2022-04-26T10:13:08+00:00","dateModified":"2022-09-13T07:21:21+00:00","breadcrumb":{"@id":"https:\/\/proventuss.eu\/cs\/produkt\/dowsil-785\/#breadcrumb"},"inLanguage":"cs","potentialAction":[{"@type":"ReadAction","target":["https:\/\/proventuss.eu\/cs\/produkt\/dowsil-785\/"]}]},{"@type":"ImageObject","inLanguage":"cs","@id":"https:\/\/proventuss.eu\/cs\/produkt\/dowsil-785\/#primaryimage","url":"https:\/\/proventuss.eu\/wp-content\/uploads\/2022\/04\/Dowsil-785-Acetoxy-e1662367673682.jpg","contentUrl":"https:\/\/proventuss.eu\/wp-content\/uploads\/2022\/04\/Dowsil-785-Acetoxy-e1662367673682.jpg","width":838,"height":2331},{"@type":"BreadcrumbList","@id":"https:\/\/proventuss.eu\/cs\/produkt\/dowsil-785\/#breadcrumb","itemListElement":[{"@type":"ListItem","position":1,"name":"Home","item":"https:\/\/proventuss.eu\/"},{"@type":"ListItem","position":2,"name":"Produkty","item":"https:\/\/proventuss.eu\/produkty\/"},{"@type":"ListItem","position":3,"name":"DOWSIL 785"}]},{"@type":"WebSite","@id":"https:\/\/proventuss.eu\/#website","url":"https:\/\/proventuss.eu\/","name":"Proventuss","description":"","potentialAction":[{"@type":"SearchAction","target":{"@type":"EntryPoint","urlTemplate":"https:\/\/proventuss.eu\/?s={search_term_string}"},"query-input":"required name=search_term_string"}],"inLanguage":"cs"}]}},"_links":{"self":[{"href":"https:\/\/proventuss.eu\/cs\/wp-json\/wp\/v2\/product\/6542"}],"collection":[{"href":"https:\/\/proventuss.eu\/cs\/wp-json\/wp\/v2\/product"}],"about":[{"href":"https:\/\/proventuss.eu\/cs\/wp-json\/wp\/v2\/types\/product"}],"replies":[{"embeddable":true,"href":"https:\/\/proventuss.eu\/cs\/wp-json\/wp\/v2\/comments?post=6542"}],"wp:featuredmedia":[{"embeddable":true,"href":"https:\/\/proventuss.eu\/cs\/wp-json\/wp\/v2\/media\/6900"}],"wp:attachment":[{"href":"https:\/\/proventuss.eu\/cs\/wp-json\/wp\/v2\/media?parent=6542"}],"wp:term":[{"taxonomy":"product_cat","embeddable":true,"href":"https:\/\/proventuss.eu\/cs\/wp-json\/wp\/v2\/product_cat?post=6542"},{"taxonomy":"product_tag","embeddable":true,"href":"https:\/\/proventuss.eu\/cs\/wp-json\/wp\/v2\/product_tag?post=6542"}],"curies":[{"name":"wp","href":"https:\/\/api.w.org\/{rel}","templated":true}]}}