{"id":6541,"date":"2022-04-26T10:11:56","date_gmt":"2022-04-26T10:11:56","guid":{"rendered":"https:\/\/proventuss.eu\/produkt\/dowsil-781\/"},"modified":"2022-09-13T07:21:54","modified_gmt":"2022-09-13T07:21:54","slug":"dowsil-781","status":"publish","type":"product","link":"https:\/\/proventuss.eu\/cs\/produkt\/dowsil-781\/","title":{"rendered":"DOWSIL 781"},"content":{"rendered":"<p><strong>ACET\u00c1TOV\u00dd SILIKONOV\u00dd TMEL<\/strong>, jednoslo\u017ekov\u00fd silikonov\u00fd tmel se st\u0159edn\u00edm\/vysok\u00fdm modulem, s dobrou p\u0159ilnavost\u00ed k mnoha nepor\u00e9zn\u00edm podklad\u016fm v\u010detn\u011b skla, hlin\u00edku, lakovan\u00fdm povrch\u016fm a kompozitov\u00fdm panel\u016fm. Poskytuje skv\u011blou odolnost v\u016f\u010di st\u00e1rnut\u00ed, smr\u0161\u0165ov\u00e1n\u00ed, prask\u00e1n\u00ed a zm\u011bn\u00e1m barvy.<\/p>\n<p><strong>V\u00ddHODY:<\/strong><br \/>\n\u2022 Vysok\u00e1 pevnost<br \/>\n\u2022 Dobr\u00e1 pru\u017enost<br \/>\n\u2022 100% silikonov\u00fd polymer<br \/>\n\u2022 Bez rozpou\u0161t\u011bdel<br \/>\n\u2022 Odoln\u00fd k ozonu, ultrafialov\u00e9mu z\u00e1\u0159en\u00ed a extr\u00e9mn\u00edm teplot\u00e1m<br \/>\n\u2022 Vyhovuje ISO 11600-F&amp;G-20LM<\/p>\n<p><strong>BALEN\u00cd\/BARVY:<\/strong><br \/>\nKartu\u0161e: 310 ml<br \/>\nBarva: transparentn\u00ed, b\u00edl\u00e1, \u010dern\u00e1, hn\u011bd\u00e1, \u0161ed\u00e1, hlin\u00edk<\/p>\n","protected":false},"excerpt":{"rendered":"<p>ACET\u00c1TOV\u00dd SILIKONOV\u00dd TMEL, jednoslo\u017ekov\u00fd silikonov\u00fd tmel se st\u0159edn\u00edm\/vysok\u00fdm modulem, s dobrou p\u0159ilnavost\u00ed k mnoha nepor\u00e9zn\u00edm podklad\u016fm v\u010detn\u011b skla, hlin\u00edku, lakovan\u00fdm povrch\u016fm a kompozitov\u00fdm panel\u016fm. Poskytuje skv\u011blou odolnost v\u016f\u010di st\u00e1rnut\u00ed, smr\u0161\u0165ov\u00e1n\u00ed, prask\u00e1n\u00ed a zm\u011bn\u00e1m barvy. V\u00ddHODY: \u2022 Vysok\u00e1 pevnost \u2022 Dobr\u00e1 pru\u017enost \u2022 100% silikonov\u00fd polymer \u2022 Bez rozpou\u0161t\u011bdel \u2022 Odoln\u00fd k ozonu, ultrafialov\u00e9mu z\u00e1\u0159en\u00ed a [&hellip;]<\/p>\n","protected":false},"featured_media":4827,"comment_status":"open","ping_status":"closed","template":"","meta":{"_acf_changed":false},"product_cat":[322],"product_tag":[],"acf":[],"yoast_head":"<!-- This site is optimized with the Yoast SEO plugin v22.9 - https:\/\/yoast.com\/wordpress\/plugins\/seo\/ -->\n<title>DOWSIL 781 - Proventuss<\/title>\n<meta name=\"robots\" content=\"index, follow, max-snippet:-1, max-image-preview:large, max-video-preview:-1\" \/>\n<link rel=\"canonical\" href=\"https:\/\/proventuss.eu\/cs\/produkt\/dowsil-781\/\" \/>\n<meta property=\"og:locale\" content=\"cs_CZ\" \/>\n<meta property=\"og:type\" content=\"article\" \/>\n<meta property=\"og:title\" content=\"DOWSIL 781 - Proventuss\" \/>\n<meta property=\"og:description\" content=\"ACET\u00c1TOV\u00dd SILIKONOV\u00dd TMEL, jednoslo\u017ekov\u00fd silikonov\u00fd tmel se st\u0159edn\u00edm\/vysok\u00fdm modulem, s dobrou p\u0159ilnavost\u00ed k mnoha nepor\u00e9zn\u00edm podklad\u016fm v\u010detn\u011b skla, hlin\u00edku, lakovan\u00fdm povrch\u016fm a kompozitov\u00fdm panel\u016fm. Poskytuje skv\u011blou odolnost v\u016f\u010di st\u00e1rnut\u00ed, smr\u0161\u0165ov\u00e1n\u00ed, prask\u00e1n\u00ed a zm\u011bn\u00e1m barvy. V\u00ddHODY: \u2022 Vysok\u00e1 pevnost \u2022 Dobr\u00e1 pru\u017enost \u2022 100% silikonov\u00fd polymer \u2022 Bez rozpou\u0161t\u011bdel \u2022 Odoln\u00fd k ozonu, ultrafialov\u00e9mu z\u00e1\u0159en\u00ed a [&hellip;]\" \/>\n<meta property=\"og:url\" content=\"https:\/\/proventuss.eu\/cs\/produkt\/dowsil-781\/\" \/>\n<meta property=\"og:site_name\" content=\"Proventuss\" \/>\n<meta property=\"article:modified_time\" content=\"2022-09-13T07:21:54+00:00\" \/>\n<meta property=\"og:image\" content=\"https:\/\/proventuss.eu\/wp-content\/uploads\/2022\/04\/781.jpg\" \/>\n\t<meta property=\"og:image:width\" content=\"408\" \/>\n\t<meta property=\"og:image:height\" content=\"1136\" \/>\n\t<meta property=\"og:image:type\" content=\"image\/jpeg\" \/>\n<meta name=\"twitter:card\" content=\"summary_large_image\" \/>\n<meta name=\"twitter:label1\" content=\"Odhadovan\u00e1 doba \u010dten\u00ed\" \/>\n\t<meta name=\"twitter:data1\" content=\"1 minuta\" \/>\n<script type=\"application\/ld+json\" class=\"yoast-schema-graph\">{\"@context\":\"https:\/\/schema.org\",\"@graph\":[{\"@type\":\"WebPage\",\"@id\":\"https:\/\/proventuss.eu\/cs\/produkt\/dowsil-781\/\",\"url\":\"https:\/\/proventuss.eu\/cs\/produkt\/dowsil-781\/\",\"name\":\"DOWSIL 781 - Proventuss\",\"isPartOf\":{\"@id\":\"https:\/\/proventuss.eu\/#website\"},\"primaryImageOfPage\":{\"@id\":\"https:\/\/proventuss.eu\/cs\/produkt\/dowsil-781\/#primaryimage\"},\"image\":{\"@id\":\"https:\/\/proventuss.eu\/cs\/produkt\/dowsil-781\/#primaryimage\"},\"thumbnailUrl\":\"https:\/\/proventuss.eu\/wp-content\/uploads\/2022\/04\/781.jpg\",\"datePublished\":\"2022-04-26T10:11:56+00:00\",\"dateModified\":\"2022-09-13T07:21:54+00:00\",\"breadcrumb\":{\"@id\":\"https:\/\/proventuss.eu\/cs\/produkt\/dowsil-781\/#breadcrumb\"},\"inLanguage\":\"cs\",\"potentialAction\":[{\"@type\":\"ReadAction\",\"target\":[\"https:\/\/proventuss.eu\/cs\/produkt\/dowsil-781\/\"]}]},{\"@type\":\"ImageObject\",\"inLanguage\":\"cs\",\"@id\":\"https:\/\/proventuss.eu\/cs\/produkt\/dowsil-781\/#primaryimage\",\"url\":\"https:\/\/proventuss.eu\/wp-content\/uploads\/2022\/04\/781.jpg\",\"contentUrl\":\"https:\/\/proventuss.eu\/wp-content\/uploads\/2022\/04\/781.jpg\",\"width\":408,\"height\":1136},{\"@type\":\"BreadcrumbList\",\"@id\":\"https:\/\/proventuss.eu\/cs\/produkt\/dowsil-781\/#breadcrumb\",\"itemListElement\":[{\"@type\":\"ListItem\",\"position\":1,\"name\":\"Home\",\"item\":\"https:\/\/proventuss.eu\/\"},{\"@type\":\"ListItem\",\"position\":2,\"name\":\"Produkty\",\"item\":\"https:\/\/proventuss.eu\/produkty\/\"},{\"@type\":\"ListItem\",\"position\":3,\"name\":\"DOWSIL 781\"}]},{\"@type\":\"WebSite\",\"@id\":\"https:\/\/proventuss.eu\/#website\",\"url\":\"https:\/\/proventuss.eu\/\",\"name\":\"Proventuss\",\"description\":\"\",\"potentialAction\":[{\"@type\":\"SearchAction\",\"target\":{\"@type\":\"EntryPoint\",\"urlTemplate\":\"https:\/\/proventuss.eu\/?s={search_term_string}\"},\"query-input\":\"required name=search_term_string\"}],\"inLanguage\":\"cs\"}]}<\/script>\n<!-- \/ Yoast SEO plugin. -->","yoast_head_json":{"title":"DOWSIL 781 - Proventuss","robots":{"index":"index","follow":"follow","max-snippet":"max-snippet:-1","max-image-preview":"max-image-preview:large","max-video-preview":"max-video-preview:-1"},"canonical":"https:\/\/proventuss.eu\/cs\/produkt\/dowsil-781\/","og_locale":"cs_CZ","og_type":"article","og_title":"DOWSIL 781 - Proventuss","og_description":"ACET\u00c1TOV\u00dd SILIKONOV\u00dd TMEL, jednoslo\u017ekov\u00fd silikonov\u00fd tmel se st\u0159edn\u00edm\/vysok\u00fdm modulem, s dobrou p\u0159ilnavost\u00ed k mnoha nepor\u00e9zn\u00edm podklad\u016fm v\u010detn\u011b skla, hlin\u00edku, lakovan\u00fdm povrch\u016fm a kompozitov\u00fdm panel\u016fm. Poskytuje skv\u011blou odolnost v\u016f\u010di st\u00e1rnut\u00ed, smr\u0161\u0165ov\u00e1n\u00ed, prask\u00e1n\u00ed a zm\u011bn\u00e1m barvy. V\u00ddHODY: \u2022 Vysok\u00e1 pevnost \u2022 Dobr\u00e1 pru\u017enost \u2022 100% silikonov\u00fd polymer \u2022 Bez rozpou\u0161t\u011bdel \u2022 Odoln\u00fd k ozonu, ultrafialov\u00e9mu z\u00e1\u0159en\u00ed a [&hellip;]","og_url":"https:\/\/proventuss.eu\/cs\/produkt\/dowsil-781\/","og_site_name":"Proventuss","article_modified_time":"2022-09-13T07:21:54+00:00","og_image":[{"width":408,"height":1136,"url":"https:\/\/proventuss.eu\/wp-content\/uploads\/2022\/04\/781.jpg","type":"image\/jpeg"}],"twitter_card":"summary_large_image","twitter_misc":{"Odhadovan\u00e1 doba \u010dten\u00ed":"1 minuta"},"schema":{"@context":"https:\/\/schema.org","@graph":[{"@type":"WebPage","@id":"https:\/\/proventuss.eu\/cs\/produkt\/dowsil-781\/","url":"https:\/\/proventuss.eu\/cs\/produkt\/dowsil-781\/","name":"DOWSIL 781 - Proventuss","isPartOf":{"@id":"https:\/\/proventuss.eu\/#website"},"primaryImageOfPage":{"@id":"https:\/\/proventuss.eu\/cs\/produkt\/dowsil-781\/#primaryimage"},"image":{"@id":"https:\/\/proventuss.eu\/cs\/produkt\/dowsil-781\/#primaryimage"},"thumbnailUrl":"https:\/\/proventuss.eu\/wp-content\/uploads\/2022\/04\/781.jpg","datePublished":"2022-04-26T10:11:56+00:00","dateModified":"2022-09-13T07:21:54+00:00","breadcrumb":{"@id":"https:\/\/proventuss.eu\/cs\/produkt\/dowsil-781\/#breadcrumb"},"inLanguage":"cs","potentialAction":[{"@type":"ReadAction","target":["https:\/\/proventuss.eu\/cs\/produkt\/dowsil-781\/"]}]},{"@type":"ImageObject","inLanguage":"cs","@id":"https:\/\/proventuss.eu\/cs\/produkt\/dowsil-781\/#primaryimage","url":"https:\/\/proventuss.eu\/wp-content\/uploads\/2022\/04\/781.jpg","contentUrl":"https:\/\/proventuss.eu\/wp-content\/uploads\/2022\/04\/781.jpg","width":408,"height":1136},{"@type":"BreadcrumbList","@id":"https:\/\/proventuss.eu\/cs\/produkt\/dowsil-781\/#breadcrumb","itemListElement":[{"@type":"ListItem","position":1,"name":"Home","item":"https:\/\/proventuss.eu\/"},{"@type":"ListItem","position":2,"name":"Produkty","item":"https:\/\/proventuss.eu\/produkty\/"},{"@type":"ListItem","position":3,"name":"DOWSIL 781"}]},{"@type":"WebSite","@id":"https:\/\/proventuss.eu\/#website","url":"https:\/\/proventuss.eu\/","name":"Proventuss","description":"","potentialAction":[{"@type":"SearchAction","target":{"@type":"EntryPoint","urlTemplate":"https:\/\/proventuss.eu\/?s={search_term_string}"},"query-input":"required name=search_term_string"}],"inLanguage":"cs"}]}},"_links":{"self":[{"href":"https:\/\/proventuss.eu\/cs\/wp-json\/wp\/v2\/product\/6541"}],"collection":[{"href":"https:\/\/proventuss.eu\/cs\/wp-json\/wp\/v2\/product"}],"about":[{"href":"https:\/\/proventuss.eu\/cs\/wp-json\/wp\/v2\/types\/product"}],"replies":[{"embeddable":true,"href":"https:\/\/proventuss.eu\/cs\/wp-json\/wp\/v2\/comments?post=6541"}],"wp:featuredmedia":[{"embeddable":true,"href":"https:\/\/proventuss.eu\/cs\/wp-json\/wp\/v2\/media\/4827"}],"wp:attachment":[{"href":"https:\/\/proventuss.eu\/cs\/wp-json\/wp\/v2\/media?parent=6541"}],"wp:term":[{"taxonomy":"product_cat","embeddable":true,"href":"https:\/\/proventuss.eu\/cs\/wp-json\/wp\/v2\/product_cat?post=6541"},{"taxonomy":"product_tag","embeddable":true,"href":"https:\/\/proventuss.eu\/cs\/wp-json\/wp\/v2\/product_tag?post=6541"}],"curies":[{"name":"wp","href":"https:\/\/api.w.org\/{rel}","templated":true}]}}