{"id":6539,"date":"2022-04-26T10:08:34","date_gmt":"2022-04-26T10:08:34","guid":{"rendered":"https:\/\/proventuss.eu\/produkt\/siderise-cw-ab\/"},"modified":"2022-04-26T10:08:34","modified_gmt":"2022-04-26T10:08:34","slug":"siderise-cw-ab","status":"publish","type":"product","link":"https:\/\/proventuss.eu\/cs\/produkt\/siderise-cw-ab\/","title":{"rendered":"SIDERISE CW-AB"},"content":{"rendered":"<p>SIDERISE obklady zvukov\u00fdch izolac\u00ed pro fas\u00e1dy pro p\u0159ekl\u00e1d\u00e1n\u00ed ve fas\u00e1d\u00e1ch se skl\u00e1daj\u00ed z ohebn\u00e9ho akustick\u00e9ho kompozitu pro vysoce v\u00fdkonn\u00e9 protihlukov\u00e9 izolace.<\/p>\n<p><strong>V\u00ddHODY:<\/strong><br \/>\n\u2022 Velmi ohebn\u00e9, snadno se \u0159e\u017eou a tvaruj\u00ed na staveni\u0161ti<br \/>\n\u2022 Ide\u00e1ln\u00ed pro opravy po instalaci protipo\u017e\u00e1rn\u00edch izolac\u00ed<br \/>\n\u2022 Pohlcuj\u00ed pohyby fas\u00e1dy<br \/>\n\u2022 Tvarovateln\u00e9<br \/>\n\u2022 Dostupn\u00e9 v p\u00e1sech nebo ar\u0161\u00edch pro \u0159ez\u00e1n\u00ed na stavb\u011b<\/p>\n<p>Tento v\u00fdrobek poskytuje jednoduch\u00e9 \u0159e\u0161en\u00ed pro zlep\u0161en\u00ed akustick\u00fdch vlastnost\u00ed \u201ez patra do patra\u201d p\u0159i pou\u017eit\u00ed spolu se SIDERISE obvodov\u00fdmi protipo\u017e\u00e1rn\u00edmi izolacemi fas\u00e1d.<\/p>\n<p>Upozorn\u011bn\u00ed: Tento v\u00fdrobek byl d\u0159\u00edve zn\u00e1m jako zvukov\u011b izola\u010dn\u00ed obklad Lamatherm CW-AB.<\/p>\n","protected":false},"excerpt":{"rendered":"<p>SIDERISE obklady zvukov\u00fdch izolac\u00ed pro fas\u00e1dy pro p\u0159ekl\u00e1d\u00e1n\u00ed ve fas\u00e1d\u00e1ch se skl\u00e1daj\u00ed z ohebn\u00e9ho akustick\u00e9ho kompozitu pro vysoce v\u00fdkonn\u00e9 protihlukov\u00e9 izolace. V\u00ddHODY: \u2022 Velmi ohebn\u00e9, snadno se \u0159e\u017eou a tvaruj\u00ed na staveni\u0161ti \u2022 Ide\u00e1ln\u00ed pro opravy po instalaci protipo\u017e\u00e1rn\u00edch izolac\u00ed \u2022 Pohlcuj\u00ed pohyby fas\u00e1dy \u2022 Tvarovateln\u00e9 \u2022 Dostupn\u00e9 v p\u00e1sech nebo ar\u0161\u00edch pro \u0159ez\u00e1n\u00ed na [&hellip;]<\/p>\n","protected":false},"featured_media":6053,"comment_status":"open","ping_status":"closed","template":"","meta":{"_acf_changed":false},"product_cat":[321],"product_tag":[],"acf":[],"yoast_head":"<!-- This site is optimized with the Yoast SEO plugin v22.9 - https:\/\/yoast.com\/wordpress\/plugins\/seo\/ -->\n<title>SIDERISE CW-AB - Proventuss<\/title>\n<meta name=\"robots\" content=\"index, follow, max-snippet:-1, max-image-preview:large, max-video-preview:-1\" \/>\n<link rel=\"canonical\" href=\"https:\/\/proventuss.eu\/cs\/produkt\/siderise-cw-ab\/\" \/>\n<meta property=\"og:locale\" content=\"cs_CZ\" \/>\n<meta property=\"og:type\" content=\"article\" \/>\n<meta property=\"og:title\" content=\"SIDERISE CW-AB - Proventuss\" \/>\n<meta property=\"og:description\" content=\"SIDERISE obklady zvukov\u00fdch izolac\u00ed pro fas\u00e1dy pro p\u0159ekl\u00e1d\u00e1n\u00ed ve fas\u00e1d\u00e1ch se skl\u00e1daj\u00ed z ohebn\u00e9ho akustick\u00e9ho kompozitu pro vysoce v\u00fdkonn\u00e9 protihlukov\u00e9 izolace. V\u00ddHODY: \u2022 Velmi ohebn\u00e9, snadno se \u0159e\u017eou a tvaruj\u00ed na staveni\u0161ti \u2022 Ide\u00e1ln\u00ed pro opravy po instalaci protipo\u017e\u00e1rn\u00edch izolac\u00ed \u2022 Pohlcuj\u00ed pohyby fas\u00e1dy \u2022 Tvarovateln\u00e9 \u2022 Dostupn\u00e9 v p\u00e1sech nebo ar\u0161\u00edch pro \u0159ez\u00e1n\u00ed na [&hellip;]\" \/>\n<meta property=\"og:url\" content=\"https:\/\/proventuss.eu\/cs\/produkt\/siderise-cw-ab\/\" \/>\n<meta property=\"og:site_name\" content=\"Proventuss\" \/>\n<meta property=\"og:image\" content=\"https:\/\/proventuss.eu\/wp-content\/uploads\/2022\/04\/CW-AB.jpg\" \/>\n\t<meta property=\"og:image:width\" content=\"756\" \/>\n\t<meta property=\"og:image:height\" content=\"756\" \/>\n\t<meta property=\"og:image:type\" content=\"image\/jpeg\" \/>\n<meta name=\"twitter:card\" content=\"summary_large_image\" \/>\n<meta name=\"twitter:label1\" content=\"Odhadovan\u00e1 doba \u010dten\u00ed\" \/>\n\t<meta name=\"twitter:data1\" content=\"1 minuta\" \/>\n<script type=\"application\/ld+json\" class=\"yoast-schema-graph\">{\"@context\":\"https:\/\/schema.org\",\"@graph\":[{\"@type\":\"WebPage\",\"@id\":\"https:\/\/proventuss.eu\/cs\/produkt\/siderise-cw-ab\/\",\"url\":\"https:\/\/proventuss.eu\/cs\/produkt\/siderise-cw-ab\/\",\"name\":\"SIDERISE CW-AB - Proventuss\",\"isPartOf\":{\"@id\":\"https:\/\/proventuss.eu\/#website\"},\"primaryImageOfPage\":{\"@id\":\"https:\/\/proventuss.eu\/cs\/produkt\/siderise-cw-ab\/#primaryimage\"},\"image\":{\"@id\":\"https:\/\/proventuss.eu\/cs\/produkt\/siderise-cw-ab\/#primaryimage\"},\"thumbnailUrl\":\"https:\/\/proventuss.eu\/wp-content\/uploads\/2022\/04\/CW-AB.jpg\",\"datePublished\":\"2022-04-26T10:08:34+00:00\",\"dateModified\":\"2022-04-26T10:08:34+00:00\",\"breadcrumb\":{\"@id\":\"https:\/\/proventuss.eu\/cs\/produkt\/siderise-cw-ab\/#breadcrumb\"},\"inLanguage\":\"cs\",\"potentialAction\":[{\"@type\":\"ReadAction\",\"target\":[\"https:\/\/proventuss.eu\/cs\/produkt\/siderise-cw-ab\/\"]}]},{\"@type\":\"ImageObject\",\"inLanguage\":\"cs\",\"@id\":\"https:\/\/proventuss.eu\/cs\/produkt\/siderise-cw-ab\/#primaryimage\",\"url\":\"https:\/\/proventuss.eu\/wp-content\/uploads\/2022\/04\/CW-AB.jpg\",\"contentUrl\":\"https:\/\/proventuss.eu\/wp-content\/uploads\/2022\/04\/CW-AB.jpg\",\"width\":756,\"height\":756},{\"@type\":\"BreadcrumbList\",\"@id\":\"https:\/\/proventuss.eu\/cs\/produkt\/siderise-cw-ab\/#breadcrumb\",\"itemListElement\":[{\"@type\":\"ListItem\",\"position\":1,\"name\":\"Home\",\"item\":\"https:\/\/proventuss.eu\/\"},{\"@type\":\"ListItem\",\"position\":2,\"name\":\"Produkty\",\"item\":\"https:\/\/proventuss.eu\/produkty\/\"},{\"@type\":\"ListItem\",\"position\":3,\"name\":\"SIDERISE CW-AB\"}]},{\"@type\":\"WebSite\",\"@id\":\"https:\/\/proventuss.eu\/#website\",\"url\":\"https:\/\/proventuss.eu\/\",\"name\":\"Proventuss\",\"description\":\"\",\"potentialAction\":[{\"@type\":\"SearchAction\",\"target\":{\"@type\":\"EntryPoint\",\"urlTemplate\":\"https:\/\/proventuss.eu\/?s={search_term_string}\"},\"query-input\":\"required name=search_term_string\"}],\"inLanguage\":\"cs\"}]}<\/script>\n<!-- \/ Yoast SEO plugin. -->","yoast_head_json":{"title":"SIDERISE CW-AB - Proventuss","robots":{"index":"index","follow":"follow","max-snippet":"max-snippet:-1","max-image-preview":"max-image-preview:large","max-video-preview":"max-video-preview:-1"},"canonical":"https:\/\/proventuss.eu\/cs\/produkt\/siderise-cw-ab\/","og_locale":"cs_CZ","og_type":"article","og_title":"SIDERISE CW-AB - Proventuss","og_description":"SIDERISE obklady zvukov\u00fdch izolac\u00ed pro fas\u00e1dy pro p\u0159ekl\u00e1d\u00e1n\u00ed ve fas\u00e1d\u00e1ch se skl\u00e1daj\u00ed z ohebn\u00e9ho akustick\u00e9ho kompozitu pro vysoce v\u00fdkonn\u00e9 protihlukov\u00e9 izolace. V\u00ddHODY: \u2022 Velmi ohebn\u00e9, snadno se \u0159e\u017eou a tvaruj\u00ed na staveni\u0161ti \u2022 Ide\u00e1ln\u00ed pro opravy po instalaci protipo\u017e\u00e1rn\u00edch izolac\u00ed \u2022 Pohlcuj\u00ed pohyby fas\u00e1dy \u2022 Tvarovateln\u00e9 \u2022 Dostupn\u00e9 v p\u00e1sech nebo ar\u0161\u00edch pro \u0159ez\u00e1n\u00ed na [&hellip;]","og_url":"https:\/\/proventuss.eu\/cs\/produkt\/siderise-cw-ab\/","og_site_name":"Proventuss","og_image":[{"width":756,"height":756,"url":"https:\/\/proventuss.eu\/wp-content\/uploads\/2022\/04\/CW-AB.jpg","type":"image\/jpeg"}],"twitter_card":"summary_large_image","twitter_misc":{"Odhadovan\u00e1 doba \u010dten\u00ed":"1 minuta"},"schema":{"@context":"https:\/\/schema.org","@graph":[{"@type":"WebPage","@id":"https:\/\/proventuss.eu\/cs\/produkt\/siderise-cw-ab\/","url":"https:\/\/proventuss.eu\/cs\/produkt\/siderise-cw-ab\/","name":"SIDERISE CW-AB - Proventuss","isPartOf":{"@id":"https:\/\/proventuss.eu\/#website"},"primaryImageOfPage":{"@id":"https:\/\/proventuss.eu\/cs\/produkt\/siderise-cw-ab\/#primaryimage"},"image":{"@id":"https:\/\/proventuss.eu\/cs\/produkt\/siderise-cw-ab\/#primaryimage"},"thumbnailUrl":"https:\/\/proventuss.eu\/wp-content\/uploads\/2022\/04\/CW-AB.jpg","datePublished":"2022-04-26T10:08:34+00:00","dateModified":"2022-04-26T10:08:34+00:00","breadcrumb":{"@id":"https:\/\/proventuss.eu\/cs\/produkt\/siderise-cw-ab\/#breadcrumb"},"inLanguage":"cs","potentialAction":[{"@type":"ReadAction","target":["https:\/\/proventuss.eu\/cs\/produkt\/siderise-cw-ab\/"]}]},{"@type":"ImageObject","inLanguage":"cs","@id":"https:\/\/proventuss.eu\/cs\/produkt\/siderise-cw-ab\/#primaryimage","url":"https:\/\/proventuss.eu\/wp-content\/uploads\/2022\/04\/CW-AB.jpg","contentUrl":"https:\/\/proventuss.eu\/wp-content\/uploads\/2022\/04\/CW-AB.jpg","width":756,"height":756},{"@type":"BreadcrumbList","@id":"https:\/\/proventuss.eu\/cs\/produkt\/siderise-cw-ab\/#breadcrumb","itemListElement":[{"@type":"ListItem","position":1,"name":"Home","item":"https:\/\/proventuss.eu\/"},{"@type":"ListItem","position":2,"name":"Produkty","item":"https:\/\/proventuss.eu\/produkty\/"},{"@type":"ListItem","position":3,"name":"SIDERISE CW-AB"}]},{"@type":"WebSite","@id":"https:\/\/proventuss.eu\/#website","url":"https:\/\/proventuss.eu\/","name":"Proventuss","description":"","potentialAction":[{"@type":"SearchAction","target":{"@type":"EntryPoint","urlTemplate":"https:\/\/proventuss.eu\/?s={search_term_string}"},"query-input":"required name=search_term_string"}],"inLanguage":"cs"}]}},"_links":{"self":[{"href":"https:\/\/proventuss.eu\/cs\/wp-json\/wp\/v2\/product\/6539"}],"collection":[{"href":"https:\/\/proventuss.eu\/cs\/wp-json\/wp\/v2\/product"}],"about":[{"href":"https:\/\/proventuss.eu\/cs\/wp-json\/wp\/v2\/types\/product"}],"replies":[{"embeddable":true,"href":"https:\/\/proventuss.eu\/cs\/wp-json\/wp\/v2\/comments?post=6539"}],"wp:featuredmedia":[{"embeddable":true,"href":"https:\/\/proventuss.eu\/cs\/wp-json\/wp\/v2\/media\/6053"}],"wp:attachment":[{"href":"https:\/\/proventuss.eu\/cs\/wp-json\/wp\/v2\/media?parent=6539"}],"wp:term":[{"taxonomy":"product_cat","embeddable":true,"href":"https:\/\/proventuss.eu\/cs\/wp-json\/wp\/v2\/product_cat?post=6539"},{"taxonomy":"product_tag","embeddable":true,"href":"https:\/\/proventuss.eu\/cs\/wp-json\/wp\/v2\/product_tag?post=6539"}],"curies":[{"name":"wp","href":"https:\/\/api.w.org\/{rel}","templated":true}]}}