{"id":6538,"date":"2022-04-26T10:04:59","date_gmt":"2022-04-26T10:04:59","guid":{"rendered":"https:\/\/proventuss.eu\/produkt\/siderise-mi\/"},"modified":"2022-04-26T10:04:59","modified_gmt":"2022-04-26T10:04:59","slug":"siderise-mi","status":"publish","type":"product","link":"https:\/\/proventuss.eu\/cs\/produkt\/siderise-mi\/","title":{"rendered":"SIDERISE MI"},"content":{"rendered":"<p>SIDERISE v\u00fdpln\u011b sloupk\u016f\/p\u0159\u00ed\u010dek zahrnuj\u00ed portfolio specializovan\u00fdch prvk\u016f ur\u010den\u00fdch pro zlep\u0161en\u00ed protihlukov\u00fdch izola\u010dn\u00edch vlastnost\u00ed lehk\u00fdch fas\u00e1d nebo zasklen\u00fdch ploch s dut\u00fdmi r\u00e1my.<\/p>\n<p><strong>V\u00ddHODY:<\/strong><br \/>\n\u2022 a\u017d 41dB Rw \u2018skrz\u2019 r\u00e1m na 50 mm sloupek<br \/>\n\u2022 Snadn\u00e1 instalace<br \/>\n\u2022 \u0160irok\u00e9 spektrum z\u00e1kladn\u00edch materi\u00e1l\u016f<br \/>\n\u2022 Rozm\u011bry a tvary na zak\u00e1zku<\/p>\n<p>Zat\u00edmco v\u00fdpln\u011b mohou b\u00fdt pou\u017eity pro zlep\u0161en\u00ed vlastnost\u00ed p\u0159enosu zvuku obvodov\u00fdch pl\u00e1\u0161\u0165\u016f budov, nap\u0159. zvenku dovnit\u0159, jsou \u010dast\u011bji pou\u017e\u00edv\u00e1ny pro sn\u00ed\u017een\u00ed okrajov\u00e9ho p\u0159enosu mezi p\u0159ilehl\u00fdmi vnit\u0159n\u00edmi prostorami. To zahrnuje okrajov\u00fd p\u0159enos zvuku \u201ez pokoje do pokoje\u201d a \u201ez patra do patra\u201d.<\/p>\n<p>Specifick\u00e9 optim\u00e1ln\u00ed \u0159e\u0161en\u00ed bylo vyvinuto pro ka\u017ed\u00e9 b\u011b\u017en\u00e9 podm\u00ednky objevuj\u00edc\u00ed se v konstrukc\u00edch obvodov\u00fdch pl\u00e1\u0161\u0165\u016f. N\u00e1vrh vhodn\u00fdch v\u00fdpln\u00ed zva\u017euje nejen akustick\u00e9 vlastnosti, ale i snadnost a prakti\u010dnost instalace. Vlastn\u00ed v\u00fdrobn\u00ed techniky jako CNC\/n\u00e1strojov\u00e9 \u0159ez\u00e1n\u00ed nebo obr\u00e1b\u011bn\u00ed umo\u017e\u0148uje p\u0159esnou \u00fapravu na m\u00edru pro konkr\u00e9tn\u00ed dut\u00fd r\u00e1mov\u00fd prvek.<\/p>\n<p>Upozorn\u011bn\u00ed: Tento v\u00fdrobek byl d\u0159\u00edve zn\u00e1m jako v\u00fdpln\u011b sloupk\u016f\/p\u0159\u00ed\u010dek Lamaphon.<\/p>\n","protected":false},"excerpt":{"rendered":"<p>SIDERISE v\u00fdpln\u011b sloupk\u016f\/p\u0159\u00ed\u010dek zahrnuj\u00ed portfolio specializovan\u00fdch prvk\u016f ur\u010den\u00fdch pro zlep\u0161en\u00ed protihlukov\u00fdch izola\u010dn\u00edch vlastnost\u00ed lehk\u00fdch fas\u00e1d nebo zasklen\u00fdch ploch s dut\u00fdmi r\u00e1my. V\u00ddHODY: \u2022 a\u017d 41dB Rw \u2018skrz\u2019 r\u00e1m na 50 mm sloupek \u2022 Snadn\u00e1 instalace \u2022 \u0160irok\u00e9 spektrum z\u00e1kladn\u00edch materi\u00e1l\u016f \u2022 Rozm\u011bry a tvary na zak\u00e1zku Zat\u00edmco v\u00fdpln\u011b mohou b\u00fdt pou\u017eity pro zlep\u0161en\u00ed vlastnost\u00ed p\u0159enosu [&hellip;]<\/p>\n","protected":false},"featured_media":4932,"comment_status":"open","ping_status":"closed","template":"","meta":{"_acf_changed":false},"product_cat":[321],"product_tag":[],"acf":[],"yoast_head":"<!-- This site is optimized with the Yoast SEO plugin v22.9 - https:\/\/yoast.com\/wordpress\/plugins\/seo\/ -->\n<title>SIDERISE MI - Proventuss<\/title>\n<meta name=\"robots\" content=\"index, follow, max-snippet:-1, max-image-preview:large, max-video-preview:-1\" \/>\n<link rel=\"canonical\" href=\"https:\/\/proventuss.eu\/cs\/produkt\/siderise-mi\/\" \/>\n<meta property=\"og:locale\" content=\"cs_CZ\" \/>\n<meta property=\"og:type\" content=\"article\" \/>\n<meta property=\"og:title\" content=\"SIDERISE MI - Proventuss\" \/>\n<meta property=\"og:description\" content=\"SIDERISE v\u00fdpln\u011b sloupk\u016f\/p\u0159\u00ed\u010dek zahrnuj\u00ed portfolio specializovan\u00fdch prvk\u016f ur\u010den\u00fdch pro zlep\u0161en\u00ed protihlukov\u00fdch izola\u010dn\u00edch vlastnost\u00ed lehk\u00fdch fas\u00e1d nebo zasklen\u00fdch ploch s dut\u00fdmi r\u00e1my. V\u00ddHODY: \u2022 a\u017d 41dB Rw \u2018skrz\u2019 r\u00e1m na 50 mm sloupek \u2022 Snadn\u00e1 instalace \u2022 \u0160irok\u00e9 spektrum z\u00e1kladn\u00edch materi\u00e1l\u016f \u2022 Rozm\u011bry a tvary na zak\u00e1zku Zat\u00edmco v\u00fdpln\u011b mohou b\u00fdt pou\u017eity pro zlep\u0161en\u00ed vlastnost\u00ed p\u0159enosu [&hellip;]\" \/>\n<meta property=\"og:url\" content=\"https:\/\/proventuss.eu\/cs\/produkt\/siderise-mi\/\" \/>\n<meta property=\"og:site_name\" content=\"Proventuss\" \/>\n<meta property=\"og:image\" content=\"https:\/\/proventuss.eu\/wp-content\/uploads\/2022\/04\/Siderise-Mi-akustyczne.jpg\" \/>\n\t<meta property=\"og:image:width\" content=\"224\" \/>\n\t<meta property=\"og:image:height\" content=\"224\" \/>\n\t<meta property=\"og:image:type\" content=\"image\/jpeg\" \/>\n<meta name=\"twitter:card\" content=\"summary_large_image\" \/>\n<meta name=\"twitter:label1\" content=\"Odhadovan\u00e1 doba \u010dten\u00ed\" \/>\n\t<meta name=\"twitter:data1\" content=\"1 minuta\" \/>\n<script type=\"application\/ld+json\" class=\"yoast-schema-graph\">{\"@context\":\"https:\/\/schema.org\",\"@graph\":[{\"@type\":\"WebPage\",\"@id\":\"https:\/\/proventuss.eu\/cs\/produkt\/siderise-mi\/\",\"url\":\"https:\/\/proventuss.eu\/cs\/produkt\/siderise-mi\/\",\"name\":\"SIDERISE MI - Proventuss\",\"isPartOf\":{\"@id\":\"https:\/\/proventuss.eu\/#website\"},\"primaryImageOfPage\":{\"@id\":\"https:\/\/proventuss.eu\/cs\/produkt\/siderise-mi\/#primaryimage\"},\"image\":{\"@id\":\"https:\/\/proventuss.eu\/cs\/produkt\/siderise-mi\/#primaryimage\"},\"thumbnailUrl\":\"https:\/\/proventuss.eu\/wp-content\/uploads\/2022\/04\/Siderise-Mi-akustyczne.jpg\",\"datePublished\":\"2022-04-26T10:04:59+00:00\",\"dateModified\":\"2022-04-26T10:04:59+00:00\",\"breadcrumb\":{\"@id\":\"https:\/\/proventuss.eu\/cs\/produkt\/siderise-mi\/#breadcrumb\"},\"inLanguage\":\"cs\",\"potentialAction\":[{\"@type\":\"ReadAction\",\"target\":[\"https:\/\/proventuss.eu\/cs\/produkt\/siderise-mi\/\"]}]},{\"@type\":\"ImageObject\",\"inLanguage\":\"cs\",\"@id\":\"https:\/\/proventuss.eu\/cs\/produkt\/siderise-mi\/#primaryimage\",\"url\":\"https:\/\/proventuss.eu\/wp-content\/uploads\/2022\/04\/Siderise-Mi-akustyczne.jpg\",\"contentUrl\":\"https:\/\/proventuss.eu\/wp-content\/uploads\/2022\/04\/Siderise-Mi-akustyczne.jpg\",\"width\":224,\"height\":224},{\"@type\":\"BreadcrumbList\",\"@id\":\"https:\/\/proventuss.eu\/cs\/produkt\/siderise-mi\/#breadcrumb\",\"itemListElement\":[{\"@type\":\"ListItem\",\"position\":1,\"name\":\"Home\",\"item\":\"https:\/\/proventuss.eu\/\"},{\"@type\":\"ListItem\",\"position\":2,\"name\":\"Produkty\",\"item\":\"https:\/\/proventuss.eu\/produkty\/\"},{\"@type\":\"ListItem\",\"position\":3,\"name\":\"SIDERISE MI\"}]},{\"@type\":\"WebSite\",\"@id\":\"https:\/\/proventuss.eu\/#website\",\"url\":\"https:\/\/proventuss.eu\/\",\"name\":\"Proventuss\",\"description\":\"\",\"potentialAction\":[{\"@type\":\"SearchAction\",\"target\":{\"@type\":\"EntryPoint\",\"urlTemplate\":\"https:\/\/proventuss.eu\/?s={search_term_string}\"},\"query-input\":\"required name=search_term_string\"}],\"inLanguage\":\"cs\"}]}<\/script>\n<!-- \/ Yoast SEO plugin. -->","yoast_head_json":{"title":"SIDERISE MI - Proventuss","robots":{"index":"index","follow":"follow","max-snippet":"max-snippet:-1","max-image-preview":"max-image-preview:large","max-video-preview":"max-video-preview:-1"},"canonical":"https:\/\/proventuss.eu\/cs\/produkt\/siderise-mi\/","og_locale":"cs_CZ","og_type":"article","og_title":"SIDERISE MI - Proventuss","og_description":"SIDERISE v\u00fdpln\u011b sloupk\u016f\/p\u0159\u00ed\u010dek zahrnuj\u00ed portfolio specializovan\u00fdch prvk\u016f ur\u010den\u00fdch pro zlep\u0161en\u00ed protihlukov\u00fdch izola\u010dn\u00edch vlastnost\u00ed lehk\u00fdch fas\u00e1d nebo zasklen\u00fdch ploch s dut\u00fdmi r\u00e1my. V\u00ddHODY: \u2022 a\u017d 41dB Rw \u2018skrz\u2019 r\u00e1m na 50 mm sloupek \u2022 Snadn\u00e1 instalace \u2022 \u0160irok\u00e9 spektrum z\u00e1kladn\u00edch materi\u00e1l\u016f \u2022 Rozm\u011bry a tvary na zak\u00e1zku Zat\u00edmco v\u00fdpln\u011b mohou b\u00fdt pou\u017eity pro zlep\u0161en\u00ed vlastnost\u00ed p\u0159enosu [&hellip;]","og_url":"https:\/\/proventuss.eu\/cs\/produkt\/siderise-mi\/","og_site_name":"Proventuss","og_image":[{"width":224,"height":224,"url":"https:\/\/proventuss.eu\/wp-content\/uploads\/2022\/04\/Siderise-Mi-akustyczne.jpg","type":"image\/jpeg"}],"twitter_card":"summary_large_image","twitter_misc":{"Odhadovan\u00e1 doba \u010dten\u00ed":"1 minuta"},"schema":{"@context":"https:\/\/schema.org","@graph":[{"@type":"WebPage","@id":"https:\/\/proventuss.eu\/cs\/produkt\/siderise-mi\/","url":"https:\/\/proventuss.eu\/cs\/produkt\/siderise-mi\/","name":"SIDERISE MI - Proventuss","isPartOf":{"@id":"https:\/\/proventuss.eu\/#website"},"primaryImageOfPage":{"@id":"https:\/\/proventuss.eu\/cs\/produkt\/siderise-mi\/#primaryimage"},"image":{"@id":"https:\/\/proventuss.eu\/cs\/produkt\/siderise-mi\/#primaryimage"},"thumbnailUrl":"https:\/\/proventuss.eu\/wp-content\/uploads\/2022\/04\/Siderise-Mi-akustyczne.jpg","datePublished":"2022-04-26T10:04:59+00:00","dateModified":"2022-04-26T10:04:59+00:00","breadcrumb":{"@id":"https:\/\/proventuss.eu\/cs\/produkt\/siderise-mi\/#breadcrumb"},"inLanguage":"cs","potentialAction":[{"@type":"ReadAction","target":["https:\/\/proventuss.eu\/cs\/produkt\/siderise-mi\/"]}]},{"@type":"ImageObject","inLanguage":"cs","@id":"https:\/\/proventuss.eu\/cs\/produkt\/siderise-mi\/#primaryimage","url":"https:\/\/proventuss.eu\/wp-content\/uploads\/2022\/04\/Siderise-Mi-akustyczne.jpg","contentUrl":"https:\/\/proventuss.eu\/wp-content\/uploads\/2022\/04\/Siderise-Mi-akustyczne.jpg","width":224,"height":224},{"@type":"BreadcrumbList","@id":"https:\/\/proventuss.eu\/cs\/produkt\/siderise-mi\/#breadcrumb","itemListElement":[{"@type":"ListItem","position":1,"name":"Home","item":"https:\/\/proventuss.eu\/"},{"@type":"ListItem","position":2,"name":"Produkty","item":"https:\/\/proventuss.eu\/produkty\/"},{"@type":"ListItem","position":3,"name":"SIDERISE MI"}]},{"@type":"WebSite","@id":"https:\/\/proventuss.eu\/#website","url":"https:\/\/proventuss.eu\/","name":"Proventuss","description":"","potentialAction":[{"@type":"SearchAction","target":{"@type":"EntryPoint","urlTemplate":"https:\/\/proventuss.eu\/?s={search_term_string}"},"query-input":"required name=search_term_string"}],"inLanguage":"cs"}]}},"_links":{"self":[{"href":"https:\/\/proventuss.eu\/cs\/wp-json\/wp\/v2\/product\/6538"}],"collection":[{"href":"https:\/\/proventuss.eu\/cs\/wp-json\/wp\/v2\/product"}],"about":[{"href":"https:\/\/proventuss.eu\/cs\/wp-json\/wp\/v2\/types\/product"}],"replies":[{"embeddable":true,"href":"https:\/\/proventuss.eu\/cs\/wp-json\/wp\/v2\/comments?post=6538"}],"wp:featuredmedia":[{"embeddable":true,"href":"https:\/\/proventuss.eu\/cs\/wp-json\/wp\/v2\/media\/4932"}],"wp:attachment":[{"href":"https:\/\/proventuss.eu\/cs\/wp-json\/wp\/v2\/media?parent=6538"}],"wp:term":[{"taxonomy":"product_cat","embeddable":true,"href":"https:\/\/proventuss.eu\/cs\/wp-json\/wp\/v2\/product_cat?post=6538"},{"taxonomy":"product_tag","embeddable":true,"href":"https:\/\/proventuss.eu\/cs\/wp-json\/wp\/v2\/product_tag?post=6538"}],"curies":[{"name":"wp","href":"https:\/\/api.w.org\/{rel}","templated":true}]}}