{"id":6537,"date":"2022-04-26T09:55:42","date_gmt":"2022-04-26T09:55:42","guid":{"rendered":"https:\/\/proventuss.eu\/produkt\/siderise-osci\/"},"modified":"2022-04-26T09:55:42","modified_gmt":"2022-04-26T09:55:42","slug":"siderise-osci","status":"publish","type":"product","link":"https:\/\/proventuss.eu\/cs\/produkt\/siderise-osci\/","title":{"rendered":"SIDERISE OSCI"},"content":{"rendered":"<p>OSCI lze pou\u017e\u00edt vodorovn\u011b nebo svisle jako sou\u010d\u00e1st syst\u00e9mu obklad\u016f, aplikov\u00e1n p\u0159\u00edmo na vnit\u0159n\u00ed povrch kazetov\u00fdch panel\u016f pro ustadn\u011bn\u00ed instalace a dokon\u010den\u00ed p\u0159ilehl\u00fdch izolac\u00ed dutin a\/nebo zaji\u0161t\u011bn\u00ed toho, aby ventila\u010dn\u00ed mezery m\u011bly rozm\u011bry v p\u0159\u00edpustn\u00fdch limitech.<\/p>\n<p><strong>V\u00ddHODY:<\/strong><br \/>\n\u2022 Testov\u00e1no v mnoha syst\u00e9mov\u00fdch testech dle BS 8414 &amp; NFPA 285<br \/>\n\u2022 M\u016f\u017ee b\u00fdt pou\u017eit v kombinaci s bu\u010f RH25 nebo RH50 (vodorovn\u00fdmi) nebo RV (svisl\u00fdmi)izolacemi dutin<br \/>\n\u2022 \u0160irok\u00e9 spektrum tlou\u0161t\u011bk a \u0161\u00ed\u0159ek pro p\u0159izp\u016fsoben\u00ed mnoha obkladov\u00fdm syst\u00e9mu kazetov\u00fdch panel\u016f<br \/>\n\u2022 Klasifikov\u00e1no A2-s1, d0 dle EN 13501-1.<\/p>\n<p>OSCI jsou um\u00eds\u0165ovany rovnob\u011b\u017en\u011b a srovn\u00e1ny na st\u0159ed SIDERISE \u2018RH\u2019 nebo \u2018RV\u2019 Izolac\u00ed dutin, dle specifikac\u00ed mont\u00e1\u017ee obkladov\u00fdch syst\u00e9m\u016f. Typicky je pot\u0159eba uv\u00e1\u017eit specifikaci a konfiguraci obkladov\u00fdch panel\u016f, um\u00edst\u011bn\u00ed podp\u016frn\u00fdch profil\u016f nebo podobn\u00fdch struktur a\/nebo zav\u011b\u0161en\u00ed nebo podep\u0159en\u00ed panel\u016f.<\/p>\n","protected":false},"excerpt":{"rendered":"<p>OSCI lze pou\u017e\u00edt vodorovn\u011b nebo svisle jako sou\u010d\u00e1st syst\u00e9mu obklad\u016f, aplikov\u00e1n p\u0159\u00edmo na vnit\u0159n\u00ed povrch kazetov\u00fdch panel\u016f pro ustadn\u011bn\u00ed instalace a dokon\u010den\u00ed p\u0159ilehl\u00fdch izolac\u00ed dutin a\/nebo zaji\u0161t\u011bn\u00ed toho, aby ventila\u010dn\u00ed mezery m\u011bly rozm\u011bry v p\u0159\u00edpustn\u00fdch limitech. V\u00ddHODY: \u2022 Testov\u00e1no v mnoha syst\u00e9mov\u00fdch testech dle BS 8414 &amp; NFPA 285 \u2022 M\u016f\u017ee b\u00fdt pou\u017eit v kombinaci [&hellip;]<\/p>\n","protected":false},"featured_media":6062,"comment_status":"open","ping_status":"closed","template":"","meta":{"_acf_changed":false},"product_cat":[320],"product_tag":[],"acf":[],"yoast_head":"<!-- This site is optimized with the Yoast SEO plugin v22.9 - https:\/\/yoast.com\/wordpress\/plugins\/seo\/ -->\n<title>SIDERISE OSCI - Proventuss<\/title>\n<meta name=\"robots\" content=\"index, follow, max-snippet:-1, max-image-preview:large, max-video-preview:-1\" \/>\n<link rel=\"canonical\" href=\"https:\/\/proventuss.eu\/cs\/produkt\/siderise-osci\/\" \/>\n<meta property=\"og:locale\" content=\"cs_CZ\" \/>\n<meta property=\"og:type\" content=\"article\" \/>\n<meta property=\"og:title\" content=\"SIDERISE OSCI - Proventuss\" \/>\n<meta property=\"og:description\" content=\"OSCI lze pou\u017e\u00edt vodorovn\u011b nebo svisle jako sou\u010d\u00e1st syst\u00e9mu obklad\u016f, aplikov\u00e1n p\u0159\u00edmo na vnit\u0159n\u00ed povrch kazetov\u00fdch panel\u016f pro ustadn\u011bn\u00ed instalace a dokon\u010den\u00ed p\u0159ilehl\u00fdch izolac\u00ed dutin a\/nebo zaji\u0161t\u011bn\u00ed toho, aby ventila\u010dn\u00ed mezery m\u011bly rozm\u011bry v p\u0159\u00edpustn\u00fdch limitech. V\u00ddHODY: \u2022 Testov\u00e1no v mnoha syst\u00e9mov\u00fdch testech dle BS 8414 &amp; NFPA 285 \u2022 M\u016f\u017ee b\u00fdt pou\u017eit v kombinaci [&hellip;]\" \/>\n<meta property=\"og:url\" content=\"https:\/\/proventuss.eu\/cs\/produkt\/siderise-osci\/\" \/>\n<meta property=\"og:site_name\" content=\"Proventuss\" \/>\n<meta property=\"og:image\" content=\"https:\/\/proventuss.eu\/wp-content\/uploads\/2022\/04\/OSCI.jpg\" \/>\n\t<meta property=\"og:image:width\" content=\"756\" \/>\n\t<meta property=\"og:image:height\" content=\"756\" \/>\n\t<meta property=\"og:image:type\" content=\"image\/jpeg\" \/>\n<meta name=\"twitter:card\" content=\"summary_large_image\" \/>\n<meta name=\"twitter:label1\" content=\"Odhadovan\u00e1 doba \u010dten\u00ed\" \/>\n\t<meta name=\"twitter:data1\" content=\"1 minuta\" \/>\n<script type=\"application\/ld+json\" class=\"yoast-schema-graph\">{\"@context\":\"https:\/\/schema.org\",\"@graph\":[{\"@type\":\"WebPage\",\"@id\":\"https:\/\/proventuss.eu\/cs\/produkt\/siderise-osci\/\",\"url\":\"https:\/\/proventuss.eu\/cs\/produkt\/siderise-osci\/\",\"name\":\"SIDERISE OSCI - Proventuss\",\"isPartOf\":{\"@id\":\"https:\/\/proventuss.eu\/#website\"},\"primaryImageOfPage\":{\"@id\":\"https:\/\/proventuss.eu\/cs\/produkt\/siderise-osci\/#primaryimage\"},\"image\":{\"@id\":\"https:\/\/proventuss.eu\/cs\/produkt\/siderise-osci\/#primaryimage\"},\"thumbnailUrl\":\"https:\/\/proventuss.eu\/wp-content\/uploads\/2022\/04\/OSCI.jpg\",\"datePublished\":\"2022-04-26T09:55:42+00:00\",\"dateModified\":\"2022-04-26T09:55:42+00:00\",\"breadcrumb\":{\"@id\":\"https:\/\/proventuss.eu\/cs\/produkt\/siderise-osci\/#breadcrumb\"},\"inLanguage\":\"cs\",\"potentialAction\":[{\"@type\":\"ReadAction\",\"target\":[\"https:\/\/proventuss.eu\/cs\/produkt\/siderise-osci\/\"]}]},{\"@type\":\"ImageObject\",\"inLanguage\":\"cs\",\"@id\":\"https:\/\/proventuss.eu\/cs\/produkt\/siderise-osci\/#primaryimage\",\"url\":\"https:\/\/proventuss.eu\/wp-content\/uploads\/2022\/04\/OSCI.jpg\",\"contentUrl\":\"https:\/\/proventuss.eu\/wp-content\/uploads\/2022\/04\/OSCI.jpg\",\"width\":756,\"height\":756},{\"@type\":\"BreadcrumbList\",\"@id\":\"https:\/\/proventuss.eu\/cs\/produkt\/siderise-osci\/#breadcrumb\",\"itemListElement\":[{\"@type\":\"ListItem\",\"position\":1,\"name\":\"Home\",\"item\":\"https:\/\/proventuss.eu\/\"},{\"@type\":\"ListItem\",\"position\":2,\"name\":\"Produkty\",\"item\":\"https:\/\/proventuss.eu\/produkty\/\"},{\"@type\":\"ListItem\",\"position\":3,\"name\":\"SIDERISE OSCI\"}]},{\"@type\":\"WebSite\",\"@id\":\"https:\/\/proventuss.eu\/#website\",\"url\":\"https:\/\/proventuss.eu\/\",\"name\":\"Proventuss\",\"description\":\"\",\"potentialAction\":[{\"@type\":\"SearchAction\",\"target\":{\"@type\":\"EntryPoint\",\"urlTemplate\":\"https:\/\/proventuss.eu\/?s={search_term_string}\"},\"query-input\":\"required name=search_term_string\"}],\"inLanguage\":\"cs\"}]}<\/script>\n<!-- \/ Yoast SEO plugin. -->","yoast_head_json":{"title":"SIDERISE OSCI - Proventuss","robots":{"index":"index","follow":"follow","max-snippet":"max-snippet:-1","max-image-preview":"max-image-preview:large","max-video-preview":"max-video-preview:-1"},"canonical":"https:\/\/proventuss.eu\/cs\/produkt\/siderise-osci\/","og_locale":"cs_CZ","og_type":"article","og_title":"SIDERISE OSCI - Proventuss","og_description":"OSCI lze pou\u017e\u00edt vodorovn\u011b nebo svisle jako sou\u010d\u00e1st syst\u00e9mu obklad\u016f, aplikov\u00e1n p\u0159\u00edmo na vnit\u0159n\u00ed povrch kazetov\u00fdch panel\u016f pro ustadn\u011bn\u00ed instalace a dokon\u010den\u00ed p\u0159ilehl\u00fdch izolac\u00ed dutin a\/nebo zaji\u0161t\u011bn\u00ed toho, aby ventila\u010dn\u00ed mezery m\u011bly rozm\u011bry v p\u0159\u00edpustn\u00fdch limitech. V\u00ddHODY: \u2022 Testov\u00e1no v mnoha syst\u00e9mov\u00fdch testech dle BS 8414 &amp; NFPA 285 \u2022 M\u016f\u017ee b\u00fdt pou\u017eit v kombinaci [&hellip;]","og_url":"https:\/\/proventuss.eu\/cs\/produkt\/siderise-osci\/","og_site_name":"Proventuss","og_image":[{"width":756,"height":756,"url":"https:\/\/proventuss.eu\/wp-content\/uploads\/2022\/04\/OSCI.jpg","type":"image\/jpeg"}],"twitter_card":"summary_large_image","twitter_misc":{"Odhadovan\u00e1 doba \u010dten\u00ed":"1 minuta"},"schema":{"@context":"https:\/\/schema.org","@graph":[{"@type":"WebPage","@id":"https:\/\/proventuss.eu\/cs\/produkt\/siderise-osci\/","url":"https:\/\/proventuss.eu\/cs\/produkt\/siderise-osci\/","name":"SIDERISE OSCI - Proventuss","isPartOf":{"@id":"https:\/\/proventuss.eu\/#website"},"primaryImageOfPage":{"@id":"https:\/\/proventuss.eu\/cs\/produkt\/siderise-osci\/#primaryimage"},"image":{"@id":"https:\/\/proventuss.eu\/cs\/produkt\/siderise-osci\/#primaryimage"},"thumbnailUrl":"https:\/\/proventuss.eu\/wp-content\/uploads\/2022\/04\/OSCI.jpg","datePublished":"2022-04-26T09:55:42+00:00","dateModified":"2022-04-26T09:55:42+00:00","breadcrumb":{"@id":"https:\/\/proventuss.eu\/cs\/produkt\/siderise-osci\/#breadcrumb"},"inLanguage":"cs","potentialAction":[{"@type":"ReadAction","target":["https:\/\/proventuss.eu\/cs\/produkt\/siderise-osci\/"]}]},{"@type":"ImageObject","inLanguage":"cs","@id":"https:\/\/proventuss.eu\/cs\/produkt\/siderise-osci\/#primaryimage","url":"https:\/\/proventuss.eu\/wp-content\/uploads\/2022\/04\/OSCI.jpg","contentUrl":"https:\/\/proventuss.eu\/wp-content\/uploads\/2022\/04\/OSCI.jpg","width":756,"height":756},{"@type":"BreadcrumbList","@id":"https:\/\/proventuss.eu\/cs\/produkt\/siderise-osci\/#breadcrumb","itemListElement":[{"@type":"ListItem","position":1,"name":"Home","item":"https:\/\/proventuss.eu\/"},{"@type":"ListItem","position":2,"name":"Produkty","item":"https:\/\/proventuss.eu\/produkty\/"},{"@type":"ListItem","position":3,"name":"SIDERISE OSCI"}]},{"@type":"WebSite","@id":"https:\/\/proventuss.eu\/#website","url":"https:\/\/proventuss.eu\/","name":"Proventuss","description":"","potentialAction":[{"@type":"SearchAction","target":{"@type":"EntryPoint","urlTemplate":"https:\/\/proventuss.eu\/?s={search_term_string}"},"query-input":"required name=search_term_string"}],"inLanguage":"cs"}]}},"_links":{"self":[{"href":"https:\/\/proventuss.eu\/cs\/wp-json\/wp\/v2\/product\/6537"}],"collection":[{"href":"https:\/\/proventuss.eu\/cs\/wp-json\/wp\/v2\/product"}],"about":[{"href":"https:\/\/proventuss.eu\/cs\/wp-json\/wp\/v2\/types\/product"}],"replies":[{"embeddable":true,"href":"https:\/\/proventuss.eu\/cs\/wp-json\/wp\/v2\/comments?post=6537"}],"wp:featuredmedia":[{"embeddable":true,"href":"https:\/\/proventuss.eu\/cs\/wp-json\/wp\/v2\/media\/6062"}],"wp:attachment":[{"href":"https:\/\/proventuss.eu\/cs\/wp-json\/wp\/v2\/media?parent=6537"}],"wp:term":[{"taxonomy":"product_cat","embeddable":true,"href":"https:\/\/proventuss.eu\/cs\/wp-json\/wp\/v2\/product_cat?post=6537"},{"taxonomy":"product_tag","embeddable":true,"href":"https:\/\/proventuss.eu\/cs\/wp-json\/wp\/v2\/product_tag?post=6537"}],"curies":[{"name":"wp","href":"https:\/\/api.w.org\/{rel}","templated":true}]}}