{"id":6535,"date":"2022-04-26T09:52:19","date_gmt":"2022-04-26T09:52:19","guid":{"rendered":"https:\/\/proventuss.eu\/produkt\/siderise-rv\/"},"modified":"2022-04-26T09:52:19","modified_gmt":"2022-04-26T09:52:19","slug":"siderise-rv","status":"publish","type":"product","link":"https:\/\/proventuss.eu\/cs\/produkt\/siderise-rv\/","title":{"rendered":"SIDERISE RV"},"content":{"rendered":"<p>Pou\u017e\u00edv\u00e1 se v obvodov\u00fdch pl\u00e1\u0161t\u00edch budov pro zaji\u0161t\u011bn\u00ed voln\u00e9ho odtoku vody, p\u0159i\u010dem\u017e udr\u017euj\u00ed voln\u00e9 proud\u011bn\u00ed vzduchu a efektivn\u00ed ut\u011bsn\u011bn\u00ed hork\u00e9ho kou\u0159e a ohn\u011b.<\/p>\n<p><strong>V\u00ddHODY:<\/strong><br \/>\n\u2022 Umo\u017e\u0148uje pr\u016fb\u011b\u017enou ventilaci a odtok vody za obklady<br \/>\n\u2022 A\u017e 120 minut soudr\u017enosti v ohni<br \/>\n\u2022 Testov\u00e1no dle ASFP \u2018Test na po\u017e\u00e1rn\u00ed odolnost ochrany otev\u0159en\u00fdch dutin\u2019 za pou\u017eit\u00ed BS EN 1363-1 a pravidel BS EN 1366-4<br \/>\n\u2022 Vhodn\u00e9 pro svisl\u00e9 konstrukce (pln\u00e9 ut\u011bsn\u011bn\u00ed)<br \/>\n\u2022 Schv\u00e1leno t\u0159et\u00edmi stranami<\/p>\n<p>SIDERISE RV svisl\u00e1 izolace dutin je pou\u017e\u00edv\u00e1na pro vypln\u011bn\u00ed mezer mezi extern\u00edm pl\u00e1\u0161t\u011bm a vnit\u0159n\u00ed konstrukc\u00ed. Syst\u00e9m nab\u00edz\u00ed skv\u011blou odolnost p\u0159ed pr\u016fchodem jak kou\u0159e, tak ohn\u011b. Nav\u00edc, pln\u00fdm ut\u011bsn\u011bn\u00edm mezer pom\u00e1h\u00e1 prov\u011btr\u00e1van\u00fdm fas\u00e1d\u00e1m udr\u017eet odd\u011blen\u00ed p\u0159etlaku vzduchu. Je d\u016fle\u017eit\u00e9, \u017ee unik\u00e1tn\u00ed konstrukce j\u00e1dra z lamel z<br \/>\nminer\u00e1ln\u00ed vlny umo\u017e\u0148uje svisl\u00e9 izolaci pohltit pracovn\u00ed pohyby obvykle spojen\u00e9 s vn\u011bj\u0161\u00edmi fas\u00e1dami. SIDERISE\u00ae RV jsou prvn\u00edmi certifikovan\u00fdmi izolacemi dutin dle ewcl5 pro fas\u00e1dy s otev\u0159en\u00fdmi dutinami.<\/p>\n","protected":false},"excerpt":{"rendered":"<p>Pou\u017e\u00edv\u00e1 se v obvodov\u00fdch pl\u00e1\u0161t\u00edch budov pro zaji\u0161t\u011bn\u00ed voln\u00e9ho odtoku vody, p\u0159i\u010dem\u017e udr\u017euj\u00ed voln\u00e9 proud\u011bn\u00ed vzduchu a efektivn\u00ed ut\u011bsn\u011bn\u00ed hork\u00e9ho kou\u0159e a ohn\u011b. V\u00ddHODY: \u2022 Umo\u017e\u0148uje pr\u016fb\u011b\u017enou ventilaci a odtok vody za obklady \u2022 A\u017e 120 minut soudr\u017enosti v ohni \u2022 Testov\u00e1no dle ASFP \u2018Test na po\u017e\u00e1rn\u00ed odolnost ochrany otev\u0159en\u00fdch dutin\u2019 za pou\u017eit\u00ed BS EN [&hellip;]<\/p>\n","protected":false},"featured_media":6068,"comment_status":"open","ping_status":"closed","template":"","meta":{"_acf_changed":false},"product_cat":[320],"product_tag":[],"acf":[],"yoast_head":"<!-- This site is optimized with the Yoast SEO plugin v22.9 - https:\/\/yoast.com\/wordpress\/plugins\/seo\/ -->\n<title>SIDERISE RV - Proventuss<\/title>\n<meta name=\"robots\" content=\"index, follow, max-snippet:-1, max-image-preview:large, max-video-preview:-1\" \/>\n<link rel=\"canonical\" href=\"https:\/\/proventuss.eu\/cs\/produkt\/siderise-rv\/\" \/>\n<meta property=\"og:locale\" content=\"cs_CZ\" \/>\n<meta property=\"og:type\" content=\"article\" \/>\n<meta property=\"og:title\" content=\"SIDERISE RV - Proventuss\" \/>\n<meta property=\"og:description\" content=\"Pou\u017e\u00edv\u00e1 se v obvodov\u00fdch pl\u00e1\u0161t\u00edch budov pro zaji\u0161t\u011bn\u00ed voln\u00e9ho odtoku vody, p\u0159i\u010dem\u017e udr\u017euj\u00ed voln\u00e9 proud\u011bn\u00ed vzduchu a efektivn\u00ed ut\u011bsn\u011bn\u00ed hork\u00e9ho kou\u0159e a ohn\u011b. V\u00ddHODY: \u2022 Umo\u017e\u0148uje pr\u016fb\u011b\u017enou ventilaci a odtok vody za obklady \u2022 A\u017e 120 minut soudr\u017enosti v ohni \u2022 Testov\u00e1no dle ASFP \u2018Test na po\u017e\u00e1rn\u00ed odolnost ochrany otev\u0159en\u00fdch dutin\u2019 za pou\u017eit\u00ed BS EN [&hellip;]\" \/>\n<meta property=\"og:url\" content=\"https:\/\/proventuss.eu\/cs\/produkt\/siderise-rv\/\" \/>\n<meta property=\"og:site_name\" content=\"Proventuss\" \/>\n<meta property=\"og:image\" content=\"https:\/\/proventuss.eu\/wp-content\/uploads\/2022\/04\/RV.jpg\" \/>\n\t<meta property=\"og:image:width\" content=\"756\" \/>\n\t<meta property=\"og:image:height\" content=\"756\" \/>\n\t<meta property=\"og:image:type\" content=\"image\/jpeg\" \/>\n<meta name=\"twitter:card\" content=\"summary_large_image\" \/>\n<meta name=\"twitter:label1\" content=\"Odhadovan\u00e1 doba \u010dten\u00ed\" \/>\n\t<meta name=\"twitter:data1\" content=\"1 minuta\" \/>\n<script type=\"application\/ld+json\" class=\"yoast-schema-graph\">{\"@context\":\"https:\/\/schema.org\",\"@graph\":[{\"@type\":\"WebPage\",\"@id\":\"https:\/\/proventuss.eu\/cs\/produkt\/siderise-rv\/\",\"url\":\"https:\/\/proventuss.eu\/cs\/produkt\/siderise-rv\/\",\"name\":\"SIDERISE RV - Proventuss\",\"isPartOf\":{\"@id\":\"https:\/\/proventuss.eu\/#website\"},\"primaryImageOfPage\":{\"@id\":\"https:\/\/proventuss.eu\/cs\/produkt\/siderise-rv\/#primaryimage\"},\"image\":{\"@id\":\"https:\/\/proventuss.eu\/cs\/produkt\/siderise-rv\/#primaryimage\"},\"thumbnailUrl\":\"https:\/\/proventuss.eu\/wp-content\/uploads\/2022\/04\/RV.jpg\",\"datePublished\":\"2022-04-26T09:52:19+00:00\",\"dateModified\":\"2022-04-26T09:52:19+00:00\",\"breadcrumb\":{\"@id\":\"https:\/\/proventuss.eu\/cs\/produkt\/siderise-rv\/#breadcrumb\"},\"inLanguage\":\"cs\",\"potentialAction\":[{\"@type\":\"ReadAction\",\"target\":[\"https:\/\/proventuss.eu\/cs\/produkt\/siderise-rv\/\"]}]},{\"@type\":\"ImageObject\",\"inLanguage\":\"cs\",\"@id\":\"https:\/\/proventuss.eu\/cs\/produkt\/siderise-rv\/#primaryimage\",\"url\":\"https:\/\/proventuss.eu\/wp-content\/uploads\/2022\/04\/RV.jpg\",\"contentUrl\":\"https:\/\/proventuss.eu\/wp-content\/uploads\/2022\/04\/RV.jpg\",\"width\":756,\"height\":756},{\"@type\":\"BreadcrumbList\",\"@id\":\"https:\/\/proventuss.eu\/cs\/produkt\/siderise-rv\/#breadcrumb\",\"itemListElement\":[{\"@type\":\"ListItem\",\"position\":1,\"name\":\"Home\",\"item\":\"https:\/\/proventuss.eu\/\"},{\"@type\":\"ListItem\",\"position\":2,\"name\":\"Produkty\",\"item\":\"https:\/\/proventuss.eu\/produkty\/\"},{\"@type\":\"ListItem\",\"position\":3,\"name\":\"SIDERISE RV\"}]},{\"@type\":\"WebSite\",\"@id\":\"https:\/\/proventuss.eu\/#website\",\"url\":\"https:\/\/proventuss.eu\/\",\"name\":\"Proventuss\",\"description\":\"\",\"potentialAction\":[{\"@type\":\"SearchAction\",\"target\":{\"@type\":\"EntryPoint\",\"urlTemplate\":\"https:\/\/proventuss.eu\/?s={search_term_string}\"},\"query-input\":\"required name=search_term_string\"}],\"inLanguage\":\"cs\"}]}<\/script>\n<!-- \/ Yoast SEO plugin. -->","yoast_head_json":{"title":"SIDERISE RV - Proventuss","robots":{"index":"index","follow":"follow","max-snippet":"max-snippet:-1","max-image-preview":"max-image-preview:large","max-video-preview":"max-video-preview:-1"},"canonical":"https:\/\/proventuss.eu\/cs\/produkt\/siderise-rv\/","og_locale":"cs_CZ","og_type":"article","og_title":"SIDERISE RV - Proventuss","og_description":"Pou\u017e\u00edv\u00e1 se v obvodov\u00fdch pl\u00e1\u0161t\u00edch budov pro zaji\u0161t\u011bn\u00ed voln\u00e9ho odtoku vody, p\u0159i\u010dem\u017e udr\u017euj\u00ed voln\u00e9 proud\u011bn\u00ed vzduchu a efektivn\u00ed ut\u011bsn\u011bn\u00ed hork\u00e9ho kou\u0159e a ohn\u011b. V\u00ddHODY: \u2022 Umo\u017e\u0148uje pr\u016fb\u011b\u017enou ventilaci a odtok vody za obklady \u2022 A\u017e 120 minut soudr\u017enosti v ohni \u2022 Testov\u00e1no dle ASFP \u2018Test na po\u017e\u00e1rn\u00ed odolnost ochrany otev\u0159en\u00fdch dutin\u2019 za pou\u017eit\u00ed BS EN [&hellip;]","og_url":"https:\/\/proventuss.eu\/cs\/produkt\/siderise-rv\/","og_site_name":"Proventuss","og_image":[{"width":756,"height":756,"url":"https:\/\/proventuss.eu\/wp-content\/uploads\/2022\/04\/RV.jpg","type":"image\/jpeg"}],"twitter_card":"summary_large_image","twitter_misc":{"Odhadovan\u00e1 doba \u010dten\u00ed":"1 minuta"},"schema":{"@context":"https:\/\/schema.org","@graph":[{"@type":"WebPage","@id":"https:\/\/proventuss.eu\/cs\/produkt\/siderise-rv\/","url":"https:\/\/proventuss.eu\/cs\/produkt\/siderise-rv\/","name":"SIDERISE RV - Proventuss","isPartOf":{"@id":"https:\/\/proventuss.eu\/#website"},"primaryImageOfPage":{"@id":"https:\/\/proventuss.eu\/cs\/produkt\/siderise-rv\/#primaryimage"},"image":{"@id":"https:\/\/proventuss.eu\/cs\/produkt\/siderise-rv\/#primaryimage"},"thumbnailUrl":"https:\/\/proventuss.eu\/wp-content\/uploads\/2022\/04\/RV.jpg","datePublished":"2022-04-26T09:52:19+00:00","dateModified":"2022-04-26T09:52:19+00:00","breadcrumb":{"@id":"https:\/\/proventuss.eu\/cs\/produkt\/siderise-rv\/#breadcrumb"},"inLanguage":"cs","potentialAction":[{"@type":"ReadAction","target":["https:\/\/proventuss.eu\/cs\/produkt\/siderise-rv\/"]}]},{"@type":"ImageObject","inLanguage":"cs","@id":"https:\/\/proventuss.eu\/cs\/produkt\/siderise-rv\/#primaryimage","url":"https:\/\/proventuss.eu\/wp-content\/uploads\/2022\/04\/RV.jpg","contentUrl":"https:\/\/proventuss.eu\/wp-content\/uploads\/2022\/04\/RV.jpg","width":756,"height":756},{"@type":"BreadcrumbList","@id":"https:\/\/proventuss.eu\/cs\/produkt\/siderise-rv\/#breadcrumb","itemListElement":[{"@type":"ListItem","position":1,"name":"Home","item":"https:\/\/proventuss.eu\/"},{"@type":"ListItem","position":2,"name":"Produkty","item":"https:\/\/proventuss.eu\/produkty\/"},{"@type":"ListItem","position":3,"name":"SIDERISE RV"}]},{"@type":"WebSite","@id":"https:\/\/proventuss.eu\/#website","url":"https:\/\/proventuss.eu\/","name":"Proventuss","description":"","potentialAction":[{"@type":"SearchAction","target":{"@type":"EntryPoint","urlTemplate":"https:\/\/proventuss.eu\/?s={search_term_string}"},"query-input":"required name=search_term_string"}],"inLanguage":"cs"}]}},"_links":{"self":[{"href":"https:\/\/proventuss.eu\/cs\/wp-json\/wp\/v2\/product\/6535"}],"collection":[{"href":"https:\/\/proventuss.eu\/cs\/wp-json\/wp\/v2\/product"}],"about":[{"href":"https:\/\/proventuss.eu\/cs\/wp-json\/wp\/v2\/types\/product"}],"replies":[{"embeddable":true,"href":"https:\/\/proventuss.eu\/cs\/wp-json\/wp\/v2\/comments?post=6535"}],"wp:featuredmedia":[{"embeddable":true,"href":"https:\/\/proventuss.eu\/cs\/wp-json\/wp\/v2\/media\/6068"}],"wp:attachment":[{"href":"https:\/\/proventuss.eu\/cs\/wp-json\/wp\/v2\/media?parent=6535"}],"wp:term":[{"taxonomy":"product_cat","embeddable":true,"href":"https:\/\/proventuss.eu\/cs\/wp-json\/wp\/v2\/product_cat?post=6535"},{"taxonomy":"product_tag","embeddable":true,"href":"https:\/\/proventuss.eu\/cs\/wp-json\/wp\/v2\/product_tag?post=6535"}],"curies":[{"name":"wp","href":"https:\/\/api.w.org\/{rel}","templated":true}]}}