{"id":6534,"date":"2022-04-26T09:51:00","date_gmt":"2022-04-26T09:51:00","guid":{"rendered":"https:\/\/proventuss.eu\/produkt\/siderise-ch\/"},"modified":"2022-04-26T09:51:00","modified_gmt":"2022-04-26T09:51:00","slug":"siderise-ch","status":"publish","type":"product","link":"https:\/\/proventuss.eu\/cs\/produkt\/siderise-ch\/","title":{"rendered":"SIDERISE CH"},"content":{"rendered":"<p>Pou\u017e\u00edv\u00e1 se v obvodov\u00e9m pl\u00e1\u0161ti budov pro poskytnut\u00ed pru\u017en\u00e9 a ov\u011b\u0159en\u00e9 protipo\u017e\u00e1rn\u00ed<br \/>\nodolnosti. Testov\u00e1no dle EN 1366-4 a\u017e do 2 hodin protipo\u017e\u00e1rn\u00ed odolnosti.<\/p>\n<p><strong>V\u00ddHODY:<\/strong><br \/>\n\u2022 Klasifikov\u00e1no \u2018A1\u2019 dle EN 13501-1<br \/>\n\u2022 Testov\u00e1no v \u010detn\u00fdch syst\u00e9mov\u00fdch testech dle BS 8414 a NFPA 285.<\/p>\n<p>Tvo\u0159\u00ed \u201eplnov\u00fdpl\u0148ovou\u201d protipo\u017e\u00e1rn\u00ed bari\u00e9ru pro aplikace extern\u00edch obklad\u016f a bylo testov\u00e1no dle nejnov\u011bj\u0161\u00edch evropsk\u00fdch standard\u016f protipo\u0159\u00e1rn\u00edch test\u016f. Jsou vyr\u00e1b\u011bny unik\u00e1tn\u00edm v\u00fdrobn\u00edm procesem, kter\u00fd p\u0159in\u00e1\u0161\u00ed pru\u017en\u00e9 mechanick\u00e9 vlastnosti, kter\u00e9 jak zvy\u0161uj\u00ed protipo\u017e\u00e1rn\u00ed vlastnosti, tak usnad\u0148uj\u00ed instalaci. Byly nav\u00edc testov\u00e1ny ve spojen\u00ed se svisl\u00fdmi v\u00fdpln\u011bmi dutin jako sou\u010d\u00e1st syst\u00e9mu.<\/p>\n","protected":false},"excerpt":{"rendered":"<p>Pou\u017e\u00edv\u00e1 se v obvodov\u00e9m pl\u00e1\u0161ti budov pro poskytnut\u00ed pru\u017en\u00e9 a ov\u011b\u0159en\u00e9 protipo\u017e\u00e1rn\u00ed odolnosti. Testov\u00e1no dle EN 1366-4 a\u017e do 2 hodin protipo\u017e\u00e1rn\u00ed odolnosti. V\u00ddHODY: \u2022 Klasifikov\u00e1no \u2018A1\u2019 dle EN 13501-1 \u2022 Testov\u00e1no v \u010detn\u00fdch syst\u00e9mov\u00fdch testech dle BS 8414 a NFPA 285. Tvo\u0159\u00ed \u201eplnov\u00fdpl\u0148ovou\u201d protipo\u017e\u00e1rn\u00ed bari\u00e9ru pro aplikace extern\u00edch obklad\u016f a bylo testov\u00e1no dle nejnov\u011bj\u0161\u00edch [&hellip;]<\/p>\n","protected":false},"featured_media":6050,"comment_status":"open","ping_status":"closed","template":"","meta":{"_acf_changed":false},"product_cat":[320],"product_tag":[],"acf":[],"yoast_head":"<!-- This site is optimized with the Yoast SEO plugin v22.9 - https:\/\/yoast.com\/wordpress\/plugins\/seo\/ -->\n<title>SIDERISE CH - Proventuss<\/title>\n<meta name=\"robots\" content=\"index, follow, max-snippet:-1, max-image-preview:large, max-video-preview:-1\" \/>\n<link rel=\"canonical\" href=\"https:\/\/proventuss.eu\/cs\/produkt\/siderise-ch\/\" \/>\n<meta property=\"og:locale\" content=\"cs_CZ\" \/>\n<meta property=\"og:type\" content=\"article\" \/>\n<meta property=\"og:title\" content=\"SIDERISE CH - Proventuss\" \/>\n<meta property=\"og:description\" content=\"Pou\u017e\u00edv\u00e1 se v obvodov\u00e9m pl\u00e1\u0161ti budov pro poskytnut\u00ed pru\u017en\u00e9 a ov\u011b\u0159en\u00e9 protipo\u017e\u00e1rn\u00ed odolnosti. Testov\u00e1no dle EN 1366-4 a\u017e do 2 hodin protipo\u017e\u00e1rn\u00ed odolnosti. V\u00ddHODY: \u2022 Klasifikov\u00e1no \u2018A1\u2019 dle EN 13501-1 \u2022 Testov\u00e1no v \u010detn\u00fdch syst\u00e9mov\u00fdch testech dle BS 8414 a NFPA 285. Tvo\u0159\u00ed \u201eplnov\u00fdpl\u0148ovou\u201d protipo\u017e\u00e1rn\u00ed bari\u00e9ru pro aplikace extern\u00edch obklad\u016f a bylo testov\u00e1no dle nejnov\u011bj\u0161\u00edch [&hellip;]\" \/>\n<meta property=\"og:url\" content=\"https:\/\/proventuss.eu\/cs\/produkt\/siderise-ch\/\" \/>\n<meta property=\"og:site_name\" content=\"Proventuss\" \/>\n<meta property=\"og:image\" content=\"https:\/\/proventuss.eu\/wp-content\/uploads\/2022\/04\/CH.jpg\" \/>\n\t<meta property=\"og:image:width\" content=\"591\" \/>\n\t<meta property=\"og:image:height\" content=\"591\" \/>\n\t<meta property=\"og:image:type\" content=\"image\/jpeg\" \/>\n<meta name=\"twitter:card\" content=\"summary_large_image\" \/>\n<meta name=\"twitter:label1\" content=\"Odhadovan\u00e1 doba \u010dten\u00ed\" \/>\n\t<meta name=\"twitter:data1\" content=\"1 minuta\" \/>\n<script type=\"application\/ld+json\" class=\"yoast-schema-graph\">{\"@context\":\"https:\/\/schema.org\",\"@graph\":[{\"@type\":\"WebPage\",\"@id\":\"https:\/\/proventuss.eu\/cs\/produkt\/siderise-ch\/\",\"url\":\"https:\/\/proventuss.eu\/cs\/produkt\/siderise-ch\/\",\"name\":\"SIDERISE CH - Proventuss\",\"isPartOf\":{\"@id\":\"https:\/\/proventuss.eu\/#website\"},\"primaryImageOfPage\":{\"@id\":\"https:\/\/proventuss.eu\/cs\/produkt\/siderise-ch\/#primaryimage\"},\"image\":{\"@id\":\"https:\/\/proventuss.eu\/cs\/produkt\/siderise-ch\/#primaryimage\"},\"thumbnailUrl\":\"https:\/\/proventuss.eu\/wp-content\/uploads\/2022\/04\/CH.jpg\",\"datePublished\":\"2022-04-26T09:51:00+00:00\",\"dateModified\":\"2022-04-26T09:51:00+00:00\",\"breadcrumb\":{\"@id\":\"https:\/\/proventuss.eu\/cs\/produkt\/siderise-ch\/#breadcrumb\"},\"inLanguage\":\"cs\",\"potentialAction\":[{\"@type\":\"ReadAction\",\"target\":[\"https:\/\/proventuss.eu\/cs\/produkt\/siderise-ch\/\"]}]},{\"@type\":\"ImageObject\",\"inLanguage\":\"cs\",\"@id\":\"https:\/\/proventuss.eu\/cs\/produkt\/siderise-ch\/#primaryimage\",\"url\":\"https:\/\/proventuss.eu\/wp-content\/uploads\/2022\/04\/CH.jpg\",\"contentUrl\":\"https:\/\/proventuss.eu\/wp-content\/uploads\/2022\/04\/CH.jpg\",\"width\":591,\"height\":591},{\"@type\":\"BreadcrumbList\",\"@id\":\"https:\/\/proventuss.eu\/cs\/produkt\/siderise-ch\/#breadcrumb\",\"itemListElement\":[{\"@type\":\"ListItem\",\"position\":1,\"name\":\"Home\",\"item\":\"https:\/\/proventuss.eu\/\"},{\"@type\":\"ListItem\",\"position\":2,\"name\":\"Produkty\",\"item\":\"https:\/\/proventuss.eu\/produkty\/\"},{\"@type\":\"ListItem\",\"position\":3,\"name\":\"SIDERISE CH\"}]},{\"@type\":\"WebSite\",\"@id\":\"https:\/\/proventuss.eu\/#website\",\"url\":\"https:\/\/proventuss.eu\/\",\"name\":\"Proventuss\",\"description\":\"\",\"potentialAction\":[{\"@type\":\"SearchAction\",\"target\":{\"@type\":\"EntryPoint\",\"urlTemplate\":\"https:\/\/proventuss.eu\/?s={search_term_string}\"},\"query-input\":\"required name=search_term_string\"}],\"inLanguage\":\"cs\"}]}<\/script>\n<!-- \/ Yoast SEO plugin. -->","yoast_head_json":{"title":"SIDERISE CH - Proventuss","robots":{"index":"index","follow":"follow","max-snippet":"max-snippet:-1","max-image-preview":"max-image-preview:large","max-video-preview":"max-video-preview:-1"},"canonical":"https:\/\/proventuss.eu\/cs\/produkt\/siderise-ch\/","og_locale":"cs_CZ","og_type":"article","og_title":"SIDERISE CH - Proventuss","og_description":"Pou\u017e\u00edv\u00e1 se v obvodov\u00e9m pl\u00e1\u0161ti budov pro poskytnut\u00ed pru\u017en\u00e9 a ov\u011b\u0159en\u00e9 protipo\u017e\u00e1rn\u00ed odolnosti. Testov\u00e1no dle EN 1366-4 a\u017e do 2 hodin protipo\u017e\u00e1rn\u00ed odolnosti. V\u00ddHODY: \u2022 Klasifikov\u00e1no \u2018A1\u2019 dle EN 13501-1 \u2022 Testov\u00e1no v \u010detn\u00fdch syst\u00e9mov\u00fdch testech dle BS 8414 a NFPA 285. Tvo\u0159\u00ed \u201eplnov\u00fdpl\u0148ovou\u201d protipo\u017e\u00e1rn\u00ed bari\u00e9ru pro aplikace extern\u00edch obklad\u016f a bylo testov\u00e1no dle nejnov\u011bj\u0161\u00edch [&hellip;]","og_url":"https:\/\/proventuss.eu\/cs\/produkt\/siderise-ch\/","og_site_name":"Proventuss","og_image":[{"width":591,"height":591,"url":"https:\/\/proventuss.eu\/wp-content\/uploads\/2022\/04\/CH.jpg","type":"image\/jpeg"}],"twitter_card":"summary_large_image","twitter_misc":{"Odhadovan\u00e1 doba \u010dten\u00ed":"1 minuta"},"schema":{"@context":"https:\/\/schema.org","@graph":[{"@type":"WebPage","@id":"https:\/\/proventuss.eu\/cs\/produkt\/siderise-ch\/","url":"https:\/\/proventuss.eu\/cs\/produkt\/siderise-ch\/","name":"SIDERISE CH - Proventuss","isPartOf":{"@id":"https:\/\/proventuss.eu\/#website"},"primaryImageOfPage":{"@id":"https:\/\/proventuss.eu\/cs\/produkt\/siderise-ch\/#primaryimage"},"image":{"@id":"https:\/\/proventuss.eu\/cs\/produkt\/siderise-ch\/#primaryimage"},"thumbnailUrl":"https:\/\/proventuss.eu\/wp-content\/uploads\/2022\/04\/CH.jpg","datePublished":"2022-04-26T09:51:00+00:00","dateModified":"2022-04-26T09:51:00+00:00","breadcrumb":{"@id":"https:\/\/proventuss.eu\/cs\/produkt\/siderise-ch\/#breadcrumb"},"inLanguage":"cs","potentialAction":[{"@type":"ReadAction","target":["https:\/\/proventuss.eu\/cs\/produkt\/siderise-ch\/"]}]},{"@type":"ImageObject","inLanguage":"cs","@id":"https:\/\/proventuss.eu\/cs\/produkt\/siderise-ch\/#primaryimage","url":"https:\/\/proventuss.eu\/wp-content\/uploads\/2022\/04\/CH.jpg","contentUrl":"https:\/\/proventuss.eu\/wp-content\/uploads\/2022\/04\/CH.jpg","width":591,"height":591},{"@type":"BreadcrumbList","@id":"https:\/\/proventuss.eu\/cs\/produkt\/siderise-ch\/#breadcrumb","itemListElement":[{"@type":"ListItem","position":1,"name":"Home","item":"https:\/\/proventuss.eu\/"},{"@type":"ListItem","position":2,"name":"Produkty","item":"https:\/\/proventuss.eu\/produkty\/"},{"@type":"ListItem","position":3,"name":"SIDERISE CH"}]},{"@type":"WebSite","@id":"https:\/\/proventuss.eu\/#website","url":"https:\/\/proventuss.eu\/","name":"Proventuss","description":"","potentialAction":[{"@type":"SearchAction","target":{"@type":"EntryPoint","urlTemplate":"https:\/\/proventuss.eu\/?s={search_term_string}"},"query-input":"required name=search_term_string"}],"inLanguage":"cs"}]}},"_links":{"self":[{"href":"https:\/\/proventuss.eu\/cs\/wp-json\/wp\/v2\/product\/6534"}],"collection":[{"href":"https:\/\/proventuss.eu\/cs\/wp-json\/wp\/v2\/product"}],"about":[{"href":"https:\/\/proventuss.eu\/cs\/wp-json\/wp\/v2\/types\/product"}],"replies":[{"embeddable":true,"href":"https:\/\/proventuss.eu\/cs\/wp-json\/wp\/v2\/comments?post=6534"}],"wp:featuredmedia":[{"embeddable":true,"href":"https:\/\/proventuss.eu\/cs\/wp-json\/wp\/v2\/media\/6050"}],"wp:attachment":[{"href":"https:\/\/proventuss.eu\/cs\/wp-json\/wp\/v2\/media?parent=6534"}],"wp:term":[{"taxonomy":"product_cat","embeddable":true,"href":"https:\/\/proventuss.eu\/cs\/wp-json\/wp\/v2\/product_cat?post=6534"},{"taxonomy":"product_tag","embeddable":true,"href":"https:\/\/proventuss.eu\/cs\/wp-json\/wp\/v2\/product_tag?post=6534"}],"curies":[{"name":"wp","href":"https:\/\/api.w.org\/{rel}","templated":true}]}}