{"id":6533,"date":"2022-04-26T09:49:31","date_gmt":"2022-04-26T09:49:31","guid":{"rendered":"https:\/\/proventuss.eu\/produkt\/siderise-lgs\/"},"modified":"2022-04-26T09:49:31","modified_gmt":"2022-04-26T09:49:31","slug":"siderise-lgs","status":"publish","type":"product","link":"https:\/\/proventuss.eu\/cs\/produkt\/siderise-lgs\/","title":{"rendered":"SIDERISE LGS"},"content":{"rendered":"<p>Ut\u011bsn\u011bn\u00ed line\u00e1rn\u00edch sp\u00e1r SIDERISE LGS Linear Gap Seals jsou pru\u017en\u00e9, vod\u011b odoln\u00e9, intumescentn\u00ed t\u011bsn\u00edc\u00ed \u0161\u0148\u016fry, kter\u00e9 p\u0159i vystaven\u00ed teplu expanduj\u00ed. Poskytuj\u00ed univerz\u00e1ln\u00ed zp\u016fsob t\u011bsn\u011bn\u00ed spoj\u016f mezi prvky budovy proti pr\u016fniku po\u017e\u00e1ru.<\/p>\n<p><strong>V\u00ddHODY:<\/strong><br \/>\n\u2022 A\u017e 2 hodiny soudr\u017enosti v ohni<br \/>\n\u2022 Schv\u00e1leno t\u0159et\u00ed stranou: CF 5386<br \/>\n\u2022 Rychl\u00e1 a snadn\u00e1 instalace<br \/>\n\u2022 Dovoluje struktur\u00e1ln\u00ed pohyby +\/- 25%.<\/p>\n<p>Stla\u010diteln\u00e9 p\u011bnov\u00e9 j\u00e1dro kompenzuje r\u016fzn\u00e9 tlou\u0161\u0165ky sp\u00e1ry tak, aby umo\u017enilo konstruk\u010dn\u00ed pohyby a z\u00e1rove\u0148 spl\u0148uje po\u017eadavky na ut\u011bsn\u011bn\u00ed proti kou\u0159i a tepeln\u00e9 a akustick\u00e9 vlastnosti. Standardn\u00ed rozm\u011bry jsou dostupn\u00e9 pro sp\u00e1ry a\u017e do \u0161\u00ed\u0159ky 150 mm a poskytuj\u00ed 2-hodinovou protipo\u017e\u00e1rn\u00ed ochranu. Materi\u00e1l lze rovn\u011b\u017e pou\u017e\u00edt jako efektivn\u00ed a p\u0159izp\u016fsobivou protipo\u017e\u00e1rn\u00ed ochranu kabelov\u00fdch kan\u00e1l\u016f &#8211; umo\u017e\u0148uje instalaci dal\u0161\u00edch kabel\u016f.<\/p>\n","protected":false},"excerpt":{"rendered":"<p>Ut\u011bsn\u011bn\u00ed line\u00e1rn\u00edch sp\u00e1r SIDERISE LGS Linear Gap Seals jsou pru\u017en\u00e9, vod\u011b odoln\u00e9, intumescentn\u00ed t\u011bsn\u00edc\u00ed \u0161\u0148\u016fry, kter\u00e9 p\u0159i vystaven\u00ed teplu expanduj\u00ed. Poskytuj\u00ed univerz\u00e1ln\u00ed zp\u016fsob t\u011bsn\u011bn\u00ed spoj\u016f mezi prvky budovy proti pr\u016fniku po\u017e\u00e1ru. V\u00ddHODY: \u2022 A\u017e 2 hodiny soudr\u017enosti v ohni \u2022 Schv\u00e1leno t\u0159et\u00ed stranou: CF 5386 \u2022 Rychl\u00e1 a snadn\u00e1 instalace \u2022 Dovoluje struktur\u00e1ln\u00ed pohyby +\/- [&hellip;]<\/p>\n","protected":false},"featured_media":6059,"comment_status":"open","ping_status":"closed","template":"","meta":{"_acf_changed":false},"product_cat":[320],"product_tag":[],"acf":[],"yoast_head":"<!-- This site is optimized with the Yoast SEO plugin v22.9 - https:\/\/yoast.com\/wordpress\/plugins\/seo\/ -->\n<title>SIDERISE LGS - Proventuss<\/title>\n<meta name=\"robots\" content=\"index, follow, max-snippet:-1, max-image-preview:large, max-video-preview:-1\" \/>\n<link rel=\"canonical\" href=\"https:\/\/proventuss.eu\/cs\/produkt\/siderise-lgs\/\" \/>\n<meta property=\"og:locale\" content=\"cs_CZ\" \/>\n<meta property=\"og:type\" content=\"article\" \/>\n<meta property=\"og:title\" content=\"SIDERISE LGS - Proventuss\" \/>\n<meta property=\"og:description\" content=\"Ut\u011bsn\u011bn\u00ed line\u00e1rn\u00edch sp\u00e1r SIDERISE LGS Linear Gap Seals jsou pru\u017en\u00e9, vod\u011b odoln\u00e9, intumescentn\u00ed t\u011bsn\u00edc\u00ed \u0161\u0148\u016fry, kter\u00e9 p\u0159i vystaven\u00ed teplu expanduj\u00ed. Poskytuj\u00ed univerz\u00e1ln\u00ed zp\u016fsob t\u011bsn\u011bn\u00ed spoj\u016f mezi prvky budovy proti pr\u016fniku po\u017e\u00e1ru. V\u00ddHODY: \u2022 A\u017e 2 hodiny soudr\u017enosti v ohni \u2022 Schv\u00e1leno t\u0159et\u00ed stranou: CF 5386 \u2022 Rychl\u00e1 a snadn\u00e1 instalace \u2022 Dovoluje struktur\u00e1ln\u00ed pohyby +\/- [&hellip;]\" \/>\n<meta property=\"og:url\" content=\"https:\/\/proventuss.eu\/cs\/produkt\/siderise-lgs\/\" \/>\n<meta property=\"og:site_name\" content=\"Proventuss\" \/>\n<meta property=\"og:image\" content=\"https:\/\/proventuss.eu\/wp-content\/uploads\/2022\/04\/LGS.jpg\" \/>\n\t<meta property=\"og:image:width\" content=\"756\" \/>\n\t<meta property=\"og:image:height\" content=\"756\" \/>\n\t<meta property=\"og:image:type\" content=\"image\/jpeg\" \/>\n<meta name=\"twitter:card\" content=\"summary_large_image\" \/>\n<meta name=\"twitter:label1\" content=\"Odhadovan\u00e1 doba \u010dten\u00ed\" \/>\n\t<meta name=\"twitter:data1\" content=\"1 minuta\" \/>\n<script type=\"application\/ld+json\" class=\"yoast-schema-graph\">{\"@context\":\"https:\/\/schema.org\",\"@graph\":[{\"@type\":\"WebPage\",\"@id\":\"https:\/\/proventuss.eu\/cs\/produkt\/siderise-lgs\/\",\"url\":\"https:\/\/proventuss.eu\/cs\/produkt\/siderise-lgs\/\",\"name\":\"SIDERISE LGS - Proventuss\",\"isPartOf\":{\"@id\":\"https:\/\/proventuss.eu\/#website\"},\"primaryImageOfPage\":{\"@id\":\"https:\/\/proventuss.eu\/cs\/produkt\/siderise-lgs\/#primaryimage\"},\"image\":{\"@id\":\"https:\/\/proventuss.eu\/cs\/produkt\/siderise-lgs\/#primaryimage\"},\"thumbnailUrl\":\"https:\/\/proventuss.eu\/wp-content\/uploads\/2022\/04\/LGS.jpg\",\"datePublished\":\"2022-04-26T09:49:31+00:00\",\"dateModified\":\"2022-04-26T09:49:31+00:00\",\"breadcrumb\":{\"@id\":\"https:\/\/proventuss.eu\/cs\/produkt\/siderise-lgs\/#breadcrumb\"},\"inLanguage\":\"cs\",\"potentialAction\":[{\"@type\":\"ReadAction\",\"target\":[\"https:\/\/proventuss.eu\/cs\/produkt\/siderise-lgs\/\"]}]},{\"@type\":\"ImageObject\",\"inLanguage\":\"cs\",\"@id\":\"https:\/\/proventuss.eu\/cs\/produkt\/siderise-lgs\/#primaryimage\",\"url\":\"https:\/\/proventuss.eu\/wp-content\/uploads\/2022\/04\/LGS.jpg\",\"contentUrl\":\"https:\/\/proventuss.eu\/wp-content\/uploads\/2022\/04\/LGS.jpg\",\"width\":756,\"height\":756},{\"@type\":\"BreadcrumbList\",\"@id\":\"https:\/\/proventuss.eu\/cs\/produkt\/siderise-lgs\/#breadcrumb\",\"itemListElement\":[{\"@type\":\"ListItem\",\"position\":1,\"name\":\"Home\",\"item\":\"https:\/\/proventuss.eu\/\"},{\"@type\":\"ListItem\",\"position\":2,\"name\":\"Produkty\",\"item\":\"https:\/\/proventuss.eu\/produkty\/\"},{\"@type\":\"ListItem\",\"position\":3,\"name\":\"SIDERISE LGS\"}]},{\"@type\":\"WebSite\",\"@id\":\"https:\/\/proventuss.eu\/#website\",\"url\":\"https:\/\/proventuss.eu\/\",\"name\":\"Proventuss\",\"description\":\"\",\"potentialAction\":[{\"@type\":\"SearchAction\",\"target\":{\"@type\":\"EntryPoint\",\"urlTemplate\":\"https:\/\/proventuss.eu\/?s={search_term_string}\"},\"query-input\":\"required name=search_term_string\"}],\"inLanguage\":\"cs\"}]}<\/script>\n<!-- \/ Yoast SEO plugin. -->","yoast_head_json":{"title":"SIDERISE LGS - Proventuss","robots":{"index":"index","follow":"follow","max-snippet":"max-snippet:-1","max-image-preview":"max-image-preview:large","max-video-preview":"max-video-preview:-1"},"canonical":"https:\/\/proventuss.eu\/cs\/produkt\/siderise-lgs\/","og_locale":"cs_CZ","og_type":"article","og_title":"SIDERISE LGS - Proventuss","og_description":"Ut\u011bsn\u011bn\u00ed line\u00e1rn\u00edch sp\u00e1r SIDERISE LGS Linear Gap Seals jsou pru\u017en\u00e9, vod\u011b odoln\u00e9, intumescentn\u00ed t\u011bsn\u00edc\u00ed \u0161\u0148\u016fry, kter\u00e9 p\u0159i vystaven\u00ed teplu expanduj\u00ed. Poskytuj\u00ed univerz\u00e1ln\u00ed zp\u016fsob t\u011bsn\u011bn\u00ed spoj\u016f mezi prvky budovy proti pr\u016fniku po\u017e\u00e1ru. V\u00ddHODY: \u2022 A\u017e 2 hodiny soudr\u017enosti v ohni \u2022 Schv\u00e1leno t\u0159et\u00ed stranou: CF 5386 \u2022 Rychl\u00e1 a snadn\u00e1 instalace \u2022 Dovoluje struktur\u00e1ln\u00ed pohyby +\/- [&hellip;]","og_url":"https:\/\/proventuss.eu\/cs\/produkt\/siderise-lgs\/","og_site_name":"Proventuss","og_image":[{"width":756,"height":756,"url":"https:\/\/proventuss.eu\/wp-content\/uploads\/2022\/04\/LGS.jpg","type":"image\/jpeg"}],"twitter_card":"summary_large_image","twitter_misc":{"Odhadovan\u00e1 doba \u010dten\u00ed":"1 minuta"},"schema":{"@context":"https:\/\/schema.org","@graph":[{"@type":"WebPage","@id":"https:\/\/proventuss.eu\/cs\/produkt\/siderise-lgs\/","url":"https:\/\/proventuss.eu\/cs\/produkt\/siderise-lgs\/","name":"SIDERISE LGS - Proventuss","isPartOf":{"@id":"https:\/\/proventuss.eu\/#website"},"primaryImageOfPage":{"@id":"https:\/\/proventuss.eu\/cs\/produkt\/siderise-lgs\/#primaryimage"},"image":{"@id":"https:\/\/proventuss.eu\/cs\/produkt\/siderise-lgs\/#primaryimage"},"thumbnailUrl":"https:\/\/proventuss.eu\/wp-content\/uploads\/2022\/04\/LGS.jpg","datePublished":"2022-04-26T09:49:31+00:00","dateModified":"2022-04-26T09:49:31+00:00","breadcrumb":{"@id":"https:\/\/proventuss.eu\/cs\/produkt\/siderise-lgs\/#breadcrumb"},"inLanguage":"cs","potentialAction":[{"@type":"ReadAction","target":["https:\/\/proventuss.eu\/cs\/produkt\/siderise-lgs\/"]}]},{"@type":"ImageObject","inLanguage":"cs","@id":"https:\/\/proventuss.eu\/cs\/produkt\/siderise-lgs\/#primaryimage","url":"https:\/\/proventuss.eu\/wp-content\/uploads\/2022\/04\/LGS.jpg","contentUrl":"https:\/\/proventuss.eu\/wp-content\/uploads\/2022\/04\/LGS.jpg","width":756,"height":756},{"@type":"BreadcrumbList","@id":"https:\/\/proventuss.eu\/cs\/produkt\/siderise-lgs\/#breadcrumb","itemListElement":[{"@type":"ListItem","position":1,"name":"Home","item":"https:\/\/proventuss.eu\/"},{"@type":"ListItem","position":2,"name":"Produkty","item":"https:\/\/proventuss.eu\/produkty\/"},{"@type":"ListItem","position":3,"name":"SIDERISE LGS"}]},{"@type":"WebSite","@id":"https:\/\/proventuss.eu\/#website","url":"https:\/\/proventuss.eu\/","name":"Proventuss","description":"","potentialAction":[{"@type":"SearchAction","target":{"@type":"EntryPoint","urlTemplate":"https:\/\/proventuss.eu\/?s={search_term_string}"},"query-input":"required name=search_term_string"}],"inLanguage":"cs"}]}},"_links":{"self":[{"href":"https:\/\/proventuss.eu\/cs\/wp-json\/wp\/v2\/product\/6533"}],"collection":[{"href":"https:\/\/proventuss.eu\/cs\/wp-json\/wp\/v2\/product"}],"about":[{"href":"https:\/\/proventuss.eu\/cs\/wp-json\/wp\/v2\/types\/product"}],"replies":[{"embeddable":true,"href":"https:\/\/proventuss.eu\/cs\/wp-json\/wp\/v2\/comments?post=6533"}],"wp:featuredmedia":[{"embeddable":true,"href":"https:\/\/proventuss.eu\/cs\/wp-json\/wp\/v2\/media\/6059"}],"wp:attachment":[{"href":"https:\/\/proventuss.eu\/cs\/wp-json\/wp\/v2\/media?parent=6533"}],"wp:term":[{"taxonomy":"product_cat","embeddable":true,"href":"https:\/\/proventuss.eu\/cs\/wp-json\/wp\/v2\/product_cat?post=6533"},{"taxonomy":"product_tag","embeddable":true,"href":"https:\/\/proventuss.eu\/cs\/wp-json\/wp\/v2\/product_tag?post=6533"}],"curies":[{"name":"wp","href":"https:\/\/api.w.org\/{rel}","templated":true}]}}