{"id":6532,"date":"2022-04-26T09:47:36","date_gmt":"2022-04-26T09:47:36","guid":{"rendered":"https:\/\/proventuss.eu\/produkt\/siderise-cw-fb\/"},"modified":"2022-04-26T09:47:36","modified_gmt":"2022-04-26T09:47:36","slug":"siderise-cw-fb","status":"publish","type":"product","link":"https:\/\/proventuss.eu\/cs\/produkt\/siderise-cw-fb\/","title":{"rendered":"SIDERISE CW-FB"},"content":{"rendered":"<p>Fas\u00e1dn\u00ed protipo\u017e\u00e1rn\u00ed deska Curtain Wall Fireboard je deska z t\u011b\u017ek\u00e9 miner\u00e1ln\u00ed vlny<\/p>\n<p>Deska z t\u011b\u017ek\u00e9 miner\u00e1ln\u00ed vlny speci\u00e1ln\u011b navr\u017een\u00e1 pro poskytnut\u00ed vysok\u00e9 \u00farovn\u011b<br \/>\nkonstruk\u010dn\u00ed protipo\u017e\u00e1rn\u00ed ochrany.<\/p>\n<p><strong>V\u00ddHODY:<\/strong><br \/>\n\u2022 Chr\u00e1n\u00ed sloupy a p\u0159\u00ed\u010dkyProtects mullions and transoms<br \/>\n\u2022 Maximalizuje stabilitu a soudr\u017enost r\u00e1mov\u00fdch prvk\u016f a parapetn\u00edch konstrukc\u00ed<br \/>\n\u2022 Schv\u00e1len\u00fd design, kter\u00fd roz\u0161i\u0159uje stupe\u0148 ochrany stropn\u00ed desky a\u017e k obvodov\u00e9 zdi<br \/>\n\u2022 Pln\u011b testov\u00e1no dle EN 1364-4: 2014 a certifikov\u00e1no a\u017e po REI210<br \/>\n\u2022 Vlastnosti vedouc\u00ed trh<\/p>\n<p>SIDERISE CW-FB fas\u00e1dn\u00ed protipo\u017e\u00e1rn\u00ed deska tvo\u0159\u00ed \u010d\u00e1st protipo\u017e\u00e1rn\u00ed ochrany obvodov\u00e9ho pl\u00e1\u0161t\u011b a parapetn\u00edho z\u00f3nov\u00e9ho ochrann\u00e9ho syst\u00e9mu pro pou\u017eit\u00ed s protipo\u017e\u00e1rn\u011b nehodnocen\u00fdmi hlin\u00edkov\u00fdmi fas\u00e1dami. CW-FB a CW-FS (syst\u00e9my obvodov\u00e9 protipo\u017e\u00e1rn\u00ed ochrany), byly spole\u010dn\u011b testov\u00e1ny ve spojen\u00ed s protipo\u017e\u00e1rn\u011b nehodnocen\u00fdmi hlin\u00edkov\u00fdmi mont\u00e1\u017eemi obvodov\u00fdch zd\u00ed pro poskytnut\u00ed v\u016fd\u010d\u00edch protipo\u017e\u00e1rn\u00edch vlastnost\u00ed v kritick\u00e9 z\u00f3n\u011b parapet\u016f.<\/p>\n","protected":false},"excerpt":{"rendered":"<p>Fas\u00e1dn\u00ed protipo\u017e\u00e1rn\u00ed deska Curtain Wall Fireboard je deska z t\u011b\u017ek\u00e9 miner\u00e1ln\u00ed vlny Deska z t\u011b\u017ek\u00e9 miner\u00e1ln\u00ed vlny speci\u00e1ln\u011b navr\u017een\u00e1 pro poskytnut\u00ed vysok\u00e9 \u00farovn\u011b konstruk\u010dn\u00ed protipo\u017e\u00e1rn\u00ed ochrany. V\u00ddHODY: \u2022 Chr\u00e1n\u00ed sloupy a p\u0159\u00ed\u010dkyProtects mullions and transoms \u2022 Maximalizuje stabilitu a soudr\u017enost r\u00e1mov\u00fdch prvk\u016f a parapetn\u00edch konstrukc\u00ed \u2022 Schv\u00e1len\u00fd design, kter\u00fd roz\u0161i\u0159uje stupe\u0148 ochrany stropn\u00ed desky a\u017e [&hellip;]<\/p>\n","protected":false},"featured_media":6056,"comment_status":"open","ping_status":"closed","template":"","meta":{"_acf_changed":false},"product_cat":[320],"product_tag":[],"acf":[],"yoast_head":"<!-- This site is optimized with the Yoast SEO plugin v22.9 - https:\/\/yoast.com\/wordpress\/plugins\/seo\/ -->\n<title>SIDERISE CW-FB - Proventuss<\/title>\n<meta name=\"robots\" content=\"index, follow, max-snippet:-1, max-image-preview:large, max-video-preview:-1\" \/>\n<link rel=\"canonical\" href=\"https:\/\/proventuss.eu\/cs\/produkt\/siderise-cw-fb\/\" \/>\n<meta property=\"og:locale\" content=\"cs_CZ\" \/>\n<meta property=\"og:type\" content=\"article\" \/>\n<meta property=\"og:title\" content=\"SIDERISE CW-FB - Proventuss\" \/>\n<meta property=\"og:description\" content=\"Fas\u00e1dn\u00ed protipo\u017e\u00e1rn\u00ed deska Curtain Wall Fireboard je deska z t\u011b\u017ek\u00e9 miner\u00e1ln\u00ed vlny Deska z t\u011b\u017ek\u00e9 miner\u00e1ln\u00ed vlny speci\u00e1ln\u011b navr\u017een\u00e1 pro poskytnut\u00ed vysok\u00e9 \u00farovn\u011b konstruk\u010dn\u00ed protipo\u017e\u00e1rn\u00ed ochrany. V\u00ddHODY: \u2022 Chr\u00e1n\u00ed sloupy a p\u0159\u00ed\u010dkyProtects mullions and transoms \u2022 Maximalizuje stabilitu a soudr\u017enost r\u00e1mov\u00fdch prvk\u016f a parapetn\u00edch konstrukc\u00ed \u2022 Schv\u00e1len\u00fd design, kter\u00fd roz\u0161i\u0159uje stupe\u0148 ochrany stropn\u00ed desky a\u017e [&hellip;]\" \/>\n<meta property=\"og:url\" content=\"https:\/\/proventuss.eu\/cs\/produkt\/siderise-cw-fb\/\" \/>\n<meta property=\"og:site_name\" content=\"Proventuss\" \/>\n<meta property=\"og:image\" content=\"https:\/\/proventuss.eu\/wp-content\/uploads\/2022\/04\/CW-FS.jpg\" \/>\n\t<meta property=\"og:image:width\" content=\"756\" \/>\n\t<meta property=\"og:image:height\" content=\"756\" \/>\n\t<meta property=\"og:image:type\" content=\"image\/jpeg\" \/>\n<meta name=\"twitter:card\" content=\"summary_large_image\" \/>\n<meta name=\"twitter:label1\" content=\"Odhadovan\u00e1 doba \u010dten\u00ed\" \/>\n\t<meta name=\"twitter:data1\" content=\"1 minuta\" \/>\n<script type=\"application\/ld+json\" class=\"yoast-schema-graph\">{\"@context\":\"https:\/\/schema.org\",\"@graph\":[{\"@type\":\"WebPage\",\"@id\":\"https:\/\/proventuss.eu\/cs\/produkt\/siderise-cw-fb\/\",\"url\":\"https:\/\/proventuss.eu\/cs\/produkt\/siderise-cw-fb\/\",\"name\":\"SIDERISE CW-FB - Proventuss\",\"isPartOf\":{\"@id\":\"https:\/\/proventuss.eu\/#website\"},\"primaryImageOfPage\":{\"@id\":\"https:\/\/proventuss.eu\/cs\/produkt\/siderise-cw-fb\/#primaryimage\"},\"image\":{\"@id\":\"https:\/\/proventuss.eu\/cs\/produkt\/siderise-cw-fb\/#primaryimage\"},\"thumbnailUrl\":\"https:\/\/proventuss.eu\/wp-content\/uploads\/2022\/04\/CW-FS.jpg\",\"datePublished\":\"2022-04-26T09:47:36+00:00\",\"dateModified\":\"2022-04-26T09:47:36+00:00\",\"breadcrumb\":{\"@id\":\"https:\/\/proventuss.eu\/cs\/produkt\/siderise-cw-fb\/#breadcrumb\"},\"inLanguage\":\"cs\",\"potentialAction\":[{\"@type\":\"ReadAction\",\"target\":[\"https:\/\/proventuss.eu\/cs\/produkt\/siderise-cw-fb\/\"]}]},{\"@type\":\"ImageObject\",\"inLanguage\":\"cs\",\"@id\":\"https:\/\/proventuss.eu\/cs\/produkt\/siderise-cw-fb\/#primaryimage\",\"url\":\"https:\/\/proventuss.eu\/wp-content\/uploads\/2022\/04\/CW-FS.jpg\",\"contentUrl\":\"https:\/\/proventuss.eu\/wp-content\/uploads\/2022\/04\/CW-FS.jpg\",\"width\":756,\"height\":756},{\"@type\":\"BreadcrumbList\",\"@id\":\"https:\/\/proventuss.eu\/cs\/produkt\/siderise-cw-fb\/#breadcrumb\",\"itemListElement\":[{\"@type\":\"ListItem\",\"position\":1,\"name\":\"Home\",\"item\":\"https:\/\/proventuss.eu\/\"},{\"@type\":\"ListItem\",\"position\":2,\"name\":\"Produkty\",\"item\":\"https:\/\/proventuss.eu\/produkty\/\"},{\"@type\":\"ListItem\",\"position\":3,\"name\":\"SIDERISE CW-FB\"}]},{\"@type\":\"WebSite\",\"@id\":\"https:\/\/proventuss.eu\/#website\",\"url\":\"https:\/\/proventuss.eu\/\",\"name\":\"Proventuss\",\"description\":\"\",\"potentialAction\":[{\"@type\":\"SearchAction\",\"target\":{\"@type\":\"EntryPoint\",\"urlTemplate\":\"https:\/\/proventuss.eu\/?s={search_term_string}\"},\"query-input\":\"required name=search_term_string\"}],\"inLanguage\":\"cs\"}]}<\/script>\n<!-- \/ Yoast SEO plugin. -->","yoast_head_json":{"title":"SIDERISE CW-FB - Proventuss","robots":{"index":"index","follow":"follow","max-snippet":"max-snippet:-1","max-image-preview":"max-image-preview:large","max-video-preview":"max-video-preview:-1"},"canonical":"https:\/\/proventuss.eu\/cs\/produkt\/siderise-cw-fb\/","og_locale":"cs_CZ","og_type":"article","og_title":"SIDERISE CW-FB - Proventuss","og_description":"Fas\u00e1dn\u00ed protipo\u017e\u00e1rn\u00ed deska Curtain Wall Fireboard je deska z t\u011b\u017ek\u00e9 miner\u00e1ln\u00ed vlny Deska z t\u011b\u017ek\u00e9 miner\u00e1ln\u00ed vlny speci\u00e1ln\u011b navr\u017een\u00e1 pro poskytnut\u00ed vysok\u00e9 \u00farovn\u011b konstruk\u010dn\u00ed protipo\u017e\u00e1rn\u00ed ochrany. V\u00ddHODY: \u2022 Chr\u00e1n\u00ed sloupy a p\u0159\u00ed\u010dkyProtects mullions and transoms \u2022 Maximalizuje stabilitu a soudr\u017enost r\u00e1mov\u00fdch prvk\u016f a parapetn\u00edch konstrukc\u00ed \u2022 Schv\u00e1len\u00fd design, kter\u00fd roz\u0161i\u0159uje stupe\u0148 ochrany stropn\u00ed desky a\u017e [&hellip;]","og_url":"https:\/\/proventuss.eu\/cs\/produkt\/siderise-cw-fb\/","og_site_name":"Proventuss","og_image":[{"width":756,"height":756,"url":"https:\/\/proventuss.eu\/wp-content\/uploads\/2022\/04\/CW-FS.jpg","type":"image\/jpeg"}],"twitter_card":"summary_large_image","twitter_misc":{"Odhadovan\u00e1 doba \u010dten\u00ed":"1 minuta"},"schema":{"@context":"https:\/\/schema.org","@graph":[{"@type":"WebPage","@id":"https:\/\/proventuss.eu\/cs\/produkt\/siderise-cw-fb\/","url":"https:\/\/proventuss.eu\/cs\/produkt\/siderise-cw-fb\/","name":"SIDERISE CW-FB - Proventuss","isPartOf":{"@id":"https:\/\/proventuss.eu\/#website"},"primaryImageOfPage":{"@id":"https:\/\/proventuss.eu\/cs\/produkt\/siderise-cw-fb\/#primaryimage"},"image":{"@id":"https:\/\/proventuss.eu\/cs\/produkt\/siderise-cw-fb\/#primaryimage"},"thumbnailUrl":"https:\/\/proventuss.eu\/wp-content\/uploads\/2022\/04\/CW-FS.jpg","datePublished":"2022-04-26T09:47:36+00:00","dateModified":"2022-04-26T09:47:36+00:00","breadcrumb":{"@id":"https:\/\/proventuss.eu\/cs\/produkt\/siderise-cw-fb\/#breadcrumb"},"inLanguage":"cs","potentialAction":[{"@type":"ReadAction","target":["https:\/\/proventuss.eu\/cs\/produkt\/siderise-cw-fb\/"]}]},{"@type":"ImageObject","inLanguage":"cs","@id":"https:\/\/proventuss.eu\/cs\/produkt\/siderise-cw-fb\/#primaryimage","url":"https:\/\/proventuss.eu\/wp-content\/uploads\/2022\/04\/CW-FS.jpg","contentUrl":"https:\/\/proventuss.eu\/wp-content\/uploads\/2022\/04\/CW-FS.jpg","width":756,"height":756},{"@type":"BreadcrumbList","@id":"https:\/\/proventuss.eu\/cs\/produkt\/siderise-cw-fb\/#breadcrumb","itemListElement":[{"@type":"ListItem","position":1,"name":"Home","item":"https:\/\/proventuss.eu\/"},{"@type":"ListItem","position":2,"name":"Produkty","item":"https:\/\/proventuss.eu\/produkty\/"},{"@type":"ListItem","position":3,"name":"SIDERISE CW-FB"}]},{"@type":"WebSite","@id":"https:\/\/proventuss.eu\/#website","url":"https:\/\/proventuss.eu\/","name":"Proventuss","description":"","potentialAction":[{"@type":"SearchAction","target":{"@type":"EntryPoint","urlTemplate":"https:\/\/proventuss.eu\/?s={search_term_string}"},"query-input":"required name=search_term_string"}],"inLanguage":"cs"}]}},"_links":{"self":[{"href":"https:\/\/proventuss.eu\/cs\/wp-json\/wp\/v2\/product\/6532"}],"collection":[{"href":"https:\/\/proventuss.eu\/cs\/wp-json\/wp\/v2\/product"}],"about":[{"href":"https:\/\/proventuss.eu\/cs\/wp-json\/wp\/v2\/types\/product"}],"replies":[{"embeddable":true,"href":"https:\/\/proventuss.eu\/cs\/wp-json\/wp\/v2\/comments?post=6532"}],"wp:featuredmedia":[{"embeddable":true,"href":"https:\/\/proventuss.eu\/cs\/wp-json\/wp\/v2\/media\/6056"}],"wp:attachment":[{"href":"https:\/\/proventuss.eu\/cs\/wp-json\/wp\/v2\/media?parent=6532"}],"wp:term":[{"taxonomy":"product_cat","embeddable":true,"href":"https:\/\/proventuss.eu\/cs\/wp-json\/wp\/v2\/product_cat?post=6532"},{"taxonomy":"product_tag","embeddable":true,"href":"https:\/\/proventuss.eu\/cs\/wp-json\/wp\/v2\/product_tag?post=6532"}],"curies":[{"name":"wp","href":"https:\/\/api.w.org\/{rel}","templated":true}]}}