{"id":6531,"date":"2022-04-26T09:46:24","date_gmt":"2022-04-26T09:46:24","guid":{"rendered":"https:\/\/proventuss.eu\/produkt\/siderise-cw-fs-curtain-wall-fire-stop\/"},"modified":"2022-04-26T09:46:24","modified_gmt":"2022-04-26T09:46:24","slug":"siderise-cw-fs-curtain-wall-fire-stop","status":"publish","type":"product","link":"https:\/\/proventuss.eu\/cs\/produkt\/siderise-cw-fs-curtain-wall-fire-stop\/","title":{"rendered":"SIDERISE CW-FS (Curtain Wall Fire Stop)"},"content":{"rendered":"<p>\u0158e\u0161en\u00ed ochrany proti ohni, kou\u0159i a hluku pro v\u0161echny architektonick\u00e9 aplikace panelov\u00fdch obklad\u016f. Prim\u00e1rn\u00ed funkce syst\u00e9mu CW je pr\u016fb\u011b\u017en\u011b udr\u017eovat protipo\u017e\u00e1rn\u00ed odolnost ut\u011bsn\u011bn\u00edm mezer mezi podlahov\u00fdmi deskami nebo p\u0159\u00ed\u010dkami a obvodov\u00fdm pl\u00e1\u0161t\u011bm, jak svisle, tak vodorovn\u011b.<\/p>\n<p><strong>V\u00ddHODY:<\/strong><br \/>\n\u2022 \u010c.1 ve Velk\u00e9 Brit\u00e1nii po v\u00edce ne\u017e 30 let<br \/>\n\u2022 \u0158e\u0161en\u00ed ov\u011b\u0159en\u00e1 t\u0159et\u00edmi stranami: certifikace Certifire &amp; Intertek<br \/>\n\u2022 Spl\u0148uje: UK, EU &amp; UAE sm\u011brnice<br \/>\n\u2022 Po\u017e\u00e1rn\u00ed odolnost dle: EN 13501-2 (EN 1364-4, EN 1366-4)<br \/>\n\u2022 Ov\u011b\u0159eno dle EN1364-4 v pr\u016fb\u011bhu po\u017e\u00e1rn\u00edch zkou\u0161ek kumulovan\u00fdch dynamick\u00fdch deformac\u00ed podp\u016frn\u00e9 konstrukce a fas\u00e1dy<br \/>\n\u2022 Klasifikov\u00e1no \u2018A1\u2018 dle: EN 13501-1<br \/>\n\u2022 Vedouc\u00ed tr\u017en\u00ed pozice v po\u017e\u00e1rn\u00ed odolnosti a kou\u0159ov\u00e9m t\u011bsn\u011bn\u00ed<br \/>\n\u2022 Vhodn\u00e9 pro svisl\u00e9 i vodorovn\u00e9 aplikace<br \/>\n\u2022 Pln\u011b ov\u011b\u0159en\u00e9 akustick\u00e9 vlastnosti s dal\u0161\u00edmi dostupn\u00fdmi akustick\u00fdmi dodatky<br \/>\n\u2022 Snadn\u00e1 a rychl\u00e1 instalace<\/p>\n","protected":false},"excerpt":{"rendered":"<p>\u0158e\u0161en\u00ed ochrany proti ohni, kou\u0159i a hluku pro v\u0161echny architektonick\u00e9 aplikace panelov\u00fdch obklad\u016f. Prim\u00e1rn\u00ed funkce syst\u00e9mu CW je pr\u016fb\u011b\u017en\u011b udr\u017eovat protipo\u017e\u00e1rn\u00ed odolnost ut\u011bsn\u011bn\u00edm mezer mezi podlahov\u00fdmi deskami nebo p\u0159\u00ed\u010dkami a obvodov\u00fdm pl\u00e1\u0161t\u011bm, jak svisle, tak vodorovn\u011b. V\u00ddHODY: \u2022 \u010c.1 ve Velk\u00e9 Brit\u00e1nii po v\u00edce ne\u017e 30 let \u2022 \u0158e\u0161en\u00ed ov\u011b\u0159en\u00e1 t\u0159et\u00edmi stranami: certifikace Certifire &amp; [&hellip;]<\/p>\n","protected":false},"featured_media":6056,"comment_status":"open","ping_status":"closed","template":"","meta":{"_acf_changed":false},"product_cat":[320],"product_tag":[],"acf":[],"yoast_head":"<!-- This site is optimized with the Yoast SEO plugin v22.9 - https:\/\/yoast.com\/wordpress\/plugins\/seo\/ -->\n<title>SIDERISE CW-FS (Curtain Wall Fire Stop) - Proventuss<\/title>\n<meta name=\"robots\" content=\"index, follow, max-snippet:-1, max-image-preview:large, max-video-preview:-1\" \/>\n<link rel=\"canonical\" href=\"https:\/\/proventuss.eu\/cs\/produkt\/siderise-cw-fs-curtain-wall-fire-stop\/\" \/>\n<meta property=\"og:locale\" content=\"cs_CZ\" \/>\n<meta property=\"og:type\" content=\"article\" \/>\n<meta property=\"og:title\" content=\"SIDERISE CW-FS (Curtain Wall Fire Stop) - Proventuss\" \/>\n<meta property=\"og:description\" content=\"\u0158e\u0161en\u00ed ochrany proti ohni, kou\u0159i a hluku pro v\u0161echny architektonick\u00e9 aplikace panelov\u00fdch obklad\u016f. Prim\u00e1rn\u00ed funkce syst\u00e9mu CW je pr\u016fb\u011b\u017en\u011b udr\u017eovat protipo\u017e\u00e1rn\u00ed odolnost ut\u011bsn\u011bn\u00edm mezer mezi podlahov\u00fdmi deskami nebo p\u0159\u00ed\u010dkami a obvodov\u00fdm pl\u00e1\u0161t\u011bm, jak svisle, tak vodorovn\u011b. V\u00ddHODY: \u2022 \u010c.1 ve Velk\u00e9 Brit\u00e1nii po v\u00edce ne\u017e 30 let \u2022 \u0158e\u0161en\u00ed ov\u011b\u0159en\u00e1 t\u0159et\u00edmi stranami: certifikace Certifire &amp; [&hellip;]\" \/>\n<meta property=\"og:url\" content=\"https:\/\/proventuss.eu\/cs\/produkt\/siderise-cw-fs-curtain-wall-fire-stop\/\" \/>\n<meta property=\"og:site_name\" content=\"Proventuss\" \/>\n<meta property=\"og:image\" content=\"https:\/\/proventuss.eu\/wp-content\/uploads\/2022\/04\/CW-FS.jpg\" \/>\n\t<meta property=\"og:image:width\" content=\"756\" \/>\n\t<meta property=\"og:image:height\" content=\"756\" \/>\n\t<meta property=\"og:image:type\" content=\"image\/jpeg\" \/>\n<meta name=\"twitter:card\" content=\"summary_large_image\" \/>\n<meta name=\"twitter:label1\" content=\"Odhadovan\u00e1 doba \u010dten\u00ed\" \/>\n\t<meta name=\"twitter:data1\" content=\"1 minuta\" \/>\n<script type=\"application\/ld+json\" class=\"yoast-schema-graph\">{\"@context\":\"https:\/\/schema.org\",\"@graph\":[{\"@type\":\"WebPage\",\"@id\":\"https:\/\/proventuss.eu\/cs\/produkt\/siderise-cw-fs-curtain-wall-fire-stop\/\",\"url\":\"https:\/\/proventuss.eu\/cs\/produkt\/siderise-cw-fs-curtain-wall-fire-stop\/\",\"name\":\"SIDERISE CW-FS (Curtain Wall Fire Stop) - Proventuss\",\"isPartOf\":{\"@id\":\"https:\/\/proventuss.eu\/#website\"},\"primaryImageOfPage\":{\"@id\":\"https:\/\/proventuss.eu\/cs\/produkt\/siderise-cw-fs-curtain-wall-fire-stop\/#primaryimage\"},\"image\":{\"@id\":\"https:\/\/proventuss.eu\/cs\/produkt\/siderise-cw-fs-curtain-wall-fire-stop\/#primaryimage\"},\"thumbnailUrl\":\"https:\/\/proventuss.eu\/wp-content\/uploads\/2022\/04\/CW-FS.jpg\",\"datePublished\":\"2022-04-26T09:46:24+00:00\",\"dateModified\":\"2022-04-26T09:46:24+00:00\",\"breadcrumb\":{\"@id\":\"https:\/\/proventuss.eu\/cs\/produkt\/siderise-cw-fs-curtain-wall-fire-stop\/#breadcrumb\"},\"inLanguage\":\"cs\",\"potentialAction\":[{\"@type\":\"ReadAction\",\"target\":[\"https:\/\/proventuss.eu\/cs\/produkt\/siderise-cw-fs-curtain-wall-fire-stop\/\"]}]},{\"@type\":\"ImageObject\",\"inLanguage\":\"cs\",\"@id\":\"https:\/\/proventuss.eu\/cs\/produkt\/siderise-cw-fs-curtain-wall-fire-stop\/#primaryimage\",\"url\":\"https:\/\/proventuss.eu\/wp-content\/uploads\/2022\/04\/CW-FS.jpg\",\"contentUrl\":\"https:\/\/proventuss.eu\/wp-content\/uploads\/2022\/04\/CW-FS.jpg\",\"width\":756,\"height\":756},{\"@type\":\"BreadcrumbList\",\"@id\":\"https:\/\/proventuss.eu\/cs\/produkt\/siderise-cw-fs-curtain-wall-fire-stop\/#breadcrumb\",\"itemListElement\":[{\"@type\":\"ListItem\",\"position\":1,\"name\":\"Home\",\"item\":\"https:\/\/proventuss.eu\/\"},{\"@type\":\"ListItem\",\"position\":2,\"name\":\"Produkty\",\"item\":\"https:\/\/proventuss.eu\/produkty\/\"},{\"@type\":\"ListItem\",\"position\":3,\"name\":\"SIDERISE CW-FS (Curtain Wall Fire Stop)\"}]},{\"@type\":\"WebSite\",\"@id\":\"https:\/\/proventuss.eu\/#website\",\"url\":\"https:\/\/proventuss.eu\/\",\"name\":\"Proventuss\",\"description\":\"\",\"potentialAction\":[{\"@type\":\"SearchAction\",\"target\":{\"@type\":\"EntryPoint\",\"urlTemplate\":\"https:\/\/proventuss.eu\/?s={search_term_string}\"},\"query-input\":\"required name=search_term_string\"}],\"inLanguage\":\"cs\"}]}<\/script>\n<!-- \/ Yoast SEO plugin. -->","yoast_head_json":{"title":"SIDERISE CW-FS (Curtain Wall Fire Stop) - Proventuss","robots":{"index":"index","follow":"follow","max-snippet":"max-snippet:-1","max-image-preview":"max-image-preview:large","max-video-preview":"max-video-preview:-1"},"canonical":"https:\/\/proventuss.eu\/cs\/produkt\/siderise-cw-fs-curtain-wall-fire-stop\/","og_locale":"cs_CZ","og_type":"article","og_title":"SIDERISE CW-FS (Curtain Wall Fire Stop) - Proventuss","og_description":"\u0158e\u0161en\u00ed ochrany proti ohni, kou\u0159i a hluku pro v\u0161echny architektonick\u00e9 aplikace panelov\u00fdch obklad\u016f. Prim\u00e1rn\u00ed funkce syst\u00e9mu CW je pr\u016fb\u011b\u017en\u011b udr\u017eovat protipo\u017e\u00e1rn\u00ed odolnost ut\u011bsn\u011bn\u00edm mezer mezi podlahov\u00fdmi deskami nebo p\u0159\u00ed\u010dkami a obvodov\u00fdm pl\u00e1\u0161t\u011bm, jak svisle, tak vodorovn\u011b. V\u00ddHODY: \u2022 \u010c.1 ve Velk\u00e9 Brit\u00e1nii po v\u00edce ne\u017e 30 let \u2022 \u0158e\u0161en\u00ed ov\u011b\u0159en\u00e1 t\u0159et\u00edmi stranami: certifikace Certifire &amp; [&hellip;]","og_url":"https:\/\/proventuss.eu\/cs\/produkt\/siderise-cw-fs-curtain-wall-fire-stop\/","og_site_name":"Proventuss","og_image":[{"width":756,"height":756,"url":"https:\/\/proventuss.eu\/wp-content\/uploads\/2022\/04\/CW-FS.jpg","type":"image\/jpeg"}],"twitter_card":"summary_large_image","twitter_misc":{"Odhadovan\u00e1 doba \u010dten\u00ed":"1 minuta"},"schema":{"@context":"https:\/\/schema.org","@graph":[{"@type":"WebPage","@id":"https:\/\/proventuss.eu\/cs\/produkt\/siderise-cw-fs-curtain-wall-fire-stop\/","url":"https:\/\/proventuss.eu\/cs\/produkt\/siderise-cw-fs-curtain-wall-fire-stop\/","name":"SIDERISE CW-FS (Curtain Wall Fire Stop) - Proventuss","isPartOf":{"@id":"https:\/\/proventuss.eu\/#website"},"primaryImageOfPage":{"@id":"https:\/\/proventuss.eu\/cs\/produkt\/siderise-cw-fs-curtain-wall-fire-stop\/#primaryimage"},"image":{"@id":"https:\/\/proventuss.eu\/cs\/produkt\/siderise-cw-fs-curtain-wall-fire-stop\/#primaryimage"},"thumbnailUrl":"https:\/\/proventuss.eu\/wp-content\/uploads\/2022\/04\/CW-FS.jpg","datePublished":"2022-04-26T09:46:24+00:00","dateModified":"2022-04-26T09:46:24+00:00","breadcrumb":{"@id":"https:\/\/proventuss.eu\/cs\/produkt\/siderise-cw-fs-curtain-wall-fire-stop\/#breadcrumb"},"inLanguage":"cs","potentialAction":[{"@type":"ReadAction","target":["https:\/\/proventuss.eu\/cs\/produkt\/siderise-cw-fs-curtain-wall-fire-stop\/"]}]},{"@type":"ImageObject","inLanguage":"cs","@id":"https:\/\/proventuss.eu\/cs\/produkt\/siderise-cw-fs-curtain-wall-fire-stop\/#primaryimage","url":"https:\/\/proventuss.eu\/wp-content\/uploads\/2022\/04\/CW-FS.jpg","contentUrl":"https:\/\/proventuss.eu\/wp-content\/uploads\/2022\/04\/CW-FS.jpg","width":756,"height":756},{"@type":"BreadcrumbList","@id":"https:\/\/proventuss.eu\/cs\/produkt\/siderise-cw-fs-curtain-wall-fire-stop\/#breadcrumb","itemListElement":[{"@type":"ListItem","position":1,"name":"Home","item":"https:\/\/proventuss.eu\/"},{"@type":"ListItem","position":2,"name":"Produkty","item":"https:\/\/proventuss.eu\/produkty\/"},{"@type":"ListItem","position":3,"name":"SIDERISE CW-FS (Curtain Wall Fire Stop)"}]},{"@type":"WebSite","@id":"https:\/\/proventuss.eu\/#website","url":"https:\/\/proventuss.eu\/","name":"Proventuss","description":"","potentialAction":[{"@type":"SearchAction","target":{"@type":"EntryPoint","urlTemplate":"https:\/\/proventuss.eu\/?s={search_term_string}"},"query-input":"required name=search_term_string"}],"inLanguage":"cs"}]}},"_links":{"self":[{"href":"https:\/\/proventuss.eu\/cs\/wp-json\/wp\/v2\/product\/6531"}],"collection":[{"href":"https:\/\/proventuss.eu\/cs\/wp-json\/wp\/v2\/product"}],"about":[{"href":"https:\/\/proventuss.eu\/cs\/wp-json\/wp\/v2\/types\/product"}],"replies":[{"embeddable":true,"href":"https:\/\/proventuss.eu\/cs\/wp-json\/wp\/v2\/comments?post=6531"}],"wp:featuredmedia":[{"embeddable":true,"href":"https:\/\/proventuss.eu\/cs\/wp-json\/wp\/v2\/media\/6056"}],"wp:attachment":[{"href":"https:\/\/proventuss.eu\/cs\/wp-json\/wp\/v2\/media?parent=6531"}],"wp:term":[{"taxonomy":"product_cat","embeddable":true,"href":"https:\/\/proventuss.eu\/cs\/wp-json\/wp\/v2\/product_cat?post=6531"},{"taxonomy":"product_tag","embeddable":true,"href":"https:\/\/proventuss.eu\/cs\/wp-json\/wp\/v2\/product_tag?post=6531"}],"curies":[{"name":"wp","href":"https:\/\/api.w.org\/{rel}","templated":true}]}}