{"id":6529,"date":"2022-04-26T09:41:39","date_gmt":"2022-04-26T09:41:39","guid":{"rendered":"https:\/\/proventuss.eu\/produkt\/va-q-tec-vacuum-insulation-panel\/"},"modified":"2022-04-26T09:41:39","modified_gmt":"2022-04-26T09:41:39","slug":"va-q-tec-vacuum-insulation-panel","status":"publish","type":"product","link":"https:\/\/proventuss.eu\/cs\/produkt\/va-q-tec-vacuum-insulation-panel\/","title":{"rendered":"Va-Q-Tec &#8211; Vacuum Insulation Panel"},"content":{"rendered":"<p><strong>VIP \u2013 VAKUOV\u00c9 IZOLA\u010cN\u00cd PANELY<\/strong> jsou tenk\u00e9 desky s vynikaj\u00edc\u00edmi tepeln\u00fdmi vlastnostmi (velmi mal\u00e1 tepeln\u00e1 vodivost) navr\u017een\u00e9 pro izolaci budov a vyr\u00e1b\u011bn\u00e9 za pou\u017eit\u00ed vakuov\u00e9 technologie. Jsou v\u00edce ne\u017e 10-kr\u00e1t efektivn\u011bj\u0161\u00ed ne\u017e tradi\u010dn\u00ed izola\u010dn\u00ed materi\u00e1ly o stejn\u00e9 tlou\u0161\u0165ce.<\/p>\n<p>Neho\u0159lav\u00e9 j\u00e1dro panelu je slo\u017eeno z mikropor\u00e9zn\u00edho k\u0159emi\u010dit\u00e9ho pr\u00e1\u0161ku a je chr\u00e1n\u011bno neprody\u0161nou f\u00f3li\u00ed p\u0159ed proniknut\u00edm vody a vzduchu. Tato velmi inovativn\u00ed izola\u010dn\u00ed technologie m\u016f\u017ee b\u00fdt vyu\u017eita tam, kde je po\u017eadov\u00e1na d\u016fkladn\u00e1 izolace p\u0159i omezen\u00fdch prostorov\u00fdch podm\u00ednk\u00e1ch a tradi\u010dn\u00ed materi\u00e1ly by nesta\u010dily.<\/p>\n<p><strong>V\u00ddHODY:<\/strong><br \/>\n\u2022 Skv\u011bl\u00e9 tepeln\u011b izola\u010dn\u00ed vlastnosti spolu s minim\u00e1ln\u00ed tlou\u0161\u0165kou<br \/>\n\u2022 Men\u0161\u00ed prostorov\u00e1 n\u00e1ro\u010dnost poskytuje lep\u0161\u00ed vyu\u017eit\u00ed ploch budovy<br \/>\n\u2022 Bez designov\u00fdch omezen\u00ed<br \/>\n\u2022 Modul\u00e1rn\u00ed struktura, r\u016fzn\u00e9 tvary a velikosti v\u010detn\u011b oh\u00fdban\u00fdch prvk\u016f<br \/>\n\u2022 Dlouh\u00e1 \u017eivotnost<\/p>\n<p><strong>APLIKACE:<\/strong><br \/>\n\u2022 Fas\u00e1dy<br \/>\n\u2022 St\u0159echy<br \/>\n\u2022 Zimn\u00ed zahrady<br \/>\n\u2022 Podlahy<br \/>\n\u2022 Stropy<br \/>\n\u2022 Zdi<\/p>\n","protected":false},"excerpt":{"rendered":"<p>VIP \u2013 VAKUOV\u00c9 IZOLA\u010cN\u00cd PANELY jsou tenk\u00e9 desky s vynikaj\u00edc\u00edmi tepeln\u00fdmi vlastnostmi (velmi mal\u00e1 tepeln\u00e1 vodivost) navr\u017een\u00e9 pro izolaci budov a vyr\u00e1b\u011bn\u00e9 za pou\u017eit\u00ed vakuov\u00e9 technologie. Jsou v\u00edce ne\u017e 10-kr\u00e1t efektivn\u011bj\u0161\u00ed ne\u017e tradi\u010dn\u00ed izola\u010dn\u00ed materi\u00e1ly o stejn\u00e9 tlou\u0161\u0165ce. Neho\u0159lav\u00e9 j\u00e1dro panelu je slo\u017eeno z mikropor\u00e9zn\u00edho k\u0159emi\u010dit\u00e9ho pr\u00e1\u0161ku a je chr\u00e1n\u011bno neprody\u0161nou f\u00f3li\u00ed p\u0159ed proniknut\u00edm vody [&hellip;]<\/p>\n","protected":false},"featured_media":5052,"comment_status":"open","ping_status":"closed","template":"","meta":{"_acf_changed":false},"product_cat":[319],"product_tag":[],"acf":[],"yoast_head":"<!-- This site is optimized with the Yoast SEO plugin v22.9 - https:\/\/yoast.com\/wordpress\/plugins\/seo\/ -->\n<title>Va-Q-Tec - Vacuum Insulation Panel - Proventuss<\/title>\n<meta name=\"robots\" content=\"index, follow, max-snippet:-1, max-image-preview:large, max-video-preview:-1\" \/>\n<link rel=\"canonical\" href=\"https:\/\/proventuss.eu\/cs\/produkt\/va-q-tec-vacuum-insulation-panel\/\" \/>\n<meta property=\"og:locale\" content=\"cs_CZ\" \/>\n<meta property=\"og:type\" content=\"article\" \/>\n<meta property=\"og:title\" content=\"Va-Q-Tec - Vacuum Insulation Panel - Proventuss\" \/>\n<meta property=\"og:description\" content=\"VIP \u2013 VAKUOV\u00c9 IZOLA\u010cN\u00cd PANELY jsou tenk\u00e9 desky s vynikaj\u00edc\u00edmi tepeln\u00fdmi vlastnostmi (velmi mal\u00e1 tepeln\u00e1 vodivost) navr\u017een\u00e9 pro izolaci budov a vyr\u00e1b\u011bn\u00e9 za pou\u017eit\u00ed vakuov\u00e9 technologie. Jsou v\u00edce ne\u017e 10-kr\u00e1t efektivn\u011bj\u0161\u00ed ne\u017e tradi\u010dn\u00ed izola\u010dn\u00ed materi\u00e1ly o stejn\u00e9 tlou\u0161\u0165ce. Neho\u0159lav\u00e9 j\u00e1dro panelu je slo\u017eeno z mikropor\u00e9zn\u00edho k\u0159emi\u010dit\u00e9ho pr\u00e1\u0161ku a je chr\u00e1n\u011bno neprody\u0161nou f\u00f3li\u00ed p\u0159ed proniknut\u00edm vody [&hellip;]\" \/>\n<meta property=\"og:url\" content=\"https:\/\/proventuss.eu\/cs\/produkt\/va-q-tec-vacuum-insulation-panel\/\" \/>\n<meta property=\"og:site_name\" content=\"Proventuss\" \/>\n<meta property=\"og:image\" content=\"https:\/\/proventuss.eu\/wp-content\/uploads\/2022\/04\/va-Q-vip_F_GGM_524x336.png\" \/>\n\t<meta property=\"og:image:width\" content=\"524\" \/>\n\t<meta property=\"og:image:height\" content=\"336\" \/>\n\t<meta property=\"og:image:type\" content=\"image\/png\" \/>\n<meta name=\"twitter:card\" content=\"summary_large_image\" \/>\n<meta name=\"twitter:label1\" content=\"Odhadovan\u00e1 doba \u010dten\u00ed\" \/>\n\t<meta name=\"twitter:data1\" content=\"1 minuta\" \/>\n<script type=\"application\/ld+json\" class=\"yoast-schema-graph\">{\"@context\":\"https:\/\/schema.org\",\"@graph\":[{\"@type\":\"WebPage\",\"@id\":\"https:\/\/proventuss.eu\/cs\/produkt\/va-q-tec-vacuum-insulation-panel\/\",\"url\":\"https:\/\/proventuss.eu\/cs\/produkt\/va-q-tec-vacuum-insulation-panel\/\",\"name\":\"Va-Q-Tec - Vacuum Insulation Panel - Proventuss\",\"isPartOf\":{\"@id\":\"https:\/\/proventuss.eu\/#website\"},\"primaryImageOfPage\":{\"@id\":\"https:\/\/proventuss.eu\/cs\/produkt\/va-q-tec-vacuum-insulation-panel\/#primaryimage\"},\"image\":{\"@id\":\"https:\/\/proventuss.eu\/cs\/produkt\/va-q-tec-vacuum-insulation-panel\/#primaryimage\"},\"thumbnailUrl\":\"https:\/\/proventuss.eu\/wp-content\/uploads\/2022\/04\/va-Q-vip_F_GGM_524x336.png\",\"datePublished\":\"2022-04-26T09:41:39+00:00\",\"dateModified\":\"2022-04-26T09:41:39+00:00\",\"breadcrumb\":{\"@id\":\"https:\/\/proventuss.eu\/cs\/produkt\/va-q-tec-vacuum-insulation-panel\/#breadcrumb\"},\"inLanguage\":\"cs\",\"potentialAction\":[{\"@type\":\"ReadAction\",\"target\":[\"https:\/\/proventuss.eu\/cs\/produkt\/va-q-tec-vacuum-insulation-panel\/\"]}]},{\"@type\":\"ImageObject\",\"inLanguage\":\"cs\",\"@id\":\"https:\/\/proventuss.eu\/cs\/produkt\/va-q-tec-vacuum-insulation-panel\/#primaryimage\",\"url\":\"https:\/\/proventuss.eu\/wp-content\/uploads\/2022\/04\/va-Q-vip_F_GGM_524x336.png\",\"contentUrl\":\"https:\/\/proventuss.eu\/wp-content\/uploads\/2022\/04\/va-Q-vip_F_GGM_524x336.png\",\"width\":524,\"height\":336},{\"@type\":\"BreadcrumbList\",\"@id\":\"https:\/\/proventuss.eu\/cs\/produkt\/va-q-tec-vacuum-insulation-panel\/#breadcrumb\",\"itemListElement\":[{\"@type\":\"ListItem\",\"position\":1,\"name\":\"Home\",\"item\":\"https:\/\/proventuss.eu\/\"},{\"@type\":\"ListItem\",\"position\":2,\"name\":\"Produkty\",\"item\":\"https:\/\/proventuss.eu\/produkty\/\"},{\"@type\":\"ListItem\",\"position\":3,\"name\":\"Va-Q-Tec &#8211; Vacuum Insulation Panel\"}]},{\"@type\":\"WebSite\",\"@id\":\"https:\/\/proventuss.eu\/#website\",\"url\":\"https:\/\/proventuss.eu\/\",\"name\":\"Proventuss\",\"description\":\"\",\"potentialAction\":[{\"@type\":\"SearchAction\",\"target\":{\"@type\":\"EntryPoint\",\"urlTemplate\":\"https:\/\/proventuss.eu\/?s={search_term_string}\"},\"query-input\":\"required name=search_term_string\"}],\"inLanguage\":\"cs\"}]}<\/script>\n<!-- \/ Yoast SEO plugin. -->","yoast_head_json":{"title":"Va-Q-Tec - Vacuum Insulation Panel - Proventuss","robots":{"index":"index","follow":"follow","max-snippet":"max-snippet:-1","max-image-preview":"max-image-preview:large","max-video-preview":"max-video-preview:-1"},"canonical":"https:\/\/proventuss.eu\/cs\/produkt\/va-q-tec-vacuum-insulation-panel\/","og_locale":"cs_CZ","og_type":"article","og_title":"Va-Q-Tec - Vacuum Insulation Panel - Proventuss","og_description":"VIP \u2013 VAKUOV\u00c9 IZOLA\u010cN\u00cd PANELY jsou tenk\u00e9 desky s vynikaj\u00edc\u00edmi tepeln\u00fdmi vlastnostmi (velmi mal\u00e1 tepeln\u00e1 vodivost) navr\u017een\u00e9 pro izolaci budov a vyr\u00e1b\u011bn\u00e9 za pou\u017eit\u00ed vakuov\u00e9 technologie. Jsou v\u00edce ne\u017e 10-kr\u00e1t efektivn\u011bj\u0161\u00ed ne\u017e tradi\u010dn\u00ed izola\u010dn\u00ed materi\u00e1ly o stejn\u00e9 tlou\u0161\u0165ce. Neho\u0159lav\u00e9 j\u00e1dro panelu je slo\u017eeno z mikropor\u00e9zn\u00edho k\u0159emi\u010dit\u00e9ho pr\u00e1\u0161ku a je chr\u00e1n\u011bno neprody\u0161nou f\u00f3li\u00ed p\u0159ed proniknut\u00edm vody [&hellip;]","og_url":"https:\/\/proventuss.eu\/cs\/produkt\/va-q-tec-vacuum-insulation-panel\/","og_site_name":"Proventuss","og_image":[{"width":524,"height":336,"url":"https:\/\/proventuss.eu\/wp-content\/uploads\/2022\/04\/va-Q-vip_F_GGM_524x336.png","type":"image\/png"}],"twitter_card":"summary_large_image","twitter_misc":{"Odhadovan\u00e1 doba \u010dten\u00ed":"1 minuta"},"schema":{"@context":"https:\/\/schema.org","@graph":[{"@type":"WebPage","@id":"https:\/\/proventuss.eu\/cs\/produkt\/va-q-tec-vacuum-insulation-panel\/","url":"https:\/\/proventuss.eu\/cs\/produkt\/va-q-tec-vacuum-insulation-panel\/","name":"Va-Q-Tec - Vacuum Insulation Panel - Proventuss","isPartOf":{"@id":"https:\/\/proventuss.eu\/#website"},"primaryImageOfPage":{"@id":"https:\/\/proventuss.eu\/cs\/produkt\/va-q-tec-vacuum-insulation-panel\/#primaryimage"},"image":{"@id":"https:\/\/proventuss.eu\/cs\/produkt\/va-q-tec-vacuum-insulation-panel\/#primaryimage"},"thumbnailUrl":"https:\/\/proventuss.eu\/wp-content\/uploads\/2022\/04\/va-Q-vip_F_GGM_524x336.png","datePublished":"2022-04-26T09:41:39+00:00","dateModified":"2022-04-26T09:41:39+00:00","breadcrumb":{"@id":"https:\/\/proventuss.eu\/cs\/produkt\/va-q-tec-vacuum-insulation-panel\/#breadcrumb"},"inLanguage":"cs","potentialAction":[{"@type":"ReadAction","target":["https:\/\/proventuss.eu\/cs\/produkt\/va-q-tec-vacuum-insulation-panel\/"]}]},{"@type":"ImageObject","inLanguage":"cs","@id":"https:\/\/proventuss.eu\/cs\/produkt\/va-q-tec-vacuum-insulation-panel\/#primaryimage","url":"https:\/\/proventuss.eu\/wp-content\/uploads\/2022\/04\/va-Q-vip_F_GGM_524x336.png","contentUrl":"https:\/\/proventuss.eu\/wp-content\/uploads\/2022\/04\/va-Q-vip_F_GGM_524x336.png","width":524,"height":336},{"@type":"BreadcrumbList","@id":"https:\/\/proventuss.eu\/cs\/produkt\/va-q-tec-vacuum-insulation-panel\/#breadcrumb","itemListElement":[{"@type":"ListItem","position":1,"name":"Home","item":"https:\/\/proventuss.eu\/"},{"@type":"ListItem","position":2,"name":"Produkty","item":"https:\/\/proventuss.eu\/produkty\/"},{"@type":"ListItem","position":3,"name":"Va-Q-Tec &#8211; Vacuum Insulation Panel"}]},{"@type":"WebSite","@id":"https:\/\/proventuss.eu\/#website","url":"https:\/\/proventuss.eu\/","name":"Proventuss","description":"","potentialAction":[{"@type":"SearchAction","target":{"@type":"EntryPoint","urlTemplate":"https:\/\/proventuss.eu\/?s={search_term_string}"},"query-input":"required name=search_term_string"}],"inLanguage":"cs"}]}},"_links":{"self":[{"href":"https:\/\/proventuss.eu\/cs\/wp-json\/wp\/v2\/product\/6529"}],"collection":[{"href":"https:\/\/proventuss.eu\/cs\/wp-json\/wp\/v2\/product"}],"about":[{"href":"https:\/\/proventuss.eu\/cs\/wp-json\/wp\/v2\/types\/product"}],"replies":[{"embeddable":true,"href":"https:\/\/proventuss.eu\/cs\/wp-json\/wp\/v2\/comments?post=6529"}],"wp:featuredmedia":[{"embeddable":true,"href":"https:\/\/proventuss.eu\/cs\/wp-json\/wp\/v2\/media\/5052"}],"wp:attachment":[{"href":"https:\/\/proventuss.eu\/cs\/wp-json\/wp\/v2\/media?parent=6529"}],"wp:term":[{"taxonomy":"product_cat","embeddable":true,"href":"https:\/\/proventuss.eu\/cs\/wp-json\/wp\/v2\/product_cat?post=6529"},{"taxonomy":"product_tag","embeddable":true,"href":"https:\/\/proventuss.eu\/cs\/wp-json\/wp\/v2\/product_tag?post=6529"}],"curies":[{"name":"wp","href":"https:\/\/api.w.org\/{rel}","templated":true}]}}