{"id":6528,"date":"2022-04-26T09:37:29","date_gmt":"2022-04-26T09:37:29","guid":{"rendered":"https:\/\/proventuss.eu\/produkt\/dupont-insta-stik-mp-fc\/"},"modified":"2024-11-27T08:25:13","modified_gmt":"2024-11-27T08:25:13","slug":"dupont-insta-stik-mp-fc","status":"publish","type":"product","link":"https:\/\/proventuss.eu\/cs\/produkt\/dupont-insta-stik-mp-fc\/","title":{"rendered":"DuPont Insta-Stik MP FC"},"content":{"rendered":"<p>Univerz\u00e1ln\u00ed, rychle tuhnouc\u00ed polyuretanov\u00e9 lepidlo s n\u00edzkou rozta\u017enost\u00ed, speci\u00e1ln\u011b vyvinut\u00e9 pro vertik\u00e1ln\u00ed a horizont\u00e1ln\u00ed lepen\u00ed desek nebo obklad\u016f z XPS, EPS, PIR, PUR, miner\u00e1ln\u00ed vlny a s\u00e1drokartonov\u00fdch desek na beton, cihly, om\u00edtku, k\u00e1men, d\u0159evo, kov a bitumeny membr\u00e1ny nebo na netkan\u00e9 b\u00e1zi. Mo\u017enost mont\u00e1\u017ee parapet\u016f a nalepen\u00ed z\u00e1klad\u016f.<\/p>\n<p>V\u00ddHODY:<br \/>\n&#8211; Vysok\u00e1 \u00fa\u010dinnost: plechovka o objemu 750 ml vysta\u010d\u00ed na pokryt\u00ed p\u0159ibli\u017en\u011b 15 m2 plochy.<br \/>\n&#8211; Zlep\u0161uje sou\u010dinitel tepeln\u00e9 izolace fas\u00e1dn\u00edho syst\u00e9mu.<br \/>\n&#8211; \u0160irok\u00fd rozsah tepeln\u00e9 odolnosti: od -40\u00b0C do +100\u00b0C.<br \/>\n&#8211; \u010cist\u00e9 pou\u017eit\u00ed &#8211; nezanech\u00e1v\u00e1 prach ani zbytky b\u011bhem instalace.<br \/>\n&#8211; Rychle tuhnouc\u00ed slo\u017een\u00ed zlep\u0161uje v\u00fdkon na m\u00edst\u011b.<br \/>\n&#8211; Rychl\u00e1 p\u0159\u00edprava a snadn\u00e1 instalace sni\u017euj\u00ed n\u00e1klady na pr\u00e1ci a materi\u00e1l.<br \/>\n&#8211; Poskytuje pevn\u00e9 a odoln\u00e9 spojen\u00ed.<\/p>\n<p>OBAL:<br \/>\nPlechovka: 750 ml<br \/>\nKarton: 12 ks.<\/p>\n","protected":false},"excerpt":{"rendered":"<p>Univerz\u00e1ln\u00ed, rychle tuhnouc\u00ed polyuretanov\u00e9 lepidlo s n\u00edzkou rozta\u017enost\u00ed, speci\u00e1ln\u011b vyvinut\u00e9 pro vertik\u00e1ln\u00ed a horizont\u00e1ln\u00ed lepen\u00ed desek nebo obklad\u016f z XPS, EPS, PIR, PUR, miner\u00e1ln\u00ed vlny a s\u00e1drokartonov\u00fdch desek na beton, cihly, om\u00edtku, k\u00e1men, d\u0159evo, kov a bitumeny membr\u00e1ny nebo na netkan\u00e9 b\u00e1zi. Mo\u017enost mont\u00e1\u017ee parapet\u016f a nalepen\u00ed z\u00e1klad\u016f. V\u00ddHODY: &#8211; Vysok\u00e1 \u00fa\u010dinnost: plechovka o objemu [&hellip;]<\/p>\n","protected":false},"featured_media":6137,"comment_status":"open","ping_status":"closed","template":"","meta":{"_acf_changed":false},"product_cat":[319],"product_tag":[],"acf":[],"yoast_head":"<!-- This site is optimized with the Yoast SEO plugin v22.9 - https:\/\/yoast.com\/wordpress\/plugins\/seo\/ -->\n<title>DuPont Insta-Stik MP FC - Proventuss<\/title>\n<meta name=\"robots\" content=\"index, follow, max-snippet:-1, max-image-preview:large, max-video-preview:-1\" \/>\n<link rel=\"canonical\" href=\"https:\/\/proventuss.eu\/cs\/produkt\/dupont-insta-stik-mp-fc\/\" \/>\n<meta property=\"og:locale\" content=\"cs_CZ\" \/>\n<meta property=\"og:type\" content=\"article\" \/>\n<meta property=\"og:title\" content=\"DuPont Insta-Stik MP FC - Proventuss\" \/>\n<meta property=\"og:description\" content=\"Univerz\u00e1ln\u00ed, rychle tuhnouc\u00ed polyuretanov\u00e9 lepidlo s n\u00edzkou rozta\u017enost\u00ed, speci\u00e1ln\u011b vyvinut\u00e9 pro vertik\u00e1ln\u00ed a horizont\u00e1ln\u00ed lepen\u00ed desek nebo obklad\u016f z XPS, EPS, PIR, PUR, miner\u00e1ln\u00ed vlny a s\u00e1drokartonov\u00fdch desek na beton, cihly, om\u00edtku, k\u00e1men, d\u0159evo, kov a bitumeny membr\u00e1ny nebo na netkan\u00e9 b\u00e1zi. Mo\u017enost mont\u00e1\u017ee parapet\u016f a nalepen\u00ed z\u00e1klad\u016f. V\u00ddHODY: &#8211; Vysok\u00e1 \u00fa\u010dinnost: plechovka o objemu [&hellip;]\" \/>\n<meta property=\"og:url\" content=\"https:\/\/proventuss.eu\/cs\/produkt\/dupont-insta-stik-mp-fc\/\" \/>\n<meta property=\"og:site_name\" content=\"Proventuss\" \/>\n<meta property=\"article:modified_time\" content=\"2024-11-27T08:25:13+00:00\" \/>\n<meta property=\"og:image\" content=\"https:\/\/proventuss.eu\/wp-content\/uploads\/2022\/04\/DuPont-InstStik-Fast-Cure.jpg\" \/>\n\t<meta property=\"og:image:width\" content=\"600\" \/>\n\t<meta property=\"og:image:height\" content=\"600\" \/>\n\t<meta property=\"og:image:type\" content=\"image\/jpeg\" \/>\n<meta name=\"twitter:card\" content=\"summary_large_image\" \/>\n<meta name=\"twitter:label1\" content=\"Odhadovan\u00e1 doba \u010dten\u00ed\" \/>\n\t<meta name=\"twitter:data1\" content=\"2 minuty\" \/>\n<script type=\"application\/ld+json\" class=\"yoast-schema-graph\">{\"@context\":\"https:\/\/schema.org\",\"@graph\":[{\"@type\":\"WebPage\",\"@id\":\"https:\/\/proventuss.eu\/cs\/produkt\/dupont-insta-stik-mp-fc\/\",\"url\":\"https:\/\/proventuss.eu\/cs\/produkt\/dupont-insta-stik-mp-fc\/\",\"name\":\"DuPont Insta-Stik MP FC - Proventuss\",\"isPartOf\":{\"@id\":\"https:\/\/proventuss.eu\/#website\"},\"primaryImageOfPage\":{\"@id\":\"https:\/\/proventuss.eu\/cs\/produkt\/dupont-insta-stik-mp-fc\/#primaryimage\"},\"image\":{\"@id\":\"https:\/\/proventuss.eu\/cs\/produkt\/dupont-insta-stik-mp-fc\/#primaryimage\"},\"thumbnailUrl\":\"https:\/\/proventuss.eu\/wp-content\/uploads\/2022\/04\/DuPont-InstStik-Fast-Cure.jpg\",\"datePublished\":\"2022-04-26T09:37:29+00:00\",\"dateModified\":\"2024-11-27T08:25:13+00:00\",\"breadcrumb\":{\"@id\":\"https:\/\/proventuss.eu\/cs\/produkt\/dupont-insta-stik-mp-fc\/#breadcrumb\"},\"inLanguage\":\"cs\",\"potentialAction\":[{\"@type\":\"ReadAction\",\"target\":[\"https:\/\/proventuss.eu\/cs\/produkt\/dupont-insta-stik-mp-fc\/\"]}]},{\"@type\":\"ImageObject\",\"inLanguage\":\"cs\",\"@id\":\"https:\/\/proventuss.eu\/cs\/produkt\/dupont-insta-stik-mp-fc\/#primaryimage\",\"url\":\"https:\/\/proventuss.eu\/wp-content\/uploads\/2022\/04\/DuPont-InstStik-Fast-Cure.jpg\",\"contentUrl\":\"https:\/\/proventuss.eu\/wp-content\/uploads\/2022\/04\/DuPont-InstStik-Fast-Cure.jpg\",\"width\":600,\"height\":600,\"caption\":\"Na zdj\u0119ciu szybkowi\u0105\u017c\u0105cy klej DuPont\u2122 Insta-Stik MP FC o dobrej przyczepno\u015bci do wielu materia\u0142\u00f3w budowlanych, ogranicza ha\u0142as i wibracje.\"},{\"@type\":\"BreadcrumbList\",\"@id\":\"https:\/\/proventuss.eu\/cs\/produkt\/dupont-insta-stik-mp-fc\/#breadcrumb\",\"itemListElement\":[{\"@type\":\"ListItem\",\"position\":1,\"name\":\"Home\",\"item\":\"https:\/\/proventuss.eu\/\"},{\"@type\":\"ListItem\",\"position\":2,\"name\":\"Produkty\",\"item\":\"https:\/\/proventuss.eu\/produkty\/\"},{\"@type\":\"ListItem\",\"position\":3,\"name\":\"DuPont Insta-Stik MP FC\"}]},{\"@type\":\"WebSite\",\"@id\":\"https:\/\/proventuss.eu\/#website\",\"url\":\"https:\/\/proventuss.eu\/\",\"name\":\"Proventuss\",\"description\":\"\",\"potentialAction\":[{\"@type\":\"SearchAction\",\"target\":{\"@type\":\"EntryPoint\",\"urlTemplate\":\"https:\/\/proventuss.eu\/?s={search_term_string}\"},\"query-input\":\"required name=search_term_string\"}],\"inLanguage\":\"cs\"}]}<\/script>\n<!-- \/ Yoast SEO plugin. -->","yoast_head_json":{"title":"DuPont Insta-Stik MP FC - Proventuss","robots":{"index":"index","follow":"follow","max-snippet":"max-snippet:-1","max-image-preview":"max-image-preview:large","max-video-preview":"max-video-preview:-1"},"canonical":"https:\/\/proventuss.eu\/cs\/produkt\/dupont-insta-stik-mp-fc\/","og_locale":"cs_CZ","og_type":"article","og_title":"DuPont Insta-Stik MP FC - Proventuss","og_description":"Univerz\u00e1ln\u00ed, rychle tuhnouc\u00ed polyuretanov\u00e9 lepidlo s n\u00edzkou rozta\u017enost\u00ed, speci\u00e1ln\u011b vyvinut\u00e9 pro vertik\u00e1ln\u00ed a horizont\u00e1ln\u00ed lepen\u00ed desek nebo obklad\u016f z XPS, EPS, PIR, PUR, miner\u00e1ln\u00ed vlny a s\u00e1drokartonov\u00fdch desek na beton, cihly, om\u00edtku, k\u00e1men, d\u0159evo, kov a bitumeny membr\u00e1ny nebo na netkan\u00e9 b\u00e1zi. Mo\u017enost mont\u00e1\u017ee parapet\u016f a nalepen\u00ed z\u00e1klad\u016f. V\u00ddHODY: &#8211; Vysok\u00e1 \u00fa\u010dinnost: plechovka o objemu [&hellip;]","og_url":"https:\/\/proventuss.eu\/cs\/produkt\/dupont-insta-stik-mp-fc\/","og_site_name":"Proventuss","article_modified_time":"2024-11-27T08:25:13+00:00","og_image":[{"width":600,"height":600,"url":"https:\/\/proventuss.eu\/wp-content\/uploads\/2022\/04\/DuPont-InstStik-Fast-Cure.jpg","type":"image\/jpeg"}],"twitter_card":"summary_large_image","twitter_misc":{"Odhadovan\u00e1 doba \u010dten\u00ed":"2 minuty"},"schema":{"@context":"https:\/\/schema.org","@graph":[{"@type":"WebPage","@id":"https:\/\/proventuss.eu\/cs\/produkt\/dupont-insta-stik-mp-fc\/","url":"https:\/\/proventuss.eu\/cs\/produkt\/dupont-insta-stik-mp-fc\/","name":"DuPont Insta-Stik MP FC - Proventuss","isPartOf":{"@id":"https:\/\/proventuss.eu\/#website"},"primaryImageOfPage":{"@id":"https:\/\/proventuss.eu\/cs\/produkt\/dupont-insta-stik-mp-fc\/#primaryimage"},"image":{"@id":"https:\/\/proventuss.eu\/cs\/produkt\/dupont-insta-stik-mp-fc\/#primaryimage"},"thumbnailUrl":"https:\/\/proventuss.eu\/wp-content\/uploads\/2022\/04\/DuPont-InstStik-Fast-Cure.jpg","datePublished":"2022-04-26T09:37:29+00:00","dateModified":"2024-11-27T08:25:13+00:00","breadcrumb":{"@id":"https:\/\/proventuss.eu\/cs\/produkt\/dupont-insta-stik-mp-fc\/#breadcrumb"},"inLanguage":"cs","potentialAction":[{"@type":"ReadAction","target":["https:\/\/proventuss.eu\/cs\/produkt\/dupont-insta-stik-mp-fc\/"]}]},{"@type":"ImageObject","inLanguage":"cs","@id":"https:\/\/proventuss.eu\/cs\/produkt\/dupont-insta-stik-mp-fc\/#primaryimage","url":"https:\/\/proventuss.eu\/wp-content\/uploads\/2022\/04\/DuPont-InstStik-Fast-Cure.jpg","contentUrl":"https:\/\/proventuss.eu\/wp-content\/uploads\/2022\/04\/DuPont-InstStik-Fast-Cure.jpg","width":600,"height":600,"caption":"Na zdj\u0119ciu szybkowi\u0105\u017c\u0105cy klej DuPont\u2122 Insta-Stik MP FC o dobrej przyczepno\u015bci do wielu materia\u0142\u00f3w budowlanych, ogranicza ha\u0142as i wibracje."},{"@type":"BreadcrumbList","@id":"https:\/\/proventuss.eu\/cs\/produkt\/dupont-insta-stik-mp-fc\/#breadcrumb","itemListElement":[{"@type":"ListItem","position":1,"name":"Home","item":"https:\/\/proventuss.eu\/"},{"@type":"ListItem","position":2,"name":"Produkty","item":"https:\/\/proventuss.eu\/produkty\/"},{"@type":"ListItem","position":3,"name":"DuPont Insta-Stik MP FC"}]},{"@type":"WebSite","@id":"https:\/\/proventuss.eu\/#website","url":"https:\/\/proventuss.eu\/","name":"Proventuss","description":"","potentialAction":[{"@type":"SearchAction","target":{"@type":"EntryPoint","urlTemplate":"https:\/\/proventuss.eu\/?s={search_term_string}"},"query-input":"required name=search_term_string"}],"inLanguage":"cs"}]}},"_links":{"self":[{"href":"https:\/\/proventuss.eu\/cs\/wp-json\/wp\/v2\/product\/6528"}],"collection":[{"href":"https:\/\/proventuss.eu\/cs\/wp-json\/wp\/v2\/product"}],"about":[{"href":"https:\/\/proventuss.eu\/cs\/wp-json\/wp\/v2\/types\/product"}],"replies":[{"embeddable":true,"href":"https:\/\/proventuss.eu\/cs\/wp-json\/wp\/v2\/comments?post=6528"}],"wp:featuredmedia":[{"embeddable":true,"href":"https:\/\/proventuss.eu\/cs\/wp-json\/wp\/v2\/media\/6137"}],"wp:attachment":[{"href":"https:\/\/proventuss.eu\/cs\/wp-json\/wp\/v2\/media?parent=6528"}],"wp:term":[{"taxonomy":"product_cat","embeddable":true,"href":"https:\/\/proventuss.eu\/cs\/wp-json\/wp\/v2\/product_cat?post=6528"},{"taxonomy":"product_tag","embeddable":true,"href":"https:\/\/proventuss.eu\/cs\/wp-json\/wp\/v2\/product_tag?post=6528"}],"curies":[{"name":"wp","href":"https:\/\/api.w.org\/{rel}","templated":true}]}}