{"id":6527,"date":"2022-04-26T09:33:42","date_gmt":"2022-04-26T09:33:42","guid":{"rendered":"https:\/\/proventuss.eu\/produkt\/bituthene\/"},"modified":"2022-04-26T09:33:42","modified_gmt":"2022-04-26T09:33:42","slug":"bituthene","status":"publish","type":"product","link":"https:\/\/proventuss.eu\/cs\/produkt\/bituthene\/","title":{"rendered":"BITUTHENE\u00ae"},"content":{"rendered":"<p>Poch\u016fzn\u00e9 st\u0159echy, inverzn\u00ed ploch\u00e9 st\u0159echy, zelen\u00e9 st\u0159echy a vyv\u00fd\u0161en\u00e9 terasy. Z\u00e1kladov\u00e9 zdi. Tunely, stanice metra a infrastruktura. Pro ka\u017edou z t\u011bchto aplikac\u00ed i pro mnoho dal\u0161\u00edch, existuje v\u00fdrobek BITUTHENE\u00ae vyvinut\u00fd GCP Applied Technologies. HYDROIZOLA\u010cN\u00cd SYST\u00c9M BITUTHENE\u00ae je nejspolehliv\u011bj\u0161\u00ed hydroizola\u010dn\u00ed f\u00f3lie pro dodate\u010dnou izolaci. Jejich \u00fa\u010dinnost byla ov\u011b\u0159ena \u010dasem v nes\u010detn\u00fdch projektech. Trvanliv\u00fd, univerz\u00e1ln\u00ed a snadno aplikovateln\u00fd, hydroizola\u010dn\u00ed syst\u00e9m BITUTHENE\u00ae odvede svou pr\u00e1ci.<\/p>\n<p><strong>V\u00ddHODY:<\/strong><br \/>\n\u2022 Robustn\u00ed f\u00f3lie a speci\u00e1ln\u011b fromulovan\u00e9 lepidlo poskytne maxim\u00e1ln\u00ed ochranu p\u0159ed vodou<br \/>\n\u2022 Ohebn\u00e1, ale siln\u00e1 f\u00f3lie poskytuje schopnost p\u0159eklenout praskliny a pohybuje se s betonem a akomoduje drobn\u00e9 pohyby<br \/>\n\u2022 \u0158\u00edzen\u00e1 tlou\u0161\u0165ka sni\u017euje odchylky<\/p>\n<p>BITUTHENE\u00ae je dostupn\u00fd v mnoha variant\u00e1ch, aby splnil po\u017eadavky Va\u0161eho projektu. Je dod\u00e1van\u00fd jako snadno aplikovateln\u00e1 tabule, m\u016f\u017ee b\u00fdt aplikov\u00e1n p\u0159i n\u00edzk\u00fdch teplot\u00e1ch a\u017e 3,9\u00b0C a m\u016f\u017ee b\u00fdt polo\u017een na r\u016fzn\u00e9 betonov\u00e9 povrchy. Jeho robustn\u00ed hydroizola\u010dn\u00ed vlastnosti, kombinovan\u00e9 se snadnost\u00ed aplikace, p\u0159in\u00e1\u0161ej\u00ed produkt vst\u0159\u00edcn\u00fd k dodavatel\u016fm a p\u0159id\u00e1v\u00e1 hodnotu stavebn\u00edm projekt\u016fm.<\/p>\n","protected":false},"excerpt":{"rendered":"<p>Poch\u016fzn\u00e9 st\u0159echy, inverzn\u00ed ploch\u00e9 st\u0159echy, zelen\u00e9 st\u0159echy a vyv\u00fd\u0161en\u00e9 terasy. Z\u00e1kladov\u00e9 zdi. Tunely, stanice metra a infrastruktura. Pro ka\u017edou z t\u011bchto aplikac\u00ed i pro mnoho dal\u0161\u00edch, existuje v\u00fdrobek BITUTHENE\u00ae vyvinut\u00fd GCP Applied Technologies. HYDROIZOLA\u010cN\u00cd SYST\u00c9M BITUTHENE\u00ae je nejspolehliv\u011bj\u0161\u00ed hydroizola\u010dn\u00ed f\u00f3lie pro dodate\u010dnou izolaci. Jejich \u00fa\u010dinnost byla ov\u011b\u0159ena \u010dasem v nes\u010detn\u00fdch projektech. Trvanliv\u00fd, univerz\u00e1ln\u00ed a snadno [&hellip;]<\/p>\n","protected":false},"featured_media":5055,"comment_status":"open","ping_status":"closed","template":"","meta":{"_acf_changed":false},"product_cat":[15],"product_tag":[],"acf":[],"yoast_head":"<!-- This site is optimized with the Yoast SEO plugin v22.9 - https:\/\/yoast.com\/wordpress\/plugins\/seo\/ -->\n<title>BITUTHENE\u00ae - Proventuss<\/title>\n<meta name=\"robots\" content=\"index, follow, max-snippet:-1, max-image-preview:large, max-video-preview:-1\" \/>\n<link rel=\"canonical\" href=\"https:\/\/proventuss.eu\/cs\/produkt\/bituthene\/\" \/>\n<meta property=\"og:locale\" content=\"cs_CZ\" \/>\n<meta property=\"og:type\" content=\"article\" \/>\n<meta property=\"og:title\" content=\"BITUTHENE\u00ae - Proventuss\" \/>\n<meta property=\"og:description\" content=\"Poch\u016fzn\u00e9 st\u0159echy, inverzn\u00ed ploch\u00e9 st\u0159echy, zelen\u00e9 st\u0159echy a vyv\u00fd\u0161en\u00e9 terasy. Z\u00e1kladov\u00e9 zdi. Tunely, stanice metra a infrastruktura. Pro ka\u017edou z t\u011bchto aplikac\u00ed i pro mnoho dal\u0161\u00edch, existuje v\u00fdrobek BITUTHENE\u00ae vyvinut\u00fd GCP Applied Technologies. HYDROIZOLA\u010cN\u00cd SYST\u00c9M BITUTHENE\u00ae je nejspolehliv\u011bj\u0161\u00ed hydroizola\u010dn\u00ed f\u00f3lie pro dodate\u010dnou izolaci. Jejich \u00fa\u010dinnost byla ov\u011b\u0159ena \u010dasem v nes\u010detn\u00fdch projektech. Trvanliv\u00fd, univerz\u00e1ln\u00ed a snadno [&hellip;]\" \/>\n<meta property=\"og:url\" content=\"https:\/\/proventuss.eu\/cs\/produkt\/bituthene\/\" \/>\n<meta property=\"og:site_name\" content=\"Proventuss\" \/>\n<meta property=\"og:image\" content=\"https:\/\/proventuss.eu\/wp-content\/uploads\/2022\/04\/hydro-bituthene.jpg\" \/>\n\t<meta property=\"og:image:width\" content=\"1024\" \/>\n\t<meta property=\"og:image:height\" content=\"678\" \/>\n\t<meta property=\"og:image:type\" content=\"image\/jpeg\" \/>\n<meta name=\"twitter:card\" content=\"summary_large_image\" \/>\n<meta name=\"twitter:label1\" content=\"Odhadovan\u00e1 doba \u010dten\u00ed\" \/>\n\t<meta name=\"twitter:data1\" content=\"1 minuta\" \/>\n<script type=\"application\/ld+json\" class=\"yoast-schema-graph\">{\"@context\":\"https:\/\/schema.org\",\"@graph\":[{\"@type\":\"WebPage\",\"@id\":\"https:\/\/proventuss.eu\/cs\/produkt\/bituthene\/\",\"url\":\"https:\/\/proventuss.eu\/cs\/produkt\/bituthene\/\",\"name\":\"BITUTHENE\u00ae - Proventuss\",\"isPartOf\":{\"@id\":\"https:\/\/proventuss.eu\/#website\"},\"primaryImageOfPage\":{\"@id\":\"https:\/\/proventuss.eu\/cs\/produkt\/bituthene\/#primaryimage\"},\"image\":{\"@id\":\"https:\/\/proventuss.eu\/cs\/produkt\/bituthene\/#primaryimage\"},\"thumbnailUrl\":\"https:\/\/proventuss.eu\/wp-content\/uploads\/2022\/04\/hydro-bituthene.jpg\",\"datePublished\":\"2022-04-26T09:33:42+00:00\",\"dateModified\":\"2022-04-26T09:33:42+00:00\",\"breadcrumb\":{\"@id\":\"https:\/\/proventuss.eu\/cs\/produkt\/bituthene\/#breadcrumb\"},\"inLanguage\":\"cs\",\"potentialAction\":[{\"@type\":\"ReadAction\",\"target\":[\"https:\/\/proventuss.eu\/cs\/produkt\/bituthene\/\"]}]},{\"@type\":\"ImageObject\",\"inLanguage\":\"cs\",\"@id\":\"https:\/\/proventuss.eu\/cs\/produkt\/bituthene\/#primaryimage\",\"url\":\"https:\/\/proventuss.eu\/wp-content\/uploads\/2022\/04\/hydro-bituthene.jpg\",\"contentUrl\":\"https:\/\/proventuss.eu\/wp-content\/uploads\/2022\/04\/hydro-bituthene.jpg\",\"width\":1024,\"height\":678},{\"@type\":\"BreadcrumbList\",\"@id\":\"https:\/\/proventuss.eu\/cs\/produkt\/bituthene\/#breadcrumb\",\"itemListElement\":[{\"@type\":\"ListItem\",\"position\":1,\"name\":\"Home\",\"item\":\"https:\/\/proventuss.eu\/\"},{\"@type\":\"ListItem\",\"position\":2,\"name\":\"Produkty\",\"item\":\"https:\/\/proventuss.eu\/produkty\/\"},{\"@type\":\"ListItem\",\"position\":3,\"name\":\"BITUTHENE\u00ae\"}]},{\"@type\":\"WebSite\",\"@id\":\"https:\/\/proventuss.eu\/#website\",\"url\":\"https:\/\/proventuss.eu\/\",\"name\":\"Proventuss\",\"description\":\"\",\"potentialAction\":[{\"@type\":\"SearchAction\",\"target\":{\"@type\":\"EntryPoint\",\"urlTemplate\":\"https:\/\/proventuss.eu\/?s={search_term_string}\"},\"query-input\":\"required name=search_term_string\"}],\"inLanguage\":\"cs\"}]}<\/script>\n<!-- \/ Yoast SEO plugin. -->","yoast_head_json":{"title":"BITUTHENE\u00ae - Proventuss","robots":{"index":"index","follow":"follow","max-snippet":"max-snippet:-1","max-image-preview":"max-image-preview:large","max-video-preview":"max-video-preview:-1"},"canonical":"https:\/\/proventuss.eu\/cs\/produkt\/bituthene\/","og_locale":"cs_CZ","og_type":"article","og_title":"BITUTHENE\u00ae - Proventuss","og_description":"Poch\u016fzn\u00e9 st\u0159echy, inverzn\u00ed ploch\u00e9 st\u0159echy, zelen\u00e9 st\u0159echy a vyv\u00fd\u0161en\u00e9 terasy. Z\u00e1kladov\u00e9 zdi. Tunely, stanice metra a infrastruktura. Pro ka\u017edou z t\u011bchto aplikac\u00ed i pro mnoho dal\u0161\u00edch, existuje v\u00fdrobek BITUTHENE\u00ae vyvinut\u00fd GCP Applied Technologies. HYDROIZOLA\u010cN\u00cd SYST\u00c9M BITUTHENE\u00ae je nejspolehliv\u011bj\u0161\u00ed hydroizola\u010dn\u00ed f\u00f3lie pro dodate\u010dnou izolaci. Jejich \u00fa\u010dinnost byla ov\u011b\u0159ena \u010dasem v nes\u010detn\u00fdch projektech. Trvanliv\u00fd, univerz\u00e1ln\u00ed a snadno [&hellip;]","og_url":"https:\/\/proventuss.eu\/cs\/produkt\/bituthene\/","og_site_name":"Proventuss","og_image":[{"width":1024,"height":678,"url":"https:\/\/proventuss.eu\/wp-content\/uploads\/2022\/04\/hydro-bituthene.jpg","type":"image\/jpeg"}],"twitter_card":"summary_large_image","twitter_misc":{"Odhadovan\u00e1 doba \u010dten\u00ed":"1 minuta"},"schema":{"@context":"https:\/\/schema.org","@graph":[{"@type":"WebPage","@id":"https:\/\/proventuss.eu\/cs\/produkt\/bituthene\/","url":"https:\/\/proventuss.eu\/cs\/produkt\/bituthene\/","name":"BITUTHENE\u00ae - Proventuss","isPartOf":{"@id":"https:\/\/proventuss.eu\/#website"},"primaryImageOfPage":{"@id":"https:\/\/proventuss.eu\/cs\/produkt\/bituthene\/#primaryimage"},"image":{"@id":"https:\/\/proventuss.eu\/cs\/produkt\/bituthene\/#primaryimage"},"thumbnailUrl":"https:\/\/proventuss.eu\/wp-content\/uploads\/2022\/04\/hydro-bituthene.jpg","datePublished":"2022-04-26T09:33:42+00:00","dateModified":"2022-04-26T09:33:42+00:00","breadcrumb":{"@id":"https:\/\/proventuss.eu\/cs\/produkt\/bituthene\/#breadcrumb"},"inLanguage":"cs","potentialAction":[{"@type":"ReadAction","target":["https:\/\/proventuss.eu\/cs\/produkt\/bituthene\/"]}]},{"@type":"ImageObject","inLanguage":"cs","@id":"https:\/\/proventuss.eu\/cs\/produkt\/bituthene\/#primaryimage","url":"https:\/\/proventuss.eu\/wp-content\/uploads\/2022\/04\/hydro-bituthene.jpg","contentUrl":"https:\/\/proventuss.eu\/wp-content\/uploads\/2022\/04\/hydro-bituthene.jpg","width":1024,"height":678},{"@type":"BreadcrumbList","@id":"https:\/\/proventuss.eu\/cs\/produkt\/bituthene\/#breadcrumb","itemListElement":[{"@type":"ListItem","position":1,"name":"Home","item":"https:\/\/proventuss.eu\/"},{"@type":"ListItem","position":2,"name":"Produkty","item":"https:\/\/proventuss.eu\/produkty\/"},{"@type":"ListItem","position":3,"name":"BITUTHENE\u00ae"}]},{"@type":"WebSite","@id":"https:\/\/proventuss.eu\/#website","url":"https:\/\/proventuss.eu\/","name":"Proventuss","description":"","potentialAction":[{"@type":"SearchAction","target":{"@type":"EntryPoint","urlTemplate":"https:\/\/proventuss.eu\/?s={search_term_string}"},"query-input":"required name=search_term_string"}],"inLanguage":"cs"}]}},"_links":{"self":[{"href":"https:\/\/proventuss.eu\/cs\/wp-json\/wp\/v2\/product\/6527"}],"collection":[{"href":"https:\/\/proventuss.eu\/cs\/wp-json\/wp\/v2\/product"}],"about":[{"href":"https:\/\/proventuss.eu\/cs\/wp-json\/wp\/v2\/types\/product"}],"replies":[{"embeddable":true,"href":"https:\/\/proventuss.eu\/cs\/wp-json\/wp\/v2\/comments?post=6527"}],"wp:featuredmedia":[{"embeddable":true,"href":"https:\/\/proventuss.eu\/cs\/wp-json\/wp\/v2\/media\/5055"}],"wp:attachment":[{"href":"https:\/\/proventuss.eu\/cs\/wp-json\/wp\/v2\/media?parent=6527"}],"wp:term":[{"taxonomy":"product_cat","embeddable":true,"href":"https:\/\/proventuss.eu\/cs\/wp-json\/wp\/v2\/product_cat?post=6527"},{"taxonomy":"product_tag","embeddable":true,"href":"https:\/\/proventuss.eu\/cs\/wp-json\/wp\/v2\/product_tag?post=6527"}],"curies":[{"name":"wp","href":"https:\/\/api.w.org\/{rel}","templated":true}]}}