{"id":6526,"date":"2022-04-26T09:30:23","date_gmt":"2022-04-26T09:30:23","guid":{"rendered":"https:\/\/proventuss.eu\/produkt\/servidek-servipak\/"},"modified":"2022-04-26T09:30:23","modified_gmt":"2022-04-26T09:30:23","slug":"servidek-servipak","status":"publish","type":"product","link":"https:\/\/proventuss.eu\/cs\/produkt\/servidek-servipak\/","title":{"rendered":"Servidek\u00ae\/Servipak\u00ae"},"content":{"rendered":"<p><strong>TEKUT\u00dd HYDROIZOLA\u010cN\u00cd SYST\u00c9M<\/strong> dvouslo\u017ekov\u00fd zastudena aplikovan\u00fd hydroizola\u010dn\u00ed materi\u00e1l na b\u00e1zi gumy\/asfaltu je navr\u017een pro betonov\u00e9 a ocelov\u00e9 silni\u010dn\u00ed a \u017eelezni\u010dn\u00ed mosty. Servidek\u00ae\/Servipak\u00ae je vhodn\u00fd pro nov\u00e9 a opravn\u00e9 hydroizola\u010dn\u00ed aplikace v mostech s nutnost\u00ed sn\u00ed\u017eit dopravn\u00ed omezen\u00ed.<\/p>\n<p><strong>V\u00ddHODY:<\/strong><br \/>\n\u2022 Tolerantn\u00ed v\u016f\u010di vlhk\u00e9mu povrchu &#8211; \u0161irok\u00e9 \u201e\u201dokno pro po\u010das\u00ed\u201d\u201d p\u0159i aplikaci<br \/>\n\u2022 Elastomerick\u00fd &#8211; bude sn\u00e1\u0161et prask\u00e1n\u00ed v podkladech zp\u016fsoben\u00e9 ohybem nebo smr\u0161\u0165ov\u00e1n\u00edm<br \/>\n\u2022 Vlastnosti p\u0159i n\u00edzk\u00fdch teplot\u00e1ch &#8211; p\u0159ilnavost a flexibilita zachov\u00e1ny p\u0159i provozn\u00edch podm\u00ednk\u00e1ch -40\u00b0C<br \/>\n\u2022 Kritick\u00e1 cesta &#8211; dokon\u010dovac\u00ed pr\u00e1ce mohou b\u00fdt provedeny 4 hodiny po instalaci hydroizolace<br \/>\n\u2022 Bez podkladov\u00e9ho n\u00e1t\u011bru &#8211; hydroizolace SERVIDEK\u00ae je aplikov\u00e1na p\u0159\u00edmo na \u010dist\u00e9 povrchy<br \/>\n\u2022 Snadn\u00e1 aplikace st\u011brkou &#8211; bez specializovan\u00e9ho vybaven\u00ed<br \/>\n\u2022 Robustn\u00ed SERVIPAK\u00ae Ochrann\u00e9 desky &#8211; prevence po\u0161kozen\u00ed f\u00f3lie dal\u0161\u00edmi \u0159emesly a za\u0159\u00edzen\u00edm na nan\u00e1\u0161en\u00ed asfaltu<br \/>\n\u2022 Vhodn\u00e9 pro aplikaci na \u201e\u010derstv\u00e9m\u201d betonu &#8211; v p\u0159\u00edpad\u011b pot\u0159eby m\u016f\u017ee b\u00fdt syst\u00e9m nanesen na \u010derstv\u00e9m betonu, obvykle po 24 hodin\u00e1ch.<br \/>\nRovn\u011b\u017e m\u016f\u017ee slou\u017eit jako vrstva pro zr\u00e1n\u00ed \u010derstv\u00e9ho betonu.<\/p>\n<p><strong>BALEN\u00cd:<\/strong><br \/>\n<strong>SERVIDEK\u00ae<\/strong><br \/>\nV\u011bdro: 20.47 kg + 4.5 kg (Slo\u017eka A + Slo\u017eka B)<\/p>\n<p><strong>SERVIPAK\u00ae:<\/strong><br \/>\nDesky:<br \/>\nServipak\u00ae 3: 3 mm x 1 m x 1.5 m (1.5 m2)<br \/>\nServipak\u00ae 6: 6 mm x 1 m x 1.5 m (1.5 m2)<br \/>\nServipak\u00ae 12: 12 mm x 1 m x 1 m (1 m2)<\/p>\n","protected":false},"excerpt":{"rendered":"<p>TEKUT\u00dd HYDROIZOLA\u010cN\u00cd SYST\u00c9M dvouslo\u017ekov\u00fd zastudena aplikovan\u00fd hydroizola\u010dn\u00ed materi\u00e1l na b\u00e1zi gumy\/asfaltu je navr\u017een pro betonov\u00e9 a ocelov\u00e9 silni\u010dn\u00ed a \u017eelezni\u010dn\u00ed mosty. Servidek\u00ae\/Servipak\u00ae je vhodn\u00fd pro nov\u00e9 a opravn\u00e9 hydroizola\u010dn\u00ed aplikace v mostech s nutnost\u00ed sn\u00ed\u017eit dopravn\u00ed omezen\u00ed. V\u00ddHODY: \u2022 Tolerantn\u00ed v\u016f\u010di vlhk\u00e9mu povrchu &#8211; \u0161irok\u00e9 \u201e\u201dokno pro po\u010das\u00ed\u201d\u201d p\u0159i aplikaci \u2022 Elastomerick\u00fd &#8211; bude sn\u00e1\u0161et [&hellip;]<\/p>\n","protected":false},"featured_media":5058,"comment_status":"open","ping_status":"closed","template":"","meta":{"_acf_changed":false},"product_cat":[15],"product_tag":[],"acf":[],"yoast_head":"<!-- This site is optimized with the Yoast SEO plugin v22.9 - https:\/\/yoast.com\/wordpress\/plugins\/seo\/ -->\n<title>Servidek\u00ae\/Servipak\u00ae - Proventuss<\/title>\n<meta name=\"robots\" content=\"index, follow, max-snippet:-1, max-image-preview:large, max-video-preview:-1\" \/>\n<link rel=\"canonical\" href=\"https:\/\/proventuss.eu\/cs\/produkt\/servidek-servipak\/\" \/>\n<meta property=\"og:locale\" content=\"cs_CZ\" \/>\n<meta property=\"og:type\" content=\"article\" \/>\n<meta property=\"og:title\" content=\"Servidek\u00ae\/Servipak\u00ae - Proventuss\" \/>\n<meta property=\"og:description\" content=\"TEKUT\u00dd HYDROIZOLA\u010cN\u00cd SYST\u00c9M dvouslo\u017ekov\u00fd zastudena aplikovan\u00fd hydroizola\u010dn\u00ed materi\u00e1l na b\u00e1zi gumy\/asfaltu je navr\u017een pro betonov\u00e9 a ocelov\u00e9 silni\u010dn\u00ed a \u017eelezni\u010dn\u00ed mosty. Servidek\u00ae\/Servipak\u00ae je vhodn\u00fd pro nov\u00e9 a opravn\u00e9 hydroizola\u010dn\u00ed aplikace v mostech s nutnost\u00ed sn\u00ed\u017eit dopravn\u00ed omezen\u00ed. V\u00ddHODY: \u2022 Tolerantn\u00ed v\u016f\u010di vlhk\u00e9mu povrchu &#8211; \u0161irok\u00e9 \u201e\u201dokno pro po\u010das\u00ed\u201d\u201d p\u0159i aplikaci \u2022 Elastomerick\u00fd &#8211; bude sn\u00e1\u0161et [&hellip;]\" \/>\n<meta property=\"og:url\" content=\"https:\/\/proventuss.eu\/cs\/produkt\/servidek-servipak\/\" \/>\n<meta property=\"og:site_name\" content=\"Proventuss\" \/>\n<meta property=\"og:image\" content=\"https:\/\/proventuss.eu\/wp-content\/uploads\/2022\/04\/hydro-servepak-servidek.jpg\" \/>\n\t<meta property=\"og:image:width\" content=\"1024\" \/>\n\t<meta property=\"og:image:height\" content=\"683\" \/>\n\t<meta property=\"og:image:type\" content=\"image\/jpeg\" \/>\n<meta name=\"twitter:card\" content=\"summary_large_image\" \/>\n<meta name=\"twitter:label1\" content=\"Odhadovan\u00e1 doba \u010dten\u00ed\" \/>\n\t<meta name=\"twitter:data1\" content=\"1 minuta\" \/>\n<script type=\"application\/ld+json\" class=\"yoast-schema-graph\">{\"@context\":\"https:\/\/schema.org\",\"@graph\":[{\"@type\":\"WebPage\",\"@id\":\"https:\/\/proventuss.eu\/cs\/produkt\/servidek-servipak\/\",\"url\":\"https:\/\/proventuss.eu\/cs\/produkt\/servidek-servipak\/\",\"name\":\"Servidek\u00ae\/Servipak\u00ae - Proventuss\",\"isPartOf\":{\"@id\":\"https:\/\/proventuss.eu\/#website\"},\"primaryImageOfPage\":{\"@id\":\"https:\/\/proventuss.eu\/cs\/produkt\/servidek-servipak\/#primaryimage\"},\"image\":{\"@id\":\"https:\/\/proventuss.eu\/cs\/produkt\/servidek-servipak\/#primaryimage\"},\"thumbnailUrl\":\"https:\/\/proventuss.eu\/wp-content\/uploads\/2022\/04\/hydro-servepak-servidek.jpg\",\"datePublished\":\"2022-04-26T09:30:23+00:00\",\"dateModified\":\"2022-04-26T09:30:23+00:00\",\"breadcrumb\":{\"@id\":\"https:\/\/proventuss.eu\/cs\/produkt\/servidek-servipak\/#breadcrumb\"},\"inLanguage\":\"cs\",\"potentialAction\":[{\"@type\":\"ReadAction\",\"target\":[\"https:\/\/proventuss.eu\/cs\/produkt\/servidek-servipak\/\"]}]},{\"@type\":\"ImageObject\",\"inLanguage\":\"cs\",\"@id\":\"https:\/\/proventuss.eu\/cs\/produkt\/servidek-servipak\/#primaryimage\",\"url\":\"https:\/\/proventuss.eu\/wp-content\/uploads\/2022\/04\/hydro-servepak-servidek.jpg\",\"contentUrl\":\"https:\/\/proventuss.eu\/wp-content\/uploads\/2022\/04\/hydro-servepak-servidek.jpg\",\"width\":1024,\"height\":683},{\"@type\":\"BreadcrumbList\",\"@id\":\"https:\/\/proventuss.eu\/cs\/produkt\/servidek-servipak\/#breadcrumb\",\"itemListElement\":[{\"@type\":\"ListItem\",\"position\":1,\"name\":\"Home\",\"item\":\"https:\/\/proventuss.eu\/\"},{\"@type\":\"ListItem\",\"position\":2,\"name\":\"Produkty\",\"item\":\"https:\/\/proventuss.eu\/produkty\/\"},{\"@type\":\"ListItem\",\"position\":3,\"name\":\"Servidek\u00ae\/Servipak\u00ae\"}]},{\"@type\":\"WebSite\",\"@id\":\"https:\/\/proventuss.eu\/#website\",\"url\":\"https:\/\/proventuss.eu\/\",\"name\":\"Proventuss\",\"description\":\"\",\"potentialAction\":[{\"@type\":\"SearchAction\",\"target\":{\"@type\":\"EntryPoint\",\"urlTemplate\":\"https:\/\/proventuss.eu\/?s={search_term_string}\"},\"query-input\":\"required name=search_term_string\"}],\"inLanguage\":\"cs\"}]}<\/script>\n<!-- \/ Yoast SEO plugin. -->","yoast_head_json":{"title":"Servidek\u00ae\/Servipak\u00ae - Proventuss","robots":{"index":"index","follow":"follow","max-snippet":"max-snippet:-1","max-image-preview":"max-image-preview:large","max-video-preview":"max-video-preview:-1"},"canonical":"https:\/\/proventuss.eu\/cs\/produkt\/servidek-servipak\/","og_locale":"cs_CZ","og_type":"article","og_title":"Servidek\u00ae\/Servipak\u00ae - Proventuss","og_description":"TEKUT\u00dd HYDROIZOLA\u010cN\u00cd SYST\u00c9M dvouslo\u017ekov\u00fd zastudena aplikovan\u00fd hydroizola\u010dn\u00ed materi\u00e1l na b\u00e1zi gumy\/asfaltu je navr\u017een pro betonov\u00e9 a ocelov\u00e9 silni\u010dn\u00ed a \u017eelezni\u010dn\u00ed mosty. Servidek\u00ae\/Servipak\u00ae je vhodn\u00fd pro nov\u00e9 a opravn\u00e9 hydroizola\u010dn\u00ed aplikace v mostech s nutnost\u00ed sn\u00ed\u017eit dopravn\u00ed omezen\u00ed. V\u00ddHODY: \u2022 Tolerantn\u00ed v\u016f\u010di vlhk\u00e9mu povrchu &#8211; \u0161irok\u00e9 \u201e\u201dokno pro po\u010das\u00ed\u201d\u201d p\u0159i aplikaci \u2022 Elastomerick\u00fd &#8211; bude sn\u00e1\u0161et [&hellip;]","og_url":"https:\/\/proventuss.eu\/cs\/produkt\/servidek-servipak\/","og_site_name":"Proventuss","og_image":[{"width":1024,"height":683,"url":"https:\/\/proventuss.eu\/wp-content\/uploads\/2022\/04\/hydro-servepak-servidek.jpg","type":"image\/jpeg"}],"twitter_card":"summary_large_image","twitter_misc":{"Odhadovan\u00e1 doba \u010dten\u00ed":"1 minuta"},"schema":{"@context":"https:\/\/schema.org","@graph":[{"@type":"WebPage","@id":"https:\/\/proventuss.eu\/cs\/produkt\/servidek-servipak\/","url":"https:\/\/proventuss.eu\/cs\/produkt\/servidek-servipak\/","name":"Servidek\u00ae\/Servipak\u00ae - Proventuss","isPartOf":{"@id":"https:\/\/proventuss.eu\/#website"},"primaryImageOfPage":{"@id":"https:\/\/proventuss.eu\/cs\/produkt\/servidek-servipak\/#primaryimage"},"image":{"@id":"https:\/\/proventuss.eu\/cs\/produkt\/servidek-servipak\/#primaryimage"},"thumbnailUrl":"https:\/\/proventuss.eu\/wp-content\/uploads\/2022\/04\/hydro-servepak-servidek.jpg","datePublished":"2022-04-26T09:30:23+00:00","dateModified":"2022-04-26T09:30:23+00:00","breadcrumb":{"@id":"https:\/\/proventuss.eu\/cs\/produkt\/servidek-servipak\/#breadcrumb"},"inLanguage":"cs","potentialAction":[{"@type":"ReadAction","target":["https:\/\/proventuss.eu\/cs\/produkt\/servidek-servipak\/"]}]},{"@type":"ImageObject","inLanguage":"cs","@id":"https:\/\/proventuss.eu\/cs\/produkt\/servidek-servipak\/#primaryimage","url":"https:\/\/proventuss.eu\/wp-content\/uploads\/2022\/04\/hydro-servepak-servidek.jpg","contentUrl":"https:\/\/proventuss.eu\/wp-content\/uploads\/2022\/04\/hydro-servepak-servidek.jpg","width":1024,"height":683},{"@type":"BreadcrumbList","@id":"https:\/\/proventuss.eu\/cs\/produkt\/servidek-servipak\/#breadcrumb","itemListElement":[{"@type":"ListItem","position":1,"name":"Home","item":"https:\/\/proventuss.eu\/"},{"@type":"ListItem","position":2,"name":"Produkty","item":"https:\/\/proventuss.eu\/produkty\/"},{"@type":"ListItem","position":3,"name":"Servidek\u00ae\/Servipak\u00ae"}]},{"@type":"WebSite","@id":"https:\/\/proventuss.eu\/#website","url":"https:\/\/proventuss.eu\/","name":"Proventuss","description":"","potentialAction":[{"@type":"SearchAction","target":{"@type":"EntryPoint","urlTemplate":"https:\/\/proventuss.eu\/?s={search_term_string}"},"query-input":"required name=search_term_string"}],"inLanguage":"cs"}]}},"_links":{"self":[{"href":"https:\/\/proventuss.eu\/cs\/wp-json\/wp\/v2\/product\/6526"}],"collection":[{"href":"https:\/\/proventuss.eu\/cs\/wp-json\/wp\/v2\/product"}],"about":[{"href":"https:\/\/proventuss.eu\/cs\/wp-json\/wp\/v2\/types\/product"}],"replies":[{"embeddable":true,"href":"https:\/\/proventuss.eu\/cs\/wp-json\/wp\/v2\/comments?post=6526"}],"wp:featuredmedia":[{"embeddable":true,"href":"https:\/\/proventuss.eu\/cs\/wp-json\/wp\/v2\/media\/5058"}],"wp:attachment":[{"href":"https:\/\/proventuss.eu\/cs\/wp-json\/wp\/v2\/media?parent=6526"}],"wp:term":[{"taxonomy":"product_cat","embeddable":true,"href":"https:\/\/proventuss.eu\/cs\/wp-json\/wp\/v2\/product_cat?post=6526"},{"taxonomy":"product_tag","embeddable":true,"href":"https:\/\/proventuss.eu\/cs\/wp-json\/wp\/v2\/product_tag?post=6526"}],"curies":[{"name":"wp","href":"https:\/\/api.w.org\/{rel}","templated":true}]}}